{"id":5690,"date":"2020-07-28T08:02:01","date_gmt":"2020-07-28T08:02:01","guid":{"rendered":"https:\/\/lindy.com\/en\/?page_id=5690"},"modified":"2023-12-13T16:06:00","modified_gmt":"2023-12-13T16:06:00","slug":"reach","status":"publish","type":"page","link":"https:\/\/lindy.com\/en\/reach\/","title":{"rendered":"REACH Statements"},"content":{"rendered":"\n<p class=\"has-text-align-center\"><a href=\"https:\/\/lindy.com\/en\/wp-content\/uploads\/sites\/2\/2021\/03\/REACH-LEAD-Statement-2021-MAR-DE.pdf\">REACH Statement EEE DE \/ REACH Statement Deutsch f\u00fcr Elektrische und Elektronik-Produkte<\/a><br><a href=\"https:\/\/lindy.com\/en\/wp-content\/uploads\/sites\/2\/2021\/03\/REACH-LEAD-Statement-2021-MAR-EN.pdf\">REACH Statement EEE EN \/ REACH Statement English for Electric and Electronic Products<\/a><br><a href=\"https:\/\/lindy.com\/en\/wp-content\/uploads\/sites\/2\/2021\/03\/REACH-LEAD-Statement-2021-MAR-FR.pdf\">REACH Statement EEE FR \/ D\u00e9claration REACH en fran\u00e7ais pour les produits \u00e9lectriques et \u00e9lectroniques<\/a><br><a href=\"https:\/\/lindy.com\/en\/wp-content\/uploads\/sites\/2\/2021\/03\/REACH-LEAD-Statement-2021-MAR-IT.pdf\">REACH Statement EEE IT \/ Statement REACH italiano per i prodotti elettrici ed elettronici<\/a><br><a href=\"https:\/\/lindy.com\/en\/wp-content\/uploads\/sites\/2\/2023\/12\/REACH-Statement-EEE-ES-.pdf\">REACH Statement EEE ES \/ Declaraci\u00f3n REACH en espa\u00f1ol para productos el\u00e9ctricos y electr\u00f3nicos<\/a><br><br><\/p>\n\n\n\n<p class=\"has-text-align-center\"><a href=\"https:\/\/lindy.com\/en\/wp-content\/uploads\/sites\/2\/2020\/10\/Reach-Article-33-Statement-2020-Li-cells-DE.pdf\">REACH Statement DE \/ REACH Statement Deutsch f\u00fcr Lithium-Knopfzellen<\/a><br><a href=\"https:\/\/lindy.com\/en\/wp-content\/uploads\/sites\/2\/2020\/10\/REACH-Article-33-Statement-2020-Li-cells-EN.pdf\">REACH Statement EN \/ REACH Statement English for Lithium button cells<\/a><br><a href=\"https:\/\/lindy.com\/en\/wp-content\/uploads\/sites\/2\/2020\/10\/Reach-Article-33-Statement-2020-Li-cells-FR.pdf\">REACH Statement FR \/ D\u00e9claration REACH en fran\u00e7ais pour les piles boutons au Lithium<\/a><br><a href=\"https:\/\/lindy.com\/en\/wp-content\/uploads\/sites\/2\/2020\/10\/Reach-Article-33-Statement-2020-Li-cells-IT.pdf\">REACH Statement IT \/ Statement REACH italiano per per pile a bottone al<\/a> <a href=\"https:\/\/lindy.com\/en\/wp-content\/uploads\/sites\/2\/2020\/10\/Reach-Article-33-Statement-2020-Li-cells-IT.pdf\">Litio<\/a><br><a href=\"https:\/\/lindy.com\/en\/wp-content\/uploads\/sites\/2\/2023\/12\/REACH-Statement-EN-.pdf\">REACH Statement EN \/ Declaraci\u00f3n REACH en espa\u00f1ol para pilas de bot\u00f3n de litio<\/a><\/p>\n","protected":false},"excerpt":{"rendered":"<p>REACH Statement EEE DE \/ REACH Statement Deutsch f\u00fcr Elektrische und Elektronik-ProdukteREACH Statement EEE EN \/ REACH Statement English for Electric and Electronic ProductsREACH Statement EEE FR \/ D\u00e9claration REACH en fran\u00e7ais pour les produits \u00e9lectriques et \u00e9lectroniquesREACH Statement EEE IT \/ Statement REACH italiano per i prodotti elettrici ed elettroniciREACH Statement EEE ES \/ [&hellip;]<\/p>\n","protected":false},"author":10,"featured_media":0,"parent":0,"menu_order":0,"comment_status":"closed","ping_status":"closed","template":"page-templates\/template-universal-page.php","meta":{"_acf_changed":false,"footnotes":""},"class_list":["post-5690","page","type-page","status-publish","hentry"],"acf":[],"yoast_head":"<!-- This site is optimized with the Yoast SEO plugin v26.6 - https:\/\/yoast.com\/wordpress\/plugins\/seo\/ -->\n<title>REACH Statements - Lindy - English<\/title>\n<meta name=\"robots\" content=\"index, follow, max-snippet:-1, max-image-preview:large, max-video-preview:-1\" \/>\n<link rel=\"canonical\" href=\"https:\/\/lindy.com\/en\/reach\/\" \/>\n<meta property=\"og:locale\" content=\"en_US\" \/>\n<meta property=\"og:type\" content=\"article\" \/>\n<meta property=\"og:title\" content=\"REACH Statements - Lindy - English\" \/>\n<meta property=\"og:description\" content=\"REACH Statement EEE DE \/ REACH Statement Deutsch f\u00fcr Elektrische und Elektronik-ProdukteREACH Statement EEE EN \/ REACH Statement English for Electric and Electronic ProductsREACH Statement EEE FR \/ D\u00e9claration REACH en fran\u00e7ais pour les produits \u00e9lectriques et \u00e9lectroniquesREACH Statement EEE IT \/ Statement REACH italiano per i prodotti elettrici ed elettroniciREACH Statement EEE ES \/ [&hellip;]\" \/>\n<meta property=\"og:url\" content=\"https:\/\/lindy.com\/en\/reach\/\" \/>\n<meta property=\"og:site_name\" content=\"Lindy - English\" \/>\n<meta property=\"article:modified_time\" content=\"2023-12-13T16:06:00+00:00\" \/>\n<meta name=\"twitter:card\" content=\"summary_large_image\" \/>\n<meta name=\"twitter:label1\" content=\"Est. reading time\" \/>\n\t<meta name=\"twitter:data1\" content=\"1 minute\" \/>\n<script type=\"application\/ld+json\" class=\"yoast-schema-graph\">{\"@context\":\"https:\/\/schema.org\",\"@graph\":[{\"@type\":\"WebPage\",\"@id\":\"https:\/\/lindy.com\/en\/reach\/\",\"url\":\"https:\/\/lindy.com\/en\/reach\/\",\"name\":\"REACH Statements - Lindy - English\",\"isPartOf\":{\"@id\":\"https:\/\/lindy.com\/en\/#website\"},\"datePublished\":\"2020-07-28T08:02:01+00:00\",\"dateModified\":\"2023-12-13T16:06:00+00:00\",\"breadcrumb\":{\"@id\":\"https:\/\/lindy.com\/en\/reach\/#breadcrumb\"},\"inLanguage\":\"en-US\",\"potentialAction\":[{\"@type\":\"ReadAction\",\"target\":[\"https:\/\/lindy.com\/en\/reach\/\"]}]},{\"@type\":\"BreadcrumbList\",\"@id\":\"https:\/\/lindy.com\/en\/reach\/#breadcrumb\",\"itemListElement\":[{\"@type\":\"ListItem\",\"position\":1,\"name\":\"Home\",\"item\":\"https:\/\/lindy.com\/en\/\"},{\"@type\":\"ListItem\",\"position\":2,\"name\":\"REACH Statements\"}]},{\"@type\":\"WebSite\",\"@id\":\"https:\/\/lindy.com\/en\/#website\",\"url\":\"https:\/\/lindy.com\/en\/\",\"name\":\"Lindy - English\",\"description\":\"Connection Perfection\",\"potentialAction\":[{\"@type\":\"SearchAction\",\"target\":{\"@type\":\"EntryPoint\",\"urlTemplate\":\"https:\/\/lindy.com\/en\/?s={search_term_string}\"},\"query-input\":{\"@type\":\"PropertyValueSpecification\",\"valueRequired\":true,\"valueName\":\"search_term_string\"}}],\"inLanguage\":\"en-US\"}]}<\/script>\n<!-- \/ Yoast SEO plugin. -->","yoast_head_json":{"title":"REACH Statements - Lindy - English","robots":{"index":"index","follow":"follow","max-snippet":"max-snippet:-1","max-image-preview":"max-image-preview:large","max-video-preview":"max-video-preview:-1"},"canonical":"https:\/\/lindy.com\/en\/reach\/","og_locale":"en_US","og_type":"article","og_title":"REACH Statements - Lindy - English","og_description":"REACH Statement EEE DE \/ REACH Statement Deutsch f\u00fcr Elektrische und Elektronik-ProdukteREACH Statement EEE EN \/ REACH Statement English for Electric and Electronic ProductsREACH Statement EEE FR \/ D\u00e9claration REACH en fran\u00e7ais pour les produits \u00e9lectriques et \u00e9lectroniquesREACH Statement EEE IT \/ Statement REACH italiano per i prodotti elettrici ed elettroniciREACH Statement EEE ES \/ [&hellip;]","og_url":"https:\/\/lindy.com\/en\/reach\/","og_site_name":"Lindy - English","article_modified_time":"2023-12-13T16:06:00+00:00","twitter_card":"summary_large_image","twitter_misc":{"Est. reading time":"1 minute"},"schema":{"@context":"https:\/\/schema.org","@graph":[{"@type":"WebPage","@id":"https:\/\/lindy.com\/en\/reach\/","url":"https:\/\/lindy.com\/en\/reach\/","name":"REACH Statements - Lindy - English","isPartOf":{"@id":"https:\/\/lindy.com\/en\/#website"},"datePublished":"2020-07-28T08:02:01+00:00","dateModified":"2023-12-13T16:06:00+00:00","breadcrumb":{"@id":"https:\/\/lindy.com\/en\/reach\/#breadcrumb"},"inLanguage":"en-US","potentialAction":[{"@type":"ReadAction","target":["https:\/\/lindy.com\/en\/reach\/"]}]},{"@type":"BreadcrumbList","@id":"https:\/\/lindy.com\/en\/reach\/#breadcrumb","itemListElement":[{"@type":"ListItem","position":1,"name":"Home","item":"https:\/\/lindy.com\/en\/"},{"@type":"ListItem","position":2,"name":"REACH Statements"}]},{"@type":"WebSite","@id":"https:\/\/lindy.com\/en\/#website","url":"https:\/\/lindy.com\/en\/","name":"Lindy - English","description":"Connection Perfection","potentialAction":[{"@type":"SearchAction","target":{"@type":"EntryPoint","urlTemplate":"https:\/\/lindy.com\/en\/?s={search_term_string}"},"query-input":{"@type":"PropertyValueSpecification","valueRequired":true,"valueName":"search_term_string"}}],"inLanguage":"en-US"}]}},"_links":{"self":[{"href":"https:\/\/lindy.com\/en\/wp-json\/wp\/v2\/pages\/5690","targetHints":{"allow":["GET"]}}],"collection":[{"href":"https:\/\/lindy.com\/en\/wp-json\/wp\/v2\/pages"}],"about":[{"href":"https:\/\/lindy.com\/en\/wp-json\/wp\/v2\/types\/page"}],"author":[{"embeddable":true,"href":"https:\/\/lindy.com\/en\/wp-json\/wp\/v2\/users\/10"}],"replies":[{"embeddable":true,"href":"https:\/\/lindy.com\/en\/wp-json\/wp\/v2\/comments?post=5690"}],"version-history":[{"count":4,"href":"https:\/\/lindy.com\/en\/wp-json\/wp\/v2\/pages\/5690\/revisions"}],"predecessor-version":[{"id":7695,"href":"https:\/\/lindy.com\/en\/wp-json\/wp\/v2\/pages\/5690\/revisions\/7695"}],"wp:attachment":[{"href":"https:\/\/lindy.com\/en\/wp-json\/wp\/v2\/media?parent=5690"}],"curies":[{"name":"wp","href":"https:\/\/api.w.org\/{rel}","templated":true}]}}