{"id":1789,"date":"2018-10-03T10:27:35","date_gmt":"2018-10-03T10:27:35","guid":{"rendered":"https:\/\/lindy.com\/aus\/?post_type=lin-technology&#038;p=1789"},"modified":"2026-01-05T13:33:02","modified_gmt":"2026-01-05T13:33:02","slug":"management","status":"publish","type":"page","link":"https:\/\/lindy.com\/es\/management\/","title":{"rendered":"Global Management"},"content":{"rendered":"\n<section class=\"wp-block-lindy-full-width-image section section--full-width-image full-width-image theme--dark align--left font--size-medium\" style=\"background-image:url(https:\/\/lindy.com\/es\/wp-content\/uploads\/sites\/7\/2025\/09\/Management-Team.jpg)\"><img decoding=\"async\" class=\"full-width-image__image\" src=\"https:\/\/lindy.com\/es\/wp-content\/uploads\/sites\/7\/2025\/09\/Management-Team.jpg\"\/><div class=\"contained\"><div class=\"full-width-image__content\"><h2 class=\"section__heading\"><span><br\/><br\/><br\/><br\/><br\/><br\/><\/span><\/h2><h2 class=\"section__subheading section__subheading__title\"><br\/><\/h2><\/div><\/div><\/section>\n\n\n\n<section class=\"wp-block-lindy-image-text-module section section--full-width-image full-width-image--with-text theme--light section--animation-none align--center  font--size-large\" style=\"background-image:url()\"><img decoding=\"async\" class=\"full-width-image__image\" src=\"\"\/><div class=\"contained\"><div class=\"full-width-image__content\"><h2 class=\"section__heading\"><span>CUATRO FAMILIAS.<\/span><\/h2><h2 class=\"section__subheading section__subheading__title\">UN NEGOCIO.<\/h2><p class=\"section__paragraph\"><br\/>Fundada por Kurt Lindenberg en 1932, hoy en d\u00eda la compa\u00f1\u00eda es propiedad y est\u00e1 administrada por las familias Lindenberg, Casey, Chen y Jamieson.<br\/><br\/>Como empresa familiar, nos encanta compartir nuestra pasi\u00f3n, creatividad y dedicaci\u00f3n. Nuestro objetivo es inspirar a personas de todo el mundo. Tenemos un inter\u00e9s personal en hacer que nuestro negocio sea exitoso. A<br\/>medida que la marca Lindy contin\u00faa expandi\u00e9ndose a nivel mundial, miramos hacia afuera para asegurarnos de que nuestras soluciones satisfagan las necesidades de los clientes. Sin embargo, es igualmente importante reflejar nuestros valores familiares y prometer la misma excelente calidad de servicio y nivel de experiencia t\u00e9cnica que nos ha llevado a donde estamos hoy. Nos preocupamos por crear relaciones duraderas para ayudar a nuestros socios comerciales a dise\u00f1ar soluciones de conectividad incre\u00edbles en todo el mundo.<\/p><\/div><\/div><\/section>\n\n\n\n<section class=\"wp-block-lindy-paragraph-and-images full-width-image--with-text section section--paragraph-image  theme--light font--camber font--size-small\"><div class=\"grid-noBottom-middle-reverse\"><div class=\"col-6_sm-12 full-width-image__content section section--animation-none align--left \"><div class=\"content--animate\"><div class=\"contained\"><h2 class=\"section__heading\"><span> <br\/>PETER LINDENBERG <\/span><\/h2><p class=\"section__paragraph\"><br\/>Como m\u00e9dico en ejercicio, Peter Lindenberg logra alinear su vocaci\u00f3n m\u00e9dica con su rol como director general de Lindy, estableciendo inicialmente la sucursal en Italia. Ha sido parte de la empresa desde 1986 y, junto con su padre Klaus y su hermano J\u00fcrgen Lindenberg, la ha guiado hacia el futuro. Desde hace varios a\u00f1os, ha asumido por completo el rol de director general en Alemania y, adem\u00e1s de todas las cuestiones globales, estrat\u00e9gicas e internacionales, tambi\u00e9n supervisa los departamentos de TI en la sede de Mannheim.<\/p><\/div><\/div><\/div><div class=\"col-6_sm-12 full-width-image--with-text align--left\" style=\"background-image:url(https:\/\/lindy.com\/es\/wp-content\/uploads\/sites\/7\/2024\/08\/Peter_Lindenberg.png)\"><img decoding=\"async\" src=\"https:\/\/lindy.com\/es\/wp-content\/uploads\/sites\/7\/2024\/08\/Peter_Lindenberg.png\"\/><\/div><\/div><\/section>\n\n\n\n<section class=\"wp-block-lindy-paragraph-and-images full-width-image--with-text section section--paragraph-image  theme--light font--camber font--size-small\"><div class=\"grid-noBottom-middle\"><div class=\"col-6_sm-12 full-width-image__content section section--animation-none align--right \"><div class=\"content--animate\"><div class=\"contained\"><h2 class=\"section__heading\"><span> <br\/>DARREN CASEY <\/span><\/h2><p class=\"section__paragraph\"><br\/>Darren sigui\u00f3 los pasos de su padre, Gerry Casey, y se uni\u00f3 al negocio familiar en 1992. Con experiencia en marketing, el papel inicial de Darren fue desarrollar el lado de marketing y marca del negocio. En 1995 se convirti\u00f3 en el MD de Lindy UK. Adem\u00e1s de este rol operativo, tambi\u00e9n supervisa las operaciones de marketing global del grupo Lindy.<br\/><\/p><\/div><\/div><\/div><div class=\"col-6_sm-12 full-width-image--with-text align--right\" style=\"background-image:url(https:\/\/lindy.com\/es\/wp-content\/uploads\/sites\/7\/2024\/08\/Darren-Casey.png)\"><img decoding=\"async\" src=\"https:\/\/lindy.com\/es\/wp-content\/uploads\/sites\/7\/2024\/08\/Darren-Casey.png\"\/><\/div><\/div><\/section>\n\n\n\n<section class=\"wp-block-lindy-paragraph-and-images full-width-image--with-text section section--paragraph-image  theme--light font--camber font--size-small\"><div class=\"grid-noBottom-middle-reverse\"><div class=\"col-6_sm-12 full-width-image__content section section--animation-none align--left \"><div class=\"content--animate\"><div class=\"contained\"><h2 class=\"section__heading\"><span>tony jamieson<\/span><\/h2><p class=\"section__paragraph\"><br\/>Tony encabeza Lindy Australia. De hecho, comenz\u00f3 la operaci\u00f3n australiana desde cero en 2004. Tony es un ejemplo perfecto del esp\u00edritu de poder hacer del pueblo australiano. Tiene una amplia gama de experiencia en comercio electr\u00f3nico, gesti\u00f3n de productos y ventas.<\/p><\/div><\/div><\/div><div class=\"col-6_sm-12 full-width-image--with-text align--left\" style=\"background-image:url(https:\/\/lindy.com\/es\/wp-content\/uploads\/sites\/7\/2024\/08\/Tony-Jamieson.png)\"><img decoding=\"async\" src=\"https:\/\/lindy.com\/es\/wp-content\/uploads\/sites\/7\/2024\/08\/Tony-Jamieson.png\"\/><\/div><\/div><\/section>\n\n\n\n<section class=\"wp-block-lindy-paragraph-and-images full-width-image--with-text section section--paragraph-image  theme--light font--camber font--size-small\"><div class=\"grid-noBottom-middle\"><div class=\"col-6_sm-12 full-width-image__content section section--animation-none align--right \"><div class=\"content--animate\"><div class=\"contained\"><h2 class=\"section__heading\"><span> <br\/>SHEAU CHEN <\/span><\/h2><p class=\"section__paragraph\"><br\/>Sheau es el Director General de Lindy Asia. Este papel le proporciona la responsabilidad de los mercados de Taiwan, Indonesia y Jap\u00f3n. Sheau es un experto l\u00edder en la industria en tecnolog\u00edas de fibra \u00f3ptica. Conocimiento que utiliza con buen efecto en el desarrollo de soluciones de extensi\u00f3n Lindy. Sheau divide su tiempo entre Taiwan y el norte de California, donde actualmente tambi\u00e9n dirige la operaci\u00f3n estadounidense en desarrollo de Lindy..<\/p><\/div><\/div><\/div><div class=\"col-6_sm-12 full-width-image--with-text align--right\" style=\"background-image:url(https:\/\/lindy.com\/es\/wp-content\/uploads\/sites\/7\/2024\/08\/Sheau-Chen.png)\"><img decoding=\"async\" src=\"https:\/\/lindy.com\/es\/wp-content\/uploads\/sites\/7\/2024\/08\/Sheau-Chen.png\"\/><\/div><\/div><\/section>\n\n\n\n<section class=\"wp-block-lindy-paragraph-one-col section section--horizontal-content section--horizontal-content--one-column font--size-small theme--light align--center  section--animation-none\"><div class=\"contained\"><\/div><\/section>\n","protected":false},"excerpt":{"rendered":"","protected":false},"author":12,"featured_media":0,"parent":0,"menu_order":0,"comment_status":"closed","ping_status":"closed","template":"page-templates\/template-landing.php","meta":{"_acf_changed":false,"footnotes":""},"class_list":["post-1789","page","type-page","status-publish","hentry"],"acf":[],"yoast_head":"<!-- This site is optimized with the Yoast SEO plugin v26.6 - https:\/\/yoast.com\/wordpress\/plugins\/seo\/ -->\n<title>Management Team - Lindy Electronics<\/title>\n<meta name=\"description\" content=\"Founded by Kurt Lindenberg in 1932, today the company is owned and managed by the Lindenberg, Casey, Chen and Jamieson families. As a family business, we love to share our passion, creativity and dedication. Find out more about Lindy&#039;s Global Management Team.\" \/>\n<meta name=\"robots\" content=\"index, follow, max-snippet:-1, max-image-preview:large, max-video-preview:-1\" \/>\n<link rel=\"canonical\" href=\"https:\/\/lindy.com\/es\/management\/\" \/>\n<meta property=\"og:locale\" content=\"es_ES\" \/>\n<meta property=\"og:type\" content=\"article\" \/>\n<meta property=\"og:title\" content=\"Management Team - Lindy Electronics\" \/>\n<meta property=\"og:description\" content=\"Founded by Kurt Lindenberg in 1932, today the company is owned and managed by the Lindenberg, Casey, Chen and Jamieson families. As a family business, we love to share our passion, creativity and dedication. Find out more about Lindy&#039;s Global Management Team.\" \/>\n<meta property=\"og:url\" content=\"https:\/\/lindy.com\/es\/management\/\" \/>\n<meta property=\"og:site_name\" content=\"Lindy - Spanish\" \/>\n<meta property=\"article:modified_time\" content=\"2026-01-05T13:33:02+00:00\" \/>\n<meta property=\"og:image\" content=\"https:\/\/lindy.com\/es\/wp-content\/uploads\/sites\/7\/2025\/09\/Management-Team.jpg\" \/>\n<meta name=\"twitter:card\" content=\"summary_large_image\" \/>\n<meta name=\"twitter:label1\" content=\"Tiempo de lectura\" \/>\n\t<meta name=\"twitter:data1\" content=\"4 minutos\" \/>\n<script type=\"application\/ld+json\" class=\"yoast-schema-graph\">{\"@context\":\"https:\/\/schema.org\",\"@graph\":[{\"@type\":\"WebPage\",\"@id\":\"https:\/\/lindy.com\/es\/management\/\",\"url\":\"https:\/\/lindy.com\/es\/management\/\",\"name\":\"Management Team - Lindy Electronics\",\"isPartOf\":{\"@id\":\"https:\/\/lindy.com\/es\/#website\"},\"primaryImageOfPage\":{\"@id\":\"https:\/\/lindy.com\/es\/management\/#primaryimage\"},\"image\":{\"@id\":\"https:\/\/lindy.com\/es\/management\/#primaryimage\"},\"thumbnailUrl\":\"https:\/\/lindy.com\/es\/wp-content\/uploads\/sites\/7\/2025\/09\/Management-Team.jpg\",\"datePublished\":\"2018-10-03T10:27:35+00:00\",\"dateModified\":\"2026-01-05T13:33:02+00:00\",\"description\":\"Founded by Kurt Lindenberg in 1932, today the company is owned and managed by the Lindenberg, Casey, Chen and Jamieson families. As a family business, we love to share our passion, creativity and dedication. Find out more about Lindy's Global Management Team.\",\"breadcrumb\":{\"@id\":\"https:\/\/lindy.com\/es\/management\/#breadcrumb\"},\"inLanguage\":\"es\",\"potentialAction\":[{\"@type\":\"ReadAction\",\"target\":[\"https:\/\/lindy.com\/es\/management\/\"]}]},{\"@type\":\"ImageObject\",\"inLanguage\":\"es\",\"@id\":\"https:\/\/lindy.com\/es\/management\/#primaryimage\",\"url\":\"https:\/\/lindy.com\/es\/wp-content\/uploads\/sites\/7\/2025\/09\/Management-Team.jpg\",\"contentUrl\":\"https:\/\/lindy.com\/es\/wp-content\/uploads\/sites\/7\/2025\/09\/Management-Team.jpg\",\"width\":1920,\"height\":957},{\"@type\":\"BreadcrumbList\",\"@id\":\"https:\/\/lindy.com\/es\/management\/#breadcrumb\",\"itemListElement\":[{\"@type\":\"ListItem\",\"position\":1,\"name\":\"Home\",\"item\":\"https:\/\/lindy.com\/es\/\"},{\"@type\":\"ListItem\",\"position\":2,\"name\":\"Global Management\"}]},{\"@type\":\"WebSite\",\"@id\":\"https:\/\/lindy.com\/es\/#website\",\"url\":\"https:\/\/lindy.com\/es\/\",\"name\":\"Lindy - Spanish\",\"description\":\"Connection Perfection\",\"potentialAction\":[{\"@type\":\"SearchAction\",\"target\":{\"@type\":\"EntryPoint\",\"urlTemplate\":\"https:\/\/lindy.com\/es\/?s={search_term_string}\"},\"query-input\":{\"@type\":\"PropertyValueSpecification\",\"valueRequired\":true,\"valueName\":\"search_term_string\"}}],\"inLanguage\":\"es\"}]}<\/script>\n<!-- \/ Yoast SEO plugin. -->","yoast_head_json":{"title":"Management Team - Lindy Electronics","description":"Founded by Kurt Lindenberg in 1932, today the company is owned and managed by the Lindenberg, Casey, Chen and Jamieson families. As a family business, we love to share our passion, creativity and dedication. Find out more about Lindy's Global Management Team.","robots":{"index":"index","follow":"follow","max-snippet":"max-snippet:-1","max-image-preview":"max-image-preview:large","max-video-preview":"max-video-preview:-1"},"canonical":"https:\/\/lindy.com\/es\/management\/","og_locale":"es_ES","og_type":"article","og_title":"Management Team - Lindy Electronics","og_description":"Founded by Kurt Lindenberg in 1932, today the company is owned and managed by the Lindenberg, Casey, Chen and Jamieson families. As a family business, we love to share our passion, creativity and dedication. Find out more about Lindy's Global Management Team.","og_url":"https:\/\/lindy.com\/es\/management\/","og_site_name":"Lindy - Spanish","article_modified_time":"2026-01-05T13:33:02+00:00","og_image":[{"url":"https:\/\/lindy.com\/es\/wp-content\/uploads\/sites\/7\/2025\/09\/Management-Team.jpg","type":"","width":"","height":""}],"twitter_card":"summary_large_image","twitter_misc":{"Tiempo de lectura":"4 minutos"},"schema":{"@context":"https:\/\/schema.org","@graph":[{"@type":"WebPage","@id":"https:\/\/lindy.com\/es\/management\/","url":"https:\/\/lindy.com\/es\/management\/","name":"Management Team - Lindy Electronics","isPartOf":{"@id":"https:\/\/lindy.com\/es\/#website"},"primaryImageOfPage":{"@id":"https:\/\/lindy.com\/es\/management\/#primaryimage"},"image":{"@id":"https:\/\/lindy.com\/es\/management\/#primaryimage"},"thumbnailUrl":"https:\/\/lindy.com\/es\/wp-content\/uploads\/sites\/7\/2025\/09\/Management-Team.jpg","datePublished":"2018-10-03T10:27:35+00:00","dateModified":"2026-01-05T13:33:02+00:00","description":"Founded by Kurt Lindenberg in 1932, today the company is owned and managed by the Lindenberg, Casey, Chen and Jamieson families. As a family business, we love to share our passion, creativity and dedication. Find out more about Lindy's Global Management Team.","breadcrumb":{"@id":"https:\/\/lindy.com\/es\/management\/#breadcrumb"},"inLanguage":"es","potentialAction":[{"@type":"ReadAction","target":["https:\/\/lindy.com\/es\/management\/"]}]},{"@type":"ImageObject","inLanguage":"es","@id":"https:\/\/lindy.com\/es\/management\/#primaryimage","url":"https:\/\/lindy.com\/es\/wp-content\/uploads\/sites\/7\/2025\/09\/Management-Team.jpg","contentUrl":"https:\/\/lindy.com\/es\/wp-content\/uploads\/sites\/7\/2025\/09\/Management-Team.jpg","width":1920,"height":957},{"@type":"BreadcrumbList","@id":"https:\/\/lindy.com\/es\/management\/#breadcrumb","itemListElement":[{"@type":"ListItem","position":1,"name":"Home","item":"https:\/\/lindy.com\/es\/"},{"@type":"ListItem","position":2,"name":"Global Management"}]},{"@type":"WebSite","@id":"https:\/\/lindy.com\/es\/#website","url":"https:\/\/lindy.com\/es\/","name":"Lindy - Spanish","description":"Connection Perfection","potentialAction":[{"@type":"SearchAction","target":{"@type":"EntryPoint","urlTemplate":"https:\/\/lindy.com\/es\/?s={search_term_string}"},"query-input":{"@type":"PropertyValueSpecification","valueRequired":true,"valueName":"search_term_string"}}],"inLanguage":"es"}]}},"_links":{"self":[{"href":"https:\/\/lindy.com\/es\/wp-json\/wp\/v2\/pages\/1789","targetHints":{"allow":["GET"]}}],"collection":[{"href":"https:\/\/lindy.com\/es\/wp-json\/wp\/v2\/pages"}],"about":[{"href":"https:\/\/lindy.com\/es\/wp-json\/wp\/v2\/types\/page"}],"author":[{"embeddable":true,"href":"https:\/\/lindy.com\/es\/wp-json\/wp\/v2\/users\/12"}],"replies":[{"embeddable":true,"href":"https:\/\/lindy.com\/es\/wp-json\/wp\/v2\/comments?post=1789"}],"version-history":[{"count":8,"href":"https:\/\/lindy.com\/es\/wp-json\/wp\/v2\/pages\/1789\/revisions"}],"predecessor-version":[{"id":9365,"href":"https:\/\/lindy.com\/es\/wp-json\/wp\/v2\/pages\/1789\/revisions\/9365"}],"wp:attachment":[{"href":"https:\/\/lindy.com\/es\/wp-json\/wp\/v2\/media?parent=1789"}],"curies":[{"name":"wp","href":"https:\/\/api.w.org\/{rel}","templated":true}]}}