{"id":6643,"date":"2022-05-04T10:26:50","date_gmt":"2022-05-04T10:26:50","guid":{"rendered":"https:\/\/lindy.com\/es\/?page_id=6643"},"modified":"2022-05-05T11:24:55","modified_gmt":"2022-05-05T11:24:55","slug":"ise-2022-new-2","status":"publish","type":"page","link":"https:\/\/lindy.com\/es\/ise-2022-new-2\/","title":{"rendered":"ISE 2022 new"},"content":{"rendered":"\n<section class=\"wp-block-lindy-image-text-module section section--full-width-image full-width-image--with-text theme--dark section--animation-none align--center  font--size-small\" style=\"background-image:url(https:\/\/lindy.com\/en\/wp-content\/uploads\/sites\/2\/2022\/02\/Highlights.jpg)\"><img decoding=\"async\" class=\"full-width-image__image\" src=\"https:\/\/lindy.com\/en\/wp-content\/uploads\/sites\/2\/2022\/02\/Highlights.jpg\"\/><div class=\"contained\"><div class=\"full-width-image__content\"><p class=\"section__paragraph\"><br\/><br\/><br\/><br\/><br\/><br\/><br\/><br\/><br\/><br\/><br\/><br\/><br\/><br\/>En Lindy ofrecemos soluciones originales a retos que se presentan desde las nuevas tecnolog\u00edas que dan forma a nuestra vida diaria. Nuestros \u00faltimos productos ofrecen una soluci\u00f3n vers\u00e1til y de alto rendimiento para transmitir se\u00f1ales a trav\u00e9s de incluso mayores distancias utilizando las \u00faltimas tecnolog\u00edas disponibles.<br\/><br\/><\/p><\/div><\/div><\/section>\n\n\n\n<section class=\"wp-block-lindy-image-text-module section section--full-width-image full-width-image--with-text theme--dark section--animation-none align--left  font--size-medium width--half\" style=\"background-image:url(https:\/\/lindy.com\/en\/wp-content\/uploads\/sites\/2\/2021\/12\/Sharing-final-HW.jpg)\"><img decoding=\"async\" class=\"full-width-image__image\" src=\"https:\/\/lindy.com\/en\/wp-content\/uploads\/sites\/2\/2021\/12\/Sharing-final-HW.jpg\"\/><div class=\"contained\"><div class=\"full-width-image__content\"><\/div><\/div><\/section>\n\n\n\n<section class=\"wp-block-lindy-image-text-module section section--full-width-image full-width-image--with-text theme--light section--animation-up align--left  font--size-medium width--half\" style=\"background-image:url()\"><img decoding=\"async\" class=\"full-width-image__image\" src=\"\"\/><div class=\"contained\"><div class=\"full-width-image__content\"><h2 class=\"section__heading\"><span>COMPARTIENDO<\/span><\/h2><h2 class=\"section__subheading section__subheading__title\"><br\/><\/h2><p class=\"section__paragraph\">Lindy puede decir orgullosa que dominamos y damos soporte a la conmutaci\u00f3n entre y para tecnolog\u00edas tanto de se\u00f1ales heredadas como punteras en la industria. Ya sean se\u00f1ales anal\u00f3gicas o digitales, VGA, HDMI convencionales o DisplayPort, estamos igualmente familiarizados con todos ellos.<\/p><a href=\"https:\/\/lindy.com\/es\/ise-2022-sharing-2\/\" class=\"button button--dark\" target=\"_self\" rel=\"noopener noreferrer\">Leer m\u00e1s<\/a><\/div><\/div><\/section>\n\n\n\n<section class=\"wp-block-lindy-image-text-module section section--full-width-image full-width-image--with-text theme--light section--animation-up align--left  font--size-medium width--half\" style=\"background-image:url()\"><img decoding=\"async\" class=\"full-width-image__image\" src=\"\"\/><div class=\"contained\"><div class=\"full-width-image__content\"><h2 class=\"section__heading\"><span>EXTENDIENDO<\/span><\/h2><h2 class=\"section__subheading section__subheading__title\"><br\/><\/h2><p class=\"section__paragraph\">Si necesitas soluciones sofisticadas pero elegantes para enlazar mayores distancias, la tecnolog\u00eda de Lindy es el m\u00e9todo de transmisi\u00f3n ideal y probado. Utilizamos nuestros cables y extensores HDMI para implementar conexi\u00f3n virtuales ilimitadas.<\/p><a href=\"https:\/\/lindy.com\/es\/ise-2022-extending-2\/\" class=\"button button--dark\" target=\"_self\" rel=\"noopener noreferrer\">Leer m\u00e1s<\/a><\/div><\/div><\/section>\n\n\n\n<section class=\"wp-block-lindy-image-text-module section section--full-width-image full-width-image--with-text theme--dark section--animation-none align--left  font--size-medium width--half\" style=\"background-image:url(https:\/\/lindy.com\/en\/wp-content\/uploads\/sites\/2\/2021\/12\/Extending-final-HW.jpg)\"><img decoding=\"async\" class=\"full-width-image__image\" src=\"https:\/\/lindy.com\/en\/wp-content\/uploads\/sites\/2\/2021\/12\/Extending-final-HW.jpg\"\/><div class=\"contained\"><div class=\"full-width-image__content\"><\/div><\/div><\/section>\n\n\n\n<section class=\"wp-block-lindy-image-text-module section section--full-width-image full-width-image--with-text theme--dark section--animation-none align--left  font--size-medium width--half\" style=\"background-image:url(https:\/\/lindy.com\/en\/wp-content\/uploads\/sites\/2\/2021\/12\/Converting-final-HW-1.jpg)\"><img decoding=\"async\" class=\"full-width-image__image\" src=\"https:\/\/lindy.com\/en\/wp-content\/uploads\/sites\/2\/2021\/12\/Converting-final-HW-1.jpg\"\/><div class=\"contained\"><div class=\"full-width-image__content\"><\/div><\/div><\/section>\n\n\n\n<section class=\"wp-block-lindy-image-text-module section section--full-width-image full-width-image--with-text theme--light section--animation-up align--left  font--size-medium width--half\" style=\"background-image:url()\"><img decoding=\"async\" class=\"full-width-image__image\" src=\"\"\/><div class=\"contained\"><div class=\"full-width-image__content\"><h2 class=\"section__heading\"><span><strong>CONVIRTIENDO<\/strong><\/span><\/h2><h2 class=\"section__subheading section__subheading__title\"><br\/><\/h2><p class=\"section__paragraph\">Ya que la tecnolog\u00eda de medios se esta convirtiendo en mas y mas diversa, es fundamental convertir las se\u00f1ales de un modo fiable. Nuestra amplia selecci\u00f3n de conversores y adaptadores proporcionan las soluciones perfectas para conectar ordenadores modernos a tecnolog\u00edas heredadas.<br\/>Leer m\u00e1s<\/p><a href=\"https:\/\/lindy.com\/es\/ise-2022-converting-2\/\" class=\"button button--dark\" target=\"_self\" rel=\"noopener noreferrer\">Leer m\u00e1s<\/a><\/div><\/div><\/section>\n\n\n\n<section class=\"wp-block-lindy-image-text-module section section--full-width-image full-width-image--with-text theme--light section--animation-up align--left  font--size-medium width--half\" style=\"background-image:url()\"><img decoding=\"async\" class=\"full-width-image__image\" src=\"\"\/><div class=\"contained\"><div class=\"full-width-image__content\"><h2 class=\"section__heading\"><span>Conectando<\/span><\/h2><p class=\"section__paragraph\"><br\/><br\/>Desde HDMI y DisplayPort hasta USB, Ethernet y alimentaci\u00f3n, los cables y adaptadores Lindy est\u00e1n dise\u00f1ados y fabricados para ofrecer el m\u00e1ximo rendimiento y fiabilidad. El concepto de diferentes l\u00edneas de cable de Lindy permite a los clientes seleccionar f\u00e1cilmente el cable perfecto para cualquier aplicaci\u00f3n bas\u00e1ndose en el rendimiento, el dise\u00f1o y el precio. Los adaptadores y cables adaptadores de Lindy son la opci\u00f3n m\u00e1s c\u00f3moda y rentable para conectar f\u00e1cilmente diferentes dispositivos e interfaces<\/p><a href=\"https:\/\/lindy.com\/es\/ise-2022-conectando\/\" class=\"button button--dark\" target=\"_self\" rel=\"noopener noreferrer\">Leer m\u00e1s<\/a><\/div><\/div><\/section>\n\n\n\n<section class=\"wp-block-lindy-full-width-image section section--full-width-image full-width-image theme--dark align--left font--size-medium width--half\" style=\"background-image:url(https:\/\/lindy.com\/en\/wp-content\/uploads\/sites\/2\/2022\/05\/Connecting-HW.jpg)\"><img decoding=\"async\" class=\"full-width-image__image\" src=\"https:\/\/lindy.com\/en\/wp-content\/uploads\/sites\/2\/2022\/05\/Connecting-HW.jpg\"\/><div class=\"contained\"><div class=\"full-width-image__content\"><\/div><\/div><\/section>\n","protected":false},"excerpt":{"rendered":"","protected":false},"author":10,"featured_media":0,"parent":0,"menu_order":0,"comment_status":"closed","ping_status":"closed","template":"page-templates\/template-landing.php","meta":{"_acf_changed":false,"footnotes":""},"class_list":["post-6643","page","type-page","status-publish","hentry"],"acf":[],"yoast_head":"<!-- This site is optimized with the Yoast SEO plugin v26.6 - https:\/\/yoast.com\/wordpress\/plugins\/seo\/ -->\n<title>ISE 2022 new - Lindy - Spanish<\/title>\n<meta name=\"robots\" content=\"index, follow, max-snippet:-1, max-image-preview:large, max-video-preview:-1\" \/>\n<link rel=\"canonical\" href=\"https:\/\/lindy.com\/es\/ise-2022-new-2\/\" \/>\n<meta property=\"og:locale\" content=\"es_ES\" \/>\n<meta property=\"og:type\" content=\"article\" \/>\n<meta property=\"og:title\" content=\"ISE 2022 new - Lindy - Spanish\" \/>\n<meta property=\"og:url\" content=\"https:\/\/lindy.com\/es\/ise-2022-new-2\/\" \/>\n<meta property=\"og:site_name\" content=\"Lindy - Spanish\" \/>\n<meta property=\"article:modified_time\" content=\"2022-05-05T11:24:55+00:00\" \/>\n<meta property=\"og:image\" content=\"https:\/\/lindy.com\/en\/wp-content\/uploads\/sites\/2\/2022\/02\/Highlights.jpg\" \/>\n<meta name=\"twitter:card\" content=\"summary_large_image\" \/>\n<meta name=\"twitter:label1\" content=\"Tiempo de lectura\" \/>\n\t<meta name=\"twitter:data1\" content=\"3 minutos\" \/>\n<script type=\"application\/ld+json\" class=\"yoast-schema-graph\">{\"@context\":\"https:\/\/schema.org\",\"@graph\":[{\"@type\":\"WebPage\",\"@id\":\"https:\/\/lindy.com\/es\/ise-2022-new-2\/\",\"url\":\"https:\/\/lindy.com\/es\/ise-2022-new-2\/\",\"name\":\"ISE 2022 new - Lindy - Spanish\",\"isPartOf\":{\"@id\":\"https:\/\/lindy.com\/es\/#website\"},\"primaryImageOfPage\":{\"@id\":\"https:\/\/lindy.com\/es\/ise-2022-new-2\/#primaryimage\"},\"image\":{\"@id\":\"https:\/\/lindy.com\/es\/ise-2022-new-2\/#primaryimage\"},\"thumbnailUrl\":\"https:\/\/lindy.com\/en\/wp-content\/uploads\/sites\/2\/2022\/02\/Highlights.jpg\",\"datePublished\":\"2022-05-04T10:26:50+00:00\",\"dateModified\":\"2022-05-05T11:24:55+00:00\",\"breadcrumb\":{\"@id\":\"https:\/\/lindy.com\/es\/ise-2022-new-2\/#breadcrumb\"},\"inLanguage\":\"es\",\"potentialAction\":[{\"@type\":\"ReadAction\",\"target\":[\"https:\/\/lindy.com\/es\/ise-2022-new-2\/\"]}]},{\"@type\":\"ImageObject\",\"inLanguage\":\"es\",\"@id\":\"https:\/\/lindy.com\/es\/ise-2022-new-2\/#primaryimage\",\"url\":\"https:\/\/lindy.com\/en\/wp-content\/uploads\/sites\/2\/2022\/02\/Highlights.jpg\",\"contentUrl\":\"https:\/\/lindy.com\/en\/wp-content\/uploads\/sites\/2\/2022\/02\/Highlights.jpg\"},{\"@type\":\"BreadcrumbList\",\"@id\":\"https:\/\/lindy.com\/es\/ise-2022-new-2\/#breadcrumb\",\"itemListElement\":[{\"@type\":\"ListItem\",\"position\":1,\"name\":\"Home\",\"item\":\"https:\/\/lindy.com\/es\/\"},{\"@type\":\"ListItem\",\"position\":2,\"name\":\"ISE 2022 new\"}]},{\"@type\":\"WebSite\",\"@id\":\"https:\/\/lindy.com\/es\/#website\",\"url\":\"https:\/\/lindy.com\/es\/\",\"name\":\"Lindy - Spanish\",\"description\":\"Connection Perfection\",\"potentialAction\":[{\"@type\":\"SearchAction\",\"target\":{\"@type\":\"EntryPoint\",\"urlTemplate\":\"https:\/\/lindy.com\/es\/?s={search_term_string}\"},\"query-input\":{\"@type\":\"PropertyValueSpecification\",\"valueRequired\":true,\"valueName\":\"search_term_string\"}}],\"inLanguage\":\"es\"}]}<\/script>\n<!-- \/ Yoast SEO plugin. -->","yoast_head_json":{"title":"ISE 2022 new - Lindy - Spanish","robots":{"index":"index","follow":"follow","max-snippet":"max-snippet:-1","max-image-preview":"max-image-preview:large","max-video-preview":"max-video-preview:-1"},"canonical":"https:\/\/lindy.com\/es\/ise-2022-new-2\/","og_locale":"es_ES","og_type":"article","og_title":"ISE 2022 new - Lindy - Spanish","og_url":"https:\/\/lindy.com\/es\/ise-2022-new-2\/","og_site_name":"Lindy - Spanish","article_modified_time":"2022-05-05T11:24:55+00:00","og_image":[{"url":"https:\/\/lindy.com\/en\/wp-content\/uploads\/sites\/2\/2022\/02\/Highlights.jpg","type":"","width":"","height":""}],"twitter_card":"summary_large_image","twitter_misc":{"Tiempo de lectura":"3 minutos"},"schema":{"@context":"https:\/\/schema.org","@graph":[{"@type":"WebPage","@id":"https:\/\/lindy.com\/es\/ise-2022-new-2\/","url":"https:\/\/lindy.com\/es\/ise-2022-new-2\/","name":"ISE 2022 new - Lindy - Spanish","isPartOf":{"@id":"https:\/\/lindy.com\/es\/#website"},"primaryImageOfPage":{"@id":"https:\/\/lindy.com\/es\/ise-2022-new-2\/#primaryimage"},"image":{"@id":"https:\/\/lindy.com\/es\/ise-2022-new-2\/#primaryimage"},"thumbnailUrl":"https:\/\/lindy.com\/en\/wp-content\/uploads\/sites\/2\/2022\/02\/Highlights.jpg","datePublished":"2022-05-04T10:26:50+00:00","dateModified":"2022-05-05T11:24:55+00:00","breadcrumb":{"@id":"https:\/\/lindy.com\/es\/ise-2022-new-2\/#breadcrumb"},"inLanguage":"es","potentialAction":[{"@type":"ReadAction","target":["https:\/\/lindy.com\/es\/ise-2022-new-2\/"]}]},{"@type":"ImageObject","inLanguage":"es","@id":"https:\/\/lindy.com\/es\/ise-2022-new-2\/#primaryimage","url":"https:\/\/lindy.com\/en\/wp-content\/uploads\/sites\/2\/2022\/02\/Highlights.jpg","contentUrl":"https:\/\/lindy.com\/en\/wp-content\/uploads\/sites\/2\/2022\/02\/Highlights.jpg"},{"@type":"BreadcrumbList","@id":"https:\/\/lindy.com\/es\/ise-2022-new-2\/#breadcrumb","itemListElement":[{"@type":"ListItem","position":1,"name":"Home","item":"https:\/\/lindy.com\/es\/"},{"@type":"ListItem","position":2,"name":"ISE 2022 new"}]},{"@type":"WebSite","@id":"https:\/\/lindy.com\/es\/#website","url":"https:\/\/lindy.com\/es\/","name":"Lindy - Spanish","description":"Connection Perfection","potentialAction":[{"@type":"SearchAction","target":{"@type":"EntryPoint","urlTemplate":"https:\/\/lindy.com\/es\/?s={search_term_string}"},"query-input":{"@type":"PropertyValueSpecification","valueRequired":true,"valueName":"search_term_string"}}],"inLanguage":"es"}]}},"_links":{"self":[{"href":"https:\/\/lindy.com\/es\/wp-json\/wp\/v2\/pages\/6643","targetHints":{"allow":["GET"]}}],"collection":[{"href":"https:\/\/lindy.com\/es\/wp-json\/wp\/v2\/pages"}],"about":[{"href":"https:\/\/lindy.com\/es\/wp-json\/wp\/v2\/types\/page"}],"author":[{"embeddable":true,"href":"https:\/\/lindy.com\/es\/wp-json\/wp\/v2\/users\/10"}],"replies":[{"embeddable":true,"href":"https:\/\/lindy.com\/es\/wp-json\/wp\/v2\/comments?post=6643"}],"version-history":[{"count":0,"href":"https:\/\/lindy.com\/es\/wp-json\/wp\/v2\/pages\/6643\/revisions"}],"wp:attachment":[{"href":"https:\/\/lindy.com\/es\/wp-json\/wp\/v2\/media?parent=6643"}],"curies":[{"name":"wp","href":"https:\/\/api.w.org\/{rel}","templated":true}]}}