{"id":6646,"date":"2022-05-04T10:33:01","date_gmt":"2022-05-04T10:33:01","guid":{"rendered":"https:\/\/lindy.com\/es\/?page_id=6646"},"modified":"2022-05-06T12:16:11","modified_gmt":"2022-05-06T12:16:11","slug":"ise-2022-converting-2","status":"publish","type":"page","link":"https:\/\/lindy.com\/es\/ise-2022-converting-2\/","title":{"rendered":"ISE 2022 Converting"},"content":{"rendered":"\n<section class=\"wp-block-lindy-full-width-image section section--full-width-image full-width-image theme--light align--left font--size-medium\" style=\"background-image:url(https:\/\/lindy.com\/en\/wp-content\/uploads\/sites\/2\/2022\/05\/Converting-1.jpg)\"><img decoding=\"async\" class=\"full-width-image__image\" src=\"https:\/\/lindy.com\/en\/wp-content\/uploads\/sites\/2\/2022\/05\/Converting-1.jpg\"\/><div class=\"contained\"><div class=\"full-width-image__content\"><\/div><\/div><\/section>\n\n\n\n<section class=\"wp-block-lindy-image-text-module section section--full-width-image full-width-image--with-text theme--dark section--animation-up align--left  font--size-medium width--half\" style=\"background-image:url(https:\/\/lindy.com\/en\/wp-content\/uploads\/sites\/2\/2021\/12\/40926.jpg)\"><img decoding=\"async\" class=\"full-width-image__image\" src=\"https:\/\/lindy.com\/en\/wp-content\/uploads\/sites\/2\/2021\/12\/40926.jpg\"\/><div class=\"contained\"><div class=\"full-width-image__content\"><\/div><\/div><\/section>\n\n\n\n<section class=\"wp-block-lindy-image-text-module section section--full-width-image full-width-image--with-text theme--dark section--animation-none align--left  font--size-medium width--half\" style=\"background-image:url()\"><img decoding=\"async\" class=\"full-width-image__image\" src=\"\"\/><div class=\"contained\"><div class=\"full-width-image__content\"><h2 class=\"section__heading\"><span>CABLE ADAPTADOR DE 2M DP A HDMI CON HDR<\/span><\/h2><h2 class=\"section__subheading section__subheading__title\">No. 40926<\/h2><p class=\"section__paragraph\"><br\/><font _mstmutation=\"1\" _msthash=\"2953626\" _msttexthash=\"26389857\">\u00b7<\/font> Conecta dispositivos equipados con DisplayPort a una pantalla o proyector 4K HDMI<br\/>\u00b7 Soporta resoluciones de alta calidad de hasta 4K@60Hz<br\/>\u00b7 Soporte para Alto Rango Din\u00e1mico (HDR) proporcionando unos negros m\u00e1s profundos, blancos m\u00e1s brillantes y una m\u00e1s amplia gama de color<font _mstmutation=\"1\" _msthash=\"46555\" _msttexthash=\"4186\">. <\/font><br\/><font _mstmutation=\"1\" _msthash=\"2953626\" _msttexthash=\"26389857\"><br\/><br\/> <\/font><font _mstmutation=\"1\" _msthash=\"46557\" _msttexthash=\"313703\"><a href=\"https:\/\/lindy.com\/es\/wp-content\/uploads\/sites\/7\/2022\/05\/40924-7_Product_Flyer_ES.pdf\" target=\"_blank\" rel=\"noreferrer noopener\">Descargar Folleto<\/a><\/font><\/p><a href=\"https:\/\/www.lindy-international.com\/2m-Active-DisplayPort-to-HDMI-Cable-with-HDR.htm?websale8=ld0101.ld021102&amp;pi=40926&amp;ci=80\" class=\"button button--white-transparent\" target=\"_self\" rel=\"noopener noreferrer\">VER PRODUCTO\n<\/a><\/div><\/div><\/section>\n\n\n\n<section class=\"wp-block-lindy-image-text-module section section--full-width-image full-width-image--with-text theme--light section--animation-none align--left  font--size-medium width--half\" style=\"background-image:url(https:\/\/lindy.com\/en\/wp-content\/uploads\/sites\/2\/2021\/12\/42651_new.jpg)\"><img decoding=\"async\" class=\"full-width-image__image\" src=\"https:\/\/lindy.com\/en\/wp-content\/uploads\/sites\/2\/2021\/12\/42651_new.jpg\"\/><div class=\"contained\"><div class=\"full-width-image__content\"><\/div><\/div><\/section>\n\n\n\n<section class=\"wp-block-lindy-image-text-module section section--full-width-image full-width-image--with-text theme--light section--animation-up align--left  font--size-medium width--half\" style=\"background-image:url()\"><img decoding=\"async\" class=\"full-width-image__image\" src=\"\"\/><div class=\"contained\"><div class=\"full-width-image__content\"><h2 class=\"section__heading\"><span>CONVERSOR USB A PS\/2<\/span><\/h2><h2 class=\"section__subheading section__subheading__title\">No. 42651<\/h2><p class=\"section__paragraph\"><br\/><font _mstmutation=\"1\" _msthash=\"3076840\" _msttexthash=\"15522819\">\u00b7 <\/font>Conecta cualquier dispositivo PS\/2 como rat\u00f3n, teclado, switch KVM o lector de c\u00f3digos de barra<br\/>\u00b7\u00a0Instalaci\u00f3n Plug and Play<br\/>\u00b7\u00a0Compatible con ordenadores equipados con conexi\u00f3n USB tipo-A<br\/><br\/><font _mstmutation=\"1\" _msthash=\"46543\" _msttexthash=\"313703\"><a href=\"https:\/\/lindy.com\/es\/wp-content\/uploads\/sites\/7\/2022\/05\/42651_product_flyer_ES.pdf\" target=\"_blank\" rel=\"noreferrer noopener\">Descargar Folleto<\/a><\/font><font _mstmutation=\"1\" _msthash=\"46542\"><\/font><\/p><a href=\"https:\/\/www.lindy-international.com\/USB-to-PS-2-Converter.htm?websale8=ld0101.ld021102&amp;pi=42651&amp;ci=50\" class=\"button button--dark\" target=\"_self\" rel=\"noopener noreferrer\">VER PRODUCTO\n<\/a><\/div><\/div><\/section>\n\n\n\n<section class=\"wp-block-lindy-image-text-module section section--full-width-image full-width-image--with-text theme--dark section--animation-none align--left  font--size-medium width--half\" style=\"background-image:url(https:\/\/lindy.com\/en\/wp-content\/uploads\/sites\/2\/2021\/12\/43300.jpg)\"><img decoding=\"async\" class=\"full-width-image__image\" src=\"https:\/\/lindy.com\/en\/wp-content\/uploads\/sites\/2\/2021\/12\/43300.jpg\"\/><div class=\"contained\"><div class=\"full-width-image__content\"><\/div><\/div><\/section>\n\n\n\n<section class=\"wp-block-lindy-image-text-module section section--full-width-image full-width-image--with-text theme--dark section--animation-up align--left  font--size-medium width--half\" style=\"background-image:url()\"><img decoding=\"async\" class=\"full-width-image__image\" src=\"\"\/><div class=\"contained\"><div class=\"full-width-image__content\"><h2 class=\"section__heading\"><span>WEBDAM FULL HD 1080P CON MICROFONO<\/span><\/h2><h2 class=\"section__subheading section__subheading__title\">No. 43300\u00a0\u00a0<\/h2><p class=\"section__paragraph\"><br\/>\u00b7 Soporta video llamadas Full HD a resoluciones de hasta 1920&#215;1080@30fps<br\/>\u00b7\u00a0Incluye un micr\u00f3fono est\u00e9reo con reducci\u00f3n de ruido, dise\u00f1o de giro 360\u00ba y Angulo de visi\u00f3n de 110\u00ba<br\/>\u00b7\u00a0Compatible con sistemas operativos Windows, Mac y Linux<font _mstmutation=\"1\" _msthash=\"3060239\" _msttexthash=\"25782731\"> <\/font><br\/><br\/><br\/><font _mstmutation=\"1\" _msthash=\"46545\" _msttexthash=\"313703\"><a href=\"https:\/\/lindy.com\/es\/wp-content\/uploads\/sites\/7\/2022\/05\/Product-Flyer_43300_ES.pdf\" target=\"_blank\" rel=\"noreferrer noopener\">Descargar Folleto<\/a><\/font><font _mstmutation=\"1\" _msthash=\"46544\"><\/font><\/p><a href=\"https:\/\/www.lindy-international.com\/Full-HD-1080p-Webcam-with-Microphone.htm?websale8=ld0101.ld021102&amp;pi=43300&amp;ci=20\" class=\"button button--white-transparent\" target=\"_self\" rel=\"noopener noreferrer\">VER PRODUCTO\n<\/a><\/div><\/div><\/section>\n","protected":false},"excerpt":{"rendered":"","protected":false},"author":10,"featured_media":0,"parent":0,"menu_order":0,"comment_status":"closed","ping_status":"closed","template":"page-templates\/template-landing.php","meta":{"_acf_changed":false,"footnotes":""},"class_list":["post-6646","page","type-page","status-publish","hentry"],"acf":[],"yoast_head":"<!-- This site is optimized with the Yoast SEO plugin v26.6 - https:\/\/yoast.com\/wordpress\/plugins\/seo\/ -->\n<title>ISE 2022 Converting - Lindy - Spanish<\/title>\n<meta name=\"robots\" content=\"index, follow, max-snippet:-1, max-image-preview:large, max-video-preview:-1\" \/>\n<link rel=\"canonical\" href=\"https:\/\/lindy.com\/es\/ise-2022-converting-2\/\" \/>\n<meta property=\"og:locale\" content=\"es_ES\" \/>\n<meta property=\"og:type\" content=\"article\" \/>\n<meta property=\"og:title\" content=\"ISE 2022 Converting - Lindy - Spanish\" \/>\n<meta property=\"og:url\" content=\"https:\/\/lindy.com\/es\/ise-2022-converting-2\/\" \/>\n<meta property=\"og:site_name\" content=\"Lindy - Spanish\" \/>\n<meta property=\"article:modified_time\" content=\"2022-05-06T12:16:11+00:00\" \/>\n<meta property=\"og:image\" content=\"https:\/\/lindy.com\/en\/wp-content\/uploads\/sites\/2\/2022\/05\/Converting-1.jpg\" \/>\n<meta name=\"twitter:card\" content=\"summary_large_image\" \/>\n<meta name=\"twitter:label1\" content=\"Tiempo de lectura\" \/>\n\t<meta name=\"twitter:data1\" content=\"3 minutos\" \/>\n<script type=\"application\/ld+json\" class=\"yoast-schema-graph\">{\"@context\":\"https:\/\/schema.org\",\"@graph\":[{\"@type\":\"WebPage\",\"@id\":\"https:\/\/lindy.com\/es\/ise-2022-converting-2\/\",\"url\":\"https:\/\/lindy.com\/es\/ise-2022-converting-2\/\",\"name\":\"ISE 2022 Converting - Lindy - Spanish\",\"isPartOf\":{\"@id\":\"https:\/\/lindy.com\/es\/#website\"},\"primaryImageOfPage\":{\"@id\":\"https:\/\/lindy.com\/es\/ise-2022-converting-2\/#primaryimage\"},\"image\":{\"@id\":\"https:\/\/lindy.com\/es\/ise-2022-converting-2\/#primaryimage\"},\"thumbnailUrl\":\"https:\/\/lindy.com\/en\/wp-content\/uploads\/sites\/2\/2022\/05\/Converting-1.jpg\",\"datePublished\":\"2022-05-04T10:33:01+00:00\",\"dateModified\":\"2022-05-06T12:16:11+00:00\",\"breadcrumb\":{\"@id\":\"https:\/\/lindy.com\/es\/ise-2022-converting-2\/#breadcrumb\"},\"inLanguage\":\"es\",\"potentialAction\":[{\"@type\":\"ReadAction\",\"target\":[\"https:\/\/lindy.com\/es\/ise-2022-converting-2\/\"]}]},{\"@type\":\"ImageObject\",\"inLanguage\":\"es\",\"@id\":\"https:\/\/lindy.com\/es\/ise-2022-converting-2\/#primaryimage\",\"url\":\"https:\/\/lindy.com\/en\/wp-content\/uploads\/sites\/2\/2022\/05\/Converting-1.jpg\",\"contentUrl\":\"https:\/\/lindy.com\/en\/wp-content\/uploads\/sites\/2\/2022\/05\/Converting-1.jpg\"},{\"@type\":\"BreadcrumbList\",\"@id\":\"https:\/\/lindy.com\/es\/ise-2022-converting-2\/#breadcrumb\",\"itemListElement\":[{\"@type\":\"ListItem\",\"position\":1,\"name\":\"Home\",\"item\":\"https:\/\/lindy.com\/es\/\"},{\"@type\":\"ListItem\",\"position\":2,\"name\":\"ISE 2022 Converting\"}]},{\"@type\":\"WebSite\",\"@id\":\"https:\/\/lindy.com\/es\/#website\",\"url\":\"https:\/\/lindy.com\/es\/\",\"name\":\"Lindy - Spanish\",\"description\":\"Connection Perfection\",\"potentialAction\":[{\"@type\":\"SearchAction\",\"target\":{\"@type\":\"EntryPoint\",\"urlTemplate\":\"https:\/\/lindy.com\/es\/?s={search_term_string}\"},\"query-input\":{\"@type\":\"PropertyValueSpecification\",\"valueRequired\":true,\"valueName\":\"search_term_string\"}}],\"inLanguage\":\"es\"}]}<\/script>\n<!-- \/ Yoast SEO plugin. -->","yoast_head_json":{"title":"ISE 2022 Converting - Lindy - Spanish","robots":{"index":"index","follow":"follow","max-snippet":"max-snippet:-1","max-image-preview":"max-image-preview:large","max-video-preview":"max-video-preview:-1"},"canonical":"https:\/\/lindy.com\/es\/ise-2022-converting-2\/","og_locale":"es_ES","og_type":"article","og_title":"ISE 2022 Converting - Lindy - Spanish","og_url":"https:\/\/lindy.com\/es\/ise-2022-converting-2\/","og_site_name":"Lindy - Spanish","article_modified_time":"2022-05-06T12:16:11+00:00","og_image":[{"url":"https:\/\/lindy.com\/en\/wp-content\/uploads\/sites\/2\/2022\/05\/Converting-1.jpg","type":"","width":"","height":""}],"twitter_card":"summary_large_image","twitter_misc":{"Tiempo de lectura":"3 minutos"},"schema":{"@context":"https:\/\/schema.org","@graph":[{"@type":"WebPage","@id":"https:\/\/lindy.com\/es\/ise-2022-converting-2\/","url":"https:\/\/lindy.com\/es\/ise-2022-converting-2\/","name":"ISE 2022 Converting - Lindy - Spanish","isPartOf":{"@id":"https:\/\/lindy.com\/es\/#website"},"primaryImageOfPage":{"@id":"https:\/\/lindy.com\/es\/ise-2022-converting-2\/#primaryimage"},"image":{"@id":"https:\/\/lindy.com\/es\/ise-2022-converting-2\/#primaryimage"},"thumbnailUrl":"https:\/\/lindy.com\/en\/wp-content\/uploads\/sites\/2\/2022\/05\/Converting-1.jpg","datePublished":"2022-05-04T10:33:01+00:00","dateModified":"2022-05-06T12:16:11+00:00","breadcrumb":{"@id":"https:\/\/lindy.com\/es\/ise-2022-converting-2\/#breadcrumb"},"inLanguage":"es","potentialAction":[{"@type":"ReadAction","target":["https:\/\/lindy.com\/es\/ise-2022-converting-2\/"]}]},{"@type":"ImageObject","inLanguage":"es","@id":"https:\/\/lindy.com\/es\/ise-2022-converting-2\/#primaryimage","url":"https:\/\/lindy.com\/en\/wp-content\/uploads\/sites\/2\/2022\/05\/Converting-1.jpg","contentUrl":"https:\/\/lindy.com\/en\/wp-content\/uploads\/sites\/2\/2022\/05\/Converting-1.jpg"},{"@type":"BreadcrumbList","@id":"https:\/\/lindy.com\/es\/ise-2022-converting-2\/#breadcrumb","itemListElement":[{"@type":"ListItem","position":1,"name":"Home","item":"https:\/\/lindy.com\/es\/"},{"@type":"ListItem","position":2,"name":"ISE 2022 Converting"}]},{"@type":"WebSite","@id":"https:\/\/lindy.com\/es\/#website","url":"https:\/\/lindy.com\/es\/","name":"Lindy - Spanish","description":"Connection Perfection","potentialAction":[{"@type":"SearchAction","target":{"@type":"EntryPoint","urlTemplate":"https:\/\/lindy.com\/es\/?s={search_term_string}"},"query-input":{"@type":"PropertyValueSpecification","valueRequired":true,"valueName":"search_term_string"}}],"inLanguage":"es"}]}},"_links":{"self":[{"href":"https:\/\/lindy.com\/es\/wp-json\/wp\/v2\/pages\/6646","targetHints":{"allow":["GET"]}}],"collection":[{"href":"https:\/\/lindy.com\/es\/wp-json\/wp\/v2\/pages"}],"about":[{"href":"https:\/\/lindy.com\/es\/wp-json\/wp\/v2\/types\/page"}],"author":[{"embeddable":true,"href":"https:\/\/lindy.com\/es\/wp-json\/wp\/v2\/users\/10"}],"replies":[{"embeddable":true,"href":"https:\/\/lindy.com\/es\/wp-json\/wp\/v2\/comments?post=6646"}],"version-history":[{"count":0,"href":"https:\/\/lindy.com\/es\/wp-json\/wp\/v2\/pages\/6646\/revisions"}],"wp:attachment":[{"href":"https:\/\/lindy.com\/es\/wp-json\/wp\/v2\/media?parent=6646"}],"curies":[{"name":"wp","href":"https:\/\/api.w.org\/{rel}","templated":true}]}}