{"id":6693,"date":"2022-05-06T10:16:56","date_gmt":"2022-05-06T10:16:56","guid":{"rendered":"https:\/\/lindy.com\/es\/?page_id=6693"},"modified":"2022-05-06T10:16:57","modified_gmt":"2022-05-06T10:16:57","slug":"datenschutz","status":"publish","type":"page","link":"https:\/\/lindy.com\/es\/datenschutz\/","title":{"rendered":"Datenschutz"},"content":{"rendered":"<p><span style=\"color: #333333;\"><strong>Datenschutzerkl\u00e4rung<\/strong><\/span><\/p>\n<p><strong>A. Verantwortlich f\u00fcr die Datenverarbeitung<br \/>\n<\/strong>Verantwortlich f\u00fcr die Verarbeitung personenbezogener Daten im Rahmen dieses Webauftritts gem\u00e4\u00df den Vorschriften der Datenschutzgrundverordnung (DSGVO) ist:<br \/>\nLINDY-Elektronik GmbH,<br \/>\nMarkircher Str. 20,<br \/>\n68229 Mannheim<br \/>\nTel.: 0621\/ 470050<br \/>\nWeb: https:\/\/www.lindy.de\/<br \/>\nE-Mail: info@lindy.de<\/p>\n<p>Unsere Datenschutzbeauftragte:<br \/>\nKarin Gro\u00dfkinsky, Datenschutz@lindy.de<\/p>\n<p>Mit dieser Datenschutzerkl\u00e4rung informieren wir Sie \u00fcber den Umfang der Verarbeitung Ihrer personenbezogenen Daten (nachfolgend nur noch \u201eDaten\u201c).<\/p>\n<p><strong>B. Datenverarbeitung<br \/>\n<\/strong>Im Rahmen des Betriebs unserer Webseite verarbeiten wir Daten. Die Verarbeitung der Daten umfasst auch die Offenlegung durch \u00dcbermittlung.<\/p>\n<p>F\u00fcr Daten\u00fcbermittlungen in die USA schlie\u00dfen wir Vertr\u00e4ge nach den EU-Standardvertragsklauseln ab (gem\u00e4\u00df Art. 46 Abs. 2 lit. c und d GDPR). Die betroffenen Daten, Verarbeitungszwecke, Rechtsgrundlagen, Empf\u00e4nger und \u00dcbermittlungen in Drittstaaten sind nachfolgend aufgef\u00fchrt: Die im Einzelnen betroffenen Daten, Verarbeitungszwecke, Rechtsgrundlagen, Empf\u00e4nger und \u00dcbermittlungen in Drittstaaten sind in der nachfolgenden Aufstellung aufgef\u00fchrt:<\/p>\n<p>a) Logdatei<br \/>\nWir protokollieren Ihren Besuch auf unseren Webseiten. Dabei werden die folgenden Daten verarbeitet: Name der jeweils abgerufenen Webseite, Datum und Uhrzeit des Abrufs, die \u00fcbertragene Datenmenge, der Browsertyp nebst Version, das von Ihnen genutzte Betriebssystem, die Referrer-URL (die zuvor besuchte Webseite), Ihre IP-Adresse und der anfragende Provider. Dies ist notwendig, um die Sicherheit der Webseite zu gew\u00e4hrleisten. Die Daten verarbeiten wir entsprechend auf der Grundlage unserer berechtigten Interessen gem\u00e4\u00df Art. 6 Abs. 1 f) DSGVO. Die Logdatei wird nach Ablauf von sieben Tagen gel\u00f6scht, es sei denn, dass diese zur Aufkl\u00e4rung oder zum Nachweis konkreter Rechtsverletzungen, die innerhalb der Aufbewahrungsfrist bekannt geworden sind, ben\u00f6tigt wird.<\/p>\n<p>b) Hosting<br \/>\nIm Rahmen des Hostings werden s\u00e4mtliche im Zusammenhang mit dem Betrieb dieser Website zu verarbeitenden Daten gespeichert. Dies ist notwendig, um den Betrieb der Webseite zu erm\u00f6glichen. Die Daten verarbeiten wir entsprechend auf der Grundlage unserer berechtigten Interessen gem\u00e4\u00df Art. 6 Abs. 1 f) DSGVO. Zur Bereitstellung unseres Onlineauftritts nutzen wir Dienste von Webhostinganbietern, denen wir die oben genannten Daten \u00fcbermitteln.<\/p>\n<p>c) Kontaktaufnahme<br \/>\nSofern Sie mit uns Kontakt aufnehmen, werden Ihre Daten (Name, Kontaktdaten, sofern von Ihnen angegeben) und Ihre Nachricht ausschlie\u00dflich zum Zwecke der Bearbeitung und Abwicklung Ihrer Anfrage verarbeitet. Diese Daten werden von uns auf der Grundlage des Art. 6 Abs. 1 b) DSGVO oder des Art. 6 Abs. 1 f) DSGVO zur Abwicklung Ihrer Anfrage verarbeitet.<\/p>\n<p>d) Newsletter<br \/>\nUm Ihnen regelm\u00e4\u00dfig Informationen zu unserem Unternehmen und unseren Angeboten \u00fcbermitteln zu k\u00f6nnen, bieten wir den Versand eines Newsletters an. Mit Ihrer Anmeldung zum Newsletter verarbeiten wir dabei die von Ihnen eingegebenen Daten (E-Mail-Adresse sowie sonstige freiwillige Angaben).<br \/>\nDie \u00dcbersendung des Newsletters mittels Anmeldung erfolgt aufgrund Ihrer Einwilligung gem\u00e4\u00df Art. 6 Abs. 1 a) DSGVO.<br \/>\nDie Anmeldung zum Newsletter erfolgt im sog. Double-Opt-In-Verfahren. Zur Verhinderung von Missbrauch senden wir Ihnen nach Ihrer Anmeldung eine E-Mail zu, mit der wir Sie um die Best\u00e4tigung Ihrer Anmeldung bitten. Um den Anmeldeprozess entsprechend den rechtlichen Anforderungen nachweisen zu k\u00f6nnen, wird Ihre Anmeldung protokolliert. Betroffen sind die Speicherung des Anmelde- und des Best\u00e4tigungszeitpunkts sowie Ihre IP-Adresse. Zum Versand des Newsletters setzen wir Dienstleister ein, denen wir die oben genannten Daten \u00fcbermitteln.<\/p>\n<p>e) Cookies, Webseitenanalyse und Marketing<br \/>\nUm die Nutzung bestimmter Funktionen zu erm\u00f6glichen verwenden wir sogenannte Cookies. Hierbei handelt es sich um kurze Datenpakete, die auf Ihrem Endger\u00e4t gespeichert und mit anderen Anbietern ausgetauscht werden. Einige der von uns verwendeten Cookies werden nach dem Schlie\u00dfen Ihres Browsers unmittelbar gel\u00f6scht (sog. Sitzungs-Cookies). Andere Cookies verbleiben auf Ihrem Endger\u00e4t und erm\u00f6glichen es, Ihren Browser beim n\u00e4chsten Besuch wiederzuerkennen (persistente Cookies).<br \/>\nSie k\u00f6nnen alle auf Ihrem Endger\u00e4t gespeicherten Cookies l\u00f6schen und die g\u00e4ngigen Browser so einstellen, dass das Speichern von Cookies verhindert wird.<br \/>\nIn diesem Falle m\u00fcssen Sie m\u00f6glicherweise einige Einstellungen bei jedem Besuch dieser Webseite erneut vornehmen und die Beeintr\u00e4chtigung mancher Funktionen in Kauf nehmen.<\/p>\n<p>Google Analytics<br \/>\nWir nutzen Google Analytics einen Dienst der Google Ireland Limited, Gordon House, Barrow Street, Dublin 4, Irland (\u201eGoogle\u201c). Google setzt hierbei bestimmte Cookies ein. Die durch das Cookie erzeugten Informationen \u00fcber Ihre Benutzung dieser Website (einschlie\u00dflich Ihrer IP-Adresse), werden an einen Server von Google \u00fcbertragen und dort gespeichert. Die gespeicherten Informationen verwenden wir, um Ihre Nutzung der Website auszuwerten, um Reports \u00fcber die Websiteaktivit\u00e4ten f\u00fcr die Websitebetreiber zusammenzustellen und um weitere mit der Websitenutzung verbundene Dienstleistungen zu erbringen. Die so erhaltenen Daten verarbeiten wir aufgrund unseres \u00fcberwiegenden Interesses an der optimalen Vermarktung unseres Onlineangebotes nach Art. 6 Abs. 1 f) DSGVO. Google wird in keinem Fall Ihre IP-Adresse mit anderen Daten von Google in Verbindung bringen.<br \/>\nWir weisen darauf hin, dass diese Website Google Analytics mit der Erweiterung \u201eanonymizeIp()\u201c verwendet. Dadurch werden IP-Adressen vor der \u00dcbertragung an einen Server in den USA gek\u00fcrzt. Ein direkter Personenbezug im Zusammenhang mit den gespeicherten Daten ist damit in der Regel ausgeschlossen. Nur in Ausnahmef\u00e4llen wird die volle IP-Adresse an einen Server in den USA \u00fcbertragen und dort gek\u00fcrzt.<br \/>\nSie k\u00f6nnen der Datenerhebung jederzeit mit Wirkung f\u00fcr die Zukunft widersprechen, indem Sie das Deaktivierungs-Add-on f\u00fcr Browser von Google Analytics unter<br \/>\n<a href=\"http:\/\/tools.google.com\/dlpage\/gaoptout?hl=de\">http:\/\/tools.google.com\/dlpage\/gaoptout?hl=de<\/a> verwenden.<br \/>\nBitte beachten Sie erg\u00e4nzend die Hinweise zur Verwendung von Daten von Google im Google-Partner-Netzwerk unter:<br \/>\n<a href=\"http:\/\/www.google.com\/intl\/de\/policies\/privacy\/partners\/\">http:\/\/www.google.com\/intl\/de\/policies\/privacy\/partners\/<\/a><br \/>\nGoogle ist zertifiziert unter:<br \/>\n<a href=\"https:\/\/www.privacyshield.gov\/participant?id=a2zt000000001L5AAI&amp;status=Active\">https:\/\/www.privacyshield.gov\/participant?id=a2zt000000001L5AAI&amp;status=Active<\/a><br \/>\nWeitere Informationen zum Datenschutz finden Sie unter: <a href=\"https:\/\/policies.google.com\/privacy?hl=de&amp;gl=de\">https:\/\/policies.google.com\/privacy?hl=de&amp;gl=de<\/a><\/p>\n<p>[google_analytics_optout]Klicken Sie hier, um sich von Google Analytics abzumelden.[\/google_analytics_optout]<\/p>\n<p>Monotype Imaging Inc.<br \/>\nWir nutzen zur einheitlichen Darstellung von Schriftarten \u201eCamber Web Fonts\u201c, die von der Monotype Imaging Inc. bereitgestellt werden. Rufen Sie eine Seite auf, l\u00e4dt Ihr Browser die ben\u00f6tigten Web Fonts in ihren Browsercache, um Texte und Schriftarten korrekt anzuzeigen.<br \/>\nZu diesem Zweck muss der von Ihnen verwendete Browser Verbindung zu den Servern von Monotype Imaging Inc. aufnehmen. Hierdurch erlangt Monotype Imaging Inc. Kenntnis dar\u00fcber, dass \u00fcber Ihre IP-Adresse unsere Website aufgerufen wurde. Die Nutzung von \u201eCamber Web Fonts\u201c erfolgt im Interesse des technischen Aufbaus der Webseite sowie einer einheitlichen und ansprechenden Darstellung unserer Online-Angebote. Die Rechtsgrundlage f\u00fcr die Verarbeitung stellt hierf\u00fcr ein berechtigtes Interesse gem. Art. 6 Abs. 1 lit. f DSGVO dar.<br \/>\nIm Falle, dass Ihr Browser Web Fonts nicht unterst\u00fctzt, wird von Ihrem Computer eine Standardschrift genutzt.<br \/>\nWeitere Informationen zu \u201eCamber Web Fronts\u201c finden Sie unter <a href=\"https:\/\/www.fonts.com\/de\">https:\/\/www.fonts.com\/de<\/a> sowie in deren Datenschutzerkl\u00e4rung: <a href=\"https:\/\/www.monotype.com\/legal\/privacy-policy\">https:\/\/www.monotype.com\/legal\/privacy-policy<\/a>.<\/p>\n<p>f) Social Media Pr\u00e4senz<br \/>\nWir unterhalten Fanpages innerhalb verschiedener sozialer Netzwerke und Plattformen mit dem Ziel, mit den dort aktiven Kunden, Interessenten und Nutzern zu kommunizieren und sie dort \u00fcber unsere Leistungen zu informieren.<br \/>\nWir weisen darauf hin, dass dabei Ihre personenbezogenen Daten au\u00dferhalb der Europ\u00e4ischen Union verarbeitet werden k\u00f6nnen, sodass sich hierbei Risiken f\u00fcr Sie ergeben k\u00f6nnen (etwa bei der Durchsetzung Ihrer Rechte nach europ\u00e4ischen \/ deutschen Recht).<br \/>\nDie Daten der Nutzer werden im Regelfall f\u00fcr Marktforschungs- und Werbezwecke verarbeitet. So k\u00f6nnen z.B. aus dem Nutzungsverhalten und sich daraus ergebenden Interessen der Nutzer Nutzungsprofile erstellt werden. Diese Nutzungsprofile k\u00f6nnen wiederum dazu verwendet werden, um z.B. Werbeanzeigen innerhalb und au\u00dferhalb der Plattformen zu schalten, die mutma\u00dflich den Interessen der Nutzer entsprechen. Zu diesen Zwecken werden im Regelfall Cookies auf den Rechnern der Nutzer gespeichert, in denen das Nutzungsverhalten und die Interessen der Nutzer gespeichert werden. Ferner k\u00f6nnen in den Nutzungsprofilen auch Daten unabh\u00e4ngig der von den Nutzern verwendeten Ger\u00e4te gespeichert werden (insbesondere wenn die Nutzer Mitglieder der jeweiligen Plattformen sind und bei diesen eingeloggt sind).<br \/>\nDie Verarbeitung der personenbezogenen Daten der Nutzer erfolgt auf Grundlage unserer berechtigten Interessen an einer effektiven Information der Nutzer und Kommunikation mit den Nutzern gem. Art. 6 Abs. 1 lit. f. DSGVO. Falls die Nutzer von den jeweiligen Anbietern um eine Einwilligung in die Datenverarbeitung gebeten werden (d.h. ihr Einverst\u00e4ndnis z.B. \u00fcber das Anhaken eines Kontrollk\u00e4stchens oder Best\u00e4tigung einer Schaltfl\u00e4che erkl\u00e4ren) ist die Rechtsgrundlage der Verarbeitung Art. 6 Abs. 1 lit. a., Art. 7 DSGVO.<br \/>\nWeitere Informationen zu der Verarbeitung Ihrer personenbezogenen Daten sowie zu Ihren Widerspruchsm\u00f6glichkeiten erhalten Sie unter den unten aufgef\u00fchrten Links des jeweiligen Anbieters. Die Geltendmachung von Auskunfts- und weiteren Rechten der Betroffenen k\u00f6nnen ebenfalls gegen\u00fcber den Anbietern erfolgen, da nur die direkten Zugriff auf die Daten der Nutzer haben und \u00fcber entsprechende Informationen verf\u00fcgen. Selbstverst\u00e4ndlich stehen wir bei R\u00fcckfragen zur Verf\u00fcgung und Unterst\u00fctzen Sie, falls Sie Hilfe ben\u00f6tigen. Anbieter:<\/p>\n<p>Facebook<br \/>\nMeta Platforms Ireland Limited, 4 Grand Canal Square, Grand Canal Harbour, Dublin 2, Ireland<br \/>\nDatenschutzerkl\u00e4rung: <a href=\"https:\/\/www.facebook.com\/about\/privacy\/\">https:\/\/www.facebook.com\/about\/privacy\/<\/a><br \/>\nOpt-Out: <a href=\"https:\/\/www.facebook.com\/settings?tab=ads\">https:\/\/www.facebook.com\/settings?tab=ads<\/a> und <a href=\"http:\/\/www.youronlinechoices.com\">http:\/\/www.youronlinechoices.com<\/a><\/p>\n<p>Instagram<br \/>\nMeta Platforms Ireland Limited., 4 Grand Canal Square, Grand Canal Harbour, Dublin 2, Ireland<br \/>\nDatenschutzerkl\u00e4rung\/ Opt-Out: <a href=\"http:\/\/instagram.com\/about\/legal\/privacy\/\">http:\/\/instagram.com\/about\/legal\/privacy\/<\/a><\/p>\n<p>Twitter<br \/>\nTwitter Inc., 1355 Market Street, Suite 900, San Francisco, CA 94103, USA<br \/>\nDatenschutzerkl\u00e4rung: <a href=\"https:\/\/twitter.com\/de\/privacy\">https:\/\/twitter.com\/de\/privacy<\/a><br \/>\nOpt-Out: <a href=\"https:\/\/twitter.com\/personalization\">https:\/\/twitter.com\/personalization<\/a><\/p>\n<p>Google\/ YouTube<br \/>\nGoogle Ireland Limited, Gordon House, Barrow Street, Dublin 4, Irland<br \/>\nDatenschutzerkl\u00e4rung: <a href=\"https:\/\/policies.google.com\/privacy\">https:\/\/policies.google.com\/privacy<\/a><br \/>\nOpt-Out: <a href=\"https:\/\/adssettings.google.com\/authenticated\">https:\/\/adssettings.google.com\/authenticated<\/a><\/p>\n<p>LinkedIn<br \/>\nLinkedIn Ireland Unlimited Company Wilton Place, Dublin 2, Irland<br \/>\nDatenschutzerkl\u00e4rung https:\/\/www.linkedin.com\/legal\/privacy-policy<br \/>\nOpt-Out: <a href=\"https:\/\/www.linkedin.com\/psettings\/guest-controls\/retargeting-opt-out\">https:\/\/www.linkedin.com\/psettings\/guest-controls\/retargeting-opt-out<\/a><\/p>\n<p><strong>C. Dauer der Datenspeicherung<br \/>\n<\/strong>Wir speichern personenbezogene Daten nur so lange, wie es f\u00fcr die Zwecke, f\u00fcr die sie verarbeitet werden, erforderlich ist oder eine von Ihnen erteilte Einwilligung von Ihnen widerrufen wurde. Soweit gesetzliche Aufbewahrungspflichten zu beachten sind, kann die Speicherdauer zu bestimmten Daten ungeachtet der Verarbeitungszwecke bis zu 10 Jahre betragen.<\/p>\n<p><strong>D. Ihre Betroffenenrechte<br \/>\n<\/strong>a) Auskunft<br \/>\nAuf Wunsch erhalten Sie jederzeit unentgeltlich Auskunft \u00fcber alle personenbezogenen Daten, die wir \u00fcber Sie gespeichert haben.<\/p>\n<p>b) Berichtigung, L\u00f6schung, Einschr\u00e4nkung der Verarbeitung (Sperrung), Widerspruch<br \/>\nSollten Sie mit der Speicherung Ihrer personenbezogenen Daten nicht mehr einverstanden oder sollten diese unrichtig geworden sein, werden wir auf eine entsprechende Weisung hin die L\u00f6schung oder Sperrung Ihrer Daten veranlassen oder die notwendigen Korrekturen vornehmen (soweit dies nach dem geltenden Recht m\u00f6glich ist). Gleiches gilt, sofern wir Daten k\u00fcnftig nur noch einschr\u00e4nkend verarbeiten sollen.<\/p>\n<p>c) Daten\u00fcbertragbarkeit<br \/>\nAuf Antrag stellen wir Ihnen Ihre Daten in einem g\u00e4ngigen, strukturierten und maschinenlesbaren Format bereit, so dass Sie die Daten auf Wunsch einen anderen Verantwortlichen \u00fcbermitteln k\u00f6nnen.<\/p>\n<p>d) Beschwerderecht<br \/>\nEs besteht ein Beschwerderecht bei der zust\u00e4ndigen Aufsichtsbeh\u00f6rde:<br \/>\n(<a href=\"https:\/\/www.bfdi.bund.de\/DE\/Infothek\/Anschriften_Links\/anschriften_links-node.html\">https:\/\/www.bfdi.bund.de\/DE\/Infothek\/Anschriften_Links\/anschriften_links-node.html<\/a>).<\/p>\n<p>e) Widerrufsrecht bei Einwilligungen mit Wirkung f\u00fcr die Zukunft<br \/>\nErteilte Einwilligungen k\u00f6nnen Sie mit Wirkung f\u00fcr die Zukunft jederzeit widerrufen. Durch Ihren Widerruf wird die Rechtm\u00e4\u00dfigkeit der Verarbeitung bis zum Zeitpunkt des Widerrufs nicht ber\u00fchrt.<\/p>\n<p>f) Einschr\u00e4nkungen<br \/>\nDaten, bei denen wir nicht in der Lage sind die betroffene Person zu identifizieren, bspw. wenn diese zu Analysezwecken anonymisiert wurden, sind nicht von den vorstehenden Rechten umfasst. Auskunft, L\u00f6schung, Sperrung, Korrektur oder \u00dcbertragung an ein anderes Unternehmen sind in Bezug auf diese Daten ggf. m\u00f6glich, wenn Sie uns zus\u00e4tzliche Informationen, die uns eine Identifizierung erlauben, bereitstellen.<\/p>\n<p>g) Aus\u00fcbung Ihrer Betroffenenrechte<br \/>\nBei Fragen zur Verarbeitung Ihrer personenbezogenen Daten, bei Ausk\u00fcnften, Berichtigung, Sperrung, Widerspruch oder L\u00f6schung von Daten oder dem Wunsch der \u00dcbertragung der Daten an ein anderes Unternehmen, wenden Sie sich bitte an <a href=\"mailto:DSB@lindy.de\">DSB@lindy.de<\/a>.<\/p>\n","protected":false},"excerpt":{"rendered":"<p>Datenschutzerkl\u00e4rung A. Verantwortlich f\u00fcr die Datenverarbeitung Verantwortlich f\u00fcr die Verarbeitung personenbezogener Daten im Rahmen dieses Webauftritts gem\u00e4\u00df den Vorschriften der Datenschutzgrundverordnung (DSGVO) ist: LINDY-Elektronik GmbH, Markircher Str. 20, 68229 Mannheim Tel.: 0621\/ 470050 Web: https:\/\/www.lindy.de\/ E-Mail: info@lindy.de Unsere Datenschutzbeauftragte: Karin Gro\u00dfkinsky, Datenschutz@lindy.de Mit dieser Datenschutzerkl\u00e4rung informieren wir Sie \u00fcber den Umfang der Verarbeitung Ihrer personenbezogenen [&hellip;]<\/p>\n","protected":false},"author":10,"featured_media":0,"parent":0,"menu_order":0,"comment_status":"closed","ping_status":"closed","template":"","meta":{"_acf_changed":false,"footnotes":""},"class_list":["post-6693","page","type-page","status-publish","hentry"],"acf":[],"yoast_head":"<!-- This site is optimized with the Yoast SEO plugin v26.6 - https:\/\/yoast.com\/wordpress\/plugins\/seo\/ -->\n<title>Datenschutz - Lindy - Spanish<\/title>\n<meta name=\"robots\" content=\"index, follow, max-snippet:-1, max-image-preview:large, max-video-preview:-1\" \/>\n<link rel=\"canonical\" href=\"https:\/\/lindy.com\/es\/datenschutz\/\" \/>\n<meta property=\"og:locale\" content=\"es_ES\" \/>\n<meta property=\"og:type\" content=\"article\" \/>\n<meta property=\"og:title\" content=\"Datenschutz - Lindy - Spanish\" \/>\n<meta property=\"og:description\" content=\"Datenschutzerkl\u00e4rung A. Verantwortlich f\u00fcr die Datenverarbeitung Verantwortlich f\u00fcr die Verarbeitung personenbezogener Daten im Rahmen dieses Webauftritts gem\u00e4\u00df den Vorschriften der Datenschutzgrundverordnung (DSGVO) ist: LINDY-Elektronik GmbH, Markircher Str. 20, 68229 Mannheim Tel.: 0621\/ 470050 Web: https:\/\/www.lindy.de\/ E-Mail: info@lindy.de Unsere Datenschutzbeauftragte: Karin Gro\u00dfkinsky, Datenschutz@lindy.de Mit dieser Datenschutzerkl\u00e4rung informieren wir Sie \u00fcber den Umfang der Verarbeitung Ihrer personenbezogenen [&hellip;]\" \/>\n<meta property=\"og:url\" content=\"https:\/\/lindy.com\/es\/datenschutz\/\" \/>\n<meta property=\"og:site_name\" content=\"Lindy - Spanish\" \/>\n<meta property=\"article:modified_time\" content=\"2022-05-06T10:16:57+00:00\" \/>\n<meta name=\"twitter:card\" content=\"summary_large_image\" \/>\n<meta name=\"twitter:label1\" content=\"Tiempo de lectura\" \/>\n\t<meta name=\"twitter:data1\" content=\"8 minutos\" \/>\n<script type=\"application\/ld+json\" class=\"yoast-schema-graph\">{\"@context\":\"https:\/\/schema.org\",\"@graph\":[{\"@type\":\"WebPage\",\"@id\":\"https:\/\/lindy.com\/es\/datenschutz\/\",\"url\":\"https:\/\/lindy.com\/es\/datenschutz\/\",\"name\":\"Datenschutz - Lindy - Spanish\",\"isPartOf\":{\"@id\":\"https:\/\/lindy.com\/es\/#website\"},\"datePublished\":\"2022-05-06T10:16:56+00:00\",\"dateModified\":\"2022-05-06T10:16:57+00:00\",\"breadcrumb\":{\"@id\":\"https:\/\/lindy.com\/es\/datenschutz\/#breadcrumb\"},\"inLanguage\":\"es\",\"potentialAction\":[{\"@type\":\"ReadAction\",\"target\":[\"https:\/\/lindy.com\/es\/datenschutz\/\"]}]},{\"@type\":\"BreadcrumbList\",\"@id\":\"https:\/\/lindy.com\/es\/datenschutz\/#breadcrumb\",\"itemListElement\":[{\"@type\":\"ListItem\",\"position\":1,\"name\":\"Home\",\"item\":\"https:\/\/lindy.com\/es\/\"},{\"@type\":\"ListItem\",\"position\":2,\"name\":\"Datenschutz\"}]},{\"@type\":\"WebSite\",\"@id\":\"https:\/\/lindy.com\/es\/#website\",\"url\":\"https:\/\/lindy.com\/es\/\",\"name\":\"Lindy - Spanish\",\"description\":\"Connection Perfection\",\"potentialAction\":[{\"@type\":\"SearchAction\",\"target\":{\"@type\":\"EntryPoint\",\"urlTemplate\":\"https:\/\/lindy.com\/es\/?s={search_term_string}\"},\"query-input\":{\"@type\":\"PropertyValueSpecification\",\"valueRequired\":true,\"valueName\":\"search_term_string\"}}],\"inLanguage\":\"es\"}]}<\/script>\n<!-- \/ Yoast SEO plugin. -->","yoast_head_json":{"title":"Datenschutz - Lindy - Spanish","robots":{"index":"index","follow":"follow","max-snippet":"max-snippet:-1","max-image-preview":"max-image-preview:large","max-video-preview":"max-video-preview:-1"},"canonical":"https:\/\/lindy.com\/es\/datenschutz\/","og_locale":"es_ES","og_type":"article","og_title":"Datenschutz - Lindy - Spanish","og_description":"Datenschutzerkl\u00e4rung A. Verantwortlich f\u00fcr die Datenverarbeitung Verantwortlich f\u00fcr die Verarbeitung personenbezogener Daten im Rahmen dieses Webauftritts gem\u00e4\u00df den Vorschriften der Datenschutzgrundverordnung (DSGVO) ist: LINDY-Elektronik GmbH, Markircher Str. 20, 68229 Mannheim Tel.: 0621\/ 470050 Web: https:\/\/www.lindy.de\/ E-Mail: info@lindy.de Unsere Datenschutzbeauftragte: Karin Gro\u00dfkinsky, Datenschutz@lindy.de Mit dieser Datenschutzerkl\u00e4rung informieren wir Sie \u00fcber den Umfang der Verarbeitung Ihrer personenbezogenen [&hellip;]","og_url":"https:\/\/lindy.com\/es\/datenschutz\/","og_site_name":"Lindy - Spanish","article_modified_time":"2022-05-06T10:16:57+00:00","twitter_card":"summary_large_image","twitter_misc":{"Tiempo de lectura":"8 minutos"},"schema":{"@context":"https:\/\/schema.org","@graph":[{"@type":"WebPage","@id":"https:\/\/lindy.com\/es\/datenschutz\/","url":"https:\/\/lindy.com\/es\/datenschutz\/","name":"Datenschutz - Lindy - Spanish","isPartOf":{"@id":"https:\/\/lindy.com\/es\/#website"},"datePublished":"2022-05-06T10:16:56+00:00","dateModified":"2022-05-06T10:16:57+00:00","breadcrumb":{"@id":"https:\/\/lindy.com\/es\/datenschutz\/#breadcrumb"},"inLanguage":"es","potentialAction":[{"@type":"ReadAction","target":["https:\/\/lindy.com\/es\/datenschutz\/"]}]},{"@type":"BreadcrumbList","@id":"https:\/\/lindy.com\/es\/datenschutz\/#breadcrumb","itemListElement":[{"@type":"ListItem","position":1,"name":"Home","item":"https:\/\/lindy.com\/es\/"},{"@type":"ListItem","position":2,"name":"Datenschutz"}]},{"@type":"WebSite","@id":"https:\/\/lindy.com\/es\/#website","url":"https:\/\/lindy.com\/es\/","name":"Lindy - Spanish","description":"Connection Perfection","potentialAction":[{"@type":"SearchAction","target":{"@type":"EntryPoint","urlTemplate":"https:\/\/lindy.com\/es\/?s={search_term_string}"},"query-input":{"@type":"PropertyValueSpecification","valueRequired":true,"valueName":"search_term_string"}}],"inLanguage":"es"}]}},"_links":{"self":[{"href":"https:\/\/lindy.com\/es\/wp-json\/wp\/v2\/pages\/6693","targetHints":{"allow":["GET"]}}],"collection":[{"href":"https:\/\/lindy.com\/es\/wp-json\/wp\/v2\/pages"}],"about":[{"href":"https:\/\/lindy.com\/es\/wp-json\/wp\/v2\/types\/page"}],"author":[{"embeddable":true,"href":"https:\/\/lindy.com\/es\/wp-json\/wp\/v2\/users\/10"}],"replies":[{"embeddable":true,"href":"https:\/\/lindy.com\/es\/wp-json\/wp\/v2\/comments?post=6693"}],"version-history":[{"count":0,"href":"https:\/\/lindy.com\/es\/wp-json\/wp\/v2\/pages\/6693\/revisions"}],"wp:attachment":[{"href":"https:\/\/lindy.com\/es\/wp-json\/wp\/v2\/media?parent=6693"}],"curies":[{"name":"wp","href":"https:\/\/api.w.org\/{rel}","templated":true}]}}