{"id":6865,"date":"2023-10-11T14:31:58","date_gmt":"2023-10-11T14:31:58","guid":{"rendered":"https:\/\/lindy.com\/es\/?page_id=6865"},"modified":"2024-06-03T10:17:55","modified_gmt":"2024-06-03T10:17:55","slug":"hr","status":"publish","type":"page","link":"https:\/\/lindy.com\/es\/hr\/","title":{"rendered":"HR"},"content":{"rendered":"\n<section class=\"wp-block-lindy-image-text-module section section--full-width-image full-width-image--with-text theme--light section--animation-none align--center  font--size-medium\" style=\"background-image:url(https:\/\/lindy.com\/en\/wp-content\/uploads\/sites\/2\/2018\/10\/HR_Image11.jpg)\"><img decoding=\"async\" class=\"full-width-image__image\" src=\"https:\/\/lindy.com\/en\/wp-content\/uploads\/sites\/2\/2018\/10\/HR_Image11.jpg\"\/><div class=\"contained\"><div class=\"full-width-image__content\"><h2 class=\"section__heading\"><span><br\/><span style=\"color:#FFFFFF\">PASSIONATE ABOUT OUR PEOPLE<\/span><\/span><\/h2><h2 class=\"section__subheading section__subheading__title\"><span style=\"color:#FFFFFF\">PASSIONATE ABOUT WHAT WE DO<\/span><br\/><br\/><br\/><br\/><br\/><\/h2><a href=\"https:\/\/lindy.com\/es\/vacantes-actuales\/\" class=\"button button--dark\" target=\"_self\" rel=\"noopener noreferrer\">Vacantes actuales<\/a><\/div><\/div><\/section>\n\n\n\n<section class=\"wp-block-lindy-image-text-module section section--full-width-image full-width-image--with-text theme--light section--animation-none align--center font--camber font--size-medium\" style=\"background-image:url()\"><img decoding=\"async\" class=\"full-width-image__image\" src=\"\"\/><div class=\"contained\"><div class=\"full-width-image__content\"><p class=\"section__paragraph\">Lindy, una marca de tecnolog\u00eda y con visi\u00f3n din\u00e1mica y de futuro, realizando operaciones de ventas, servicio y log\u00edstica en muchos diferentes pa\u00edses. Los valores fundamentales de Lindy combinan d\u00e9cadas de experiencia comercial y \u00e9xito con una cultura amigable y progresista que se nutre del pensamiento innovador, el trabajo en equipo y la cooperaci\u00f3n.<br\/><br\/>Lindy trata a los empleados, socios comerciales y proveedores de manera justa y respetuosa en todo momento. Lindy es un lugar donde se anima a todos los empleados a crecer y alcanzar su m\u00e1ximo potencial<strong>.<\/strong><\/p><\/div><\/div><\/section>\n\n\n\n<section class=\"wp-block-lindy-paragraph-and-images full-width-image--with-text section section--paragraph-image  theme--light font--size-medium\"><div class=\"grid-noBottom-middle-reverse\"><div class=\"col-6_sm-12 full-width-image__content section section--animation-none align--left \"><div class=\"content--animate\"><div class=\"contained\"><p class=\"section__paragraph\">La cultura Lindy est\u00e1 evolucionando. Nos comprometemos a ofrecer un entorno de trabajo creativo, solidario y emocionante en el que nuestro equipo tenga la libertad de contribuir a un cambio positivo al tiempo que desarrolla habilidades y se divierte.<\/p><\/div><\/div><\/div><div class=\"col-6_sm-12 full-width-image--with-text align--left\" style=\"background-image:url(https:\/\/lindy.com\/en\/wp-content\/uploads\/sites\/2\/2018\/10\/HR_Imae1.jpg)\"><img decoding=\"async\" src=\"https:\/\/lindy.com\/en\/wp-content\/uploads\/sites\/2\/2018\/10\/HR_Imae1.jpg\"\/><\/div><\/div><\/section>\n\n\n\n<section class=\"wp-block-lindy-paragraph-and-images full-width-image--with-text section section--paragraph-image  theme--light font--size-medium\"><div class=\"grid-noBottom-middle\"><div class=\"col-6_sm-12 full-width-image__content section section--animation-none align--right \"><div class=\"content--animate\"><div class=\"contained\"><p class=\"section__paragraph\">En apoyo de los valores, la misi\u00f3n y la visi\u00f3n de Lindy, la funci\u00f3n de Recursos Humanos es ayudar a toda la empresa a alcanzar nuestros objetivos a trav\u00e9s de nuestro recurso m\u00e1s valioso: nuestro personal.<\/p><\/div><\/div><\/div><div class=\"col-6_sm-12 full-width-image--with-text align--right\" style=\"background-image:url(https:\/\/lindy.com\/en\/wp-content\/uploads\/sites\/2\/2018\/10\/HR_Imae2-1.jpg)\"><img decoding=\"async\" src=\"https:\/\/lindy.com\/en\/wp-content\/uploads\/sites\/2\/2018\/10\/HR_Imae2-1.jpg\"\/><\/div><\/div><\/section>\n\n\n\n<section class=\"wp-block-lindy-paragraph-and-images full-width-image--with-text section section--paragraph-image  theme--light font--camber font--size-large\"><div class=\"grid-noBottom-middle-reverse\"><div class=\"col-6_sm-12 full-width-image__content section section--animation-none align--left \"><div class=\"content--animate\"><div class=\"contained\"><h2 class=\"section__heading\"><span>PARA CREAR<br\/>UNA VISI\u00d3N,<br\/>NECESITAMOS<br\/>VISIONARIOS.<\/span><\/h2><\/div><\/div><\/div><div class=\"col-6_sm-12 full-width-image--with-text align--left\" style=\"background-image:url(https:\/\/lindy.com\/en\/wp-content\/uploads\/sites\/2\/2018\/10\/HR_Image14.jpg)\"><img decoding=\"async\" src=\"https:\/\/lindy.com\/en\/wp-content\/uploads\/sites\/2\/2018\/10\/HR_Image14.jpg\"\/><\/div><\/div><\/section>\n\n\n\n<section class=\"wp-block-lindy-image-text-module section section--full-width-image full-width-image--with-text theme--dark section--animation-none align--center font--camber font--size-large\" style=\"background-image:url()\"><img decoding=\"async\" class=\"full-width-image__image\" src=\"\"\/><div class=\"contained\"><div class=\"full-width-image__content\"><h2 class=\"section__heading\"><span>TRABAJANDO EN LINDY.<\/span><\/h2><h2 class=\"section__subheading section__subheading__title\">ES UN TEMA DE TRABAJO EN EQUIPO.<br\/><br\/><\/h2><\/div><\/div><\/section>\n\n\n\n<section class=\"wp-block-lindy-paragraph-and-images full-width-image--with-text section section--paragraph-image  theme--dark font--camber font--size-medium\"><div class=\"grid-noBottom-middle-reverse\"><div class=\"col-6_sm-12 full-width-image__content section section--animation-none align--left \"><div class=\"content--animate\"><div class=\"contained\"><h2 class=\"section__subheading section__subheading__title\">\u00abMUY ESTIMULANTE. MUY MOTIVADOR. Y UN AMBIENTE MUY FRESCO Y JOVEN.\u00bb\u00a0<\/h2><p class=\"section__paragraph\"><br\/>Elia LUPI \u2013 Reponsable de ventas en Europa<\/p><\/div><\/div><\/div><div class=\"col-6_sm-12 full-width-image--with-text align--left\" style=\"background-image:url(https:\/\/lindy.com\/en\/wp-content\/uploads\/sites\/2\/2018\/10\/ELIA.jpg)\"><img decoding=\"async\" src=\"https:\/\/lindy.com\/en\/wp-content\/uploads\/sites\/2\/2018\/10\/ELIA.jpg\"\/><\/div><\/div><\/section>\n\n\n\n<section class=\"wp-block-lindy-paragraph-and-images full-width-image--with-text section section--paragraph-image  theme--dark font--camber font--size-medium\"><div class=\"grid-noBottom-middle\"><div class=\"col-6_sm-12 full-width-image__content section section--animation-none align--right \"><div class=\"content--animate\"><div class=\"contained\"><h2 class=\"section__subheading section__subheading__title\">\u00abEN TODO EL MUNDO. COMO UNA FAMILIA.\u00bb<\/h2><p class=\"section__paragraph\"><br\/>Neil CHIU \u2013 Responsable de producto<\/p><\/div><\/div><\/div><div class=\"col-6_sm-12 full-width-image--with-text align--right\" style=\"background-image:url(https:\/\/lindy.com\/en\/wp-content\/uploads\/sites\/2\/2018\/10\/NEIL.jpg)\"><img decoding=\"async\" src=\"https:\/\/lindy.com\/en\/wp-content\/uploads\/sites\/2\/2018\/10\/NEIL.jpg\"\/><\/div><\/div><\/section>\n\n\n\n<section class=\"wp-block-lindy-paragraph-and-images full-width-image--with-text section section--paragraph-image  theme--dark font--camber font--size-medium\"><div class=\"grid-noBottom-middle-reverse\"><div class=\"col-6_sm-12 full-width-image__content section section--animation-none align--left \"><div class=\"content--animate\"><div class=\"contained\"><h2 class=\"section__subheading section__subheading__title\">\u00abME GUSTA VENIR A UN SITIO DONDE TODO EL MUNDO SABE MI NOMBRE Y YO CONOZCO A TODO EL MUNDO.\u00bb<\/h2><p class=\"section__paragraph\"><br\/>John PATRICK \u2013 Supervisor de soporte t\u00e9cnico<\/p><\/div><\/div><\/div><div class=\"col-6_sm-12 full-width-image--with-text align--left\" style=\"background-image:url(https:\/\/lindy.com\/en\/wp-content\/uploads\/sites\/2\/2018\/10\/JOHN.jpg)\"><img decoding=\"async\" src=\"https:\/\/lindy.com\/en\/wp-content\/uploads\/sites\/2\/2018\/10\/JOHN.jpg\"\/><\/div><\/div><\/section>\n\n\n\n<section class=\"wp-block-lindy-image-text-module section section--full-width-image full-width-image--with-text theme--dark section--animation-none align--center  font--size-medium\" style=\"background-image:url()\"><img decoding=\"async\" class=\"full-width-image__image\" src=\"\"\/><div class=\"contained\"><div class=\"full-width-image__content\"><p class=\"section__paragraph\">Espero formar parte de un equipo de \u00e9xito y una empresa en crecimiento. Desempe\u00f1ar un papel en nuestro programa global para ser los l\u00edderes de nuestro sector y ser los mejores en lo que hacemos.<br\/><br\/>Trabajar dentro de un equipo local y tambi\u00e9n con nuestros socios globales utilizando la tecnolog\u00eda moderna para reunirnos, compartir y desarrollar nuestras relaciones de trabajo.<br\/><br\/>Un estilo de gesti\u00f3n abierto, honesto y accesible fomenta el di\u00e1logo genuino y directo en todos los niveles de la empresa. Lindy es una empresa familiar con un enfoque amistoso y un sentimiento de comunidad.<\/p><a href=\"https:\/\/lindy.com\/es\/vacantes-actuales\/\" class=\"button button--white-transparent\" target=\"_self\" rel=\"noopener noreferrer\">Vacantes actuales<\/a><\/div><\/div><\/section>\n","protected":false},"excerpt":{"rendered":"","protected":false},"author":21,"featured_media":0,"parent":0,"menu_order":0,"comment_status":"closed","ping_status":"closed","template":"page-templates\/template-landing.php","meta":{"_acf_changed":false,"footnotes":""},"class_list":["post-6865","page","type-page","status-publish","hentry"],"acf":[],"yoast_head":"<!-- This site is optimized with the Yoast SEO plugin v26.6 - https:\/\/yoast.com\/wordpress\/plugins\/seo\/ -->\n<title>HR - Lindy - Spanish<\/title>\n<meta name=\"robots\" content=\"index, follow, max-snippet:-1, max-image-preview:large, max-video-preview:-1\" \/>\n<link rel=\"canonical\" href=\"https:\/\/lindy.com\/es\/hr\/\" \/>\n<meta property=\"og:locale\" content=\"es_ES\" \/>\n<meta property=\"og:type\" content=\"article\" \/>\n<meta property=\"og:title\" content=\"HR - Lindy - Spanish\" \/>\n<meta property=\"og:url\" content=\"https:\/\/lindy.com\/es\/hr\/\" \/>\n<meta property=\"og:site_name\" content=\"Lindy - Spanish\" \/>\n<meta property=\"article:modified_time\" content=\"2024-06-03T10:17:55+00:00\" \/>\n<meta property=\"og:image\" content=\"https:\/\/lindy.com\/en\/wp-content\/uploads\/sites\/2\/2018\/10\/HR_Image11.jpg\" \/>\n<meta name=\"twitter:card\" content=\"summary_large_image\" \/>\n<meta name=\"twitter:label1\" content=\"Tiempo de lectura\" \/>\n\t<meta name=\"twitter:data1\" content=\"4 minutos\" \/>\n<script type=\"application\/ld+json\" class=\"yoast-schema-graph\">{\"@context\":\"https:\/\/schema.org\",\"@graph\":[{\"@type\":\"WebPage\",\"@id\":\"https:\/\/lindy.com\/es\/hr\/\",\"url\":\"https:\/\/lindy.com\/es\/hr\/\",\"name\":\"HR - Lindy - Spanish\",\"isPartOf\":{\"@id\":\"https:\/\/lindy.com\/es\/#website\"},\"primaryImageOfPage\":{\"@id\":\"https:\/\/lindy.com\/es\/hr\/#primaryimage\"},\"image\":{\"@id\":\"https:\/\/lindy.com\/es\/hr\/#primaryimage\"},\"thumbnailUrl\":\"https:\/\/lindy.com\/en\/wp-content\/uploads\/sites\/2\/2018\/10\/HR_Image11.jpg\",\"datePublished\":\"2023-10-11T14:31:58+00:00\",\"dateModified\":\"2024-06-03T10:17:55+00:00\",\"breadcrumb\":{\"@id\":\"https:\/\/lindy.com\/es\/hr\/#breadcrumb\"},\"inLanguage\":\"es\",\"potentialAction\":[{\"@type\":\"ReadAction\",\"target\":[\"https:\/\/lindy.com\/es\/hr\/\"]}]},{\"@type\":\"ImageObject\",\"inLanguage\":\"es\",\"@id\":\"https:\/\/lindy.com\/es\/hr\/#primaryimage\",\"url\":\"https:\/\/lindy.com\/en\/wp-content\/uploads\/sites\/2\/2018\/10\/HR_Image11.jpg\",\"contentUrl\":\"https:\/\/lindy.com\/en\/wp-content\/uploads\/sites\/2\/2018\/10\/HR_Image11.jpg\"},{\"@type\":\"BreadcrumbList\",\"@id\":\"https:\/\/lindy.com\/es\/hr\/#breadcrumb\",\"itemListElement\":[{\"@type\":\"ListItem\",\"position\":1,\"name\":\"Home\",\"item\":\"https:\/\/lindy.com\/es\/\"},{\"@type\":\"ListItem\",\"position\":2,\"name\":\"HR\"}]},{\"@type\":\"WebSite\",\"@id\":\"https:\/\/lindy.com\/es\/#website\",\"url\":\"https:\/\/lindy.com\/es\/\",\"name\":\"Lindy - Spanish\",\"description\":\"Connection Perfection\",\"potentialAction\":[{\"@type\":\"SearchAction\",\"target\":{\"@type\":\"EntryPoint\",\"urlTemplate\":\"https:\/\/lindy.com\/es\/?s={search_term_string}\"},\"query-input\":{\"@type\":\"PropertyValueSpecification\",\"valueRequired\":true,\"valueName\":\"search_term_string\"}}],\"inLanguage\":\"es\"}]}<\/script>\n<!-- \/ Yoast SEO plugin. -->","yoast_head_json":{"title":"HR - Lindy - Spanish","robots":{"index":"index","follow":"follow","max-snippet":"max-snippet:-1","max-image-preview":"max-image-preview:large","max-video-preview":"max-video-preview:-1"},"canonical":"https:\/\/lindy.com\/es\/hr\/","og_locale":"es_ES","og_type":"article","og_title":"HR - Lindy - Spanish","og_url":"https:\/\/lindy.com\/es\/hr\/","og_site_name":"Lindy - Spanish","article_modified_time":"2024-06-03T10:17:55+00:00","og_image":[{"url":"https:\/\/lindy.com\/en\/wp-content\/uploads\/sites\/2\/2018\/10\/HR_Image11.jpg","type":"","width":"","height":""}],"twitter_card":"summary_large_image","twitter_misc":{"Tiempo de lectura":"4 minutos"},"schema":{"@context":"https:\/\/schema.org","@graph":[{"@type":"WebPage","@id":"https:\/\/lindy.com\/es\/hr\/","url":"https:\/\/lindy.com\/es\/hr\/","name":"HR - Lindy - Spanish","isPartOf":{"@id":"https:\/\/lindy.com\/es\/#website"},"primaryImageOfPage":{"@id":"https:\/\/lindy.com\/es\/hr\/#primaryimage"},"image":{"@id":"https:\/\/lindy.com\/es\/hr\/#primaryimage"},"thumbnailUrl":"https:\/\/lindy.com\/en\/wp-content\/uploads\/sites\/2\/2018\/10\/HR_Image11.jpg","datePublished":"2023-10-11T14:31:58+00:00","dateModified":"2024-06-03T10:17:55+00:00","breadcrumb":{"@id":"https:\/\/lindy.com\/es\/hr\/#breadcrumb"},"inLanguage":"es","potentialAction":[{"@type":"ReadAction","target":["https:\/\/lindy.com\/es\/hr\/"]}]},{"@type":"ImageObject","inLanguage":"es","@id":"https:\/\/lindy.com\/es\/hr\/#primaryimage","url":"https:\/\/lindy.com\/en\/wp-content\/uploads\/sites\/2\/2018\/10\/HR_Image11.jpg","contentUrl":"https:\/\/lindy.com\/en\/wp-content\/uploads\/sites\/2\/2018\/10\/HR_Image11.jpg"},{"@type":"BreadcrumbList","@id":"https:\/\/lindy.com\/es\/hr\/#breadcrumb","itemListElement":[{"@type":"ListItem","position":1,"name":"Home","item":"https:\/\/lindy.com\/es\/"},{"@type":"ListItem","position":2,"name":"HR"}]},{"@type":"WebSite","@id":"https:\/\/lindy.com\/es\/#website","url":"https:\/\/lindy.com\/es\/","name":"Lindy - Spanish","description":"Connection Perfection","potentialAction":[{"@type":"SearchAction","target":{"@type":"EntryPoint","urlTemplate":"https:\/\/lindy.com\/es\/?s={search_term_string}"},"query-input":{"@type":"PropertyValueSpecification","valueRequired":true,"valueName":"search_term_string"}}],"inLanguage":"es"}]}},"_links":{"self":[{"href":"https:\/\/lindy.com\/es\/wp-json\/wp\/v2\/pages\/6865","targetHints":{"allow":["GET"]}}],"collection":[{"href":"https:\/\/lindy.com\/es\/wp-json\/wp\/v2\/pages"}],"about":[{"href":"https:\/\/lindy.com\/es\/wp-json\/wp\/v2\/types\/page"}],"author":[{"embeddable":true,"href":"https:\/\/lindy.com\/es\/wp-json\/wp\/v2\/users\/21"}],"replies":[{"embeddable":true,"href":"https:\/\/lindy.com\/es\/wp-json\/wp\/v2\/comments?post=6865"}],"version-history":[{"count":3,"href":"https:\/\/lindy.com\/es\/wp-json\/wp\/v2\/pages\/6865\/revisions"}],"predecessor-version":[{"id":7318,"href":"https:\/\/lindy.com\/es\/wp-json\/wp\/v2\/pages\/6865\/revisions\/7318"}],"wp:attachment":[{"href":"https:\/\/lindy.com\/es\/wp-json\/wp\/v2\/media?parent=6865"}],"curies":[{"name":"wp","href":"https:\/\/api.w.org\/{rel}","templated":true}]}}