{"id":6869,"date":"2023-11-09T10:37:02","date_gmt":"2023-11-09T10:37:02","guid":{"rendered":"https:\/\/lindy.com\/es\/?page_id=6869"},"modified":"2024-04-17T11:19:16","modified_gmt":"2024-04-17T11:19:16","slug":"condiciones-de-participacion","status":"publish","type":"page","link":"https:\/\/lindy.com\/es\/condiciones-de-participacion\/","title":{"rendered":"Lindy Quiz EET Day 2024"},"content":{"rendered":"\n<h2 class=\"wp-block-heading\">Condiciones de participaci\u00f3n Lindy Quiz evento para clientes de la EET Day 2024, Espa\u00f1a<\/h2>\n\n\n\n<p>Pueden participar todas las personas mayores de 18 a\u00f1os. Para participar, hay que escanear el c\u00f3digo QR, rellenar digitalmente el formulario de Microsoft Forms vinculado y responder a todas las preguntas. La participaci\u00f3n s\u00f3lo es posible junto con el consentimiento para almacenar sus datos de contacto para un posterior contacto. S\u00f3lo es posible una participaci\u00f3n por persona. Los empleados y sus familiares est\u00e1n excluidos de la participaci\u00f3n. La participaci\u00f3n implica la aceptaci\u00f3n de las condiciones de participaci\u00f3n y de las condiciones de protecci\u00f3n de datos del concurso.<\/p>\n\n\n\n<p>El concurso est\u00e1 limitado en el tiempo y el per\u00edodo se define en consecuencia en el formulario. Entre todos los participantes se sortear\u00e1 <strong> Lindy docking station DST-Mini XT 810<\/strong> <strong>(N\u00ba 43392<\/strong> <strong>\/PVP 159 EUR)<\/strong><em>.<\/em> El ganador ser\u00e1 seleccionado al final del evento de forma aleatoria y se le notificar\u00e1 por tel\u00e9fono. El ganador recibir\u00e1 el premio inmediatamente en el lugar. Si el ganador no est\u00e1 disponible en un plazo de 2 horas, perder\u00e1 el derecho al premio. En este caso, nos reservamos el derecho de designar un ganador sustituto. El premio no es transferible. No es posible el pago del premio en forma de dinero en efectivo o de alternativas. El sorteo se utiliza para recopilar datos de clientes con fines de marketing.<\/p>\n\n\n\n<p><strong>Pol\u00edtica de privacidad<\/strong><\/p>\n\n\n\n<p>El responsable del tratamiento de datos es Lindy Electronics Iberia slu, Balmes 368, planta 7 pta 4, 08006 Barcelona, Espa\u00f1a, <a href=\"mailto:info_es@lindy.com\">info_es@lindy.com<\/a>.<\/p>\n\n\n\n<p>En el marco del concurso, recogemos y tratamos los siguientes datos personales: Apellidos, nombre, empresa, direcci\u00f3n de correo electr\u00f3nico de la empresa y n\u00famero de tel\u00e9fono de la empresa. Sus datos personales ser\u00e1n tratados con el fin de notificar y transmitir el premio. La normativa legal para este tratamiento es el Art. 6 para. 1 lit. b DSGVO (aplicaci\u00f3n de medidas precontractuales o cumplimiento de un contrato). Adem\u00e1s, tratamos sus datos para ponernos en contacto con usted por tel\u00e9fono y\/o correo electr\u00f3nico en el marco de los contactos precontractuales y\/o para mantener la relaci\u00f3n comercial.&nbsp; La normativa legal para el tratamiento es el Art. 6 para. 1 lit. b GDPR (ejecuci\u00f3n de medidas precontractuales o cumplimiento de un contrato, as\u00ed como el consentimiento seg\u00fan el Art. 6 para. 1 lit. a DSGVO).<\/p>\n\n\n\n<p>Los datos se transmiten de forma encriptada y se almacenan en nuestro Microsoft Tennant en un centro de datos dentro de la UE. Los datos permanecen en Lindy y no se transmiten a terceros.<\/p>\n\n\n\n<p>Puede revocar su consentimiento para el uso de sus datos con el fin de ponerse en contacto con usted en cualquier momento enviando un breve mensaje a info_es@lindy.com. En el marco del concurso, las obligaciones de almacenamiento pueden derivarse de las obligaciones derivadas del derecho mercantil y fiscal. Los periodos de almacenamiento o documentaci\u00f3n all\u00ed especificados suelen ser de dos a diez a\u00f1os.<\/p>\n\n\n\n<p>Como interesado, tiene derecho a la informaci\u00f3n, rectificaci\u00f3n, supresi\u00f3n, limitaci\u00f3n del tratamiento, oposici\u00f3n y portabilidad de los datos. Adem\u00e1s, tiene derecho a presentar una reclamaci\u00f3n ante la autoridad de control competente: <a href=\"https:\/\/www.agpd.es\/\" target=\"_blank\" rel=\"noreferrer noopener\">https:\/\/www.agpd.es\/<\/a>.<\/p>\n","protected":false},"excerpt":{"rendered":"<p>Condiciones de participaci\u00f3n Lindy Quiz evento para clientes de la EET Day 2024, Espa\u00f1a Pueden participar todas las personas mayores de 18 a\u00f1os. Para participar, hay que escanear el c\u00f3digo QR, rellenar digitalmente el formulario de Microsoft Forms vinculado y responder a todas las preguntas. La participaci\u00f3n s\u00f3lo es posible junto con el consentimiento para [&hellip;]<\/p>\n","protected":false},"author":11,"featured_media":0,"parent":0,"menu_order":0,"comment_status":"closed","ping_status":"closed","template":"","meta":{"_acf_changed":false,"footnotes":""},"class_list":["post-6869","page","type-page","status-publish","hentry"],"acf":[],"yoast_head":"<!-- This site is optimized with the Yoast SEO plugin v26.6 - https:\/\/yoast.com\/wordpress\/plugins\/seo\/ -->\n<title>Lindy Quiz EET Day 2024 - Lindy - Spanish<\/title>\n<meta name=\"robots\" content=\"index, follow, max-snippet:-1, max-image-preview:large, max-video-preview:-1\" \/>\n<link rel=\"canonical\" href=\"https:\/\/lindy.com\/es\/condiciones-de-participacion\/\" \/>\n<meta property=\"og:locale\" content=\"es_ES\" \/>\n<meta property=\"og:type\" content=\"article\" \/>\n<meta property=\"og:title\" content=\"Lindy Quiz EET Day 2024 - Lindy - Spanish\" \/>\n<meta property=\"og:description\" content=\"Condiciones de participaci\u00f3n Lindy Quiz evento para clientes de la EET Day 2024, Espa\u00f1a Pueden participar todas las personas mayores de 18 a\u00f1os. Para participar, hay que escanear el c\u00f3digo QR, rellenar digitalmente el formulario de Microsoft Forms vinculado y responder a todas las preguntas. La participaci\u00f3n s\u00f3lo es posible junto con el consentimiento para [&hellip;]\" \/>\n<meta property=\"og:url\" content=\"https:\/\/lindy.com\/es\/condiciones-de-participacion\/\" \/>\n<meta property=\"og:site_name\" content=\"Lindy - Spanish\" \/>\n<meta property=\"article:modified_time\" content=\"2024-04-17T11:19:16+00:00\" \/>\n<meta name=\"twitter:card\" content=\"summary_large_image\" \/>\n<meta name=\"twitter:label1\" content=\"Tiempo de lectura\" \/>\n\t<meta name=\"twitter:data1\" content=\"3 minutos\" \/>\n<script type=\"application\/ld+json\" class=\"yoast-schema-graph\">{\"@context\":\"https:\/\/schema.org\",\"@graph\":[{\"@type\":\"WebPage\",\"@id\":\"https:\/\/lindy.com\/es\/condiciones-de-participacion\/\",\"url\":\"https:\/\/lindy.com\/es\/condiciones-de-participacion\/\",\"name\":\"Lindy Quiz EET Day 2024 - Lindy - Spanish\",\"isPartOf\":{\"@id\":\"https:\/\/lindy.com\/es\/#website\"},\"datePublished\":\"2023-11-09T10:37:02+00:00\",\"dateModified\":\"2024-04-17T11:19:16+00:00\",\"breadcrumb\":{\"@id\":\"https:\/\/lindy.com\/es\/condiciones-de-participacion\/#breadcrumb\"},\"inLanguage\":\"es\",\"potentialAction\":[{\"@type\":\"ReadAction\",\"target\":[\"https:\/\/lindy.com\/es\/condiciones-de-participacion\/\"]}]},{\"@type\":\"BreadcrumbList\",\"@id\":\"https:\/\/lindy.com\/es\/condiciones-de-participacion\/#breadcrumb\",\"itemListElement\":[{\"@type\":\"ListItem\",\"position\":1,\"name\":\"Home\",\"item\":\"https:\/\/lindy.com\/es\/\"},{\"@type\":\"ListItem\",\"position\":2,\"name\":\"Lindy Quiz EET Day 2024\"}]},{\"@type\":\"WebSite\",\"@id\":\"https:\/\/lindy.com\/es\/#website\",\"url\":\"https:\/\/lindy.com\/es\/\",\"name\":\"Lindy - Spanish\",\"description\":\"Connection Perfection\",\"potentialAction\":[{\"@type\":\"SearchAction\",\"target\":{\"@type\":\"EntryPoint\",\"urlTemplate\":\"https:\/\/lindy.com\/es\/?s={search_term_string}\"},\"query-input\":{\"@type\":\"PropertyValueSpecification\",\"valueRequired\":true,\"valueName\":\"search_term_string\"}}],\"inLanguage\":\"es\"}]}<\/script>\n<!-- \/ Yoast SEO plugin. -->","yoast_head_json":{"title":"Lindy Quiz EET Day 2024 - Lindy - Spanish","robots":{"index":"index","follow":"follow","max-snippet":"max-snippet:-1","max-image-preview":"max-image-preview:large","max-video-preview":"max-video-preview:-1"},"canonical":"https:\/\/lindy.com\/es\/condiciones-de-participacion\/","og_locale":"es_ES","og_type":"article","og_title":"Lindy Quiz EET Day 2024 - Lindy - Spanish","og_description":"Condiciones de participaci\u00f3n Lindy Quiz evento para clientes de la EET Day 2024, Espa\u00f1a Pueden participar todas las personas mayores de 18 a\u00f1os. Para participar, hay que escanear el c\u00f3digo QR, rellenar digitalmente el formulario de Microsoft Forms vinculado y responder a todas las preguntas. La participaci\u00f3n s\u00f3lo es posible junto con el consentimiento para [&hellip;]","og_url":"https:\/\/lindy.com\/es\/condiciones-de-participacion\/","og_site_name":"Lindy - Spanish","article_modified_time":"2024-04-17T11:19:16+00:00","twitter_card":"summary_large_image","twitter_misc":{"Tiempo de lectura":"3 minutos"},"schema":{"@context":"https:\/\/schema.org","@graph":[{"@type":"WebPage","@id":"https:\/\/lindy.com\/es\/condiciones-de-participacion\/","url":"https:\/\/lindy.com\/es\/condiciones-de-participacion\/","name":"Lindy Quiz EET Day 2024 - Lindy - Spanish","isPartOf":{"@id":"https:\/\/lindy.com\/es\/#website"},"datePublished":"2023-11-09T10:37:02+00:00","dateModified":"2024-04-17T11:19:16+00:00","breadcrumb":{"@id":"https:\/\/lindy.com\/es\/condiciones-de-participacion\/#breadcrumb"},"inLanguage":"es","potentialAction":[{"@type":"ReadAction","target":["https:\/\/lindy.com\/es\/condiciones-de-participacion\/"]}]},{"@type":"BreadcrumbList","@id":"https:\/\/lindy.com\/es\/condiciones-de-participacion\/#breadcrumb","itemListElement":[{"@type":"ListItem","position":1,"name":"Home","item":"https:\/\/lindy.com\/es\/"},{"@type":"ListItem","position":2,"name":"Lindy Quiz EET Day 2024"}]},{"@type":"WebSite","@id":"https:\/\/lindy.com\/es\/#website","url":"https:\/\/lindy.com\/es\/","name":"Lindy - Spanish","description":"Connection Perfection","potentialAction":[{"@type":"SearchAction","target":{"@type":"EntryPoint","urlTemplate":"https:\/\/lindy.com\/es\/?s={search_term_string}"},"query-input":{"@type":"PropertyValueSpecification","valueRequired":true,"valueName":"search_term_string"}}],"inLanguage":"es"}]}},"_links":{"self":[{"href":"https:\/\/lindy.com\/es\/wp-json\/wp\/v2\/pages\/6869","targetHints":{"allow":["GET"]}}],"collection":[{"href":"https:\/\/lindy.com\/es\/wp-json\/wp\/v2\/pages"}],"about":[{"href":"https:\/\/lindy.com\/es\/wp-json\/wp\/v2\/types\/page"}],"author":[{"embeddable":true,"href":"https:\/\/lindy.com\/es\/wp-json\/wp\/v2\/users\/11"}],"replies":[{"embeddable":true,"href":"https:\/\/lindy.com\/es\/wp-json\/wp\/v2\/comments?post=6869"}],"version-history":[{"count":7,"href":"https:\/\/lindy.com\/es\/wp-json\/wp\/v2\/pages\/6869\/revisions"}],"predecessor-version":[{"id":7292,"href":"https:\/\/lindy.com\/es\/wp-json\/wp\/v2\/pages\/6869\/revisions\/7292"}],"wp:attachment":[{"href":"https:\/\/lindy.com\/es\/wp-json\/wp\/v2\/media?parent=6869"}],"curies":[{"name":"wp","href":"https:\/\/api.w.org\/{rel}","templated":true}]}}