{"id":7361,"date":"2024-08-01T12:01:19","date_gmt":"2024-08-01T12:01:19","guid":{"rendered":"https:\/\/lindy.com\/es\/?page_id=7361"},"modified":"2025-04-03T15:16:07","modified_gmt":"2025-04-03T15:16:07","slug":"mision-y-vision","status":"publish","type":"page","link":"https:\/\/lindy.com\/es\/mision-y-vision\/","title":{"rendered":"MISI\u00d3N y Visi\u00f3n"},"content":{"rendered":"\n<section class=\"wp-block-lindy-image-text-module section section--full-width-image full-width-image--with-text theme--dark section--animation-none align--center  font--size-large\" style=\"background-image:url(https:\/\/lindy.com\/de\/wp-content\/uploads\/sites\/3\/2018\/11\/Pattern_1.jpg)\"><img decoding=\"async\" class=\"full-width-image__image\" src=\"https:\/\/lindy.com\/de\/wp-content\/uploads\/sites\/3\/2018\/11\/Pattern_1.jpg\"\/><div class=\"contained\"><div class=\"full-width-image__content\"><h2 class=\"section__heading\"><span><strong>MISI\u00d3N <\/strong><\/span><\/h2><h2 class=\"section__subheading section__subheading__title\"><strong>&amp; VISI\u00d3N<\/strong><br\/><br\/><\/h2><\/div><\/div><\/section>\n\n\n\n<section class=\"wp-block-lindy-image-text-module section section--full-width-image full-width-image--with-text theme--light section--animation-none align--left font--camber font--size-small\" style=\"background-image:url()\"><img decoding=\"async\" class=\"full-width-image__image\" src=\"\"\/><div class=\"contained\"><div class=\"full-width-image__content\"><h2 class=\"section__heading\"><span>Visi\u00d3n<\/span><\/h2><h2 class=\"section__subheading section__subheading__title\">Connection Perfection<\/h2><p class=\"section__paragraph\"><br\/>Nuestro objetivo es ser el principal proveedor de soluciones, desarrollador y fabricante de productos tecnol\u00f3gicos innovadores del mundo. De este empe\u00f1o nace la inspiraci\u00f3n de nuestros empleados y el entusiasmo de nuestros clientes. Juntos, miramos hacia un futuro en el que Lindy marque pautas tanto hoy como ma\u00f1ana..<\/p><\/div><\/div><\/section>\n\n\n\n<section class=\"wp-block-lindy-image-text-module section section--full-width-image full-width-image--with-text theme--dark section--animation-none align--right font--camber font--size-small\" style=\"background-image:url()\"><img decoding=\"async\" class=\"full-width-image__image\" src=\"\"\/><div class=\"contained\"><div class=\"full-width-image__content\"><h2 class=\"section__heading\"><span>Misi\u00f3n<\/span><\/h2><h2 class=\"section__subheading section__subheading__title\">Las mejores soluciones tecnol\u00f3gicas<br\/>y un servicio de atenci\u00f3n al cliente de primera clase en el mundo interconectado <\/h2><p class=\"section__paragraph\"><br\/>Juntos, reforzamos las asociaciones profesionales a largo plazo a trav\u00e9s de una cultura de cooperaci\u00f3n y excelencia. Nuestro compromiso responsable con la conexi\u00f3n perfecta seguir\u00e1 impuls\u00e1ndonos para garantizar que siempre vamos un paso por delante de las demandas y necesidades de nuestros clientes y socios en todo el mundo.<\/p><\/div><\/div><\/section>\n\n\n\n<section id=\"valores\" class=\"wp-block-lindy-anchor-section section section--anchor\"><\/section>\n\n\n\n<section class=\"wp-block-lindy-paragraph-one-col section section--horizontal-content section--horizontal-content--one-column font--size-small theme--light align--center font--camber section--animation-none\"><div class=\"contained\"><h2 class=\"section__heading\"><span>Nuestros valores<\/span><\/h2><p class=\"section__paragraph\"><br\/>Lindy tambi\u00e9n es sin\u00f3nimo de integridad, dedicaci\u00f3n y responsabilidad. Valores que siguen siendo v\u00e1lidos para nosotros hoy en d\u00eda y que se reflejan en nuestra filosof\u00eda corporativa.<\/p><\/div><\/section>\n\n\n\n<section class=\"wp-block-lindy-key-info section section--key-info theme--light section--animation-none\"><div class=\"contained\"><div class=\"grid-3_sm-1-center\"><div class=\"col left_item\"><div class=\"box\"><h3 class=\"section__heading\">Integridad\n<\/h3><div class=\"section__content\"><p class=\"section__content\"><strong>LO QUE DECIMOS ES LO QUE OFRECEMOS<\/strong><br\/><br\/>!Nuestras acciones est\u00e1n en armon\u00eda con nuestras convicciones internas!<br\/><br\/>Por lo tanto, hacemos lo que decimos y decimos lo que hacemos. Esta fiabilidad y transparencia son parte integrante de nuestra filosof\u00eda y forman parte de la marca Lindy tanto como el nombre, el logotipo y la calidad del servicio y los productos.<\/p><\/div><\/div><\/div><div class=\"col right_item\"><div class=\"box\"><h3 class=\"section__heading\">EMPAT\u00cdA<\/h3><div class=\"section__content\"><p class=\"section__content\"><strong>OJO Y O\u00cdDO PUESTOS EN EL CLIENTE<\/strong><br\/><br\/>\u00a1Nos ocuparemos de ello!<br\/>\u00a0<br\/>M\u00e1s all\u00e1 de los l\u00edmites de la empresa, empatizamos con nuestros hom\u00f3logos, nos anticipamos a los requisitos, deseos y necesidades de cada uno y situamos la conexi\u00f3n personal por encima de la mera transacci\u00f3n. Este enfoque ha caracterizado la relaci\u00f3n con nuestros clientes y socios, as\u00ed como nuestras relaciones mutuas desde el principio.\u00a0\u00a0<br\/>\u00a0<\/p><\/div><\/div><\/div><div class=\"col third_item\"><div class=\"box\"><h3 class=\"section__heading\">Responsabilidad<\/h3><div class=\"section__content\"><p class=\"section__content\"><strong>ACCI\u00d3N EMPRENDEDORA<\/strong><br\/><br\/><br\/>!Vamos m\u00e1s all\u00e1!<br\/>\u00a0<br\/>Pensamos y actuamos de forma independiente, aprendemos continuamente y garantizamos constantemente un mayor desarrollo. No trabajamos sobre problemas, sino siempre sobre soluciones.<br\/>\u00a0<\/p><\/div><\/div><\/div><\/div><\/div><\/section>\n\n\n\n<section class=\"wp-block-lindy-image-text-module section section--full-width-image full-width-image--with-text theme--dark section--animation-none align--left font--camber font--size-small\" style=\"background-image:url()\"><img decoding=\"async\" class=\"full-width-image__image\" src=\"\"\/><div class=\"contained\"><div class=\"full-width-image__content\"><h2 class=\"section__heading\"><span><strong>Integridad<\/strong><\/span><\/h2><h2 class=\"section__subheading section__subheading__title\">LO QUE DECIMOS ES LO QUE OFRECEMOS <\/h2><p class=\"section__paragraph\"><br\/>!Nuestras acciones est\u00e1n en armon\u00eda<br\/>con nuestras convicciones internas!<br\/><br\/>Por tanto, hacemos lo que decimos y decimos lo que hacemos. Esta fiabilidad y transparencia son parte integrante de nuestra filosof\u00eda y forman parte de la marca Lindy tanto como el nombre, el logotipo y la calidad del servicio y los productos.<br\/><br\/>El respeto, la imparcialidad y la fiabilidad en nuestro trato diario con clientes, socios, empleados y colegas son algunas de las normas \u00e9ticas m\u00e1s elevadas e irrefutables a las que nos adherimos.<\/p><\/div><\/div><\/section>\n\n\n\n<section class=\"wp-block-lindy-image-text-module section section--full-width-image full-width-image--with-text theme--light section--animation-none align--right font--camber font--size-small\" style=\"background-image:url()\"><img decoding=\"async\" class=\"full-width-image__image\" src=\"\"\/><div class=\"contained\"><div class=\"full-width-image__content\"><h2 class=\"section__heading\"><span><strong>EMPAT\u00cdA<\/strong><\/span><\/h2><h2 class=\"section__subheading section__subheading__title\">Ojos y o\u00eddos puestos en el cliente<\/h2><p class=\"section__paragraph\"><br\/>!Nosotros nos encargamos.!<br\/><br\/> M\u00e1s all\u00e1 de las fronteras de la empresa, empatizamos con nuestros hom\u00f3logos, nos anticipamos a las exigencias y necesidades de cada uno y anteponemos la conexi\u00f3n personal a la mera transacci\u00f3n. Este enfoque ha caracterizado la relaci\u00f3n con nuestros clientes y socios desde el principio, as\u00ed como nuestras relaciones mutuas.<br\/><br\/>El di\u00e1logo y el debate a pie de calle, las sugerencias, los deseos y las ideas han sido siempre el \u00abcombustible\u00bb y la motivaci\u00f3n de nuestro desarrollo y proporcionan un apoyo y un impulso insustituibles a nuestras innovaciones.<\/p><\/div><\/div><\/section>\n\n\n\n<section class=\"wp-block-lindy-image-text-module section section--full-width-image full-width-image--with-text theme--dark section--animation-none align--left  font--size-small\" style=\"background-image:url()\"><img decoding=\"async\" class=\"full-width-image__image\" src=\"\"\/><div class=\"contained\"><div class=\"full-width-image__content\"><h2 class=\"section__heading\"><span><strong>Responsabilidad<\/strong><\/span><\/h2><h2 class=\"section__subheading section__subheading__title\">Conducta empresarial<\/h2><p class=\"section__paragraph\"><br\/>!Vamos m\u00e1s all\u00e1!<br\/> <br\/>Pensamos y actuamos de forma independiente, aprendemos continuamente y garantizamos constantemente un mayor desarrollo. No trabajamos sobre problemas, sino siempre sobre soluciones.\u00a0<br\/><br\/>Todos y cada uno de nosotros nos enfrentamos cada d\u00eda al reto de tomar la iniciativa en nuestra comunicaci\u00f3n con socios y clientes, reconocer el potencial y las oportunidades y conseguir avances y mejoras a trav\u00e9s de nuestras propias acciones.<\/p><\/div><\/div><\/section>\n","protected":false},"excerpt":{"rendered":"","protected":false},"author":11,"featured_media":0,"parent":0,"menu_order":0,"comment_status":"closed","ping_status":"closed","template":"page-templates\/template-landing.php","meta":{"_acf_changed":false,"footnotes":""},"class_list":["post-7361","page","type-page","status-publish","hentry"],"acf":[],"yoast_head":"<!-- This site is optimized with the Yoast SEO plugin v26.6 - https:\/\/yoast.com\/wordpress\/plugins\/seo\/ -->\n<title>MISI\u00d3N y Visi\u00f3n - Lindy - Spanish<\/title>\n<meta name=\"robots\" content=\"index, follow, max-snippet:-1, max-image-preview:large, max-video-preview:-1\" \/>\n<link rel=\"canonical\" href=\"https:\/\/lindy.com\/es\/mision-y-vision\/\" \/>\n<meta property=\"og:locale\" content=\"es_ES\" \/>\n<meta property=\"og:type\" content=\"article\" \/>\n<meta property=\"og:title\" content=\"MISI\u00d3N y Visi\u00f3n - Lindy - Spanish\" \/>\n<meta property=\"og:url\" content=\"https:\/\/lindy.com\/es\/mision-y-vision\/\" \/>\n<meta property=\"og:site_name\" content=\"Lindy - Spanish\" \/>\n<meta property=\"article:modified_time\" content=\"2025-04-03T15:16:07+00:00\" \/>\n<meta property=\"og:image\" content=\"https:\/\/lindy.com\/de\/wp-content\/uploads\/sites\/3\/2018\/11\/Pattern_1.jpg\" \/>\n<meta name=\"twitter:card\" content=\"summary_large_image\" \/>\n<meta name=\"twitter:label1\" content=\"Tiempo de lectura\" \/>\n\t<meta name=\"twitter:data1\" content=\"4 minutos\" \/>\n<script type=\"application\/ld+json\" class=\"yoast-schema-graph\">{\"@context\":\"https:\/\/schema.org\",\"@graph\":[{\"@type\":\"WebPage\",\"@id\":\"https:\/\/lindy.com\/es\/mision-y-vision\/\",\"url\":\"https:\/\/lindy.com\/es\/mision-y-vision\/\",\"name\":\"MISI\u00d3N y Visi\u00f3n - Lindy - Spanish\",\"isPartOf\":{\"@id\":\"https:\/\/lindy.com\/es\/#website\"},\"primaryImageOfPage\":{\"@id\":\"https:\/\/lindy.com\/es\/mision-y-vision\/#primaryimage\"},\"image\":{\"@id\":\"https:\/\/lindy.com\/es\/mision-y-vision\/#primaryimage\"},\"thumbnailUrl\":\"https:\/\/lindy.com\/de\/wp-content\/uploads\/sites\/3\/2018\/11\/Pattern_1.jpg\",\"datePublished\":\"2024-08-01T12:01:19+00:00\",\"dateModified\":\"2025-04-03T15:16:07+00:00\",\"breadcrumb\":{\"@id\":\"https:\/\/lindy.com\/es\/mision-y-vision\/#breadcrumb\"},\"inLanguage\":\"es\",\"potentialAction\":[{\"@type\":\"ReadAction\",\"target\":[\"https:\/\/lindy.com\/es\/mision-y-vision\/\"]}]},{\"@type\":\"ImageObject\",\"inLanguage\":\"es\",\"@id\":\"https:\/\/lindy.com\/es\/mision-y-vision\/#primaryimage\",\"url\":\"https:\/\/lindy.com\/de\/wp-content\/uploads\/sites\/3\/2018\/11\/Pattern_1.jpg\",\"contentUrl\":\"https:\/\/lindy.com\/de\/wp-content\/uploads\/sites\/3\/2018\/11\/Pattern_1.jpg\"},{\"@type\":\"BreadcrumbList\",\"@id\":\"https:\/\/lindy.com\/es\/mision-y-vision\/#breadcrumb\",\"itemListElement\":[{\"@type\":\"ListItem\",\"position\":1,\"name\":\"Home\",\"item\":\"https:\/\/lindy.com\/es\/\"},{\"@type\":\"ListItem\",\"position\":2,\"name\":\"MISI\u00d3N y Visi\u00f3n\"}]},{\"@type\":\"WebSite\",\"@id\":\"https:\/\/lindy.com\/es\/#website\",\"url\":\"https:\/\/lindy.com\/es\/\",\"name\":\"Lindy - Spanish\",\"description\":\"Connection Perfection\",\"potentialAction\":[{\"@type\":\"SearchAction\",\"target\":{\"@type\":\"EntryPoint\",\"urlTemplate\":\"https:\/\/lindy.com\/es\/?s={search_term_string}\"},\"query-input\":{\"@type\":\"PropertyValueSpecification\",\"valueRequired\":true,\"valueName\":\"search_term_string\"}}],\"inLanguage\":\"es\"}]}<\/script>\n<!-- \/ Yoast SEO plugin. -->","yoast_head_json":{"title":"MISI\u00d3N y Visi\u00f3n - Lindy - Spanish","robots":{"index":"index","follow":"follow","max-snippet":"max-snippet:-1","max-image-preview":"max-image-preview:large","max-video-preview":"max-video-preview:-1"},"canonical":"https:\/\/lindy.com\/es\/mision-y-vision\/","og_locale":"es_ES","og_type":"article","og_title":"MISI\u00d3N y Visi\u00f3n - Lindy - Spanish","og_url":"https:\/\/lindy.com\/es\/mision-y-vision\/","og_site_name":"Lindy - Spanish","article_modified_time":"2025-04-03T15:16:07+00:00","og_image":[{"url":"https:\/\/lindy.com\/de\/wp-content\/uploads\/sites\/3\/2018\/11\/Pattern_1.jpg","type":"","width":"","height":""}],"twitter_card":"summary_large_image","twitter_misc":{"Tiempo de lectura":"4 minutos"},"schema":{"@context":"https:\/\/schema.org","@graph":[{"@type":"WebPage","@id":"https:\/\/lindy.com\/es\/mision-y-vision\/","url":"https:\/\/lindy.com\/es\/mision-y-vision\/","name":"MISI\u00d3N y Visi\u00f3n - Lindy - Spanish","isPartOf":{"@id":"https:\/\/lindy.com\/es\/#website"},"primaryImageOfPage":{"@id":"https:\/\/lindy.com\/es\/mision-y-vision\/#primaryimage"},"image":{"@id":"https:\/\/lindy.com\/es\/mision-y-vision\/#primaryimage"},"thumbnailUrl":"https:\/\/lindy.com\/de\/wp-content\/uploads\/sites\/3\/2018\/11\/Pattern_1.jpg","datePublished":"2024-08-01T12:01:19+00:00","dateModified":"2025-04-03T15:16:07+00:00","breadcrumb":{"@id":"https:\/\/lindy.com\/es\/mision-y-vision\/#breadcrumb"},"inLanguage":"es","potentialAction":[{"@type":"ReadAction","target":["https:\/\/lindy.com\/es\/mision-y-vision\/"]}]},{"@type":"ImageObject","inLanguage":"es","@id":"https:\/\/lindy.com\/es\/mision-y-vision\/#primaryimage","url":"https:\/\/lindy.com\/de\/wp-content\/uploads\/sites\/3\/2018\/11\/Pattern_1.jpg","contentUrl":"https:\/\/lindy.com\/de\/wp-content\/uploads\/sites\/3\/2018\/11\/Pattern_1.jpg"},{"@type":"BreadcrumbList","@id":"https:\/\/lindy.com\/es\/mision-y-vision\/#breadcrumb","itemListElement":[{"@type":"ListItem","position":1,"name":"Home","item":"https:\/\/lindy.com\/es\/"},{"@type":"ListItem","position":2,"name":"MISI\u00d3N y Visi\u00f3n"}]},{"@type":"WebSite","@id":"https:\/\/lindy.com\/es\/#website","url":"https:\/\/lindy.com\/es\/","name":"Lindy - Spanish","description":"Connection Perfection","potentialAction":[{"@type":"SearchAction","target":{"@type":"EntryPoint","urlTemplate":"https:\/\/lindy.com\/es\/?s={search_term_string}"},"query-input":{"@type":"PropertyValueSpecification","valueRequired":true,"valueName":"search_term_string"}}],"inLanguage":"es"}]}},"_links":{"self":[{"href":"https:\/\/lindy.com\/es\/wp-json\/wp\/v2\/pages\/7361","targetHints":{"allow":["GET"]}}],"collection":[{"href":"https:\/\/lindy.com\/es\/wp-json\/wp\/v2\/pages"}],"about":[{"href":"https:\/\/lindy.com\/es\/wp-json\/wp\/v2\/types\/page"}],"author":[{"embeddable":true,"href":"https:\/\/lindy.com\/es\/wp-json\/wp\/v2\/users\/11"}],"replies":[{"embeddable":true,"href":"https:\/\/lindy.com\/es\/wp-json\/wp\/v2\/comments?post=7361"}],"version-history":[{"count":5,"href":"https:\/\/lindy.com\/es\/wp-json\/wp\/v2\/pages\/7361\/revisions"}],"predecessor-version":[{"id":8160,"href":"https:\/\/lindy.com\/es\/wp-json\/wp\/v2\/pages\/7361\/revisions\/8160"}],"wp:attachment":[{"href":"https:\/\/lindy.com\/es\/wp-json\/wp\/v2\/media?parent=7361"}],"curies":[{"name":"wp","href":"https:\/\/api.w.org\/{rel}","templated":true}]}}