{"id":7673,"date":"2025-01-17T15:57:59","date_gmt":"2025-01-17T15:57:59","guid":{"rendered":"https:\/\/lindy.com\/es\/?page_id=7673"},"modified":"2025-01-17T15:58:00","modified_gmt":"2025-01-17T15:58:00","slug":"sdvoe","status":"publish","type":"page","link":"https:\/\/lindy.com\/es\/sdvoe\/","title":{"rendered":"SDVoE"},"content":{"rendered":"\n<section class=\"wp-block-lindy-image-text-module section section--full-width-image full-width-image--with-text theme--dark section--animation-none align--center  font--size-large\" style=\"background-image:url(https:\/\/lindy.com\/de\/wp-content\/uploads\/sites\/3\/2024\/01\/Header_SDVOE-Logo.png)\"><img decoding=\"async\" class=\"full-width-image__image\" src=\"https:\/\/lindy.com\/de\/wp-content\/uploads\/sites\/3\/2024\/01\/Header_SDVOE-Logo.png\"\/><div class=\"contained\"><div class=\"full-width-image__content\"><h2 class=\"section__heading\"><span><br\/><br\/><br\/><br\/>SDVOE<\/span><\/h2><h2 class=\"section__subheading section__subheading__title\">Software\u00a0Defined\u00a0<br\/>Video\u00a0over\u00a0Ethernet<\/h2><p class=\"section__paragraph\"><br\/>   <br\/><br\/><br\/><br\/><\/p><\/div><\/div><\/section>\n\n\n\n<section class=\"wp-block-lindy-image-text-module section section--full-width-image full-width-image--with-text theme--dark section--animation-none align--center  font--size-medium\" style=\"background-image:url()\"><img decoding=\"async\" class=\"full-width-image__image\" src=\"\"\/><div class=\"contained\"><div class=\"full-width-image__content\"><h2 class=\"section__heading\"><span><strong>tecnolog\u00eda de extensi\u00f3n<\/strong><\/span><\/h2><h2 class=\"section__subheading section__subheading__title\">basada en redes<\/h2><p class=\"section__paragraph\"><br\/><br\/>\u00a1Bienvenido al futuro de la tecnolog\u00eda audiovisual! Explore las posibilidades ilimitadas de SDVoE (Software Defined Video over Ethernet), que actualmente est\u00e1 revolucionando la transmisi\u00f3n de contenidos audiovisuales. SDVoE no es solo un nuevo est\u00e1ndar; es una tecnolog\u00eda revolucionaria que redefine la forma en que vemos, o\u00edmos y compartimos contenidos.<br\/><br\/>Con SDVoE, la transmisi\u00f3n de v\u00eddeo de alta resoluci\u00f3n, audio y comandos de control a trav\u00e9s de redes Ethernet convencionales se hace posible. Experimente una flexibilidad y escalabilidad sin precedentes mientras disfruta de una calidad de imagen y sonido de primera categor\u00eda. Olv\u00eddese del l\u00edo de cables y de las costosas actualizaciones de hardware: SDVoE le permite optimizar su configuraci\u00f3n audiovisual de forma sencilla y rentable.<br\/><br\/>El futuro de la integraci\u00f3n audiovisual ya est\u00e1 aqu\u00ed. Ya sea en empresas, instituciones educativas o espacios de ocio, SDVoE ofrece la soluci\u00f3n ideal para cada caso de uso.<\/p><\/div><\/div><\/section>\n\n\n\n<section data-lin-vimeo=\"902919917\" class=\"wp-block-lindy-full-width-video section section--video-section full-width-video theme--dark align--center font--size-medium\"><div class=\"contained relative\"><div class=\"full-width-video__heading contained\"><\/div><div class=\"vimeo-section-video-inner section__vimeo-inner\" data-lin-vimeo=\"902919917\"><\/div><\/div><\/section>\n\n\n\n<section class=\"wp-block-lindy-heading-text section section--heading-text theme--dark align--left  font--size-medium section--animation-none\"><div class=\"contained\"><h2 class=\"section__heading\"><span>     <\/span><\/h2><h2 class=\"section__subheading section__subheading__title\">   <\/h2><\/div><\/section>\n\n\n\n<section class=\"wp-block-lindy-image-text-module section section--full-width-image full-width-image--with-text theme--light section--animation-none align--left  font--size-medium\" style=\"background-image:url()\"><img decoding=\"async\" class=\"full-width-image__image\" src=\"\"\/><div class=\"contained\"><div class=\"full-width-image__content\"><h2 class=\"section__heading\"><span><br\/>gesti\u00f3n AV v\u00eda red<\/span><\/h2><h2 class=\"section__subheading section__subheading__title\">con dos productos con despliegue universal<\/h2><p class=\"section__paragraph\"><br\/>El sistema consta de m\u00f3dulos controladores y transceptores. Los transceptores pueden funcionar como codificadores o descodificadores para conectarse a dispositivos fuente o de visualizaci\u00f3n. El controlador supervisa toda la instalaci\u00f3n y puede configurarse a trav\u00e9s de un navegador web. La interfaz gr\u00e1fica de usuario permite previsualizar la se\u00f1al y arrastrar y soltar. El sistema puede instalarse tanto en redes de fibra \u00f3ptica como de cobre y admite PoE para facilitar la instalaci\u00f3n y la escalabilidad.<\/p><\/div><\/div><\/section>\n\n\n\n<section class=\"wp-block-lindy-image-text-module section section--full-width-image full-width-image--with-text theme--dark section--animation-none align--center  font--size-medium width--half\" style=\"background-image:url(https:\/\/lindy.com\/de\/wp-content\/uploads\/sites\/3\/2024\/01\/38364_HW.png)\"><img decoding=\"async\" class=\"full-width-image__image\" src=\"https:\/\/lindy.com\/de\/wp-content\/uploads\/sites\/3\/2024\/01\/38364_HW.png\"\/><div class=\"contained\"><div class=\"full-width-image__content\"><p class=\"section__paragraph\">Unidad controladora SDVoE (No. 38364)<\/p><a href=\"https:\/\/www.lindy-international.com\/?websale8=ld0101.ld021102&amp;pi=38364\" class=\"button button--white-transparent\" target=\"_blank\" rel=\"noopener noreferrer\">View Product<\/a><\/div><\/div><\/section>\n\n\n\n<section class=\"wp-block-lindy-image-text-module section section--full-width-image full-width-image--with-text theme--dark section--animation-none align--center  font--size-medium width--half\" style=\"background-image:url(https:\/\/lindy.com\/de\/wp-content\/uploads\/sites\/3\/2024\/01\/38365_HW.png)\"><img decoding=\"async\" class=\"full-width-image__image\" src=\"https:\/\/lindy.com\/de\/wp-content\/uploads\/sites\/3\/2024\/01\/38365_HW.png\"\/><div class=\"contained\"><div class=\"full-width-image__content\"><p class=\"section__paragraph\">Unidad transceptora SDVoE (No. 38365)<\/p><a href=\"https:\/\/www.lindy-international.com\/?websale8=ld0101.ld021102&amp;pi=38365\" class=\"button button--white-transparent\" target=\"_blank\" rel=\"noopener noreferrer\">View Product<\/a><\/div><\/div><\/section>\n\n\n\n<section class=\"wp-block-lindy-image-text-module section section--full-width-image full-width-image--with-text theme--dark section--animation-none align--center  font--size-medium width--half\" style=\"background-image:url()\"><img decoding=\"async\" class=\"full-width-image__image\" src=\"\"\/><div class=\"contained\"><div class=\"full-width-image__content\"><h2 class=\"section__heading\"><span>dos dispositivos<\/span><\/h2><h2 class=\"section__subheading section__subheading__title\">uN universo AV<\/h2><p class=\"section__paragraph\"><br\/><br\/>La combinaci\u00f3n de s\u00f3lo dos productos en distintos modos de funcionamiento abre multitud de posibilidades. El transceptor funciona en modo de codificaci\u00f3n o descodificaci\u00f3n, configurado como transmisor o receptor. Dos transceptores de este tipo ya permiten configurar un sistema extensor basado en IP. Pero eso es s\u00f3lo el principio. En combinaci\u00f3n con la unidad controladora, es posible establecer sistemas splitter que muestren contenidos en varias pantallas, videowalls con hasta 8 x 8 pantallas y sistemas completos de conmutaci\u00f3n matricial con pantallas distribuidas espacialmente. El controlador se encarga del control basado en red y del enrutamiento de la se\u00f1al. En los dispositivos de origen y destino, s\u00f3lo es necesario configurar un transceptor en el modo adecuado, ya sea como codificador (transmisor) o decodificador (receptor).<\/p><\/div><\/div><\/section>\n\n\n\n<section class=\"wp-block-lindy-zoom-image section section--zoom-image zoom-image align--center theme--light\"><div class=\"contained\"><div class=\"zoom-image-wrapper\"><img decoding=\"async\" class=\"zoomable\" src=\"https:\/\/lindy.com\/de\/wp-content\/uploads\/sites\/3\/2024\/01\/SDVoE-Diagramm_HeadLine_bg-white-1.png\" data-zoom-img=\"https:\/\/lindy.com\/de\/wp-content\/uploads\/sites\/3\/2024\/01\/SDVoE-Diagramm_HeadLine_bg-white-1.png\"\/><\/div><span class=\"zoom-image__description\">Click to zoom<\/span><\/div><\/section>\n\n\n\n<section class=\"wp-block-lindy-image-text-module section section--full-width-image full-width-image--with-text theme--dark section--animation-none align--left  font--size-medium width--half\" style=\"background-image:url()\"><img decoding=\"async\" class=\"full-width-image__image\" src=\"\"\/><div class=\"contained\"><div class=\"full-width-image__content\"><h2 class=\"section__heading\"><span>las ventajas<\/span><\/h2><h2 class=\"section__subheading section__subheading__title\">de un vistazo<\/h2><p class=\"section__paragraph\"><br\/><strong>F\u00c1CIL DESPLIEGUE.<\/strong> Aproveche la sencilla configuraci\u00f3n y las flexibles funciones del sistema Lindy SDVoE. Gracias a la interfaz web SDVoE de f\u00e1cil uso del controlador, la configuraci\u00f3n del sistema resulta notablemente sencilla para los usuarios. La versatilidad del sistema permite configuraciones punto a punto, matriciales y de videowall, lo que garantiza la compatibilidad en diversos entornos audiovisuales, como aulas, salas de conferencias o instalaciones de se\u00f1alizaci\u00f3n digital.<br\/><br\/><br\/><br\/><br\/><strong>FLEXIBLE. <\/strong>El sistema puede integrarse perfectamente en una red existente con la m\u00e1xima flexibilidad en t\u00e9rminos de instalaci\u00f3n y configuraci\u00f3n mediante la conexi\u00f3n a un conmutador de red 10G a trav\u00e9s de un cable de cobre Cat. 6a o superior o mediante un m\u00f3dulo de fibra \u00f3ptica SFP+ (no incluido).<br\/><br\/><br\/><\/p><\/div><\/div><\/section>\n\n\n\n<section class=\"wp-block-lindy-image-text-module section section--full-width-image full-width-image--with-text theme--dark section--animation-none align--left  font--size-medium width--half\" style=\"background-image:url()\"><img decoding=\"async\" class=\"full-width-image__image\" src=\"\"\/><div class=\"contained\"><div class=\"full-width-image__content\"><p class=\"section__paragraph\"><br\/><strong>CONVENIENTE. <\/strong>El controlador Lindy SDVoE proporciona un control centralizado, simplificando la gesti\u00f3n y supervisi\u00f3n de su sistema AV sobre IP desde una \u00fanica ubicaci\u00f3n. Configure sin esfuerzo el enrutamiento de audio\/v\u00eddeo, cree preajustes personalizados y ajuste la configuraci\u00f3n de los dispositivos. La supervisi\u00f3n en tiempo real identifica y resuelve los problemas sobre la marcha, garantizando un rendimiento optimizado y un tiempo de inactividad m\u00ednimo.<br\/><br\/><br\/><br\/><br\/><strong>FLU\u00cdDO. <\/strong>La capacidad de transmitir flujos de datos de dispositivos perif\u00e9ricos USB junto con la se\u00f1al de v\u00eddeo es ideal para aplicaciones AV interactivas y KVM. Adem\u00e1s, la alimentaci\u00f3n a trav\u00e9s de Ethernet (PoE) elimina la necesidad de fuentes de alimentaci\u00f3n adicionales, agilizando las instalaciones.<br\/><\/p><\/div><\/div><\/section>\n\n\n\n<section class=\"wp-block-lindy-image-text-module section section--full-width-image full-width-image--with-text theme--light section--animation-none align--right  font--size-medium width--half\" style=\"background-image:url()\"><img decoding=\"async\" class=\"full-width-image__image\" src=\"\"\/><div class=\"contained\"><div class=\"full-width-image__content\"><h2 class=\"section__heading\"><span><br\/>LA ALIANZA SDVOE<\/span><\/h2><h2 class=\"section__subheading section__subheading__title\">UN FUERTE CONSORCIO<\/h2><p class=\"section__paragraph\"><br\/><br\/>Como miembro de la SDVoE Alliance, un consorcio sin \u00e1nimo de lucro formado por proveedores de tecnolog\u00eda de renombre, contribuimos a estandarizar, avanzar y promover esta innovadora tecnolog\u00eda.<br\/><br\/><\/p><a href=\"https:\/\/sdvoe.org\/\" class=\"button button--dark\" target=\"_blank\" rel=\"noopener noreferrer\">Read More<\/a><\/div><\/div><\/section>\n\n\n\n<section class=\"wp-block-lindy-image-text-module section section--full-width-image full-width-image--with-text theme--light section--animation-none align--left  font--size-medium width--half\" style=\"background-image:url(https:\/\/lindy.com\/de\/wp-content\/uploads\/sites\/3\/2024\/01\/SDVoE-Logo-HW-1.png)\"><img decoding=\"async\" class=\"full-width-image__image\" src=\"https:\/\/lindy.com\/de\/wp-content\/uploads\/sites\/3\/2024\/01\/SDVoE-Logo-HW-1.png\"\/><div class=\"contained\"><div class=\"full-width-image__content\"><\/div><\/div><\/section>\n","protected":false},"excerpt":{"rendered":"","protected":false},"author":11,"featured_media":0,"parent":0,"menu_order":0,"comment_status":"closed","ping_status":"closed","template":"page-templates\/template-landing.php","meta":{"_acf_changed":false,"footnotes":""},"class_list":["post-7673","page","type-page","status-publish","hentry"],"acf":[],"yoast_head":"<!-- This site is optimized with the Yoast SEO plugin v26.6 - https:\/\/yoast.com\/wordpress\/plugins\/seo\/ -->\n<title>SDVoE - Lindy - Spanish<\/title>\n<meta name=\"robots\" content=\"index, follow, max-snippet:-1, max-image-preview:large, max-video-preview:-1\" \/>\n<link rel=\"canonical\" href=\"https:\/\/lindy.com\/es\/sdvoe\/\" \/>\n<meta property=\"og:locale\" content=\"es_ES\" \/>\n<meta property=\"og:type\" content=\"article\" \/>\n<meta property=\"og:title\" content=\"SDVoE - Lindy - Spanish\" \/>\n<meta property=\"og:url\" content=\"https:\/\/lindy.com\/es\/sdvoe\/\" \/>\n<meta property=\"og:site_name\" content=\"Lindy - Spanish\" \/>\n<meta property=\"article:modified_time\" content=\"2025-01-17T15:58:00+00:00\" \/>\n<meta property=\"og:image\" content=\"https:\/\/lindy.com\/de\/wp-content\/uploads\/sites\/3\/2024\/01\/Header_SDVOE-Logo.png\" \/>\n<meta name=\"twitter:card\" content=\"summary_large_image\" \/>\n<meta name=\"twitter:label1\" content=\"Tiempo de lectura\" \/>\n\t<meta name=\"twitter:data1\" content=\"6 minutos\" \/>\n<script type=\"application\/ld+json\" class=\"yoast-schema-graph\">{\"@context\":\"https:\/\/schema.org\",\"@graph\":[{\"@type\":\"WebPage\",\"@id\":\"https:\/\/lindy.com\/es\/sdvoe\/\",\"url\":\"https:\/\/lindy.com\/es\/sdvoe\/\",\"name\":\"SDVoE - Lindy - Spanish\",\"isPartOf\":{\"@id\":\"https:\/\/lindy.com\/es\/#website\"},\"primaryImageOfPage\":{\"@id\":\"https:\/\/lindy.com\/es\/sdvoe\/#primaryimage\"},\"image\":{\"@id\":\"https:\/\/lindy.com\/es\/sdvoe\/#primaryimage\"},\"thumbnailUrl\":\"https:\/\/lindy.com\/de\/wp-content\/uploads\/sites\/3\/2024\/01\/Header_SDVOE-Logo.png\",\"datePublished\":\"2025-01-17T15:57:59+00:00\",\"dateModified\":\"2025-01-17T15:58:00+00:00\",\"breadcrumb\":{\"@id\":\"https:\/\/lindy.com\/es\/sdvoe\/#breadcrumb\"},\"inLanguage\":\"es\",\"potentialAction\":[{\"@type\":\"ReadAction\",\"target\":[\"https:\/\/lindy.com\/es\/sdvoe\/\"]}]},{\"@type\":\"ImageObject\",\"inLanguage\":\"es\",\"@id\":\"https:\/\/lindy.com\/es\/sdvoe\/#primaryimage\",\"url\":\"https:\/\/lindy.com\/de\/wp-content\/uploads\/sites\/3\/2024\/01\/Header_SDVOE-Logo.png\",\"contentUrl\":\"https:\/\/lindy.com\/de\/wp-content\/uploads\/sites\/3\/2024\/01\/Header_SDVOE-Logo.png\"},{\"@type\":\"BreadcrumbList\",\"@id\":\"https:\/\/lindy.com\/es\/sdvoe\/#breadcrumb\",\"itemListElement\":[{\"@type\":\"ListItem\",\"position\":1,\"name\":\"Home\",\"item\":\"https:\/\/lindy.com\/es\/\"},{\"@type\":\"ListItem\",\"position\":2,\"name\":\"SDVoE\"}]},{\"@type\":\"WebSite\",\"@id\":\"https:\/\/lindy.com\/es\/#website\",\"url\":\"https:\/\/lindy.com\/es\/\",\"name\":\"Lindy - Spanish\",\"description\":\"Connection Perfection\",\"potentialAction\":[{\"@type\":\"SearchAction\",\"target\":{\"@type\":\"EntryPoint\",\"urlTemplate\":\"https:\/\/lindy.com\/es\/?s={search_term_string}\"},\"query-input\":{\"@type\":\"PropertyValueSpecification\",\"valueRequired\":true,\"valueName\":\"search_term_string\"}}],\"inLanguage\":\"es\"}]}<\/script>\n<!-- \/ Yoast SEO plugin. -->","yoast_head_json":{"title":"SDVoE - Lindy - Spanish","robots":{"index":"index","follow":"follow","max-snippet":"max-snippet:-1","max-image-preview":"max-image-preview:large","max-video-preview":"max-video-preview:-1"},"canonical":"https:\/\/lindy.com\/es\/sdvoe\/","og_locale":"es_ES","og_type":"article","og_title":"SDVoE - Lindy - Spanish","og_url":"https:\/\/lindy.com\/es\/sdvoe\/","og_site_name":"Lindy - Spanish","article_modified_time":"2025-01-17T15:58:00+00:00","og_image":[{"url":"https:\/\/lindy.com\/de\/wp-content\/uploads\/sites\/3\/2024\/01\/Header_SDVOE-Logo.png","type":"","width":"","height":""}],"twitter_card":"summary_large_image","twitter_misc":{"Tiempo de lectura":"6 minutos"},"schema":{"@context":"https:\/\/schema.org","@graph":[{"@type":"WebPage","@id":"https:\/\/lindy.com\/es\/sdvoe\/","url":"https:\/\/lindy.com\/es\/sdvoe\/","name":"SDVoE - Lindy - Spanish","isPartOf":{"@id":"https:\/\/lindy.com\/es\/#website"},"primaryImageOfPage":{"@id":"https:\/\/lindy.com\/es\/sdvoe\/#primaryimage"},"image":{"@id":"https:\/\/lindy.com\/es\/sdvoe\/#primaryimage"},"thumbnailUrl":"https:\/\/lindy.com\/de\/wp-content\/uploads\/sites\/3\/2024\/01\/Header_SDVOE-Logo.png","datePublished":"2025-01-17T15:57:59+00:00","dateModified":"2025-01-17T15:58:00+00:00","breadcrumb":{"@id":"https:\/\/lindy.com\/es\/sdvoe\/#breadcrumb"},"inLanguage":"es","potentialAction":[{"@type":"ReadAction","target":["https:\/\/lindy.com\/es\/sdvoe\/"]}]},{"@type":"ImageObject","inLanguage":"es","@id":"https:\/\/lindy.com\/es\/sdvoe\/#primaryimage","url":"https:\/\/lindy.com\/de\/wp-content\/uploads\/sites\/3\/2024\/01\/Header_SDVOE-Logo.png","contentUrl":"https:\/\/lindy.com\/de\/wp-content\/uploads\/sites\/3\/2024\/01\/Header_SDVOE-Logo.png"},{"@type":"BreadcrumbList","@id":"https:\/\/lindy.com\/es\/sdvoe\/#breadcrumb","itemListElement":[{"@type":"ListItem","position":1,"name":"Home","item":"https:\/\/lindy.com\/es\/"},{"@type":"ListItem","position":2,"name":"SDVoE"}]},{"@type":"WebSite","@id":"https:\/\/lindy.com\/es\/#website","url":"https:\/\/lindy.com\/es\/","name":"Lindy - Spanish","description":"Connection Perfection","potentialAction":[{"@type":"SearchAction","target":{"@type":"EntryPoint","urlTemplate":"https:\/\/lindy.com\/es\/?s={search_term_string}"},"query-input":{"@type":"PropertyValueSpecification","valueRequired":true,"valueName":"search_term_string"}}],"inLanguage":"es"}]}},"_links":{"self":[{"href":"https:\/\/lindy.com\/es\/wp-json\/wp\/v2\/pages\/7673","targetHints":{"allow":["GET"]}}],"collection":[{"href":"https:\/\/lindy.com\/es\/wp-json\/wp\/v2\/pages"}],"about":[{"href":"https:\/\/lindy.com\/es\/wp-json\/wp\/v2\/types\/page"}],"author":[{"embeddable":true,"href":"https:\/\/lindy.com\/es\/wp-json\/wp\/v2\/users\/11"}],"replies":[{"embeddable":true,"href":"https:\/\/lindy.com\/es\/wp-json\/wp\/v2\/comments?post=7673"}],"version-history":[{"count":1,"href":"https:\/\/lindy.com\/es\/wp-json\/wp\/v2\/pages\/7673\/revisions"}],"predecessor-version":[{"id":7706,"href":"https:\/\/lindy.com\/es\/wp-json\/wp\/v2\/pages\/7673\/revisions\/7706"}],"wp:attachment":[{"href":"https:\/\/lindy.com\/es\/wp-json\/wp\/v2\/media?parent=7673"}],"curies":[{"name":"wp","href":"https:\/\/api.w.org\/{rel}","templated":true}]}}