{"id":7676,"date":"2025-03-13T16:40:03","date_gmt":"2025-03-13T16:40:03","guid":{"rendered":"https:\/\/lindy.com\/es\/?page_id=7676"},"modified":"2025-03-25T13:11:57","modified_gmt":"2025-03-25T13:11:57","slug":"aoc-cables","status":"publish","type":"page","link":"https:\/\/lindy.com\/es\/aoc-cables\/","title":{"rendered":"AOC-Cables"},"content":{"rendered":"\n<section class=\"wp-block-lindy-image-text-module section section--full-width-image full-width-image--with-text theme--dark section--animation-none align--right  font--size-medium\" style=\"background-image:url(https:\/\/lindy.com\/de\/wp-content\/uploads\/sites\/3\/2023\/09\/Header-4.jpg)\"><img decoding=\"async\" class=\"full-width-image__image\" src=\"https:\/\/lindy.com\/de\/wp-content\/uploads\/sites\/3\/2023\/09\/Header-4.jpg\"\/><div class=\"contained\"><div class=\"full-width-image__content\"><h2 class=\"section__heading\"><span>8K VIA FIBRA \u00d3PTICA<\/span><\/h2><h2 class=\"section__subheading section__subheading__title\">CABLES AOC PARA AV<\/h2><\/div><\/div><\/section>\n\n\n\n<section class=\"wp-block-lindy-paragraph-and-images full-width-image--with-text section section--paragraph-image  theme--light font--size-medium\"><div class=\"grid-noBottom-middle-reverse\"><div class=\"col-6_sm-12 full-width-image__content section section--animation-none align--left \"><div class=\"content--animate\"><div class=\"contained\"><h2 class=\"section__heading\"><span>PORQU\u00c9 FIBRA \u00d3PTICA<\/span><\/h2><h2 class=\"section__subheading section__subheading__title\">PARA CABLES AV?<\/h2><p class=\"section__paragraph\"><br\/>Las cada vez m\u00e1s numerosas pantallas de nuestros d\u00edas requieren contenidos con resoluciones de imagen AV cada vez m\u00e1s altas, lo que impone enormes exigencias a las v\u00edas de transmisi\u00f3n en t\u00e9rminos de ancho de banda. Si \u00e9stos se hacen cada vez m\u00e1s largos debido al constante aumento del tama\u00f1o de las salas, los cables de cobre convencionales alcanzan r\u00e1pidamente sus l\u00edmites. La fibra \u00f3ptica es la soluci\u00f3n<br\/><br\/><strong>Modo Mixto<\/strong><br\/><br\/>Los cables AOC (Active Optical Cable) utilizan un material h\u00edbrido formado por fibras \u00f3pticas y conductores de cobre. Por eso los cables AOC suelen llamarse simplemente \u00abcables h\u00edbridos\u00bb. El truco t\u00e9cnico consiste en dividir la se\u00f1al AV en la se\u00f1al \u00fatil real, que con su elevado requisito de ancho de banda de hasta 48 Gbit\/s se env\u00eda como pulsos de luz a trav\u00e9s de las fibras \u00f3pticas, y las se\u00f1ales de control, m\u00e1s frugales, que se cubren con los hilos de cobre incluso en distancias m\u00e1s largas. Esto simplifica significativamente la tecnolog\u00eda de convertidores necesaria, permite la alimentaci\u00f3n remota a trav\u00e9s del cable, combinando as\u00ed las ventajas de los robustos hilos de cobre con las de las fibras \u00f3pticas y proporcionando al usuario lo mejor de ambos mundos.<br\/><br\/><\/p><\/div><\/div><\/div><div class=\"col-6_sm-12 full-width-image--with-text align--left\" style=\"background-image:url(https:\/\/lindy.com\/de\/wp-content\/uploads\/sites\/3\/2023\/09\/Resolution-1.jpg)\"><img decoding=\"async\" src=\"https:\/\/lindy.com\/de\/wp-content\/uploads\/sites\/3\/2023\/09\/Resolution-1.jpg\"\/><\/div><\/div><\/section>\n\n\n\n<section class=\"wp-block-lindy-parallax-hero section parallax-hero theme--light align--left  font--size-medium\" style=\"background-image:url(https:\/\/lindy.com\/de\/wp-content\/uploads\/sites\/3\/2023\/09\/Header-3.jpg)\"><div class=\"contained contained--full-width\"><div class=\"parallax-hero__content\"><div class=\"parallax-hero__content-wrapper align--left\"><\/div><\/div><\/div><\/section>\n\n\n\n<section class=\"wp-block-lindy-parallax-hero section parallax-hero theme--dark align--right  font--size-medium\" style=\"background-image:url(https:\/\/lindy.com\/de\/wp-content\/uploads\/sites\/3\/2023\/09\/Header-3.jpg)\"><div class=\"contained contained--full-width\"><div class=\"parallax-hero__content\"><div class=\"parallax-hero__content-wrapper align--right\"><h2 class=\"section__heading\"><span>cables h\u00edbridos de FIBRa \u00f3PTICa<\/span><\/h2><h2 class=\"section__subheading section__subheading__title\">para HDMI y DISPLAYPORT<br\/><\/h2><\/div><\/div><\/div><\/section>\n\n\n\n<section class=\"wp-block-lindy-paragraph-and-images full-width-image--with-text section section--paragraph-image  theme--light font--size-small\"><div class=\"grid-noBottom-middle-reverse\"><div class=\"col-6_sm-12 full-width-image__content section section--animation-right align--left \"><div class=\"content--animate\"><div class=\"contained\"><h2 class=\"section__heading\"><span><br\/><br\/>cable hdmi 8k60 h\u00edbrido de fibra \u00f3ptica<\/span><\/h2><h2 class=\"section__subheading section__subheading__title\">No. 38510 &#8211; 38515<\/h2><p class=\"section__paragraph\"><br\/><strong>Se\u00f1ales HDMI de alta resoluci\u00f3n con 8K a distancias de hasta 200m<\/strong><br\/>\u00a0<br\/>Con su ancho de banda de 48 GBit\/s, los cables admiten resoluciones HDMI 2.1 a 60 Hz hasta 8K sin comprimir o 10K con DSC (Display Stream Compression) y a 120 Hz hasta 4K, ideal para juegos y edici\u00f3n de v\u00eddeo.<br\/><br\/>&#8211; Versi\u00f3n HDMI compatible: HDMI 2.1<br\/>&#8211; Ancho de banda admitido: 48 GBit\/s<br\/>&#8211; Resoluciones compatibles:<br\/>&#8212; 60Hz 7680&#215;4320 4:2:0 10bit, 10240&#215;4320(DSC)<br\/>&#8212; 120Hz: 3840&#215;2160 4:4:4<br\/>&#8211; Revestimiento del manguito del conector y las clavijas Oro<br\/>&#8211; Material de la carcasa del conector: PVC<br\/>&#8211; Longitudes disponibles: 10 m, 15 m, 20 m, 30 m, 40 m, 50 m<br\/>&#8211; Longitudes de hasta 200 m bajo pedido<br\/><br\/><\/p><div class=\"section__button\"><a href=\"https:\/\/www.lindy-international.com\/?websale8=ld0101.ld021102&amp;ci=271\" class=\"button button--dark\" target=\"_blank\" rel=\"noopener\">BUY ONLINE<\/a><\/div><\/div><\/div><\/div><div class=\"col-6_sm-12 full-width-image--with-text align--left\" style=\"background-image:url(https:\/\/lindy.com\/de\/wp-content\/uploads\/sites\/3\/2023\/09\/38510-5-LP-Half-Width.png)\"><img decoding=\"async\" src=\"https:\/\/lindy.com\/de\/wp-content\/uploads\/sites\/3\/2023\/09\/38510-5-LP-Half-Width.png\"\/><\/div><\/div><\/section>\n\n\n\n<section class=\"wp-block-lindy-paragraph-and-images full-width-image--with-text section section--paragraph-image  theme--light font--size-small\"><div class=\"grid-noBottom-middle\"><div class=\"col-6_sm-12 full-width-image__content section section--animation-left align--right \"><div class=\"content--animate\"><div class=\"contained\"><h2 class=\"section__heading\"><span><br\/>cable displayport 2.0 h\u00edbrido de fibra \u00f3ptica<strong> UHBR10<\/strong><\/span><\/h2><h2 class=\"section__subheading section__subheading__title\">No. 38520 &#8211; 38525<\/h2><p class=\"section__paragraph\"><br\/><strong>Se\u00f1ales DP de alta resoluci\u00f3n en distancias de hasta 50m con 8K<\/strong><br\/>\u00a0<br\/>Con un ancho de banda de 40 GBit\/s UHBR10 (<strong>U<\/strong>ltra <strong>H<\/strong>igh Bit <strong>R<\/strong>ate &#8211; 10 Gbit\/s por carril), los cables admiten resoluciones DisplayPort 2.0 a 60 Hz de hasta 8K sin comprimir o 10K con DSC (<strong>D<\/strong>isplay <strong>S<\/strong>tream <strong>C<\/strong>ompression) e -ideal para juegos y edici\u00f3n de v\u00eddeo- a 144 Hz de hasta 4K.<br\/><br\/>&#8211; Versi\u00f3n DP compatible: DisplayPort 2.0<br\/>&#8211; Ancho de banda admitido: 40 GBit\/s<br\/>&#8211; Resoluciones soportadas:<br\/>&#8212; 60Hz 7680&#215;4320 4:2:0 10bit, 10240&#215;4320(DSC)<br\/>&#8212; 120Hz: 3840&#215;2160 4:4:4<br\/>&#8211; Revestimiento del manguito del conector y las clavijas Oro<br\/>&#8211; Material de la carcasa del conector: PVC<br\/>&#8211; Longitudes disponibles: 10 m, 15 m, 20 m, 30 m, 40 m, 50 m<br\/><br\/><\/p><div class=\"section__button\"><a href=\"https:\/\/www.lindy-international.com\/?websale8=ld0101.ld021102&amp;ci=272\" class=\"button button--dark\" target=\"_blank\" rel=\"noopener\">BUY ONLINE<\/a><\/div><\/div><\/div><\/div><div class=\"col-6_sm-12 full-width-image--with-text align--right\" style=\"background-image:url(https:\/\/lindy.com\/de\/wp-content\/uploads\/sites\/3\/2023\/09\/38520-5-LP-Half-Width.png)\"><img decoding=\"async\" src=\"https:\/\/lindy.com\/de\/wp-content\/uploads\/sites\/3\/2023\/09\/38520-5-LP-Half-Width.png\"\/><\/div><\/div><\/section>\n\n\n\n<section class=\"wp-block-lindy-parallax-hero section parallax-hero theme--dark align--right  font--size-medium\" style=\"background-image:url(https:\/\/lindy.com\/de\/wp-content\/uploads\/sites\/3\/2023\/09\/HDMI-Steckerzeichnung.png)\"><div class=\"contained contained--full-width\"><div class=\"parallax-hero__content\"><div class=\"parallax-hero__content-wrapper align--right\"><p class=\"section__paragraph\"><br\/><\/p><\/div><\/div><\/div><\/section>\n\n\n\n<section class=\"wp-block-lindy-parallax-hero section parallax-hero theme--dark align--right  font--size-medium\" style=\"background-image:url(https:\/\/lindy.com\/de\/wp-content\/uploads\/sites\/3\/2023\/09\/HDMI-Steckerzeichnung.png)\"><div class=\"contained contained--full-width\"><div class=\"parallax-hero__content\"><div class=\"parallax-hero__content-wrapper align--right\"><h2 class=\"section__heading\"><span><strong>dentro de la<\/strong><\/span><\/h2><h2 class=\"section__subheading section__subheading__title\">tecnolog\u00eda<\/h2><p class=\"section__paragraph\"><br\/>La tecnolog\u00eda de conversi\u00f3n altamente comprimida para convertir las se\u00f1ales AV el\u00e9ctricas en fibra \u00f3ptica y viceversa se encuentra en los conectores de los cables y se alimenta con tensi\u00f3n directamente desde la interfaz HDMI o DisplayPort. Por tanto, los cables tienen un sentido de conexi\u00f3n predefinido: los conectores est\u00e1n marcados como \u00abPantalla\u00bb y \u00abFuente\u00bb.<\/p><\/div><\/div><\/div><\/section>\n\n\n\n<section class=\"wp-block-lindy-paragraph-and-images full-width-image--with-text section section--paragraph-image  theme--light font--size-medium\"><div class=\"grid-noBottom-middle\"><div class=\"col-6_sm-12 full-width-image__content section section--animation-none align--right \"><div class=\"content--animate\"><div class=\"contained\"><h2 class=\"section__heading\"><span>HDR <\/span><\/h2><h2 class=\"section__subheading section__subheading__title\">para todos<\/h2><p class=\"section__paragraph\"><br\/>Tanto para cables HDMI como Displayport, la profundidad de color compatible de 10 bits\/canal de color permite la visualizaci\u00f3n HDR de contenidos de v\u00eddeo con el espacio de color BT.2020 ampliado y una gama de alto contraste. De este modo, los contenidos pueden reproducirse con el m\u00e1ximo detalle y claridad incluso a frecuencias de actualizaci\u00f3n superiores. Las clavijas y los manguitos del conector chapados en oro garantizan la resistencia a la corrosi\u00f3n y la consistencia de la se\u00f1al a largo plazo.<\/p><\/div><\/div><\/div><div class=\"col-6_sm-12 full-width-image--with-text align--right\" style=\"background-image:url(https:\/\/lindy.com\/de\/wp-content\/uploads\/sites\/3\/2023\/09\/Living-room-screen.jpg)\"><img decoding=\"async\" src=\"https:\/\/lindy.com\/de\/wp-content\/uploads\/sites\/3\/2023\/09\/Living-room-screen.jpg\"\/><\/div><\/div><\/section>\n\n\n\n<section class=\"wp-block-lindy-paragraph-and-images full-width-image--with-text section section--paragraph-image  theme--light font--size-medium\"><div class=\"grid-noBottom-middle-reverse\"><div class=\"col-6_sm-12 full-width-image__content section section--animation-none align--left \"><div class=\"content--animate\"><div class=\"contained\"><h2 class=\"section__heading\"><span>resistencia a interferencias<\/span><\/h2><h2 class=\"section__subheading section__subheading__title\">a RF y EMI<\/h2><p class=\"section__paragraph\"><br\/>Este dise\u00f1o combinado de cable de cobre y fibra \u00f3ptica da como resultado una radiaci\u00f3n electromagn\u00e9tica muy baja y una gran resistencia a las interferencias EMI y RF durante el funcionamiento. Hace de estos cables el medio de transmisi\u00f3n ideal para cualquier escenario, por ejemplo en el sector industrial o m\u00e9dico, pero tambi\u00e9n para aplicaciones de se\u00f1alizaci\u00f3n digital, DooH o dom\u00e9sticas.\u00a0\u00a0<\/p><\/div><\/div><\/div><div class=\"col-6_sm-12 full-width-image--with-text align--left\" style=\"background-image:url(https:\/\/lindy.com\/de\/wp-content\/uploads\/sites\/3\/2023\/09\/fibre-dots.png)\"><img decoding=\"async\" src=\"https:\/\/lindy.com\/de\/wp-content\/uploads\/sites\/3\/2023\/09\/fibre-dots.png\"\/><\/div><\/div><\/section>\n\n\n\n<section class=\"wp-block-lindy-image-text-module section section--full-width-image full-width-image--with-text theme--dark section--animation-none align--center  font--size-medium\" style=\"background-image:url(https:\/\/lindy.com\/es\/wp-content\/uploads\/sites\/7\/2024\/11\/ES-HW-Support.jpg)\"><img decoding=\"async\" class=\"full-width-image__image\" src=\"https:\/\/lindy.com\/es\/wp-content\/uploads\/sites\/7\/2024\/11\/ES-HW-Support.jpg\"\/><div class=\"contained\"><div class=\"full-width-image__content\"><h2 class=\"section__heading\"><span>TIENE ALGUNA PREGUNTA SOBRE la gama de cables aoc av de<strong>?<\/strong><br\/><\/span><\/h2><h2 class=\"section__subheading section__subheading__title\"><br\/><\/h2><a href=\"https:\/\/lindy.com\/es\/contact\" class=\"button button--white-transparent\" target=\"_self\" rel=\"noopener noreferrer\">Pregunte a nuestros expertos<\/a><\/div><\/div><\/section>\n","protected":false},"excerpt":{"rendered":"","protected":false},"author":11,"featured_media":0,"parent":0,"menu_order":0,"comment_status":"closed","ping_status":"closed","template":"page-templates\/template-landing.php","meta":{"_acf_changed":false,"footnotes":""},"class_list":["post-7676","page","type-page","status-publish","hentry"],"acf":[],"yoast_head":"<!-- This site is optimized with the Yoast SEO plugin v26.6 - https:\/\/yoast.com\/wordpress\/plugins\/seo\/ -->\n<title>AOC-Cables - Lindy - Spanish<\/title>\n<meta name=\"robots\" content=\"index, follow, max-snippet:-1, max-image-preview:large, max-video-preview:-1\" \/>\n<link rel=\"canonical\" href=\"https:\/\/lindy.com\/es\/aoc-cables\/\" \/>\n<meta property=\"og:locale\" content=\"es_ES\" \/>\n<meta property=\"og:type\" content=\"article\" \/>\n<meta property=\"og:title\" content=\"AOC-Cables - Lindy - Spanish\" \/>\n<meta property=\"og:url\" content=\"https:\/\/lindy.com\/es\/aoc-cables\/\" \/>\n<meta property=\"og:site_name\" content=\"Lindy - Spanish\" \/>\n<meta property=\"article:modified_time\" content=\"2025-03-25T13:11:57+00:00\" \/>\n<meta property=\"og:image\" content=\"https:\/\/lindy.com\/de\/wp-content\/uploads\/sites\/3\/2023\/09\/Header-4.jpg\" \/>\n<meta name=\"twitter:card\" content=\"summary_large_image\" \/>\n<meta name=\"twitter:label1\" content=\"Tiempo de lectura\" \/>\n\t<meta name=\"twitter:data1\" content=\"5 minutos\" \/>\n<script type=\"application\/ld+json\" class=\"yoast-schema-graph\">{\"@context\":\"https:\/\/schema.org\",\"@graph\":[{\"@type\":\"WebPage\",\"@id\":\"https:\/\/lindy.com\/es\/aoc-cables\/\",\"url\":\"https:\/\/lindy.com\/es\/aoc-cables\/\",\"name\":\"AOC-Cables - Lindy - Spanish\",\"isPartOf\":{\"@id\":\"https:\/\/lindy.com\/es\/#website\"},\"primaryImageOfPage\":{\"@id\":\"https:\/\/lindy.com\/es\/aoc-cables\/#primaryimage\"},\"image\":{\"@id\":\"https:\/\/lindy.com\/es\/aoc-cables\/#primaryimage\"},\"thumbnailUrl\":\"https:\/\/lindy.com\/de\/wp-content\/uploads\/sites\/3\/2023\/09\/Header-4.jpg\",\"datePublished\":\"2025-03-13T16:40:03+00:00\",\"dateModified\":\"2025-03-25T13:11:57+00:00\",\"breadcrumb\":{\"@id\":\"https:\/\/lindy.com\/es\/aoc-cables\/#breadcrumb\"},\"inLanguage\":\"es\",\"potentialAction\":[{\"@type\":\"ReadAction\",\"target\":[\"https:\/\/lindy.com\/es\/aoc-cables\/\"]}]},{\"@type\":\"ImageObject\",\"inLanguage\":\"es\",\"@id\":\"https:\/\/lindy.com\/es\/aoc-cables\/#primaryimage\",\"url\":\"https:\/\/lindy.com\/de\/wp-content\/uploads\/sites\/3\/2023\/09\/Header-4.jpg\",\"contentUrl\":\"https:\/\/lindy.com\/de\/wp-content\/uploads\/sites\/3\/2023\/09\/Header-4.jpg\"},{\"@type\":\"BreadcrumbList\",\"@id\":\"https:\/\/lindy.com\/es\/aoc-cables\/#breadcrumb\",\"itemListElement\":[{\"@type\":\"ListItem\",\"position\":1,\"name\":\"Home\",\"item\":\"https:\/\/lindy.com\/es\/\"},{\"@type\":\"ListItem\",\"position\":2,\"name\":\"AOC-Cables\"}]},{\"@type\":\"WebSite\",\"@id\":\"https:\/\/lindy.com\/es\/#website\",\"url\":\"https:\/\/lindy.com\/es\/\",\"name\":\"Lindy - Spanish\",\"description\":\"Connection Perfection\",\"potentialAction\":[{\"@type\":\"SearchAction\",\"target\":{\"@type\":\"EntryPoint\",\"urlTemplate\":\"https:\/\/lindy.com\/es\/?s={search_term_string}\"},\"query-input\":{\"@type\":\"PropertyValueSpecification\",\"valueRequired\":true,\"valueName\":\"search_term_string\"}}],\"inLanguage\":\"es\"}]}<\/script>\n<!-- \/ Yoast SEO plugin. -->","yoast_head_json":{"title":"AOC-Cables - Lindy - Spanish","robots":{"index":"index","follow":"follow","max-snippet":"max-snippet:-1","max-image-preview":"max-image-preview:large","max-video-preview":"max-video-preview:-1"},"canonical":"https:\/\/lindy.com\/es\/aoc-cables\/","og_locale":"es_ES","og_type":"article","og_title":"AOC-Cables - Lindy - Spanish","og_url":"https:\/\/lindy.com\/es\/aoc-cables\/","og_site_name":"Lindy - Spanish","article_modified_time":"2025-03-25T13:11:57+00:00","og_image":[{"url":"https:\/\/lindy.com\/de\/wp-content\/uploads\/sites\/3\/2023\/09\/Header-4.jpg","type":"","width":"","height":""}],"twitter_card":"summary_large_image","twitter_misc":{"Tiempo de lectura":"5 minutos"},"schema":{"@context":"https:\/\/schema.org","@graph":[{"@type":"WebPage","@id":"https:\/\/lindy.com\/es\/aoc-cables\/","url":"https:\/\/lindy.com\/es\/aoc-cables\/","name":"AOC-Cables - Lindy - Spanish","isPartOf":{"@id":"https:\/\/lindy.com\/es\/#website"},"primaryImageOfPage":{"@id":"https:\/\/lindy.com\/es\/aoc-cables\/#primaryimage"},"image":{"@id":"https:\/\/lindy.com\/es\/aoc-cables\/#primaryimage"},"thumbnailUrl":"https:\/\/lindy.com\/de\/wp-content\/uploads\/sites\/3\/2023\/09\/Header-4.jpg","datePublished":"2025-03-13T16:40:03+00:00","dateModified":"2025-03-25T13:11:57+00:00","breadcrumb":{"@id":"https:\/\/lindy.com\/es\/aoc-cables\/#breadcrumb"},"inLanguage":"es","potentialAction":[{"@type":"ReadAction","target":["https:\/\/lindy.com\/es\/aoc-cables\/"]}]},{"@type":"ImageObject","inLanguage":"es","@id":"https:\/\/lindy.com\/es\/aoc-cables\/#primaryimage","url":"https:\/\/lindy.com\/de\/wp-content\/uploads\/sites\/3\/2023\/09\/Header-4.jpg","contentUrl":"https:\/\/lindy.com\/de\/wp-content\/uploads\/sites\/3\/2023\/09\/Header-4.jpg"},{"@type":"BreadcrumbList","@id":"https:\/\/lindy.com\/es\/aoc-cables\/#breadcrumb","itemListElement":[{"@type":"ListItem","position":1,"name":"Home","item":"https:\/\/lindy.com\/es\/"},{"@type":"ListItem","position":2,"name":"AOC-Cables"}]},{"@type":"WebSite","@id":"https:\/\/lindy.com\/es\/#website","url":"https:\/\/lindy.com\/es\/","name":"Lindy - Spanish","description":"Connection Perfection","potentialAction":[{"@type":"SearchAction","target":{"@type":"EntryPoint","urlTemplate":"https:\/\/lindy.com\/es\/?s={search_term_string}"},"query-input":{"@type":"PropertyValueSpecification","valueRequired":true,"valueName":"search_term_string"}}],"inLanguage":"es"}]}},"_links":{"self":[{"href":"https:\/\/lindy.com\/es\/wp-json\/wp\/v2\/pages\/7676","targetHints":{"allow":["GET"]}}],"collection":[{"href":"https:\/\/lindy.com\/es\/wp-json\/wp\/v2\/pages"}],"about":[{"href":"https:\/\/lindy.com\/es\/wp-json\/wp\/v2\/types\/page"}],"author":[{"embeddable":true,"href":"https:\/\/lindy.com\/es\/wp-json\/wp\/v2\/users\/11"}],"replies":[{"embeddable":true,"href":"https:\/\/lindy.com\/es\/wp-json\/wp\/v2\/comments?post=7676"}],"version-history":[{"count":3,"href":"https:\/\/lindy.com\/es\/wp-json\/wp\/v2\/pages\/7676\/revisions"}],"predecessor-version":[{"id":8007,"href":"https:\/\/lindy.com\/es\/wp-json\/wp\/v2\/pages\/7676\/revisions\/8007"}],"wp:attachment":[{"href":"https:\/\/lindy.com\/es\/wp-json\/wp\/v2\/media?parent=7676"}],"curies":[{"name":"wp","href":"https:\/\/api.w.org\/{rel}","templated":true}]}}