{"id":7940,"date":"2025-03-24T13:05:16","date_gmt":"2025-03-24T13:05:16","guid":{"rendered":"https:\/\/lindy.com\/es\/?page_id=7940"},"modified":"2025-04-02T09:33:46","modified_gmt":"2025-04-02T09:33:46","slug":"alimentacion-electrica","status":"publish","type":"page","link":"https:\/\/lindy.com\/es\/alimentacion-electrica\/","title":{"rendered":"ALIMENTACI\u00d3N EL\u00c9CTRICA"},"content":{"rendered":"\n<section class=\"wp-block-lindy-parallax-hero section parallax-hero theme--dark align--center  font--size-medium\" style=\"background-image:url(https:\/\/lindy.com\/de\/wp-content\/uploads\/sites\/3\/2025\/03\/Landing-page-alimentation-accueil_layer.png)\"><div class=\"contained contained--full-width\"><div class=\"parallax-hero__content\"><div class=\"parallax-hero__content-wrapper align--center\"><h2 class=\"section__heading\"><span>ALIMENTACI\u00d3N EL\u00c9CTRICA FIABLE<\/span><\/h2><h2 class=\"section__subheading section__subheading__title\">PARA SMARTPHONES, <br\/>TABLETTES &amp; m\u00e1s<\/h2><\/div><\/div><\/div><\/section>\n\n\n\n<section class=\"wp-block-lindy-parallax-hero section parallax-hero theme--light align--left  font--size-medium\" style=\"background-image:url(https:\/\/lindy.com\/de\/wp-content\/uploads\/sites\/3\/2025\/03\/Landing-page-alimentation-accueil.jpg)\"><div class=\"contained contained--full-width\"><div class=\"parallax-hero__content\"><div class=\"parallax-hero__content-wrapper align--left\"><\/div><\/div><\/div><\/section>\n\n\n\n<section class=\"wp-block-lindy-parallax-hero section parallax-hero theme--dark align--center  font--size-medium\" style=\"background-image:url(https:\/\/lindy.com\/de\/wp-content\/uploads\/sites\/3\/2025\/03\/Landing-page-alimentation-accueil_layer.png)\"><div class=\"contained contained--full-width\"><div class=\"parallax-hero__content\"><div class=\"parallax-hero__content-wrapper align--center\"><h2 class=\"section__heading\"><span>una alimentaci\u00f3n \u00f3ptima <\/span><\/h2><h2 class=\"section__subheading section__subheading__title\">EN CUALQUIER MOMENTO Y LUGAR.<\/h2><p class=\"section__paragraph\"><br\/>Tanto si se desplaza como si est\u00e1 en casa, disponemos de una selecci\u00f3n de potentes cargadores USB o estaciones de carga. Tanto si necesita cargar su smartphone, tableta u otros aparatos electr\u00f3nicos, nuestros cargadores le proporcionan la potencia que necesita para poner sus dispositivos en marcha en un abrir y cerrar de ojos. Gracias a la tecnolog\u00eda de carga inteligente, detectan autom\u00e1ticamente el nivel de corriente \u00f3ptimo para cada dispositivo conectado y garantizan una carga r\u00e1pida y segura.<\/p><\/div><\/div><\/div><\/section>\n\n\n\n<section class=\"wp-block-lindy-paragraph-and-images full-width-image--with-text section section--paragraph-image  theme--light font--size-medium\"><div class=\"grid-noBottom-middle\"><div class=\"col-6_sm-12 full-width-image__content section section--animation-up align--right \"><div class=\"content--animate\"><div class=\"contained\"><h2 class=\"section__heading\"><span>estaci\u00f3n DE Carga USB<\/span><\/h2><h2 class=\"section__subheading section__subheading__title\">CARGA SIMULT\u00c1NEA DE VARIOS DISPOSITIVOS<\/h2><p class=\"section__paragraph\"><br\/>Nuestras estaciones de carga pueden cargar hasta diez dispositivos simult\u00e1neamente. Gracias a una funci\u00f3n de \u00abcarga inteligente\u00bb y a la compatibilidad con muchos protocolos de carga diferentes, como QC 3.0 o QC 4.0, Samsung AFC, Apple 5V 2.4A, pueden reconocer el dispositivo conectado y ajustar autom\u00e1ticamente la corriente y el voltaje de carga para una carga r\u00e1pida y segura.<\/p><div class=\"section__button\"><a href=\"https:\/\/www.lindy.eu\/?websale8=ld0101.ld021102&amp;ci=208\" class=\"button button--dark\" target=\"_blank\">DESCUBRA<\/a><\/div><\/div><\/div><\/div><div class=\"col-6_sm-12 full-width-image--with-text align--right\" style=\"background-image:url(https:\/\/lindy.com\/fr\/wp-content\/uploads\/sites\/4\/2024\/08\/Landing-page-alimentation-contenu-1-1.jpg)\"><img decoding=\"async\" src=\"https:\/\/lindy.com\/fr\/wp-content\/uploads\/sites\/4\/2024\/08\/Landing-page-alimentation-contenu-1-1.jpg\"\/><\/div><\/div><\/section>\n\n\n\n<section class=\"wp-block-lindy-paragraph-and-images full-width-image--with-text section section--paragraph-image  theme--dark font--size-medium\"><div class=\"grid-noBottom-middle-reverse\"><div class=\"col-6_sm-12 full-width-image__content section section--animation-none align--left \"><div class=\"content--animate\"><div class=\"contained\"><h2 class=\"section__heading\"><span>Cargador USB<\/span><\/h2><h2 class=\"section__subheading section__subheading__title\">LIB\u00c9RESE DE LAS LIMITACIONES EL\u00c9CTRICAS<\/h2><p class=\"section__paragraph\"><br\/>Para usar en casa o fuera de ella, ofrecemos una amplia gama de cargadores USB de alto rendimiento. Gracias a los cargadores GaN, que incorporan la \u00faltima tecnolog\u00eda de semiconductores con 65 W de potencia y PPS<br\/><br\/>(Progammable Power Supply), los dispositivos conectados pueden cargarse de forma m\u00e1s inteligente y r\u00e1pida que con un cargador USB est\u00e1ndar de tipo A o C. Los cargadores<br\/><br\/>pueden ajustar el voltaje y la corriente en tiempo real para satisfacer las necesidades de carga, proporcionando una potencia de carga \u00f3ptima en funci\u00f3n del estado de carga del dispositivo conectado.<\/p><div class=\"section__button\"><a href=\"https:\/\/www.lindy.eu\/?websale8=ld0101.ld021102&amp;ci=209\" class=\"button button--white-transparent\" target=\"_blank\">DESCUBRA<\/a><\/div><\/div><\/div><\/div><div class=\"col-6_sm-12 full-width-image--with-text align--left\" style=\"background-image:url(https:\/\/lindy.com\/fr\/wp-content\/uploads\/sites\/4\/2024\/08\/Landing-page-alimentation-chargeur-usb.jpg)\"><img decoding=\"async\" src=\"https:\/\/lindy.com\/fr\/wp-content\/uploads\/sites\/4\/2024\/08\/Landing-page-alimentation-chargeur-usb.jpg\"\/><\/div><\/div><\/section>\n\n\n\n<section class=\"wp-block-lindy-paragraph-and-images full-width-image--with-text section section--paragraph-image  theme--light font--size-medium\"><div class=\"grid-noBottom-middle\"><div class=\"col-6_sm-12 full-width-image__content section section--animation-none align--right \"><div class=\"content--animate\"><div class=\"contained\"><h2 class=\"section__heading\"><span>regletas<\/span><\/h2><h2 class=\"section__subheading section__subheading__title\">PARA UNA DISTRIBUCI\u00d3N EL\u00c9CTRICA OPTIMIZADA<\/h2><p class=\"section__paragraph\"><br\/>Nuestras regletas le permiten conectar varios dispositivos simult\u00e1neamente, sin comprometer la seguridad ni la calidad. Por ejemplo, encontrar\u00e1 PDU (unidades de distribuci\u00f3n de energ\u00eda) para montaje en bastidor y regletas Schuko con 6 u 8 tomas, disponibles en blanco o negro. Su alta resistencia a la temperatura permite utilizarlas sin problemas en entornos no climatizados.<\/p><div class=\"section__button\"><a href=\"https:\/\/www.lindy.eu\/?websale8=ld0101.ld021102&amp;ci=210\" class=\"button button--dark\" target=\"_blank\">DESCUBRA<\/a><\/div><\/div><\/div><\/div><div class=\"col-6_sm-12 full-width-image--with-text align--right\" style=\"background-image:url(https:\/\/lindy.com\/fr\/wp-content\/uploads\/sites\/4\/2024\/08\/Landing-page-alimentation-multiprises.jpg)\"><img decoding=\"async\" src=\"https:\/\/lindy.com\/fr\/wp-content\/uploads\/sites\/4\/2024\/08\/Landing-page-alimentation-multiprises.jpg\"\/><\/div><\/div><\/section>\n\n\n\n<section class=\"wp-block-lindy-image-text-module section section--full-width-image full-width-image--with-text theme--dark section--animation-none align--left  font--size-medium width--half\" style=\"background-image:url()\"><img decoding=\"async\" class=\"full-width-image__image\" src=\"\"\/><div class=\"contained\"><div class=\"full-width-image__content\"><h2 class=\"section__heading\"><span>\u00bfTiene alguna pregunta o necesita asesoramiento Personalizado?<br\/><br\/><\/span><\/h2><h2 class=\"section__subheading section__subheading__title\">HABLE CON NUESTROS EXPERTOS<br\/><br\/><\/h2><a href=\"https:\/\/lindy.com\/es\/contact\/\" class=\"button button--white-transparent\" target=\"_self\" rel=\"noopener noreferrer\">Contacto<\/a><\/div><\/div><\/section>\n\n\n\n<section class=\"wp-block-lindy-image-text-module section section--full-width-image full-width-image--with-text theme--dark section--animation-none align--center  font--size-medium width--half\" style=\"background-image:url(https:\/\/lindy.com\/es\/wp-content\/uploads\/sites\/7\/2024\/11\/ES-HW-Support.jpg)\"><img decoding=\"async\" class=\"full-width-image__image\" src=\"https:\/\/lindy.com\/es\/wp-content\/uploads\/sites\/7\/2024\/11\/ES-HW-Support.jpg\"\/><div class=\"contained\"><div class=\"full-width-image__content\"><\/div><\/div><\/section>\n","protected":false},"excerpt":{"rendered":"","protected":false},"author":28,"featured_media":0,"parent":0,"menu_order":0,"comment_status":"closed","ping_status":"closed","template":"page-templates\/template-landing.php","meta":{"_acf_changed":false,"footnotes":""},"class_list":["post-7940","page","type-page","status-publish","hentry"],"acf":[],"yoast_head":"<!-- This site is optimized with the Yoast SEO plugin v26.6 - https:\/\/yoast.com\/wordpress\/plugins\/seo\/ -->\n<title>ALIMENTACI\u00d3N EL\u00c9CTRICA - Lindy - Spanish<\/title>\n<meta name=\"robots\" content=\"index, follow, max-snippet:-1, max-image-preview:large, max-video-preview:-1\" \/>\n<link rel=\"canonical\" href=\"https:\/\/lindy.com\/es\/alimentacion-electrica\/\" \/>\n<meta property=\"og:locale\" content=\"es_ES\" \/>\n<meta property=\"og:type\" content=\"article\" \/>\n<meta property=\"og:title\" content=\"ALIMENTACI\u00d3N EL\u00c9CTRICA - Lindy - Spanish\" \/>\n<meta property=\"og:url\" content=\"https:\/\/lindy.com\/es\/alimentacion-electrica\/\" \/>\n<meta property=\"og:site_name\" content=\"Lindy - Spanish\" \/>\n<meta property=\"article:modified_time\" content=\"2025-04-02T09:33:46+00:00\" \/>\n<meta property=\"og:image\" content=\"https:\/\/lindy.com\/fr\/wp-content\/uploads\/sites\/4\/2024\/08\/Landing-page-alimentation-contenu-1-1.jpg\" \/>\n<meta name=\"twitter:card\" content=\"summary_large_image\" \/>\n<meta name=\"twitter:label1\" content=\"Tiempo de lectura\" \/>\n\t<meta name=\"twitter:data1\" content=\"3 minutos\" \/>\n<script type=\"application\/ld+json\" class=\"yoast-schema-graph\">{\"@context\":\"https:\/\/schema.org\",\"@graph\":[{\"@type\":\"WebPage\",\"@id\":\"https:\/\/lindy.com\/es\/alimentacion-electrica\/\",\"url\":\"https:\/\/lindy.com\/es\/alimentacion-electrica\/\",\"name\":\"ALIMENTACI\u00d3N EL\u00c9CTRICA - Lindy - Spanish\",\"isPartOf\":{\"@id\":\"https:\/\/lindy.com\/es\/#website\"},\"primaryImageOfPage\":{\"@id\":\"https:\/\/lindy.com\/es\/alimentacion-electrica\/#primaryimage\"},\"image\":{\"@id\":\"https:\/\/lindy.com\/es\/alimentacion-electrica\/#primaryimage\"},\"thumbnailUrl\":\"https:\/\/lindy.com\/fr\/wp-content\/uploads\/sites\/4\/2024\/08\/Landing-page-alimentation-contenu-1-1.jpg\",\"datePublished\":\"2025-03-24T13:05:16+00:00\",\"dateModified\":\"2025-04-02T09:33:46+00:00\",\"breadcrumb\":{\"@id\":\"https:\/\/lindy.com\/es\/alimentacion-electrica\/#breadcrumb\"},\"inLanguage\":\"es\",\"potentialAction\":[{\"@type\":\"ReadAction\",\"target\":[\"https:\/\/lindy.com\/es\/alimentacion-electrica\/\"]}]},{\"@type\":\"ImageObject\",\"inLanguage\":\"es\",\"@id\":\"https:\/\/lindy.com\/es\/alimentacion-electrica\/#primaryimage\",\"url\":\"https:\/\/lindy.com\/fr\/wp-content\/uploads\/sites\/4\/2024\/08\/Landing-page-alimentation-contenu-1-1.jpg\",\"contentUrl\":\"https:\/\/lindy.com\/fr\/wp-content\/uploads\/sites\/4\/2024\/08\/Landing-page-alimentation-contenu-1-1.jpg\"},{\"@type\":\"BreadcrumbList\",\"@id\":\"https:\/\/lindy.com\/es\/alimentacion-electrica\/#breadcrumb\",\"itemListElement\":[{\"@type\":\"ListItem\",\"position\":1,\"name\":\"Home\",\"item\":\"https:\/\/lindy.com\/es\/\"},{\"@type\":\"ListItem\",\"position\":2,\"name\":\"ALIMENTACI\u00d3N EL\u00c9CTRICA\"}]},{\"@type\":\"WebSite\",\"@id\":\"https:\/\/lindy.com\/es\/#website\",\"url\":\"https:\/\/lindy.com\/es\/\",\"name\":\"Lindy - Spanish\",\"description\":\"Connection Perfection\",\"potentialAction\":[{\"@type\":\"SearchAction\",\"target\":{\"@type\":\"EntryPoint\",\"urlTemplate\":\"https:\/\/lindy.com\/es\/?s={search_term_string}\"},\"query-input\":{\"@type\":\"PropertyValueSpecification\",\"valueRequired\":true,\"valueName\":\"search_term_string\"}}],\"inLanguage\":\"es\"}]}<\/script>\n<!-- \/ Yoast SEO plugin. -->","yoast_head_json":{"title":"ALIMENTACI\u00d3N EL\u00c9CTRICA - Lindy - Spanish","robots":{"index":"index","follow":"follow","max-snippet":"max-snippet:-1","max-image-preview":"max-image-preview:large","max-video-preview":"max-video-preview:-1"},"canonical":"https:\/\/lindy.com\/es\/alimentacion-electrica\/","og_locale":"es_ES","og_type":"article","og_title":"ALIMENTACI\u00d3N EL\u00c9CTRICA - Lindy - Spanish","og_url":"https:\/\/lindy.com\/es\/alimentacion-electrica\/","og_site_name":"Lindy - Spanish","article_modified_time":"2025-04-02T09:33:46+00:00","og_image":[{"url":"https:\/\/lindy.com\/fr\/wp-content\/uploads\/sites\/4\/2024\/08\/Landing-page-alimentation-contenu-1-1.jpg","type":"","width":"","height":""}],"twitter_card":"summary_large_image","twitter_misc":{"Tiempo de lectura":"3 minutos"},"schema":{"@context":"https:\/\/schema.org","@graph":[{"@type":"WebPage","@id":"https:\/\/lindy.com\/es\/alimentacion-electrica\/","url":"https:\/\/lindy.com\/es\/alimentacion-electrica\/","name":"ALIMENTACI\u00d3N EL\u00c9CTRICA - Lindy - Spanish","isPartOf":{"@id":"https:\/\/lindy.com\/es\/#website"},"primaryImageOfPage":{"@id":"https:\/\/lindy.com\/es\/alimentacion-electrica\/#primaryimage"},"image":{"@id":"https:\/\/lindy.com\/es\/alimentacion-electrica\/#primaryimage"},"thumbnailUrl":"https:\/\/lindy.com\/fr\/wp-content\/uploads\/sites\/4\/2024\/08\/Landing-page-alimentation-contenu-1-1.jpg","datePublished":"2025-03-24T13:05:16+00:00","dateModified":"2025-04-02T09:33:46+00:00","breadcrumb":{"@id":"https:\/\/lindy.com\/es\/alimentacion-electrica\/#breadcrumb"},"inLanguage":"es","potentialAction":[{"@type":"ReadAction","target":["https:\/\/lindy.com\/es\/alimentacion-electrica\/"]}]},{"@type":"ImageObject","inLanguage":"es","@id":"https:\/\/lindy.com\/es\/alimentacion-electrica\/#primaryimage","url":"https:\/\/lindy.com\/fr\/wp-content\/uploads\/sites\/4\/2024\/08\/Landing-page-alimentation-contenu-1-1.jpg","contentUrl":"https:\/\/lindy.com\/fr\/wp-content\/uploads\/sites\/4\/2024\/08\/Landing-page-alimentation-contenu-1-1.jpg"},{"@type":"BreadcrumbList","@id":"https:\/\/lindy.com\/es\/alimentacion-electrica\/#breadcrumb","itemListElement":[{"@type":"ListItem","position":1,"name":"Home","item":"https:\/\/lindy.com\/es\/"},{"@type":"ListItem","position":2,"name":"ALIMENTACI\u00d3N EL\u00c9CTRICA"}]},{"@type":"WebSite","@id":"https:\/\/lindy.com\/es\/#website","url":"https:\/\/lindy.com\/es\/","name":"Lindy - Spanish","description":"Connection Perfection","potentialAction":[{"@type":"SearchAction","target":{"@type":"EntryPoint","urlTemplate":"https:\/\/lindy.com\/es\/?s={search_term_string}"},"query-input":{"@type":"PropertyValueSpecification","valueRequired":true,"valueName":"search_term_string"}}],"inLanguage":"es"}]}},"_links":{"self":[{"href":"https:\/\/lindy.com\/es\/wp-json\/wp\/v2\/pages\/7940","targetHints":{"allow":["GET"]}}],"collection":[{"href":"https:\/\/lindy.com\/es\/wp-json\/wp\/v2\/pages"}],"about":[{"href":"https:\/\/lindy.com\/es\/wp-json\/wp\/v2\/types\/page"}],"author":[{"embeddable":true,"href":"https:\/\/lindy.com\/es\/wp-json\/wp\/v2\/users\/28"}],"replies":[{"embeddable":true,"href":"https:\/\/lindy.com\/es\/wp-json\/wp\/v2\/comments?post=7940"}],"version-history":[{"count":12,"href":"https:\/\/lindy.com\/es\/wp-json\/wp\/v2\/pages\/7940\/revisions"}],"predecessor-version":[{"id":8104,"href":"https:\/\/lindy.com\/es\/wp-json\/wp\/v2\/pages\/7940\/revisions\/8104"}],"wp:attachment":[{"href":"https:\/\/lindy.com\/es\/wp-json\/wp\/v2\/media?parent=7940"}],"curies":[{"name":"wp","href":"https:\/\/api.w.org\/{rel}","templated":true}]}}