{"id":8062,"date":"2025-04-03T14:42:53","date_gmt":"2025-04-03T14:42:53","guid":{"rendered":"https:\/\/lindy.com\/es\/?page_id=8062"},"modified":"2025-10-07T14:48:22","modified_gmt":"2025-10-07T14:48:22","slug":"csr","status":"publish","type":"page","link":"https:\/\/lindy.com\/es\/csr\/","title":{"rendered":""},"content":{"rendered":"\n<div class=\"wp-block-media-text is-stacked-on-mobile\"><figure class=\"wp-block-media-text__media\"><img loading=\"lazy\" decoding=\"async\" width=\"1024\" height=\"1019\" src=\"https:\/\/lindy.com\/es\/wp-content\/uploads\/sites\/7\/2025\/04\/Peter-1024x1019.jpg\" alt=\"\" class=\"wp-image-8144 size-full\" srcset=\"https:\/\/lindy.com\/es\/wp-content\/uploads\/sites\/7\/2025\/04\/Peter-1024x1019.jpg 1024w, https:\/\/lindy.com\/es\/wp-content\/uploads\/sites\/7\/2025\/04\/Peter-300x300.jpg 300w, https:\/\/lindy.com\/es\/wp-content\/uploads\/sites\/7\/2025\/04\/Peter-150x150.jpg 150w, https:\/\/lindy.com\/es\/wp-content\/uploads\/sites\/7\/2025\/04\/Peter-768x765.jpg 768w, https:\/\/lindy.com\/es\/wp-content\/uploads\/sites\/7\/2025\/04\/Peter-1536x1529.jpg 1536w, https:\/\/lindy.com\/es\/wp-content\/uploads\/sites\/7\/2025\/04\/Peter-2048x2039.jpg 2048w, https:\/\/lindy.com\/es\/wp-content\/uploads\/sites\/7\/2025\/04\/Peter-1170x1165.jpg 1170w, https:\/\/lindy.com\/es\/wp-content\/uploads\/sites\/7\/2025\/04\/Peter-470x468.jpg 470w\" sizes=\"auto, (max-width: 1024px) 100vw, 1024px\" \/><\/figure><div class=\"wp-block-media-text__content\">\n<p class=\"has-medium-font-size\"><span style=\"font: 20pt;\">\u00abComo empresa familiar con m\u00e1s de 90 a\u00f1os de historia, la responsabilidad empresarial est\u00e1 profundamente arraigada en nuestros valores y cultura. Las relaciones sostenibles a largo plazo basadas en el beneficio mutuo con proveedores, clientes y empleados han hecho de Lindy lo que es hoy: un \u00e9xito constante. Por ello, el principio de sostenibilidad ha formado parte de nuestra cultura empresarial mucho antes de que se convirtiera en una tendencia.<br><br><\/span><\/p>\n<\/div><\/div>\n\n\n\n<p class=\"has-text-align-left has-medium-font-size\"><br>Como parte de nuestra gesti\u00f3n de la sostenibilidad, evolucionamos continuamente para satisfacer las demandas del mercado y las crecientes expectativas de nuestros clientes. Con ello, nos esforzamos por contribuir positivamente al desarrollo sostenible mundial..\u00bb&nbsp; <br><br>&#8212; <em>Dr. Peter Lindenberg, Managing Director Lindy Elektronik GmbH<\/em> &#8212;<\/p>\n\n\n\n<div style=\"height:17px\" aria-hidden=\"true\" class=\"wp-block-spacer\"><\/div>\n\n\n\n<hr class=\"wp-block-separator has-text-color has-vivid-red-color has-alpha-channel-opacity has-vivid-red-background-color has-background is-style-dots\"\/>\n\n\n\n<section id=\"hf\" class=\"wp-block-lindy-anchor-section section section--anchor\"><\/section>\n\n\n\n<h2 class=\"wp-block-heading has-large-font-size\"><\/h2>\n\n\n\n<hr class=\"wp-block-separator has-text-color has-vivid-red-color has-alpha-channel-opacity has-vivid-red-background-color has-background is-style-wide\"\/>\n\n\n\n<div class=\"wp-block-columns is-layout-flex wp-container-core-columns-is-layout-9d6595d7 wp-block-columns-is-layout-flex\">\n<div class=\"wp-block-column is-layout-flow wp-block-column-is-layout-flow\" style=\"flex-basis:250px\"><div class=\"wp-block-image\">\n<figure class=\"aligncenter size-full is-resized\"><a href=\"http:\/\/lindy.com\/es\/csr-foa\/#management\"><img decoding=\"async\" src=\"https:\/\/lindy.com\/de\/wp-content\/uploads\/sites\/3\/2024\/11\/48-1.png\" alt=\"\" class=\"wp-image-10303\" style=\"object-fit:cover;width:250px;height:185px\"\/><\/a><\/figure><\/div>\n\n\n<h3 class=\"wp-block-heading has-medium-font-size\">Gobernanza empresarial<\/h3>\n<\/div>\n\n\n\n<div class=\"wp-block-column is-layout-flow wp-block-column-is-layout-flow\" style=\"flex-basis:250px\"><div class=\"wp-block-image\">\n<figure class=\"aligncenter size-full is-resized\"><a href=\"http:\/\/lindy.com\/es\/csr-foa\/#products\"><img decoding=\"async\" src=\"https:\/\/lindy.com\/de\/wp-content\/uploads\/sites\/3\/2024\/11\/49_low.png\" alt=\"\" class=\"wp-image-10305\" style=\"object-fit:cover;width:250px;height:185px\"\/><\/a><\/figure><\/div>\n\n\n<h3 class=\"wp-block-heading has-medium-font-size\">Responsabilidad de producto<\/h3>\n<\/div>\n\n\n\n<div class=\"wp-block-column is-layout-flow wp-block-column-is-layout-flow\" style=\"flex-basis:250px\"><div class=\"wp-block-image\">\n<figure class=\"aligncenter size-full is-resized\"><a href=\"https:\/\/lindy.com\/es\/csr-foa\/#supply-chain\"><img decoding=\"async\" src=\"https:\/\/lindy.com\/de\/wp-content\/uploads\/sites\/3\/2024\/11\/52_low.png\" alt=\"\" class=\"wp-image-10306\" style=\"object-fit:cover;width:250px;height:185px\"\/><\/a><\/figure><\/div>\n\n\n<h3 class=\"wp-block-heading has-medium-font-size\">Cadena de suministro y aprovisionamiento<\/h3>\n<\/div>\n<\/div>\n\n\n\n<div class=\"wp-block-columns is-layout-flex wp-container-core-columns-is-layout-9d6595d7 wp-block-columns-is-layout-flex\">\n<div class=\"wp-block-column is-layout-flow wp-block-column-is-layout-flow\"><div class=\"wp-block-image\">\n<figure class=\"aligncenter size-full is-resized\"><a href=\"http:\/\/lindy.com\/es\/csr-foa\/#environment\"><img decoding=\"async\" src=\"https:\/\/lindy.com\/de\/wp-content\/uploads\/sites\/3\/2024\/11\/50_low.png\" alt=\"\" class=\"wp-image-10317\" style=\"object-fit:cover;width:250px;height:185px\"\/><\/a><\/figure><\/div>\n\n\n<h2 class=\"wp-block-heading has-medium-font-size\">Responsabilidad medioambiental<\/h2>\n<\/div>\n\n\n\n<div class=\"wp-block-column is-layout-flow wp-block-column-is-layout-flow\"><div class=\"wp-block-image\">\n<figure class=\"aligncenter size-full is-resized\"><a href=\"http:\/\/lindy.com\/es\/csr-foa\/#employees\"><img decoding=\"async\" src=\"https:\/\/lindy.com\/de\/wp-content\/uploads\/sites\/3\/2024\/11\/53_low.png\" alt=\"\" class=\"wp-image-10312\" style=\"object-fit:cover;width:250px;height:185px\"\/><\/a><\/figure><\/div>\n\n\n<h2 class=\"wp-block-heading has-medium-font-size\">Equipo Lindy<br><\/h2>\n<\/div>\n\n\n\n<div class=\"wp-block-column is-layout-flow wp-block-column-is-layout-flow\"><div class=\"wp-block-image\">\n<figure class=\"aligncenter size-full is-resized\"><a href=\"https:\/\/lindy.com\/es\/csr-foa\/#society\"><img decoding=\"async\" src=\"https:\/\/lindy.com\/de\/wp-content\/uploads\/sites\/3\/2024\/11\/51_low-1.png\" alt=\"\" class=\"wp-image-10315\" style=\"object-fit:cover;width:250px;height:185px\"\/><\/a><\/figure><\/div>\n\n\n<h2 class=\"wp-block-heading has-medium-font-size\">Compromiso social<br><\/h2>\n<\/div>\n<\/div>\n\n\n\n<hr class=\"wp-block-separator has-text-color has-vivid-red-color has-alpha-channel-opacity has-vivid-red-background-color has-background is-style-wide\"\/>\n\n\n\n<div style=\"height:34px\" aria-hidden=\"true\" class=\"wp-block-spacer\"><\/div>\n\n\n\n<section class=\"wp-block-lindy-parallax-hero section parallax-hero theme--dark align--center  font--size-large\" style=\"background-image:url(https:\/\/lindy.com\/de\/wp-content\/uploads\/sites\/3\/2024\/06\/Header-Zwischenablage_06-03-2024_01.png)\"><div class=\"contained contained--full-width\"><div class=\"parallax-hero__content\"><div class=\"parallax-hero__content-wrapper align--center\"><\/div><\/div><\/div><\/section>\n\n\n\n<div style=\"height:32px\" aria-hidden=\"true\" class=\"wp-block-spacer\"><\/div>\n\n\n\n<hr class=\"wp-block-separator has-text-color has-vivid-red-color has-alpha-channel-opacity has-vivid-red-background-color has-background is-style-wide\"\/>\n\n\n\n<section id=\"stiftung\" class=\"wp-block-lindy-anchor-section section section--anchor\"><\/section>\n\n\n\n<div style=\"height:29px\" aria-hidden=\"true\" class=\"wp-block-spacer\"><\/div>\n\n\n\n<h2 class=\"wp-block-heading has-large-font-size\">La fundaci\u00f3n Lindy<\/h2>\n\n\n\n<p class=\"has-medium-font-size\">La Fundaci\u00f3n Lindy es un reflejo de nuestro compromiso social, que se ha mantenido activamente como una tradici\u00f3n en Lindy. A lo largo de los a\u00f1os, la Fundaci\u00f3n Lindy ha apoyado proyectos ben\u00e9ficos en todo el mundo en consonancia con sus fines fundacionales. Al seleccionar los proyectos que apoyamos, nos centramos en iniciativas y organizaciones sin \u00e1nimo de lucro en las que participan personalmente miembros de la familia propietaria o del equipo Lindy.<\/p>\n\n\n\n<section id=\"ecovadis\" class=\"wp-block-lindy-anchor-section section section--anchor\"><\/section>\n\n\n\n<div style=\"height:46px\" aria-hidden=\"true\" class=\"wp-block-spacer\"><\/div>\n\n\n\n<div class=\"wp-block-buttons is-content-justification-center is-layout-flex wp-container-core-buttons-is-layout-16018d1d wp-block-buttons-is-layout-flex\">\n<div class=\"wp-block-button has-custom-width wp-block-button__width-50 has-custom-font-size has-medium-font-size\"><a class=\"wp-block-button__link has-white-color has-vivid-red-background-color has-text-color has-background has-link-color wp-element-button\" href=\"..\/csr-foundation\" style=\"border-radius:0px\">CONOCE M\u00c1S<\/a><\/div>\n<\/div>\n\n\n\n<div style=\"height:47px\" aria-hidden=\"true\" class=\"wp-block-spacer\"><\/div>\n\n\n\n<hr class=\"wp-block-separator has-text-color has-vivid-red-color has-alpha-channel-opacity has-vivid-red-background-color has-background is-style-wide\"\/>\n\n\n\n<h2 class=\"wp-block-heading has-large-font-size\">EcoVadis &#8211; Calificaci\u00f3n de sostenibilidad<\/h2>\n\n\n\n<div class=\"wp-block-media-text is-stacked-on-mobile\" style=\"grid-template-columns:40% auto\"><figure class=\"wp-block-media-text__media\"><img decoding=\"async\" src=\"https:\/\/lindy.com\/de\/wp-content\/uploads\/sites\/3\/2024\/10\/Ecovadis-Award2024cropped-1024x792.png\" alt=\"\" class=\"wp-image-10156 size-full\"\/><\/figure><div class=\"wp-block-media-text__content\">\n<p class=\"has-medium-font-size\">Desde 2023, nuestra gesti\u00f3n de la sostenibilidad es evaluada anualmente por la plataforma de sostenibilidad EcoVadis. Los resultados de esta exhaustiva evaluaci\u00f3n no solo reflejan nuestro compromiso con la sostenibilidad, sino que tambi\u00e9n nos aportan valiosos conocimientos para seguir avanzando en nuestro camino hacia el desarrollo sostenible.<\/p>\n\n\n\n<p><\/p>\n\n\n\n<p><\/p>\n<\/div><\/div>\n\n\n\n<div style=\"height:17px\" aria-hidden=\"true\" class=\"wp-block-spacer\"><\/div>\n\n\n\n<div class=\"wp-block-buttons is-content-justification-center is-layout-flex wp-container-core-buttons-is-layout-16018d1d wp-block-buttons-is-layout-flex\">\n<div class=\"wp-block-button has-custom-width wp-block-button__width-50 has-custom-font-size has-medium-font-size\"><a class=\"wp-block-button__link has-white-color has-vivid-red-background-color has-text-color has-background has-link-color wp-element-button\" href=\"https:\/\/lindy.com\/es\/csr-ecovadis\/\" style=\"border-radius:0px\">CONOCE M\u00c1S<\/a><\/div>\n<\/div>\n\n\n\n<div style=\"height:47px\" aria-hidden=\"true\" class=\"wp-block-spacer\"><\/div>\n\n\n\n<hr class=\"wp-block-separator has-text-color has-vivid-red-color has-alpha-channel-opacity has-vivid-red-background-color has-background is-style-wide\"\/>\n\n\n\n<div style=\"height:45px\" aria-hidden=\"true\" class=\"wp-block-spacer\"><\/div>\n\n\n\n<h2 class=\"wp-block-heading has-large-font-size\">News<strong> <\/strong><\/h2>\n\n\n<ul class=\"wp-block-latest-posts__list wp-block-latest-posts\"><li><div class=\"wp-block-latest-posts__featured-image alignleft\"><a href=\"https:\/\/lindy.com\/es\/lindy-vuelve-a-recibir-la-medalla-de-plata-de-ecovadis-en-2025\/\" aria-label=\"Lindy vuelve a recibir la medalla de plata de EcoVadis en 2025\"><img loading=\"lazy\" decoding=\"async\" width=\"150\" height=\"150\" src=\"https:\/\/lindy.com\/es\/wp-content\/uploads\/sites\/7\/2025\/10\/25-09-Ecovadis-Award2-150x150.png\" class=\"attachment-thumbnail size-thumbnail wp-post-image\" alt=\"\" style=\"max-width:113px;max-height:113px;\" srcset=\"https:\/\/lindy.com\/es\/wp-content\/uploads\/sites\/7\/2025\/10\/25-09-Ecovadis-Award2-150x150.png 150w, https:\/\/lindy.com\/es\/wp-content\/uploads\/sites\/7\/2025\/10\/25-09-Ecovadis-Award2-300x300.png 300w, https:\/\/lindy.com\/es\/wp-content\/uploads\/sites\/7\/2025\/10\/25-09-Ecovadis-Award2-1024x1024.png 1024w, https:\/\/lindy.com\/es\/wp-content\/uploads\/sites\/7\/2025\/10\/25-09-Ecovadis-Award2-768x768.png 768w, https:\/\/lindy.com\/es\/wp-content\/uploads\/sites\/7\/2025\/10\/25-09-Ecovadis-Award2-470x470.png 470w, https:\/\/lindy.com\/es\/wp-content\/uploads\/sites\/7\/2025\/10\/25-09-Ecovadis-Award2.png 1080w\" sizes=\"auto, (max-width: 150px) 100vw, 150px\" \/><\/a><\/div><a class=\"wp-block-latest-posts__post-title\" href=\"https:\/\/lindy.com\/es\/lindy-vuelve-a-recibir-la-medalla-de-plata-de-ecovadis-en-2025\/\">Lindy vuelve a recibir la medalla de plata de EcoVadis en 2025<\/a><div class=\"wp-block-latest-posts__post-excerpt\">Plata, segunda edici\u00f3n Nos complace enormemente anunciar que Lindy ha recibido por segunda vez la medalla de plata de\u2026 <a class=\"wp-block-latest-posts__read-more\" href=\"https:\/\/lindy.com\/es\/lindy-vuelve-a-recibir-la-medalla-de-plata-de-ecovadis-en-2025\/\" rel=\"noopener noreferrer\">Read more<span class=\"screen-reader-text\">: Lindy vuelve a recibir la medalla de plata de EcoVadis en 2025<\/span><\/a><\/div><\/li>\n<\/ul>\n\n\n<p><\/p>\n","protected":false},"excerpt":{"rendered":"<p>\u00abComo empresa familiar con m\u00e1s de 90 a\u00f1os de historia, la responsabilidad empresarial est\u00e1 profundamente arraigada en nuestros valores y cultura. Las relaciones sostenibles a largo plazo basadas en el beneficio mutuo con proveedores, clientes y empleados han hecho de Lindy lo que es hoy: un \u00e9xito constante. Por ello, el principio de sostenibilidad ha [&hellip;]<\/p>\n","protected":false},"author":21,"featured_media":8059,"parent":0,"menu_order":0,"comment_status":"closed","ping_status":"closed","template":"","meta":{"_acf_changed":false,"footnotes":""},"class_list":["post-8062","page","type-page","status-publish","has-post-thumbnail","hentry"],"acf":[],"yoast_head":"<!-- This site is optimized with the Yoast SEO plugin v26.6 - https:\/\/yoast.com\/wordpress\/plugins\/seo\/ -->\n<title>Lindy - CSR - Spanish<\/title>\n<meta name=\"description\" content=\"La sostenibilidad, la RSC, la responsabilidad del producto y el compromiso social est\u00e1n en el centro de nuestros valores y cultura.\" \/>\n<meta name=\"robots\" content=\"index, follow, max-snippet:-1, max-image-preview:large, max-video-preview:-1\" \/>\n<link rel=\"canonical\" href=\"https:\/\/lindy.com\/es\/csr\/\" \/>\n<meta property=\"og:locale\" content=\"es_ES\" \/>\n<meta property=\"og:type\" content=\"article\" \/>\n<meta property=\"og:title\" content=\"Lindy - CSR - Spanish\" \/>\n<meta property=\"og:description\" content=\"La sostenibilidad, la RSC, la responsabilidad del producto y el compromiso social est\u00e1n en el centro de nuestros valores y cultura.\" \/>\n<meta property=\"og:url\" content=\"https:\/\/lindy.com\/es\/csr\/\" \/>\n<meta property=\"og:site_name\" content=\"Lindy - Spanish\" \/>\n<meta property=\"article:modified_time\" content=\"2025-10-07T14:48:22+00:00\" \/>\n<meta property=\"og:image\" content=\"https:\/\/lindy.com\/es\/wp-content\/uploads\/sites\/7\/2025\/03\/Lindy-Building-Night.png\" \/>\n\t<meta property=\"og:image:width\" content=\"1920\" \/>\n\t<meta property=\"og:image:height\" content=\"480\" \/>\n\t<meta property=\"og:image:type\" content=\"image\/png\" \/>\n<meta name=\"twitter:card\" content=\"summary_large_image\" \/>\n<meta name=\"twitter:label1\" content=\"Tiempo de lectura\" \/>\n\t<meta name=\"twitter:data1\" content=\"3 minutos\" \/>\n<script type=\"application\/ld+json\" class=\"yoast-schema-graph\">{\"@context\":\"https:\/\/schema.org\",\"@graph\":[{\"@type\":\"WebPage\",\"@id\":\"https:\/\/lindy.com\/es\/csr\/\",\"url\":\"https:\/\/lindy.com\/es\/csr\/\",\"name\":\"Lindy - CSR - Spanish\",\"isPartOf\":{\"@id\":\"https:\/\/lindy.com\/es\/#website\"},\"primaryImageOfPage\":{\"@id\":\"https:\/\/lindy.com\/es\/csr\/#primaryimage\"},\"image\":{\"@id\":\"https:\/\/lindy.com\/es\/csr\/#primaryimage\"},\"thumbnailUrl\":\"https:\/\/lindy.com\/es\/wp-content\/uploads\/sites\/7\/2025\/03\/Lindy-Building-Night.png\",\"datePublished\":\"2025-04-03T14:42:53+00:00\",\"dateModified\":\"2025-10-07T14:48:22+00:00\",\"description\":\"La sostenibilidad, la RSC, la responsabilidad del producto y el compromiso social est\u00e1n en el centro de nuestros valores y cultura.\",\"inLanguage\":\"es\",\"potentialAction\":[{\"@type\":\"ReadAction\",\"target\":[\"https:\/\/lindy.com\/es\/csr\/\"]}]},{\"@type\":\"ImageObject\",\"inLanguage\":\"es\",\"@id\":\"https:\/\/lindy.com\/es\/csr\/#primaryimage\",\"url\":\"https:\/\/lindy.com\/es\/wp-content\/uploads\/sites\/7\/2025\/03\/Lindy-Building-Night.png\",\"contentUrl\":\"https:\/\/lindy.com\/es\/wp-content\/uploads\/sites\/7\/2025\/03\/Lindy-Building-Night.png\",\"width\":1920,\"height\":480},{\"@type\":\"WebSite\",\"@id\":\"https:\/\/lindy.com\/es\/#website\",\"url\":\"https:\/\/lindy.com\/es\/\",\"name\":\"Lindy - Spanish\",\"description\":\"Connection Perfection\",\"potentialAction\":[{\"@type\":\"SearchAction\",\"target\":{\"@type\":\"EntryPoint\",\"urlTemplate\":\"https:\/\/lindy.com\/es\/?s={search_term_string}\"},\"query-input\":{\"@type\":\"PropertyValueSpecification\",\"valueRequired\":true,\"valueName\":\"search_term_string\"}}],\"inLanguage\":\"es\"}]}<\/script>\n<!-- \/ Yoast SEO plugin. -->","yoast_head_json":{"title":"Lindy - CSR - Spanish","description":"La sostenibilidad, la RSC, la responsabilidad del producto y el compromiso social est\u00e1n en el centro de nuestros valores y cultura.","robots":{"index":"index","follow":"follow","max-snippet":"max-snippet:-1","max-image-preview":"max-image-preview:large","max-video-preview":"max-video-preview:-1"},"canonical":"https:\/\/lindy.com\/es\/csr\/","og_locale":"es_ES","og_type":"article","og_title":"Lindy - CSR - Spanish","og_description":"La sostenibilidad, la RSC, la responsabilidad del producto y el compromiso social est\u00e1n en el centro de nuestros valores y cultura.","og_url":"https:\/\/lindy.com\/es\/csr\/","og_site_name":"Lindy - Spanish","article_modified_time":"2025-10-07T14:48:22+00:00","og_image":[{"width":1920,"height":480,"url":"https:\/\/lindy.com\/es\/wp-content\/uploads\/sites\/7\/2025\/03\/Lindy-Building-Night.png","type":"image\/png"}],"twitter_card":"summary_large_image","twitter_misc":{"Tiempo de lectura":"3 minutos"},"schema":{"@context":"https:\/\/schema.org","@graph":[{"@type":"WebPage","@id":"https:\/\/lindy.com\/es\/csr\/","url":"https:\/\/lindy.com\/es\/csr\/","name":"Lindy - CSR - Spanish","isPartOf":{"@id":"https:\/\/lindy.com\/es\/#website"},"primaryImageOfPage":{"@id":"https:\/\/lindy.com\/es\/csr\/#primaryimage"},"image":{"@id":"https:\/\/lindy.com\/es\/csr\/#primaryimage"},"thumbnailUrl":"https:\/\/lindy.com\/es\/wp-content\/uploads\/sites\/7\/2025\/03\/Lindy-Building-Night.png","datePublished":"2025-04-03T14:42:53+00:00","dateModified":"2025-10-07T14:48:22+00:00","description":"La sostenibilidad, la RSC, la responsabilidad del producto y el compromiso social est\u00e1n en el centro de nuestros valores y cultura.","inLanguage":"es","potentialAction":[{"@type":"ReadAction","target":["https:\/\/lindy.com\/es\/csr\/"]}]},{"@type":"ImageObject","inLanguage":"es","@id":"https:\/\/lindy.com\/es\/csr\/#primaryimage","url":"https:\/\/lindy.com\/es\/wp-content\/uploads\/sites\/7\/2025\/03\/Lindy-Building-Night.png","contentUrl":"https:\/\/lindy.com\/es\/wp-content\/uploads\/sites\/7\/2025\/03\/Lindy-Building-Night.png","width":1920,"height":480},{"@type":"WebSite","@id":"https:\/\/lindy.com\/es\/#website","url":"https:\/\/lindy.com\/es\/","name":"Lindy - Spanish","description":"Connection Perfection","potentialAction":[{"@type":"SearchAction","target":{"@type":"EntryPoint","urlTemplate":"https:\/\/lindy.com\/es\/?s={search_term_string}"},"query-input":{"@type":"PropertyValueSpecification","valueRequired":true,"valueName":"search_term_string"}}],"inLanguage":"es"}]}},"_links":{"self":[{"href":"https:\/\/lindy.com\/es\/wp-json\/wp\/v2\/pages\/8062","targetHints":{"allow":["GET"]}}],"collection":[{"href":"https:\/\/lindy.com\/es\/wp-json\/wp\/v2\/pages"}],"about":[{"href":"https:\/\/lindy.com\/es\/wp-json\/wp\/v2\/types\/page"}],"author":[{"embeddable":true,"href":"https:\/\/lindy.com\/es\/wp-json\/wp\/v2\/users\/21"}],"replies":[{"embeddable":true,"href":"https:\/\/lindy.com\/es\/wp-json\/wp\/v2\/comments?post=8062"}],"version-history":[{"count":7,"href":"https:\/\/lindy.com\/es\/wp-json\/wp\/v2\/pages\/8062\/revisions"}],"predecessor-version":[{"id":8915,"href":"https:\/\/lindy.com\/es\/wp-json\/wp\/v2\/pages\/8062\/revisions\/8915"}],"wp:featuredmedia":[{"embeddable":true,"href":"https:\/\/lindy.com\/es\/wp-json\/wp\/v2\/media\/8059"}],"wp:attachment":[{"href":"https:\/\/lindy.com\/es\/wp-json\/wp\/v2\/media?parent=8062"}],"curies":[{"name":"wp","href":"https:\/\/api.w.org\/{rel}","templated":true}]}}