{"id":8066,"date":"2025-04-03T14:53:26","date_gmt":"2025-04-03T14:53:26","guid":{"rendered":"https:\/\/lindy.com\/es\/?page_id=8066"},"modified":"2026-01-05T13:32:24","modified_gmt":"2026-01-05T13:32:24","slug":"csr-foa","status":"publish","type":"page","link":"https:\/\/lindy.com\/es\/csr-foa\/","title":{"rendered":"CSR-FoA"},"content":{"rendered":"\n<section class=\"wp-block-lindy-image-text-module section section--full-width-image full-width-image--with-text theme--dark section--animation-none align--center  font--size-small\" style=\"background-image:url()\"><img decoding=\"async\" class=\"full-width-image__image\" src=\"\"\/><div class=\"contained\"><div class=\"full-width-image__content\"><h2 class=\"section__heading\"><span>govierno <\/span><\/h2><h2 class=\"section__subheading section__subheading__title\">corporativo<\/h2><p class=\"section__paragraph\"><br\/>La responsabilidad empresarial est\u00e1 profundamente arraigada en los valores y la cultura corporativa de Lindy. Asumimos nuestra responsabilidad y contribuimos, dentro de nuestras posibilidades y \u00e1reas de influencia, al bienestar y al desarrollo sostenible de la sociedad en todo el mundo. La fiabilidad y la transparencia son tan esenciales para Lindy como nuestro nombre, logotipo y la calidad de nuestros servicios y productos.<br\/><br\/>El respeto, la imparcialidad y la fiabilidad en nuestras interacciones diarias con clientes, socios, empleados y compa\u00f1eros son algunas de las normas \u00e9ticas m\u00e1s elevadas y fundamentales que defendemos.<br\/><br\/>\u2022 <strong><a href=\"https:\/\/lindy.com\/es\/mision-y-vision\/#valores\" target=\"_blank\" rel=\"noreferrer noopener\">Valores de Lindy<\/a><\/strong><br\/>\u2022 <strong><a href=\"https:\/\/lindy.com\/es\/compliance-information\/#corporate\" target=\"_blank\" rel=\"noreferrer noopener\">C\u00f3digo de conducta de responsabilidad social<\/a><\/strong><br\/>\u2022 <strong><a href=\"https:\/\/lindy.com\/es\/historia\/\" target=\"_blank\" rel=\"noreferrer noopener\">Historia y sucesi\u00f3n<\/a><\/strong><\/p><a href=\".\/csr\/#hf\" class=\"button button--white-transparent\" target=\"_self\" rel=\"noopener noreferrer\">Volver a la p\u00e1gina de inicio<\/a><\/div><\/div><\/section>\n\n\n\n<section id=\"products\" class=\"wp-block-lindy-anchor-section section section--anchor\"><\/section>\n\n\n\n<section class=\"wp-block-lindy-image-text-module section section--full-width-image full-width-image--with-text theme--light section--animation-none align--left  font--size-small width--half\" style=\"background-image:url()\"><img decoding=\"async\" class=\"full-width-image__image\" src=\"\"\/><div class=\"contained\"><div class=\"full-width-image__content\"><h2 class=\"section__heading\"><span>responsabilidad<\/span><\/h2><h2 class=\"section__subheading section__subheading__title\">de productos<\/h2><p class=\"section__paragraph\"><br\/>Nuestro objetivo es ofrecer productos innovadores que satisfagan las demandas del mercado, al tiempo que damos gran importancia a la sostenibilidad ecol\u00f3gica. Al crear un equilibrio entre tecnolog\u00eda y sostenibilidad, nos aseguramos de que cada producto Lindy cumpla las estrictas normas legales y medioambientales, centr\u00e1ndonos en la seguridad del consumidor, la eficiencia energ\u00e9tica y la reciclabilidad. Nuestros probados procesos de conformidad garantizan el cumplimiento de las directrices y normativas, lo que refleja nuestro compromiso de minimizar el impacto medioambiental y salvaguardar el bienestar de los consumidores.<br\/><br\/>Somos conscientes de los retos a los que se enfrenta nuestro sector a la hora de conciliar la tecnolog\u00eda punta con la sostenibilidad y trabajamos continuamente para que nuestra oferta de productos sea lo m\u00e1s sostenible posible. En Lindy, siempre nos esforzamos por ofrecer productos de alta calidad, seguros y sostenibles que satisfagan tanto las necesidades de nuestros clientes como las del medio ambiente.<br\/><br\/>\u2022   <strong><a href=\"https:\/\/lindy.com\/es\/compliance-information\/#productcompliance\" target=\"_blank\" rel=\"noreferrer noopener\">Conformidad de los productos y EPR<\/a><\/strong><br\/>\u2022   <strong><a href=\"https:\/\/lindy.com\/es\/compliance-information\/#reach\" target=\"_blank\" rel=\"noreferrer noopener\">Base de datos REACH y POP-SCIP de la UE<\/a><\/strong><br\/>\u2022   <a href=\"https:\/\/lindy.com\/es\/compliance-information\/#conflict\" target=\"_blank\" rel=\"noreferrer noopener\"><strong>Minerales conflictivos<\/strong><\/a><br\/>  <\/p><a href=\".\/csr\/#hf\" class=\"button button--dark\" target=\"_self\" rel=\"noopener noreferrer\">Volver a la p\u00e1gina de inicio<\/a><\/div><\/div><\/section>\n\n\n\n<section class=\"wp-block-lindy-image-text-module section section--full-width-image full-width-image--with-text theme--light section--animation-none align--left  font--size-medium width--half\" style=\"background-image:url(https:\/\/lindy.com\/de\/wp-content\/uploads\/sites\/3\/2024\/12\/Produktverantwortung_HW.png)\"><img decoding=\"async\" class=\"full-width-image__image\" src=\"https:\/\/lindy.com\/de\/wp-content\/uploads\/sites\/3\/2024\/12\/Produktverantwortung_HW.png\"\/><div class=\"contained\"><div class=\"full-width-image__content\"><\/div><\/div><\/section>\n\n\n\n<section id=\"supply-chain\" class=\"wp-block-lindy-anchor-section section section--anchor\"><\/section>\n\n\n\n<section class=\"wp-block-lindy-image-text-module section section--full-width-image full-width-image--with-text theme--light section--animation-none align--left  font--size-medium width--half\" style=\"background-image:url(https:\/\/lindy.com\/de\/wp-content\/uploads\/sites\/3\/2024\/12\/Half-Width-image.png)\"><img decoding=\"async\" class=\"full-width-image__image\" src=\"https:\/\/lindy.com\/de\/wp-content\/uploads\/sites\/3\/2024\/12\/Half-Width-image.png\"\/><div class=\"contained\"><div class=\"full-width-image__content\"><\/div><\/div><\/section>\n\n\n\n<section class=\"wp-block-lindy-image-text-module section section--full-width-image full-width-image--with-text theme--light section--animation-none align--left  font--size-small width--half\" style=\"background-image:url()\"><img decoding=\"async\" class=\"full-width-image__image\" src=\"\"\/><div class=\"contained\"><div class=\"full-width-image__content\"><h2 class=\"section__heading\"><span>cadena de suministro &amp; <\/span><\/h2><h2 class=\"section__subheading section__subheading__title\">fuentes<\/h2><p class=\"section__paragraph\"><br\/>Para garantizar la protecci\u00f3n de los derechos humanos y el medio ambiente en toda nuestra cadena de valor, aspiramos a una transparencia total en nuestra cadena de suministro. Las relaciones personales y de confianza con nuestros fabricantes y socios son de vital importancia.<br\/><br\/>Nuestra amplia gama de m\u00e1s de 2.000 art\u00edculos electr\u00f3nicos y de cableado se fabrica seg\u00fan nuestras especificaciones en Taiwan y China. Debido a la complejidad de las cadenas de suministro, especialmente con productos electr\u00f3nicos, la adquisici\u00f3n de materias primas a menudo se extiende m\u00e1s all\u00e1 de nuestra influencia directa e implica m\u00faltiples etapas antes de llegar a los fundidores o productores de metales.<br\/><br\/>Junto con nuestros proveedores, nos comprometemos a garantizar y promover el respeto de los derechos humanos y la protecci\u00f3n del medio ambiente dentro de nuestros medios y \u00e1reas de influencia.<br\/><br\/>\u2022 <a href=\"https:\/\/lindy.com\/es\/compliance-information\/#conflict\" target=\"_blank\" rel=\"noreferrer noopener\"><strong>Minerales conflictivos (3TG<\/strong><\/a><strong><a href=\"https:\/\/lindy.com\/es\/compliance-information\/#conflict\" target=\"_blank\" rel=\"noreferrer noopener\">)<\/a><\/strong><br\/>\u2022 <strong><a href=\"https:\/\/lindy.com\/es\/compliance-information\/#corporate\" target=\"_blank\" rel=\"noreferrer noopener\">C\u00f3digo de conducta de responsabilidad social<\/a><\/strong><\/p><a href=\".\/csr\/#hf\" class=\"button button--dark\" target=\"_self\" rel=\"noopener noreferrer\">Volver a la p\u00e1gina de inicio\n<\/a><\/div><\/div><\/section>\n\n\n\n<section id=\"environment\" class=\"wp-block-lindy-anchor-section section section--anchor\"><\/section>\n\n\n\n<section class=\"wp-block-lindy-image-text-module section section--full-width-image full-width-image--with-text theme--dark section--animation-none align--left  font--size-small width--half\" style=\"background-image:url()\"><img decoding=\"async\" class=\"full-width-image__image\" src=\"\"\/><div class=\"contained\"><div class=\"full-width-image__content\"><h2 class=\"section__heading\"><span>resposabilidad<\/span><\/h2><h2 class=\"section__subheading section__subheading__title\">medioambiental<\/h2><p class=\"section__paragraph\"><br\/>Reconocemos nuestra responsabilidad con el medio ambiente y el planeta, y nos centramos en soluciones sostenibles y eficientes en el uso de los recursos en todos los \u00e1mbitos de nuestra actividad.<br\/><br\/>Lindy trabaja continuamente para reducir su huella ecol\u00f3gica mediante procesos m\u00e1s eficientes desde el punto de vista energ\u00e9tico, envases que ahorran recursos y soluciones de producto respetuosas con el medio ambiente. El reciclaje y la reducci\u00f3n de residuos forman parte de nuestro compromiso medioambiental tanto como la promoci\u00f3n de tecnolog\u00edas sostenibles y el mantenimiento de una sede empresarial respetuosa con el medio ambiente. Estamos convencidos de que el \u00e9xito econ\u00f3mico y la conciencia medioambiental pueden ir de la mano, y nos esforzamos continuamente por hacer una contribuci\u00f3n positiva al futuro de nuestro planeta.<br\/><br\/>\u2022 <a href=\"#products\"><strong>Responsabilidad de los productos<\/strong><\/a><br\/>\u2022 <strong><a href=\"https:\/\/lindy.com\/es\/csr-packaging\/\">Embalaje ecol\u00f3gico<\/a><\/strong><br\/>\u2022 <strong><a href=\"https:\/\/lindy.com\/es\/csr-ma\/\">Sede central en Mannheim<\/a><\/strong><br\/><br\/><\/p><a href=\".\/csr\/#hf\" class=\"button button--white-transparent\" target=\"_self\" rel=\"noopener noreferrer\">Volver a la p\u00e1gina de inicio<\/a><\/div><\/div><\/section>\n\n\n\n<section class=\"wp-block-lindy-image-text-module section section--full-width-image full-width-image--with-text theme--dark section--animation-none align--left  font--size-medium width--half\" style=\"background-image:url(https:\/\/lindy.com\/de\/wp-content\/uploads\/sites\/3\/2024\/10\/3.png)\"><img decoding=\"async\" class=\"full-width-image__image\" src=\"https:\/\/lindy.com\/de\/wp-content\/uploads\/sites\/3\/2024\/10\/3.png\"\/><div class=\"contained\"><div class=\"full-width-image__content\"><\/div><\/div><\/section>\n\n\n\n<section id=\"employees\" class=\"wp-block-lindy-anchor-section section section--anchor\"><\/section>\n\n\n\n<section class=\"wp-block-lindy-image-text-module section section--full-width-image full-width-image--with-text theme--light section--animation-none align--left  font--size-small width--half\" style=\"background-image:url(https:\/\/lindy.com\/es\/wp-content\/uploads\/sites\/7\/2025\/04\/Team.jpg)\"><img decoding=\"async\" class=\"full-width-image__image\" src=\"https:\/\/lindy.com\/es\/wp-content\/uploads\/sites\/7\/2025\/04\/Team.jpg\"\/><div class=\"contained\"><div class=\"full-width-image__content\"><\/div><\/div><\/section>\n\n\n\n<section class=\"wp-block-lindy-image-text-module section section--full-width-image full-width-image--with-text theme--light section--animation-none align--left  font--size-small width--half\" style=\"background-image:url()\"><img decoding=\"async\" class=\"full-width-image__image\" src=\"\"\/><div class=\"contained\"><div class=\"full-width-image__content\"><h2 class=\"section__heading\"><span>equipo <\/span><\/h2><h2 class=\"section__subheading section__subheading__title\">lindy<\/h2><p class=\"section__paragraph\"><br\/>Nuestro objetivo no es s\u00f3lo atraer personas a Lindy a corto plazo, sino inspirarlas a largo plazo. En Lindy, nadie es s\u00f3lo un n\u00famero; todo el mundo es una persona con muchas facetas y una parte crucial del panorama general.<br\/><br\/>Adoptamos una cultura de retroalimentaci\u00f3n apreciativa y jerarqu\u00edas planas. Ofrecemos espacio para asumir responsabilidades y dar forma activamente al progreso. Invertimos en un entorno de trabajo atractivo en el que cada persona pueda contribuir plenamente y crecer en funci\u00f3n de sus habilidades e intereses. A cambio, buscamos empleados que sientan una conexi\u00f3n a largo plazo con la empresa y se exijan a s\u00ed mismos contribuir activamente al \u00e9xito de la empresa cada d\u00eda.<br\/><br\/>\u2022 <strong><a href=\"https:\/\/lindy.com\/es\/csr-diversity\/\">Diversidad e igualdad de oportunidades<\/a><\/strong><br\/>\u2022 <a href=\"https:\/\/lindy.com\/es\/hr\/\" target=\"_blank\" rel=\"noreferrer noopener\"><strong>Forme parte del equipo Lindy<\/strong><\/a><br\/><br\/><\/p><a href=\".\/csr\/#hf\" class=\"button button--dark\" target=\"_self\" rel=\"noopener noreferrer\">Volver a la p\u00e1gina de inicio<\/a><\/div><\/div><\/section>\n\n\n\n<section id=\"society\" class=\"wp-block-lindy-anchor-section section section--anchor\"><\/section>\n\n\n\n<section class=\"wp-block-lindy-image-text-module section section--full-width-image full-width-image--with-text theme--dark section--animation-none align--left  font--size-small width--half\" style=\"background-image:url()\"><img decoding=\"async\" class=\"full-width-image__image\" src=\"\"\/><div class=\"contained\"><div class=\"full-width-image__content\"><h2 class=\"section__heading\"><span>compromiso<\/span><\/h2><h2 class=\"section__subheading section__subheading__title\">social<\/h2><p class=\"section__paragraph\"><br\/>Entendemos el compromiso social no solo como parte de nuestra responsabilidad corporativa, sino tambi\u00e9n como una tradici\u00f3n viva dentro de la familia fundadora. A partir de esta tradici\u00f3n, en 2011 se cre\u00f3 la Fundaci\u00f3n Lindy gGmbH. A lo largo de los a\u00f1os, hemos sido capaces de apoyar una variedad de proyectos en todo el mundo a trav\u00e9s de la Fundaci\u00f3n Lindy, haciendo una contribuci\u00f3n positiva a la sociedad.<br\/><br\/>Los fines de la Fundaci\u00f3n Lindy son diversos e incluyen la promoci\u00f3n de la atenci\u00f3n a j\u00f3venes y ancianos, el apoyo a personas necesitadas, el fomento de la ayuda al desarrollo, la cultura, la educaci\u00f3n y la protecci\u00f3n de los animales.<br\/><br\/>\u2022 <a href=\".\/csr-foundation\"><strong>La Fundaci\u00f3n Lindy<\/strong><\/a><\/p><a href=\".\/csr\/#hf\" class=\"button button--white-transparent\" target=\"_self\" rel=\"noopener noreferrer\">Volver a la p\u00e1gina de inicio<\/a><\/div><\/div><\/section>\n\n\n\n<section class=\"wp-block-lindy-image-text-module section section--full-width-image full-width-image--with-text theme--light section--animation-none align--left  font--size-small width--half\" style=\"background-image:url(https:\/\/lindy.com\/de\/wp-content\/uploads\/sites\/3\/2024\/10\/6.png)\"><img decoding=\"async\" class=\"full-width-image__image\" src=\"https:\/\/lindy.com\/de\/wp-content\/uploads\/sites\/3\/2024\/10\/6.png\"\/><div class=\"contained\"><div class=\"full-width-image__content\"><\/div><\/div><\/section>\n","protected":false},"excerpt":{"rendered":"","protected":false},"author":21,"featured_media":0,"parent":0,"menu_order":0,"comment_status":"closed","ping_status":"closed","template":"page-templates\/template-landing.php","meta":{"_acf_changed":false,"footnotes":""},"class_list":["post-8066","page","type-page","status-publish","hentry"],"acf":[],"yoast_head":"<!-- This site is optimized with the Yoast SEO plugin v26.6 - https:\/\/yoast.com\/wordpress\/plugins\/seo\/ -->\n<title>CSR-FoA - Lindy - Spanish<\/title>\n<meta name=\"robots\" content=\"index, follow, max-snippet:-1, max-image-preview:large, max-video-preview:-1\" \/>\n<link rel=\"canonical\" href=\"https:\/\/lindy.com\/es\/csr-foa\/\" \/>\n<meta property=\"og:locale\" content=\"es_ES\" \/>\n<meta property=\"og:type\" content=\"article\" \/>\n<meta property=\"og:title\" content=\"CSR-FoA - Lindy - Spanish\" \/>\n<meta property=\"og:url\" content=\"https:\/\/lindy.com\/es\/csr-foa\/\" \/>\n<meta property=\"og:site_name\" content=\"Lindy - Spanish\" \/>\n<meta property=\"article:modified_time\" content=\"2026-01-05T13:32:24+00:00\" \/>\n<meta property=\"og:image\" content=\"https:\/\/lindy.com\/de\/wp-content\/uploads\/sites\/3\/2024\/12\/Produktverantwortung_HW.png\" \/>\n<meta name=\"twitter:card\" content=\"summary_large_image\" \/>\n<meta name=\"twitter:label1\" content=\"Tiempo de lectura\" \/>\n\t<meta name=\"twitter:data1\" content=\"7 minutos\" \/>\n<script type=\"application\/ld+json\" class=\"yoast-schema-graph\">{\"@context\":\"https:\/\/schema.org\",\"@graph\":[{\"@type\":\"WebPage\",\"@id\":\"https:\/\/lindy.com\/es\/csr-foa\/\",\"url\":\"https:\/\/lindy.com\/es\/csr-foa\/\",\"name\":\"CSR-FoA - Lindy - Spanish\",\"isPartOf\":{\"@id\":\"https:\/\/lindy.com\/es\/#website\"},\"primaryImageOfPage\":{\"@id\":\"https:\/\/lindy.com\/es\/csr-foa\/#primaryimage\"},\"image\":{\"@id\":\"https:\/\/lindy.com\/es\/csr-foa\/#primaryimage\"},\"thumbnailUrl\":\"https:\/\/lindy.com\/de\/wp-content\/uploads\/sites\/3\/2024\/12\/Produktverantwortung_HW.png\",\"datePublished\":\"2025-04-03T14:53:26+00:00\",\"dateModified\":\"2026-01-05T13:32:24+00:00\",\"breadcrumb\":{\"@id\":\"https:\/\/lindy.com\/es\/csr-foa\/#breadcrumb\"},\"inLanguage\":\"es\",\"potentialAction\":[{\"@type\":\"ReadAction\",\"target\":[\"https:\/\/lindy.com\/es\/csr-foa\/\"]}]},{\"@type\":\"ImageObject\",\"inLanguage\":\"es\",\"@id\":\"https:\/\/lindy.com\/es\/csr-foa\/#primaryimage\",\"url\":\"https:\/\/lindy.com\/de\/wp-content\/uploads\/sites\/3\/2024\/12\/Produktverantwortung_HW.png\",\"contentUrl\":\"https:\/\/lindy.com\/de\/wp-content\/uploads\/sites\/3\/2024\/12\/Produktverantwortung_HW.png\"},{\"@type\":\"BreadcrumbList\",\"@id\":\"https:\/\/lindy.com\/es\/csr-foa\/#breadcrumb\",\"itemListElement\":[{\"@type\":\"ListItem\",\"position\":1,\"name\":\"Home\",\"item\":\"https:\/\/lindy.com\/es\/\"},{\"@type\":\"ListItem\",\"position\":2,\"name\":\"CSR-FoA\"}]},{\"@type\":\"WebSite\",\"@id\":\"https:\/\/lindy.com\/es\/#website\",\"url\":\"https:\/\/lindy.com\/es\/\",\"name\":\"Lindy - Spanish\",\"description\":\"Connection Perfection\",\"potentialAction\":[{\"@type\":\"SearchAction\",\"target\":{\"@type\":\"EntryPoint\",\"urlTemplate\":\"https:\/\/lindy.com\/es\/?s={search_term_string}\"},\"query-input\":{\"@type\":\"PropertyValueSpecification\",\"valueRequired\":true,\"valueName\":\"search_term_string\"}}],\"inLanguage\":\"es\"}]}<\/script>\n<!-- \/ Yoast SEO plugin. -->","yoast_head_json":{"title":"CSR-FoA - Lindy - Spanish","robots":{"index":"index","follow":"follow","max-snippet":"max-snippet:-1","max-image-preview":"max-image-preview:large","max-video-preview":"max-video-preview:-1"},"canonical":"https:\/\/lindy.com\/es\/csr-foa\/","og_locale":"es_ES","og_type":"article","og_title":"CSR-FoA - Lindy - Spanish","og_url":"https:\/\/lindy.com\/es\/csr-foa\/","og_site_name":"Lindy - Spanish","article_modified_time":"2026-01-05T13:32:24+00:00","og_image":[{"url":"https:\/\/lindy.com\/de\/wp-content\/uploads\/sites\/3\/2024\/12\/Produktverantwortung_HW.png","type":"","width":"","height":""}],"twitter_card":"summary_large_image","twitter_misc":{"Tiempo de lectura":"7 minutos"},"schema":{"@context":"https:\/\/schema.org","@graph":[{"@type":"WebPage","@id":"https:\/\/lindy.com\/es\/csr-foa\/","url":"https:\/\/lindy.com\/es\/csr-foa\/","name":"CSR-FoA - Lindy - Spanish","isPartOf":{"@id":"https:\/\/lindy.com\/es\/#website"},"primaryImageOfPage":{"@id":"https:\/\/lindy.com\/es\/csr-foa\/#primaryimage"},"image":{"@id":"https:\/\/lindy.com\/es\/csr-foa\/#primaryimage"},"thumbnailUrl":"https:\/\/lindy.com\/de\/wp-content\/uploads\/sites\/3\/2024\/12\/Produktverantwortung_HW.png","datePublished":"2025-04-03T14:53:26+00:00","dateModified":"2026-01-05T13:32:24+00:00","breadcrumb":{"@id":"https:\/\/lindy.com\/es\/csr-foa\/#breadcrumb"},"inLanguage":"es","potentialAction":[{"@type":"ReadAction","target":["https:\/\/lindy.com\/es\/csr-foa\/"]}]},{"@type":"ImageObject","inLanguage":"es","@id":"https:\/\/lindy.com\/es\/csr-foa\/#primaryimage","url":"https:\/\/lindy.com\/de\/wp-content\/uploads\/sites\/3\/2024\/12\/Produktverantwortung_HW.png","contentUrl":"https:\/\/lindy.com\/de\/wp-content\/uploads\/sites\/3\/2024\/12\/Produktverantwortung_HW.png"},{"@type":"BreadcrumbList","@id":"https:\/\/lindy.com\/es\/csr-foa\/#breadcrumb","itemListElement":[{"@type":"ListItem","position":1,"name":"Home","item":"https:\/\/lindy.com\/es\/"},{"@type":"ListItem","position":2,"name":"CSR-FoA"}]},{"@type":"WebSite","@id":"https:\/\/lindy.com\/es\/#website","url":"https:\/\/lindy.com\/es\/","name":"Lindy - Spanish","description":"Connection Perfection","potentialAction":[{"@type":"SearchAction","target":{"@type":"EntryPoint","urlTemplate":"https:\/\/lindy.com\/es\/?s={search_term_string}"},"query-input":{"@type":"PropertyValueSpecification","valueRequired":true,"valueName":"search_term_string"}}],"inLanguage":"es"}]}},"_links":{"self":[{"href":"https:\/\/lindy.com\/es\/wp-json\/wp\/v2\/pages\/8066","targetHints":{"allow":["GET"]}}],"collection":[{"href":"https:\/\/lindy.com\/es\/wp-json\/wp\/v2\/pages"}],"about":[{"href":"https:\/\/lindy.com\/es\/wp-json\/wp\/v2\/types\/page"}],"author":[{"embeddable":true,"href":"https:\/\/lindy.com\/es\/wp-json\/wp\/v2\/users\/21"}],"replies":[{"embeddable":true,"href":"https:\/\/lindy.com\/es\/wp-json\/wp\/v2\/comments?post=8066"}],"version-history":[{"count":21,"href":"https:\/\/lindy.com\/es\/wp-json\/wp\/v2\/pages\/8066\/revisions"}],"predecessor-version":[{"id":9362,"href":"https:\/\/lindy.com\/es\/wp-json\/wp\/v2\/pages\/8066\/revisions\/9362"}],"wp:attachment":[{"href":"https:\/\/lindy.com\/es\/wp-json\/wp\/v2\/media?parent=8066"}],"curies":[{"name":"wp","href":"https:\/\/api.w.org\/{rel}","templated":true}]}}