{"id":8068,"date":"2025-04-03T15:44:34","date_gmt":"2025-04-03T15:44:34","guid":{"rendered":"https:\/\/lindy.com\/es\/?page_id=8068"},"modified":"2025-06-05T09:46:59","modified_gmt":"2025-06-05T09:46:59","slug":"csr-diversity","status":"publish","type":"page","link":"https:\/\/lindy.com\/es\/csr-diversity\/","title":{"rendered":"CSR-DIVERSIdad"},"content":{"rendered":"\n<section class=\"wp-block-lindy-image-text-module section section--full-width-image full-width-image--with-text theme--dark section--animation-none align--left  font--size-medium width--half\" style=\"background-image:url(https:\/\/lindy.com\/de\/wp-content\/uploads\/sites\/3\/2024\/12\/Welcome.png)\"><img decoding=\"async\" class=\"full-width-image__image\" src=\"https:\/\/lindy.com\/de\/wp-content\/uploads\/sites\/3\/2024\/12\/Welcome.png\"\/><div class=\"contained\"><div class=\"full-width-image__content\"><\/div><\/div><\/section>\n\n\n\n<section class=\"wp-block-lindy-image-text-module section section--full-width-image full-width-image--with-text theme--light section--animation-none align--left  font--size-medium width--half\" style=\"background-image:url()\"><img decoding=\"async\" class=\"full-width-image__image\" src=\"\"\/><div class=\"contained\"><div class=\"full-width-image__content\"><h2 class=\"section__heading\"><span>Igualdad de oportunidades<\/span><\/h2><h2 class=\"section__subheading section__subheading__title\">y diversidad<\/h2><p class=\"section__paragraph\"><br\/>Consideramos que la diversidad de las personas en Lindy es un gran activo y una clave para el \u00e9xito de los equipos. Valoramos a los empleados que contribuyen activamente a nuestra empresa con sus perspectivas, habilidades y experiencias \u00fanicas.<br\/><br\/><br\/><\/p><\/div><\/div><\/section>\n\n\n\n<section class=\"wp-block-lindy-image-text-module section section--full-width-image full-width-image--with-text theme--light section--animation-none align--right  font--size-medium width--half\" style=\"background-image:url()\"><img decoding=\"async\" class=\"full-width-image__image\" src=\"\"\/><div class=\"contained\"><div class=\"full-width-image__content\"><p class=\"section__paragraph\"><br\/><br\/>La igualdad de oportunidades y la diversidad son valores vividos en Lindy, que se reflejan en un entorno de trabajo respetuoso, justo y abierto. Esperamos que todos los empleados compartan estos valores y fomenten una cultura de trabajo caracterizada por el respeto mutuo.<br\/>Nuestros l\u00edderes tienen una responsabilidad especial: sirven de modelo y abogan activamente por la aplicaci\u00f3n y promoci\u00f3n de nuestros valores en sus equipos.<\/p><a href=\".\/CSR-FOA#employees\" class=\"button button--dark\" target=\"_self\" rel=\"noopener noreferrer\">Volver<\/a><\/div><\/div><\/section>\n\n\n\n<section class=\"wp-block-lindy-image-text-module section section--full-width-image full-width-image--with-text theme--dark section--animation-none align--left  font--size-medium width--half\" style=\"background-image:url(https:\/\/lindy.com\/de\/wp-content\/uploads\/sites\/3\/2024\/12\/Schuhe.jpg)\"><img decoding=\"async\" class=\"full-width-image__image\" src=\"https:\/\/lindy.com\/de\/wp-content\/uploads\/sites\/3\/2024\/12\/Schuhe.jpg\"\/><div class=\"contained\"><div class=\"full-width-image__content\"><\/div><\/div><\/section>\n\n\n\n<section class=\"wp-block-lindy-image-text-module section section--full-width-image full-width-image--with-text theme--light section--animation-none align--left  font--size-medium width--half\" style=\"background-image:url(https:\/\/lindy.com\/de\/wp-content\/uploads\/sites\/3\/2024\/12\/Vilefalt.png)\"><img decoding=\"async\" class=\"full-width-image__image\" src=\"https:\/\/lindy.com\/de\/wp-content\/uploads\/sites\/3\/2024\/12\/Vilefalt.png\"\/><div class=\"contained\"><div class=\"full-width-image__content\"><\/div><\/div><\/section>\n\n\n\n<section class=\"wp-block-lindy-image-text-module section section--full-width-image full-width-image--with-text theme--dark section--animation-none align--left  font--size-medium width--half\" style=\"background-image:url()\"><img decoding=\"async\" class=\"full-width-image__image\" src=\"\"\/><div class=\"contained\"><div class=\"full-width-image__content\"><p class=\"section__paragraph\"><br\/><br\/><br\/>Adoptamos una postura clara contra todas las formas de discriminaci\u00f3n. Esto incluye, entre otras cosas, la discriminaci\u00f3n basada en el g\u00e9nero, la identidad de g\u00e9nero, la orientaci\u00f3n sexual, la edad, la religi\u00f3n, la etnia, la nacionalidad, la enfermedad o la discapacidad. En Lindy, el individuo est\u00e1 en el centro &#8211; con todas sus facetas y fortalezas.<\/p><\/div><\/div><\/section>\n\n\n\n<section class=\"wp-block-lindy-image-text-module section section--full-width-image full-width-image--with-text theme--dark section--animation-none align--right  font--size-medium width--half\" style=\"background-image:url()\"><img decoding=\"async\" class=\"full-width-image__image\" src=\"\"\/><div class=\"contained\"><div class=\"full-width-image__content\"><h2 class=\"section__heading\"><span>mujeres en <\/span><\/h2><h2 class=\"section__subheading section__subheading__title\">posiciones de liderazgo<\/h2><p class=\"section__paragraph\"><br\/>Nos complace que el 44% de nuestro equipo directivo en Alemania sean mujeres, mientras que la media nacional en Alemania es s\u00f3lo del 28%. Esto demuestra tanto nuestro compromiso con la promoci\u00f3n de la mujer en puestos directivos como la diversidad y solidez de nuestra organizaci\u00f3n. (As of 04\/2024)<\/p><a href=\".\/csr\/#hf\" class=\"button button--white-transparent\" target=\"_self\" rel=\"noopener noreferrer\">P\u00e1gina de inicio<\/a><\/div><\/div><\/section>\n\n\n\n<section class=\"wp-block-lindy-image-text-module section section--full-width-image full-width-image--with-text theme--light section--animation-none align--left  font--size-medium width--half\" style=\"background-image:url(https:\/\/lindy.com\/de\/wp-content\/uploads\/sites\/3\/2024\/12\/Weltfrauentag_2.png)\"><img decoding=\"async\" class=\"full-width-image__image\" src=\"https:\/\/lindy.com\/de\/wp-content\/uploads\/sites\/3\/2024\/12\/Weltfrauentag_2.png\"\/><div class=\"contained\"><div class=\"full-width-image__content\"><\/div><\/div><\/section>\n","protected":false},"excerpt":{"rendered":"","protected":false},"author":21,"featured_media":0,"parent":0,"menu_order":0,"comment_status":"closed","ping_status":"closed","template":"page-templates\/template-landing.php","meta":{"_acf_changed":false,"footnotes":""},"class_list":["post-8068","page","type-page","status-publish","hentry"],"acf":[],"yoast_head":"<!-- This site is optimized with the Yoast SEO plugin v26.6 - https:\/\/yoast.com\/wordpress\/plugins\/seo\/ -->\n<title>CSR-DIVERSIdad - Lindy - Spanish<\/title>\n<meta name=\"robots\" content=\"index, follow, max-snippet:-1, max-image-preview:large, max-video-preview:-1\" \/>\n<link rel=\"canonical\" href=\"https:\/\/lindy.com\/es\/csr-diversity\/\" \/>\n<meta property=\"og:locale\" content=\"es_ES\" \/>\n<meta property=\"og:type\" content=\"article\" \/>\n<meta property=\"og:title\" content=\"CSR-DIVERSIdad - Lindy - Spanish\" \/>\n<meta property=\"og:url\" content=\"https:\/\/lindy.com\/es\/csr-diversity\/\" \/>\n<meta property=\"og:site_name\" content=\"Lindy - Spanish\" \/>\n<meta property=\"article:modified_time\" content=\"2025-06-05T09:46:59+00:00\" \/>\n<meta property=\"og:image\" content=\"https:\/\/lindy.com\/de\/wp-content\/uploads\/sites\/3\/2024\/12\/Welcome.png\" \/>\n<meta name=\"twitter:card\" content=\"summary_large_image\" \/>\n<meta name=\"twitter:label1\" content=\"Tiempo de lectura\" \/>\n\t<meta name=\"twitter:data1\" content=\"3 minutos\" \/>\n<script type=\"application\/ld+json\" class=\"yoast-schema-graph\">{\"@context\":\"https:\/\/schema.org\",\"@graph\":[{\"@type\":\"WebPage\",\"@id\":\"https:\/\/lindy.com\/es\/csr-diversity\/\",\"url\":\"https:\/\/lindy.com\/es\/csr-diversity\/\",\"name\":\"CSR-DIVERSIdad - Lindy - Spanish\",\"isPartOf\":{\"@id\":\"https:\/\/lindy.com\/es\/#website\"},\"primaryImageOfPage\":{\"@id\":\"https:\/\/lindy.com\/es\/csr-diversity\/#primaryimage\"},\"image\":{\"@id\":\"https:\/\/lindy.com\/es\/csr-diversity\/#primaryimage\"},\"thumbnailUrl\":\"https:\/\/lindy.com\/de\/wp-content\/uploads\/sites\/3\/2024\/12\/Welcome.png\",\"datePublished\":\"2025-04-03T15:44:34+00:00\",\"dateModified\":\"2025-06-05T09:46:59+00:00\",\"breadcrumb\":{\"@id\":\"https:\/\/lindy.com\/es\/csr-diversity\/#breadcrumb\"},\"inLanguage\":\"es\",\"potentialAction\":[{\"@type\":\"ReadAction\",\"target\":[\"https:\/\/lindy.com\/es\/csr-diversity\/\"]}]},{\"@type\":\"ImageObject\",\"inLanguage\":\"es\",\"@id\":\"https:\/\/lindy.com\/es\/csr-diversity\/#primaryimage\",\"url\":\"https:\/\/lindy.com\/de\/wp-content\/uploads\/sites\/3\/2024\/12\/Welcome.png\",\"contentUrl\":\"https:\/\/lindy.com\/de\/wp-content\/uploads\/sites\/3\/2024\/12\/Welcome.png\"},{\"@type\":\"BreadcrumbList\",\"@id\":\"https:\/\/lindy.com\/es\/csr-diversity\/#breadcrumb\",\"itemListElement\":[{\"@type\":\"ListItem\",\"position\":1,\"name\":\"Home\",\"item\":\"https:\/\/lindy.com\/es\/\"},{\"@type\":\"ListItem\",\"position\":2,\"name\":\"CSR-DIVERSIdad\"}]},{\"@type\":\"WebSite\",\"@id\":\"https:\/\/lindy.com\/es\/#website\",\"url\":\"https:\/\/lindy.com\/es\/\",\"name\":\"Lindy - Spanish\",\"description\":\"Connection Perfection\",\"potentialAction\":[{\"@type\":\"SearchAction\",\"target\":{\"@type\":\"EntryPoint\",\"urlTemplate\":\"https:\/\/lindy.com\/es\/?s={search_term_string}\"},\"query-input\":{\"@type\":\"PropertyValueSpecification\",\"valueRequired\":true,\"valueName\":\"search_term_string\"}}],\"inLanguage\":\"es\"}]}<\/script>\n<!-- \/ Yoast SEO plugin. -->","yoast_head_json":{"title":"CSR-DIVERSIdad - Lindy - Spanish","robots":{"index":"index","follow":"follow","max-snippet":"max-snippet:-1","max-image-preview":"max-image-preview:large","max-video-preview":"max-video-preview:-1"},"canonical":"https:\/\/lindy.com\/es\/csr-diversity\/","og_locale":"es_ES","og_type":"article","og_title":"CSR-DIVERSIdad - Lindy - Spanish","og_url":"https:\/\/lindy.com\/es\/csr-diversity\/","og_site_name":"Lindy - Spanish","article_modified_time":"2025-06-05T09:46:59+00:00","og_image":[{"url":"https:\/\/lindy.com\/de\/wp-content\/uploads\/sites\/3\/2024\/12\/Welcome.png","type":"","width":"","height":""}],"twitter_card":"summary_large_image","twitter_misc":{"Tiempo de lectura":"3 minutos"},"schema":{"@context":"https:\/\/schema.org","@graph":[{"@type":"WebPage","@id":"https:\/\/lindy.com\/es\/csr-diversity\/","url":"https:\/\/lindy.com\/es\/csr-diversity\/","name":"CSR-DIVERSIdad - Lindy - Spanish","isPartOf":{"@id":"https:\/\/lindy.com\/es\/#website"},"primaryImageOfPage":{"@id":"https:\/\/lindy.com\/es\/csr-diversity\/#primaryimage"},"image":{"@id":"https:\/\/lindy.com\/es\/csr-diversity\/#primaryimage"},"thumbnailUrl":"https:\/\/lindy.com\/de\/wp-content\/uploads\/sites\/3\/2024\/12\/Welcome.png","datePublished":"2025-04-03T15:44:34+00:00","dateModified":"2025-06-05T09:46:59+00:00","breadcrumb":{"@id":"https:\/\/lindy.com\/es\/csr-diversity\/#breadcrumb"},"inLanguage":"es","potentialAction":[{"@type":"ReadAction","target":["https:\/\/lindy.com\/es\/csr-diversity\/"]}]},{"@type":"ImageObject","inLanguage":"es","@id":"https:\/\/lindy.com\/es\/csr-diversity\/#primaryimage","url":"https:\/\/lindy.com\/de\/wp-content\/uploads\/sites\/3\/2024\/12\/Welcome.png","contentUrl":"https:\/\/lindy.com\/de\/wp-content\/uploads\/sites\/3\/2024\/12\/Welcome.png"},{"@type":"BreadcrumbList","@id":"https:\/\/lindy.com\/es\/csr-diversity\/#breadcrumb","itemListElement":[{"@type":"ListItem","position":1,"name":"Home","item":"https:\/\/lindy.com\/es\/"},{"@type":"ListItem","position":2,"name":"CSR-DIVERSIdad"}]},{"@type":"WebSite","@id":"https:\/\/lindy.com\/es\/#website","url":"https:\/\/lindy.com\/es\/","name":"Lindy - Spanish","description":"Connection Perfection","potentialAction":[{"@type":"SearchAction","target":{"@type":"EntryPoint","urlTemplate":"https:\/\/lindy.com\/es\/?s={search_term_string}"},"query-input":{"@type":"PropertyValueSpecification","valueRequired":true,"valueName":"search_term_string"}}],"inLanguage":"es"}]}},"_links":{"self":[{"href":"https:\/\/lindy.com\/es\/wp-json\/wp\/v2\/pages\/8068","targetHints":{"allow":["GET"]}}],"collection":[{"href":"https:\/\/lindy.com\/es\/wp-json\/wp\/v2\/pages"}],"about":[{"href":"https:\/\/lindy.com\/es\/wp-json\/wp\/v2\/types\/page"}],"author":[{"embeddable":true,"href":"https:\/\/lindy.com\/es\/wp-json\/wp\/v2\/users\/21"}],"replies":[{"embeddable":true,"href":"https:\/\/lindy.com\/es\/wp-json\/wp\/v2\/comments?post=8068"}],"version-history":[{"count":4,"href":"https:\/\/lindy.com\/es\/wp-json\/wp\/v2\/pages\/8068\/revisions"}],"predecessor-version":[{"id":8569,"href":"https:\/\/lindy.com\/es\/wp-json\/wp\/v2\/pages\/8068\/revisions\/8569"}],"wp:attachment":[{"href":"https:\/\/lindy.com\/es\/wp-json\/wp\/v2\/media?parent=8068"}],"curies":[{"name":"wp","href":"https:\/\/api.w.org\/{rel}","templated":true}]}}