{"id":8071,"date":"2025-04-03T15:13:06","date_gmt":"2025-04-03T15:13:06","guid":{"rendered":"https:\/\/lindy.com\/es\/?page_id=8071"},"modified":"2025-06-05T09:42:36","modified_gmt":"2025-06-05T09:42:36","slug":"csr-foundation","status":"publish","type":"page","link":"https:\/\/lindy.com\/es\/csr-foundation\/","title":{"rendered":"CSR-Foundation"},"content":{"rendered":"\n<section class=\"wp-block-lindy-image-text-module section section--full-width-image full-width-image--with-text theme--light section--animation-none align--left  font--size-medium width--half\" style=\"background-image:url()\"><img decoding=\"async\" class=\"full-width-image__image\" src=\"\"\/><div class=\"contained\"><div class=\"full-width-image__content\"><h2 class=\"section__heading\"><span>La fundaci\u00f3n Lindy<\/span><\/h2><h2 class=\"section__subheading section__subheading__title\"><br\/><\/h2><p class=\"section__paragraph\">En Lindy, el compromiso social es una tradici\u00f3n muy arraigada, tanto como parte de la responsabilidad corporativa como a nivel personal dentro de la familia empresarial y entre los empleados. Fruto de este compromiso, Klaus e Ilse Lindenberg crearon la Fundaci\u00f3n Lindy (Lindy Stiftung gGmbH) en 2011. La fundaci\u00f3n apoya directa y exclusivamente causas ben\u00e9ficas.<br\/><br\/>Los fines de la fundaci\u00f3n son diversos e incluyen la promoci\u00f3n del desarrollo de la juventud, la atenci\u00f3n a las personas mayores, la asistencia a personas necesitadas, el apoyo a la ayuda al desarrollo, la cultura, la educaci\u00f3n y el bienestar de los animales.<br\/><br\/>Los activos de la Fundaci\u00f3n proceden principalmente de su participaci\u00f3n en Lindy-Elektronik GmbH, as\u00ed como de donaciones directas a la Fundaci\u00f3n Lindy.<\/p><\/div><\/div><\/section>\n\n\n\n<section class=\"wp-block-lindy-image-text-module section section--full-width-image full-width-image--with-text theme--dark section--animation-none align--left  font--size-medium width--half\" style=\"background-image:url(https:\/\/lindy.com\/de\/wp-content\/uploads\/sites\/3\/2025\/01\/Stiftung-collage-2-HW.png)\"><img decoding=\"async\" class=\"full-width-image__image\" src=\"https:\/\/lindy.com\/de\/wp-content\/uploads\/sites\/3\/2025\/01\/Stiftung-collage-2-HW.png\"\/><div class=\"contained\"><div class=\"full-width-image__content\"><\/div><\/div><\/section>\n\n\n\n<section class=\"wp-block-lindy-image-text-module section section--full-width-image full-width-image--with-text theme--dark section--animation-none align--left  font--size-medium width--half\" style=\"background-image:url(https:\/\/lindy.com\/de\/wp-content\/uploads\/sites\/3\/2025\/01\/Stiftung-collage-1-HW.png)\"><img decoding=\"async\" class=\"full-width-image__image\" src=\"https:\/\/lindy.com\/de\/wp-content\/uploads\/sites\/3\/2025\/01\/Stiftung-collage-1-HW.png\"\/><div class=\"contained\"><div class=\"full-width-image__content\"><\/div><\/div><\/section>\n\n\n\n<section class=\"wp-block-lindy-image-text-module section section--full-width-image full-width-image--with-text theme--dark section--animation-none align--left  font--size-medium width--half\" style=\"background-image:url()\"><img decoding=\"async\" class=\"full-width-image__image\" src=\"\"\/><div class=\"contained\"><div class=\"full-width-image__content\"><p class=\"section__paragraph\">A lo largo de los a\u00f1os, la Fundaci\u00f3n Lindy ha apoyado proyectos en todo el mundo acordes con sus fines ben\u00e9ficos. Se hace especial hincapi\u00e9 en el apoyo continuo a organizaciones sin \u00e1nimo de lucro en las que participan personalmente miembros de la familia fundadora.<br\/><br\/>Adem\u00e1s, la fundaci\u00f3n apoya iniciativas y organizaciones en momentos de crisis agudas, como la pandemia de COVID-19 o la guerra de Ucrania, as\u00ed como en cat\u00e1strofes humanitarias y medioambientales. Para prestar ayuda en situaciones urgentes sin pasar por alto otras crisis, apoyamos deliberadamente a organizaciones que operan en zonas de crisis menos conocidas pero igualmente necesitadas.<br\/><br\/>A trav\u00e9s de las convocatorias anuales de donativos, los empleados de Lindy tambi\u00e9n tienen la oportunidad de nominar organizaciones y proyectos que son personalmente importantes para ellos.<\/p><a href=\".\/csr-FOA\/#society\" class=\"button button--white-transparent\" target=\"_self\" rel=\"noopener noreferrer\">Volver<\/a><\/div><\/div><\/section>\n\n\n\n<section id=\"toc\" class=\"wp-block-lindy-anchor-section section section--anchor\"><\/section>\n\n\n\n<section id=\"nyota\" class=\"wp-block-lindy-anchor-section section section--anchor\"><\/section>\n\n\n\n<section class=\"wp-block-lindy-image-text-module section section--full-width-image full-width-image--with-text theme--light section--animation-none align--left  font--size-small width--half\" style=\"background-image:url()\"><img decoding=\"async\" class=\"full-width-image__image\" src=\"\"\/><div class=\"contained\"><div class=\"full-width-image__content\"><h2 class=\"section__heading\"><span><strong>Our regular funding projects<\/strong><br\/><br\/><br\/><br\/>Nyota<\/span><\/h2><p class=\"section__paragraph\"><br\/>La organizaci\u00f3n Nyota e.V., con sede en Mannheim, gestiona una guarder\u00eda en Kenia occidental que atiende a ni\u00f1os hu\u00e9rfanos y los prepara ling\u00fc\u00edsticamente para la escuela. Adem\u00e1s, la organizaci\u00f3n apoya a los peque\u00f1os agricultores mediante talleres gratuitos sobre agricultura sostenible dentro del Programa de Capacitaci\u00f3n de la Comunidad Nyota, que facilita la transferencia de conocimientos y la creaci\u00f3n de redes.<br\/>La Fundaci\u00f3n Lindy apoya el trabajo con ni\u00f1os hu\u00e9rfanos, la ampliaci\u00f3n del huerto escolar ecol\u00f3gico para abastecer a la guarder\u00eda y el programa de capacitaci\u00f3n con el objetivo de promover la autosuficiencia.<br\/><br\/>\u2022 <strong><a href=\"https:\/\/nyota-ev.de\/\" target=\"_blank\" rel=\"noreferrer noopener\">nyota-ev.de<\/a><\/strong><\/p><\/div><\/div><\/section>\n\n\n\n<section class=\"wp-block-lindy-image-text-module section section--full-width-image full-width-image--with-text theme--light section--animation-none align--left  font--size-medium width--half\" style=\"background-image:url(https:\/\/lindy.com\/eu\/wp-content\/uploads\/sites\/10\/2025\/03\/Nyota_Gruppenbild1.png)\"><img decoding=\"async\" class=\"full-width-image__image\" src=\"https:\/\/lindy.com\/eu\/wp-content\/uploads\/sites\/10\/2025\/03\/Nyota_Gruppenbild1.png\"\/><div class=\"contained\"><div class=\"full-width-image__content\"><\/div><\/div><\/section>\n\n\n\n<section id=\"kibare\" class=\"wp-block-lindy-anchor-section section section--anchor\"><\/section>\n\n\n\n<section class=\"wp-block-lindy-image-text-module section section--full-width-image full-width-image--with-text theme--light section--animation-none align--left  font--size-medium width--half\" style=\"background-image:url(https:\/\/lindy.com\/de\/wp-content\/uploads\/sites\/3\/2024\/07\/Kibare-2.png)\"><img decoding=\"async\" class=\"full-width-image__image\" src=\"https:\/\/lindy.com\/de\/wp-content\/uploads\/sites\/3\/2024\/07\/Kibare-2.png\"\/><div class=\"contained\"><div class=\"full-width-image__content\"><\/div><\/div><\/section>\n\n\n\n<section class=\"wp-block-lindy-image-text-module section section--full-width-image full-width-image--with-text theme--dark section--animation-none align--left  font--size-small width--half\" style=\"background-image:url()\"><img decoding=\"async\" class=\"full-width-image__image\" src=\"\"\/><div class=\"contained\"><div class=\"full-width-image__content\"><h2 class=\"section__heading\"><span>Kibar\u00e9<\/span><\/h2><p class=\"section__paragraph\"><br\/>La organizaci\u00f3n sin \u00e1nimo de lucro Kibar\u00e9 Onlus, con sede en Como (Italia), se dedica a la ayuda al desarrollo en Burkina Faso. En colaboraci\u00f3n con socios locales, ejecuta proyectos en los \u00e1mbitos de la educaci\u00f3n, la nutrici\u00f3n y la atenci\u00f3n sanitaria.<br\/>Gracias al apoyo de la Fundaci\u00f3n Lindy, en los \u00faltimos a\u00f1os se han financiado varios proyectos de la organizaci\u00f3n. El m\u00e1s reciente se ha centrado en la iniciativa Fili di Luce, un centro de formaci\u00f3n para la producci\u00f3n y elaboraci\u00f3n de tejidos tradicionales del Faso-Danfani. Este proyecto ofrece a los j\u00f3venes oportunidades profesionales al tiempo que preserva y promueve las tradiciones locales.<br\/><br\/><strong>\u2022 <a href=\"https:\/\/www.kibareonlus.org\/\" target=\"_blank\" rel=\"noreferrer noopener\">kibareonlus.org<\/a>\u00a0<\/strong><\/p><\/div><\/div><\/section>\n\n\n\n<section id=\"reiterhof\" class=\"wp-block-lindy-anchor-section section section--anchor\"><\/section>\n\n\n\n<section class=\"wp-block-lindy-image-text-module section section--full-width-image full-width-image--with-text theme--light section--animation-none align--left  font--size-small width--half\" style=\"background-image:url()\"><img decoding=\"async\" class=\"full-width-image__image\" src=\"\"\/><div class=\"contained\"><div class=\"full-width-image__content\"><h2 class=\"section__heading\"><span>Centro ecuestre juvenil<\/span><\/h2><h2 class=\"section__subheading section__subheading__title\">Mannheim<\/h2><p class=\"section__paragraph\"><br\/>El centro ecuestre juvenil Mannheim e.V. es una organizaci\u00f3n sin \u00e1nimo de lucro dedicada a proporcionar a los ni\u00f1os y j\u00f3venes de Mannheim una conexi\u00f3n natural con los caballos. Su labor se centra en el aspecto educativo y en el trato respetuoso y adecuado a la especie de los caballos como compa\u00f1eros.<br\/><br\/>El apoyo de la Fundaci\u00f3n Lindy beneficia a los caballos mayores de la asociaci\u00f3n. A diferencia de muchos clubes h\u00edpicos, donde los caballos ancianos o enfermos suelen ser reubicados, Jugendreiterhof les permite permanecer en su entorno y manada familiares, donde reciben cari\u00f1osos cuidados.<br\/><br\/><strong>\u2022 <a href=\"https:\/\/www.jugendreiterhof-ma.de\/\" target=\"_blank\" rel=\"noreferrer noopener\">jugendreiterhof-ma.de<\/a><\/strong><\/p><a href=\".\/csr\/#stiftung\" class=\"button button--dark\" target=\"_self\" rel=\"noopener noreferrer\">Volver a la p\u00e1gina de inicio<\/a><\/div><\/div><\/section>\n\n\n\n<section class=\"wp-block-lindy-image-text-module section section--full-width-image full-width-image--with-text theme--light section--animation-none align--left  font--size-medium width--half\" style=\"background-image:url(https:\/\/lindy.com\/de\/wp-content\/uploads\/sites\/3\/2025\/01\/Reiterhof1FW.png)\"><img decoding=\"async\" class=\"full-width-image__image\" src=\"https:\/\/lindy.com\/de\/wp-content\/uploads\/sites\/3\/2025\/01\/Reiterhof1FW.png\"\/><div class=\"contained\"><div class=\"full-width-image__content\"><\/div><\/div><\/section>\n\n\n\n<section id=\"weitere\" class=\"wp-block-lindy-anchor-section section section--anchor\"><\/section>\n\n\n\n<div style=\"height:43px\" aria-hidden=\"true\" class=\"wp-block-spacer\"><\/div>\n\n\n\n<section id=\"aktion\" class=\"wp-block-lindy-anchor-section section section--anchor\"><\/section>\n\n\n\n<div class=\"wp-block-buttons is-layout-flex wp-block-buttons-is-layout-flex\"><\/div>\n\n\n\n<p><\/p>\n","protected":false},"excerpt":{"rendered":"","protected":false},"author":21,"featured_media":0,"parent":0,"menu_order":0,"comment_status":"closed","ping_status":"closed","template":"page-templates\/template-landing.php","meta":{"_acf_changed":false,"footnotes":""},"class_list":["post-8071","page","type-page","status-publish","hentry"],"acf":[],"yoast_head":"<!-- This site is optimized with the Yoast SEO plugin v26.6 - https:\/\/yoast.com\/wordpress\/plugins\/seo\/ -->\n<title>CSR-Foundation - Lindy - Spanish<\/title>\n<meta name=\"robots\" content=\"index, follow, max-snippet:-1, max-image-preview:large, max-video-preview:-1\" \/>\n<link rel=\"canonical\" href=\"https:\/\/lindy.com\/es\/csr-foundation\/\" \/>\n<meta property=\"og:locale\" content=\"es_ES\" \/>\n<meta property=\"og:type\" content=\"article\" \/>\n<meta property=\"og:title\" content=\"CSR-Foundation - Lindy - Spanish\" \/>\n<meta property=\"og:url\" content=\"https:\/\/lindy.com\/es\/csr-foundation\/\" \/>\n<meta property=\"og:site_name\" content=\"Lindy - Spanish\" \/>\n<meta property=\"article:modified_time\" content=\"2025-06-05T09:42:36+00:00\" \/>\n<meta property=\"og:image\" content=\"https:\/\/lindy.com\/de\/wp-content\/uploads\/sites\/3\/2025\/01\/Stiftung-collage-2-HW.png\" \/>\n<meta name=\"twitter:card\" content=\"summary_large_image\" \/>\n<meta name=\"twitter:label1\" content=\"Tiempo de lectura\" \/>\n\t<meta name=\"twitter:data1\" content=\"5 minutos\" \/>\n<script type=\"application\/ld+json\" class=\"yoast-schema-graph\">{\"@context\":\"https:\/\/schema.org\",\"@graph\":[{\"@type\":\"WebPage\",\"@id\":\"https:\/\/lindy.com\/es\/csr-foundation\/\",\"url\":\"https:\/\/lindy.com\/es\/csr-foundation\/\",\"name\":\"CSR-Foundation - Lindy - Spanish\",\"isPartOf\":{\"@id\":\"https:\/\/lindy.com\/es\/#website\"},\"primaryImageOfPage\":{\"@id\":\"https:\/\/lindy.com\/es\/csr-foundation\/#primaryimage\"},\"image\":{\"@id\":\"https:\/\/lindy.com\/es\/csr-foundation\/#primaryimage\"},\"thumbnailUrl\":\"https:\/\/lindy.com\/de\/wp-content\/uploads\/sites\/3\/2025\/01\/Stiftung-collage-2-HW.png\",\"datePublished\":\"2025-04-03T15:13:06+00:00\",\"dateModified\":\"2025-06-05T09:42:36+00:00\",\"breadcrumb\":{\"@id\":\"https:\/\/lindy.com\/es\/csr-foundation\/#breadcrumb\"},\"inLanguage\":\"es\",\"potentialAction\":[{\"@type\":\"ReadAction\",\"target\":[\"https:\/\/lindy.com\/es\/csr-foundation\/\"]}]},{\"@type\":\"ImageObject\",\"inLanguage\":\"es\",\"@id\":\"https:\/\/lindy.com\/es\/csr-foundation\/#primaryimage\",\"url\":\"https:\/\/lindy.com\/de\/wp-content\/uploads\/sites\/3\/2025\/01\/Stiftung-collage-2-HW.png\",\"contentUrl\":\"https:\/\/lindy.com\/de\/wp-content\/uploads\/sites\/3\/2025\/01\/Stiftung-collage-2-HW.png\"},{\"@type\":\"BreadcrumbList\",\"@id\":\"https:\/\/lindy.com\/es\/csr-foundation\/#breadcrumb\",\"itemListElement\":[{\"@type\":\"ListItem\",\"position\":1,\"name\":\"Home\",\"item\":\"https:\/\/lindy.com\/es\/\"},{\"@type\":\"ListItem\",\"position\":2,\"name\":\"CSR-Foundation\"}]},{\"@type\":\"WebSite\",\"@id\":\"https:\/\/lindy.com\/es\/#website\",\"url\":\"https:\/\/lindy.com\/es\/\",\"name\":\"Lindy - Spanish\",\"description\":\"Connection Perfection\",\"potentialAction\":[{\"@type\":\"SearchAction\",\"target\":{\"@type\":\"EntryPoint\",\"urlTemplate\":\"https:\/\/lindy.com\/es\/?s={search_term_string}\"},\"query-input\":{\"@type\":\"PropertyValueSpecification\",\"valueRequired\":true,\"valueName\":\"search_term_string\"}}],\"inLanguage\":\"es\"}]}<\/script>\n<!-- \/ Yoast SEO plugin. -->","yoast_head_json":{"title":"CSR-Foundation - Lindy - Spanish","robots":{"index":"index","follow":"follow","max-snippet":"max-snippet:-1","max-image-preview":"max-image-preview:large","max-video-preview":"max-video-preview:-1"},"canonical":"https:\/\/lindy.com\/es\/csr-foundation\/","og_locale":"es_ES","og_type":"article","og_title":"CSR-Foundation - Lindy - Spanish","og_url":"https:\/\/lindy.com\/es\/csr-foundation\/","og_site_name":"Lindy - Spanish","article_modified_time":"2025-06-05T09:42:36+00:00","og_image":[{"url":"https:\/\/lindy.com\/de\/wp-content\/uploads\/sites\/3\/2025\/01\/Stiftung-collage-2-HW.png","type":"","width":"","height":""}],"twitter_card":"summary_large_image","twitter_misc":{"Tiempo de lectura":"5 minutos"},"schema":{"@context":"https:\/\/schema.org","@graph":[{"@type":"WebPage","@id":"https:\/\/lindy.com\/es\/csr-foundation\/","url":"https:\/\/lindy.com\/es\/csr-foundation\/","name":"CSR-Foundation - Lindy - Spanish","isPartOf":{"@id":"https:\/\/lindy.com\/es\/#website"},"primaryImageOfPage":{"@id":"https:\/\/lindy.com\/es\/csr-foundation\/#primaryimage"},"image":{"@id":"https:\/\/lindy.com\/es\/csr-foundation\/#primaryimage"},"thumbnailUrl":"https:\/\/lindy.com\/de\/wp-content\/uploads\/sites\/3\/2025\/01\/Stiftung-collage-2-HW.png","datePublished":"2025-04-03T15:13:06+00:00","dateModified":"2025-06-05T09:42:36+00:00","breadcrumb":{"@id":"https:\/\/lindy.com\/es\/csr-foundation\/#breadcrumb"},"inLanguage":"es","potentialAction":[{"@type":"ReadAction","target":["https:\/\/lindy.com\/es\/csr-foundation\/"]}]},{"@type":"ImageObject","inLanguage":"es","@id":"https:\/\/lindy.com\/es\/csr-foundation\/#primaryimage","url":"https:\/\/lindy.com\/de\/wp-content\/uploads\/sites\/3\/2025\/01\/Stiftung-collage-2-HW.png","contentUrl":"https:\/\/lindy.com\/de\/wp-content\/uploads\/sites\/3\/2025\/01\/Stiftung-collage-2-HW.png"},{"@type":"BreadcrumbList","@id":"https:\/\/lindy.com\/es\/csr-foundation\/#breadcrumb","itemListElement":[{"@type":"ListItem","position":1,"name":"Home","item":"https:\/\/lindy.com\/es\/"},{"@type":"ListItem","position":2,"name":"CSR-Foundation"}]},{"@type":"WebSite","@id":"https:\/\/lindy.com\/es\/#website","url":"https:\/\/lindy.com\/es\/","name":"Lindy - Spanish","description":"Connection Perfection","potentialAction":[{"@type":"SearchAction","target":{"@type":"EntryPoint","urlTemplate":"https:\/\/lindy.com\/es\/?s={search_term_string}"},"query-input":{"@type":"PropertyValueSpecification","valueRequired":true,"valueName":"search_term_string"}}],"inLanguage":"es"}]}},"_links":{"self":[{"href":"https:\/\/lindy.com\/es\/wp-json\/wp\/v2\/pages\/8071","targetHints":{"allow":["GET"]}}],"collection":[{"href":"https:\/\/lindy.com\/es\/wp-json\/wp\/v2\/pages"}],"about":[{"href":"https:\/\/lindy.com\/es\/wp-json\/wp\/v2\/types\/page"}],"author":[{"embeddable":true,"href":"https:\/\/lindy.com\/es\/wp-json\/wp\/v2\/users\/21"}],"replies":[{"embeddable":true,"href":"https:\/\/lindy.com\/es\/wp-json\/wp\/v2\/comments?post=8071"}],"version-history":[{"count":3,"href":"https:\/\/lindy.com\/es\/wp-json\/wp\/v2\/pages\/8071\/revisions"}],"predecessor-version":[{"id":8564,"href":"https:\/\/lindy.com\/es\/wp-json\/wp\/v2\/pages\/8071\/revisions\/8564"}],"wp:attachment":[{"href":"https:\/\/lindy.com\/es\/wp-json\/wp\/v2\/media?parent=8071"}],"curies":[{"name":"wp","href":"https:\/\/api.w.org\/{rel}","templated":true}]}}