{"id":8072,"date":"2025-04-03T15:13:51","date_gmt":"2025-04-03T15:13:51","guid":{"rendered":"https:\/\/lindy.com\/es\/?page_id=8072"},"modified":"2025-10-29T14:57:47","modified_gmt":"2025-10-29T14:57:47","slug":"csr-ecovadis","status":"publish","type":"page","link":"https:\/\/lindy.com\/es\/csr-ecovadis\/","title":{"rendered":"CSR EcoVadis"},"content":{"rendered":"\n<section class=\"wp-block-lindy-image-text-module section section--full-width-image full-width-image--with-text theme--light section--animation-none align--left  font--size-medium width--half\" style=\"background-image:url()\"><img decoding=\"async\" class=\"full-width-image__image\" src=\"\"\/><div class=\"contained\"><div class=\"full-width-image__content\"><h2 class=\"section__heading\"><span>EcoVadis<\/span><\/h2><h2 class=\"section__subheading section__subheading__title\">Evaluaci\u00f3n y Reconocimiento<\/h2><p class=\"section__paragraph\"><br\/><br\/>Al recibir la Medalla de Plata de EcoVadis, Lindy-Elektronik GmbH se sit\u00faa entre el 15% de las mejores empresas del mundo evaluadas por EcoVadis, lo que pone de relieve nuestro firme compromiso con la sostenibilidad y las pr\u00e1cticas empresariales responsables.<br\/><br\/><strong>Progreso y mejora:<\/strong><br\/>En 2025, Lindy logr\u00f3 una nueva mejora con una puntuaci\u00f3n EcoVadis de 73 puntos, lo que corresponde al percentil 90 a nivel mundial. De este modo, seguimos formando parte del 15 % de las empresas mejor valoradas por EcoVadis en todo el mundo y hemos sido galardonados con una medalla de plata.<br\/><br\/>Desde 2023, nuestra evoluci\u00f3n muestra una clara y continua tendencia ascendente:<br\/>\u2022 <strong>2023:<\/strong> 52 puntos \u2013 percentil 55 \u2013 Bronce<br\/>\u2022 <strong>2024<\/strong>: 67 puntos \u2013 percentil 87 \u2013 Plata<br\/>\u2022 <strong>2025<\/strong>: 73 puntos \u2013 percentil 90 \u2013 Plata<br\/><br\/>Este notable progreso pone de relieve nuestro compromiso con la sostenibilidad, las pr\u00e1cticas empresariales responsables y la mejora continua de nuestra gesti\u00f3n de sostenibilidad.<\/p><\/div><\/div><\/section>\n\n\n\n<section class=\"wp-block-lindy-image-text-module section section--full-width-image full-width-image--with-text theme--light section--animation-none align--left  font--size-medium width--half\" style=\"background-image:url(https:\/\/lindy.com\/es\/wp-content\/uploads\/sites\/7\/2025\/10\/25-09-Ecovadis-Award2.png)\"><img decoding=\"async\" class=\"full-width-image__image\" src=\"https:\/\/lindy.com\/es\/wp-content\/uploads\/sites\/7\/2025\/10\/25-09-Ecovadis-Award2.png\"\/><div class=\"contained\"><div class=\"full-width-image__content\"><\/div><\/div><\/section>\n\n\n\n<section class=\"wp-block-lindy-image-text-module section section--full-width-image full-width-image--with-text theme--dark section--animation-none align--right  font--size-medium width--half\" style=\"background-image:url()\"><img decoding=\"async\" class=\"full-width-image__image\" src=\"\"\/><div class=\"contained\"><div class=\"full-width-image__content\"><h2 class=\"section__subheading section__subheading__title\">\u00e1reas de enfoque<\/h2><p class=\"section__paragraph\"><br\/><br\/>Nuestro progreso se ha visto impulsado por un s\u00f3lido rendimiento en cuatro \u00e1reas de inter\u00e9s ESG: medio ambiente, trabajo y derechos humanos, \u00e9tica y compras sostenibles. Cada \u00e1rea refleja nuestro compromiso con un futuro mejor y m\u00e1s sostenible.<\/p><a href=\"..\/csr\/#ecovadis\" class=\"button button--white-transparent\" target=\"_self\" rel=\"noopener noreferrer\">Volver al inicio<\/a><\/div><\/div><\/section>\n\n\n\n<section class=\"wp-block-lindy-image-text-module section section--full-width-image full-width-image--with-text theme--light section--animation-none align--left  font--size-medium width--half\" style=\"background-image:url()\"><img decoding=\"async\" class=\"full-width-image__image\" src=\"\"\/><div class=\"contained\"><div class=\"full-width-image__content\"><h2 class=\"section__subheading section__subheading__title\">desarrollo sostenible<\/h2><p class=\"section__paragraph\"><br\/><br\/>Estas medallas son mucho m\u00e1s que simples reconocimientos: reflejan nuestro compromiso con pr\u00e1cticas sostenibles que fortalecen nuestra marca y nos distinguen en un mercado altamente competitivo. Tambi\u00e9n nos brindan valiosos conocimientos para seguir avanzando en nuestro camino hacia el desarrollo sostenible.<br\/><br\/>\u2022 <strong><a href=\"https:\/\/recognition.ecovadis.com\/kpqMbRhG80ex3TYHp0SOsw\" target=\"_blank\" rel=\"noreferrer noopener\">Medalla de plata EcoVadis 2025<\/a><\/strong><br\/>\u2022 <strong><a href=\"https:\/\/lindy.com\/de\/wp-content\/uploads\/sites\/3\/2025\/10\/LINDY-ELEKTRONIK_GMBH_CSR_Performance_Overview_Details_2025_09_10-1.pdf\" target=\"_blank\" rel=\"noreferrer noopener\">Resumen de la evaluaci\u00f3n de sostenibilidad EcoVadis 2025<\/a><\/strong><br\/>\u2022 <a href=\"https:\/\/lindy.com\/de\/wp-content\/uploads\/sites\/3\/2024\/12\/LINDY-ELEKTRONIK_GMBH_CSR_Performance_Overview_2024_09_19.pdf\" target=\"_blank\" rel=\"noreferrer noopener\"><strong>Panorama EcoVadis &#8211; Calificaci\u00f3n de sostenibilidad 2024<\/strong><\/a><br\/><strong>\u00a0<\/strong><\/p><\/div><\/div><\/section>\n","protected":false},"excerpt":{"rendered":"","protected":false},"author":21,"featured_media":0,"parent":0,"menu_order":0,"comment_status":"closed","ping_status":"closed","template":"page-templates\/template-landing.php","meta":{"_acf_changed":false,"footnotes":""},"class_list":["post-8072","page","type-page","status-publish","hentry"],"acf":[],"yoast_head":"<!-- This site is optimized with the Yoast SEO plugin v26.6 - https:\/\/yoast.com\/wordpress\/plugins\/seo\/ -->\n<title>CSR EcoVadis - Lindy - Spanish<\/title>\n<meta name=\"robots\" content=\"index, follow, max-snippet:-1, max-image-preview:large, max-video-preview:-1\" \/>\n<link rel=\"canonical\" href=\"https:\/\/lindy.com\/es\/csr-ecovadis\/\" \/>\n<meta property=\"og:locale\" content=\"es_ES\" \/>\n<meta property=\"og:type\" content=\"article\" \/>\n<meta property=\"og:title\" content=\"CSR EcoVadis - Lindy - Spanish\" \/>\n<meta property=\"og:url\" content=\"https:\/\/lindy.com\/es\/csr-ecovadis\/\" \/>\n<meta property=\"og:site_name\" content=\"Lindy - Spanish\" \/>\n<meta property=\"article:modified_time\" content=\"2025-10-29T14:57:47+00:00\" \/>\n<meta property=\"og:image\" content=\"https:\/\/lindy.com\/es\/wp-content\/uploads\/sites\/7\/2025\/10\/25-09-Ecovadis-Award2.png\" \/>\n<meta name=\"twitter:card\" content=\"summary_large_image\" \/>\n<meta name=\"twitter:label1\" content=\"Tiempo de lectura\" \/>\n\t<meta name=\"twitter:data1\" content=\"3 minutos\" \/>\n<script type=\"application\/ld+json\" class=\"yoast-schema-graph\">{\"@context\":\"https:\/\/schema.org\",\"@graph\":[{\"@type\":\"WebPage\",\"@id\":\"https:\/\/lindy.com\/es\/csr-ecovadis\/\",\"url\":\"https:\/\/lindy.com\/es\/csr-ecovadis\/\",\"name\":\"CSR EcoVadis - Lindy - Spanish\",\"isPartOf\":{\"@id\":\"https:\/\/lindy.com\/es\/#website\"},\"primaryImageOfPage\":{\"@id\":\"https:\/\/lindy.com\/es\/csr-ecovadis\/#primaryimage\"},\"image\":{\"@id\":\"https:\/\/lindy.com\/es\/csr-ecovadis\/#primaryimage\"},\"thumbnailUrl\":\"https:\/\/lindy.com\/es\/wp-content\/uploads\/sites\/7\/2025\/10\/25-09-Ecovadis-Award2.png\",\"datePublished\":\"2025-04-03T15:13:51+00:00\",\"dateModified\":\"2025-10-29T14:57:47+00:00\",\"breadcrumb\":{\"@id\":\"https:\/\/lindy.com\/es\/csr-ecovadis\/#breadcrumb\"},\"inLanguage\":\"es\",\"potentialAction\":[{\"@type\":\"ReadAction\",\"target\":[\"https:\/\/lindy.com\/es\/csr-ecovadis\/\"]}]},{\"@type\":\"ImageObject\",\"inLanguage\":\"es\",\"@id\":\"https:\/\/lindy.com\/es\/csr-ecovadis\/#primaryimage\",\"url\":\"https:\/\/lindy.com\/es\/wp-content\/uploads\/sites\/7\/2025\/10\/25-09-Ecovadis-Award2.png\",\"contentUrl\":\"https:\/\/lindy.com\/es\/wp-content\/uploads\/sites\/7\/2025\/10\/25-09-Ecovadis-Award2.png\",\"width\":1080,\"height\":1080},{\"@type\":\"BreadcrumbList\",\"@id\":\"https:\/\/lindy.com\/es\/csr-ecovadis\/#breadcrumb\",\"itemListElement\":[{\"@type\":\"ListItem\",\"position\":1,\"name\":\"Home\",\"item\":\"https:\/\/lindy.com\/es\/\"},{\"@type\":\"ListItem\",\"position\":2,\"name\":\"CSR EcoVadis\"}]},{\"@type\":\"WebSite\",\"@id\":\"https:\/\/lindy.com\/es\/#website\",\"url\":\"https:\/\/lindy.com\/es\/\",\"name\":\"Lindy - Spanish\",\"description\":\"Connection Perfection\",\"potentialAction\":[{\"@type\":\"SearchAction\",\"target\":{\"@type\":\"EntryPoint\",\"urlTemplate\":\"https:\/\/lindy.com\/es\/?s={search_term_string}\"},\"query-input\":{\"@type\":\"PropertyValueSpecification\",\"valueRequired\":true,\"valueName\":\"search_term_string\"}}],\"inLanguage\":\"es\"}]}<\/script>\n<!-- \/ Yoast SEO plugin. -->","yoast_head_json":{"title":"CSR EcoVadis - Lindy - Spanish","robots":{"index":"index","follow":"follow","max-snippet":"max-snippet:-1","max-image-preview":"max-image-preview:large","max-video-preview":"max-video-preview:-1"},"canonical":"https:\/\/lindy.com\/es\/csr-ecovadis\/","og_locale":"es_ES","og_type":"article","og_title":"CSR EcoVadis - Lindy - Spanish","og_url":"https:\/\/lindy.com\/es\/csr-ecovadis\/","og_site_name":"Lindy - Spanish","article_modified_time":"2025-10-29T14:57:47+00:00","og_image":[{"url":"https:\/\/lindy.com\/es\/wp-content\/uploads\/sites\/7\/2025\/10\/25-09-Ecovadis-Award2.png","type":"","width":"","height":""}],"twitter_card":"summary_large_image","twitter_misc":{"Tiempo de lectura":"3 minutos"},"schema":{"@context":"https:\/\/schema.org","@graph":[{"@type":"WebPage","@id":"https:\/\/lindy.com\/es\/csr-ecovadis\/","url":"https:\/\/lindy.com\/es\/csr-ecovadis\/","name":"CSR EcoVadis - Lindy - Spanish","isPartOf":{"@id":"https:\/\/lindy.com\/es\/#website"},"primaryImageOfPage":{"@id":"https:\/\/lindy.com\/es\/csr-ecovadis\/#primaryimage"},"image":{"@id":"https:\/\/lindy.com\/es\/csr-ecovadis\/#primaryimage"},"thumbnailUrl":"https:\/\/lindy.com\/es\/wp-content\/uploads\/sites\/7\/2025\/10\/25-09-Ecovadis-Award2.png","datePublished":"2025-04-03T15:13:51+00:00","dateModified":"2025-10-29T14:57:47+00:00","breadcrumb":{"@id":"https:\/\/lindy.com\/es\/csr-ecovadis\/#breadcrumb"},"inLanguage":"es","potentialAction":[{"@type":"ReadAction","target":["https:\/\/lindy.com\/es\/csr-ecovadis\/"]}]},{"@type":"ImageObject","inLanguage":"es","@id":"https:\/\/lindy.com\/es\/csr-ecovadis\/#primaryimage","url":"https:\/\/lindy.com\/es\/wp-content\/uploads\/sites\/7\/2025\/10\/25-09-Ecovadis-Award2.png","contentUrl":"https:\/\/lindy.com\/es\/wp-content\/uploads\/sites\/7\/2025\/10\/25-09-Ecovadis-Award2.png","width":1080,"height":1080},{"@type":"BreadcrumbList","@id":"https:\/\/lindy.com\/es\/csr-ecovadis\/#breadcrumb","itemListElement":[{"@type":"ListItem","position":1,"name":"Home","item":"https:\/\/lindy.com\/es\/"},{"@type":"ListItem","position":2,"name":"CSR EcoVadis"}]},{"@type":"WebSite","@id":"https:\/\/lindy.com\/es\/#website","url":"https:\/\/lindy.com\/es\/","name":"Lindy - Spanish","description":"Connection Perfection","potentialAction":[{"@type":"SearchAction","target":{"@type":"EntryPoint","urlTemplate":"https:\/\/lindy.com\/es\/?s={search_term_string}"},"query-input":{"@type":"PropertyValueSpecification","valueRequired":true,"valueName":"search_term_string"}}],"inLanguage":"es"}]}},"_links":{"self":[{"href":"https:\/\/lindy.com\/es\/wp-json\/wp\/v2\/pages\/8072","targetHints":{"allow":["GET"]}}],"collection":[{"href":"https:\/\/lindy.com\/es\/wp-json\/wp\/v2\/pages"}],"about":[{"href":"https:\/\/lindy.com\/es\/wp-json\/wp\/v2\/types\/page"}],"author":[{"embeddable":true,"href":"https:\/\/lindy.com\/es\/wp-json\/wp\/v2\/users\/21"}],"replies":[{"embeddable":true,"href":"https:\/\/lindy.com\/es\/wp-json\/wp\/v2\/comments?post=8072"}],"version-history":[{"count":9,"href":"https:\/\/lindy.com\/es\/wp-json\/wp\/v2\/pages\/8072\/revisions"}],"predecessor-version":[{"id":9114,"href":"https:\/\/lindy.com\/es\/wp-json\/wp\/v2\/pages\/8072\/revisions\/9114"}],"wp:attachment":[{"href":"https:\/\/lindy.com\/es\/wp-json\/wp\/v2\/media?parent=8072"}],"curies":[{"name":"wp","href":"https:\/\/api.w.org\/{rel}","templated":true}]}}