{"id":8075,"date":"2025-04-03T15:42:26","date_gmt":"2025-04-03T15:42:26","guid":{"rendered":"https:\/\/lindy.com\/es\/?page_id=8075"},"modified":"2025-04-08T09:05:35","modified_gmt":"2025-04-08T09:05:35","slug":"csr-ma","status":"publish","type":"page","link":"https:\/\/lindy.com\/es\/csr-ma\/","title":{"rendered":"CSR-MA"},"content":{"rendered":"\n<section id=\"inhalt\" class=\"wp-block-lindy-anchor-section section section--anchor\"><\/section>\n\n\n\n<section class=\"wp-block-lindy-image-text-module section section--full-width-image full-width-image--with-text theme--light section--animation-none align--left  font--size-medium width--half\" style=\"background-image:url()\"><img decoding=\"async\" class=\"full-width-image__image\" src=\"\"\/><div class=\"contained\"><div class=\"full-width-image__content\"><h2 class=\"section__heading\"><span>tecnolog\u00eda de construcci\u00f3n<\/span><\/h2><h2 class=\"section__subheading section__subheading__title\">sostenible<\/h2><p class=\"section__paragraph\"><br\/><br\/>En nuestra sede de Mannheim, Lindy apuesta por soluciones responsables con el medio ambiente y la sociedad. Nuestro moderno edificio de oficinas est\u00e1 equipado con una central de cogeneraci\u00f3n y un sistema fotovoltaico.<br\/><br\/><strong>\u2022 <a href=\"#bhkw\">CHP (producci\u00f3n combinada de calor y electricidad)<\/a><br\/>\u2022 <a href=\"#pv\">Fotovoltaica<\/a>         <br\/>\u2022 <a href=\"#e-mobil\">Estaciones de carga<\/a><br\/>\u2022 <a href=\"#lebensraum\">Biodiversidad<\/a><\/strong><\/p><a href=\".\/CSR-FOA#environment\" class=\"button button--dark\" target=\"_self\" rel=\"noopener noreferrer\">Atr\u00e1s<\/a><\/div><\/div><\/section>\n\n\n\n<section class=\"wp-block-lindy-image-text-module section section--full-width-image full-width-image--with-text theme--light section--animation-none align--left  font--size-medium width--half\" style=\"background-image:url(https:\/\/lindy.com\/de\/wp-content\/uploads\/sites\/3\/2024\/12\/Solar-Panels.png)\"><img decoding=\"async\" class=\"full-width-image__image\" src=\"https:\/\/lindy.com\/de\/wp-content\/uploads\/sites\/3\/2024\/12\/Solar-Panels.png\"\/><div class=\"contained\"><div class=\"full-width-image__content\"><\/div><\/div><\/section>\n\n\n\n<section id=\"bhkw\" class=\"wp-block-lindy-anchor-section section section--anchor\"><\/section>\n\n\n\n<section class=\"wp-block-lindy-image-text-module section section--full-width-image full-width-image--with-text theme--dark section--animation-none align--left  font--size-large width--half\" style=\"background-image:url(https:\/\/lindy.com\/de\/wp-content\/uploads\/sites\/3\/2024\/12\/BHKW-1.png)\"><img decoding=\"async\" class=\"full-width-image__image\" src=\"https:\/\/lindy.com\/de\/wp-content\/uploads\/sites\/3\/2024\/12\/BHKW-1.png\"\/><div class=\"contained\"><div class=\"full-width-image__content\"><\/div><\/div><\/section>\n\n\n\n<section class=\"wp-block-lindy-image-text-module section section--full-width-image full-width-image--with-text theme--light section--animation-none align--left  font--size-medium width--half\" style=\"background-image:url()\"><img decoding=\"async\" class=\"full-width-image__image\" src=\"\"\/><div class=\"contained\"><div class=\"full-width-image__content\"><h2 class=\"section__subheading section__subheading__title\">Conectado<\/h2><p class=\"section__paragraph\"><br\/><br\/>La central combinada de calor y electricidad (CHP) funciona seg\u00fan el principio de cogeneraci\u00f3n, utilizando eficazmente gas natural para generar electricidad y reutilizando el calor residual resultante para la calefacci\u00f3n de edificios. Esto reduce las emisiones de CO\u2082 en aproximadamente un 30% en comparaci\u00f3n con los m\u00e9todos convencionales de generaci\u00f3n de calor y electricidad. La cogeneraci\u00f3n por s\u00ed sola ya genera casi un 10% m\u00e1s de energ\u00eda que nuestro consumo medio anual. Junto con nuestro sistema fotovoltaico (v\u00e9ase la secci\u00f3n siguiente), producimos un importante excedente de energ\u00eda.<br\/><br\/><br\/><\/p><a href=\"#inhalt\" class=\"button button--dark\" target=\"_self\" rel=\"noopener noreferrer\">Volver al inicio<\/a><\/div><\/div><\/section>\n\n\n\n<section id=\"pv\" class=\"wp-block-lindy-anchor-section section section--anchor\"><\/section>\n\n\n\n<section class=\"wp-block-lindy-image-text-module section section--full-width-image full-width-image--with-text theme--light section--animation-none align--left  font--size-medium width--half\" style=\"background-image:url()\"><img decoding=\"async\" class=\"full-width-image__image\" src=\"\"\/><div class=\"contained\"><div class=\"full-width-image__content\"><h2 class=\"section__subheading section__subheading__title\">Alimentaci\u00f3n<\/h2><p class=\"section__paragraph\"><br\/><br\/><br\/><br\/>El sistema fotovoltaico del tejado de cristal convierte la energ\u00eda solar en electricidad ecol\u00f3gica. Por t\u00e9rmino medio, el sistema fotovoltaico cubre alrededor del 55% de nuestras necesidades energ\u00e9ticas anuales. Combinado con la cogeneraci\u00f3n, el sistema fotovoltaico genera un excedente equivalente a aproximadamente el 63% de nuestro consumo anual de energ\u00eda, que se vierte a la red el\u00e9ctrica. La instalaci\u00f3n cubre casi el 22 % de la superficie del tejado de nuestro edificio principal y genera 55,3 kW<sub>p<\/sub>.<br\/><br\/><br\/><br\/><br\/><br\/><br\/><\/p><a href=\"#inhalt\" class=\"button button--dark\" target=\"_self\" rel=\"noopener noreferrer\">Volver al inicio<\/a><\/div><\/div><\/section>\n\n\n\n<section class=\"wp-block-lindy-image-text-module section section--full-width-image full-width-image--with-text theme--light section--animation-none align--left  font--size-medium width--half\" style=\"background-image:url(https:\/\/lindy.com\/de\/wp-content\/uploads\/sites\/3\/2024\/12\/PV-MA.png)\"><img decoding=\"async\" class=\"full-width-image__image\" src=\"https:\/\/lindy.com\/de\/wp-content\/uploads\/sites\/3\/2024\/12\/PV-MA.png\"\/><div class=\"contained\"><div class=\"full-width-image__content\"><\/div><\/div><\/section>\n\n\n\n<section id=\"e-mobil\" class=\"wp-block-lindy-anchor-section section section--anchor\"><\/section>\n\n\n\n<section class=\"wp-block-lindy-image-text-module section section--full-width-image full-width-image--with-text theme--light section--animation-none align--left  font--size-medium width--half\" style=\"background-image:url(https:\/\/lindy.com\/de\/wp-content\/uploads\/sites\/3\/2024\/12\/E-Mobilitaet.png)\"><img decoding=\"async\" class=\"full-width-image__image\" src=\"https:\/\/lindy.com\/de\/wp-content\/uploads\/sites\/3\/2024\/12\/E-Mobilitaet.png\"\/><div class=\"contained\"><div class=\"full-width-image__content\"><\/div><\/div><\/section>\n\n\n\n<section class=\"wp-block-lindy-image-text-module section section--full-width-image full-width-image--with-text theme--dark section--animation-none align--left  font--size-medium width--half\" style=\"background-image:url()\"><img decoding=\"async\" class=\"full-width-image__image\" src=\"\"\/><div class=\"contained\"><div class=\"full-width-image__content\"><h2 class=\"section__subheading section__subheading__title\">Movilidad el\u00e9ctrica<\/h2><p class=\"section__paragraph\"><br\/><br\/><br\/>Promovemos la e-movilidad con estaciones de carga para veh\u00edculos el\u00e9ctricos en nuestras instalaciones.<br\/><br\/>Los empleados de Lindy pueden cargar c\u00f3modamente sus veh\u00edculos el\u00e9ctricos in situ a bajo coste. Parte de la flota de veh\u00edculos Lindy ya se ha convertido a la e-movilidad.<br\/><br\/><br\/><br\/><\/p><a href=\"#inhalt\" class=\"button button--white-transparent\" target=\"_self\" rel=\"noopener noreferrer\">Volver al inicio<\/a><\/div><\/div><\/section>\n\n\n\n<section id=\"lebensraum\" class=\"wp-block-lindy-anchor-section section section--anchor\"><\/section>\n\n\n\n<section class=\"wp-block-lindy-image-text-module section section--full-width-image full-width-image--with-text theme--light section--animation-none align--left  font--size-medium width--half\" style=\"background-image:url()\"><img decoding=\"async\" class=\"full-width-image__image\" src=\"\"\/><div class=\"contained\"><div class=\"full-width-image__content\"><h2 class=\"section__subheading section__subheading__title\">Habitats<\/h2><p class=\"section__paragraph\"><br\/><br\/><br\/>Nuestros espacios verdes contribuyen a la biodiversidad con prados floridos aptos para insectos y setos de lavanda. Proporcionan h\u00e1bitat a la fauna y fomentan la diversidad de especies.<br\/><br\/><br\/><br\/><\/p><a href=\"#inhalt\" class=\"button button--dark\" target=\"_self\" rel=\"noopener noreferrer\">Volver al inicio<\/a><\/div><\/div><\/section>\n\n\n\n<section class=\"wp-block-lindy-image-text-module section section--full-width-image full-width-image--with-text theme--light section--animation-none align--left  font--size-medium width--half\" style=\"background-image:url(https:\/\/lindy.com\/de\/wp-content\/uploads\/sites\/3\/2024\/12\/Insektenwiese.png)\"><img decoding=\"async\" class=\"full-width-image__image\" src=\"https:\/\/lindy.com\/de\/wp-content\/uploads\/sites\/3\/2024\/12\/Insektenwiese.png\"\/><div class=\"contained\"><div class=\"full-width-image__content\"><\/div><\/div><\/section>\n","protected":false},"excerpt":{"rendered":"","protected":false},"author":21,"featured_media":0,"parent":0,"menu_order":0,"comment_status":"closed","ping_status":"closed","template":"page-templates\/template-landing.php","meta":{"_acf_changed":false,"footnotes":""},"class_list":["post-8075","page","type-page","status-publish","hentry"],"acf":[],"yoast_head":"<!-- This site is optimized with the Yoast SEO plugin v26.6 - https:\/\/yoast.com\/wordpress\/plugins\/seo\/ -->\n<title>CSR-MA - Lindy - Spanish<\/title>\n<meta name=\"robots\" content=\"index, follow, max-snippet:-1, max-image-preview:large, max-video-preview:-1\" \/>\n<link rel=\"canonical\" href=\"https:\/\/lindy.com\/es\/csr-ma\/\" \/>\n<meta property=\"og:locale\" content=\"es_ES\" \/>\n<meta property=\"og:type\" content=\"article\" \/>\n<meta property=\"og:title\" content=\"CSR-MA - Lindy - Spanish\" \/>\n<meta property=\"og:url\" content=\"https:\/\/lindy.com\/es\/csr-ma\/\" \/>\n<meta property=\"og:site_name\" content=\"Lindy - Spanish\" \/>\n<meta property=\"article:modified_time\" content=\"2025-04-08T09:05:35+00:00\" \/>\n<meta property=\"og:image\" content=\"https:\/\/lindy.com\/de\/wp-content\/uploads\/sites\/3\/2024\/12\/Solar-Panels.png\" \/>\n<meta name=\"twitter:card\" content=\"summary_large_image\" \/>\n<meta name=\"twitter:label1\" content=\"Tiempo de lectura\" \/>\n\t<meta name=\"twitter:data1\" content=\"4 minutos\" \/>\n<script type=\"application\/ld+json\" class=\"yoast-schema-graph\">{\"@context\":\"https:\/\/schema.org\",\"@graph\":[{\"@type\":\"WebPage\",\"@id\":\"https:\/\/lindy.com\/es\/csr-ma\/\",\"url\":\"https:\/\/lindy.com\/es\/csr-ma\/\",\"name\":\"CSR-MA - Lindy - Spanish\",\"isPartOf\":{\"@id\":\"https:\/\/lindy.com\/es\/#website\"},\"primaryImageOfPage\":{\"@id\":\"https:\/\/lindy.com\/es\/csr-ma\/#primaryimage\"},\"image\":{\"@id\":\"https:\/\/lindy.com\/es\/csr-ma\/#primaryimage\"},\"thumbnailUrl\":\"https:\/\/lindy.com\/de\/wp-content\/uploads\/sites\/3\/2024\/12\/Solar-Panels.png\",\"datePublished\":\"2025-04-03T15:42:26+00:00\",\"dateModified\":\"2025-04-08T09:05:35+00:00\",\"breadcrumb\":{\"@id\":\"https:\/\/lindy.com\/es\/csr-ma\/#breadcrumb\"},\"inLanguage\":\"es\",\"potentialAction\":[{\"@type\":\"ReadAction\",\"target\":[\"https:\/\/lindy.com\/es\/csr-ma\/\"]}]},{\"@type\":\"ImageObject\",\"inLanguage\":\"es\",\"@id\":\"https:\/\/lindy.com\/es\/csr-ma\/#primaryimage\",\"url\":\"https:\/\/lindy.com\/de\/wp-content\/uploads\/sites\/3\/2024\/12\/Solar-Panels.png\",\"contentUrl\":\"https:\/\/lindy.com\/de\/wp-content\/uploads\/sites\/3\/2024\/12\/Solar-Panels.png\"},{\"@type\":\"BreadcrumbList\",\"@id\":\"https:\/\/lindy.com\/es\/csr-ma\/#breadcrumb\",\"itemListElement\":[{\"@type\":\"ListItem\",\"position\":1,\"name\":\"Home\",\"item\":\"https:\/\/lindy.com\/es\/\"},{\"@type\":\"ListItem\",\"position\":2,\"name\":\"CSR-MA\"}]},{\"@type\":\"WebSite\",\"@id\":\"https:\/\/lindy.com\/es\/#website\",\"url\":\"https:\/\/lindy.com\/es\/\",\"name\":\"Lindy - Spanish\",\"description\":\"Connection Perfection\",\"potentialAction\":[{\"@type\":\"SearchAction\",\"target\":{\"@type\":\"EntryPoint\",\"urlTemplate\":\"https:\/\/lindy.com\/es\/?s={search_term_string}\"},\"query-input\":{\"@type\":\"PropertyValueSpecification\",\"valueRequired\":true,\"valueName\":\"search_term_string\"}}],\"inLanguage\":\"es\"}]}<\/script>\n<!-- \/ Yoast SEO plugin. -->","yoast_head_json":{"title":"CSR-MA - Lindy - Spanish","robots":{"index":"index","follow":"follow","max-snippet":"max-snippet:-1","max-image-preview":"max-image-preview:large","max-video-preview":"max-video-preview:-1"},"canonical":"https:\/\/lindy.com\/es\/csr-ma\/","og_locale":"es_ES","og_type":"article","og_title":"CSR-MA - Lindy - Spanish","og_url":"https:\/\/lindy.com\/es\/csr-ma\/","og_site_name":"Lindy - Spanish","article_modified_time":"2025-04-08T09:05:35+00:00","og_image":[{"url":"https:\/\/lindy.com\/de\/wp-content\/uploads\/sites\/3\/2024\/12\/Solar-Panels.png","type":"","width":"","height":""}],"twitter_card":"summary_large_image","twitter_misc":{"Tiempo de lectura":"4 minutos"},"schema":{"@context":"https:\/\/schema.org","@graph":[{"@type":"WebPage","@id":"https:\/\/lindy.com\/es\/csr-ma\/","url":"https:\/\/lindy.com\/es\/csr-ma\/","name":"CSR-MA - Lindy - Spanish","isPartOf":{"@id":"https:\/\/lindy.com\/es\/#website"},"primaryImageOfPage":{"@id":"https:\/\/lindy.com\/es\/csr-ma\/#primaryimage"},"image":{"@id":"https:\/\/lindy.com\/es\/csr-ma\/#primaryimage"},"thumbnailUrl":"https:\/\/lindy.com\/de\/wp-content\/uploads\/sites\/3\/2024\/12\/Solar-Panels.png","datePublished":"2025-04-03T15:42:26+00:00","dateModified":"2025-04-08T09:05:35+00:00","breadcrumb":{"@id":"https:\/\/lindy.com\/es\/csr-ma\/#breadcrumb"},"inLanguage":"es","potentialAction":[{"@type":"ReadAction","target":["https:\/\/lindy.com\/es\/csr-ma\/"]}]},{"@type":"ImageObject","inLanguage":"es","@id":"https:\/\/lindy.com\/es\/csr-ma\/#primaryimage","url":"https:\/\/lindy.com\/de\/wp-content\/uploads\/sites\/3\/2024\/12\/Solar-Panels.png","contentUrl":"https:\/\/lindy.com\/de\/wp-content\/uploads\/sites\/3\/2024\/12\/Solar-Panels.png"},{"@type":"BreadcrumbList","@id":"https:\/\/lindy.com\/es\/csr-ma\/#breadcrumb","itemListElement":[{"@type":"ListItem","position":1,"name":"Home","item":"https:\/\/lindy.com\/es\/"},{"@type":"ListItem","position":2,"name":"CSR-MA"}]},{"@type":"WebSite","@id":"https:\/\/lindy.com\/es\/#website","url":"https:\/\/lindy.com\/es\/","name":"Lindy - Spanish","description":"Connection Perfection","potentialAction":[{"@type":"SearchAction","target":{"@type":"EntryPoint","urlTemplate":"https:\/\/lindy.com\/es\/?s={search_term_string}"},"query-input":{"@type":"PropertyValueSpecification","valueRequired":true,"valueName":"search_term_string"}}],"inLanguage":"es"}]}},"_links":{"self":[{"href":"https:\/\/lindy.com\/es\/wp-json\/wp\/v2\/pages\/8075","targetHints":{"allow":["GET"]}}],"collection":[{"href":"https:\/\/lindy.com\/es\/wp-json\/wp\/v2\/pages"}],"about":[{"href":"https:\/\/lindy.com\/es\/wp-json\/wp\/v2\/types\/page"}],"author":[{"embeddable":true,"href":"https:\/\/lindy.com\/es\/wp-json\/wp\/v2\/users\/21"}],"replies":[{"embeddable":true,"href":"https:\/\/lindy.com\/es\/wp-json\/wp\/v2\/comments?post=8075"}],"version-history":[{"count":5,"href":"https:\/\/lindy.com\/es\/wp-json\/wp\/v2\/pages\/8075\/revisions"}],"predecessor-version":[{"id":8208,"href":"https:\/\/lindy.com\/es\/wp-json\/wp\/v2\/pages\/8075\/revisions\/8208"}],"wp:attachment":[{"href":"https:\/\/lindy.com\/es\/wp-json\/wp\/v2\/media?parent=8075"}],"curies":[{"name":"wp","href":"https:\/\/api.w.org\/{rel}","templated":true}]}}