{"id":8413,"date":"2025-06-10T08:12:09","date_gmt":"2025-06-10T08:12:09","guid":{"rendered":"https:\/\/lindy.com\/es\/?page_id=8413"},"modified":"2025-06-10T08:12:09","modified_gmt":"2025-06-10T08:12:09","slug":"etude-de-cas-dagri","status":"publish","type":"page","link":"https:\/\/lindy.com\/es\/etude-de-cas-dagri\/","title":{"rendered":"\u00c9TUDE DE CAS DAGRI"},"content":{"rendered":"\n<section class=\"wp-block-lindy-image-text-module section section--full-width-image full-width-image--with-text theme--dark section--animation-none align--center  font--size-large\" style=\"background-image:url(https:\/\/lindy.com\/fr\/wp-content\/uploads\/sites\/4\/2025\/05\/Header.png)\"><img decoding=\"async\" class=\"full-width-image__image\" src=\"https:\/\/lindy.com\/fr\/wp-content\/uploads\/sites\/4\/2025\/05\/Header.png\"\/><div class=\"contained\"><div class=\"full-width-image__content\"><h2 class=\"section__heading\"><span>FIABLE Y ASEQUIBLE<\/span><\/h2><h2 class=\"section__subheading section__subheading__title\">DONDE M\u00c1S IMPORTA<\/h2><\/div><\/div><\/section>\n\n\n\n<section class=\"wp-block-lindy-image-text-module section section--full-width-image full-width-image--with-text theme--light section--animation-none align--center font--camber font--size-medium\" style=\"background-image:url()\"><img decoding=\"async\" class=\"full-width-image__image\" src=\"\"\/><div class=\"contained\"><div class=\"full-width-image__content\"><h2 class=\"section__subheading section__subheading__title\">EL LATIDO DE LA AV QUIR\u00daRGICA, <br\/>IMPULSADO POR LINDY<\/h2><p class=\"section__paragraph\"><br\/>Brindar un rendimiento excepcional mientras se cumplen estrictos requisitos de costos fue esencial cuando Dagri Engineering se asoci\u00f3 con Lindy para soluciones de enrutamiento AV en el Medio Oriente, Asia y Sud\u00e1frica. Los conmutadores matriciales, extensores y productos de cableado asequibles de Lindy aseguraron que el cliente lograra plena capacidad, fiabilidad y eficiencia, demostrando que la rentabilidad no tiene por qu\u00e9 significar comprometer el resultado.<\/p><\/div><\/div><\/section>\n\n\n\n<section class=\"wp-block-lindy-image-text-module section section--full-width-image full-width-image--with-text theme--dark section--animation-none align--left  font--size-medium width--half\" style=\"background-image:url(https:\/\/lindy.com\/fr\/wp-content\/uploads\/sites\/4\/2025\/05\/Challence-720x360-1.png)\"><img decoding=\"async\" class=\"full-width-image__image\" src=\"https:\/\/lindy.com\/fr\/wp-content\/uploads\/sites\/4\/2025\/05\/Challence-720x360-1.png\"\/><div class=\"contained\"><div class=\"full-width-image__content\"><\/div><\/div><\/section>\n\n\n\n<section class=\"wp-block-lindy-image-text-module section section--full-width-image full-width-image--with-text theme--dark section--animation-none align--left  font--size-medium width--half\" style=\"background-image:url()\"><img decoding=\"async\" class=\"full-width-image__image\" src=\"\"\/><div class=\"contained\"><div class=\"full-width-image__content\"><h2 class=\"section__heading\"><span>EL DESAF\u00cdO<\/span><\/h2><p class=\"section__paragraph\"><br\/>Sin una soluci\u00f3n m\u00e1s asequible y flexible,<br\/>muchos hospitales y cl\u00ednicas m\u00e1s peque\u00f1os no<br\/>podr\u00edan implementar sistemas modernos de<br\/>enrutamiento AV debido a las limitaciones<br\/>presupuestarias. Los sistemas de gama alta<br\/>ten\u00edan precios fuera del alcance de muchas<br\/>instalaciones, lo que obstaculizaba la eficiencia<br\/>operativa y limitaba las capacidades de los flujos <br\/>de trabajo quir\u00fargicos modernos.<\/p><\/div><\/div><\/section>\n\n\n\n<section class=\"wp-block-lindy-key-info section section--key-info theme--light section--animation-none\"><div class=\"contained\"><div class=\"grid-2_sm-1-center\"><div class=\"col left_item\"><div class=\"box\"><h3 class=\"section__heading\">LA SOLUCI\u00d3N DE LINDY<\/h3><div class=\"section__content\"><p class=\"section__content\">Lindy proporcion\u00f3 sus conmutadores matriciales<br\/>AV de alto rendimiento, espec\u00edficamente los<br\/>modelos 8&#215;8 y 4&#215;4 4K, junto con extensores<br\/>compatibles y soluciones de cableado de alta<br\/>velocidad. Estos productos ofrecieron un sistema<br\/>de enrutamiento simple pero robusto para<br\/>gestionar las se\u00f1ales de video dentro y fuera de las<br\/>salas de operaciones. Esto proporcion\u00f3 una<br\/>soluci\u00f3n confiable y rentable que permiti\u00f3 a los<br\/>hospitales acceder a la \u00faltima tecnolog\u00eda sin<br\/>comprometer la calidad o el rendimiento.<\/p><\/div><\/div><\/div><div class=\"col right_item\"><div class=\"box\"><h3 class=\"section__heading\"><\/h3><div class=\"section__content\"><p class=\"section__content\"><br\/>Dagri realiz\u00f3 pruebas internas y demostraciones<br\/>en vivo en su sala de exposiciones antes de<br\/>proceder con las instalaciones en el mundo real.<br\/>Las soluciones de Lindy se implementaron con<br\/>\u00e9xito en entornos m\u00e9dicos, soportando el<br\/>enrutamiento de se\u00f1ales AV en las salas de<br\/>operaciones, grabando im\u00e1genes quir\u00fargicas<br\/>cr\u00edticas y transmitiendo video m\u00e1s all\u00e1 de la sala.<br\/>La implementaci\u00f3n ha demostrado ser tanto<br\/>confiable como eficiente en m\u00faltiples<br\/>ubicaciones.<\/p><\/div><\/div><\/div><\/div><\/div><\/section>\n\n\n\n<section class=\"wp-block-lindy-heading-text section section--heading-text theme--dark align--center  font--size-medium section--animation-none\"><div class=\"contained\"><h2 class=\"section__heading\"><span>PRODUCTOS DE USO FRECUENTE<\/span><\/h2><\/div><\/section>\n\n\n\n<section class=\"wp-block-lindy-image-text-module section section--full-width-image full-width-image--with-text theme--dark section--animation-none align--left  font--size-medium width--half\" style=\"background-image:url()\"><img decoding=\"async\" class=\"full-width-image__image\" src=\"\"\/><div class=\"contained\"><div class=\"full-width-image__content\"><p class=\"section__paragraph\"><strong>No. 38512 &#8211; Cable h\u00edbrido de fibra \u00f3ptica HDMI 8K60 20m<\/strong><br\/><br\/>Transmite video 8K60 sin comprimir a largas distancias sin p\u00e9rdida de se\u00f1al.<\/p><a href=\"https:\/\/www.lindy.eu\/20m-Fibre-Optic-Hybrid-HDMI-8K60-Cable.htm?websale8=ld0101.ld021102&amp;pi=38512&amp;ci=80\" class=\"button button--white-transparent\" target=\"_blank\" rel=\"noopener noreferrer\">VER M\u00c1S<\/a><\/div><\/div><\/section>\n\n\n\n<section class=\"wp-block-lindy-image-text-module section section--full-width-image full-width-image--with-text theme--dark section--animation-none align--left  font--size-medium width--half\" style=\"background-image:url(https:\/\/lindy.com\/fr\/wp-content\/uploads\/sites\/4\/2025\/05\/38512_HW.jpg)\"><img decoding=\"async\" class=\"full-width-image__image\" src=\"https:\/\/lindy.com\/fr\/wp-content\/uploads\/sites\/4\/2025\/05\/38512_HW.jpg\"\/><div class=\"contained\"><div class=\"full-width-image__content\"><\/div><\/div><\/section>\n\n\n\n<section class=\"wp-block-lindy-image-text-module section section--full-width-image full-width-image--with-text theme--dark section--animation-none align--left  font--size-medium width--half\" style=\"background-image:url(https:\/\/lindy.com\/fr\/wp-content\/uploads\/sites\/4\/2025\/05\/36474_HW.jpg)\"><img decoding=\"async\" class=\"full-width-image__image\" src=\"https:\/\/lindy.com\/fr\/wp-content\/uploads\/sites\/4\/2025\/05\/36474_HW.jpg\"\/><div class=\"contained\"><div class=\"full-width-image__content\"><\/div><\/div><\/section>\n\n\n\n<section class=\"wp-block-lindy-image-text-module section section--full-width-image full-width-image--with-text theme--light section--animation-none align--left  font--size-medium width--half\" style=\"background-image:url()\"><img decoding=\"async\" class=\"full-width-image__image\" src=\"\"\/><div class=\"contained\"><div class=\"full-width-image__content\"><p class=\"section__paragraph\"><strong>No. 36474 &#8211; Cable HDMI\u00ae High Speed, Black 5m<\/strong><br\/><br\/>Cable 4K 60Hz de triple blindado con contactos<br\/>chapados en oro.<\/p><a href=\"https:\/\/www.lindy.eu\/5m-High-Speed-HDMI-Cable-Black-Line.htm?websale8=ld0101.ld021102&amp;pi=36474&amp;ci=80\" class=\"button button--dark\" target=\"_blank\" rel=\"noopener noreferrer\">VER M\u00c1S<\/a><\/div><\/div><\/section>\n\n\n\n<section class=\"wp-block-lindy-image-text-module section section--full-width-image full-width-image--with-text theme--dark section--animation-none align--left  font--size-medium width--half\" style=\"background-image:url()\"><img decoding=\"async\" class=\"full-width-image__image\" src=\"\"\/><div class=\"contained\"><div class=\"full-width-image__content\"><p class=\"section__paragraph\"><strong>No. 38334 &#8211; Matriz 8&#215;8 HDMI\u00ae 4K60<\/strong><br\/><br\/>Cambia y enruta f\u00e1cilmente 8 fuentes HDMI\u00ae a 8 pantallas en impresionante 4K60 HDR.<\/p><a href=\"https:\/\/www.lindy.eu\/8x8-HDMI-4K60-Matrix.htm?websale8=ld0101.ld021102&amp;pi=38334&amp;ci=20\" class=\"button button--white-transparent\" target=\"_blank\" rel=\"noopener noreferrer\">VER M\u00c1S<\/a><\/div><\/div><\/section>\n\n\n\n<section class=\"wp-block-lindy-image-text-module section section--full-width-image full-width-image--with-text theme--dark section--animation-none align--left  font--size-medium width--half\" style=\"background-image:url(https:\/\/lindy.com\/fr\/wp-content\/uploads\/sites\/4\/2025\/05\/38334_HW.jpg)\"><img decoding=\"async\" class=\"full-width-image__image\" src=\"https:\/\/lindy.com\/fr\/wp-content\/uploads\/sites\/4\/2025\/05\/38334_HW.jpg\"\/><div class=\"contained\"><div class=\"full-width-image__content\"><\/div><\/div><\/section>\n\n\n\n<section class=\"wp-block-lindy-image-text-module section section--full-width-image full-width-image--with-text theme--dark section--animation-none align--left  font--size-medium width--half\" style=\"background-image:url(https:\/\/lindy.com\/fr\/wp-content\/uploads\/sites\/4\/2025\/05\/38170_HW.jpg)\"><img decoding=\"async\" class=\"full-width-image__image\" src=\"https:\/\/lindy.com\/fr\/wp-content\/uploads\/sites\/4\/2025\/05\/38170_HW.jpg\"\/><div class=\"contained\"><div class=\"full-width-image__content\"><\/div><\/div><\/section>\n\n\n\n<section class=\"wp-block-lindy-image-text-module section section--full-width-image full-width-image--with-text theme--light section--animation-none align--left  font--size-medium width--half\" style=\"background-image:url()\"><img decoding=\"async\" class=\"full-width-image__image\" src=\"\"\/><div class=\"contained\"><div class=\"full-width-image__content\"><p class=\"section__paragraph\"><strong>No. 38170 &#8211; Extensor HDMI\u00ae 4K30 Fibra \u00f3ptica 300m<\/strong><br\/><br\/>Transmite audio y video 4K utilizando un solo cable de fibra multimodo LC.<\/p><a href=\"https:\/\/www.lindy.eu\/300m-Fibre-Optic-HDMI-4K30-Extender.htm?websale8=ld0101.ld021102&amp;pi=38170&amp;ci=20\" class=\"button button--dark\" target=\"_blank\" rel=\"noopener noreferrer\">VER M\u00c1S<\/a><\/div><\/div><\/section>\n\n\n\n<section class=\"wp-block-lindy-parallax-hero section parallax-hero theme--dark align--right font--camber font--size-medium\" style=\"background-image:url(https:\/\/lindy.com\/fr\/wp-content\/uploads\/sites\/4\/2025\/05\/Banner-without-text.png)\"><div class=\"contained contained--full-width\"><div class=\"parallax-hero__content\"><div class=\"parallax-hero__content-wrapper align--right\"><h2 class=\"section__subheading section__subheading__title\">\u00abLos resultados hablan por s\u00ed mismos, hemos implementado los sistemas Lindy en decenas de salas de operaciones y los comentarios de los equipos m\u00e9dicos han sido abrumadoramente positivos.\u00bb<\/h2><p class=\"section__paragraph\"><br\/>Damjan Grill, Dagri Engineering, MD<\/p><\/div><\/div><\/div><\/section>\n\n\n\n<section class=\"wp-block-lindy-heading-text section section--heading-text theme--light align--center  font--size-medium section--animation-none\"><div class=\"contained\"><h2 class=\"section__heading\"><span>RESULTADOS Y BENEFICIOS<\/span><\/h2><\/div><\/section>\n\n\n\n<section class=\"wp-block-lindy-key-info section section--key-info theme--light section--animation-none\"><div class=\"contained\"><div class=\"grid-2_sm-1-center\"><div class=\"col left_item\"><div class=\"box\"><h3 class=\"section__heading\">Resultados Cuantitativos<\/h3><div class=\"section__content\"><p class=\"section__content\">M\u00e1s de 100 unidades de matriz desplegadas a nivel mundial, con instalaciones en 56 pa\u00edses<br\/><br\/>Dagri instala entre 150 y 200 unidades de integraci\u00f3n AV anualmente, muchas de ellas emparejadas con las soluciones de matriz de Lindy<br\/><br\/>En 2024, 20 instalaciones completas de salas de operaciones incluyeron cableado Lindy, lo que representa m\u00e1s de 200 cables HDMI\u00ae h\u00edbridos de fibra \u00f3pticaSISTEMA<\/p><\/div><\/div><\/div><div class=\"col right_item\"><div class=\"box\"><h3 class=\"section__heading\">Resultados Cualitativos<\/h3><div class=\"section__content\"><p class=\"section__content\">Logr\u00f3 un enrutamiento AV confiable y f\u00e1cil deusar en espacios quir\u00fargicos cr\u00edticos<br\/><br\/>Ofreci\u00f3 una soluci\u00f3n m\u00e1s rentable para cl\u00ednicas privadas y hospitales m\u00e1s peque\u00f1os en comparaci\u00f3n con alternativas de gama alta<br\/><br\/>Permiti\u00f3 flexibilidad en la integraci\u00f3n, soportando caracter\u00edsticas adicionales como transmisi\u00f3n en vivo y grabaci\u00f3n a trav\u00e9s de dispositivos de terceros<\/p><\/div><\/div><\/div><\/div><\/div><\/section>\n\n\n\n<section class=\"wp-block-lindy-parallax-hero section parallax-hero theme--light align--left  font--size-medium\" style=\"background-image:url(https:\/\/lindy.com\/es\/wp-content\/uploads\/sites\/7\/2025\/06\/ES_Dagri.png)\"><div class=\"contained contained--full-width\"><div class=\"parallax-hero__content\"><div class=\"parallax-hero__content-wrapper align--left\"><\/div><\/div><\/div><\/section>\n\n\n\n<section class=\"wp-block-lindy-heading-text section section--heading-text theme--light align--center  font--size-medium section--animation-none\"><div class=\"contained\"><h2 class=\"section__heading\"><span>CONCLUSIONES Y APRENDIZAJES<\/span><\/h2><\/div><\/section>\n\n\n\n<section class=\"wp-block-lindy-key-info section section--key-info theme--light section--animation-none\"><div class=\"contained\"><div class=\"grid-2_sm-1-center\"><div class=\"col left_item\"><div class=\"box\"><h3 class=\"section__heading\">\u00c9xito del Proyecto<\/h3><div class=\"section__content\"><p class=\"section__content\">La asociaci\u00f3n con Lindy permiti\u00f3 al clienteaumentar el acceso a tecnolog\u00eda AV avanzada enregiones con restricciones financieras, ayudando amodernizar las pr\u00e1cticas quir\u00fargicas y mejorar laatenci\u00f3n al paciente. La naturaleza escalable yconfiable de las soluciones de Lindy haestablecido a la empresa como un socio valioso ya largo plazo en el campo de la integraci\u00f3nm\u00e9dica.<\/p><\/div><\/div><\/div><div class=\"col right_item\"><div class=\"box\"><h3 class=\"section__heading\">Panorama de la industria<\/h3><div class=\"section__content\"><p class=\"section__content\">Este estudio de caso, respaldado por una serie deimplementaciones exitosas y comentariospositivos de los clientes, destaca la capacidad deLindy para ofrecer productos AV avanzados,confiables y de alto rendimiento para sectoresaltamente especializados como la atenci\u00f3nm\u00e9dica, donde la fiabilidad y la asequibilidad sonfundamentales.<\/p><\/div><\/div><\/div><\/div><\/div><\/section>\n\n\n\n<section class=\"wp-block-lindy-image-text-module section section--full-width-image full-width-image--with-text theme--dark section--animation-none align--left  font--size-medium width--half\" style=\"background-image:url(https:\/\/lindy.com\/fr\/wp-content\/uploads\/sites\/4\/2025\/05\/Mock-up-case-sudy-2-1.jpg)\"><img decoding=\"async\" class=\"full-width-image__image\" src=\"https:\/\/lindy.com\/fr\/wp-content\/uploads\/sites\/4\/2025\/05\/Mock-up-case-sudy-2-1.jpg\"\/><div class=\"contained\"><div class=\"full-width-image__content\"><\/div><\/div><\/section>\n\n\n\n<section class=\"wp-block-lindy-image-text-module section section--full-width-image full-width-image--with-text theme--dark section--animation-none align--center  font--size-small width--half\" style=\"background-image:url()\"><img decoding=\"async\" class=\"full-width-image__image\" src=\"\"\/><div class=\"contained\"><div class=\"full-width-image__content\"><h2 class=\"section__subheading section__subheading__title\">\u00bfLe ha parecido interesante este caso de \u00e9xito? <\/h2><p class=\"section__paragraph\"><br\/><strong><strong><strong><strong>Gu\u00e1rdelo con un s\u00f3lo clic<\/strong><\/strong><\/strong><\/strong><\/p><a href=\"https:\/\/lindy.com\/es\/wp-content\/uploads\/sites\/7\/2025\/05\/Lindy-x-Dagri-Case-Study-ES.pdf\" class=\"button button--white-transparent\" target=\"_blank\" rel=\"noopener noreferrer\">\ud83d\udce5 Descargue la versi\u00f3n PDF<\/a><\/div><\/div><\/section>\n","protected":false},"excerpt":{"rendered":"","protected":false},"author":28,"featured_media":0,"parent":0,"menu_order":0,"comment_status":"closed","ping_status":"closed","template":"page-templates\/template-landing.php","meta":{"_acf_changed":false,"footnotes":""},"class_list":["post-8413","page","type-page","status-publish","hentry"],"acf":[],"yoast_head":"<!-- This site is optimized with the Yoast SEO plugin v26.6 - https:\/\/yoast.com\/wordpress\/plugins\/seo\/ -->\n<title>\u00c9TUDE DE CAS DAGRI - Lindy - Spanish<\/title>\n<meta name=\"robots\" content=\"index, follow, max-snippet:-1, max-image-preview:large, max-video-preview:-1\" \/>\n<link rel=\"canonical\" href=\"https:\/\/lindy.com\/es\/etude-de-cas-dagri\/\" \/>\n<meta property=\"og:locale\" content=\"es_ES\" \/>\n<meta property=\"og:type\" content=\"article\" \/>\n<meta property=\"og:title\" content=\"\u00c9TUDE DE CAS DAGRI - Lindy - Spanish\" \/>\n<meta property=\"og:url\" content=\"https:\/\/lindy.com\/es\/etude-de-cas-dagri\/\" \/>\n<meta property=\"og:site_name\" content=\"Lindy - Spanish\" \/>\n<meta property=\"og:image\" content=\"https:\/\/lindy.com\/fr\/wp-content\/uploads\/sites\/4\/2025\/05\/Header.png\" \/>\n<meta name=\"twitter:card\" content=\"summary_large_image\" \/>\n<script type=\"application\/ld+json\" class=\"yoast-schema-graph\">{\"@context\":\"https:\/\/schema.org\",\"@graph\":[{\"@type\":\"WebPage\",\"@id\":\"https:\/\/lindy.com\/es\/etude-de-cas-dagri\/\",\"url\":\"https:\/\/lindy.com\/es\/etude-de-cas-dagri\/\",\"name\":\"\u00c9TUDE DE CAS DAGRI - Lindy - Spanish\",\"isPartOf\":{\"@id\":\"https:\/\/lindy.com\/es\/#website\"},\"primaryImageOfPage\":{\"@id\":\"https:\/\/lindy.com\/es\/etude-de-cas-dagri\/#primaryimage\"},\"image\":{\"@id\":\"https:\/\/lindy.com\/es\/etude-de-cas-dagri\/#primaryimage\"},\"thumbnailUrl\":\"https:\/\/lindy.com\/fr\/wp-content\/uploads\/sites\/4\/2025\/05\/Header.png\",\"datePublished\":\"2025-06-10T08:12:09+00:00\",\"breadcrumb\":{\"@id\":\"https:\/\/lindy.com\/es\/etude-de-cas-dagri\/#breadcrumb\"},\"inLanguage\":\"es\",\"potentialAction\":[{\"@type\":\"ReadAction\",\"target\":[\"https:\/\/lindy.com\/es\/etude-de-cas-dagri\/\"]}]},{\"@type\":\"ImageObject\",\"inLanguage\":\"es\",\"@id\":\"https:\/\/lindy.com\/es\/etude-de-cas-dagri\/#primaryimage\",\"url\":\"https:\/\/lindy.com\/fr\/wp-content\/uploads\/sites\/4\/2025\/05\/Header.png\",\"contentUrl\":\"https:\/\/lindy.com\/fr\/wp-content\/uploads\/sites\/4\/2025\/05\/Header.png\"},{\"@type\":\"BreadcrumbList\",\"@id\":\"https:\/\/lindy.com\/es\/etude-de-cas-dagri\/#breadcrumb\",\"itemListElement\":[{\"@type\":\"ListItem\",\"position\":1,\"name\":\"Home\",\"item\":\"https:\/\/lindy.com\/es\/\"},{\"@type\":\"ListItem\",\"position\":2,\"name\":\"\u00c9TUDE DE CAS DAGRI\"}]},{\"@type\":\"WebSite\",\"@id\":\"https:\/\/lindy.com\/es\/#website\",\"url\":\"https:\/\/lindy.com\/es\/\",\"name\":\"Lindy - Spanish\",\"description\":\"Connection Perfection\",\"potentialAction\":[{\"@type\":\"SearchAction\",\"target\":{\"@type\":\"EntryPoint\",\"urlTemplate\":\"https:\/\/lindy.com\/es\/?s={search_term_string}\"},\"query-input\":{\"@type\":\"PropertyValueSpecification\",\"valueRequired\":true,\"valueName\":\"search_term_string\"}}],\"inLanguage\":\"es\"}]}<\/script>\n<!-- \/ Yoast SEO plugin. -->","yoast_head_json":{"title":"\u00c9TUDE DE CAS DAGRI - Lindy - Spanish","robots":{"index":"index","follow":"follow","max-snippet":"max-snippet:-1","max-image-preview":"max-image-preview:large","max-video-preview":"max-video-preview:-1"},"canonical":"https:\/\/lindy.com\/es\/etude-de-cas-dagri\/","og_locale":"es_ES","og_type":"article","og_title":"\u00c9TUDE DE CAS DAGRI - Lindy - Spanish","og_url":"https:\/\/lindy.com\/es\/etude-de-cas-dagri\/","og_site_name":"Lindy - Spanish","og_image":[{"url":"https:\/\/lindy.com\/fr\/wp-content\/uploads\/sites\/4\/2025\/05\/Header.png","type":"","width":"","height":""}],"twitter_card":"summary_large_image","schema":{"@context":"https:\/\/schema.org","@graph":[{"@type":"WebPage","@id":"https:\/\/lindy.com\/es\/etude-de-cas-dagri\/","url":"https:\/\/lindy.com\/es\/etude-de-cas-dagri\/","name":"\u00c9TUDE DE CAS DAGRI - Lindy - Spanish","isPartOf":{"@id":"https:\/\/lindy.com\/es\/#website"},"primaryImageOfPage":{"@id":"https:\/\/lindy.com\/es\/etude-de-cas-dagri\/#primaryimage"},"image":{"@id":"https:\/\/lindy.com\/es\/etude-de-cas-dagri\/#primaryimage"},"thumbnailUrl":"https:\/\/lindy.com\/fr\/wp-content\/uploads\/sites\/4\/2025\/05\/Header.png","datePublished":"2025-06-10T08:12:09+00:00","breadcrumb":{"@id":"https:\/\/lindy.com\/es\/etude-de-cas-dagri\/#breadcrumb"},"inLanguage":"es","potentialAction":[{"@type":"ReadAction","target":["https:\/\/lindy.com\/es\/etude-de-cas-dagri\/"]}]},{"@type":"ImageObject","inLanguage":"es","@id":"https:\/\/lindy.com\/es\/etude-de-cas-dagri\/#primaryimage","url":"https:\/\/lindy.com\/fr\/wp-content\/uploads\/sites\/4\/2025\/05\/Header.png","contentUrl":"https:\/\/lindy.com\/fr\/wp-content\/uploads\/sites\/4\/2025\/05\/Header.png"},{"@type":"BreadcrumbList","@id":"https:\/\/lindy.com\/es\/etude-de-cas-dagri\/#breadcrumb","itemListElement":[{"@type":"ListItem","position":1,"name":"Home","item":"https:\/\/lindy.com\/es\/"},{"@type":"ListItem","position":2,"name":"\u00c9TUDE DE CAS DAGRI"}]},{"@type":"WebSite","@id":"https:\/\/lindy.com\/es\/#website","url":"https:\/\/lindy.com\/es\/","name":"Lindy - Spanish","description":"Connection Perfection","potentialAction":[{"@type":"SearchAction","target":{"@type":"EntryPoint","urlTemplate":"https:\/\/lindy.com\/es\/?s={search_term_string}"},"query-input":{"@type":"PropertyValueSpecification","valueRequired":true,"valueName":"search_term_string"}}],"inLanguage":"es"}]}},"_links":{"self":[{"href":"https:\/\/lindy.com\/es\/wp-json\/wp\/v2\/pages\/8413","targetHints":{"allow":["GET"]}}],"collection":[{"href":"https:\/\/lindy.com\/es\/wp-json\/wp\/v2\/pages"}],"about":[{"href":"https:\/\/lindy.com\/es\/wp-json\/wp\/v2\/types\/page"}],"author":[{"embeddable":true,"href":"https:\/\/lindy.com\/es\/wp-json\/wp\/v2\/users\/28"}],"replies":[{"embeddable":true,"href":"https:\/\/lindy.com\/es\/wp-json\/wp\/v2\/comments?post=8413"}],"version-history":[{"count":17,"href":"https:\/\/lindy.com\/es\/wp-json\/wp\/v2\/pages\/8413\/revisions"}],"predecessor-version":[{"id":8524,"href":"https:\/\/lindy.com\/es\/wp-json\/wp\/v2\/pages\/8413\/revisions\/8524"}],"wp:attachment":[{"href":"https:\/\/lindy.com\/es\/wp-json\/wp\/v2\/media?parent=8413"}],"curies":[{"name":"wp","href":"https:\/\/api.w.org\/{rel}","templated":true}]}}