{"id":8488,"date":"2025-06-10T08:15:40","date_gmt":"2025-06-10T08:15:40","guid":{"rendered":"https:\/\/lindy.com\/es\/?page_id=8488"},"modified":"2025-07-21T07:20:28","modified_gmt":"2025-07-21T07:20:28","slug":"case-study-sovcomm","status":"publish","type":"page","link":"https:\/\/lindy.com\/es\/case-study-sovcomm\/","title":{"rendered":"CASE STUDY SOVCOMM"},"content":{"rendered":"\n<section class=\"wp-block-lindy-image-text-module section section--full-width-image full-width-image--with-text theme--dark section--animation-none align--center  font--size-large\" style=\"background-image:url(https:\/\/lindy.com\/fr\/wp-content\/uploads\/sites\/4\/2025\/04\/Header-1.png)\"><img decoding=\"async\" class=\"full-width-image__image\" src=\"https:\/\/lindy.com\/fr\/wp-content\/uploads\/sites\/4\/2025\/04\/Header-1.png\"\/><div class=\"contained\"><div class=\"full-width-image__content\"><h2 class=\"section__heading\"><span>INTEGRACI\u00d3N PERFECTA<\/span><\/h2><h2 class=\"section__subheading section__subheading__title\">EDUCACI\u00d3N M\u00c1S INTELIGENTE<\/h2><p class=\"section__paragraph\"><br\/>DESDE EL EQUIPAMIENTO HASTA LAS AULAS PREPARADAS PARA EL FUTURO<\/p><\/div><\/div><\/section>\n\n\n\n<section class=\"wp-block-lindy-image-text-module section section--full-width-image full-width-image--with-text theme--light section--animation-none align--center font--camber font--size-medium\" style=\"background-image:url()\"><img decoding=\"async\" class=\"full-width-image__image\" src=\"\"\/><div class=\"contained\"><div class=\"full-width-image__content\"><h2 class=\"section__subheading section__subheading__title\">SALAS INNOVADORAS, PENSAMIENTO CONECTADO<\/h2><p class=\"section__paragraph\"><br\/>SovComm, un contratista comercial bien establecido especializado en tabiques, techos y proyectos de acondicionamiento, operaba tradicionalmente en sectores como farmacia, defensa y la construcci\u00f3n general. Sin embargo, la creciente demanda de soluciones AV integradas en el \u00e1mbito educativo present\u00f3 una nueva oportunidad. Al asociarse con Lindy, Sovereign Commercial logr\u00f3 expandirse con \u00e9xito al sector AV, proporcionando entornos avanzados de aprendizaje remoto para instituciones educativas.<\/p><\/div><\/div><\/section>\n\n\n\n<section class=\"wp-block-lindy-image-text-module section section--full-width-image full-width-image--with-text theme--dark section--animation-none align--left  font--size-medium width--half\" style=\"background-image:url(https:\/\/lindy.com\/fr\/wp-content\/uploads\/sites\/4\/2025\/05\/Schulung-FW.jpg)\"><img decoding=\"async\" class=\"full-width-image__image\" src=\"https:\/\/lindy.com\/fr\/wp-content\/uploads\/sites\/4\/2025\/05\/Schulung-FW.jpg\"\/><div class=\"contained\"><div class=\"full-width-image__content\"><\/div><\/div><\/section>\n\n\n\n<section class=\"wp-block-lindy-image-text-module section section--full-width-image full-width-image--with-text theme--dark section--animation-none align--left  font--size-medium width--half\" style=\"background-image:url()\"><img decoding=\"async\" class=\"full-width-image__image\" src=\"\"\/><div class=\"contained\"><div class=\"full-width-image__content\"><h2 class=\"section__heading\"><span>EL DESAF\u00cdO<\/span><\/h2><p class=\"section__paragraph\"><br\/>Un instituto t\u00e9cnico en Hastings enfrentaba<br\/>dificultades para contratar profesores<br\/>especializados en diversas materias en varios<br\/>campus. Sin una soluci\u00f3n AV confiable, les<br\/>resultaba complicado ofrecer igualdad de<br\/>oportunidades de aprendizaje para todos los<br\/>estudiantes, lo que limitaba el acceso a una<br\/>ense\u00f1anza experta.<\/p><\/div><\/div><\/section>\n\n\n\n<section class=\"wp-block-lindy-image-text-module section section--full-width-image full-width-image--with-text theme--light section--animation-none align--left  font--size-medium width--half\" style=\"background-image:url()\"><img decoding=\"async\" class=\"full-width-image__image\" src=\"\"\/><div class=\"contained\"><div class=\"full-width-image__content\"><h2 class=\"section__heading\"><span>LA SOLUCI\u00d3N DE LINDY<\/span><\/h2><p class=\"section__paragraph\"><br\/>La tecnolog\u00eda AV de Lindy permiti\u00f3 a SovComm ir m\u00e1s all\u00e1 de los servicios de construcci\u00f3n tradicionales, ofreciendo una integraci\u00f3n AV completa en 12 aulas. Aplicando su experiencia en construcci\u00f3n, SovComm transform\u00f3 los espacios de aprendizaje con videowalls de gran formato (3,5 m x 2,1 m) dise\u00f1adas para una ense\u00f1anza remota impactante, y pantallas interactivas de 98 pulgadas para aumentar la participaci\u00f3n estudiantil y la interacci\u00f3n en tiempo real. <br\/>Las soluciones de conectividad estandarizadas de Lindy garantizaron un funcionamiento fiable y f\u00e1cil de usar, mientras que la integraci\u00f3n fluida con Microsoft Teams permiti\u00f3 a los docentes adaptarse r\u00e1pidamente al sistema, creando entornos de aprendizaje din\u00e1micos y conectados en varios campus.<\/p><\/div><\/div><\/section>\n\n\n\n<section class=\"wp-block-lindy-image-text-module section section--full-width-image full-width-image--with-text theme--light section--animation-none align--left  font--size-medium width--half\" style=\"background-image:url(https:\/\/lindy.com\/fr\/wp-content\/uploads\/sites\/4\/2025\/04\/AV-Extender-Range_without-backrgound.png)\"><img decoding=\"async\" class=\"full-width-image__image\" src=\"https:\/\/lindy.com\/fr\/wp-content\/uploads\/sites\/4\/2025\/04\/AV-Extender-Range_without-backrgound.png\"\/><div class=\"contained\"><div class=\"full-width-image__content\"><\/div><\/div><\/section>\n\n\n\n<section class=\"wp-block-lindy-heading-text section section--heading-text theme--dark align--center  font--size-medium section--animation-none\"><div class=\"contained\"><h2 class=\"section__heading\"><span><br\/>PRODUCTOS DE USO FRECUENTE<br\/><\/span><\/h2><h2 class=\"section__subheading section__subheading__title\"><br\/><\/h2><\/div><\/section>\n\n\n\n<section class=\"wp-block-lindy-image-text-module section section--full-width-image full-width-image--with-text theme--dark section--animation-none align--left  font--size-medium width--half\" style=\"background-image:url()\"><img decoding=\"async\" class=\"full-width-image__image\" src=\"\"\/><div class=\"contained\"><div class=\"full-width-image__content\"><p class=\"section__paragraph\"><strong>No. 36967 &#8211; Cable HDMI\u00ae, Anthra Line, 10m<\/strong><br\/><br\/>Ofrece una transmisi\u00f3n de se\u00f1al 4K fiable para<br\/>configuraciones AV profesionales y de larga distancia.<\/p><a href=\"https:\/\/www.lindy.eu\/10m-Standard-HDMI-Cable-Anthra-Line.htm?websale8=ld0101.ld021102&amp;pi=36967&amp;ci=80\" class=\"button button--white-transparent\" target=\"_blank\" rel=\"noopener noreferrer\">VER M\u00c1S<\/a><\/div><\/div><\/section>\n\n\n\n<section class=\"wp-block-lindy-image-text-module section section--full-width-image full-width-image--with-text theme--dark section--animation-none align--left  font--size-medium width--half\" style=\"background-image:url(https:\/\/lindy.com\/fr\/wp-content\/uploads\/sites\/4\/2025\/05\/36966_HW.jpg)\"><img decoding=\"async\" class=\"full-width-image__image\" src=\"https:\/\/lindy.com\/fr\/wp-content\/uploads\/sites\/4\/2025\/05\/36966_HW.jpg\"\/><div class=\"contained\"><div class=\"full-width-image__content\"><\/div><\/div><\/section>\n\n\n\n<section class=\"wp-block-lindy-image-text-module section section--full-width-image full-width-image--with-text theme--light section--animation-none align--left  font--size-medium width--half\" style=\"background-image:url(https:\/\/lindy.com\/fr\/wp-content\/uploads\/sites\/4\/2025\/05\/43322_HW.jpg)\"><img decoding=\"async\" class=\"full-width-image__image\" src=\"https:\/\/lindy.com\/fr\/wp-content\/uploads\/sites\/4\/2025\/05\/43322_HW.jpg\"\/><div class=\"contained\"><div class=\"full-width-image__content\"><\/div><\/div><\/section>\n\n\n\n<section class=\"wp-block-lindy-image-text-module section section--full-width-image full-width-image--with-text theme--light section--animation-none align--left  font--size-medium width--half\" style=\"background-image:url()\"><img decoding=\"async\" class=\"full-width-image__image\" src=\"\"\/><div class=\"contained\"><div class=\"full-width-image__content\"><p class=\"section__paragraph\"><strong>No. 43322 &#8211; Extensi\u00f3n activa USB 3.0 Slim, 15m<\/strong><br\/><br\/>Extiende tu conexi\u00f3n USB 3.0 hasta 15 metros<br\/>con un rendimiento de alta velocidad.<\/p><a href=\"https:\/\/www.lindy.eu\/15m-USB-3-0-Active-Extension-Slim.htm?websale8=ld0101.ld021102&amp;pi=43322&amp;ci=50\" class=\"button button--dark\" target=\"_blank\" rel=\"noopener noreferrer\">VER M\u00c1S<\/a><\/div><\/div><\/section>\n\n\n\n<section class=\"wp-block-lindy-image-text-module section section--full-width-image full-width-image--with-text theme--dark section--animation-none align--left  font--size-medium width--half\" style=\"background-image:url()\"><img decoding=\"async\" class=\"full-width-image__image\" src=\"\"\/><div class=\"contained\"><div class=\"full-width-image__content\"><p class=\"section__paragraph\"><br\/><strong>No. 38385 &#8211; Extensor\/divisor HDMI\u00ae Cat.6,70m<\/strong><br\/><br\/>Extiende HDMI 4K60 e IR hasta 70 m a trav\u00e9s de Cat.6 con salidas dobles.<br\/><br\/><\/p><a href=\"https:\/\/www.lindy.eu\/70m-Cat-6-2-Port-HDMI-4K60-IR-Splitter-Extender.htm?websale8=ld0101.ld021102&amp;pi=38385&amp;ci=10\" class=\"button button--white-transparent\" target=\"_blank\" rel=\"noopener noreferrer\">VER M\u00c1S<\/a><\/div><\/div><\/section>\n\n\n\n<section class=\"wp-block-lindy-image-text-module section section--full-width-image full-width-image--with-text theme--dark section--animation-none align--left  font--size-medium width--half\" style=\"background-image:url(https:\/\/lindy.com\/fr\/wp-content\/uploads\/sites\/4\/2025\/05\/38385_HW.jpg)\"><img decoding=\"async\" class=\"full-width-image__image\" src=\"https:\/\/lindy.com\/fr\/wp-content\/uploads\/sites\/4\/2025\/05\/38385_HW.jpg\"\/><div class=\"contained\"><div class=\"full-width-image__content\"><\/div><\/div><\/section>\n\n\n\n<section class=\"wp-block-lindy-image-text-module section section--full-width-image full-width-image--with-text theme--light section--animation-none align--left  font--size-medium width--half\" style=\"background-image:url(https:\/\/lindy.com\/fr\/wp-content\/uploads\/sites\/4\/2025\/05\/38261_HW.jpg)\"><img decoding=\"async\" class=\"full-width-image__image\" src=\"https:\/\/lindy.com\/fr\/wp-content\/uploads\/sites\/4\/2025\/05\/38261_HW.jpg\"\/><div class=\"contained\"><div class=\"full-width-image__content\"><\/div><\/div><\/section>\n\n\n\n<section class=\"wp-block-lindy-image-text-module section section--full-width-image full-width-image--with-text theme--light section--animation-none align--left  font--size-medium width--half\" style=\"background-image:url()\"><img decoding=\"async\" class=\"full-width-image__image\" src=\"\"\/><div class=\"contained\"><div class=\"full-width-image__content\"><p class=\"section__paragraph\"><strong>No. 38261 &#8211; Escalador de Video Wall de 9<\/strong> <strong>puertos HDMI\u00ae<\/strong><br\/><br\/>Crea videowalls con un escalador HDMI\u00ae de<br\/>9 puertos para pantallas m\u00faltiples.<\/p><a href=\"https:\/\/www.lindy.eu\/9-Port-HDMI-Video-Wall-Scaler.htm?websale8=ld0101.ld021102&amp;pi=38261&amp;ci=20\" class=\"button button--dark\" target=\"_blank\" rel=\"noopener noreferrer\">VER M\u00c1S<\/a><\/div><\/div><\/section>\n\n\n\n<section class=\"wp-block-lindy-parallax-hero section parallax-hero theme--dark align--left font--camber font--size-medium\" style=\"background-image:url(https:\/\/lindy.com\/fr\/wp-content\/uploads\/sites\/4\/2025\/04\/Backgroung-quote.png)\"><div class=\"contained contained--full-width\"><div class=\"parallax-hero__content\"><div class=\"parallax-hero__content-wrapper align--left\"><h2 class=\"section__subheading section__subheading__title\">\u201cLas soluciones audiovisuales de Lindy abrieron la puerta a Sovcomm para expandirse m\u00e1s all\u00e1 del entorno de la construcci\u00f3n, creando espacios de aprendizaje preparados para el futuro y desbloqueando un nuevo potencial empresarial.\u201d<\/h2><p class=\"section__paragraph\"><br\/>Matthew Roberts, SovComm, Director Comercial<\/p><\/div><\/div><\/div><\/section>\n\n\n\n<section class=\"wp-block-lindy-heading-text section section--heading-text theme--light align--center  font--size-medium section--animation-none\"><div class=\"contained\"><h2 class=\"section__heading\"><span>RESULTADOS Y BENEFICIOS<\/span><\/h2><\/div><\/section>\n\n\n\n<section class=\"wp-block-lindy-key-info section section--key-info theme--light section--animation-none\"><div class=\"contained\"><div class=\"grid-2_sm-1-center\"><div class=\"col left_item\"><div class=\"box\"><h3 class=\"section__heading\">Resultados Cuantitativos<\/h3><div class=\"section__content\"><p class=\"section__content\">Aumento de alrededor del 40% en la participaci\u00f3n estudiantil debido a las mejores capacidades de aprendizaje remoto <br\/><br\/>Hasta 100 estudiantes conectados simult\u00e1neamente en varios campus <br\/><br\/>12 aulas completamente equipadas con AV, abriendo puertas para futuras expansiones<\/p><\/div><\/div><\/div><div class=\"col right_item\"><div class=\"box\"><h3 class=\"section__heading\">Resultados Cualitativos<\/h3><div class=\"section__content\"><p class=\"section__content\">Acceso equitativo a educadores especializadosen diferentes campus <br\/><br\/>Un sistema AV fiable y escalable que requiere un mantenimiento t\u00e9cnico m\u00ednimo <br\/><br\/>Una oferta de servicios ampliada para SovComm, lo que permite futuros proyectos AVen educaci\u00f3n y m\u00e1s all\u00e1<\/p><\/div><\/div><\/div><\/div><\/div><\/section>\n\n\n\n<section class=\"wp-block-lindy-parallax-hero section parallax-hero theme--light align--left  font--size-medium\" style=\"background-image:url(https:\/\/lindy.com\/es\/wp-content\/uploads\/sites\/7\/2025\/06\/ES_SovComm.png)\"><div class=\"contained contained--full-width\"><div class=\"parallax-hero__content\"><div class=\"parallax-hero__content-wrapper align--left\"><\/div><\/div><\/div><\/section>\n\n\n\n<section class=\"wp-block-lindy-heading-text section section--heading-text theme--light align--center  font--size-medium section--animation-none\"><div class=\"contained\"><h2 class=\"section__heading\"><span>CONCLUSIONES Y APRENDIZAJES<\/span><\/h2><\/div><\/section>\n\n\n\n<section class=\"wp-block-lindy-key-info section section--key-info theme--light section--animation-none\"><div class=\"contained\"><div class=\"grid-2_sm-1-center\"><div class=\"col left_item\"><div class=\"box\"><h3 class=\"section__heading\">\u00c9xito del Proyecto<\/h3><div class=\"section__content\"><p class=\"section__content\">Las soluciones AV de Lindy respondieron a las necesidades de aprendizaje remoto del instituto y permitieron a SovComm explorar nuevas oportunidades m\u00e1s all\u00e1 de su negocio principal de construcci\u00f3n. Este \u00e9xito destaca c\u00f3mo los contratistas pueden ampliar su oferta con soluciones AV de alta calidad.<\/p><\/div><\/div><\/div><div class=\"col right_item\"><div class=\"box\"><h3 class=\"section__heading\">Panorama de la industria<\/h3><div class=\"section__content\"><p class=\"section__content\">La expansi\u00f3n de SovComm hacia el sector AV demuestra c\u00f3mo la tecnolog\u00eda fiable y f\u00e1cil de integrar de Lindy puede abrir nuevas oportunidades de negocio. Al adoptar soluciones AV, SovComm ahora ofrece servicios integrales de renovaci\u00f3n de aulas, posicion\u00e1ndose como un proveedor de soluciones todo en uno para instituciones educativas.<\/p><\/div><\/div><\/div><\/div><\/div><\/section>\n\n\n\n<section class=\"wp-block-lindy-image-text-module section section--full-width-image full-width-image--with-text theme--dark section--animation-none align--left  font--size-medium width--half\" style=\"background-image:url(https:\/\/lindy.com\/eu\/wp-content\/uploads\/sites\/10\/2025\/05\/Mock-up-case-sudy-SovComm.jpg)\"><img decoding=\"async\" class=\"full-width-image__image\" src=\"https:\/\/lindy.com\/eu\/wp-content\/uploads\/sites\/10\/2025\/05\/Mock-up-case-sudy-SovComm.jpg\"\/><div class=\"contained\"><div class=\"full-width-image__content\"><\/div><\/div><\/section>\n\n\n\n<section class=\"wp-block-lindy-image-text-module section section--full-width-image full-width-image--with-text theme--dark section--animation-none align--center  font--size-small width--half\" style=\"background-image:url()\"><img decoding=\"async\" class=\"full-width-image__image\" src=\"\"\/><div class=\"contained\"><div class=\"full-width-image__content\"><h2 class=\"section__subheading section__subheading__title\">\u00bfLe ha parecido interesante este caso de \u00e9xito?<\/h2><p class=\"section__paragraph\"><br\/><strong><strong><strong>Gu\u00e1rdelo con un s\u00f3lo clic<\/strong><\/strong><\/strong><\/p><a href=\"https:\/\/lindy.com\/es\/wp-content\/uploads\/sites\/7\/2025\/06\/Lindy-x-SovComm-Case-Study-ES.pdf\" class=\"button button--white-transparent\" target=\"_blank\" rel=\"noopener noreferrer\">\ud83d\udce5 Descargue la versi\u00f3n PDF<\/a><\/div><\/div><\/section>\n","protected":false},"excerpt":{"rendered":"","protected":false},"author":28,"featured_media":0,"parent":0,"menu_order":0,"comment_status":"closed","ping_status":"closed","template":"page-templates\/template-landing.php","meta":{"_acf_changed":false,"footnotes":""},"class_list":["post-8488","page","type-page","status-publish","hentry"],"acf":[],"yoast_head":"<!-- This site is optimized with the Yoast SEO plugin v26.6 - https:\/\/yoast.com\/wordpress\/plugins\/seo\/ -->\n<title>CASE STUDY SOVCOMM - Lindy - Spanish<\/title>\n<meta name=\"robots\" content=\"index, follow, max-snippet:-1, max-image-preview:large, max-video-preview:-1\" \/>\n<link rel=\"canonical\" href=\"https:\/\/lindy.com\/es\/case-study-sovcomm\/\" \/>\n<meta property=\"og:locale\" content=\"es_ES\" \/>\n<meta property=\"og:type\" content=\"article\" \/>\n<meta property=\"og:title\" content=\"CASE STUDY SOVCOMM - Lindy - Spanish\" \/>\n<meta property=\"og:url\" content=\"https:\/\/lindy.com\/es\/case-study-sovcomm\/\" \/>\n<meta property=\"og:site_name\" content=\"Lindy - Spanish\" \/>\n<meta property=\"article:modified_time\" content=\"2025-07-21T07:20:28+00:00\" \/>\n<meta property=\"og:image\" content=\"https:\/\/lindy.com\/fr\/wp-content\/uploads\/sites\/4\/2025\/04\/Header-1.png\" \/>\n<meta name=\"twitter:card\" content=\"summary_large_image\" \/>\n<meta name=\"twitter:label1\" content=\"Tiempo de lectura\" \/>\n\t<meta name=\"twitter:data1\" content=\"6 minutos\" \/>\n<script type=\"application\/ld+json\" class=\"yoast-schema-graph\">{\"@context\":\"https:\/\/schema.org\",\"@graph\":[{\"@type\":\"WebPage\",\"@id\":\"https:\/\/lindy.com\/es\/case-study-sovcomm\/\",\"url\":\"https:\/\/lindy.com\/es\/case-study-sovcomm\/\",\"name\":\"CASE STUDY SOVCOMM - Lindy - Spanish\",\"isPartOf\":{\"@id\":\"https:\/\/lindy.com\/es\/#website\"},\"primaryImageOfPage\":{\"@id\":\"https:\/\/lindy.com\/es\/case-study-sovcomm\/#primaryimage\"},\"image\":{\"@id\":\"https:\/\/lindy.com\/es\/case-study-sovcomm\/#primaryimage\"},\"thumbnailUrl\":\"https:\/\/lindy.com\/fr\/wp-content\/uploads\/sites\/4\/2025\/04\/Header-1.png\",\"datePublished\":\"2025-06-10T08:15:40+00:00\",\"dateModified\":\"2025-07-21T07:20:28+00:00\",\"breadcrumb\":{\"@id\":\"https:\/\/lindy.com\/es\/case-study-sovcomm\/#breadcrumb\"},\"inLanguage\":\"es\",\"potentialAction\":[{\"@type\":\"ReadAction\",\"target\":[\"https:\/\/lindy.com\/es\/case-study-sovcomm\/\"]}]},{\"@type\":\"ImageObject\",\"inLanguage\":\"es\",\"@id\":\"https:\/\/lindy.com\/es\/case-study-sovcomm\/#primaryimage\",\"url\":\"https:\/\/lindy.com\/fr\/wp-content\/uploads\/sites\/4\/2025\/04\/Header-1.png\",\"contentUrl\":\"https:\/\/lindy.com\/fr\/wp-content\/uploads\/sites\/4\/2025\/04\/Header-1.png\"},{\"@type\":\"BreadcrumbList\",\"@id\":\"https:\/\/lindy.com\/es\/case-study-sovcomm\/#breadcrumb\",\"itemListElement\":[{\"@type\":\"ListItem\",\"position\":1,\"name\":\"Home\",\"item\":\"https:\/\/lindy.com\/es\/\"},{\"@type\":\"ListItem\",\"position\":2,\"name\":\"CASE STUDY SOVCOMM\"}]},{\"@type\":\"WebSite\",\"@id\":\"https:\/\/lindy.com\/es\/#website\",\"url\":\"https:\/\/lindy.com\/es\/\",\"name\":\"Lindy - Spanish\",\"description\":\"Connection Perfection\",\"potentialAction\":[{\"@type\":\"SearchAction\",\"target\":{\"@type\":\"EntryPoint\",\"urlTemplate\":\"https:\/\/lindy.com\/es\/?s={search_term_string}\"},\"query-input\":{\"@type\":\"PropertyValueSpecification\",\"valueRequired\":true,\"valueName\":\"search_term_string\"}}],\"inLanguage\":\"es\"}]}<\/script>\n<!-- \/ Yoast SEO plugin. -->","yoast_head_json":{"title":"CASE STUDY SOVCOMM - Lindy - Spanish","robots":{"index":"index","follow":"follow","max-snippet":"max-snippet:-1","max-image-preview":"max-image-preview:large","max-video-preview":"max-video-preview:-1"},"canonical":"https:\/\/lindy.com\/es\/case-study-sovcomm\/","og_locale":"es_ES","og_type":"article","og_title":"CASE STUDY SOVCOMM - Lindy - Spanish","og_url":"https:\/\/lindy.com\/es\/case-study-sovcomm\/","og_site_name":"Lindy - Spanish","article_modified_time":"2025-07-21T07:20:28+00:00","og_image":[{"url":"https:\/\/lindy.com\/fr\/wp-content\/uploads\/sites\/4\/2025\/04\/Header-1.png","type":"","width":"","height":""}],"twitter_card":"summary_large_image","twitter_misc":{"Tiempo de lectura":"6 minutos"},"schema":{"@context":"https:\/\/schema.org","@graph":[{"@type":"WebPage","@id":"https:\/\/lindy.com\/es\/case-study-sovcomm\/","url":"https:\/\/lindy.com\/es\/case-study-sovcomm\/","name":"CASE STUDY SOVCOMM - Lindy - Spanish","isPartOf":{"@id":"https:\/\/lindy.com\/es\/#website"},"primaryImageOfPage":{"@id":"https:\/\/lindy.com\/es\/case-study-sovcomm\/#primaryimage"},"image":{"@id":"https:\/\/lindy.com\/es\/case-study-sovcomm\/#primaryimage"},"thumbnailUrl":"https:\/\/lindy.com\/fr\/wp-content\/uploads\/sites\/4\/2025\/04\/Header-1.png","datePublished":"2025-06-10T08:15:40+00:00","dateModified":"2025-07-21T07:20:28+00:00","breadcrumb":{"@id":"https:\/\/lindy.com\/es\/case-study-sovcomm\/#breadcrumb"},"inLanguage":"es","potentialAction":[{"@type":"ReadAction","target":["https:\/\/lindy.com\/es\/case-study-sovcomm\/"]}]},{"@type":"ImageObject","inLanguage":"es","@id":"https:\/\/lindy.com\/es\/case-study-sovcomm\/#primaryimage","url":"https:\/\/lindy.com\/fr\/wp-content\/uploads\/sites\/4\/2025\/04\/Header-1.png","contentUrl":"https:\/\/lindy.com\/fr\/wp-content\/uploads\/sites\/4\/2025\/04\/Header-1.png"},{"@type":"BreadcrumbList","@id":"https:\/\/lindy.com\/es\/case-study-sovcomm\/#breadcrumb","itemListElement":[{"@type":"ListItem","position":1,"name":"Home","item":"https:\/\/lindy.com\/es\/"},{"@type":"ListItem","position":2,"name":"CASE STUDY SOVCOMM"}]},{"@type":"WebSite","@id":"https:\/\/lindy.com\/es\/#website","url":"https:\/\/lindy.com\/es\/","name":"Lindy - Spanish","description":"Connection Perfection","potentialAction":[{"@type":"SearchAction","target":{"@type":"EntryPoint","urlTemplate":"https:\/\/lindy.com\/es\/?s={search_term_string}"},"query-input":{"@type":"PropertyValueSpecification","valueRequired":true,"valueName":"search_term_string"}}],"inLanguage":"es"}]}},"_links":{"self":[{"href":"https:\/\/lindy.com\/es\/wp-json\/wp\/v2\/pages\/8488","targetHints":{"allow":["GET"]}}],"collection":[{"href":"https:\/\/lindy.com\/es\/wp-json\/wp\/v2\/pages"}],"about":[{"href":"https:\/\/lindy.com\/es\/wp-json\/wp\/v2\/types\/page"}],"author":[{"embeddable":true,"href":"https:\/\/lindy.com\/es\/wp-json\/wp\/v2\/users\/28"}],"replies":[{"embeddable":true,"href":"https:\/\/lindy.com\/es\/wp-json\/wp\/v2\/comments?post=8488"}],"version-history":[{"count":11,"href":"https:\/\/lindy.com\/es\/wp-json\/wp\/v2\/pages\/8488\/revisions"}],"predecessor-version":[{"id":8520,"href":"https:\/\/lindy.com\/es\/wp-json\/wp\/v2\/pages\/8488\/revisions\/8520"}],"wp:attachment":[{"href":"https:\/\/lindy.com\/es\/wp-json\/wp\/v2\/media?parent=8488"}],"curies":[{"name":"wp","href":"https:\/\/api.w.org\/{rel}","templated":true}]}}