{"id":8517,"date":"2025-06-10T08:09:21","date_gmt":"2025-06-10T08:09:21","guid":{"rendered":"https:\/\/lindy.com\/es\/?page_id=8517"},"modified":"2025-06-10T08:13:13","modified_gmt":"2025-06-10T08:13:13","slug":"case-study-inogeni","status":"publish","type":"page","link":"https:\/\/lindy.com\/es\/case-study-inogeni\/","title":{"rendered":"CASE STUDY INOGENI"},"content":{"rendered":"\n<section class=\"wp-block-lindy-image-text-module section section--full-width-image full-width-image--with-text theme--dark section--animation-none align--center  font--size-large\" style=\"background-image:url(https:\/\/lindy.com\/fr\/wp-content\/uploads\/sites\/4\/2025\/05\/Inogeni_header.png)\"><img decoding=\"async\" class=\"full-width-image__image\" src=\"https:\/\/lindy.com\/fr\/wp-content\/uploads\/sites\/4\/2025\/05\/Inogeni_header.png\"\/><div class=\"contained\"><div class=\"full-width-image__content\"><h2 class=\"section__heading\"><span>REVOLUCIONE HOY MISMO<mark style=\"background-color:rgba(0, 0, 0, 0)\" class=\"has-inline-color has-white-color\"> <\/mark><\/span><\/h2><h2 class=\"section__subheading section__subheading__title\">SU INSTALACI\u00d3N<br\/>AUDIOVISUAL<\/h2><\/div><\/div><\/section>\n\n\n\n<section class=\"wp-block-lindy-image-text-module section section--full-width-image full-width-image--with-text theme--dark section--animation-none align--center font--camber font--size-medium\" style=\"background-image:url()\"><img decoding=\"async\" class=\"full-width-image__image\" src=\"\"\/><div class=\"contained\"><div class=\"full-width-image__content\"><h2 class=\"section__subheading section__subheading__title\">AMPL\u00cdE SU ALCANCE: CONECTE, COLABORE, CREE<\/h2><p class=\"section__paragraph\"><br\/>En los espacios de reuniones modernos y las instalaciones AV a gran escala, es esencial contar con una conectividad transparente y una conmutaci\u00f3n sin problemas. Sin la tecnolog\u00eda adecuada, las reuniones pueden verse interrumpidas por conexiones USB poco fiables, retrasos <br\/>en la conmutaci\u00f3n manual y degradaci\u00f3n de la se\u00f1al. <br\/>Los cables h\u00edbridos USB-C de Lindy y el Toggle Rooms\/XT <br\/>de Inogeni trabajan juntos para ofrecer una soluci\u00f3n <br\/>eficiente y sin interrupciones que permite <br\/>superar estos desaf\u00edos.<\/p><\/div><\/div><\/section>\n\n\n\n<section class=\"wp-block-lindy-image-text-module section section--full-width-image full-width-image--with-text theme--dark section--animation-none align--left  font--size-medium width--half\" style=\"background-image:url(https:\/\/lindy.com\/fr\/wp-content\/uploads\/sites\/4\/2025\/05\/Challenge.png)\"><img decoding=\"async\" class=\"full-width-image__image\" src=\"https:\/\/lindy.com\/fr\/wp-content\/uploads\/sites\/4\/2025\/05\/Challenge.png\"\/><div class=\"contained\"><div class=\"full-width-image__content\"><\/div><\/div><\/section>\n\n\n\n<section class=\"wp-block-lindy-image-text-module section section--full-width-image full-width-image--with-text theme--light section--animation-none align--left  font--size-medium width--half\" style=\"background-image:url()\"><img decoding=\"async\" class=\"full-width-image__image\" src=\"\"\/><div class=\"contained\"><div class=\"full-width-image__content\"><h2 class=\"section__heading\"><span>EL RETO<\/span><\/h2><p class=\"section__paragraph\"><br\/><strong>Superen los desaf\u00edos de conectividad y<br\/>conmutaci\u00f3n AV<\/strong><br\/><br\/>Pasar del PC de la sala al port\u00e1til de un invitado<br\/>deber\u00eda ser un proceso sin esfuerzo. Sin embargo, muchas configuraciones se encuentran con los l\u00edmites de los cables USB, ca\u00eddas de se\u00f1al y frustrantes reconfiguraciones manuales. Estos obst\u00e1culos t\u00e9cnicos generan p\u00e9rdida de tiempo en las reuniones, disminuci\u00f3n de la productividad<br\/>y una mala experiencia para el usuario.<\/p><\/div><\/div><\/section>\n\n\n\n<section class=\"wp-block-lindy-image-text-module section section--full-width-image full-width-image--with-text theme--dark section--animation-none align--left  font--size-medium width--half\" style=\"background-image:url()\"><img decoding=\"async\" class=\"full-width-image__image\" src=\"\"\/><div class=\"contained\"><div class=\"full-width-image__content\"><h2 class=\"section__heading\"><span>LA SOLUCI\u00d3N<\/span><\/h2><p class=\"section__paragraph\"><br\/><strong>Conmutaci\u00f3n sencilla, conexi\u00f3n sin l\u00edmites<\/strong><br\/><br\/>La combinaci\u00f3n del Toggle Rooms\/XT de<br\/>Inogeni y el cable h\u00edbrido USB-C de Lindy ofrece una soluci\u00f3n pr\u00e1ctica y escalable para salas de reuniones de todos los tama\u00f1os. Al eliminar los problemas de conmutaci\u00f3n manual y los l\u00edmites de la conectividad USB, esta configuraci\u00f3n mejora la productividad y optimiza la experiencia en las reuniones.<\/p><\/div><\/div><\/section>\n\n\n\n<section class=\"wp-block-lindy-image-text-module section section--full-width-image full-width-image--with-text theme--light section--animation-none align--left  font--size-medium width--half\" style=\"background-image:url(https:\/\/lindy.com\/fr\/wp-content\/uploads\/sites\/4\/2025\/05\/Inogeni-2_HW-1.jpg)\"><img decoding=\"async\" class=\"full-width-image__image\" src=\"https:\/\/lindy.com\/fr\/wp-content\/uploads\/sites\/4\/2025\/05\/Inogeni-2_HW-1.jpg\"\/><div class=\"contained\"><div class=\"full-width-image__content\"><\/div><\/div><\/section>\n\n\n\n\n\n<section class=\"wp-block-lindy-heading-text section section--heading-text theme--light align--center  font--size-medium section--animation-none\"><div class=\"contained\"><h2 class=\"section__heading\"><span>PRODUCTOS UTILIZADOS<\/span><\/h2><h2 class=\"section__subheading section__subheading__title\"><br\/><\/h2><\/div><\/section>\n\n\n\n<section class=\"wp-block-lindy-image-text-module section section--full-width-image full-width-image--with-text theme--light section--animation-none align--left  font--size-medium width--half\" style=\"background-image:url(https:\/\/lindy.com\/fr\/wp-content\/uploads\/sites\/4\/2025\/05\/Toogle-2_HW.jpg)\"><img decoding=\"async\" class=\"full-width-image__image\" src=\"https:\/\/lindy.com\/fr\/wp-content\/uploads\/sites\/4\/2025\/05\/Toogle-2_HW.jpg\"\/><div class=\"contained\"><div class=\"full-width-image__content\"><\/div><\/div><\/section>\n\n\n\n<section class=\"wp-block-lindy-image-text-module section section--full-width-image full-width-image--with-text theme--light section--animation-none align--left font--camber font--size-medium width--half\" style=\"background-image:url()\"><img decoding=\"async\" class=\"full-width-image__image\" src=\"\"\/><div class=\"contained\"><div class=\"full-width-image__content\"><h2 class=\"section__subheading section__subheading__title\">Inogeni Toggle Rooms\/XT<\/h2><p class=\"section__paragraph\"><br\/>Un solo cable, control total: simplifique su vida<br\/>con una conexi\u00f3n USB-C de 100 W.<br\/><br\/>Conmutaci\u00f3n transparente: cambie f\u00e1cilmente<br\/>entre varios hosts y dispositivos.<br\/><br\/>Video sin compromisos: la tecnolog\u00eda HDBaseT<br\/>ofrece 4k60 hasta 40 m o 1080p hasta 70 m<br\/>para el Toggle Rooms XT.<br\/><br\/>Compatible con: Teams, Zoom, Logitech,<br\/>Crestron y m\u00e1s.<\/p><\/div><\/div><\/section>\n\n\n\n<section class=\"wp-block-lindy-image-text-module section section--full-width-image full-width-image--with-text theme--dark section--animation-none align--left font--camber font--size-medium width--half\" style=\"background-image:url()\"><img decoding=\"async\" class=\"full-width-image__image\" src=\"\"\/><div class=\"contained\"><div class=\"full-width-image__content\"><h2 class=\"section__subheading section__subheading__title\">Cable h\u00edbrido tipo C USB 3.2 Gen 2 y DP 1.4<\/h2><p class=\"section__paragraph\"><br\/>Velocidades asombrosas: transferencia de<br\/>datos a 10 Gbit\/s y video 4K a 144 Hz.<br\/><br\/>Dise\u00f1o multifuncional: USB 3.2 + DisplayPort<br\/>1.4 con alimentaci\u00f3n de 60 W.<br\/><br\/>Conexi\u00f3n a larga distancia confiable: perfecto<br\/>para salas de conferencias a gran escala.<br\/><br\/>Alcance extendido: disponible en longitudes de<br\/>10 m y 15 m, ideal para grandes mesas de<br\/>conferencia e instalaciones audiovisuales.<\/p><a href=\"https:\/\/www.lindy.eu\/?websale8=ld0101.ld021102&amp;ci=264\" class=\"button button--white-transparent\" target=\"_self\" rel=\"noopener noreferrer\">VER M\u00c1S<\/a><\/div><\/div><\/section>\n\n\n\n<section class=\"wp-block-lindy-image-text-module section section--full-width-image full-width-image--with-text theme--dark section--animation-none align--left  font--size-medium width--half\" style=\"background-image:url(https:\/\/lindy.com\/fr\/wp-content\/uploads\/sites\/4\/2025\/05\/43398_99_HW-1.jpg)\"><img decoding=\"async\" class=\"full-width-image__image\" src=\"https:\/\/lindy.com\/fr\/wp-content\/uploads\/sites\/4\/2025\/05\/43398_99_HW-1.jpg\"\/><div class=\"contained\"><div class=\"full-width-image__content\"><\/div><\/div><\/section>\n\n\n\n<section class=\"wp-block-lindy-image-text-module section section--full-width-image full-width-image--with-text theme--dark section--animation-none align--left  font--size-medium width--half\" style=\"background-image:url(https:\/\/lindy.com\/eu\/wp-content\/uploads\/sites\/10\/2025\/05\/Peopke-with-cable-HW.jpg)\"><img decoding=\"async\" class=\"full-width-image__image\" src=\"https:\/\/lindy.com\/eu\/wp-content\/uploads\/sites\/10\/2025\/05\/Peopke-with-cable-HW.jpg\"\/><div class=\"contained\"><div class=\"full-width-image__content\"><\/div><\/div><\/section>\n\n\n\n<section class=\"wp-block-lindy-image-text-module section section--full-width-image full-width-image--with-text theme--dark section--animation-none align--left  font--size-medium width--half\" style=\"background-image:url()\"><img decoding=\"async\" class=\"full-width-image__image\" src=\"\"\/><div class=\"contained\"><div class=\"full-width-image__content\"><p class=\"section__paragraph\">\u00abWITH LINDY&#8217;S USB-C HYBRID CABLE EXTENDING UP TO 15 METRES, INOGENI&#8217;S TOGGLE ROOMS SOLUTIONS PROVIDE UNMATCHED CONNECTIVITY AND SUPERIOR PERFORMANCE &#8211; EVEN IN THE MOST DEMANDING ENVIRONMENTS.\u00bb <br\/><br\/>Jean-Pierre Simard, INOGENI Inc. CMO<\/p><\/div><\/div><\/section>\n\n\n\n<section class=\"wp-block-lindy-heading-text section section--heading-text theme--light align--center  font--size-medium section--animation-none\"><div class=\"contained\"><h2 class=\"section__heading\"><span><br\/>RESULTADOS Y BENEFICIOS<\/span><\/h2><\/div><\/section>\n\n\n\n<section class=\"wp-block-lindy-key-info section section--key-info theme--light section--animation-none\"><div class=\"contained\"><div class=\"grid-2_sm-1-center\"><div class=\"col left_item\"><div class=\"box\"><h3 class=\"section__heading\"><\/h3><div class=\"section__content\"><p class=\"section__content\">Las soluciones USB-C de alto rendimiento de Lindy, combinadas con la tecnolog\u00eda Toggle Room de Inogeni, ofrecen una forma innovadora de ampliar la conectividad y mejorar la eficiencia de las reuniones. Esta poderosa integraci\u00f3n permite a los usuarios cambiar f\u00e1cilmente entre varios sistemas de conferencia, asegurando una compatibilidad de dispositivos sin complicaciones y sin necesidad de reconfiguraciones constantes. Gracias al alcance extendido de USB-C, los equipos pueden conectar dispositivos como c\u00e1maras, micr\u00f3fonos y pantallas desde cualquier punto de la mesa, eliminando as\u00ed la frustraci\u00f3n de los cables cortos y las configuraciones no eficientes.<\/p><\/div><\/div><\/div><div class=\"col right_item\"><div class=\"box\"><h3 class=\"section__heading\"><\/h3><div class=\"section__content\"><p class=\"section__content\">Adem\u00e1s, esta soluci\u00f3n mejora la flexibilidad y la<br\/>productividad, permitiendo a las empresas crear un<br\/>espacio de reuni\u00f3n verdaderamente adaptable que<br\/>acomode tanto a los participantes remotos como a<br\/>los presenciales.<br\/>Al reducir la complejidad de la instalaci\u00f3n y<br\/>optimizar los flujos de trabajo de videoconferencia,<br\/>Lindy e Inogeni ofrecen una experiencia de<br\/>colaboraci\u00f3n fluida, profesional y preparada para el<br\/>futuro.<\/p><\/div><\/div><\/div><\/div><\/div><\/section>\n\n\n\n<section class=\"wp-block-lindy-parallax-hero section parallax-hero theme--light align--center  font--size-medium\" style=\"background-image:url(https:\/\/lindy.com\/es\/wp-content\/uploads\/sites\/7\/2025\/06\/ES_Inogeni.png)\"><div class=\"contained contained--full-width\"><div class=\"parallax-hero__content\"><div class=\"parallax-hero__content-wrapper align--center\"><\/div><\/div><\/div><\/section>\n\n\n\n<section class=\"wp-block-lindy-image-text-module section section--full-width-image full-width-image--with-text theme--light section--animation-none align--center  font--size-medium\" style=\"background-image:url()\"><img decoding=\"async\" class=\"full-width-image__image\" src=\"\"\/><div class=\"contained\"><div class=\"full-width-image__content\"><h2 class=\"section__heading\"><span>CONCLUSI\u00d3N Y PUNTOS A RECORDAR<\/span><\/h2><p class=\"section__paragraph\"><br\/>Las reuniones h\u00edbridas son el futuro de la colaboraci\u00f3n, pero las instalaciones audiovisuales obsoletascrean obst\u00e1culos innecesarios. Al integrar las soluciones USB-C de vanguardia de Lindy con los ToggleRooms de Inogeni, las empresas pueden garantizar conferencias fluidas, profesionales y sin estr\u00e9s, sinimportar el tama\u00f1o o la configuraci\u00f3n de la sala.<\/p><\/div><\/div><\/section>\n\n\n\n<section class=\"wp-block-lindy-image-text-module section section--full-width-image full-width-image--with-text theme--dark section--animation-none align--left  font--size-medium width--half\" style=\"background-image:url(https:\/\/lindy.com\/eu\/wp-content\/uploads\/sites\/10\/2025\/05\/Mock-up-case-sudy-Inogeni.jpg)\"><img decoding=\"async\" class=\"full-width-image__image\" src=\"https:\/\/lindy.com\/eu\/wp-content\/uploads\/sites\/10\/2025\/05\/Mock-up-case-sudy-Inogeni.jpg\"\/><div class=\"contained\"><div class=\"full-width-image__content\"><\/div><\/div><\/section>\n\n\n\n<section class=\"wp-block-lindy-image-text-module section section--full-width-image full-width-image--with-text theme--dark section--animation-none align--center  font--size-small width--half\" style=\"background-image:url()\"><img decoding=\"async\" class=\"full-width-image__image\" src=\"\"\/><div class=\"contained\"><div class=\"full-width-image__content\"><h2 class=\"section__subheading section__subheading__title\">\u00bfLe ha parecido interesante este caso de \u00e9xito?<\/h2><p class=\"section__paragraph\"><br\/><strong><strong><strong><strong>Gu\u00e1rdelo con un s\u00f3lo clic<\/strong><\/strong><\/strong><\/strong><\/p><a href=\"https:\/\/lindy.com\/es\/wp-content\/uploads\/sites\/7\/2025\/06\/Lindy-x-Inogeni-Application-Case-Study-ES.pdf\" class=\"button button--white-transparent\" target=\"_blank\" rel=\"noopener noreferrer\">\ud83d\udce5 Descargue la versi\u00f3n PDF<\/a><\/div><\/div><\/section>\n","protected":false},"excerpt":{"rendered":"","protected":false},"author":28,"featured_media":0,"parent":0,"menu_order":0,"comment_status":"closed","ping_status":"closed","template":"page-templates\/template-landing.php","meta":{"_acf_changed":false,"footnotes":""},"class_list":["post-8517","page","type-page","status-publish","hentry"],"acf":[],"yoast_head":"<!-- This site is optimized with the Yoast SEO plugin v26.6 - https:\/\/yoast.com\/wordpress\/plugins\/seo\/ -->\n<title>CASE STUDY INOGENI - Lindy - Spanish<\/title>\n<meta name=\"robots\" content=\"index, follow, max-snippet:-1, max-image-preview:large, max-video-preview:-1\" \/>\n<link rel=\"canonical\" href=\"https:\/\/lindy.com\/es\/case-study-inogeni\/\" \/>\n<meta property=\"og:locale\" content=\"es_ES\" \/>\n<meta property=\"og:type\" content=\"article\" \/>\n<meta property=\"og:title\" content=\"CASE STUDY INOGENI - Lindy - Spanish\" \/>\n<meta property=\"og:url\" content=\"https:\/\/lindy.com\/es\/case-study-inogeni\/\" \/>\n<meta property=\"og:site_name\" content=\"Lindy - Spanish\" \/>\n<meta property=\"article:modified_time\" content=\"2025-06-10T08:13:13+00:00\" \/>\n<meta property=\"og:image\" content=\"https:\/\/lindy.com\/fr\/wp-content\/uploads\/sites\/4\/2025\/05\/Inogeni_header.png\" \/>\n<meta name=\"twitter:card\" content=\"summary_large_image\" \/>\n<meta name=\"twitter:label1\" content=\"Tiempo de lectura\" \/>\n\t<meta name=\"twitter:data1\" content=\"6 minutos\" \/>\n<script type=\"application\/ld+json\" class=\"yoast-schema-graph\">{\"@context\":\"https:\/\/schema.org\",\"@graph\":[{\"@type\":\"WebPage\",\"@id\":\"https:\/\/lindy.com\/es\/case-study-inogeni\/\",\"url\":\"https:\/\/lindy.com\/es\/case-study-inogeni\/\",\"name\":\"CASE STUDY INOGENI - Lindy - Spanish\",\"isPartOf\":{\"@id\":\"https:\/\/lindy.com\/es\/#website\"},\"primaryImageOfPage\":{\"@id\":\"https:\/\/lindy.com\/es\/case-study-inogeni\/#primaryimage\"},\"image\":{\"@id\":\"https:\/\/lindy.com\/es\/case-study-inogeni\/#primaryimage\"},\"thumbnailUrl\":\"https:\/\/lindy.com\/fr\/wp-content\/uploads\/sites\/4\/2025\/05\/Inogeni_header.png\",\"datePublished\":\"2025-06-10T08:09:21+00:00\",\"dateModified\":\"2025-06-10T08:13:13+00:00\",\"breadcrumb\":{\"@id\":\"https:\/\/lindy.com\/es\/case-study-inogeni\/#breadcrumb\"},\"inLanguage\":\"es\",\"potentialAction\":[{\"@type\":\"ReadAction\",\"target\":[\"https:\/\/lindy.com\/es\/case-study-inogeni\/\"]}]},{\"@type\":\"ImageObject\",\"inLanguage\":\"es\",\"@id\":\"https:\/\/lindy.com\/es\/case-study-inogeni\/#primaryimage\",\"url\":\"https:\/\/lindy.com\/fr\/wp-content\/uploads\/sites\/4\/2025\/05\/Inogeni_header.png\",\"contentUrl\":\"https:\/\/lindy.com\/fr\/wp-content\/uploads\/sites\/4\/2025\/05\/Inogeni_header.png\"},{\"@type\":\"BreadcrumbList\",\"@id\":\"https:\/\/lindy.com\/es\/case-study-inogeni\/#breadcrumb\",\"itemListElement\":[{\"@type\":\"ListItem\",\"position\":1,\"name\":\"Home\",\"item\":\"https:\/\/lindy.com\/es\/\"},{\"@type\":\"ListItem\",\"position\":2,\"name\":\"CASE STUDY INOGENI\"}]},{\"@type\":\"WebSite\",\"@id\":\"https:\/\/lindy.com\/es\/#website\",\"url\":\"https:\/\/lindy.com\/es\/\",\"name\":\"Lindy - Spanish\",\"description\":\"Connection Perfection\",\"potentialAction\":[{\"@type\":\"SearchAction\",\"target\":{\"@type\":\"EntryPoint\",\"urlTemplate\":\"https:\/\/lindy.com\/es\/?s={search_term_string}\"},\"query-input\":{\"@type\":\"PropertyValueSpecification\",\"valueRequired\":true,\"valueName\":\"search_term_string\"}}],\"inLanguage\":\"es\"}]}<\/script>\n<!-- \/ Yoast SEO plugin. -->","yoast_head_json":{"title":"CASE STUDY INOGENI - Lindy - Spanish","robots":{"index":"index","follow":"follow","max-snippet":"max-snippet:-1","max-image-preview":"max-image-preview:large","max-video-preview":"max-video-preview:-1"},"canonical":"https:\/\/lindy.com\/es\/case-study-inogeni\/","og_locale":"es_ES","og_type":"article","og_title":"CASE STUDY INOGENI - Lindy - Spanish","og_url":"https:\/\/lindy.com\/es\/case-study-inogeni\/","og_site_name":"Lindy - Spanish","article_modified_time":"2025-06-10T08:13:13+00:00","og_image":[{"url":"https:\/\/lindy.com\/fr\/wp-content\/uploads\/sites\/4\/2025\/05\/Inogeni_header.png","type":"","width":"","height":""}],"twitter_card":"summary_large_image","twitter_misc":{"Tiempo de lectura":"6 minutos"},"schema":{"@context":"https:\/\/schema.org","@graph":[{"@type":"WebPage","@id":"https:\/\/lindy.com\/es\/case-study-inogeni\/","url":"https:\/\/lindy.com\/es\/case-study-inogeni\/","name":"CASE STUDY INOGENI - Lindy - Spanish","isPartOf":{"@id":"https:\/\/lindy.com\/es\/#website"},"primaryImageOfPage":{"@id":"https:\/\/lindy.com\/es\/case-study-inogeni\/#primaryimage"},"image":{"@id":"https:\/\/lindy.com\/es\/case-study-inogeni\/#primaryimage"},"thumbnailUrl":"https:\/\/lindy.com\/fr\/wp-content\/uploads\/sites\/4\/2025\/05\/Inogeni_header.png","datePublished":"2025-06-10T08:09:21+00:00","dateModified":"2025-06-10T08:13:13+00:00","breadcrumb":{"@id":"https:\/\/lindy.com\/es\/case-study-inogeni\/#breadcrumb"},"inLanguage":"es","potentialAction":[{"@type":"ReadAction","target":["https:\/\/lindy.com\/es\/case-study-inogeni\/"]}]},{"@type":"ImageObject","inLanguage":"es","@id":"https:\/\/lindy.com\/es\/case-study-inogeni\/#primaryimage","url":"https:\/\/lindy.com\/fr\/wp-content\/uploads\/sites\/4\/2025\/05\/Inogeni_header.png","contentUrl":"https:\/\/lindy.com\/fr\/wp-content\/uploads\/sites\/4\/2025\/05\/Inogeni_header.png"},{"@type":"BreadcrumbList","@id":"https:\/\/lindy.com\/es\/case-study-inogeni\/#breadcrumb","itemListElement":[{"@type":"ListItem","position":1,"name":"Home","item":"https:\/\/lindy.com\/es\/"},{"@type":"ListItem","position":2,"name":"CASE STUDY INOGENI"}]},{"@type":"WebSite","@id":"https:\/\/lindy.com\/es\/#website","url":"https:\/\/lindy.com\/es\/","name":"Lindy - Spanish","description":"Connection Perfection","potentialAction":[{"@type":"SearchAction","target":{"@type":"EntryPoint","urlTemplate":"https:\/\/lindy.com\/es\/?s={search_term_string}"},"query-input":{"@type":"PropertyValueSpecification","valueRequired":true,"valueName":"search_term_string"}}],"inLanguage":"es"}]}},"_links":{"self":[{"href":"https:\/\/lindy.com\/es\/wp-json\/wp\/v2\/pages\/8517","targetHints":{"allow":["GET"]}}],"collection":[{"href":"https:\/\/lindy.com\/es\/wp-json\/wp\/v2\/pages"}],"about":[{"href":"https:\/\/lindy.com\/es\/wp-json\/wp\/v2\/types\/page"}],"author":[{"embeddable":true,"href":"https:\/\/lindy.com\/es\/wp-json\/wp\/v2\/users\/28"}],"replies":[{"embeddable":true,"href":"https:\/\/lindy.com\/es\/wp-json\/wp\/v2\/comments?post=8517"}],"version-history":[{"count":12,"href":"https:\/\/lindy.com\/es\/wp-json\/wp\/v2\/pages\/8517\/revisions"}],"predecessor-version":[{"id":8594,"href":"https:\/\/lindy.com\/es\/wp-json\/wp\/v2\/pages\/8517\/revisions\/8594"}],"wp:attachment":[{"href":"https:\/\/lindy.com\/es\/wp-json\/wp\/v2\/media?parent=8517"}],"curies":[{"name":"wp","href":"https:\/\/api.w.org\/{rel}","templated":true}]}}