{"id":8575,"date":"2025-06-10T08:06:24","date_gmt":"2025-06-10T08:06:24","guid":{"rendered":"https:\/\/lindy.com\/es\/?page_id=8575"},"modified":"2025-06-27T11:04:40","modified_gmt":"2025-06-27T11:04:40","slug":"tecnologias","status":"publish","type":"page","link":"https:\/\/lindy.com\/es\/tecnologias\/","title":{"rendered":"Tecnolog\u00cdas"},"content":{"rendered":"\n<section class=\"wp-block-lindy-parallax-hero section parallax-hero theme--dark align--center  font--size-large\" style=\"background-image:url(https:\/\/lindy.com\/de\/wp-content\/uploads\/sites\/3\/2025\/05\/universal_upscale_0_5f62fa1e-823a-49d7-8e3f-a102406c62c1_0.jpg)\"><div class=\"contained contained--full-width\"><div class=\"parallax-hero__content\"><div class=\"parallax-hero__content-wrapper align--center\"><h2 class=\"section__heading\"><span>Tecnolog\u00cdaS<\/span><\/h2><p class=\"section__paragraph\"><br\/>En nuestra secci\u00f3n \u00abKnow How\u00bb encontrar\u00e1 informaci\u00f3n detallada sobre las tecnolog\u00edas, normas y desarrollos que dan forma a nuestras soluciones, desde la transmisi\u00f3n de se\u00f1ales AV y la tecnolog\u00eda USB hasta la infraestructura de red. Explicado con claridad, orientado a la pr\u00e1ctica y siempre centrado en lo que realmente importa.<br\/><br\/><\/p><\/div><\/div><\/div><\/section>\n\n\n\n<section class=\"wp-block-lindy-paragraph-one-col section section--horizontal-content section--horizontal-content--one-column font--size-small theme--dark align--center  section--animation-none\"><div class=\"contained\"><h2 class=\"section__subheading section__subheading__title\">conocimiento de m\u00e1s de 90 a\u00f1os<\/h2><p class=\"section__paragraph\"><br\/>El mundo de la conectividad es complejo y est\u00e1 en constante evoluci\u00f3n. En Lindy, combinamos d\u00e9cadas de experiencia con un esp\u00edritu de innovaci\u00f3n t\u00e9cnica para ofrecerle no s\u00f3lo productos de alta calidad y soluciones pr\u00e1cticas, sino tambi\u00e9n conocimientos bien fundados en los que pueda confiar.<\/p><\/div><\/section>\n\n\n\n<section class=\"wp-block-lindy-image-text-module section section--full-width-image full-width-image--with-text theme--light section--animation-none align--center  font--size-medium width--half\" style=\"background-image:url(https:\/\/lindy.com\/de\/wp-content\/uploads\/sites\/3\/2025\/06\/HDMI-HW.jpg)\"><img decoding=\"async\" class=\"full-width-image__image\" src=\"https:\/\/lindy.com\/de\/wp-content\/uploads\/sites\/3\/2025\/06\/HDMI-HW.jpg\"\/><div class=\"contained\"><div class=\"full-width-image__content\"><\/div><\/div><\/section>\n\n\n\n<section class=\"wp-block-lindy-image-text-module section section--full-width-image full-width-image--with-text theme--light section--animation-none align--left  font--size-medium width--half\" style=\"background-image:url()\"><img decoding=\"async\" class=\"full-width-image__image\" src=\"\"\/><div class=\"contained\"><div class=\"full-width-image__content\"><h2 class=\"section__heading\"><span>HDMI<strong>\u00ae<\/strong> 2.1<\/span><\/h2><h2 class=\"section__subheading section__subheading__title\">M\u00e1ximo rendimiento para la transmisi\u00f3n audiovisual<\/h2><p class=\"section__paragraph\"><br\/>HDMI 2.1 lleva la conectividad AV al siguiente nivel: con mayores anchos de banda, resoluciones 8K y 10K, y funciones innovadoras como VRR y eARC, este est\u00e1ndar se adapta perfectamente a las aplicaciones m\u00e1s exigentes, desde el entretenimiento dom\u00e9stico al AV profesional.<\/p><a href=\"https:\/\/lindy.com\/es\/hdmi-2-1\/\" class=\"button button--dark\" target=\"_self\" rel=\"noopener noreferrer\">Visite la p\u00e1gina de conocimiento<\/a><\/div><\/div><\/section>\n\n\n\n<section class=\"wp-block-lindy-image-text-module section section--full-width-image full-width-image--with-text theme--dark section--animation-none align--right  font--size-medium width--half\" style=\"background-image:url()\"><img decoding=\"async\" class=\"full-width-image__image\" src=\"\"\/><div class=\"contained\"><div class=\"full-width-image__content\"><h2 class=\"section__heading\"><span>Displayport<strong>\u00ae<\/strong> 2.1<\/span><\/h2><h2 class=\"section__subheading section__subheading__title\">M\u00e1xima flexibilidad para pantallas modernas<\/h2><p class=\"section__paragraph\"><br\/>DisplayPort 2.1 impresiona con un ancho de banda excepcional, compatibilidad con resoluciones 8K+ y una eficiencia \u00f3ptima incluso con transmisiones USB-C. Un est\u00e1ndar preparado para el futuro para soluciones gr\u00e1ficas de gama alta, configuraciones multipantalla y aplicaciones profesionales.<\/p><a href=\"https:\/\/lindy.com\/es\/dp-2-1\/\" class=\"button button--white-transparent\" target=\"_self\" rel=\"noopener noreferrer\">Visite la p\u00e1gina de conocimiento<\/a><\/div><\/div><\/section>\n\n\n\n<section class=\"wp-block-lindy-image-text-module section section--full-width-image full-width-image--with-text theme--dark section--animation-none align--center  font--size-medium width--half\" style=\"background-image:url(https:\/\/lindy.com\/de\/wp-content\/uploads\/sites\/3\/2025\/06\/DP-HW.jpg)\"><img decoding=\"async\" class=\"full-width-image__image\" src=\"https:\/\/lindy.com\/de\/wp-content\/uploads\/sites\/3\/2025\/06\/DP-HW.jpg\"\/><div class=\"contained\"><div class=\"full-width-image__content\"><\/div><\/div><\/section>\n\n\n\n<p><\/p>\n\n\n\n<section class=\"wp-block-lindy-image-text-module section section--full-width-image full-width-image--with-text theme--dark section--animation-none align--left  font--size-medium width--half\" style=\"background-image:url(https:\/\/lindy.com\/de\/wp-content\/uploads\/sites\/3\/2025\/06\/USB-HW-1.jpg)\"><img decoding=\"async\" class=\"full-width-image__image\" src=\"https:\/\/lindy.com\/de\/wp-content\/uploads\/sites\/3\/2025\/06\/USB-HW-1.jpg\"\/><div class=\"contained\"><div class=\"full-width-image__content\"><\/div><\/div><\/section>\n\n\n\n<section class=\"wp-block-lindy-image-text-module section section--full-width-image full-width-image--with-text theme--light section--animation-none align--left  font--size-medium width--half\" style=\"background-image:url()\"><img decoding=\"async\" class=\"full-width-image__image\" src=\"\"\/><div class=\"contained\"><div class=\"full-width-image__content\"><h2 class=\"section__heading\"><span>USB<\/span><\/h2><h2 class=\"section__subheading section__subheading__title\">El est\u00e1ndar universal para datos, v\u00eddeo y ALIMENTACI\u00d3N<\/h2><p class=\"section__paragraph\"><br\/>Ya sea USB-A, USB-C o USB4, la tecnolog\u00eda USB es una parte esencial de la conectividad moderna. Ofrece una transferencia de datos r\u00e1pida, un suministro de energ\u00eda vers\u00e1til y admite conexiones de v\u00eddeo y de red: flexible, fiable y utilizada en todo el mundo.<\/p><a href=\"https:\/\/lindy.com\/es\/technology\/usb\/\" class=\"button button--dark\" target=\"_self\" rel=\"noopener noreferrer\">Visite la p\u00e1gina de conocimiento<\/a><\/div><\/div><\/section>\n\n\n\n<section class=\"wp-block-lindy-image-text-module section section--full-width-image full-width-image--with-text theme--dark section--animation-none align--left  font--size-medium width--half\" style=\"background-image:url()\"><img decoding=\"async\" class=\"full-width-image__image\" src=\"\"\/><div class=\"contained\"><div class=\"full-width-image__content\"><h2 class=\"section__heading\"><span>USB4<\/span><\/h2><h2 class=\"section__subheading section__subheading__title\">Conectividad, reinventada<\/h2><p class=\"section__paragraph\"><br\/>USB4 combina las m\u00e1ximas velocidades de transferencia de datos, Power Delivery y conectividad vers\u00e1til, todo en un solo est\u00e1ndar. Perfecto para flujos de trabajo modernos, perif\u00e9ricos de alto rendimiento y compatibilidad sin fisuras. M\u00e1s velocidad, menos l\u00edo de cables.<\/p><a href=\"https:\/\/lindy.com\/es\/usb-4\/\" class=\"button button--white-transparent\" target=\"_self\" rel=\"noopener noreferrer\">Visite la p\u00e1gina Know How<\/a><\/div><\/div><\/section>\n\n\n\n<section class=\"wp-block-lindy-image-text-module section section--full-width-image full-width-image--with-text theme--light section--animation-none align--left  font--size-medium width--half\" style=\"background-image:url(https:\/\/lindy.com\/es\/wp-content\/uploads\/sites\/7\/2025\/06\/USB-4_dynamic_cutout.jpg)\"><img decoding=\"async\" class=\"full-width-image__image\" src=\"https:\/\/lindy.com\/es\/wp-content\/uploads\/sites\/7\/2025\/06\/USB-4_dynamic_cutout.jpg\"\/><div class=\"contained\"><div class=\"full-width-image__content\"><\/div><\/div><\/section>\n","protected":false},"excerpt":{"rendered":"","protected":false},"author":11,"featured_media":0,"parent":0,"menu_order":0,"comment_status":"closed","ping_status":"closed","template":"page-templates\/template-landing.php","meta":{"_acf_changed":false,"footnotes":""},"class_list":["post-8575","page","type-page","status-publish","hentry"],"acf":[],"yoast_head":"<!-- This site is optimized with the Yoast SEO plugin v26.6 - https:\/\/yoast.com\/wordpress\/plugins\/seo\/ -->\n<title>Tecnolog\u00cdas - Lindy - Spanish<\/title>\n<meta name=\"robots\" content=\"index, follow, max-snippet:-1, max-image-preview:large, max-video-preview:-1\" \/>\n<link rel=\"canonical\" href=\"https:\/\/lindy.com\/es\/tecnologias\/\" \/>\n<meta property=\"og:locale\" content=\"es_ES\" \/>\n<meta property=\"og:type\" content=\"article\" \/>\n<meta property=\"og:title\" content=\"Tecnolog\u00cdas - Lindy - Spanish\" \/>\n<meta property=\"og:url\" content=\"https:\/\/lindy.com\/es\/tecnologias\/\" \/>\n<meta property=\"og:site_name\" content=\"Lindy - Spanish\" \/>\n<meta property=\"article:modified_time\" content=\"2025-06-27T11:04:40+00:00\" \/>\n<meta property=\"og:image\" content=\"https:\/\/lindy.com\/de\/wp-content\/uploads\/sites\/3\/2025\/06\/HDMI-HW.jpg\" \/>\n<meta name=\"twitter:card\" content=\"summary_large_image\" \/>\n<meta name=\"twitter:label1\" content=\"Tiempo de lectura\" \/>\n\t<meta name=\"twitter:data1\" content=\"4 minutos\" \/>\n<script type=\"application\/ld+json\" class=\"yoast-schema-graph\">{\"@context\":\"https:\/\/schema.org\",\"@graph\":[{\"@type\":\"WebPage\",\"@id\":\"https:\/\/lindy.com\/es\/tecnologias\/\",\"url\":\"https:\/\/lindy.com\/es\/tecnologias\/\",\"name\":\"Tecnolog\u00cdas - Lindy - Spanish\",\"isPartOf\":{\"@id\":\"https:\/\/lindy.com\/es\/#website\"},\"primaryImageOfPage\":{\"@id\":\"https:\/\/lindy.com\/es\/tecnologias\/#primaryimage\"},\"image\":{\"@id\":\"https:\/\/lindy.com\/es\/tecnologias\/#primaryimage\"},\"thumbnailUrl\":\"https:\/\/lindy.com\/de\/wp-content\/uploads\/sites\/3\/2025\/06\/HDMI-HW.jpg\",\"datePublished\":\"2025-06-10T08:06:24+00:00\",\"dateModified\":\"2025-06-27T11:04:40+00:00\",\"breadcrumb\":{\"@id\":\"https:\/\/lindy.com\/es\/tecnologias\/#breadcrumb\"},\"inLanguage\":\"es\",\"potentialAction\":[{\"@type\":\"ReadAction\",\"target\":[\"https:\/\/lindy.com\/es\/tecnologias\/\"]}]},{\"@type\":\"ImageObject\",\"inLanguage\":\"es\",\"@id\":\"https:\/\/lindy.com\/es\/tecnologias\/#primaryimage\",\"url\":\"https:\/\/lindy.com\/de\/wp-content\/uploads\/sites\/3\/2025\/06\/HDMI-HW.jpg\",\"contentUrl\":\"https:\/\/lindy.com\/de\/wp-content\/uploads\/sites\/3\/2025\/06\/HDMI-HW.jpg\"},{\"@type\":\"BreadcrumbList\",\"@id\":\"https:\/\/lindy.com\/es\/tecnologias\/#breadcrumb\",\"itemListElement\":[{\"@type\":\"ListItem\",\"position\":1,\"name\":\"Home\",\"item\":\"https:\/\/lindy.com\/es\/\"},{\"@type\":\"ListItem\",\"position\":2,\"name\":\"Tecnolog\u00cdas\"}]},{\"@type\":\"WebSite\",\"@id\":\"https:\/\/lindy.com\/es\/#website\",\"url\":\"https:\/\/lindy.com\/es\/\",\"name\":\"Lindy - Spanish\",\"description\":\"Connection Perfection\",\"potentialAction\":[{\"@type\":\"SearchAction\",\"target\":{\"@type\":\"EntryPoint\",\"urlTemplate\":\"https:\/\/lindy.com\/es\/?s={search_term_string}\"},\"query-input\":{\"@type\":\"PropertyValueSpecification\",\"valueRequired\":true,\"valueName\":\"search_term_string\"}}],\"inLanguage\":\"es\"}]}<\/script>\n<!-- \/ Yoast SEO plugin. -->","yoast_head_json":{"title":"Tecnolog\u00cdas - Lindy - Spanish","robots":{"index":"index","follow":"follow","max-snippet":"max-snippet:-1","max-image-preview":"max-image-preview:large","max-video-preview":"max-video-preview:-1"},"canonical":"https:\/\/lindy.com\/es\/tecnologias\/","og_locale":"es_ES","og_type":"article","og_title":"Tecnolog\u00cdas - Lindy - Spanish","og_url":"https:\/\/lindy.com\/es\/tecnologias\/","og_site_name":"Lindy - Spanish","article_modified_time":"2025-06-27T11:04:40+00:00","og_image":[{"url":"https:\/\/lindy.com\/de\/wp-content\/uploads\/sites\/3\/2025\/06\/HDMI-HW.jpg","type":"","width":"","height":""}],"twitter_card":"summary_large_image","twitter_misc":{"Tiempo de lectura":"4 minutos"},"schema":{"@context":"https:\/\/schema.org","@graph":[{"@type":"WebPage","@id":"https:\/\/lindy.com\/es\/tecnologias\/","url":"https:\/\/lindy.com\/es\/tecnologias\/","name":"Tecnolog\u00cdas - Lindy - Spanish","isPartOf":{"@id":"https:\/\/lindy.com\/es\/#website"},"primaryImageOfPage":{"@id":"https:\/\/lindy.com\/es\/tecnologias\/#primaryimage"},"image":{"@id":"https:\/\/lindy.com\/es\/tecnologias\/#primaryimage"},"thumbnailUrl":"https:\/\/lindy.com\/de\/wp-content\/uploads\/sites\/3\/2025\/06\/HDMI-HW.jpg","datePublished":"2025-06-10T08:06:24+00:00","dateModified":"2025-06-27T11:04:40+00:00","breadcrumb":{"@id":"https:\/\/lindy.com\/es\/tecnologias\/#breadcrumb"},"inLanguage":"es","potentialAction":[{"@type":"ReadAction","target":["https:\/\/lindy.com\/es\/tecnologias\/"]}]},{"@type":"ImageObject","inLanguage":"es","@id":"https:\/\/lindy.com\/es\/tecnologias\/#primaryimage","url":"https:\/\/lindy.com\/de\/wp-content\/uploads\/sites\/3\/2025\/06\/HDMI-HW.jpg","contentUrl":"https:\/\/lindy.com\/de\/wp-content\/uploads\/sites\/3\/2025\/06\/HDMI-HW.jpg"},{"@type":"BreadcrumbList","@id":"https:\/\/lindy.com\/es\/tecnologias\/#breadcrumb","itemListElement":[{"@type":"ListItem","position":1,"name":"Home","item":"https:\/\/lindy.com\/es\/"},{"@type":"ListItem","position":2,"name":"Tecnolog\u00cdas"}]},{"@type":"WebSite","@id":"https:\/\/lindy.com\/es\/#website","url":"https:\/\/lindy.com\/es\/","name":"Lindy - Spanish","description":"Connection Perfection","potentialAction":[{"@type":"SearchAction","target":{"@type":"EntryPoint","urlTemplate":"https:\/\/lindy.com\/es\/?s={search_term_string}"},"query-input":{"@type":"PropertyValueSpecification","valueRequired":true,"valueName":"search_term_string"}}],"inLanguage":"es"}]}},"_links":{"self":[{"href":"https:\/\/lindy.com\/es\/wp-json\/wp\/v2\/pages\/8575","targetHints":{"allow":["GET"]}}],"collection":[{"href":"https:\/\/lindy.com\/es\/wp-json\/wp\/v2\/pages"}],"about":[{"href":"https:\/\/lindy.com\/es\/wp-json\/wp\/v2\/types\/page"}],"author":[{"embeddable":true,"href":"https:\/\/lindy.com\/es\/wp-json\/wp\/v2\/users\/11"}],"replies":[{"embeddable":true,"href":"https:\/\/lindy.com\/es\/wp-json\/wp\/v2\/comments?post=8575"}],"version-history":[{"count":7,"href":"https:\/\/lindy.com\/es\/wp-json\/wp\/v2\/pages\/8575\/revisions"}],"predecessor-version":[{"id":8673,"href":"https:\/\/lindy.com\/es\/wp-json\/wp\/v2\/pages\/8575\/revisions\/8673"}],"wp:attachment":[{"href":"https:\/\/lindy.com\/es\/wp-json\/wp\/v2\/media?parent=8575"}],"curies":[{"name":"wp","href":"https:\/\/api.w.org\/{rel}","templated":true}]}}