{"id":8611,"date":"2025-06-23T11:24:11","date_gmt":"2025-06-23T11:24:11","guid":{"rendered":"https:\/\/lindy.com\/es\/?page_id=8611"},"modified":"2026-04-02T08:14:18","modified_gmt":"2026-04-02T08:14:18","slug":"usb-4","status":"publish","type":"page","link":"https:\/\/lindy.com\/es\/usb-4\/","title":{"rendered":"USB 4"},"content":{"rendered":"\n<section class=\"wp-block-lindy-image-text-module section section--full-width-image full-width-image--with-text theme--dark section--animation-none align--center  font--size-large\" style=\"background-image:url(https:\/\/lindy.com\/fr\/wp-content\/uploads\/sites\/4\/2025\/01\/Landing-page-USB-4-2.jpg)\"><img decoding=\"async\" class=\"full-width-image__image\" src=\"https:\/\/lindy.com\/fr\/wp-content\/uploads\/sites\/4\/2025\/01\/Landing-page-USB-4-2.jpg\"\/><div class=\"contained\"><div class=\"full-width-image__content\"><h2 class=\"section__heading\"><span>USB4<\/span><\/h2><h2 class=\"section__subheading section__subheading__title\">Un nivel<br\/>m\u00e1s alto<\/h2><\/div><\/div><\/section>\n\n\n\n<section class=\"wp-block-lindy-image-text-module section section--full-width-image full-width-image--with-text theme--dark section--animation-up align--center  font--size-medium\" style=\"background-image:url()\"><img decoding=\"async\" class=\"full-width-image__image\" src=\"\"\/><div class=\"contained\"><div class=\"full-width-image__content\"><h2 class=\"section__heading\"><span>El nuevo est\u00e1ndar <\/span><\/h2><h2 class=\"section__subheading section__subheading__title\">PARA un rendimiento m\u00e1ximo<\/h2><p class=\"section__paragraph\"><br\/>Desde 1996, USB (<strong>U<\/strong>niversal <strong>S<\/strong>erial <strong>B<\/strong>us) es de hecho la interfaz universal para perif\u00e9ricos de computadora. Competidores anteriores como Firewire o Thunderbolt no lograron imponerse debido a la amplia aceptaci\u00f3n de USB en el mercado, y la mayor\u00eda han desaparecido hace tiempo (por ejemplo, ADB, PS\/2, SCSI, LVD, IEEE 1284, etc.). Otros, como RS-232, solo sobreviven en nichos industriales. Con USB4, Thunderbolt 3 tambi\u00e9n se integra oficialmente, dando lugar a un nuevo est\u00e1ndar a\u00fan m\u00e1s potente.<br\/><\/p><a href=\"https:\/\/www.lindy.eu\/USB-4.htm?websale8=ld0101.ld021102&amp;ci=800510\" class=\"button button--white-transparent\" target=\"_blank\" rel=\"noopener noreferrer\">Descubre la gama de productos<\/a><\/div><\/div><\/section>\n\n\n\n<section class=\"wp-block-lindy-heading-text section section--heading-text theme--dark align--center  font--size-medium section--animation-none\"><div class=\"contained\"><\/div><\/section>\n\n\n\n<section class=\"wp-block-lindy-image-text-module section section--full-width-image full-width-image--with-text theme--dark section--animation-none align--left  font--size-medium width--half\" style=\"background-image:url()\"><img decoding=\"async\" class=\"full-width-image__image\" src=\"\"\/><div class=\"contained\"><div class=\"full-width-image__content\"><h2 class=\"section__heading\"><span>Historia<\/span><\/h2><h2 class=\"section__subheading section__subheading__title\">de \u00e9xito<strong> <\/strong><\/h2><p class=\"section__paragraph\"><br\/>Con USB 1.0 surgi\u00f3 por primera vez la idea de conectar todos los perif\u00e9ricos a trav\u00e9s de un \u00fanico puerto est\u00e1ndar, una visi\u00f3n revolucionaria en aquel entonces. Gracias a Plug &amp; Play, Hot-Plugging y, para la \u00e9poca, altas velocidades de transferencia (12 Mbit\/s), USB se impuso r\u00e1pidamente.<br\/><br\/>Las versiones posteriores aumentaron significativamente la velocidad de transferencia: USB 2.0 a 480 Mbit\/s, USB 3.0 a 5 Gbit\/s, USB 3.1 a 10 Gbit\/s y USB 3.2 a 20 Gbit\/s. Esto permiti\u00f3 desplazar en gran medida a otras interfaces alternativas, quedando solo las aplicaciones en tiempo real como casos especiales.<\/p><\/div><\/div><\/section>\n\n\n\n<section class=\"wp-block-lindy-image-text-module section section--full-width-image full-width-image--with-text theme--light section--animation-none align--left  font--size-medium width--half\" style=\"background-image:url(https:\/\/lindy.com\/de\/wp-content\/uploads\/sites\/3\/2025\/03\/USB4-success-story.jpg)\"><img decoding=\"async\" class=\"full-width-image__image\" src=\"https:\/\/lindy.com\/de\/wp-content\/uploads\/sites\/3\/2025\/03\/USB4-success-story.jpg\"\/><div class=\"contained\"><div class=\"full-width-image__content\"><\/div><\/div><\/section>\n\n\n\n<section class=\"wp-block-lindy-image-text-module section section--full-width-image full-width-image--with-text theme--light section--animation-none align--left  font--size-medium width--half\" style=\"background-image:url(https:\/\/lindy.com\/de\/wp-content\/uploads\/sites\/3\/2025\/06\/USB4-Thunderbolt-2.jpg)\"><img decoding=\"async\" class=\"full-width-image__image\" src=\"https:\/\/lindy.com\/de\/wp-content\/uploads\/sites\/3\/2025\/06\/USB4-Thunderbolt-2.jpg\"\/><div class=\"contained\"><div class=\"full-width-image__content\"><\/div><\/div><\/section>\n\n\n\n<section class=\"wp-block-lindy-image-text-module section section--full-width-image full-width-image--with-text theme--light section--animation-none align--left  font--size-medium width--half\" style=\"background-image:url()\"><img decoding=\"async\" class=\"full-width-image__image\" src=\"\"\/><div class=\"contained\"><div class=\"full-width-image__content\"><h2 class=\"section__heading\"><span><strong>Rayo y<\/strong><\/span><\/h2><h2 class=\"section__subheading section__subheading__title\">Rel\u00e1mpago<\/h2><p class=\"section__paragraph\"><br\/>En 2011, Intel y Apple presentaron Thunderbolt. Est\u00e1 basado en DisplayPort y utiliza un canal de datos PCIe bidireccional, lo que permiti\u00f3 velocidades m\u00e1s altas. Thunderbolt 3 introdujo el conector USB-C. Al principio, Thunderbolt era un competidor fuerte y serio, con el doble de velocidad que USB 3.0. Sin embargo, no logr\u00f3 imponerse debido a la amplia difusi\u00f3n de USB y a la producci\u00f3n m\u00e1s econ\u00f3mica del hardware USB, ni siquiera con la introducci\u00f3n de la compatibilidad hacia atr\u00e1s con USB 3.1.<\/p><\/div><\/div><\/section>\n\n\n\n<section class=\"wp-block-lindy-image-text-module section section--full-width-image full-width-image--with-text theme--dark section--animation-none align--left  font--size-medium width--half\" style=\"background-image:url()\"><img decoding=\"async\" class=\"full-width-image__image\" src=\"\"\/><div class=\"contained\"><div class=\"full-width-image__content\"><h2 class=\"section__heading\"><span><strong>de dos<\/strong><\/span><\/h2><h2 class=\"section__subheading section__subheading__title\">haz uno<\/h2><p class=\"section__paragraph\"><br\/>Con USB4 se unieron por primera vez las fortalezas de USB y Thunderbolt. El nuevo est\u00e1ndar ofrece velocidades de transferencia de hasta 40 Gbit\/s \u2014 el doble que USB 3.2 \u2014 y combina la flexibilidad de los hubs USB con el rendimiento de Thunderbolt. Gracias a la integraci\u00f3n de PCIe, DisplayPort (modo alternativo) y USB 2.0, USB4 es especialmente vers\u00e1til, ideal para transferencias r\u00e1pidas de datos, se\u00f1ales AV y la conexi\u00f3n de diversos dispositivos.<\/p><\/div><\/div><\/section>\n\n\n\n<section class=\"wp-block-lindy-image-text-module section section--full-width-image full-width-image--with-text theme--dark section--animation-none align--left  font--size-medium width--half\" style=\"background-image:url(https:\/\/lindy.com\/es\/wp-content\/uploads\/sites\/7\/2026\/04\/USB4_Landing-Page_Speed-USB_ES.png)\"><img decoding=\"async\" class=\"full-width-image__image\" src=\"https:\/\/lindy.com\/es\/wp-content\/uploads\/sites\/7\/2026\/04\/USB4_Landing-Page_Speed-USB_ES.png\"\/><div class=\"contained\"><div class=\"full-width-image__content\"><\/div><\/div><\/section>\n\n\n\n<section class=\"wp-block-lindy-image-text-module section section--full-width-image full-width-image--with-text theme--dark section--animation-none align--center  font--size-medium\" style=\"background-image:url()\"><img decoding=\"async\" class=\"full-width-image__image\" src=\"\"\/><div class=\"contained\"><div class=\"full-width-image__content\"><h2 class=\"section__heading\"><span>El todo<\/span><\/h2><h2 class=\"section__subheading section__subheading__title\">y la suma de sus partes<\/h2><p class=\"section__paragraph\"><br\/>USB4 re\u00fane varios protocolos como USB 2.0, Superspeed mejorado, PCIe y DisplayPort. Esto es posible gracias a una arquitectura interna inteligente con controladores, conmutadores y un llamado router que coordina la comunicaci\u00f3n. El conector USB-C sigue siendo el centro: mediante el modo alternativo DisplayPort, permite no solo la transmisi\u00f3n de datos, sino tambi\u00e9n de se\u00f1ales AV, por ejemplo, a monitores o proyectores. Al conectar nuevos dispositivos, primero se negocian autom\u00e1ticamente los protocolos y velocidades que se usar\u00e1n. Aunque son posibles hasta 40 Gbit\/s, USB4 garantiza seg\u00fan la especificaci\u00f3n solo 20 Gbit\/s; dependiendo del host, los dispositivos Thunderbolt 3 pueden funcionar a velocidades m\u00e1s bajas. Vale la pena revisar las especificaciones del hardware.<\/p><\/div><\/div><\/section>\n\n\n\n<section class=\"wp-block-lindy-parallax-hero section parallax-hero theme--dark align--right  font--size-medium\" style=\"background-image:url(https:\/\/lindy.com\/fr\/wp-content\/uploads\/sites\/4\/2025\/01\/USB-4-Parallex.jpg)\"><div class=\"contained contained--full-width\"><div class=\"parallax-hero__content\"><div class=\"parallax-hero__content-wrapper align--right\"><h2 class=\"section__heading\"><span><br\/><br\/><br\/><\/span><\/h2><\/div><\/div><\/div><\/section>\n\n\n\n<section class=\"wp-block-lindy-image-text-module section section--full-width-image full-width-image--with-text theme--dark section--animation-none align--left  font--size-medium width--half\" style=\"background-image:url()\"><img decoding=\"async\" class=\"full-width-image__image\" src=\"\"\/><div class=\"contained\"><div class=\"full-width-image__content\"><h2 class=\"section__heading\"><span><strong>babilonia<\/strong><\/span><\/h2><h2 class=\"section__subheading section__subheading__title\">saluda<\/h2><p class=\"section__paragraph\"><br\/>Desde USB 3.1, la nomenclatura ha causado confusi\u00f3n: USB 3.0 (5 Gbit\/s) pas\u00f3 a llamarse USB 3.1 Gen 1, y USB 3.1 (10 Gbit\/s) se renombr\u00f3 como USB 3.1 Gen 2. Con USB 3.2 llegaron m\u00e1s variantes:<br\/><strong>USB 3.2 Gen 1<\/strong> = 5 Gbit\/s<br\/><strong>USB 3.2 Gen 2<\/strong> = 10 Gbit\/s<br\/><strong>USB 3.2 Gen 2\u00d72<\/strong> = 20 Gbit\/s<br\/><br\/>USB4 contin\u00faa esta l\u00f3gica:<br\/><strong>USB4 Gen 2\u00d72<\/strong> = 20 Gbit\/s<br\/><strong>USB4 Gen 3\u00d72<\/strong> = 40 Gbit\/s<br\/><br\/>Si las versiones antiguas de USB ser\u00e1n renombradas nuevamente en el futuro est\u00e1 por verse, pero lo que est\u00e1 claro es que quien compre debe prestar mucha atenci\u00f3n a las denominaciones.<\/p><\/div><\/div><\/section>\n\n\n\n<section class=\"wp-block-lindy-image-text-module section section--full-width-image full-width-image--with-text theme--light section--animation-none align--left  font--size-medium width--half\" style=\"background-image:url(https:\/\/lindy.com\/de\/wp-content\/uploads\/sites\/3\/2025\/06\/USB-4-Symbole-EN-HW-1.png)\"><img decoding=\"async\" class=\"full-width-image__image\" src=\"https:\/\/lindy.com\/de\/wp-content\/uploads\/sites\/3\/2025\/06\/USB-4-Symbole-EN-HW-1.png\"\/><div class=\"contained\"><div class=\"full-width-image__content\"><\/div><\/div><\/section>\n\n\n\n<section class=\"wp-block-lindy-image-text-module section section--full-width-image full-width-image--with-text theme--dark section--animation-none align--center  font--size-medium width--half\" style=\"background-image:url(https:\/\/lindy.com\/de\/wp-content\/uploads\/sites\/3\/2025\/03\/e-without-icon-1.jpg)\"><img decoding=\"async\" class=\"full-width-image__image\" src=\"https:\/\/lindy.com\/de\/wp-content\/uploads\/sites\/3\/2025\/03\/e-without-icon-1.jpg\"\/><div class=\"contained\"><div class=\"full-width-image__content\"><h2 class=\"section__subheading section__subheading__title\"><br\/><br\/><\/h2><p class=\"section__paragraph\"><br\/><br\/><br\/><\/p><\/div><\/div><\/section>\n\n\n\n<section class=\"wp-block-lindy-image-text-module section section--full-width-image full-width-image--with-text theme--dark section--animation-none align--left  font--size-medium width--half\" style=\"background-image:url()\"><img decoding=\"async\" class=\"full-width-image__image\" src=\"\"\/><div class=\"contained\"><div class=\"full-width-image__content\"><h2 class=\"section__heading\"><span>Adopci\u00f3n total<\/span><\/h2><h2 class=\"section__subheading section__subheading__title\">Power Delivery<\/h2><p class=\"section__paragraph\"><br\/>USB4 adopta completamente el est\u00e1ndar Power Delivery, que regula la alimentaci\u00f3n el\u00e9ctrica entre el host, los hubs y los dispositivos \u2014 incluyendo el cambio de direcci\u00f3n y diversos perfiles de potencia, con PD 3.0 ofreciendo hasta <strong>20 V \/ 5 A (100 W)<\/strong> y, seg\u00fan el est\u00e1ndar m\u00e1s reciente Power Delivery (PD 3.1), incluso hasta <strong>240 W<\/strong> con <strong>48 V \/ 5 A.<\/strong><br\/> <br\/>Gracias al chip E-Marker, los cables reconocen autom\u00e1ticamente la corriente que pueden soportar. As\u00ed, por ejemplo, un port\u00e1til puede cargarse y transferir datos simult\u00e1neamente a trav\u00e9s de un \u00fanico cable USB-C, lo que es ideal para docking stations y una configuraci\u00f3n ordenada.<\/p><\/div><\/div><\/section>\n\n\n\n<section class=\"wp-block-lindy-image-text-module section section--full-width-image full-width-image--with-text theme--light section--animation-none align--left  font--size-medium width--half\" style=\"background-image:url()\"><img decoding=\"async\" class=\"full-width-image__image\" src=\"\"\/><div class=\"contained\"><div class=\"full-width-image__content\"><h2 class=\"section__heading\"><span><strong>\u00bfQu\u00e9 significa esto<\/strong><\/span><\/h2><h2 class=\"section__subheading section__subheading__title\">para el usuario?<\/h2><p class=\"section__paragraph\"><br\/>USB4 simplifica muchas cosas: mayores anchos de banda, est\u00e1ndares uniformes y un tipo de conector com\u00fan \u2013 <strong>USB-C<\/strong>. Quienes posean dispositivos que soporten la funcionalidad completa de USB4 con <strong>40 Gbit\/s<\/strong> y <strong>Power Delivery<\/strong> se beneficiar\u00e1n de un rendimiento m\u00e1ximo con un m\u00ednimo de cables. Antes era necesario examinar detenidamente logotipos y especificaciones; hoy, USB4 garantiza una mayor compatibilidad.<br\/><br\/>Sin embargo, se requiere <strong>atenci\u00f3n<\/strong>: No todos los puertos USB-C ofrecen autom\u00e1ticamente el rendimiento completo de USB4. Por lo tanto, al comprar, se debe prestar atenci\u00f3n a la <strong>velocidad<\/strong> (designaci\u00f3n Gen) y al <strong>soporte de PD<\/strong> (Power Delivery).<br\/><br\/>La nueva versi\u00f3n <strong>USB4 2.0<\/strong> ya trae el siguiente paso de desarrollo: Con hasta <strong>80 Gbit\/s<\/strong> y la consecuente compatibilidad con DisplayPort 2.1 en el DisplayPort Alternate Mode, la tasa de datos se duplica de nuevo, ideal para perif\u00e9ricos de alta gama como pantallas 8K o SSDs especialmente r\u00e1pidas. Gracias a la retrocompatibilidad, el conector sigue siendo el mismo, pero aqu\u00ed tambi\u00e9n se aplica: Solo los cables y dispositivos adecuados pueden aprovechar todo el potencial.<\/p><\/div><\/div><\/section>\n\n\n\n<section class=\"wp-block-lindy-image-text-module section section--full-width-image full-width-image--with-text theme--light section--animation-none align--left  font--size-medium width--half\" style=\"background-image:url(https:\/\/lindy.com\/de\/wp-content\/uploads\/sites\/3\/2025\/03\/USB4-power-delivery.jpg)\"><img decoding=\"async\" class=\"full-width-image__image\" src=\"https:\/\/lindy.com\/de\/wp-content\/uploads\/sites\/3\/2025\/03\/USB4-power-delivery.jpg\"\/><div class=\"contained\"><div class=\"full-width-image__content\"><\/div><\/div><\/section>\n\n\n\n<section class=\"wp-block-lindy-heading-text section section--heading-text theme--dark align--center  font--size-medium section--animation-none\"><div class=\"contained\"><h2 class=\"section__heading\"><span><br\/>Tiene preguntas o desea una consulta personalizada?<\/span><\/h2><h2 class=\"section__subheading section__subheading__title\">Hable con nuestros expertos.<br\/><br\/><br\/><\/h2><\/div><\/section>\n\n\n\n<section class=\"wp-block-lindy-image-text-module section section--full-width-image full-width-image--with-text theme--dark section--animation-none align--center  font--size-medium\" style=\"background-image:url(https:\/\/lindy.com\/es\/wp-content\/uploads\/sites\/7\/2024\/11\/ES_Supportteam-ES_Termin-vereinbaren.jpg)\"><img decoding=\"async\" class=\"full-width-image__image\" src=\"https:\/\/lindy.com\/es\/wp-content\/uploads\/sites\/7\/2024\/11\/ES_Supportteam-ES_Termin-vereinbaren.jpg\"\/><div class=\"contained\"><div class=\"full-width-image__content\"><h2 class=\"section__heading\"><span><br\/><br\/><\/span><\/h2><h2 class=\"section__subheading section__subheading__title\"><br\/><br\/><\/h2><p class=\"section__paragraph\"><br\/><br\/><br\/><\/p><a href=\"https:\/\/lindy.com\/es\/contact\/\" class=\"button button--white-transparent\" target=\"_self\" rel=\"noopener noreferrer\">Contactar<\/a><\/div><\/div><\/section>\n","protected":false},"excerpt":{"rendered":"","protected":false},"author":21,"featured_media":0,"parent":0,"menu_order":0,"comment_status":"closed","ping_status":"closed","template":"page-templates\/template-landing.php","meta":{"_acf_changed":false,"footnotes":""},"class_list":["post-8611","page","type-page","status-publish","hentry"],"acf":[],"yoast_head":"<!-- This site is optimized with the Yoast SEO plugin v26.6 - https:\/\/yoast.com\/wordpress\/plugins\/seo\/ -->\n<title>USB 4 - Lindy - Spanish<\/title>\n<meta name=\"robots\" content=\"index, follow, max-snippet:-1, max-image-preview:large, max-video-preview:-1\" \/>\n<link rel=\"canonical\" href=\"https:\/\/lindy.com\/es\/usb-4\/\" \/>\n<meta property=\"og:locale\" content=\"es_ES\" \/>\n<meta property=\"og:type\" content=\"article\" \/>\n<meta property=\"og:title\" content=\"USB 4 - Lindy - Spanish\" \/>\n<meta property=\"og:url\" content=\"https:\/\/lindy.com\/es\/usb-4\/\" \/>\n<meta property=\"og:site_name\" content=\"Lindy - Spanish\" \/>\n<meta property=\"article:modified_time\" content=\"2026-04-02T08:14:18+00:00\" \/>\n<meta property=\"og:image\" content=\"https:\/\/lindy.com\/fr\/wp-content\/uploads\/sites\/4\/2025\/01\/Landing-page-USB-4-2.jpg\" \/>\n<meta name=\"twitter:card\" content=\"summary_large_image\" \/>\n<meta name=\"twitter:label1\" content=\"Tiempo de lectura\" \/>\n\t<meta name=\"twitter:data1\" content=\"8 minutos\" \/>\n<script type=\"application\/ld+json\" class=\"yoast-schema-graph\">{\"@context\":\"https:\/\/schema.org\",\"@graph\":[{\"@type\":\"WebPage\",\"@id\":\"https:\/\/lindy.com\/es\/usb-4\/\",\"url\":\"https:\/\/lindy.com\/es\/usb-4\/\",\"name\":\"USB 4 - Lindy - Spanish\",\"isPartOf\":{\"@id\":\"https:\/\/lindy.com\/es\/#website\"},\"primaryImageOfPage\":{\"@id\":\"https:\/\/lindy.com\/es\/usb-4\/#primaryimage\"},\"image\":{\"@id\":\"https:\/\/lindy.com\/es\/usb-4\/#primaryimage\"},\"thumbnailUrl\":\"https:\/\/lindy.com\/fr\/wp-content\/uploads\/sites\/4\/2025\/01\/Landing-page-USB-4-2.jpg\",\"datePublished\":\"2025-06-23T11:24:11+00:00\",\"dateModified\":\"2026-04-02T08:14:18+00:00\",\"breadcrumb\":{\"@id\":\"https:\/\/lindy.com\/es\/usb-4\/#breadcrumb\"},\"inLanguage\":\"es\",\"potentialAction\":[{\"@type\":\"ReadAction\",\"target\":[\"https:\/\/lindy.com\/es\/usb-4\/\"]}]},{\"@type\":\"ImageObject\",\"inLanguage\":\"es\",\"@id\":\"https:\/\/lindy.com\/es\/usb-4\/#primaryimage\",\"url\":\"https:\/\/lindy.com\/fr\/wp-content\/uploads\/sites\/4\/2025\/01\/Landing-page-USB-4-2.jpg\",\"contentUrl\":\"https:\/\/lindy.com\/fr\/wp-content\/uploads\/sites\/4\/2025\/01\/Landing-page-USB-4-2.jpg\"},{\"@type\":\"BreadcrumbList\",\"@id\":\"https:\/\/lindy.com\/es\/usb-4\/#breadcrumb\",\"itemListElement\":[{\"@type\":\"ListItem\",\"position\":1,\"name\":\"Home\",\"item\":\"https:\/\/lindy.com\/es\/\"},{\"@type\":\"ListItem\",\"position\":2,\"name\":\"USB 4\"}]},{\"@type\":\"WebSite\",\"@id\":\"https:\/\/lindy.com\/es\/#website\",\"url\":\"https:\/\/lindy.com\/es\/\",\"name\":\"Lindy - Spanish\",\"description\":\"Connection Perfection\",\"potentialAction\":[{\"@type\":\"SearchAction\",\"target\":{\"@type\":\"EntryPoint\",\"urlTemplate\":\"https:\/\/lindy.com\/es\/?s={search_term_string}\"},\"query-input\":{\"@type\":\"PropertyValueSpecification\",\"valueRequired\":true,\"valueName\":\"search_term_string\"}}],\"inLanguage\":\"es\"}]}<\/script>\n<!-- \/ Yoast SEO plugin. -->","yoast_head_json":{"title":"USB 4 - Lindy - Spanish","robots":{"index":"index","follow":"follow","max-snippet":"max-snippet:-1","max-image-preview":"max-image-preview:large","max-video-preview":"max-video-preview:-1"},"canonical":"https:\/\/lindy.com\/es\/usb-4\/","og_locale":"es_ES","og_type":"article","og_title":"USB 4 - Lindy - Spanish","og_url":"https:\/\/lindy.com\/es\/usb-4\/","og_site_name":"Lindy - Spanish","article_modified_time":"2026-04-02T08:14:18+00:00","og_image":[{"url":"https:\/\/lindy.com\/fr\/wp-content\/uploads\/sites\/4\/2025\/01\/Landing-page-USB-4-2.jpg","type":"","width":"","height":""}],"twitter_card":"summary_large_image","twitter_misc":{"Tiempo de lectura":"8 minutos"},"schema":{"@context":"https:\/\/schema.org","@graph":[{"@type":"WebPage","@id":"https:\/\/lindy.com\/es\/usb-4\/","url":"https:\/\/lindy.com\/es\/usb-4\/","name":"USB 4 - Lindy - Spanish","isPartOf":{"@id":"https:\/\/lindy.com\/es\/#website"},"primaryImageOfPage":{"@id":"https:\/\/lindy.com\/es\/usb-4\/#primaryimage"},"image":{"@id":"https:\/\/lindy.com\/es\/usb-4\/#primaryimage"},"thumbnailUrl":"https:\/\/lindy.com\/fr\/wp-content\/uploads\/sites\/4\/2025\/01\/Landing-page-USB-4-2.jpg","datePublished":"2025-06-23T11:24:11+00:00","dateModified":"2026-04-02T08:14:18+00:00","breadcrumb":{"@id":"https:\/\/lindy.com\/es\/usb-4\/#breadcrumb"},"inLanguage":"es","potentialAction":[{"@type":"ReadAction","target":["https:\/\/lindy.com\/es\/usb-4\/"]}]},{"@type":"ImageObject","inLanguage":"es","@id":"https:\/\/lindy.com\/es\/usb-4\/#primaryimage","url":"https:\/\/lindy.com\/fr\/wp-content\/uploads\/sites\/4\/2025\/01\/Landing-page-USB-4-2.jpg","contentUrl":"https:\/\/lindy.com\/fr\/wp-content\/uploads\/sites\/4\/2025\/01\/Landing-page-USB-4-2.jpg"},{"@type":"BreadcrumbList","@id":"https:\/\/lindy.com\/es\/usb-4\/#breadcrumb","itemListElement":[{"@type":"ListItem","position":1,"name":"Home","item":"https:\/\/lindy.com\/es\/"},{"@type":"ListItem","position":2,"name":"USB 4"}]},{"@type":"WebSite","@id":"https:\/\/lindy.com\/es\/#website","url":"https:\/\/lindy.com\/es\/","name":"Lindy - Spanish","description":"Connection Perfection","potentialAction":[{"@type":"SearchAction","target":{"@type":"EntryPoint","urlTemplate":"https:\/\/lindy.com\/es\/?s={search_term_string}"},"query-input":{"@type":"PropertyValueSpecification","valueRequired":true,"valueName":"search_term_string"}}],"inLanguage":"es"}]}},"_links":{"self":[{"href":"https:\/\/lindy.com\/es\/wp-json\/wp\/v2\/pages\/8611","targetHints":{"allow":["GET"]}}],"collection":[{"href":"https:\/\/lindy.com\/es\/wp-json\/wp\/v2\/pages"}],"about":[{"href":"https:\/\/lindy.com\/es\/wp-json\/wp\/v2\/types\/page"}],"author":[{"embeddable":true,"href":"https:\/\/lindy.com\/es\/wp-json\/wp\/v2\/users\/21"}],"replies":[{"embeddable":true,"href":"https:\/\/lindy.com\/es\/wp-json\/wp\/v2\/comments?post=8611"}],"version-history":[{"count":7,"href":"https:\/\/lindy.com\/es\/wp-json\/wp\/v2\/pages\/8611\/revisions"}],"predecessor-version":[{"id":9821,"href":"https:\/\/lindy.com\/es\/wp-json\/wp\/v2\/pages\/8611\/revisions\/9821"}],"wp:attachment":[{"href":"https:\/\/lindy.com\/es\/wp-json\/wp\/v2\/media?parent=8611"}],"curies":[{"name":"wp","href":"https:\/\/api.w.org\/{rel}","templated":true}]}}