{"id":8689,"date":"2025-07-21T07:23:49","date_gmt":"2025-07-21T07:23:49","guid":{"rendered":"https:\/\/lindy.com\/es\/?page_id=8689"},"modified":"2025-09-23T07:05:40","modified_gmt":"2025-09-23T07:05:40","slug":"case-study-neat-application","status":"publish","type":"page","link":"https:\/\/lindy.com\/es\/case-study-neat-application\/","title":{"rendered":"CASE STUDY NEAT APPLICATION"},"content":{"rendered":"\n<section class=\"wp-block-lindy-image-text-module section section--full-width-image full-width-image--with-text theme--dark section--animation-none align--center  font--size-large\" style=\"background-image:url(https:\/\/lindy.com\/eu\/wp-content\/uploads\/sites\/10\/2025\/07\/Header-Neat-Landing-page.jpg)\"><img decoding=\"async\" class=\"full-width-image__image\" src=\"https:\/\/lindy.com\/eu\/wp-content\/uploads\/sites\/10\/2025\/07\/Header-Neat-Landing-page.jpg\"\/><div class=\"contained\"><div class=\"full-width-image__content\"><h2 class=\"section__heading\"><span>DISE\u00d1ADOS PARA TRABAJAR JUNTOS<\/span><\/h2><h2 class=\"section__subheading section__subheading__title\">INTELIGENCIA NEAT CONEXI\u00d3N LINDY<\/h2><\/div><\/div><\/section>\n\n\n\n<section class=\"wp-block-lindy-image-text-module section section--full-width-image full-width-image--with-text theme--light section--animation-none align--center font--camber font--size-medium\" style=\"background-image:url()\"><img decoding=\"async\" class=\"full-width-image__image\" src=\"\"\/><div class=\"contained\"><div class=\"full-width-image__content\"><h2 class=\"section__subheading section__subheading__title\">DOS MARCAS, UNA EXPERIENCIA TRANSPARENTE<\/h2><p class=\"section__paragraph\"><br\/>La alianza entre Lindy, l\u00edder mundial en soluciones de conectividad, y Neat, pionero en tecnolog\u00eda innovadora de colaboraci\u00f3n por video, une dos fuerzas complementarias. La misi\u00f3n compartida de esta asociaci\u00f3n es simplificar y mejorar la experiencia de las reuniones mediante una integraci\u00f3n potente, elegante y confiable.<\/p><\/div><\/div><\/section>\n\n\n\n<section class=\"wp-block-lindy-image-text-module section section--full-width-image full-width-image--with-text theme--dark section--animation-none align--left  font--size-medium width--half\" style=\"background-image:url(https:\/\/lindy.com\/eu\/wp-content\/uploads\/sites\/10\/2025\/07\/universal_upscale_0_308aa43e-81e5-4eca-9b51-6460fb3243fe_0.jpg)\"><img decoding=\"async\" class=\"full-width-image__image\" src=\"https:\/\/lindy.com\/eu\/wp-content\/uploads\/sites\/10\/2025\/07\/universal_upscale_0_308aa43e-81e5-4eca-9b51-6460fb3243fe_0.jpg\"\/><div class=\"contained\"><div class=\"full-width-image__content\"><\/div><\/div><\/section>\n\n\n\n<section class=\"wp-block-lindy-image-text-module section section--full-width-image full-width-image--with-text theme--dark section--animation-none align--left  font--size-medium width--half\" style=\"background-image:url()\"><img decoding=\"async\" class=\"full-width-image__image\" src=\"\"\/><div class=\"contained\"><div class=\"full-width-image__content\"><h2 class=\"section__heading\"><span>EL DESAF\u00cdO<\/span><\/h2><p class=\"section__paragraph\"><br\/>Los espacios de reuni\u00f3n actuales requieren m\u00e1s que una conectividad est\u00e1ndar. La integraci\u00f3n de soluciones avanzadas de colaboraci\u00f3n por video, ofrecidas por empresas como Neat, a menudo implica enfrentar desaf\u00edos como la transmisi\u00f3n de se\u00f1ales a largas distancias, mantener una instalaci\u00f3n ordenada y garantizar la compatibilidad entre diversas configuraciones de sala, \u00e1reas en las que las soluciones tradicionales de cableado suelen fallar.<\/p><\/div><\/div><\/section>\n\n\n\n<section class=\"wp-block-lindy-image-text-module section section--full-width-image full-width-image--with-text theme--light section--animation-none align--left  font--size-medium width--half\" style=\"background-image:url()\"><img decoding=\"async\" class=\"full-width-image__image\" src=\"\"\/><div class=\"contained\"><div class=\"full-width-image__content\"><h2 class=\"section__heading\"><span>LA SOLUCI\u00d3N<\/span><\/h2><p class=\"section__paragraph\"><br\/>Lindy y Neat comparten un compromiso con la simplicidad, el rendimiento y la fiabilidad, lo que hace que sus productos sean naturalmente compatibles. Los dispositivos intuitivos de Neat se integran perfectamente con las soluciones USB-C y HDMI de alto rendimiento de Lindy, garantizando una funcionalidad completa sin importar el tama\u00f1o de la sala. Juntos, ofrecen una experiencia AV simplificada y confiable, ideal para espacios de reuni\u00f3n modernos y preparados para el futuro.<\/p><\/div><\/div><\/section>\n\n\n\n<section class=\"wp-block-lindy-image-text-module section section--full-width-image full-width-image--with-text theme--light section--animation-none align--left  font--size-medium width--half\" style=\"background-image:url()\"><img decoding=\"async\" class=\"full-width-image__image\" src=\"\"\/><div class=\"contained\"><div class=\"full-width-image__content\"><p class=\"section__paragraph\"><iframe loading=\"lazy\" title=\"LINDY 70m Cat.6 BYOD EXTENDER Test\" width=\"500\" height=\"281\" src=\"https:\/\/www.youtube.com\/embed\/4L9pQ0L_Xn0?feature=oembed\" frameborder=\"0\" allow=\"accelerometer; autoplay; clipboard-write; encrypted-media; gyroscope; picture-in-picture; web-share\" referrerpolicy=\"strict-origin-when-cross-origin\" allowfullscreen><\/iframe><\/p><\/div><\/div><\/section>\n\n\n\n<section class=\"wp-block-lindy-heading-text section section--heading-text theme--dark align--center  font--size-medium section--animation-none\"><div class=\"contained\"><h2 class=\"section__heading\"><span>PRODUCTOS DISE\u00d1ADOS PARA INTEGRARSE<\/span><\/h2><\/div><\/section>\n\n\n\n<section class=\"wp-block-lindy-image-text-module section section--full-width-image full-width-image--with-text theme--dark section--animation-none align--left  font--size-medium width--half\" style=\"background-image:url(https:\/\/lindy.com\/de\/wp-content\/uploads\/sites\/3\/2025\/07\/Neat-bar-gen2.jpg)\"><img decoding=\"async\" class=\"full-width-image__image\" src=\"https:\/\/lindy.com\/de\/wp-content\/uploads\/sites\/3\/2025\/07\/Neat-bar-gen2.jpg\"\/><div class=\"contained\"><div class=\"full-width-image__content\"><\/div><\/div><\/section>\n\n\n\n<section class=\"wp-block-lindy-image-text-module section section--full-width-image full-width-image--with-text theme--light section--animation-none align--left  font--size-medium width--half\" style=\"background-image:url()\"><img decoding=\"async\" class=\"full-width-image__image\" src=\"\"\/><div class=\"contained\"><div class=\"full-width-image__content\"><h2 class=\"section__heading\"><span>Neat Bar Generation 2<\/span><\/h2><h2 class=\"section__subheading section__subheading__title\"><br\/><\/h2><p class=\"section__paragraph\">Integraci\u00f3n perfecta con Zoom y Teams, ideal para salas peque\u00f1as y medianas.<br\/>C\u00e1mara gran angular de 50 megap\u00edxeles con encuadre inteligente y seguimiento del orador.<\/p><\/div><\/div><\/section>\n\n\n\n<section class=\"wp-block-lindy-image-text-module section section--full-width-image full-width-image--with-text theme--dark section--animation-none align--left  font--size-medium width--half\" style=\"background-image:url()\"><img decoding=\"async\" class=\"full-width-image__image\" src=\"\"\/><div class=\"contained\"><div class=\"full-width-image__content\"><h2 class=\"section__heading\"><span>Neat Board 50<\/span><\/h2><h2 class=\"section__subheading section__subheading__title\"><br\/><\/h2><p class=\"section__paragraph\">Pantalla t\u00e1ctil 4K de 50 pulgadas con recubrimiento antirreflejo y antihuellas.<br\/>Soporte de mesa incluido, soportes de pared y adaptativos opcionales.<\/p><\/div><\/div><\/section>\n\n\n\n<section class=\"wp-block-lindy-image-text-module section section--full-width-image full-width-image--with-text theme--light section--animation-none align--left  font--size-medium width--half\" style=\"background-image:url(https:\/\/lindy.com\/de\/wp-content\/uploads\/sites\/3\/2025\/07\/Neat-Board-50-HW.jpg)\"><img decoding=\"async\" class=\"full-width-image__image\" src=\"https:\/\/lindy.com\/de\/wp-content\/uploads\/sites\/3\/2025\/07\/Neat-Board-50-HW.jpg\"\/><div class=\"contained\"><div class=\"full-width-image__content\"><\/div><\/div><\/section>\n\n\n\n<section class=\"wp-block-lindy-image-text-module section section--full-width-image full-width-image--with-text theme--light section--animation-none align--left  font--size-medium width--half\" style=\"background-image:url(https:\/\/lindy.com\/de\/wp-content\/uploads\/sites\/3\/2025\/07\/Neat-Board-Pro-W.jpg)\"><img decoding=\"async\" class=\"full-width-image__image\" src=\"https:\/\/lindy.com\/de\/wp-content\/uploads\/sites\/3\/2025\/07\/Neat-Board-Pro-W.jpg\"\/><div class=\"contained\"><div class=\"full-width-image__content\"><\/div><\/div><\/section>\n\n\n\n<section class=\"wp-block-lindy-image-text-module section section--full-width-image full-width-image--with-text theme--light section--animation-none align--left  font--size-medium width--half\" style=\"background-image:url()\"><img decoding=\"async\" class=\"full-width-image__image\" src=\"\"\/><div class=\"contained\"><div class=\"full-width-image__content\"><h2 class=\"section__heading\"><span>Neat Board Pro<\/span><\/h2><h2 class=\"section__subheading section__subheading__title\"><br\/><\/h2><p class=\"section__paragraph\">Dos c\u00e1maras de 50 megap\u00edxeles con zoom 16x con encuadre autom\u00e1tico y siguen a los participantes.<br\/>Pantalla t\u00e1ctil 4K de 65 pulgadas con superficie antirreflejo y antihuellas.<\/p><\/div><\/div><\/section>\n\n\n\n<section class=\"wp-block-lindy-image-text-module section section--full-width-image full-width-image--with-text theme--dark section--animation-none align--left  font--size-medium width--half\" style=\"background-image:url()\"><img decoding=\"async\" class=\"full-width-image__image\" src=\"\"\/><div class=\"contained\"><div class=\"full-width-image__content\"><h2 class=\"section__heading\"><span>DST-Pro Universal Laptop Docking Stations<\/span><\/h2><h2 class=\"section__subheading section__subheading__title\"><br\/><\/h2><p class=\"section__paragraph\">Alimenta su port\u00e1til con hasta 100 W mientras conecta tres pantallas 4K y perif\u00e9ricos a trav\u00e9s de un solo cable.<br\/><br\/>No. 43366<\/p><a href=\"https:\/\/www.lindy.eu\/.htm?websale8=ld0101.ld021102&amp;pi=43366&amp;ci=50\" class=\"button button--white-transparent\" target=\"_blank\" rel=\"noopener noreferrer\">VER M\u00c1S<\/a><\/div><\/div><\/section>\n\n\n\n<section class=\"wp-block-lindy-image-text-module section section--full-width-image full-width-image--with-text theme--dark section--animation-none align--left  font--size-medium width--half\" style=\"background-image:url(https:\/\/lindy.com\/es\/wp-content\/uploads\/sites\/7\/2025\/09\/43366-Cable-HW.jpg)\"><img decoding=\"async\" class=\"full-width-image__image\" src=\"https:\/\/lindy.com\/es\/wp-content\/uploads\/sites\/7\/2025\/09\/43366-Cable-HW.jpg\"\/><div class=\"contained\"><div class=\"full-width-image__content\"><\/div><\/div><\/section>\n\n\n\n<section class=\"wp-block-lindy-image-text-module section section--full-width-image full-width-image--with-text theme--light section--animation-none align--left  font--size-medium width--half\" style=\"background-image:url(https:\/\/lindy.com\/de\/wp-content\/uploads\/sites\/3\/2025\/07\/38346-HW.jpg)\"><img decoding=\"async\" class=\"full-width-image__image\" src=\"https:\/\/lindy.com\/de\/wp-content\/uploads\/sites\/3\/2025\/07\/38346-HW.jpg\"\/><div class=\"contained\"><div class=\"full-width-image__content\"><\/div><\/div><\/section>\n\n\n\n<section class=\"wp-block-lindy-image-text-module section section--full-width-image full-width-image--with-text theme--light section--animation-none align--left  font--size-medium width--half\" style=\"background-image:url()\"><img decoding=\"async\" class=\"full-width-image__image\" src=\"\"\/><div class=\"contained\"><div class=\"full-width-image__content\"><h2 class=\"section__heading\"><span>Extensor KVM Cat.6A HDMI 4K60 y Type C HDBaseT 3.0, 70 m de Lindy<\/span><\/h2><h2 class=\"section__subheading section__subheading__title\"><br\/><\/h2><p class=\"section__paragraph\">Proporciona 4K@60Hz, USB y 60W Type C sobre 70 m Cat.6A con IR, RS-232, salida de audio y alimentaci\u00f3n por cable.<br\/><br\/>No. 38346<\/p><a href=\"https:\/\/www.lindy.eu\/?websale8=ld0101.ld021102&amp;pi=38346\" class=\"button button--dark\" target=\"_blank\" rel=\"noopener noreferrer\">VER M\u00c1S<\/a><\/div><\/div><\/section>\n\n\n\n<section class=\"wp-block-lindy-image-text-module section section--full-width-image full-width-image--with-text theme--dark section--animation-none align--left  font--size-medium width--half\" style=\"background-image:url(https:\/\/lindy.com\/de\/wp-content\/uploads\/sites\/3\/2025\/07\/43393-HW.jpg)\"><img decoding=\"async\" class=\"full-width-image__image\" src=\"https:\/\/lindy.com\/de\/wp-content\/uploads\/sites\/3\/2025\/07\/43393-HW.jpg\"\/><div class=\"contained\"><div class=\"full-width-image__content\"><\/div><\/div><\/section>\n\n\n\n<section class=\"wp-block-lindy-image-text-module section section--full-width-image full-width-image--with-text theme--dark section--animation-none align--left  font--size-medium width--half\" style=\"background-image:url()\"><img decoding=\"async\" class=\"full-width-image__image\" src=\"\"\/><div class=\"contained\"><div class=\"full-width-image__content\"><h2 class=\"section__heading\"><span>Cable h\u00edbrido de fibra \u00f3ptica USB 3.2 5\/10 Gbit\/s y DP\u00ae 1.4 Type C<\/span><\/h2><h2 class=\"section__subheading section__subheading__title\"><br\/><\/h2><p class=\"section__paragraph\">Transmite datos (5\/10 Gbit\/s), video 4K DP\u00ae 1.4 y 60 W hasta 15 m con m\u00ednima p\u00e9rdida de se\u00f1al.<br\/><br\/>No. 43393 &amp; 43333\/ 43398 &amp; 43399<\/p><a href=\"https:\/\/www.lindy.eu\/?websale8=ld0101.ld021102&amp;ci=262\" class=\"button button--white-transparent\" target=\"_blank\" rel=\"noopener noreferrer\">VER M\u00c1S<\/a><\/div><\/div><\/section>\n\n\n\n<section class=\"wp-block-lindy-parallax-hero section parallax-hero theme--dark align--left font--camber font--size-medium\" style=\"background-image:url(https:\/\/lindy.com\/eu\/wp-content\/uploads\/sites\/10\/2025\/07\/Neat_background_quote.png)\"><div class=\"contained contained--full-width\"><div class=\"parallax-hero__content\"><div class=\"parallax-hero__content-wrapper align--left\"><h2 class=\"section__subheading section__subheading__title\">\u201cLas soluciones de conectividad de alta calidad de Lindy complementan perfectamente los dispositivos Neat, asegurando un rendimiento fiable en entornos AV profesionales.\u201d<br\/><\/h2><p class=\"section__paragraph\"><br\/>Sherri Pipala, Vice President Global Alliances, Neat<\/p><\/div><\/div><\/div><\/section>\n\n\n\n<section class=\"wp-block-lindy-image-text-module section section--full-width-image full-width-image--with-text theme--light section--animation-none align--center  font--size-medium\" style=\"background-image:url()\"><img decoding=\"async\" class=\"full-width-image__image\" src=\"\"\/><div class=\"contained\"><div class=\"full-width-image__content\"><h2 class=\"section__heading\"><span>RESULTADOS Y BENEFICIOS<\/span><\/h2><p class=\"section__paragraph\"><br\/>La combinaci\u00f3n de los dispositivos intuitivos de colaboraci\u00f3n de Neat con las soluciones de conectividad USB-C y HDMI\u00ae de alto rendimiento de Lindy ha resultado en mejoras funcionales y est\u00e9ticas significativas. Esta integraci\u00f3n ha permitido configuraciones AV limpias y eficientes, garantizando un rendimiento fluido de los dispositivos, independientemente del tama\u00f1o o configuraci\u00f3n de la sala.<br\/>Las instalaciones se han simplificado gracias a la infraestructura plug-and-play de Lindy, reduciendo as\u00ed la necesidad de cableado complejo o soporte t\u00e9cnico.<br\/>\u00bfEl resultado? Una experiencia de usuario optimizada y espacios de reuni\u00f3n visualmente impecables, libres de desorden excesivo de cables.<br\/>En conjunto, esta soluci\u00f3n ha proporcionado un entorno de colaboraci\u00f3n estable y escalable, compatible tanto con modelos de trabajo presenciales como h\u00edbridos.<\/p><\/div><\/div><\/section>\n\n\n\n<section class=\"wp-block-lindy-parallax-hero section parallax-hero theme--light align--left  font--size-medium\" style=\"background-image:url(https:\/\/lindy.com\/es\/wp-content\/uploads\/sites\/7\/2025\/07\/ES_Neat_Icon.png)\"><div class=\"contained contained--full-width\"><div class=\"parallax-hero__content\"><div class=\"parallax-hero__content-wrapper align--left\"><\/div><\/div><\/div><\/section>\n\n\n\n<section class=\"wp-block-lindy-image-text-module section section--full-width-image full-width-image--with-text theme--light section--animation-none align--center  font--size-medium\" style=\"background-image:url()\"><img decoding=\"async\" class=\"full-width-image__image\" src=\"\"\/><div class=\"contained\"><div class=\"full-width-image__content\"><h2 class=\"section__heading\"><span>Conclusiones y Aspectos Destacados<\/span><\/h2><p class=\"section__paragraph\"><br\/>Este proyecto ilustra perfectamente c\u00f3mo las fuerzas combinadas de Neat y Lindy pueden resolver desaf\u00edos complejos de integraci\u00f3n AV gracias a soluciones elegantes y fiables. Esta asociaci\u00f3n pone de manifiesto una filosof\u00eda de dise\u00f1o compartida, centrada en el rendimiento, la simplicidad y la facilidad de uso, cualidades que se traducen en un impacto concreto en los entornos de trabajo modernos.<\/p><\/div><\/div><\/section>\n\n\n\n<section class=\"wp-block-lindy-image-text-module section section--full-width-image full-width-image--with-text theme--dark section--animation-none align--left  font--size-medium width--half\" style=\"background-image:url(https:\/\/lindy.com\/eu\/wp-content\/uploads\/sites\/10\/2025\/07\/Mock-up-case-sudy-Neat.jpg)\"><img decoding=\"async\" class=\"full-width-image__image\" src=\"https:\/\/lindy.com\/eu\/wp-content\/uploads\/sites\/10\/2025\/07\/Mock-up-case-sudy-Neat.jpg\"\/><div class=\"contained\"><div class=\"full-width-image__content\"><\/div><\/div><\/section>\n\n\n\n<section class=\"wp-block-lindy-image-text-module section section--full-width-image full-width-image--with-text theme--dark section--animation-none align--center  font--size-small width--half\" style=\"background-image:url()\"><img decoding=\"async\" class=\"full-width-image__image\" src=\"\"\/><div class=\"contained\"><div class=\"full-width-image__content\"><h2 class=\"section__subheading section__subheading__title\"><br\/>\u00bfLe ha parecido interesante este caso de \u00e9xito?<\/h2><p class=\"section__paragraph\"><br\/><strong><strong><strong>Gu\u00e1rdelo con un s\u00f3lo clic<\/strong><\/strong><\/strong><\/p><a href=\"https:\/\/lindy.com\/es\/wp-content\/uploads\/sites\/7\/2025\/09\/Lindy-x-Neat-Application-Case-Study-ES.pdf\" class=\"button button--white-transparent\" target=\"_blank\" rel=\"noopener noreferrer\">\ud83d\udce5 Descargue la versi\u00f3n PDF<\/a><\/div><\/div><\/section>\n","protected":false},"excerpt":{"rendered":"","protected":false},"author":28,"featured_media":0,"parent":0,"menu_order":0,"comment_status":"closed","ping_status":"closed","template":"page-templates\/template-landing.php","meta":{"_acf_changed":false,"footnotes":""},"class_list":["post-8689","page","type-page","status-publish","hentry"],"acf":[],"yoast_head":"<!-- This site is optimized with the Yoast SEO plugin v26.6 - https:\/\/yoast.com\/wordpress\/plugins\/seo\/ -->\n<title>CASE STUDY NEAT APPLICATION - Lindy - Spanish<\/title>\n<meta name=\"robots\" content=\"index, follow, max-snippet:-1, max-image-preview:large, max-video-preview:-1\" \/>\n<link rel=\"canonical\" href=\"https:\/\/lindy.com\/es\/case-study-neat-application\/\" \/>\n<meta property=\"og:locale\" content=\"es_ES\" \/>\n<meta property=\"og:type\" content=\"article\" \/>\n<meta property=\"og:title\" content=\"CASE STUDY NEAT APPLICATION - Lindy - Spanish\" \/>\n<meta property=\"og:url\" content=\"https:\/\/lindy.com\/es\/case-study-neat-application\/\" \/>\n<meta property=\"og:site_name\" content=\"Lindy - Spanish\" \/>\n<meta property=\"article:modified_time\" content=\"2025-09-23T07:05:40+00:00\" \/>\n<meta property=\"og:image\" content=\"https:\/\/lindy.com\/eu\/wp-content\/uploads\/sites\/10\/2025\/07\/Header-Neat-Landing-page.jpg\" \/>\n<meta name=\"twitter:card\" content=\"summary_large_image\" \/>\n<meta name=\"twitter:label1\" content=\"Tiempo de lectura\" \/>\n\t<meta name=\"twitter:data1\" content=\"8 minutos\" \/>\n<script type=\"application\/ld+json\" class=\"yoast-schema-graph\">{\"@context\":\"https:\/\/schema.org\",\"@graph\":[{\"@type\":\"WebPage\",\"@id\":\"https:\/\/lindy.com\/es\/case-study-neat-application\/\",\"url\":\"https:\/\/lindy.com\/es\/case-study-neat-application\/\",\"name\":\"CASE STUDY NEAT APPLICATION - Lindy - Spanish\",\"isPartOf\":{\"@id\":\"https:\/\/lindy.com\/es\/#website\"},\"primaryImageOfPage\":{\"@id\":\"https:\/\/lindy.com\/es\/case-study-neat-application\/#primaryimage\"},\"image\":{\"@id\":\"https:\/\/lindy.com\/es\/case-study-neat-application\/#primaryimage\"},\"thumbnailUrl\":\"https:\/\/lindy.com\/eu\/wp-content\/uploads\/sites\/10\/2025\/07\/Header-Neat-Landing-page.jpg\",\"datePublished\":\"2025-07-21T07:23:49+00:00\",\"dateModified\":\"2025-09-23T07:05:40+00:00\",\"breadcrumb\":{\"@id\":\"https:\/\/lindy.com\/es\/case-study-neat-application\/#breadcrumb\"},\"inLanguage\":\"es\",\"potentialAction\":[{\"@type\":\"ReadAction\",\"target\":[\"https:\/\/lindy.com\/es\/case-study-neat-application\/\"]}]},{\"@type\":\"ImageObject\",\"inLanguage\":\"es\",\"@id\":\"https:\/\/lindy.com\/es\/case-study-neat-application\/#primaryimage\",\"url\":\"https:\/\/lindy.com\/eu\/wp-content\/uploads\/sites\/10\/2025\/07\/Header-Neat-Landing-page.jpg\",\"contentUrl\":\"https:\/\/lindy.com\/eu\/wp-content\/uploads\/sites\/10\/2025\/07\/Header-Neat-Landing-page.jpg\"},{\"@type\":\"BreadcrumbList\",\"@id\":\"https:\/\/lindy.com\/es\/case-study-neat-application\/#breadcrumb\",\"itemListElement\":[{\"@type\":\"ListItem\",\"position\":1,\"name\":\"Home\",\"item\":\"https:\/\/lindy.com\/es\/\"},{\"@type\":\"ListItem\",\"position\":2,\"name\":\"CASE STUDY NEAT APPLICATION\"}]},{\"@type\":\"WebSite\",\"@id\":\"https:\/\/lindy.com\/es\/#website\",\"url\":\"https:\/\/lindy.com\/es\/\",\"name\":\"Lindy - Spanish\",\"description\":\"Connection Perfection\",\"potentialAction\":[{\"@type\":\"SearchAction\",\"target\":{\"@type\":\"EntryPoint\",\"urlTemplate\":\"https:\/\/lindy.com\/es\/?s={search_term_string}\"},\"query-input\":{\"@type\":\"PropertyValueSpecification\",\"valueRequired\":true,\"valueName\":\"search_term_string\"}}],\"inLanguage\":\"es\"}]}<\/script>\n<!-- \/ Yoast SEO plugin. -->","yoast_head_json":{"title":"CASE STUDY NEAT APPLICATION - Lindy - Spanish","robots":{"index":"index","follow":"follow","max-snippet":"max-snippet:-1","max-image-preview":"max-image-preview:large","max-video-preview":"max-video-preview:-1"},"canonical":"https:\/\/lindy.com\/es\/case-study-neat-application\/","og_locale":"es_ES","og_type":"article","og_title":"CASE STUDY NEAT APPLICATION - Lindy - Spanish","og_url":"https:\/\/lindy.com\/es\/case-study-neat-application\/","og_site_name":"Lindy - Spanish","article_modified_time":"2025-09-23T07:05:40+00:00","og_image":[{"url":"https:\/\/lindy.com\/eu\/wp-content\/uploads\/sites\/10\/2025\/07\/Header-Neat-Landing-page.jpg","type":"","width":"","height":""}],"twitter_card":"summary_large_image","twitter_misc":{"Tiempo de lectura":"8 minutos"},"schema":{"@context":"https:\/\/schema.org","@graph":[{"@type":"WebPage","@id":"https:\/\/lindy.com\/es\/case-study-neat-application\/","url":"https:\/\/lindy.com\/es\/case-study-neat-application\/","name":"CASE STUDY NEAT APPLICATION - Lindy - Spanish","isPartOf":{"@id":"https:\/\/lindy.com\/es\/#website"},"primaryImageOfPage":{"@id":"https:\/\/lindy.com\/es\/case-study-neat-application\/#primaryimage"},"image":{"@id":"https:\/\/lindy.com\/es\/case-study-neat-application\/#primaryimage"},"thumbnailUrl":"https:\/\/lindy.com\/eu\/wp-content\/uploads\/sites\/10\/2025\/07\/Header-Neat-Landing-page.jpg","datePublished":"2025-07-21T07:23:49+00:00","dateModified":"2025-09-23T07:05:40+00:00","breadcrumb":{"@id":"https:\/\/lindy.com\/es\/case-study-neat-application\/#breadcrumb"},"inLanguage":"es","potentialAction":[{"@type":"ReadAction","target":["https:\/\/lindy.com\/es\/case-study-neat-application\/"]}]},{"@type":"ImageObject","inLanguage":"es","@id":"https:\/\/lindy.com\/es\/case-study-neat-application\/#primaryimage","url":"https:\/\/lindy.com\/eu\/wp-content\/uploads\/sites\/10\/2025\/07\/Header-Neat-Landing-page.jpg","contentUrl":"https:\/\/lindy.com\/eu\/wp-content\/uploads\/sites\/10\/2025\/07\/Header-Neat-Landing-page.jpg"},{"@type":"BreadcrumbList","@id":"https:\/\/lindy.com\/es\/case-study-neat-application\/#breadcrumb","itemListElement":[{"@type":"ListItem","position":1,"name":"Home","item":"https:\/\/lindy.com\/es\/"},{"@type":"ListItem","position":2,"name":"CASE STUDY NEAT APPLICATION"}]},{"@type":"WebSite","@id":"https:\/\/lindy.com\/es\/#website","url":"https:\/\/lindy.com\/es\/","name":"Lindy - Spanish","description":"Connection Perfection","potentialAction":[{"@type":"SearchAction","target":{"@type":"EntryPoint","urlTemplate":"https:\/\/lindy.com\/es\/?s={search_term_string}"},"query-input":{"@type":"PropertyValueSpecification","valueRequired":true,"valueName":"search_term_string"}}],"inLanguage":"es"}]}},"_links":{"self":[{"href":"https:\/\/lindy.com\/es\/wp-json\/wp\/v2\/pages\/8689","targetHints":{"allow":["GET"]}}],"collection":[{"href":"https:\/\/lindy.com\/es\/wp-json\/wp\/v2\/pages"}],"about":[{"href":"https:\/\/lindy.com\/es\/wp-json\/wp\/v2\/types\/page"}],"author":[{"embeddable":true,"href":"https:\/\/lindy.com\/es\/wp-json\/wp\/v2\/users\/28"}],"replies":[{"embeddable":true,"href":"https:\/\/lindy.com\/es\/wp-json\/wp\/v2\/comments?post=8689"}],"version-history":[{"count":7,"href":"https:\/\/lindy.com\/es\/wp-json\/wp\/v2\/pages\/8689\/revisions"}],"predecessor-version":[{"id":8842,"href":"https:\/\/lindy.com\/es\/wp-json\/wp\/v2\/pages\/8689\/revisions\/8842"}],"wp:attachment":[{"href":"https:\/\/lindy.com\/es\/wp-json\/wp\/v2\/media?parent=8689"}],"curies":[{"name":"wp","href":"https:\/\/api.w.org\/{rel}","templated":true}]}}