{"id":8853,"date":"2025-09-30T14:11:31","date_gmt":"2025-09-30T14:11:31","guid":{"rendered":"https:\/\/lindy.com\/es\/?page_id=8853"},"modified":"2025-09-30T14:11:32","modified_gmt":"2025-09-30T14:11:32","slug":"case-study-foro-italico","status":"publish","type":"page","link":"https:\/\/lindy.com\/es\/case-study-foro-italico\/","title":{"rendered":"CASE STUDY FORO ITALICO"},"content":{"rendered":"\n<section class=\"wp-block-lindy-image-text-module section section--full-width-image full-width-image--with-text theme--dark section--animation-none align--center  font--size-large\" style=\"background-image:url(https:\/\/lindy.com\/eu\/wp-content\/uploads\/sites\/10\/2025\/09\/Main-image.jpg)\"><img decoding=\"async\" class=\"full-width-image__image\" src=\"https:\/\/lindy.com\/eu\/wp-content\/uploads\/sites\/10\/2025\/09\/Main-image.jpg\"\/><div class=\"contained\"><div class=\"full-width-image__content\"><h2 class=\"section__heading\"><span>GRAN ARENA GRAN VIsta<\/span><\/h2><h2 class=\"section__subheading section__subheading__title\">IMPULSADO POR LINDY<\/h2><\/div><\/div><\/section>\n\n\n\n<section class=\"wp-block-lindy-heading-text section section--heading-text theme--light align--center font--camber font--size-medium section--animation-none\"><div class=\"contained\"><h2 class=\"section__subheading section__subheading__title\"><br\/>DE LA SALA DE CONTROL A LA CANCHA \u2013 SIEMPRE SINCRONIZADOS<\/h2><\/div><\/section>\n\n\n\n<section class=\"wp-block-lindy-key-info section section--key-info theme--light section--animation-none\"><div class=\"contained\"><div class=\"grid-2_sm-1-center\"><div class=\"col left_item\"><div class=\"box\"><h3 class=\"section__heading\"><\/h3><div class=\"section__content\"><p class=\"section__content\">Stage Sound &amp; Light, especialista en tecnolog\u00eda profesional para eventos, fue el encargado de actualizar la infraestructura visual de la Grand Stand Arena en el ic\u00f3nico Foro Italico de Roma. Con una capacidad de 10.500 espectadores, esta arena es la segunda cancha m\u00e1s importante del complejo y un lugar clave para el mundialmente famoso torneo de tenis Internazionali BNL d\u2019Italia, que se celebra cada mayo en Roma.<\/p><\/div><\/div><\/div><div class=\"col right_item\"><div class=\"box\"><h3 class=\"section__heading\"><\/h3><div class=\"section__content\"><p class=\"section__content\">Para mejorar la experiencia de los aficionados, la arena necesitaba una soluci\u00f3n de alto rendimiento capaz de alimentar dos grandes pantallas LED y garantizar una visualizaci\u00f3n inmersiva desde cada asiento. Junto con la experiencia de Lindy en conectividad profesional, Stage Sound &amp; Light implement\u00f3 un sistema que garantiza im\u00e1genes n\u00edtidas, reproducci\u00f3n sincronizada y fiabilidad a larga distancia, elementos esenciales para un funcionamiento impecable en un recinto deportivo tan prestigioso.<\/p><\/div><\/div><\/div><\/div><\/div><\/section>\n\n\n\n<section class=\"wp-block-lindy-image-text-module section section--full-width-image full-width-image--with-text theme--dark section--animation-none align--left  font--size-medium width--half\" style=\"background-image:url(https:\/\/lindy.com\/eu\/wp-content\/uploads\/sites\/10\/2025\/09\/Challenge-with-led.jpg)\"><img decoding=\"async\" class=\"full-width-image__image\" src=\"https:\/\/lindy.com\/eu\/wp-content\/uploads\/sites\/10\/2025\/09\/Challenge-with-led.jpg\"\/><div class=\"contained\"><div class=\"full-width-image__content\"><\/div><\/div><\/section>\n\n\n\n<section class=\"wp-block-lindy-image-text-module section section--full-width-image full-width-image--with-text theme--dark section--animation-none align--left  font--size-medium width--half\" style=\"background-image:url()\"><img decoding=\"async\" class=\"full-width-image__image\" src=\"\"\/><div class=\"contained\"><div class=\"full-width-image__content\"><h2 class=\"section__heading\"><span>EL DESAF\u00cdO<\/span><\/h2><p class=\"section__paragraph\"><br\/>El proyecto requer\u00eda un sistema capaz de gestionar una se\u00f1al de transmisi\u00f3n a larga distancia, conectando una sala de control externa con la infraestructura AV interna de la Grand Stand Arena. La soluci\u00f3n deb\u00eda soportar dos pantallas LED en lados opuestos de la cancha, garantizando una experiencia de visualizaci\u00f3n sincronizada y consistente desde todos los \u00e1ngulos.<br\/>Dado que la arena alberga torneos internacionales, la instalaci\u00f3n deb\u00eda ser excepcionalmente fiable, sin interrupciones ni p\u00e9rdida de se\u00f1al, y adem\u00e1s escalable y preparada para futuros eventos en el Foro Italico.<\/p><\/div><\/div><\/section>\n\n\n\n<section class=\"wp-block-lindy-image-text-module section section--full-width-image full-width-image--with-text theme--light section--animation-none align--left  font--size-medium width--half\" style=\"background-image:url()\"><img decoding=\"async\" class=\"full-width-image__image\" src=\"\"\/><div class=\"contained\"><div class=\"full-width-image__content\"><h2 class=\"section__heading\"><span>LA SOLUCI\u00d3N DE LINDY<\/span><\/h2><p class=\"section__paragraph\"><br\/>Para cumplir con estos requisitos, Stage Sound &amp; Light despleg\u00f3 un extender HDMI\u00ae 4K60 profesional Lindy (n.\u00ba 38174) con IR, RS232 y audio sobre fibra \u00f3ptica. Un enlace de fibra \u00f3ptica de 250 m transport\u00f3 la se\u00f1al desde la sala de control externa hasta el estadio, donde se distribuy\u00f3 a la primera pantalla LED. El extender luego cre\u00f3 un bucle continuo hacia la segunda pantalla, logrando una sincronizaci\u00f3n precisa entre ambas. Al mantener un rendimiento 4K estable sin degradaci\u00f3n, la soluci\u00f3n de Lindy ofreci\u00f3 la robustez y fiabilidad esenciales para eventos deportivos internacionales en vivo.<\/p><\/div><\/div><\/section>\n\n\n\n<section class=\"wp-block-lindy-image-text-module section section--full-width-image full-width-image--with-text theme--light section--animation-none align--left  font--size-medium width--half\" style=\"background-image:url(https:\/\/lindy.com\/eu\/wp-content\/uploads\/sites\/10\/2025\/09\/AV-Extender-Range_without-backrgound-2.png)\"><img decoding=\"async\" class=\"full-width-image__image\" src=\"https:\/\/lindy.com\/eu\/wp-content\/uploads\/sites\/10\/2025\/09\/AV-Extender-Range_without-backrgound-2.png\"\/><div class=\"contained\"><div class=\"full-width-image__content\"><\/div><\/div><\/section>\n\n\n\n<section class=\"wp-block-lindy-image-text-module section section--full-width-image full-width-image--with-text theme--dark section--animation-none align--left  font--size-medium width--half\" style=\"background-image:url(https:\/\/lindy.com\/eu\/wp-content\/uploads\/sites\/10\/2025\/09\/PHOTO-2025-04-28-11-23-42_3.jpg)\"><img decoding=\"async\" class=\"full-width-image__image\" src=\"https:\/\/lindy.com\/eu\/wp-content\/uploads\/sites\/10\/2025\/09\/PHOTO-2025-04-28-11-23-42_3.jpg\"\/><div class=\"contained\"><div class=\"full-width-image__content\"><\/div><\/div><\/section>\n\n\n\n<section class=\"wp-block-lindy-image-text-module section section--full-width-image full-width-image--with-text theme--dark section--animation-none align--left  font--size-medium width--half\" style=\"background-image:url()\"><img decoding=\"async\" class=\"full-width-image__image\" src=\"\"\/><div class=\"contained\"><div class=\"full-width-image__content\"><h2 class=\"section__heading\"><span>ACERCANDO CADA ASIENTO A LA ACCI\u00d3N\u2026<\/span><\/h2><p class=\"section__paragraph\"><br\/><strong>LINDY HDMI\u00ae 4K60 EXTENDER WITH IR, RS232 &amp; AUDIO OVER FIBRE OPTIC &#8211; No. 38174<\/strong><br\/><br\/>&#8211; Calidad de video 4K60 UHD (4:4:4) para im\u00e1genes n\u00edtidas<br\/>&#8211; Extiende HDMI\u00ae hasta 300 m (multimodo) o 1000 m (monomodo) sobre fibra LC<br\/>&#8211; IR y RS-232 bidireccionales para control remoto completo<br\/>&#8211; Inserci\u00f3n y extracci\u00f3n de audio con soporte multicanal<br\/>&#8211; Gesti\u00f3n EDID y salida en bucle del transmisor para monitoreo local<br\/>&#8211; Compatible con HDCP 2.2\/1.4 para contenido protegido<br\/>&#8211; Construcci\u00f3n robusta con conexiones seguras para instalaciones fiables<\/p><a href=\"https:\/\/www.lindy.eu\/300m-1000m-Fibre-Optic-HDMI-4K60-IR-RS232-Audio-Extender.htm?websale8=ld0101.ld021102&amp;pi=38174&amp;ci=20\" class=\"button button--white-transparent\" target=\"_blank\" rel=\"noopener noreferrer\">SHOP ONLINE<\/a><\/div><\/div><\/section>\n\n\n\n<section class=\"wp-block-lindy-parallax-hero section parallax-hero theme--dark align--left font--camber font--size-medium\" style=\"background-image:url(https:\/\/lindy.com\/eu\/wp-content\/uploads\/sites\/10\/2025\/09\/Foro-Italico-Testimonial.jpg)\"><div class=\"contained contained--full-width\"><div class=\"parallax-hero__content\"><div class=\"parallax-hero__content-wrapper align--left\"><h2 class=\"section__subheading section__subheading__title\">\u00abLindy nos brind\u00f3 la fiabilidad y el rendimiento necesarios para ofrecer una experiencia impecable a m\u00e1s de 10.000 espectadores.\u201d<\/h2><p class=\"section__paragraph\"><br\/>Michele Innocenzi, Propietario de STAGE Sound &amp; Light SNC<\/p><\/div><\/div><\/div><\/section>\n\n\n\n<p><\/p>\n\n\n\n<section class=\"wp-block-lindy-image-text-module section section--full-width-image full-width-image--with-text theme--dark section--animation-none align--center  font--size-medium\" style=\"background-image:url()\"><img decoding=\"async\" class=\"full-width-image__image\" src=\"\"\/><div class=\"contained\"><div class=\"full-width-image__content\"><h2 class=\"section__heading\"><span>RESULTADOS Y BENEFICIOS<\/span><\/h2><p class=\"section__paragraph\"><br\/>La soluci\u00f3n del extender de Lindy permiti\u00f3 una transmisi\u00f3n estable de se\u00f1al 4K a lo largo de 250 m de fibra, conectando la sala de control externa con dos pantallas LED sincronizadas de 6 m \u00d7 3,5 m. Durante los Internazionali BNL d\u2019Italia, el sistema ofreci\u00f3 im\u00e1genes impecables e ininterrumpidas a m\u00e1s de 10.500 espectadores en la Grand Stand Arena. A pesar de las altas exigencias de un torneo internacional en vivo, la instalaci\u00f3n temporal funcion\u00f3 con total fiabilidad, garantizando que cada aficionado disfrutara de una experiencia de visualizaci\u00f3n fluida.<\/p><\/div><\/div><\/section>\n\n\n\n<section class=\"wp-block-lindy-key-info section section--key-info theme--light section--animation-none\"><div class=\"contained\"><div class=\"grid-2_sm-1-center\"><div class=\"col left_item\"><div class=\"box\"><h3 class=\"section__heading\">Resultados Cuantitativos<\/h3><div class=\"section__content\"><p class=\"section__content\">Estabilidad de la se\u00f1al: Cero errores de transmisi\u00f3n a lo largo del enlace de 250 m.<br\/><br\/>Reproducci\u00f3n sincronizada: Im\u00e1genes perfectamente reflejadas en ambas pantallas LED.<br\/><br\/>Alcance del p\u00fablico: Visibilidad clara para m\u00e1s de 10.000 aficionados en la arena.<\/p><\/div><\/div><\/div><div class=\"col right_item\"><div class=\"box\"><h3 class=\"section__heading\">Resultados Cualitativos<\/h3><div class=\"section__content\"><p class=\"section__content\">Fiabilidad bajo presi\u00f3n: Rendimiento impecable en grandes eventos.<br\/><br\/>Experiencia mejorada: Visibilidad clara desde cada asiento.<br\/><br\/>Socio de confianza: Fiabilidad comprobada de Lindy en AV en vivo.<\/p><\/div><\/div><\/div><\/div><\/div><\/section>\n\n\n\n<section class=\"wp-block-lindy-parallax-hero section parallax-hero theme--light align--left  font--size-medium\" style=\"background-image:url(https:\/\/lindy.com\/es\/wp-content\/uploads\/sites\/7\/2025\/09\/ES_Foro-Italico_Icon.png)\"><div class=\"contained contained--full-width\"><div class=\"parallax-hero__content\"><div class=\"parallax-hero__content-wrapper align--left\"><\/div><\/div><\/div><\/section>\n\n\n\n<section class=\"wp-block-lindy-heading-text section section--heading-text theme--light align--center  font--size-medium section--animation-none\"><div class=\"contained\"><h2 class=\"section__heading\"><span>CONCLUSIONES Y APRENDIZAJES<\/span><\/h2><\/div><\/section>\n\n\n\n<section class=\"wp-block-lindy-key-info section section--key-info theme--light section--animation-none\"><div class=\"contained\"><div class=\"grid-2_sm-1-center\"><div class=\"col left_item\"><div class=\"box\"><h3 class=\"section__heading\">\u00c9xito del Proyecto<\/h3><div class=\"section__content\"><p class=\"section__content\">La colaboraci\u00f3n entre Stage Sound &amp; Light y Lindy permiti\u00f3 una instalaci\u00f3n AV de clase mundial en la Grand Stand Arena. La soluci\u00f3n demuestra c\u00f3mo una conectividad fiable puede transformar la experiencia de los espectadores en recintos deportivos ic\u00f3nicos.<\/p><\/div><\/div><\/div><div class=\"col right_item\"><div class=\"box\"><h3 class=\"section__heading\">Perspectiva de la industria<\/h3><div class=\"section__content\"><p class=\"section__content\">A medida que los estadios y arenas evolucionan para albergar eventos cada vez m\u00e1s internacionales, la conectividad AV duradera y de alto rendimiento se vuelve esencial para garantizar una experiencia fluida y de alta calidad para todos los espectadores.<\/p><\/div><\/div><\/div><\/div><\/div><\/section>\n\n\n\n<section class=\"wp-block-lindy-image-text-module section section--full-width-image full-width-image--with-text theme--dark section--animation-none align--left  font--size-medium width--half\" style=\"background-image:url(https:\/\/lindy.com\/eu\/wp-content\/uploads\/sites\/10\/2025\/09\/Mock-up-case-sudy-Foro-italico.jpg)\"><img decoding=\"async\" class=\"full-width-image__image\" src=\"https:\/\/lindy.com\/eu\/wp-content\/uploads\/sites\/10\/2025\/09\/Mock-up-case-sudy-Foro-italico.jpg\"\/><div class=\"contained\"><div class=\"full-width-image__content\"><\/div><\/div><\/section>\n\n\n\n<section class=\"wp-block-lindy-image-text-module section section--full-width-image full-width-image--with-text theme--dark section--animation-none align--center  font--size-small width--half\" style=\"background-image:url()\"><img decoding=\"async\" class=\"full-width-image__image\" src=\"\"\/><div class=\"contained\"><div class=\"full-width-image__content\"><h2 class=\"section__subheading section__subheading__title\">\u00bfLe ha parecido interesante este caso de \u00e9xito?<\/h2><p class=\"section__paragraph\"><br\/><strong><strong><strong><strong>Gu\u00e1rdelo con un s\u00f3lo clic<\/strong><\/strong><\/strong><\/strong><\/p><a href=\"https:\/\/lindy.com\/es\/wp-content\/uploads\/sites\/7\/2025\/09\/Lindy-x-Foro-Italico-Case-Study-ES.pdf\" class=\"button button--white-transparent\" target=\"_blank\" rel=\"noopener noreferrer\">\ud83d\udce5 Descargue la versi\u00f3n PDF<\/a><\/div><\/div><\/section>\n","protected":false},"excerpt":{"rendered":"","protected":false},"author":28,"featured_media":0,"parent":0,"menu_order":0,"comment_status":"closed","ping_status":"closed","template":"page-templates\/template-landing.php","meta":{"_acf_changed":false,"footnotes":""},"class_list":["post-8853","page","type-page","status-publish","hentry"],"acf":[],"yoast_head":"<!-- This site is optimized with the Yoast SEO plugin v26.6 - https:\/\/yoast.com\/wordpress\/plugins\/seo\/ -->\n<title>CASE STUDY FORO ITALICO - Lindy - Spanish<\/title>\n<meta name=\"robots\" content=\"index, follow, max-snippet:-1, max-image-preview:large, max-video-preview:-1\" \/>\n<link rel=\"canonical\" href=\"https:\/\/lindy.com\/es\/case-study-foro-italico\/\" \/>\n<meta property=\"og:locale\" content=\"es_ES\" \/>\n<meta property=\"og:type\" content=\"article\" \/>\n<meta property=\"og:title\" content=\"CASE STUDY FORO ITALICO - Lindy - Spanish\" \/>\n<meta property=\"og:url\" content=\"https:\/\/lindy.com\/es\/case-study-foro-italico\/\" \/>\n<meta property=\"og:site_name\" content=\"Lindy - Spanish\" \/>\n<meta property=\"article:modified_time\" content=\"2025-09-30T14:11:32+00:00\" \/>\n<meta property=\"og:image\" content=\"https:\/\/lindy.com\/eu\/wp-content\/uploads\/sites\/10\/2025\/09\/Main-image.jpg\" \/>\n<meta name=\"twitter:card\" content=\"summary_large_image\" \/>\n<meta name=\"twitter:label1\" content=\"Tiempo de lectura\" \/>\n\t<meta name=\"twitter:data1\" content=\"6 minutos\" \/>\n<script type=\"application\/ld+json\" class=\"yoast-schema-graph\">{\"@context\":\"https:\/\/schema.org\",\"@graph\":[{\"@type\":\"WebPage\",\"@id\":\"https:\/\/lindy.com\/es\/case-study-foro-italico\/\",\"url\":\"https:\/\/lindy.com\/es\/case-study-foro-italico\/\",\"name\":\"CASE STUDY FORO ITALICO - Lindy - Spanish\",\"isPartOf\":{\"@id\":\"https:\/\/lindy.com\/es\/#website\"},\"primaryImageOfPage\":{\"@id\":\"https:\/\/lindy.com\/es\/case-study-foro-italico\/#primaryimage\"},\"image\":{\"@id\":\"https:\/\/lindy.com\/es\/case-study-foro-italico\/#primaryimage\"},\"thumbnailUrl\":\"https:\/\/lindy.com\/eu\/wp-content\/uploads\/sites\/10\/2025\/09\/Main-image.jpg\",\"datePublished\":\"2025-09-30T14:11:31+00:00\",\"dateModified\":\"2025-09-30T14:11:32+00:00\",\"breadcrumb\":{\"@id\":\"https:\/\/lindy.com\/es\/case-study-foro-italico\/#breadcrumb\"},\"inLanguage\":\"es\",\"potentialAction\":[{\"@type\":\"ReadAction\",\"target\":[\"https:\/\/lindy.com\/es\/case-study-foro-italico\/\"]}]},{\"@type\":\"ImageObject\",\"inLanguage\":\"es\",\"@id\":\"https:\/\/lindy.com\/es\/case-study-foro-italico\/#primaryimage\",\"url\":\"https:\/\/lindy.com\/eu\/wp-content\/uploads\/sites\/10\/2025\/09\/Main-image.jpg\",\"contentUrl\":\"https:\/\/lindy.com\/eu\/wp-content\/uploads\/sites\/10\/2025\/09\/Main-image.jpg\"},{\"@type\":\"BreadcrumbList\",\"@id\":\"https:\/\/lindy.com\/es\/case-study-foro-italico\/#breadcrumb\",\"itemListElement\":[{\"@type\":\"ListItem\",\"position\":1,\"name\":\"Home\",\"item\":\"https:\/\/lindy.com\/es\/\"},{\"@type\":\"ListItem\",\"position\":2,\"name\":\"CASE STUDY FORO ITALICO\"}]},{\"@type\":\"WebSite\",\"@id\":\"https:\/\/lindy.com\/es\/#website\",\"url\":\"https:\/\/lindy.com\/es\/\",\"name\":\"Lindy - Spanish\",\"description\":\"Connection Perfection\",\"potentialAction\":[{\"@type\":\"SearchAction\",\"target\":{\"@type\":\"EntryPoint\",\"urlTemplate\":\"https:\/\/lindy.com\/es\/?s={search_term_string}\"},\"query-input\":{\"@type\":\"PropertyValueSpecification\",\"valueRequired\":true,\"valueName\":\"search_term_string\"}}],\"inLanguage\":\"es\"}]}<\/script>\n<!-- \/ Yoast SEO plugin. -->","yoast_head_json":{"title":"CASE STUDY FORO ITALICO - Lindy - Spanish","robots":{"index":"index","follow":"follow","max-snippet":"max-snippet:-1","max-image-preview":"max-image-preview:large","max-video-preview":"max-video-preview:-1"},"canonical":"https:\/\/lindy.com\/es\/case-study-foro-italico\/","og_locale":"es_ES","og_type":"article","og_title":"CASE STUDY FORO ITALICO - Lindy - Spanish","og_url":"https:\/\/lindy.com\/es\/case-study-foro-italico\/","og_site_name":"Lindy - Spanish","article_modified_time":"2025-09-30T14:11:32+00:00","og_image":[{"url":"https:\/\/lindy.com\/eu\/wp-content\/uploads\/sites\/10\/2025\/09\/Main-image.jpg","type":"","width":"","height":""}],"twitter_card":"summary_large_image","twitter_misc":{"Tiempo de lectura":"6 minutos"},"schema":{"@context":"https:\/\/schema.org","@graph":[{"@type":"WebPage","@id":"https:\/\/lindy.com\/es\/case-study-foro-italico\/","url":"https:\/\/lindy.com\/es\/case-study-foro-italico\/","name":"CASE STUDY FORO ITALICO - Lindy - Spanish","isPartOf":{"@id":"https:\/\/lindy.com\/es\/#website"},"primaryImageOfPage":{"@id":"https:\/\/lindy.com\/es\/case-study-foro-italico\/#primaryimage"},"image":{"@id":"https:\/\/lindy.com\/es\/case-study-foro-italico\/#primaryimage"},"thumbnailUrl":"https:\/\/lindy.com\/eu\/wp-content\/uploads\/sites\/10\/2025\/09\/Main-image.jpg","datePublished":"2025-09-30T14:11:31+00:00","dateModified":"2025-09-30T14:11:32+00:00","breadcrumb":{"@id":"https:\/\/lindy.com\/es\/case-study-foro-italico\/#breadcrumb"},"inLanguage":"es","potentialAction":[{"@type":"ReadAction","target":["https:\/\/lindy.com\/es\/case-study-foro-italico\/"]}]},{"@type":"ImageObject","inLanguage":"es","@id":"https:\/\/lindy.com\/es\/case-study-foro-italico\/#primaryimage","url":"https:\/\/lindy.com\/eu\/wp-content\/uploads\/sites\/10\/2025\/09\/Main-image.jpg","contentUrl":"https:\/\/lindy.com\/eu\/wp-content\/uploads\/sites\/10\/2025\/09\/Main-image.jpg"},{"@type":"BreadcrumbList","@id":"https:\/\/lindy.com\/es\/case-study-foro-italico\/#breadcrumb","itemListElement":[{"@type":"ListItem","position":1,"name":"Home","item":"https:\/\/lindy.com\/es\/"},{"@type":"ListItem","position":2,"name":"CASE STUDY FORO ITALICO"}]},{"@type":"WebSite","@id":"https:\/\/lindy.com\/es\/#website","url":"https:\/\/lindy.com\/es\/","name":"Lindy - Spanish","description":"Connection Perfection","potentialAction":[{"@type":"SearchAction","target":{"@type":"EntryPoint","urlTemplate":"https:\/\/lindy.com\/es\/?s={search_term_string}"},"query-input":{"@type":"PropertyValueSpecification","valueRequired":true,"valueName":"search_term_string"}}],"inLanguage":"es"}]}},"_links":{"self":[{"href":"https:\/\/lindy.com\/es\/wp-json\/wp\/v2\/pages\/8853","targetHints":{"allow":["GET"]}}],"collection":[{"href":"https:\/\/lindy.com\/es\/wp-json\/wp\/v2\/pages"}],"about":[{"href":"https:\/\/lindy.com\/es\/wp-json\/wp\/v2\/types\/page"}],"author":[{"embeddable":true,"href":"https:\/\/lindy.com\/es\/wp-json\/wp\/v2\/users\/28"}],"replies":[{"embeddable":true,"href":"https:\/\/lindy.com\/es\/wp-json\/wp\/v2\/comments?post=8853"}],"version-history":[{"count":1,"href":"https:\/\/lindy.com\/es\/wp-json\/wp\/v2\/pages\/8853\/revisions"}],"predecessor-version":[{"id":8858,"href":"https:\/\/lindy.com\/es\/wp-json\/wp\/v2\/pages\/8853\/revisions\/8858"}],"wp:attachment":[{"href":"https:\/\/lindy.com\/es\/wp-json\/wp\/v2\/media?parent=8853"}],"curies":[{"name":"wp","href":"https:\/\/api.w.org\/{rel}","templated":true}]}}