{"id":8874,"date":"2025-10-06T12:29:24","date_gmt":"2025-10-06T12:29:24","guid":{"rendered":"https:\/\/lindy.com\/es\/?page_id=8874"},"modified":"2025-10-08T07:53:03","modified_gmt":"2025-10-08T07:53:03","slug":"csr-packaging","status":"publish","type":"page","link":"https:\/\/lindy.com\/es\/csr-packaging\/","title":{"rendered":"CSR &#8211; Packaging"},"content":{"rendered":"\n<section class=\"wp-block-lindy-full-width-image section section--full-width-image full-width-image theme--dark align--right font--size-large\" style=\"background-image:url(https:\/\/lindy.com\/en\/wp-content\/uploads\/sites\/2\/2024\/07\/AdobeStock_276327214-scaled.jpeg)\"><img decoding=\"async\" class=\"full-width-image__image\" src=\"https:\/\/lindy.com\/en\/wp-content\/uploads\/sites\/2\/2024\/07\/AdobeStock_276327214-scaled.jpeg\"\/><div class=\"contained\"><div class=\"full-width-image__content\"><h2 class=\"section__heading\"><span>Nuestro compromiso con la sostenibilidad<\/span><\/h2><h2 class=\"section__subheading section__subheading__title\">Embalaje <br\/>reciclado con<br\/> certificaci\u00f3n GRS<br\/><\/h2><p class=\"section__strapline\"><br\/>Juntos por un futuro m\u00e1s sostenible<\/p><\/div><\/div><\/section>\n\n\n\n<section class=\"wp-block-lindy-image-text-module section section--full-width-image full-width-image--with-text theme--dark section--animation-none align--left  font--size-medium\" style=\"background-image:url()\"><img decoding=\"async\" class=\"full-width-image__image\" src=\"\"\/><div class=\"contained\"><div class=\"full-width-image__content\"><p class=\"section__paragraph\"><br\/><strong>Esta p\u00e1gina en otros pa\u00edses \/ idiomas<\/strong><br\/><br\/>EU <mark style=\"background-color:rgba(0, 0, 0, 0);color:#FFFFFF\" class=\"has-inline-color\">&#8211; <a href=\"http:\/\/lindy.com\/eu\/csr-packaging\/\" target=\"_blank\" rel=\"noreferrer noopener\">Discover our sustainable packaging<\/a><\/mark><br\/>DE &#8211; <a href=\"https:\/\/lindy.com\/de\/csr-packaging\/\" target=\"_blank\" rel=\"noreferrer noopener\">Entdecken Sie unsere nachhaltige Verpackung<\/a><mark style=\"background-color:rgba(0, 0, 0, 0);color:#FFFFFF\" class=\"has-inline-color\"><br\/>F<\/mark>R <mark style=\"background-color:rgba(0, 0, 0, 0);color:#FFFFFF\" class=\"has-inline-color\">&#8211; <a href=\"https:\/\/lindy.com\/fr\/csr-packaging\/\" target=\"_blank\" rel=\"noreferrer noopener\">D\u00e9couvrez notre emballage durable<\/a><\/mark><br\/>UK &#8211; <a href=\"https:\/\/lindy.com\/en\/packaging-info\/\">Discover our sustainable packaging<\/a><\/p><a href=\"https:\/\/lindy.com\/es\/csr-foa\/#environment\" class=\"button button--white-transparent\" target=\"_self\" rel=\"noopener noreferrer\">Volver<\/a><\/div><\/div><\/section>\n\n\n\n<section class=\"wp-block-lindy-parallax-hero section parallax-hero theme--light align--center  font--size-medium\" style=\"background-image:url(https:\/\/lindy.com\/de\/wp-content\/uploads\/sites\/3\/2025\/08\/greenscreen_layer-1.png)\"><div class=\"contained contained--full-width\"><div class=\"parallax-hero__content\"><div class=\"parallax-hero__content-wrapper align--center\"><h2 class=\"section__heading\"><span><strong>\u00bfPor qu\u00e9 la certificaci\u00f3n GRS?<\/strong><\/span><\/h2><h2 class=\"section__subheading section__subheading__title\"><span style=\"color: inherit; font-size: 2.8125rem;\">\u00bfEmbalaje RECICLADO?<\/span><\/h2><p class=\"section__paragraph\"><br\/>En Lindy, estamos comprometidos con la sostenibilidad y las pr\u00e1cticas de envasado responsables. Nuestro material ecol\u00f3gico est\u00e1 dise\u00f1ado para minimizar el impacto medioambiental mediante el uso de materiales reciclados certificados, garantizando la reciclabilidad y promoviendo una econom\u00eda circular.<\/p><\/div><\/div><\/div><\/section>\n\n\n\n<hr class=\"wp-block-separator aligncenter has-alpha-channel-opacity is-style-default\"\/>\n\n\n\n<section class=\"wp-block-lindy-parallax-hero section parallax-hero theme--light align--left  font--size-medium\" style=\"background-image:url(https:\/\/lindy.com\/de\/wp-content\/uploads\/sites\/3\/2025\/08\/greenscreen.jpg)\"><div class=\"contained contained--full-width\"><div class=\"parallax-hero__content\"><div class=\"parallax-hero__content-wrapper align--left\"><\/div><\/div><\/div><\/section>\n\n\n\n<section class=\"wp-block-lindy-parallax-hero section parallax-hero theme--light align--center  font--size-small\" style=\"background-image:url(https:\/\/lindy.com\/de\/wp-content\/uploads\/sites\/3\/2025\/08\/greenscreen_layer-1.png)\"><div class=\"contained contained--full-width\"><div class=\"parallax-hero__content\"><div class=\"parallax-hero__content-wrapper align--center\"><h2 class=\"section__heading\"><span><strong><strong>Norma Global de Reciclaje<\/strong><\/strong><\/span><\/h2><h2 class=\"section__subheading section__subheading__title\">CertificaCi\u00d3n<\/h2><p class=\"section__paragraph\"><br\/><br\/>Nuestras bolsas de pl\u00e1stico recicladas cuentan con la certificaci\u00f3n GRS y cumplen estrictas normas medioambientales, sociales y qu\u00edmicas. Esta certificaci\u00f3n garantiza que nuestras bolsas est\u00e1n fabricadas con materiales reciclados y se adhieren a pr\u00e1cticas de producci\u00f3n responsables.<br\/><br\/><br\/><\/p><\/div><\/div><\/div><\/section>\n\n\n\n<section class=\"wp-block-lindy-image-text-module section section--full-width-image full-width-image--with-text theme--light section--animation-none align--left  font--size-small width--half\" style=\"background-image:url()\"><img decoding=\"async\" class=\"full-width-image__image\" src=\"\"\/><div class=\"contained\"><div class=\"full-width-image__content\"><h2 class=\"section__heading\"><span><br\/><br\/>MATERIALES<\/span><\/h2><h2 class=\"section__subheading section__subheading__title\">RESPECTUOSOS CON EL MEDIO AMBIENTE<\/h2><p class=\"section__paragraph\"><br\/>Las bolsas de pl\u00e1stico est\u00e1n fabricadas con pl\u00e1sticos reciclados recogidos tras su uso por parte de los consumidores. Esto ayuda a reducir los residuos y disminuye la demanda de nuevos materiales. Al elegir materiales reciclados, contribuimos a una econom\u00eda circular, en la que los productos se reutilizan y se les da un nuevo uso para minimizar su huella medioambiental.<br\/><br\/><strong><mark style=\"background-color:rgba(0, 0, 0, 0)\" class=\"has-inline-color has-white-color\">Nachhaltige Produktion<\/mark><\/strong><br\/>El proceso de producci\u00f3n de nuestras bolsas de pl\u00e1stico recicladas est\u00e1 dise\u00f1ado para minimizar el consumo de energ\u00eda y reducir las emisiones de gases de efecto invernadero. Trabajamos con proveedores que comparten nuestro compromiso con las pr\u00e1cticas sostenibles, lo que garantiza que nuestros productos sean respetuosos con el medio ambiente de principio a fin.<br\/><br\/><strong>Calidad y durabilidad<\/strong><br\/>Nuestras bolsas de pl\u00e1stico recicladas con GRS cumplen los mismos est\u00e1ndares de alta calidad que nuestras bolsas convencionales. Son duraderas, fiables y perfectas para proteger sus productos, adem\u00e1s de ser respetuosas con el medio ambiente.<br\/><\/p><\/div><\/div><\/section>\n\n\n\n<section class=\"wp-block-lindy-image-text-module section section--full-width-image full-width-image--with-text theme--light section--animation-none align--left  font--size-medium width--half\" style=\"background-image:url(https:\/\/lindy.com\/de\/wp-content\/uploads\/sites\/3\/2025\/09\/Polybags-Sustainability-scaled.jpg)\"><img decoding=\"async\" class=\"full-width-image__image\" src=\"https:\/\/lindy.com\/de\/wp-content\/uploads\/sites\/3\/2025\/09\/Polybags-Sustainability-scaled.jpg\"\/><div class=\"contained\"><div class=\"full-width-image__content\"><\/div><\/div><\/section>\n\n\n\n<section class=\"wp-block-lindy-parallax-hero section parallax-hero theme--dark align--left  font--size-medium\" style=\"background-image:url(https:\/\/lindy.com\/de\/wp-content\/uploads\/sites\/3\/2025\/09\/2025-05_Lindy-Sustainability-Strategy_Middle-East_China.pptx-2.png)\"><div class=\"contained contained--full-width\"><div class=\"parallax-hero__content\"><div class=\"parallax-hero__content-wrapper align--left\"><h2 class=\"section__heading\"><span><strong><h2><strong>C\u00f3mo puedes ayudar<\/strong><\/h2><\/strong><\/span><\/h2><p class=\"section__paragraph\"><strong>Reutilizar y reciclar<\/strong><br\/>Le animamos a reutilizar nuestras bolsas de pl\u00e1stico tantas veces como sea posible. Cuando lleguen al final de su ciclo de vida, rec\u00edclelas adecuadamente para garantizar que sigan contribuyendo a un futuro sostenible.<br\/><br\/><strong><strong>Difunde la idea<\/strong><\/strong><br\/>Comparte nuestro compromiso con la sostenibilidad con tus amigos y familiares. Al elegir productos fabricados con materiales reciclados, contribuyes a un mundo m\u00e1s ecol\u00f3gico y sostenible.<\/p><\/div><\/div><\/div><\/section>\n\n\n\n<section class=\"wp-block-lindy-image-text-module section section--full-width-image full-width-image--with-text theme--light section--animation-none align--center  font--size-medium\" style=\"background-image:url()\"><img decoding=\"async\" class=\"full-width-image__image\" src=\"\"\/><div class=\"contained\"><div class=\"full-width-image__content\"><h2 class=\"section__heading\"><span><strong><h2>\u00a1Juntos por un <br\/>futuro m\u00e1s sostenible!<\/h2><\/strong><\/span><\/h2><a href=\"https:\/\/lindy.com\/es\/csr-foa\/#environment\" class=\"button button--dark\" target=\"_self\" rel=\"noopener noreferrer\">Volver<\/a><\/div><\/div><\/section>\n","protected":false},"excerpt":{"rendered":"","protected":false},"author":21,"featured_media":0,"parent":0,"menu_order":0,"comment_status":"closed","ping_status":"closed","template":"page-templates\/template-landing.php","meta":{"_acf_changed":false,"footnotes":""},"class_list":["post-8874","page","type-page","status-publish","hentry"],"acf":[],"yoast_head":"<!-- This site is optimized with the Yoast SEO plugin v26.6 - https:\/\/yoast.com\/wordpress\/plugins\/seo\/ -->\n<title>CSR - Packaging - Lindy - Spanish<\/title>\n<meta name=\"description\" content=\"Descubre nuestros embalajes reciclados con certificaci\u00f3n GRS. Sostenibles, de alta calidad y ecol\u00f3gicos \u2013 para un futuro m\u00e1s verde.\" \/>\n<meta name=\"robots\" content=\"index, follow, max-snippet:-1, max-image-preview:large, max-video-preview:-1\" \/>\n<link rel=\"canonical\" href=\"https:\/\/lindy.com\/es\/csr-packaging\/\" \/>\n<meta property=\"og:locale\" content=\"es_ES\" \/>\n<meta property=\"og:type\" content=\"article\" \/>\n<meta property=\"og:title\" content=\"CSR - Packaging - Lindy - Spanish\" \/>\n<meta property=\"og:description\" content=\"Descubre nuestros embalajes reciclados con certificaci\u00f3n GRS. Sostenibles, de alta calidad y ecol\u00f3gicos \u2013 para un futuro m\u00e1s verde.\" \/>\n<meta property=\"og:url\" content=\"https:\/\/lindy.com\/es\/csr-packaging\/\" \/>\n<meta property=\"og:site_name\" content=\"Lindy - Spanish\" \/>\n<meta property=\"article:modified_time\" content=\"2025-10-08T07:53:03+00:00\" \/>\n<meta property=\"og:image\" content=\"https:\/\/lindy.com\/en\/wp-content\/uploads\/sites\/2\/2024\/07\/AdobeStock_276327214-scaled.jpeg\" \/>\n<meta name=\"twitter:card\" content=\"summary_large_image\" \/>\n<meta name=\"twitter:label1\" content=\"Tiempo de lectura\" \/>\n\t<meta name=\"twitter:data1\" content=\"3 minutos\" \/>\n<script type=\"application\/ld+json\" class=\"yoast-schema-graph\">{\"@context\":\"https:\/\/schema.org\",\"@graph\":[{\"@type\":\"WebPage\",\"@id\":\"https:\/\/lindy.com\/es\/csr-packaging\/\",\"url\":\"https:\/\/lindy.com\/es\/csr-packaging\/\",\"name\":\"CSR - Packaging - Lindy - Spanish\",\"isPartOf\":{\"@id\":\"https:\/\/lindy.com\/es\/#website\"},\"primaryImageOfPage\":{\"@id\":\"https:\/\/lindy.com\/es\/csr-packaging\/#primaryimage\"},\"image\":{\"@id\":\"https:\/\/lindy.com\/es\/csr-packaging\/#primaryimage\"},\"thumbnailUrl\":\"https:\/\/lindy.com\/en\/wp-content\/uploads\/sites\/2\/2024\/07\/AdobeStock_276327214-scaled.jpeg\",\"datePublished\":\"2025-10-06T12:29:24+00:00\",\"dateModified\":\"2025-10-08T07:53:03+00:00\",\"description\":\"Descubre nuestros embalajes reciclados con certificaci\u00f3n GRS. Sostenibles, de alta calidad y ecol\u00f3gicos \u2013 para un futuro m\u00e1s verde.\",\"breadcrumb\":{\"@id\":\"https:\/\/lindy.com\/es\/csr-packaging\/#breadcrumb\"},\"inLanguage\":\"es\",\"potentialAction\":[{\"@type\":\"ReadAction\",\"target\":[\"https:\/\/lindy.com\/es\/csr-packaging\/\"]}]},{\"@type\":\"ImageObject\",\"inLanguage\":\"es\",\"@id\":\"https:\/\/lindy.com\/es\/csr-packaging\/#primaryimage\",\"url\":\"https:\/\/lindy.com\/en\/wp-content\/uploads\/sites\/2\/2024\/07\/AdobeStock_276327214-scaled.jpeg\",\"contentUrl\":\"https:\/\/lindy.com\/en\/wp-content\/uploads\/sites\/2\/2024\/07\/AdobeStock_276327214-scaled.jpeg\"},{\"@type\":\"BreadcrumbList\",\"@id\":\"https:\/\/lindy.com\/es\/csr-packaging\/#breadcrumb\",\"itemListElement\":[{\"@type\":\"ListItem\",\"position\":1,\"name\":\"Home\",\"item\":\"https:\/\/lindy.com\/es\/\"},{\"@type\":\"ListItem\",\"position\":2,\"name\":\"CSR &#8211; Packaging\"}]},{\"@type\":\"WebSite\",\"@id\":\"https:\/\/lindy.com\/es\/#website\",\"url\":\"https:\/\/lindy.com\/es\/\",\"name\":\"Lindy - Spanish\",\"description\":\"Connection Perfection\",\"potentialAction\":[{\"@type\":\"SearchAction\",\"target\":{\"@type\":\"EntryPoint\",\"urlTemplate\":\"https:\/\/lindy.com\/es\/?s={search_term_string}\"},\"query-input\":{\"@type\":\"PropertyValueSpecification\",\"valueRequired\":true,\"valueName\":\"search_term_string\"}}],\"inLanguage\":\"es\"}]}<\/script>\n<!-- \/ Yoast SEO plugin. -->","yoast_head_json":{"title":"CSR - Packaging - Lindy - Spanish","description":"Descubre nuestros embalajes reciclados con certificaci\u00f3n GRS. Sostenibles, de alta calidad y ecol\u00f3gicos \u2013 para un futuro m\u00e1s verde.","robots":{"index":"index","follow":"follow","max-snippet":"max-snippet:-1","max-image-preview":"max-image-preview:large","max-video-preview":"max-video-preview:-1"},"canonical":"https:\/\/lindy.com\/es\/csr-packaging\/","og_locale":"es_ES","og_type":"article","og_title":"CSR - Packaging - Lindy - Spanish","og_description":"Descubre nuestros embalajes reciclados con certificaci\u00f3n GRS. Sostenibles, de alta calidad y ecol\u00f3gicos \u2013 para un futuro m\u00e1s verde.","og_url":"https:\/\/lindy.com\/es\/csr-packaging\/","og_site_name":"Lindy - Spanish","article_modified_time":"2025-10-08T07:53:03+00:00","og_image":[{"url":"https:\/\/lindy.com\/en\/wp-content\/uploads\/sites\/2\/2024\/07\/AdobeStock_276327214-scaled.jpeg","type":"","width":"","height":""}],"twitter_card":"summary_large_image","twitter_misc":{"Tiempo de lectura":"3 minutos"},"schema":{"@context":"https:\/\/schema.org","@graph":[{"@type":"WebPage","@id":"https:\/\/lindy.com\/es\/csr-packaging\/","url":"https:\/\/lindy.com\/es\/csr-packaging\/","name":"CSR - Packaging - Lindy - Spanish","isPartOf":{"@id":"https:\/\/lindy.com\/es\/#website"},"primaryImageOfPage":{"@id":"https:\/\/lindy.com\/es\/csr-packaging\/#primaryimage"},"image":{"@id":"https:\/\/lindy.com\/es\/csr-packaging\/#primaryimage"},"thumbnailUrl":"https:\/\/lindy.com\/en\/wp-content\/uploads\/sites\/2\/2024\/07\/AdobeStock_276327214-scaled.jpeg","datePublished":"2025-10-06T12:29:24+00:00","dateModified":"2025-10-08T07:53:03+00:00","description":"Descubre nuestros embalajes reciclados con certificaci\u00f3n GRS. Sostenibles, de alta calidad y ecol\u00f3gicos \u2013 para un futuro m\u00e1s verde.","breadcrumb":{"@id":"https:\/\/lindy.com\/es\/csr-packaging\/#breadcrumb"},"inLanguage":"es","potentialAction":[{"@type":"ReadAction","target":["https:\/\/lindy.com\/es\/csr-packaging\/"]}]},{"@type":"ImageObject","inLanguage":"es","@id":"https:\/\/lindy.com\/es\/csr-packaging\/#primaryimage","url":"https:\/\/lindy.com\/en\/wp-content\/uploads\/sites\/2\/2024\/07\/AdobeStock_276327214-scaled.jpeg","contentUrl":"https:\/\/lindy.com\/en\/wp-content\/uploads\/sites\/2\/2024\/07\/AdobeStock_276327214-scaled.jpeg"},{"@type":"BreadcrumbList","@id":"https:\/\/lindy.com\/es\/csr-packaging\/#breadcrumb","itemListElement":[{"@type":"ListItem","position":1,"name":"Home","item":"https:\/\/lindy.com\/es\/"},{"@type":"ListItem","position":2,"name":"CSR &#8211; Packaging"}]},{"@type":"WebSite","@id":"https:\/\/lindy.com\/es\/#website","url":"https:\/\/lindy.com\/es\/","name":"Lindy - Spanish","description":"Connection Perfection","potentialAction":[{"@type":"SearchAction","target":{"@type":"EntryPoint","urlTemplate":"https:\/\/lindy.com\/es\/?s={search_term_string}"},"query-input":{"@type":"PropertyValueSpecification","valueRequired":true,"valueName":"search_term_string"}}],"inLanguage":"es"}]}},"_links":{"self":[{"href":"https:\/\/lindy.com\/es\/wp-json\/wp\/v2\/pages\/8874","targetHints":{"allow":["GET"]}}],"collection":[{"href":"https:\/\/lindy.com\/es\/wp-json\/wp\/v2\/pages"}],"about":[{"href":"https:\/\/lindy.com\/es\/wp-json\/wp\/v2\/types\/page"}],"author":[{"embeddable":true,"href":"https:\/\/lindy.com\/es\/wp-json\/wp\/v2\/users\/21"}],"replies":[{"embeddable":true,"href":"https:\/\/lindy.com\/es\/wp-json\/wp\/v2\/comments?post=8874"}],"version-history":[{"count":7,"href":"https:\/\/lindy.com\/es\/wp-json\/wp\/v2\/pages\/8874\/revisions"}],"predecessor-version":[{"id":8916,"href":"https:\/\/lindy.com\/es\/wp-json\/wp\/v2\/pages\/8874\/revisions\/8916"}],"wp:attachment":[{"href":"https:\/\/lindy.com\/es\/wp-json\/wp\/v2\/media?parent=8874"}],"curies":[{"name":"wp","href":"https:\/\/api.w.org\/{rel}","templated":true}]}}