{"id":9119,"date":"2025-11-04T14:45:37","date_gmt":"2025-11-04T14:45:37","guid":{"rendered":"https:\/\/lindy.com\/es\/?page_id=9119"},"modified":"2026-03-27T09:55:16","modified_gmt":"2026-03-27T09:55:16","slug":"case-study-poga","status":"publish","type":"page","link":"https:\/\/lindy.com\/es\/case-study-poga\/","title":{"rendered":"CASE STUDY POGA"},"content":{"rendered":"\n<section class=\"wp-block-lindy-image-text-module section section--full-width-image full-width-image--with-text theme--dark section--animation-none align--center  font--size-large\" style=\"background-image:url(https:\/\/lindy.com\/es\/wp-content\/uploads\/sites\/7\/2026\/03\/Header_Poga_Case-Study.png)\"><img decoding=\"async\" class=\"full-width-image__image\" src=\"https:\/\/lindy.com\/es\/wp-content\/uploads\/sites\/7\/2026\/03\/Header_Poga_Case-Study.png\"\/><div class=\"contained\"><div class=\"full-width-image__content\"><h2 class=\"section__heading\"><span>JUGANDO EN RUTA<\/span><\/h2><h2 class=\"section__subheading section__subheading__title\">CON TECNOLOG\u00cdA DE LINDY<\/h2><p class=\"section__paragraph\"><br\/>CONEXIONES QUE LLEGAN TAN LEJOS<br\/>COMO LOS JUGADORES<\/p><\/div><\/div><\/section>\n\n\n\n<section class=\"wp-block-lindy-heading-text section section--heading-text theme--light align--center font--camber font--size-medium section--animation-none\"><div class=\"contained\"><h2 class=\"section__heading\"><span><br\/><\/span><\/h2><h2 class=\"section__subheading section__subheading__title\">DEL SAL\u00d3N AL VESTUARIO: SIEMPRE CONECTADO<\/h2><\/div><\/section>\n\n\n\n<section class=\"wp-block-lindy-key-info section section--key-info theme--light section--animation-none\"><div class=\"contained\"><div class=\"grid-2_sm-1-center\"><div class=\"col left_item\"><div class=\"box\"><h3 class=\"section__heading\"><\/h3><div class=\"section__content\"><p class=\"section__content\">POGA, una empresa alemana innovadora en estaciones de juego port\u00e1tiles de alta gama para PS5, Xbox y PC, est\u00e1 redefiniendo los juegos sobre la marcha. Con la confianza de atletas, influencers y gamers de todo el mundo, POGA combina un dise\u00f1o de primera calidad con un rendimiento de nivel profesional. <br\/>Para satisfacer las exigencias de los viajes frecuentes y una experiencia de juego impecable, POGA se ha asociado con Lindy, l\u00edder mundial en conectividad fiable.<\/p><\/div><\/div><\/div><div class=\"col right_item\"><div class=\"box\"><h3 class=\"section__heading\"><\/h3><div class=\"section__content\"><p class=\"section__content\">Los duraderos y certificados cables de Lindy ofrecen im\u00e1genes perfectas, alimentaci\u00f3n estable y una integraci\u00f3n elegante, lo que garantiza una experiencia de juego de primera clase en cualquier momento y lugar.<\/p><\/div><\/div><\/div><\/div><\/div><\/section>\n\n\n\n<section class=\"wp-block-lindy-image-text-module section section--full-width-image full-width-image--with-text theme--dark section--animation-none align--left  font--size-medium width--half\" style=\"background-image:url()\"><img decoding=\"async\" class=\"full-width-image__image\" src=\"\"\/><div class=\"contained\"><div class=\"full-width-image__content\"><h2 class=\"section__heading\"><span>EL RETO<\/span><\/h2><p class=\"section__paragraph\"><br\/>Los cables deben soportar transportes y montajes frecuentes, al tiempo que mantienen un rendimiento constante con una p\u00e9rdida de se\u00f1al m\u00ednima y una alimentaci\u00f3n estable.<br\/><br\/>Tambi\u00e9n ten\u00edan que encajar perfectamente en las elegantes y compactas carcasas de POGA, equilibrando la flexibilidad con un aspecto ordenado y de alta calidad.<br\/><br\/>Por \u00faltimo, los cables deb\u00edan cumplir con los requisitos de seguridad, durabilidad y fiabilidad a largo plazo para satisfacer las expectativas de los usuarios profesionales en entornos exigentes.<\/p><\/div><\/div><\/section>\n\n\n\n<section class=\"wp-block-lindy-image-text-module section section--full-width-image full-width-image--with-text theme--dark section--animation-none align--left  font--size-medium width--half\" style=\"background-image:url(https:\/\/lindy.com\/fr\/wp-content\/uploads\/sites\/4\/2025\/11\/Challenge-Image-2_PS.jpg)\"><img decoding=\"async\" class=\"full-width-image__image\" src=\"https:\/\/lindy.com\/fr\/wp-content\/uploads\/sites\/4\/2025\/11\/Challenge-Image-2_PS.jpg\"\/><div class=\"contained\"><div class=\"full-width-image__content\"><\/div><\/div><\/section>\n\n\n\n<section class=\"wp-block-lindy-key-info section section--key-info theme--light section--animation-none\"><div class=\"contained\"><div class=\"grid-2_sm-1-center\"><div class=\"col left_item\"><div class=\"box\"><h3 class=\"section__heading\">LA SOLUCI\u00d3N<\/h3><div class=\"section__content\"><p class=\"section__content\">Lindy suministr\u00f3 cables HDMI y de alimentaci\u00f3n\/datos blindados de alta calidad adaptados a las necesidades de POGA: compactos, resistentes y certificados para garantizar su fiabilidad.<\/p><\/div><\/div><\/div><div class=\"col right_item\"><div class=\"box\"><h3 class=\"section__heading\"><\/h3><div class=\"section__content\"><p class=\"section__content\">Los conectores HDMI chapados en oro garantizaron se\u00f1ales HD estables, los cables de alimentaci\u00f3n reforzados minimizan el desgaste y encajan perfectamente en las elegantes carcasas de POGA.<\/p><\/div><\/div><\/div><\/div><\/div><\/section>\n\n\n\n<section class=\"wp-block-lindy-heading-text section section--heading-text theme--dark align--center  font--size-medium section--animation-none\"><div class=\"contained\"><h2 class=\"section__heading\"><span>PRODUCTOS LINDY UTILIZADOS<\/span><\/h2><\/div><\/section>\n\n\n\n<section class=\"wp-block-lindy-image-text-module section section--full-width-image full-width-image--with-text theme--dark section--animation-none align--left font--camber font--size-small width--half\" style=\"background-image:url(https:\/\/lindy.com\/de\/wp-content\/uploads\/sites\/3\/2026\/01\/41670_3.png)\"><img decoding=\"async\" class=\"full-width-image__image\" src=\"https:\/\/lindy.com\/de\/wp-content\/uploads\/sites\/3\/2026\/01\/41670_3.png\"\/><div class=\"contained\"><div class=\"full-width-image__content\"><h2 class=\"section__heading\"><span>Cable CROMO Slim High Speed Cable, 0,5m<\/span><\/h2><h2 class=\"section__subheading section__subheading__title\">No. 41670<\/h2><p class=\"section__paragraph\"><br\/>Cable HDMI\u00ae 2.0 ultra flexible y chapado en oro que admite 4K60Hz, ideal para espacios reducidos.<br\/><\/p><a href=\"https:\/\/www.lindy.eu\/CROMO-Slim-High-Speed-HDMI-Cable-with-Ethernet-0-5m.htm?websale8=ld0101.ld021102&amp;pi=41670&amp;ci=80\" class=\"button button--white-transparent\" target=\"_blank\" rel=\"noopener noreferrer\">SHOP ONLINE<\/a><\/div><\/div><\/section>\n\n\n\n<section class=\"wp-block-lindy-image-text-module section section--full-width-image full-width-image--with-text theme--dark section--animation-none align--left font--camber font--size-small width--half\" style=\"background-image:url(https:\/\/lindy.com\/de\/wp-content\/uploads\/sites\/3\/2026\/01\/36462_2.png)\"><img decoding=\"async\" class=\"full-width-image__image\" src=\"https:\/\/lindy.com\/de\/wp-content\/uploads\/sites\/3\/2026\/01\/36462_2.png\"\/><div class=\"contained\"><div class=\"full-width-image__content\"><h2 class=\"section__heading\"><span>Cable Slim DisplayPort\u2122 1.4, 2m<\/span><\/h2><h2 class=\"section__subheading section__subheading__title\">No. 36462<\/h2><p class=\"section__paragraph\"><br\/>Admite hasta 8K60 Hz y 4K144 Hz, con un dise\u00f1o delgado con triple blindaje para espacios reducidos.<br\/><\/p><a href=\"https:\/\/www.lindy.eu\/2m-Slim-DisplayPort-1-4-Cable.htm?websale8=ld0101.ld021102&amp;pi=36462&amp;ci=80\" class=\"button button--white-transparent\" target=\"_blank\" rel=\"noopener noreferrer\">SHOP ONLINE<\/a><\/div><\/div><\/section>\n\n\n\n<section class=\"wp-block-lindy-image-text-module section section--full-width-image full-width-image--with-text theme--dark section--animation-none align--left font--camber font--size-small width--half\" style=\"background-image:url(https:\/\/lindy.com\/de\/wp-content\/uploads\/sites\/3\/2026\/01\/30433_black.png)\"><img decoding=\"async\" class=\"full-width-image__image\" src=\"https:\/\/lindy.com\/de\/wp-content\/uploads\/sites\/3\/2026\/01\/30433_black.png\"\/><div class=\"contained\"><div class=\"full-width-image__content\"><h2 class=\"section__heading\"><span>Cable de alimentaci\u00f3n UK 3 Pin a IEC C13, 2m<\/span><\/h2><h2 class=\"section__subheading section__subheading__title\">No. 30433<\/h2><p class=\"section__paragraph\"><br\/>Construcci\u00f3n totalmente moldeada, mayor durabilidad y con una potencia nominal de 7 A\/250 V.<br\/><\/p><a href=\"https:\/\/www.lindy.eu\/2m-UK-3-Pin-to-C13-Mains-Cable.htm?websale8=ld0101.ld021102&amp;pi=30433&amp;ci=80\" class=\"button button--white-transparent\" target=\"_blank\" rel=\"noopener noreferrer\">SHOP ONLINE<\/a><\/div><\/div><\/section>\n\n\n\n<section class=\"wp-block-lindy-image-text-module section section--full-width-image full-width-image--with-text theme--dark section--animation-none align--left font--camber font--size-small width--half\" style=\"background-image:url(https:\/\/lindy.com\/de\/wp-content\/uploads\/sites\/3\/2026\/01\/30338_2.png)\"><img decoding=\"async\" class=\"full-width-image__image\" src=\"https:\/\/lindy.com\/de\/wp-content\/uploads\/sites\/3\/2026\/01\/30338_2.png\"\/><div class=\"contained\"><div class=\"full-width-image__content\"><h2 class=\"section__heading\"><span>Cable de alimentaci\u00f3n US 3 Pin to C13, 2m<\/span><\/h2><h2 class=\"section__subheading section__subheading__title\">No. 30338<\/h2><p class=\"section__paragraph\"><br\/>Una resistente estructura de PVC de 18 AWG en un elegante color negro.<br\/><\/p><a href=\"https:\/\/www.lindy.eu\/2m-US-3-Pin-to-C13-Mains-Cable.htm?websale8=ld0101.ld021102&amp;pi=30338&amp;ci=80\" class=\"button button--white-transparent\" target=\"_blank\" rel=\"noopener noreferrer\">SHOP ONLINE<\/a><\/div><\/div><\/section>\n\n\n\n<section class=\"wp-block-lindy-heading-text section section--heading-text theme--dark align--left  font--size-medium section--animation-none\"><div class=\"contained\"><\/div><\/section>\n\n\n\n<section class=\"wp-block-lindy-contained-image section section--contained-image contained-image theme--light align--left font--size-medium\"><div class=\"contained\"><img decoding=\"async\" src=\"https:\/\/lindy.com\/eu\/wp-content\/uploads\/sites\/10\/2025\/11\/Poga-Testimonial-corrected.jpg\"\/><div class=\"contained-image__content\"><\/div><\/div><\/section>\n\n\n\n<section class=\"wp-block-lindy-heading-text section section--heading-text theme--dark align--center  font--size-medium section--animation-none\"><div class=\"contained\"><h2 class=\"section__heading\"><span>RESULTADOS Y BENEFICIOS<\/span><\/h2><\/div><\/section>\n\n\n\n<section class=\"wp-block-lindy-key-info section section--key-info theme--dark section--animation-none\"><div class=\"contained\"><div class=\"grid-2_sm-1-center\"><div class=\"col left_item\"><div class=\"box box--border\"><h3 class=\"section__heading\">Resultados cuantitativos<\/h3><div class=\"section__content\"><p class=\"section__content\"><strong>DURABILIDAD<\/strong>: Resisti\u00f3 m\u00e1s de 10 000 ciclos de conexi\u00f3n\/desconexi\u00f3n, lo que redujo las tasas de fallo en un 30 %.<br\/><br\/><strong>RENDIMIENTO<\/strong>: Mantuvo una integridad de se\u00f1al perfecta sin p\u00e9rdida de datos.<br\/><br\/><strong>EFICIENCIA<\/strong>: Los cables estandarizados redujeron el tiempo de montaje en un 15 %.<br\/><br\/><strong>SATISFACCI\u00d3N<\/strong>: Los usuarios informaron de una mayor fiabilidad y calidad de fabricaci\u00f3n.<\/p><\/div><\/div><\/div><div class=\"col right_item\"><div class=\"box box--border\"><h3 class=\"section__heading\">Resultados cualitativos<\/h3><div class=\"section__content\"><p class=\"section__content\"><strong>FIABILIDAD<\/strong>: Im\u00e1genes fluidas y potencia estable en cualquier entorno.<br\/><br\/><strong>ADECUACI\u00d3N DE LA MARCA<\/strong>: El dise\u00f1o premium reforz\u00f3 la imagen profesional de POGA.<br\/><br\/><strong>INTEGRACI\u00d3N<\/strong>: Cables compactos y flexibles que mejoran la est\u00e9tica y la facilidad de uso.<br\/><br\/><strong>ASOCIACI\u00d3N<\/strong>: La estrecha colaboraci\u00f3n garantiz\u00f3 la escalabilidad y la innovaci\u00f3n.<\/p><\/div><\/div><\/div><\/div><\/div><\/section>\n\n\n\n<section class=\"wp-block-lindy-icon-section section section--icon font--size-small align--center theme--dark\"><div class=\"contained\"><div class=\"grid-4_md-2_xs-1-spaceAround icons\"><div class=\"col\"><div class=\"icon-block icon-block--0\"><img decoding=\"async\" class=\"icon-block__image\" src=\"https:\/\/lindy.com\/de\/wp-content\/uploads\/sites\/3\/2025\/11\/Streamlined-Installation.png\"\/><div class=\"icon-block__content\"><h3 class=\"icon-title\">INSTALACI\u00d3N \nOPTIMIZADA<\/h3><p class=\"icon-text\"><\/p><\/div><\/div><\/div><div class=\"col\"><div class=\"icon-block icon-block--1\"><img decoding=\"async\" class=\"icon-block__image\" src=\"https:\/\/lindy.com\/de\/wp-content\/uploads\/sites\/3\/2025\/11\/Scalability-Flexibility.png\"\/><div class=\"icon-block__content\"><h3 class=\"icon-title\">ESCALABILIDAD Y\nFLEXIBILIDAD<\/h3><p class=\"icon-text\"><\/p><\/div><\/div><\/div><div class=\"col\"><div class=\"icon-block icon-block--2\"><img decoding=\"async\" class=\"icon-block__image\" src=\"https:\/\/lindy.com\/de\/wp-content\/uploads\/sites\/3\/2025\/11\/Reliability-Durability.png\"\/><div class=\"icon-block__content\"><h3 class=\"icon-title\">Fiabilidad y\ndurabilidad<\/h3><p class=\"icon-text\"><\/p><\/div><\/div><\/div><div class=\"col\"><div class=\"icon-block icon-block--3\"><img decoding=\"async\" class=\"icon-block__image\" src=\"https:\/\/lindy.com\/de\/wp-content\/uploads\/sites\/3\/2025\/11\/Customer-Satisfaction.png\"\/><div class=\"icon-block__content\"><h3 class=\"icon-title\">SATISFACCI\u00d3N DEL CLIENTE<\/h3><p class=\"icon-text\"><\/p><\/div><\/div><\/div><\/div><\/div><\/section>\n\n\n\n<section class=\"wp-block-lindy-heading-text section section--heading-text theme--light align--center  font--size-medium section--animation-none\"><div class=\"contained\"><h2 class=\"section__heading\"><span>CONCLUSIONES Y APRENDIZAJES<\/span><\/h2><\/div><\/section>\n\n\n\n<section class=\"wp-block-lindy-key-info section section--key-info theme--light section--animation-none\"><div class=\"contained\"><div class=\"grid-2_sm-1-center\"><div class=\"col left_item\"><div class=\"box\"><h3 class=\"section__heading\">Proyecto de \u00e9xito<\/h3><div class=\"section__content\"><p class=\"section__content\">La colaboraci\u00f3n entre POGA y Lindy result\u00f3 muy satisfactoria, ya que proporcion\u00f3 soluciones de cableado fiables, duraderas y perfectamente integradas que mejoraron las estaciones de juego port\u00e1tiles de POGA.<\/p><\/div><\/div><\/div><div class=\"col right_item\"><div class=\"box\"><h3 class=\"section__heading\">Perspectiva del sector<\/h3><div class=\"section__content\"><p class=\"section__content\">Esta colaboraci\u00f3n pone de relieve una tendencia generalizada en el sector: a medida que crece el mercado de los juegos port\u00e1tiles, se hace cada vez m\u00e1s necesaria la demanda de soluciones de conectividad duraderas y certificadas que combinen fiabilidad, rendimiento e integraci\u00f3n de dise\u00f1o.<\/p><\/div><\/div><\/div><\/div><\/div><\/section>\n\n\n\n<section class=\"wp-block-lindy-image-text-module section section--full-width-image full-width-image--with-text theme--dark section--animation-none align--left  font--size-medium width--half\" style=\"background-image:url(https:\/\/lindy.com\/fr\/wp-content\/uploads\/sites\/4\/2025\/11\/Mock-up-case-sudy-POGA_PS.jpg)\"><img decoding=\"async\" class=\"full-width-image__image\" src=\"https:\/\/lindy.com\/fr\/wp-content\/uploads\/sites\/4\/2025\/11\/Mock-up-case-sudy-POGA_PS.jpg\"\/><div class=\"contained\"><div class=\"full-width-image__content\"><\/div><\/div><\/section>\n\n\n\n<section class=\"wp-block-lindy-image-text-module section section--full-width-image full-width-image--with-text theme--dark section--animation-none align--center  font--size-small width--half\" style=\"background-image:url()\"><img decoding=\"async\" class=\"full-width-image__image\" src=\"\"\/><div class=\"contained\"><div class=\"full-width-image__content\"><h2 class=\"section__subheading section__subheading__title\">\u00bfLe ha parecido interesante este caso de \u00e9xito?\u00a0<\/h2><p class=\"section__paragraph\"><br\/><strong><strong><strong>Gu\u00e1rdelo con un s\u00f3lo clic<\/strong><\/strong><\/strong><\/p><a href=\"https:\/\/lindy.com\/es\/wp-content\/uploads\/sites\/7\/2025\/11\/Lindy-x-POGA-Case-Study-ES.pdf\" class=\"button button--white-transparent\" target=\"_blank\" rel=\"noopener noreferrer\">\ud83d\udce5 Descargue la versi\u00f3n PDF<\/a><\/div><\/div><\/section>\n","protected":false},"excerpt":{"rendered":"","protected":false},"author":28,"featured_media":0,"parent":0,"menu_order":0,"comment_status":"closed","ping_status":"closed","template":"page-templates\/template-landing.php","meta":{"_acf_changed":false,"footnotes":""},"class_list":["post-9119","page","type-page","status-publish","hentry"],"acf":[],"yoast_head":"<!-- This site is optimized with the Yoast SEO plugin v26.6 - https:\/\/yoast.com\/wordpress\/plugins\/seo\/ -->\n<title>CASE STUDY POGA - Lindy - Spanish<\/title>\n<meta name=\"robots\" content=\"index, follow, max-snippet:-1, max-image-preview:large, max-video-preview:-1\" \/>\n<link rel=\"canonical\" href=\"https:\/\/lindy.com\/es\/case-study-poga\/\" \/>\n<meta property=\"og:locale\" content=\"es_ES\" \/>\n<meta property=\"og:type\" content=\"article\" \/>\n<meta property=\"og:title\" content=\"CASE STUDY POGA - Lindy - Spanish\" \/>\n<meta property=\"og:url\" content=\"https:\/\/lindy.com\/es\/case-study-poga\/\" \/>\n<meta property=\"og:site_name\" content=\"Lindy - Spanish\" \/>\n<meta property=\"article:modified_time\" content=\"2026-03-27T09:55:16+00:00\" \/>\n<meta property=\"og:image\" content=\"https:\/\/lindy.com\/es\/wp-content\/uploads\/sites\/7\/2026\/03\/Header_Poga_Case-Study.png\" \/>\n<meta name=\"twitter:card\" content=\"summary_large_image\" \/>\n<meta name=\"twitter:label1\" content=\"Tiempo de lectura\" \/>\n\t<meta name=\"twitter:data1\" content=\"6 minutos\" \/>\n<script type=\"application\/ld+json\" class=\"yoast-schema-graph\">{\"@context\":\"https:\/\/schema.org\",\"@graph\":[{\"@type\":\"WebPage\",\"@id\":\"https:\/\/lindy.com\/es\/case-study-poga\/\",\"url\":\"https:\/\/lindy.com\/es\/case-study-poga\/\",\"name\":\"CASE STUDY POGA - Lindy - Spanish\",\"isPartOf\":{\"@id\":\"https:\/\/lindy.com\/es\/#website\"},\"primaryImageOfPage\":{\"@id\":\"https:\/\/lindy.com\/es\/case-study-poga\/#primaryimage\"},\"image\":{\"@id\":\"https:\/\/lindy.com\/es\/case-study-poga\/#primaryimage\"},\"thumbnailUrl\":\"https:\/\/lindy.com\/es\/wp-content\/uploads\/sites\/7\/2026\/03\/Header_Poga_Case-Study.png\",\"datePublished\":\"2025-11-04T14:45:37+00:00\",\"dateModified\":\"2026-03-27T09:55:16+00:00\",\"breadcrumb\":{\"@id\":\"https:\/\/lindy.com\/es\/case-study-poga\/#breadcrumb\"},\"inLanguage\":\"es\",\"potentialAction\":[{\"@type\":\"ReadAction\",\"target\":[\"https:\/\/lindy.com\/es\/case-study-poga\/\"]}]},{\"@type\":\"ImageObject\",\"inLanguage\":\"es\",\"@id\":\"https:\/\/lindy.com\/es\/case-study-poga\/#primaryimage\",\"url\":\"https:\/\/lindy.com\/es\/wp-content\/uploads\/sites\/7\/2026\/03\/Header_Poga_Case-Study.png\",\"contentUrl\":\"https:\/\/lindy.com\/es\/wp-content\/uploads\/sites\/7\/2026\/03\/Header_Poga_Case-Study.png\",\"width\":1920,\"height\":1080},{\"@type\":\"BreadcrumbList\",\"@id\":\"https:\/\/lindy.com\/es\/case-study-poga\/#breadcrumb\",\"itemListElement\":[{\"@type\":\"ListItem\",\"position\":1,\"name\":\"Home\",\"item\":\"https:\/\/lindy.com\/es\/\"},{\"@type\":\"ListItem\",\"position\":2,\"name\":\"CASE STUDY POGA\"}]},{\"@type\":\"WebSite\",\"@id\":\"https:\/\/lindy.com\/es\/#website\",\"url\":\"https:\/\/lindy.com\/es\/\",\"name\":\"Lindy - Spanish\",\"description\":\"Connection Perfection\",\"potentialAction\":[{\"@type\":\"SearchAction\",\"target\":{\"@type\":\"EntryPoint\",\"urlTemplate\":\"https:\/\/lindy.com\/es\/?s={search_term_string}\"},\"query-input\":{\"@type\":\"PropertyValueSpecification\",\"valueRequired\":true,\"valueName\":\"search_term_string\"}}],\"inLanguage\":\"es\"}]}<\/script>\n<!-- \/ Yoast SEO plugin. -->","yoast_head_json":{"title":"CASE STUDY POGA - Lindy - Spanish","robots":{"index":"index","follow":"follow","max-snippet":"max-snippet:-1","max-image-preview":"max-image-preview:large","max-video-preview":"max-video-preview:-1"},"canonical":"https:\/\/lindy.com\/es\/case-study-poga\/","og_locale":"es_ES","og_type":"article","og_title":"CASE STUDY POGA - Lindy - Spanish","og_url":"https:\/\/lindy.com\/es\/case-study-poga\/","og_site_name":"Lindy - Spanish","article_modified_time":"2026-03-27T09:55:16+00:00","og_image":[{"url":"https:\/\/lindy.com\/es\/wp-content\/uploads\/sites\/7\/2026\/03\/Header_Poga_Case-Study.png","type":"","width":"","height":""}],"twitter_card":"summary_large_image","twitter_misc":{"Tiempo de lectura":"6 minutos"},"schema":{"@context":"https:\/\/schema.org","@graph":[{"@type":"WebPage","@id":"https:\/\/lindy.com\/es\/case-study-poga\/","url":"https:\/\/lindy.com\/es\/case-study-poga\/","name":"CASE STUDY POGA - Lindy - Spanish","isPartOf":{"@id":"https:\/\/lindy.com\/es\/#website"},"primaryImageOfPage":{"@id":"https:\/\/lindy.com\/es\/case-study-poga\/#primaryimage"},"image":{"@id":"https:\/\/lindy.com\/es\/case-study-poga\/#primaryimage"},"thumbnailUrl":"https:\/\/lindy.com\/es\/wp-content\/uploads\/sites\/7\/2026\/03\/Header_Poga_Case-Study.png","datePublished":"2025-11-04T14:45:37+00:00","dateModified":"2026-03-27T09:55:16+00:00","breadcrumb":{"@id":"https:\/\/lindy.com\/es\/case-study-poga\/#breadcrumb"},"inLanguage":"es","potentialAction":[{"@type":"ReadAction","target":["https:\/\/lindy.com\/es\/case-study-poga\/"]}]},{"@type":"ImageObject","inLanguage":"es","@id":"https:\/\/lindy.com\/es\/case-study-poga\/#primaryimage","url":"https:\/\/lindy.com\/es\/wp-content\/uploads\/sites\/7\/2026\/03\/Header_Poga_Case-Study.png","contentUrl":"https:\/\/lindy.com\/es\/wp-content\/uploads\/sites\/7\/2026\/03\/Header_Poga_Case-Study.png","width":1920,"height":1080},{"@type":"BreadcrumbList","@id":"https:\/\/lindy.com\/es\/case-study-poga\/#breadcrumb","itemListElement":[{"@type":"ListItem","position":1,"name":"Home","item":"https:\/\/lindy.com\/es\/"},{"@type":"ListItem","position":2,"name":"CASE STUDY POGA"}]},{"@type":"WebSite","@id":"https:\/\/lindy.com\/es\/#website","url":"https:\/\/lindy.com\/es\/","name":"Lindy - Spanish","description":"Connection Perfection","potentialAction":[{"@type":"SearchAction","target":{"@type":"EntryPoint","urlTemplate":"https:\/\/lindy.com\/es\/?s={search_term_string}"},"query-input":{"@type":"PropertyValueSpecification","valueRequired":true,"valueName":"search_term_string"}}],"inLanguage":"es"}]}},"_links":{"self":[{"href":"https:\/\/lindy.com\/es\/wp-json\/wp\/v2\/pages\/9119","targetHints":{"allow":["GET"]}}],"collection":[{"href":"https:\/\/lindy.com\/es\/wp-json\/wp\/v2\/pages"}],"about":[{"href":"https:\/\/lindy.com\/es\/wp-json\/wp\/v2\/types\/page"}],"author":[{"embeddable":true,"href":"https:\/\/lindy.com\/es\/wp-json\/wp\/v2\/users\/28"}],"replies":[{"embeddable":true,"href":"https:\/\/lindy.com\/es\/wp-json\/wp\/v2\/comments?post=9119"}],"version-history":[{"count":13,"href":"https:\/\/lindy.com\/es\/wp-json\/wp\/v2\/pages\/9119\/revisions"}],"predecessor-version":[{"id":9806,"href":"https:\/\/lindy.com\/es\/wp-json\/wp\/v2\/pages\/9119\/revisions\/9806"}],"wp:attachment":[{"href":"https:\/\/lindy.com\/es\/wp-json\/wp\/v2\/media?parent=9119"}],"curies":[{"name":"wp","href":"https:\/\/api.w.org\/{rel}","templated":true}]}}