{"id":9521,"date":"2026-02-24T12:28:59","date_gmt":"2026-02-24T12:28:59","guid":{"rendered":"https:\/\/lindy.com\/es\/?page_id=9521"},"modified":"2026-02-24T13:33:25","modified_gmt":"2026-02-24T13:33:25","slug":"case-study-aver","status":"publish","type":"page","link":"https:\/\/lindy.com\/es\/case-study-aver\/","title":{"rendered":"CASE STUDY AVER"},"content":{"rendered":"\n<section class=\"wp-block-lindy-image-text-module section section--full-width-image full-width-image--with-text theme--light section--animation-none align--center  font--size-large\" style=\"background-image:url(https:\/\/lindy.com\/eu\/wp-content\/uploads\/sites\/10\/2026\/01\/Main-Image-2-1.jpg)\"><img decoding=\"async\" class=\"full-width-image__image\" src=\"https:\/\/lindy.com\/eu\/wp-content\/uploads\/sites\/10\/2026\/01\/Main-Image-2-1.jpg\"\/><div class=\"contained\"><div class=\"full-width-image__content\"><h2 class=\"section__heading\"><span>CONEXIONES <br\/>CON VISI\u00d3N<\/span><\/h2><\/div><\/div><\/section>\n\n\n\n<section class=\"wp-block-lindy-heading-text section section--heading-text theme--light align--center font--camber font--size-medium section--animation-none\"><div class=\"contained\"><h2 class=\"section__heading\"><span><br\/><\/span><\/h2><h2 class=\"section__subheading section__subheading__title\">CUANDO SE REQUIERE RENDIMIENTO, AVer ELIGE LINDY<\/h2><\/div><\/section>\n\n\n\n<section class=\"wp-block-lindy-key-info section section--key-info theme--light section--animation-none\"><div class=\"contained\"><div class=\"grid-2_sm-1-center\"><div class=\"col left_item\"><div class=\"box\"><h3 class=\"section__heading\"><\/h3><div class=\"section__content\"><p class=\"section__content\">AVer, conocida por sus altos est\u00e1ndares en imagen profesional, necesitaba una conectividad USB de larga distancia totalmente confiable. Tras extensas pruebas de diversas soluciones de extensi\u00f3n USB 3.0, solo Lindy cumpli\u00f3 con sus requisitos.<br\/><\/p><\/div><\/div><\/div><div class=\"col right_item\"><div class=\"box\"><h3 class=\"section__heading\"><\/h3><div class=\"section__content\"><p class=\"section__content\">En toda la gama de c\u00e1maras AVer \u2014desde unidades compactas de videoconferencia hasta modelos PTZ avanzados y de grado m\u00e9dico\u2014 los cables Lindy ofrecieron resultados impecables: video n\u00edtido, PTZ y seguimiento autom\u00e1tico responsivos, y conexiones estables incluso a 20\u201325 metros.<\/p><\/div><\/div><\/div><\/div><\/div><\/section>\n\n\n\n<section class=\"wp-block-lindy-image-text-module section section--full-width-image full-width-image--with-text theme--dark section--animation-none align--left  font--size-medium width--half\" style=\"background-image:url()\"><img decoding=\"async\" class=\"full-width-image__image\" src=\"\"\/><div class=\"contained\"><div class=\"full-width-image__content\"><h2 class=\"section__heading\"><span>EL RETO<\/span><\/h2><p class=\"section__paragraph\"><br\/>Las configuraciones modernas de videoconferencias, transmisi\u00f3n en streaming, captura en las aulas, imagen m\u00e9dica y seguimiento autom\u00e1tico a menudo requieren colocar las c\u00e1maras mucho m\u00e1s all\u00e1 de los l\u00edmites de los cables USB est\u00e1ndar. Para AVer, el desaf\u00edo consist\u00eda en garantizar que sus c\u00e1maras funcionaran de manera confiable a estas largas distancias desde el PC host, sin sacrificar la calidad de video, ni generar problemas de latencia o alimentaci\u00f3n, ni reducir la capacidad de respuesta del PTZ y del seguimiento autom\u00e1tico.<\/p><\/div><\/div><\/section>\n\n\n\n<section class=\"wp-block-lindy-image-text-module section section--full-width-image full-width-image--with-text theme--dark section--animation-none align--left  font--size-medium width--half\" style=\"background-image:url(https:\/\/lindy.com\/eu\/wp-content\/uploads\/sites\/10\/2026\/01\/Resized-challenge-colour.jpg)\"><img decoding=\"async\" class=\"full-width-image__image\" src=\"https:\/\/lindy.com\/eu\/wp-content\/uploads\/sites\/10\/2026\/01\/Resized-challenge-colour.jpg\"\/><div class=\"contained\"><div class=\"full-width-image__content\"><p class=\"section__paragraph\"><br\/><\/p><\/div><\/div><\/section>\n\n\n\n<section class=\"wp-block-lindy-image-text-module section section--full-width-image full-width-image--with-text theme--light section--animation-none align--left  font--size-medium width--half\" style=\"background-image:url(https:\/\/lindy.com\/eu\/wp-content\/uploads\/sites\/10\/2026\/01\/Solution-1.jpg)\"><img decoding=\"async\" class=\"full-width-image__image\" src=\"https:\/\/lindy.com\/eu\/wp-content\/uploads\/sites\/10\/2026\/01\/Solution-1.jpg\"\/><div class=\"contained\"><div class=\"full-width-image__content\"><\/div><\/div><\/section>\n\n\n\n<section class=\"wp-block-lindy-image-text-module section section--full-width-image full-width-image--with-text theme--light section--animation-none align--left  font--size-medium width--half\" style=\"background-image:url()\"><img decoding=\"async\" class=\"full-width-image__image\" src=\"\"\/><div class=\"contained\"><div class=\"full-width-image__content\"><h2 class=\"section__heading\"><span>ENFOQUE DE PRUEBAS Y SOLUCI\u00d3N<\/span><\/h2><p class=\"section__paragraph\"><br\/>Para afrontar este desaf\u00edo, AVer se asoci\u00f3 con Lindy para probar varias de sus c\u00e1maras con cables de extensi\u00f3n USB 3.0 activos Lindy de 3 m, 10 m y m\u00e1s de 20 m. Las pruebas en salas de reuniones y laboratorios m\u00e9dicos evaluaron calidad de video, latencia, alimentaci\u00f3n, funciones PTZ\/seguimiento autom\u00e1tico y robustez de la conexi\u00f3n, garantizando un rendimiento confiable a largas distancias.<\/p><\/div><\/div><\/section>\n\n\n\n<section class=\"wp-block-lindy-heading-text section section--heading-text theme--dark align--center  font--size-medium section--animation-none\"><div class=\"contained\"><h2 class=\"section__heading\"><span><br\/>PROBADOS JUNTOS, CONFIANDO JUNTOS<\/span><\/h2><\/div><\/section>\n\n\n\n<section class=\"wp-block-lindy-key-info section section--key-info theme--dark section--animation-none\"><div class=\"contained\"><div class=\"grid-2_sm-1-center\"><div class=\"col left_item\"><div class=\"box box--border\"><h3 class=\"section__heading\">Productos y c\u00e1maras AVer para la combinaci\u00f3n perfecta<\/h3><div class=\"section__content\"><p class=\"section__content\"><strong>C\u00e1maras USB de la serie CAM<\/strong>: Conectividad sencilla plug-and-play para videoconferencias sin esfuerzo.<br\/><br\/><strong>Caja de seguimiento de matriz MT300\/100<\/strong>: Seguimiento inteligente del presentador con cambio de c\u00e1mara sin interrupciones.<br\/><br\/><strong>C\u00e1maras de seguimiento autom\u00e1tico de la serie TR<\/strong>: Seguimiento avanzado por IA que sigue autom\u00e1ticamente a los altavoces.<br\/><br\/><strong>C\u00e1maras AV PTZ200\/300 Series PTZ PRO<\/strong>: Control suave de paneo, inclinaci\u00f3n, zoom para cobertura din\u00e1mica en espacios grandes.<br\/><br\/><strong>C\u00e1maras PTZ de grado m\u00e9dico MD<\/strong>: Im\u00e1genes ultraprecisas dise\u00f1adas para cumplir con los est\u00e1ndares m\u00e9dicos.<\/p><\/div><\/div><\/div><div class=\"col right_item\"><div class=\"box box--border\"><h3 class=\"section__heading\">Extensi\u00f3n Activa USB 3.0 Lindy Pro<\/h3><div class=\"section__content\"><p class=\"section__content\"><strong>Cable de extensi\u00f3n USB activo de hasta 20 m<\/strong>: Rendimiento USB fiable muy superior a las longitudes est\u00e1ndar de cable.<br\/><br\/><strong>Soporte modular de sistemas<\/strong>: Combina f\u00e1cilmente con otros cables de extensi\u00f3n para mayor flexibilidad.<br\/><br\/><strong>USB 3.2 Gen 1 (SuperSpeed): <\/strong>Ancho de banda completo de 5Gbps para comunicaci\u00f3n r\u00e1pida con dispositivos.<br\/><br\/><strong>Conectores con bloqueo:<\/strong> Ajuste seguro para aplicaciones profesionales e industriales.<br\/><br\/><strong>Plug &amp; Play<\/strong>: Instalaci\u00f3n sencilla sin necesidad de drivers ni configuraci\u00f3n.<\/p><\/div><\/div><\/div><\/div><\/div><\/section>\n\n\n\n<section class=\"wp-block-lindy-image-text-module section section--full-width-image full-width-image--with-text theme--light section--animation-none align--left  font--size-medium\" style=\"background-image:url(https:\/\/lindy.com\/eu\/wp-content\/uploads\/sites\/10\/2025\/12\/Lindy-product.png)\"><img decoding=\"async\" class=\"full-width-image__image\" src=\"https:\/\/lindy.com\/eu\/wp-content\/uploads\/sites\/10\/2025\/12\/Lindy-product.png\"\/><div class=\"contained\"><div class=\"full-width-image__content\"><\/div><\/div><\/section>\n\n\n\n<section class=\"wp-block-lindy-heading-text section section--heading-text theme--dark align--center font--camber font--size-small section--animation-none\"><div class=\"contained\"><h2 class=\"section__heading\"><span>Probado por AVer. Aprobado por AVer. Utiliza la extensi\u00f3n USB Lindy para un rendimiento \u00f3ptimo con las siguientes c\u00e1maras AVer\u2026<\/span><\/h2><\/div><\/section>\n\n\n\n<section class=\"wp-block-lindy-image-text-module section section--full-width-image full-width-image--with-text theme--light section--animation-none align--left  font--size-medium\" style=\"background-image:url(https:\/\/lindy.com\/eu\/wp-content\/uploads\/sites\/10\/2025\/12\/Aver-product.png)\"><img decoding=\"async\" class=\"full-width-image__image\" src=\"https:\/\/lindy.com\/eu\/wp-content\/uploads\/sites\/10\/2025\/12\/Aver-product.png\"\/><div class=\"contained\"><div class=\"full-width-image__content\"><\/div><\/div><\/section>\n\n\n\n<section class=\"wp-block-lindy-parallax-hero section parallax-hero theme--dark align--left font--camber font--size-medium\" style=\"background-image:url(https:\/\/lindy.com\/eu\/wp-content\/uploads\/sites\/10\/2025\/12\/tr615.jpg)\"><div class=\"contained contained--full-width\"><div class=\"parallax-hero__content\"><div class=\"parallax-hero__content-wrapper align--left\"><h2 class=\"section__subheading section__subheading__title\">\u00abLa colaboraci\u00f3n entre Aver y Lindy ha simplificado la implementaci\u00f3n, reducido los costes de infraestructura y garantizado que nuestros clientes obtengan un rendimiento fiable en todo momento\u00bb.<\/h2><p class=\"section__paragraph\"><br\/>Rene Buhay, vicepresidente de Ventas y Marketing de AVer Europe<\/p><\/div><\/div><\/div><\/section>\n\n\n\n<section class=\"wp-block-lindy-image-text-module section section--full-width-image full-width-image--with-text theme--light section--animation-none align--center  font--size-medium\" style=\"background-image:url()\"><img decoding=\"async\" class=\"full-width-image__image\" src=\"\"\/><div class=\"contained\"><div class=\"full-width-image__content\"><h2 class=\"section__heading\"><span>RESULTADOS Y BENEFICIOS<\/span><\/h2><p class=\"section__paragraph\"><br\/>El uso de cables de extensi\u00f3n USB 3.0 activos Lindy con las c\u00e1maras AVer ofrece mayor flexibilidad de instalaci\u00f3n, permitiendo un posicionamiento \u00f3ptimo de las c\u00e1maras m\u00e1s all\u00e1 de los l\u00edmites de los cables USB est\u00e1ndar. La soluci\u00f3n simplifica la infraestructura al eliminar extensores propietarios o costosos sistemas AV sobre IP, manteniendo todas las funciones de PTZ, seguimiento e imagen. Adem\u00e1s, proporciona un m\u00e9todo fiable y econ\u00f3mico para la conectividad de video USB a larga distancia.<\/p><\/div><\/div><\/section>\n\n\n\n<section class=\"wp-block-lindy-icon-section section section--icon font--size-small align--center theme--light\"><div class=\"contained\"><div class=\"grid-4_md-2_xs-1-spaceAround icons\"><div class=\"col\"><div class=\"icon-block icon-block--0\"><img decoding=\"async\" class=\"icon-block__image\" src=\"https:\/\/lindy.com\/eu\/wp-content\/uploads\/sites\/10\/2026\/01\/Efficiency.png\"\/><div class=\"icon-block__content\"><h3 class=\"icon-title\">MAYOR EFICIENCIA\n EN REUNIONES<\/h3><p class=\"icon-text\"><\/p><\/div><\/div><\/div><div class=\"col\"><div class=\"icon-block icon-block--1\"><img decoding=\"async\" class=\"icon-block__image\" src=\"https:\/\/lindy.com\/eu\/wp-content\/uploads\/sites\/10\/2026\/01\/10.png\"\/><div class=\"icon-block__content\"><h3 class=\"icon-title\">EFICIENCIA\n DE COSTOS<\/h3><p class=\"icon-text\"><\/p><\/div><\/div><\/div><div class=\"col\"><div class=\"icon-block icon-block--2\"><img decoding=\"async\" class=\"icon-block__image\" src=\"https:\/\/lindy.com\/eu\/wp-content\/uploads\/sites\/10\/2026\/01\/Zuverlassigkeit-Langlebigkeit_white.png\"\/><div class=\"icon-block__content\"><h3 class=\"icon-title\">CONFIABILIDAD \n&amp; DURABILIDAD<\/h3><p class=\"icon-text\"><\/p><\/div><\/div><\/div><div class=\"col\"><div class=\"icon-block icon-block--3\"><img decoding=\"async\" class=\"icon-block__image\" src=\"https:\/\/lindy.com\/eu\/wp-content\/uploads\/sites\/10\/2026\/01\/Kunden-Zufriedenheit_white.png\"\/><div class=\"icon-block__content\"><h3 class=\"icon-title\">SATISFACCI\u00d3N \nDEL CLIENTE<\/h3><p class=\"icon-text\"><\/p><\/div><\/div><\/div><\/div><\/div><\/section>\n\n\n\n<section class=\"wp-block-lindy-parallax-hero section parallax-hero theme--dark align--center  font--size-medium\" style=\"background-image:url(https:\/\/lindy.com\/eu\/wp-content\/uploads\/sites\/10\/2026\/01\/tr615_3.jpg)\"><div class=\"contained contained--full-width\"><div class=\"parallax-hero__content\"><div class=\"parallax-hero__content-wrapper align--center\"><h2 class=\"section__heading\"><span>LA CONCLUSI\u00d3N<\/span><\/h2><p class=\"section__paragraph\"><br\/>La conclusi\u00f3n fue definitiva: AVer eligi\u00f3 y ahora recomienda los cables de extensi\u00f3n activos Lindy como la soluci\u00f3n de confianza. Rentables, flexibles y, sobre todo, fiables, los cables Lindy son el referente para cualquier instalaci\u00f3n donde el rendimiento no es negociable y la distancia no supone un obst\u00e1culo.<\/p><\/div><\/div><\/div><\/section>\n\n\n\n<section class=\"wp-block-lindy-image-text-module section section--full-width-image full-width-image--with-text theme--dark section--animation-none align--left  font--size-medium width--half\" style=\"background-image:url(https:\/\/lindy.com\/eu\/wp-content\/uploads\/sites\/10\/2026\/02\/Mock-up-case-sudy-Aver.jpg)\"><img decoding=\"async\" class=\"full-width-image__image\" src=\"https:\/\/lindy.com\/eu\/wp-content\/uploads\/sites\/10\/2026\/02\/Mock-up-case-sudy-Aver.jpg\"\/><div class=\"contained\"><div class=\"full-width-image__content\"><\/div><\/div><\/section>\n\n\n\n<section class=\"wp-block-lindy-image-text-module section section--full-width-image full-width-image--with-text theme--dark section--animation-none align--center  font--size-small width--half\" style=\"background-image:url()\"><img decoding=\"async\" class=\"full-width-image__image\" src=\"\"\/><div class=\"contained\"><div class=\"full-width-image__content\"><h2 class=\"section__subheading section__subheading__title\">\u00bfLe ha parecido interesante este caso de \u00e9xito?\u00a0<\/h2><p class=\"section__paragraph\"><br\/><strong><strong><strong><strong><strong><strong><strong><strong>Gu\u00e1rdelo con un s\u00f3lo clic<\/strong><\/strong><\/strong><\/strong><\/strong><\/strong><\/strong><\/strong><\/p><a href=\"https:\/\/lindy.com\/es\/wp-content\/uploads\/sites\/7\/2026\/02\/Lindy-x-AVer-Case-Study-ES.pdf\" class=\"button button--white-transparent\" target=\"_blank\" rel=\"noopener noreferrer\">\ud83d\udce5 Descargue la versi\u00f3n PDF<\/a><\/div><\/div><\/section>\n","protected":false},"excerpt":{"rendered":"","protected":false},"author":28,"featured_media":0,"parent":0,"menu_order":0,"comment_status":"closed","ping_status":"closed","template":"page-templates\/template-landing.php","meta":{"_acf_changed":false,"footnotes":""},"class_list":["post-9521","page","type-page","status-publish","hentry"],"acf":[],"yoast_head":"<!-- This site is optimized with the Yoast SEO plugin v26.6 - https:\/\/yoast.com\/wordpress\/plugins\/seo\/ -->\n<title>CASE STUDY AVER - Lindy - Spanish<\/title>\n<meta name=\"robots\" content=\"index, follow, max-snippet:-1, max-image-preview:large, max-video-preview:-1\" \/>\n<link rel=\"canonical\" href=\"https:\/\/lindy.com\/es\/case-study-aver\/\" \/>\n<meta property=\"og:locale\" content=\"es_ES\" \/>\n<meta property=\"og:type\" content=\"article\" \/>\n<meta property=\"og:title\" content=\"CASE STUDY AVER - Lindy - Spanish\" \/>\n<meta property=\"og:url\" content=\"https:\/\/lindy.com\/es\/case-study-aver\/\" \/>\n<meta property=\"og:site_name\" content=\"Lindy - Spanish\" \/>\n<meta property=\"article:modified_time\" content=\"2026-02-24T13:33:25+00:00\" \/>\n<meta property=\"og:image\" content=\"https:\/\/lindy.com\/eu\/wp-content\/uploads\/sites\/10\/2026\/01\/Main-Image-2-1.jpg\" \/>\n<meta name=\"twitter:card\" content=\"summary_large_image\" \/>\n<meta name=\"twitter:label1\" content=\"Tiempo de lectura\" \/>\n\t<meta name=\"twitter:data1\" content=\"6 minutos\" \/>\n<script type=\"application\/ld+json\" class=\"yoast-schema-graph\">{\"@context\":\"https:\/\/schema.org\",\"@graph\":[{\"@type\":\"WebPage\",\"@id\":\"https:\/\/lindy.com\/es\/case-study-aver\/\",\"url\":\"https:\/\/lindy.com\/es\/case-study-aver\/\",\"name\":\"CASE STUDY AVER - Lindy - Spanish\",\"isPartOf\":{\"@id\":\"https:\/\/lindy.com\/es\/#website\"},\"primaryImageOfPage\":{\"@id\":\"https:\/\/lindy.com\/es\/case-study-aver\/#primaryimage\"},\"image\":{\"@id\":\"https:\/\/lindy.com\/es\/case-study-aver\/#primaryimage\"},\"thumbnailUrl\":\"https:\/\/lindy.com\/eu\/wp-content\/uploads\/sites\/10\/2026\/01\/Main-Image-2-1.jpg\",\"datePublished\":\"2026-02-24T12:28:59+00:00\",\"dateModified\":\"2026-02-24T13:33:25+00:00\",\"breadcrumb\":{\"@id\":\"https:\/\/lindy.com\/es\/case-study-aver\/#breadcrumb\"},\"inLanguage\":\"es\",\"potentialAction\":[{\"@type\":\"ReadAction\",\"target\":[\"https:\/\/lindy.com\/es\/case-study-aver\/\"]}]},{\"@type\":\"ImageObject\",\"inLanguage\":\"es\",\"@id\":\"https:\/\/lindy.com\/es\/case-study-aver\/#primaryimage\",\"url\":\"https:\/\/lindy.com\/eu\/wp-content\/uploads\/sites\/10\/2026\/01\/Main-Image-2-1.jpg\",\"contentUrl\":\"https:\/\/lindy.com\/eu\/wp-content\/uploads\/sites\/10\/2026\/01\/Main-Image-2-1.jpg\"},{\"@type\":\"BreadcrumbList\",\"@id\":\"https:\/\/lindy.com\/es\/case-study-aver\/#breadcrumb\",\"itemListElement\":[{\"@type\":\"ListItem\",\"position\":1,\"name\":\"Home\",\"item\":\"https:\/\/lindy.com\/es\/\"},{\"@type\":\"ListItem\",\"position\":2,\"name\":\"CASE STUDY AVER\"}]},{\"@type\":\"WebSite\",\"@id\":\"https:\/\/lindy.com\/es\/#website\",\"url\":\"https:\/\/lindy.com\/es\/\",\"name\":\"Lindy - Spanish\",\"description\":\"Connection Perfection\",\"potentialAction\":[{\"@type\":\"SearchAction\",\"target\":{\"@type\":\"EntryPoint\",\"urlTemplate\":\"https:\/\/lindy.com\/es\/?s={search_term_string}\"},\"query-input\":{\"@type\":\"PropertyValueSpecification\",\"valueRequired\":true,\"valueName\":\"search_term_string\"}}],\"inLanguage\":\"es\"}]}<\/script>\n<!-- \/ Yoast SEO plugin. -->","yoast_head_json":{"title":"CASE STUDY AVER - Lindy - Spanish","robots":{"index":"index","follow":"follow","max-snippet":"max-snippet:-1","max-image-preview":"max-image-preview:large","max-video-preview":"max-video-preview:-1"},"canonical":"https:\/\/lindy.com\/es\/case-study-aver\/","og_locale":"es_ES","og_type":"article","og_title":"CASE STUDY AVER - Lindy - Spanish","og_url":"https:\/\/lindy.com\/es\/case-study-aver\/","og_site_name":"Lindy - Spanish","article_modified_time":"2026-02-24T13:33:25+00:00","og_image":[{"url":"https:\/\/lindy.com\/eu\/wp-content\/uploads\/sites\/10\/2026\/01\/Main-Image-2-1.jpg","type":"","width":"","height":""}],"twitter_card":"summary_large_image","twitter_misc":{"Tiempo de lectura":"6 minutos"},"schema":{"@context":"https:\/\/schema.org","@graph":[{"@type":"WebPage","@id":"https:\/\/lindy.com\/es\/case-study-aver\/","url":"https:\/\/lindy.com\/es\/case-study-aver\/","name":"CASE STUDY AVER - Lindy - Spanish","isPartOf":{"@id":"https:\/\/lindy.com\/es\/#website"},"primaryImageOfPage":{"@id":"https:\/\/lindy.com\/es\/case-study-aver\/#primaryimage"},"image":{"@id":"https:\/\/lindy.com\/es\/case-study-aver\/#primaryimage"},"thumbnailUrl":"https:\/\/lindy.com\/eu\/wp-content\/uploads\/sites\/10\/2026\/01\/Main-Image-2-1.jpg","datePublished":"2026-02-24T12:28:59+00:00","dateModified":"2026-02-24T13:33:25+00:00","breadcrumb":{"@id":"https:\/\/lindy.com\/es\/case-study-aver\/#breadcrumb"},"inLanguage":"es","potentialAction":[{"@type":"ReadAction","target":["https:\/\/lindy.com\/es\/case-study-aver\/"]}]},{"@type":"ImageObject","inLanguage":"es","@id":"https:\/\/lindy.com\/es\/case-study-aver\/#primaryimage","url":"https:\/\/lindy.com\/eu\/wp-content\/uploads\/sites\/10\/2026\/01\/Main-Image-2-1.jpg","contentUrl":"https:\/\/lindy.com\/eu\/wp-content\/uploads\/sites\/10\/2026\/01\/Main-Image-2-1.jpg"},{"@type":"BreadcrumbList","@id":"https:\/\/lindy.com\/es\/case-study-aver\/#breadcrumb","itemListElement":[{"@type":"ListItem","position":1,"name":"Home","item":"https:\/\/lindy.com\/es\/"},{"@type":"ListItem","position":2,"name":"CASE STUDY AVER"}]},{"@type":"WebSite","@id":"https:\/\/lindy.com\/es\/#website","url":"https:\/\/lindy.com\/es\/","name":"Lindy - Spanish","description":"Connection Perfection","potentialAction":[{"@type":"SearchAction","target":{"@type":"EntryPoint","urlTemplate":"https:\/\/lindy.com\/es\/?s={search_term_string}"},"query-input":{"@type":"PropertyValueSpecification","valueRequired":true,"valueName":"search_term_string"}}],"inLanguage":"es"}]}},"_links":{"self":[{"href":"https:\/\/lindy.com\/es\/wp-json\/wp\/v2\/pages\/9521","targetHints":{"allow":["GET"]}}],"collection":[{"href":"https:\/\/lindy.com\/es\/wp-json\/wp\/v2\/pages"}],"about":[{"href":"https:\/\/lindy.com\/es\/wp-json\/wp\/v2\/types\/page"}],"author":[{"embeddable":true,"href":"https:\/\/lindy.com\/es\/wp-json\/wp\/v2\/users\/28"}],"replies":[{"embeddable":true,"href":"https:\/\/lindy.com\/es\/wp-json\/wp\/v2\/comments?post=9521"}],"version-history":[{"count":3,"href":"https:\/\/lindy.com\/es\/wp-json\/wp\/v2\/pages\/9521\/revisions"}],"predecessor-version":[{"id":9536,"href":"https:\/\/lindy.com\/es\/wp-json\/wp\/v2\/pages\/9521\/revisions\/9536"}],"wp:attachment":[{"href":"https:\/\/lindy.com\/es\/wp-json\/wp\/v2\/media?parent=9521"}],"curies":[{"name":"wp","href":"https:\/\/api.w.org\/{rel}","templated":true}]}}