{"id":9575,"date":"2026-03-09T13:54:31","date_gmt":"2026-03-09T13:54:31","guid":{"rendered":"https:\/\/lindy.com\/es\/?page_id=9575"},"modified":"2026-03-09T13:54:31","modified_gmt":"2026-03-09T13:54:31","slug":"case-study-avem","status":"publish","type":"page","link":"https:\/\/lindy.com\/es\/case-study-avem\/","title":{"rendered":"CASE STUDY AVEM"},"content":{"rendered":"\n<section class=\"wp-block-lindy-image-text-module section section--full-width-image full-width-image--with-text theme--dark section--animation-none align--center  font--size-large\" style=\"background-image:url(https:\/\/lindy.com\/eu\/wp-content\/uploads\/sites\/10\/2026\/02\/Avem-header-1.jpg)\"><img decoding=\"async\" class=\"full-width-image__image\" src=\"https:\/\/lindy.com\/eu\/wp-content\/uploads\/sites\/10\/2026\/02\/Avem-header-1.jpg\"\/><div class=\"contained\"><div class=\"full-width-image__content\"><h2 class=\"section__heading\"><span>LINDY x AVEM GROUP<\/span><\/h2><h2 class=\"section__subheading section__subheading__title\">IMPULSANDO EL FUTURO DE LA BANCA CONECTADA<\/h2><\/div><\/div><\/section>\n\n\n\n<section class=\"wp-block-lindy-heading-text section section--heading-text theme--light align--center  font--size-medium section--animation-none\"><div class=\"contained\"><h2 class=\"section__heading\"><span><br\/>PRIVADO, FIABLE, CONECTADO: EL FUTURO DE LA BANCA<\/span><\/h2><\/div><\/section>\n\n\n\n<section class=\"wp-block-lindy-key-info section section--key-info theme--light section--animation-none\"><div class=\"contained\"><div class=\"grid-2_sm-1-center\"><div class=\"col left_item\"><div class=\"box\"><h3 class=\"section__heading\"><\/h3><div class=\"section__content\"><p class=\"section__content\">AVEM Group, un proveedor l\u00edder de soluciones digitales y de pago para instituciones financieras en Francia, necesitaba una soluci\u00f3n de conectividad fiable, discreta y de alto rendimiento para su nueva generaci\u00f3n de quioscos interactivos de autoservicio. Estos quioscos permiten a los clientes realizar transacciones seguras y comunicarse de forma privada con asesores remotos.<\/p><\/div><\/div><\/div><div class=\"col right_item\"><div class=\"box\"><h3 class=\"section__heading\"><\/h3><div class=\"section__content\"><p class=\"section__content\">Para lograrlo, AVEM se asoci\u00f3 con Lindy para implementar un sistema robusto de cableado y extensi\u00f3n de se\u00f1al que combina transferencia de datos a larga distancia, extracci\u00f3n de audio y sonido direccional.<\/p><\/div><\/div><\/div><\/div><\/div><\/section>\n\n\n\n<section class=\"wp-block-lindy-image-text-module section section--full-width-image full-width-image--with-text theme--dark section--animation-none align--left  font--size-medium width--half\" style=\"background-image:url()\"><img decoding=\"async\" class=\"full-width-image__image\" src=\"\"\/><div class=\"contained\"><div class=\"full-width-image__content\"><h2 class=\"section__heading\"><span>EL RETO<\/span><\/h2><p class=\"section__paragraph\"><br\/>Hoy en d\u00eda, los bancos deben equilibrar la independencia del cliente con un servicio personalizado. El cliente de AVEM, un importante banco franc\u00e9s, pretend\u00eda desplegar quioscos inteligentes que permitieran acceso seguro a cuentas, identificaci\u00f3n NFC y asistencia privada en v\u00eddeo mediante webcam y audio direccional. El reto resid\u00eda en garantizar una transmisi\u00f3n fiable a larga distancia de USB, HDMI y se\u00f1ales de audio \u2014hasta 70 m desde sistemas backend seguros\u2014 manteniendo la privacidad total del audio y una instalaci\u00f3n limpia y discreta en cada rama.<\/p><\/div><\/div><\/section>\n\n\n\n<section class=\"wp-block-lindy-image-text-module section section--full-width-image full-width-image--with-text theme--dark section--animation-none align--left  font--size-medium width--half\" style=\"background-image:url(https:\/\/lindy.com\/eu\/wp-content\/uploads\/sites\/10\/2026\/02\/DX8000_bakery_contactless_card_HD-980x654-1.png)\"><img decoding=\"async\" class=\"full-width-image__image\" src=\"https:\/\/lindy.com\/eu\/wp-content\/uploads\/sites\/10\/2026\/02\/DX8000_bakery_contactless_card_HD-980x654-1.png\"\/><div class=\"contained\"><div class=\"full-width-image__content\"><\/div><\/div><\/section>\n\n\n\n<section class=\"wp-block-lindy-heading-text section section--heading-text theme--light align--center  font--size-medium section--animation-none\"><div class=\"contained\"><h2 class=\"section__heading\"><span><br\/>LA SOLUCI\u00d3N DE LINDY<\/span><\/h2><\/div><\/section>\n\n\n\n<section class=\"wp-block-lindy-key-info section section--key-info theme--light section--animation-none\"><div class=\"contained\"><div class=\"grid-2_sm-1-center\"><div class=\"col left_item\"><div class=\"box\"><h3 class=\"section__heading\"><\/h3><div class=\"section__content\"><p class=\"section__content\">AVEM implement\u00f3 una soluci\u00f3n de conectividad integrada utilizando tecnolog\u00eda Lindy para conectar los terminales de atenci\u00f3n al cliente con los sistemas de back-office seguros del banco. El dise\u00f1o permit\u00eda la transmisi\u00f3n a larga distancia de se\u00f1ales de v\u00eddeo, datos y audio con una fiabilidad excepcional y sin p\u00e9rdida de calidad. El audio se extra\u00eda directamente dentro del terminal y se enrutaba a un altavoz direccional,<\/p><\/div><\/div><\/div><div class=\"col right_item\"><div class=\"box\"><h3 class=\"section__heading\"><\/h3><div class=\"section__content\"><p class=\"section__content\">asegurando una comunicaci\u00f3n confidencial entre clientes y asesores remotos.<br\/>El resultado fue un sistema \u00e1gil y discreto que simplific\u00f3 la instalaci\u00f3n, redujo la complejidad del cableado y ofreci\u00f3 una experiencia segura y de alto rendimiento tanto para los usuarios como para el personal del banco.<\/p><\/div><\/div><\/div><\/div><\/div><\/section>\n\n\n\n<section class=\"wp-block-lindy-heading-text section section--heading-text theme--dark align--center  font--size-medium section--animation-none\"><div class=\"contained\"><h2 class=\"section__heading\"><span><br\/>PRODUCTOS UTILIZADOS<\/span><\/h2><\/div><\/section>\n\n\n\n<section class=\"wp-block-lindy-image-text-module section section--full-width-image full-width-image--with-text theme--dark section--animation-none align--left font--camber font--size-small width--half\" style=\"background-image:url(https:\/\/lindy.com\/eu\/wp-content\/uploads\/sites\/10\/2026\/02\/38208_black_half-width.png)\"><img decoding=\"async\" class=\"full-width-image__image\" src=\"https:\/\/lindy.com\/eu\/wp-content\/uploads\/sites\/10\/2026\/02\/38208_black_half-width.png\"\/><div class=\"contained\"><div class=\"full-width-image__content\"><h2 class=\"section__heading\"><span>HDMI\u00ae Cat.6 4K30 de 70m y extensor IR<\/span><\/h2><h2 class=\"section__subheading section__subheading__title\">No. 38208<\/h2><p class=\"section__paragraph\"><br\/>Extiende las se\u00f1ales HDMI\u00ae e IR hasta 70 m <br\/>usando un solo cable Cat.6.<\/p><a href=\"https:\/\/www.lindy.eu\/70m-Cat-6-HDMI-4K30-IR-Extender-with-PoC-Loop-Out.htm?websale8=ld0101.ld021102&amp;pi=38208&amp;ci=20\" class=\"button button--white-transparent\" target=\"_blank\" rel=\"noopener noreferrer\">shop online<\/a><\/div><\/div><\/section>\n\n\n\n<section class=\"wp-block-lindy-image-text-module section section--full-width-image full-width-image--with-text theme--dark section--animation-none align--left font--camber font--size-small width--half\" style=\"background-image:url(https:\/\/lindy.com\/eu\/wp-content\/uploads\/sites\/10\/2026\/02\/38167-Products_avem_Half_width.png)\"><img decoding=\"async\" class=\"full-width-image__image\" src=\"https:\/\/lindy.com\/eu\/wp-content\/uploads\/sites\/10\/2026\/02\/38167-Products_avem_Half_width.png\"\/><div class=\"contained\"><div class=\"full-width-image__content\"><h2 class=\"section__heading\"><span>Extractor de audio HDMI\u00ae 4K30<\/span><\/h2><h2 class=\"section__subheading section__subheading__title\">no. 38167<\/h2><p class=\"section__paragraph\"><br\/>Emite audio 4K por separado <br\/>manteniendo el v\u00eddeo intacto.<\/p><a href=\"https:\/\/www.lindy.eu\/HDMI-10-2G-Audio-Extractor.htm?websale8=ld0101.ld021102&amp;pi=38167&amp;ci=20\" class=\"button button--white-transparent\" target=\"_blank\" rel=\"noopener noreferrer\">shop online<\/a><\/div><\/div><\/section>\n\n\n\n<section class=\"wp-block-lindy-image-text-module section section--full-width-image full-width-image--with-text theme--dark section--animation-none align--left font--camber font--size-small width--half\" style=\"background-image:url(https:\/\/lindy.com\/eu\/wp-content\/uploads\/sites\/10\/2026\/02\/35214_black_half-width.png)\"><img decoding=\"async\" class=\"full-width-image__image\" src=\"https:\/\/lindy.com\/eu\/wp-content\/uploads\/sites\/10\/2026\/02\/35214_black_half-width.png\"\/><div class=\"contained\"><div class=\"full-width-image__content\"><h2 class=\"section__heading\"><span>Cable \u00f3ptico digital TosLink SPDIF de 5 m<\/span><\/h2><h2 class=\"section__subheading section__subheading__title\">no. 35214<\/h2><p class=\"section__paragraph\"><br\/>Ofrece audio digital claro con calidad <br\/>de fibra \u00f3ptica y sin interferencias.<\/p><a href=\"https:\/\/www.lindy.eu\/TosLink-SPDIF-Digital-Optical-Cable-5m.htm?websale8=ld0101.ld021102&amp;pi=35214&amp;ci=80\" class=\"button button--white-transparent\" target=\"_blank\" rel=\"noopener noreferrer\">shop online<\/a><\/div><\/div><\/section>\n\n\n\n<section class=\"wp-block-lindy-image-text-module section section--full-width-image full-width-image--with-text theme--dark section--animation-none align--left font--camber font--size-small width--half\" style=\"background-image:url(https:\/\/lindy.com\/eu\/wp-content\/uploads\/sites\/10\/2026\/02\/47739_black_half-width.png)\"><img decoding=\"async\" class=\"full-width-image__image\" src=\"https:\/\/lindy.com\/eu\/wp-content\/uploads\/sites\/10\/2026\/02\/47739_black_half-width.png\"\/><div class=\"contained\"><div class=\"full-width-image__content\"><h2 class=\"section__heading\"><span>Cable de red Cat.6 S\/FTP <br\/>de 15 m, rojo<\/span><\/h2><h2 class=\"section__subheading section__subheading__title\">no. 47739<\/h2><p class=\"section__paragraph\"><br\/>Ofrece conexiones r\u00e1pidas y estables <br\/>con Cat6 blindado.<\/p><a href=\"https:\/\/www.lindy.eu\/15m-Cat-6-S-FTP-Network-Cable-Red.htm?websale8=ld0101.ld021102&amp;pi=47739&amp;ci=80\" class=\"button button--white-transparent\" target=\"_blank\" rel=\"noopener noreferrer\">shop online<\/a><\/div><\/div><\/section>\n\n\n\n<section class=\"wp-block-lindy-image-text-module section section--full-width-image full-width-image--with-text theme--dark section--animation-none align--left font--camber font--size-small\" style=\"background-image:url(https:\/\/lindy.com\/eu\/wp-content\/uploads\/sites\/10\/2026\/02\/43410_black_full_width.png)\"><img decoding=\"async\" class=\"full-width-image__image\" src=\"https:\/\/lindy.com\/eu\/wp-content\/uploads\/sites\/10\/2026\/02\/43410_black_full_width.png\"\/><div class=\"contained\"><div class=\"full-width-image__content\"><h2 class=\"section__heading\"><span>Extensor HDBaseT de 4 puertos <br\/>USB 3.2 Gen 1 Cat.6A<\/span><\/h2><h2 class=\"section__subheading section__subheading__title\">no. 43410<\/h2><p class=\"section__paragraph\"><br\/>Extensi\u00f3n USB 3.2 de alto rendimiento de 100 m <br\/>con velocidad de 5 Gbps.<\/p><a href=\"https:\/\/www.lindy.eu\/100m-Cat-6A-USB-3-2-Gen-1-HDBaseT-Extender.htm?websale8=ld0101.ld021102&amp;pi=43410&amp;ci=2002\" class=\"button button--white-transparent\" target=\"_blank\" rel=\"noopener noreferrer\">shop online<\/a><\/div><\/div><\/section>\n\n\n\n<section class=\"wp-block-lindy-parallax-hero section parallax-hero theme--dark align--left font--camber font--size-medium\" style=\"background-image:url(https:\/\/lindy.com\/eu\/wp-content\/uploads\/sites\/10\/2026\/02\/Testimonial.png)\"><div class=\"contained contained--full-width\"><div class=\"parallax-hero__content\"><div class=\"parallax-hero__content-wrapper align--left\"><h2 class=\"section__subheading section__subheading__title\">\u00abLa conectividad fiable es la base de una experiencia fluida para el cliente. En el sector bancario, combinar rendimiento, seguridad y simplicidad es esencial para crear soluciones que permitan que la tecnolog\u00eda sirva a las personas con confianza y eficiencia.\u00bb<\/h2><p class=\"section__paragraph\"><br\/>Olivier CARRE, Jefe de Proyecto, Avem Group<\/p><\/div><\/div><\/div><\/section>\n\n\n\n<section class=\"wp-block-lindy-heading-text section section--heading-text theme--dark align--center  font--size-medium section--animation-none\"><div class=\"contained\"><h2 class=\"section__heading\"><span>RESULTADOS Y BENEFICIOS<\/span><\/h2><\/div><\/section>\n\n\n\n<section class=\"wp-block-lindy-key-info section section--key-info theme--dark section--animation-none\"><div class=\"contained\"><div class=\"grid-2_sm-1-center\"><div class=\"col left_item\"><div class=\"box\"><h3 class=\"section__heading\"><\/h3><div class=\"section__content\"><p class=\"section__content\">La soluci\u00f3n AVEM\u2013Lindy proporcion\u00f3 al banco un punto de interacci\u00f3n con el cliente seguro, fiable y elegante que combina conectividad avanzada con privacidad.<br\/>La soluci\u00f3n aport\u00f3 una serie de beneficios tangibles para el banco. Su experiencia de audio privado garantizaba una comunicaci\u00f3n confidencial entre clientes y asesores remotos mediante el uso de tecnolog\u00eda de sonido direccional. La instalaci\u00f3n fue simplificada, con un cableado m\u00e1s corto y sencillo que se integr\u00f3 f\u00e1cilmente en la infraestructura existente. <\/p><\/div><\/div><\/div><div class=\"col right_item\"><div class=\"box\"><h3 class=\"section__heading\"><\/h3><div class=\"section__content\"><p class=\"section__content\">El sistema proporcionaba un rendimiento fiable a larga distancia, manteniendo la calidad de la se\u00f1al entre terminales y salas de servidores seguras sin interrupciones. En general, mejor\u00f3 el servicio al cliente, permitiendo opciones de autoservicio y asistencia remota m\u00e1s r\u00e1pidas y flexibles que mejoraron tanto la eficiencia como la experiencia del usuario.<\/p><\/div><\/div><\/div><\/div><\/div><\/section>\n\n\n\n<section class=\"wp-block-lindy-icon-section section section--icon font--size-small align--center theme--dark\"><div class=\"contained\"><div class=\"grid-4_md-2_xs-1-spaceAround icons\"><div class=\"col\"><div class=\"icon-block icon-block--0\"><img decoding=\"async\" class=\"icon-block__image\" src=\"https:\/\/lindy.com\/eu\/wp-content\/uploads\/sites\/10\/2026\/02\/1.png\"\/><div class=\"icon-block__content\"><h3 class=\"icon-title\">Seguridad y Fiabilidad<\/h3><p class=\"icon-text\"><\/p><\/div><\/div><\/div><div class=\"col\"><div class=\"icon-block icon-block--1\"><img decoding=\"async\" class=\"icon-block__image\" src=\"https:\/\/lindy.com\/eu\/wp-content\/uploads\/sites\/10\/2026\/02\/2.png\"\/><div class=\"icon-block__content\"><h3 class=\"icon-title\">Soluci\u00f3n rentable<\/h3><p class=\"icon-text\"><\/p><\/div><\/div><\/div><div class=\"col\"><div class=\"icon-block icon-block--2\"><img decoding=\"async\" class=\"icon-block__image\" src=\"https:\/\/lindy.com\/eu\/wp-content\/uploads\/sites\/10\/2026\/02\/3.png\"\/><div class=\"icon-block__content\"><h3 class=\"icon-title\">Satisfacci\u00f3n del cliente<\/h3><p class=\"icon-text\"><\/p><\/div><\/div><\/div><div class=\"col\"><div class=\"icon-block icon-block--3\"><img decoding=\"async\" class=\"icon-block__image\" src=\"https:\/\/lindy.com\/eu\/wp-content\/uploads\/sites\/10\/2026\/02\/4.png\"\/><div class=\"icon-block__content\"><h3 class=\"icon-title\">Escalabilidad y flexibilidad<\/h3><p class=\"icon-text\"><\/p><\/div><\/div><\/div><\/div><\/div><\/section>\n\n\n\n<section class=\"wp-block-lindy-image-text-module section section--full-width-image full-width-image--with-text theme--light section--animation-none align--center  font--size-medium\" style=\"background-image:url()\"><img decoding=\"async\" class=\"full-width-image__image\" src=\"\"\/><div class=\"contained\"><div class=\"full-width-image__content\"><h2 class=\"section__heading\"><span><strong>CONCLUSIONES Y SUMARIO<\/strong><\/span><\/h2><p class=\"section__paragraph\"><br\/>Al combinar la experiencia de AVEM en tecnolog\u00eda bancaria con las soluciones de conectividad probadas de Lindy, el proyecto moderniz\u00f3 con \u00e9xito el servicio al cliente en sucursal.<br\/><br\/>El resultado: <strong>una experiencia segura, eficiente y centrada en el ser humano, <\/strong>impulsada por la ingenier\u00eda de precisi\u00f3n de Lindy.<\/p><\/div><\/div><\/section>\n\n\n\n<section class=\"wp-block-lindy-image-text-module section section--full-width-image full-width-image--with-text theme--dark section--animation-none align--left  font--size-medium width--half\" style=\"background-image:url(https:\/\/lindy.com\/eu\/wp-content\/uploads\/sites\/10\/2026\/02\/Mock-up-case-sudy-Avem.jpg)\"><img decoding=\"async\" class=\"full-width-image__image\" src=\"https:\/\/lindy.com\/eu\/wp-content\/uploads\/sites\/10\/2026\/02\/Mock-up-case-sudy-Avem.jpg\"\/><div class=\"contained\"><div class=\"full-width-image__content\"><\/div><\/div><\/section>\n\n\n\n<section class=\"wp-block-lindy-image-text-module section section--full-width-image full-width-image--with-text theme--dark section--animation-none align--center  font--size-small width--half\" style=\"background-image:url()\"><img decoding=\"async\" class=\"full-width-image__image\" src=\"\"\/><div class=\"contained\"><div class=\"full-width-image__content\"><h2 class=\"section__subheading section__subheading__title\">Did you find this \u00bfLe ha parecido interesante este caso de \u00e9xito?<\/h2><p class=\"section__paragraph\"><br\/><strong><strong><strong>Gu\u00e1rdelo con un s\u00f3lo clic<\/strong><\/strong><\/strong><\/p><a href=\"https:\/\/lindy.com\/es\/wp-content\/uploads\/sites\/7\/2026\/03\/Lindy-x-Avem-Case-Study-ES.pdf\" class=\"button button--white-transparent\" target=\"_blank\" rel=\"noopener noreferrer\">\ud83d\udce5 Descargue la versi\u00f3n PDF<\/a><\/div><\/div><\/section>\n","protected":false},"excerpt":{"rendered":"","protected":false},"author":28,"featured_media":0,"parent":0,"menu_order":0,"comment_status":"closed","ping_status":"closed","template":"page-templates\/template-landing.php","meta":{"_acf_changed":false,"footnotes":""},"class_list":["post-9575","page","type-page","status-publish","hentry"],"acf":[],"yoast_head":"<!-- This site is optimized with the Yoast SEO plugin v26.6 - https:\/\/yoast.com\/wordpress\/plugins\/seo\/ -->\n<title>CASE STUDY AVEM - Lindy - Spanish<\/title>\n<meta name=\"robots\" content=\"index, follow, max-snippet:-1, max-image-preview:large, max-video-preview:-1\" \/>\n<link rel=\"canonical\" href=\"https:\/\/lindy.com\/es\/case-study-avem\/\" \/>\n<meta property=\"og:locale\" content=\"es_ES\" \/>\n<meta property=\"og:type\" content=\"article\" \/>\n<meta property=\"og:title\" content=\"CASE STUDY AVEM - Lindy - Spanish\" \/>\n<meta property=\"og:url\" content=\"https:\/\/lindy.com\/es\/case-study-avem\/\" \/>\n<meta property=\"og:site_name\" content=\"Lindy - Spanish\" \/>\n<meta property=\"og:image\" content=\"https:\/\/lindy.com\/eu\/wp-content\/uploads\/sites\/10\/2026\/02\/Avem-header-1.jpg\" \/>\n<meta name=\"twitter:card\" content=\"summary_large_image\" \/>\n<meta name=\"twitter:label1\" content=\"Tiempo de lectura\" \/>\n\t<meta name=\"twitter:data1\" content=\"7 minutos\" \/>\n<script type=\"application\/ld+json\" class=\"yoast-schema-graph\">{\"@context\":\"https:\/\/schema.org\",\"@graph\":[{\"@type\":\"WebPage\",\"@id\":\"https:\/\/lindy.com\/es\/case-study-avem\/\",\"url\":\"https:\/\/lindy.com\/es\/case-study-avem\/\",\"name\":\"CASE STUDY AVEM - Lindy - Spanish\",\"isPartOf\":{\"@id\":\"https:\/\/lindy.com\/es\/#website\"},\"primaryImageOfPage\":{\"@id\":\"https:\/\/lindy.com\/es\/case-study-avem\/#primaryimage\"},\"image\":{\"@id\":\"https:\/\/lindy.com\/es\/case-study-avem\/#primaryimage\"},\"thumbnailUrl\":\"https:\/\/lindy.com\/eu\/wp-content\/uploads\/sites\/10\/2026\/02\/Avem-header-1.jpg\",\"datePublished\":\"2026-03-09T13:54:31+00:00\",\"breadcrumb\":{\"@id\":\"https:\/\/lindy.com\/es\/case-study-avem\/#breadcrumb\"},\"inLanguage\":\"es\",\"potentialAction\":[{\"@type\":\"ReadAction\",\"target\":[\"https:\/\/lindy.com\/es\/case-study-avem\/\"]}]},{\"@type\":\"ImageObject\",\"inLanguage\":\"es\",\"@id\":\"https:\/\/lindy.com\/es\/case-study-avem\/#primaryimage\",\"url\":\"https:\/\/lindy.com\/eu\/wp-content\/uploads\/sites\/10\/2026\/02\/Avem-header-1.jpg\",\"contentUrl\":\"https:\/\/lindy.com\/eu\/wp-content\/uploads\/sites\/10\/2026\/02\/Avem-header-1.jpg\"},{\"@type\":\"BreadcrumbList\",\"@id\":\"https:\/\/lindy.com\/es\/case-study-avem\/#breadcrumb\",\"itemListElement\":[{\"@type\":\"ListItem\",\"position\":1,\"name\":\"Home\",\"item\":\"https:\/\/lindy.com\/es\/\"},{\"@type\":\"ListItem\",\"position\":2,\"name\":\"CASE STUDY AVEM\"}]},{\"@type\":\"WebSite\",\"@id\":\"https:\/\/lindy.com\/es\/#website\",\"url\":\"https:\/\/lindy.com\/es\/\",\"name\":\"Lindy - Spanish\",\"description\":\"Connection Perfection\",\"potentialAction\":[{\"@type\":\"SearchAction\",\"target\":{\"@type\":\"EntryPoint\",\"urlTemplate\":\"https:\/\/lindy.com\/es\/?s={search_term_string}\"},\"query-input\":{\"@type\":\"PropertyValueSpecification\",\"valueRequired\":true,\"valueName\":\"search_term_string\"}}],\"inLanguage\":\"es\"}]}<\/script>\n<!-- \/ Yoast SEO plugin. -->","yoast_head_json":{"title":"CASE STUDY AVEM - Lindy - Spanish","robots":{"index":"index","follow":"follow","max-snippet":"max-snippet:-1","max-image-preview":"max-image-preview:large","max-video-preview":"max-video-preview:-1"},"canonical":"https:\/\/lindy.com\/es\/case-study-avem\/","og_locale":"es_ES","og_type":"article","og_title":"CASE STUDY AVEM - Lindy - Spanish","og_url":"https:\/\/lindy.com\/es\/case-study-avem\/","og_site_name":"Lindy - Spanish","og_image":[{"url":"https:\/\/lindy.com\/eu\/wp-content\/uploads\/sites\/10\/2026\/02\/Avem-header-1.jpg","type":"","width":"","height":""}],"twitter_card":"summary_large_image","twitter_misc":{"Tiempo de lectura":"7 minutos"},"schema":{"@context":"https:\/\/schema.org","@graph":[{"@type":"WebPage","@id":"https:\/\/lindy.com\/es\/case-study-avem\/","url":"https:\/\/lindy.com\/es\/case-study-avem\/","name":"CASE STUDY AVEM - Lindy - Spanish","isPartOf":{"@id":"https:\/\/lindy.com\/es\/#website"},"primaryImageOfPage":{"@id":"https:\/\/lindy.com\/es\/case-study-avem\/#primaryimage"},"image":{"@id":"https:\/\/lindy.com\/es\/case-study-avem\/#primaryimage"},"thumbnailUrl":"https:\/\/lindy.com\/eu\/wp-content\/uploads\/sites\/10\/2026\/02\/Avem-header-1.jpg","datePublished":"2026-03-09T13:54:31+00:00","breadcrumb":{"@id":"https:\/\/lindy.com\/es\/case-study-avem\/#breadcrumb"},"inLanguage":"es","potentialAction":[{"@type":"ReadAction","target":["https:\/\/lindy.com\/es\/case-study-avem\/"]}]},{"@type":"ImageObject","inLanguage":"es","@id":"https:\/\/lindy.com\/es\/case-study-avem\/#primaryimage","url":"https:\/\/lindy.com\/eu\/wp-content\/uploads\/sites\/10\/2026\/02\/Avem-header-1.jpg","contentUrl":"https:\/\/lindy.com\/eu\/wp-content\/uploads\/sites\/10\/2026\/02\/Avem-header-1.jpg"},{"@type":"BreadcrumbList","@id":"https:\/\/lindy.com\/es\/case-study-avem\/#breadcrumb","itemListElement":[{"@type":"ListItem","position":1,"name":"Home","item":"https:\/\/lindy.com\/es\/"},{"@type":"ListItem","position":2,"name":"CASE STUDY AVEM"}]},{"@type":"WebSite","@id":"https:\/\/lindy.com\/es\/#website","url":"https:\/\/lindy.com\/es\/","name":"Lindy - Spanish","description":"Connection Perfection","potentialAction":[{"@type":"SearchAction","target":{"@type":"EntryPoint","urlTemplate":"https:\/\/lindy.com\/es\/?s={search_term_string}"},"query-input":{"@type":"PropertyValueSpecification","valueRequired":true,"valueName":"search_term_string"}}],"inLanguage":"es"}]}},"_links":{"self":[{"href":"https:\/\/lindy.com\/es\/wp-json\/wp\/v2\/pages\/9575","targetHints":{"allow":["GET"]}}],"collection":[{"href":"https:\/\/lindy.com\/es\/wp-json\/wp\/v2\/pages"}],"about":[{"href":"https:\/\/lindy.com\/es\/wp-json\/wp\/v2\/types\/page"}],"author":[{"embeddable":true,"href":"https:\/\/lindy.com\/es\/wp-json\/wp\/v2\/users\/28"}],"replies":[{"embeddable":true,"href":"https:\/\/lindy.com\/es\/wp-json\/wp\/v2\/comments?post=9575"}],"version-history":[{"count":3,"href":"https:\/\/lindy.com\/es\/wp-json\/wp\/v2\/pages\/9575\/revisions"}],"predecessor-version":[{"id":9587,"href":"https:\/\/lindy.com\/es\/wp-json\/wp\/v2\/pages\/9575\/revisions\/9587"}],"wp:attachment":[{"href":"https:\/\/lindy.com\/es\/wp-json\/wp\/v2\/media?parent=9575"}],"curies":[{"name":"wp","href":"https:\/\/api.w.org\/{rel}","templated":true}]}}