{"id":9689,"date":"2026-03-26T09:25:00","date_gmt":"2026-03-26T09:25:00","guid":{"rendered":"https:\/\/lindy.com\/es\/?page_id=9689"},"modified":"2026-03-26T09:44:27","modified_gmt":"2026-03-26T09:44:27","slug":"case-study-nc","status":"publish","type":"page","link":"https:\/\/lindy.com\/es\/case-study-nc\/","title":{"rendered":"CASE STUDY N&amp;C"},"content":{"rendered":"\n<section class=\"wp-block-lindy-image-text-module section section--full-width-image full-width-image--with-text theme--dark section--animation-none align--center  font--size-large\" style=\"background-image:url(https:\/\/lindy.com\/eu\/wp-content\/uploads\/sites\/10\/2026\/02\/header-landingpage-N-C.jpg)\"><img decoding=\"async\" class=\"full-width-image__image\" src=\"https:\/\/lindy.com\/eu\/wp-content\/uploads\/sites\/10\/2026\/02\/header-landingpage-N-C.jpg\"\/><div class=\"contained\"><div class=\"full-width-image__content\"><h2 class=\"section__heading\"><span>EL VEREDICTO ES:<\/span><\/h2><h2 class=\"section__subheading section__subheading__title\">LINDY OFRECE FIABILIDAD.<\/h2><\/div><\/div><\/section>\n\n\n\n<section class=\"wp-block-lindy-heading-text section section--heading-text theme--light align--center  font--size-medium section--animation-none\"><div class=\"contained\"><h2 class=\"section__heading\"><span><br\/>PROPORCIONANDO DE COMUNICACIONES FIABLES EN EL CORAZ\u00d3N DE LA CORTE VENECIA<\/span><\/h2><\/div><\/section>\n\n\n\n<section class=\"wp-block-lindy-key-info section section--key-info theme--light section--animation-none\"><div class=\"contained\"><div class=\"grid-2_sm-1-center\"><div class=\"col left_item\"><div class=\"box\"><h3 class=\"section__heading\"><\/h3><div class=\"section__content\"><p class=\"section__content\">Como parte de un proyecto del Ministerio de Justicia, el partner desde hace tiempo de Lindy, N&amp;C SRL, dise\u00f1\u00f3 e instal\u00f3 una sala de conferencias multimedia y un sal\u00f3n polivalente en el Tribunal de Venecia, Italia.<br\/>El objetivo principal del proyecto era crear un entorno tecnol\u00f3gicamente avanzado, fiable y f\u00e1cil de usar, capaz de apoyar una amplia variedad de funciones<\/p><\/div><\/div><\/div><div class=\"col right_item\"><div class=\"box\"><h3 class=\"section__heading\"><\/h3><div class=\"section__content\"><p class=\"section__content\">desde audiencias judiciales hasta conferencias profesionales.<br\/>Cabe destacar que el cliente hab\u00eda confiado previamente en soluciones de otros proveedores, que posteriormente fueron reemplazadas por productos Lindy para lograr mayor fiabilidad, estabilidad de se\u00f1al y rendimiento de integraci\u00f3n.<\/p><\/div><\/div><\/div><\/div><\/div><\/section>\n\n\n\n<section class=\"wp-block-lindy-image-text-module section section--full-width-image full-width-image--with-text theme--dark section--animation-none align--left  font--size-medium width--half\" style=\"background-image:url()\"><img decoding=\"async\" class=\"full-width-image__image\" src=\"\"\/><div class=\"contained\"><div class=\"full-width-image__content\"><h2 class=\"section__heading\"><span>EL RETO<\/span><\/h2><p class=\"section__paragraph\"><br\/>La instalaci\u00f3n requer\u00eda una <strong>infraestructura AV completa y totalmente<\/strong> integrada que pudiera ofrecer <strong>estabilidad ininterrumpida de la se\u00f1al y una transmisi\u00f3n de alta calidad<\/strong> a trav\u00e9s de m\u00faltiples dispositivos y pantallas.<br\/>Dada la complejidad del sistema y los estrictos est\u00e1ndares de rendimiento del Ministerio de Justicia, lograr <strong>tanto la fiabilidad operativa como la facilidad de control<\/strong> era una prioridad clave.<\/p><\/div><\/div><\/section>\n\n\n\n<section class=\"wp-block-lindy-image-text-module section section--full-width-image full-width-image--with-text theme--dark section--animation-none align--left  font--size-medium width--half\" style=\"background-image:url(https:\/\/lindy.com\/eu\/wp-content\/uploads\/sites\/10\/2026\/02\/1732141603952.jpeg)\"><img decoding=\"async\" class=\"full-width-image__image\" src=\"https:\/\/lindy.com\/eu\/wp-content\/uploads\/sites\/10\/2026\/02\/1732141603952.jpeg\"\/><div class=\"contained\"><div class=\"full-width-image__content\"><\/div><\/div><\/section>\n\n\n\n<section class=\"wp-block-lindy-image-text-module section section--full-width-image full-width-image--with-text theme--light section--animation-none align--left  font--size-medium width--half\" style=\"background-image:url(https:\/\/lindy.com\/eu\/wp-content\/uploads\/sites\/10\/2026\/02\/1732141605387.jpeg)\"><img decoding=\"async\" class=\"full-width-image__image\" src=\"https:\/\/lindy.com\/eu\/wp-content\/uploads\/sites\/10\/2026\/02\/1732141605387.jpeg\"\/><div class=\"contained\"><div class=\"full-width-image__content\"><\/div><\/div><\/section>\n\n\n\n<section class=\"wp-block-lindy-image-text-module section section--full-width-image full-width-image--with-text theme--light section--animation-none align--left  font--size-medium width--half\" style=\"background-image:url()\"><img decoding=\"async\" class=\"full-width-image__image\" src=\"\"\/><div class=\"contained\"><div class=\"full-width-image__content\"><h2 class=\"section__heading\"><span>LA SOLUCI\u00d3N DE LINDY<\/span><\/h2><p class=\"section__paragraph\"><br\/>Para satisfacer estos requisitos N&amp;C, SRL implement\u00f3 un sistema audiovisual integrado basado en soluciones Lindy, que garantiza un rendimiento fiable. Inclu\u00eda un control centralizado, prolongadores y cables HDMI\u00ae\/USB para una transmisi\u00f3n estable a larga distancia, pantallas de v\u00eddeo de alta resoluci\u00f3n y una configuraci\u00f3n de conferencia con cable e inal\u00e1mbrica.<br\/><br\/>Los micr\u00f3fonos inal\u00e1mbricos y la distribuci\u00f3n homog\u00e9nea del sonido garantizaron una cobertura de audio clara, ofreciendo un sistema profesional y escalable, perfectamente adaptado a un entorno judicial.<\/p><\/div><\/div><\/section>\n\n\n\n<section class=\"wp-block-lindy-heading-text section section--heading-text theme--dark align--center  font--size-medium section--animation-none\"><div class=\"contained\"><h2 class=\"section__heading\"><span>PRODUCTOS UTILIZADOS<\/span><\/h2><\/div><\/section>\n\n\n\n<section class=\"wp-block-lindy-image-text-module section section--full-width-image full-width-image--with-text theme--dark section--animation-none align--left font--camber font--size-small width--half\" style=\"background-image:url(https:\/\/lindy.com\/eu\/wp-content\/uploads\/sites\/10\/2026\/02\/38139black_half-width.png)\"><img decoding=\"async\" class=\"full-width-image__image\" src=\"https:\/\/lindy.com\/eu\/wp-content\/uploads\/sites\/10\/2026\/02\/38139black_half-width.png\"\/><div class=\"contained\"><div class=\"full-width-image__content\"><h2 class=\"section__heading\"><span>Extensor HDBaseT Cat.6 de 70 m<\/span><\/h2><h2 class=\"section__subheading section__subheading__title\">no. 38139<\/h2><p class=\"section__paragraph\"><br\/>Extiende HDMI\u00ae hasta 70 m sobre Cat 6 con 4K30 Hz, control IR\/RS-232 y PoC usando tecnolog\u00eda HDBaseT fiable.<\/p><a href=\"https:\/\/www.lindy.eu\/70m-Cat-6-HDMI-4K30-IR-RS-232-HDBaseT-Extender-with-PoC.htm?websale8=ld0101.ld021102&amp;pi=38139&amp;ci=20\" class=\"button button--white-transparent\" target=\"_blank\" rel=\"noopener noreferrer\">VER M\u00c1S<\/a><\/div><\/div><\/section>\n\n\n\n<section class=\"wp-block-lindy-image-text-module section section--full-width-image full-width-image--with-text theme--dark section--animation-none align--left font--camber font--size-small width--half\" style=\"background-image:url(https:\/\/lindy.com\/eu\/wp-content\/uploads\/sites\/10\/2026\/02\/38155black_half-width.png)\"><img decoding=\"async\" class=\"full-width-image__image\" src=\"https:\/\/lindy.com\/eu\/wp-content\/uploads\/sites\/10\/2026\/02\/38155black_half-width.png\"\/><div class=\"contained\"><div class=\"full-width-image__content\"><h2 class=\"section__heading\"><span>HDMI\u00ae 4K30 de 4 puertos Cat.6 de 70m y extensor divisor de IR<\/span><\/h2><h2 class=\"section__subheading section__subheading__title\">no. 38155<\/h2><p class=\"section__paragraph\"><br\/>Distribuye HDMI\u00ae 4K a 4 pantallas de hasta 70 m sobre Cat 6 con control IR, loop-out y PoC para facilitar la instalaci\u00f3n.<\/p><a href=\"https:\/\/www.lindy.eu\/70m-Cat-6-4-Port-HDMI-4K30-IR-Splitter-Extender-with-Loop-Out.htm?websale8=ld0101.ld021102&amp;pi=38155&amp;ci=20\" class=\"button button--white-transparent\" target=\"_blank\" rel=\"noopener noreferrer\">VER M\u00c1S<\/a><\/div><\/div><\/section>\n\n\n\n<section class=\"wp-block-lindy-image-text-module section section--full-width-image full-width-image--with-text theme--dark section--animation-none align--left font--camber font--size-small width--half\" style=\"background-image:url(https:\/\/lindy.com\/eu\/wp-content\/uploads\/sites\/10\/2026\/02\/37871-37873_black_half-width.png)\"><img decoding=\"async\" class=\"full-width-image__image\" src=\"https:\/\/lindy.com\/eu\/wp-content\/uploads\/sites\/10\/2026\/02\/37871-37873_black_half-width.png\"\/><div class=\"contained\"><div class=\"full-width-image__content\"><h2 class=\"section__heading\"><span>Cable HDMI\u00ae de alta velocidad de 1m, 2m y 3 m, Cromo<\/span><\/h2><h2 class=\"section__subheading section__subheading__title\">no. 37871-37873<\/h2><p class=\"section__paragraph\"><br\/>Cables HDMI\u00ae 2.0 premium que ofrecen <br\/>v\u00eddeo ultra m\u00edtido a 4K60 Hz, audio de alta <br\/>fidelidad y una construcci\u00f3n duradera con <br\/>dise\u00f1o cromado.<\/p><a href=\"https:\/\/www.lindy.eu\/websale8\/?Ctx=%257bver%252f8%252fver%257d%257bst%252f3ea%252fst%257d%257bcmd%252f0%252fcmd%257d%257bm%252fwebsale%252fm%257d%257bs%252fld0101%252fs%257d%257bl%252fld021102%252fl%257d%257bmi%252f801501%252fmi%257d%257bpoh%252f1%252fpoh%257d%257bmd5%252fd0fdc28a5054efc645002e165f8026c0%252fmd5%257d&amp;ws_catfilter_01=HDMI+A+Male+to+HDMI+A+Male&amp;ws_catfilter_02=&amp;ws_catfilter_03=Grey&amp;ws_catfilter_04=Cromo+Line\" class=\"button button--white-transparent\" target=\"_blank\" rel=\"noopener noreferrer\">VER M\u00c1S<\/a><\/div><\/div><\/section>\n\n\n\n<section class=\"wp-block-lindy-image-text-module section section--full-width-image full-width-image--with-text theme--dark section--animation-none align--left font--camber font--size-small width--half\" style=\"background-image:url(https:\/\/lindy.com\/eu\/wp-content\/uploads\/sites\/10\/2026\/02\/36919_black_half-width.png)\"><img decoding=\"async\" class=\"full-width-image__image\" src=\"https:\/\/lindy.com\/eu\/wp-content\/uploads\/sites\/10\/2026\/02\/36919_black_half-width.png\"\/><div class=\"contained\"><div class=\"full-width-image__content\"><h2 class=\"section__heading\"><span>Cable USB 3.2 Tipo A a C de 3m, 10Gbps,<br\/>l\u00ednea Anthra<\/span><\/h2><h2 class=\"section__subheading section__subheading__title\">no. 36919<\/h2><p class=\"section__paragraph\"><br\/>Cable USB-A a C de 3 m que ofrece transferencia <br\/>de 10 Gbps, carga de 100 W y conectores duraderos <br\/>con triple apantallamiento, chapados en oro.<\/p><a href=\"https:\/\/www.lindy.eu\/3m-USB-3-2-Type-A-to-C-Cable-10Gbps-Anthra-Line.htm?websale8=ld0101.ld021102&amp;pi=36919&amp;ci=80\" class=\"button button--white-transparent\" target=\"_blank\" rel=\"noopener noreferrer\">VER M\u00c1S<\/a><\/div><\/div><\/section>\n\n\n\n<section class=\"wp-block-lindy-parallax-hero section parallax-hero theme--dark align--left font--camber font--size-medium\" style=\"background-image:url(https:\/\/lindy.com\/eu\/wp-content\/uploads\/sites\/10\/2026\/02\/Testimonial_nc.jpg)\"><div class=\"contained contained--full-width\"><div class=\"parallax-hero__content\"><div class=\"parallax-hero__content-wrapper align--left\"><h2 class=\"section__subheading section__subheading__title\">\u00abLas soluciones de Lindy aseguraron una fiabilidad excepcional y estabilidad de se\u00f1al en toda la instalaci\u00f3n de Venice Court. Su tecnolog\u00eda nos ayud\u00f3 a cumplir con confianza y precisi\u00f3n los altos est\u00e1ndares del Ministerio de Justicia.\u00bb<\/h2><p class=\"section__paragraph\"><br\/>M. Fabio Tumminia, Director T\u00e9cnico de AVC en N&amp;C<\/p><\/div><\/div><\/div><\/section>\n\n\n\n<section class=\"wp-block-lindy-heading-text section section--heading-text theme--light align--center  font--size-medium section--animation-none\"><div class=\"contained\"><h2 class=\"section__heading\"><span>RESULTADOS Y BENEFICIOS<\/span><\/h2><\/div><\/section>\n\n\n\n<section class=\"wp-block-lindy-key-info section section--key-info theme--light section--animation-none\"><div class=\"contained\"><div class=\"grid-2_sm-1-center\"><div class=\"col left_item\"><div class=\"box\"><h3 class=\"section__heading\"><\/h3><div class=\"section__content\"><p class=\"section__content\">El sistema terminado ofrece <strong>una fiabilidad e integridad de se\u00f1al excepcionales<\/strong>, incluso en un entorno AV complejo. Los extensores y cables de alta calidad de Lindy aseguraron una transmisi\u00f3n estable, eliminando interrupciones y manteniendo un rendimiento profesional durante todo el proyecto.<\/p><\/div><\/div><\/div><div class=\"col right_item\"><div class=\"box\"><h3 class=\"section__heading\"><\/h3><div class=\"section__content\"><p class=\"section__content\">Tanto <strong>N&amp;C SRL<\/strong> como el <strong>Ministerio de Justicia<\/strong> expresaron una gran satisfacci\u00f3n con los resultados, destacando <strong>la superior calidad de construcci\u00f3n de Lindy, su tecnolog\u00eda innovadora y su facilidad de<\/strong> <strong>integraci\u00f3n<\/strong>. El proyecto demuestra c\u00f3mo <strong>las soluciones de conectividad de Lindy<\/strong> pueden soportar de forma fluida entornos de misiones cr\u00edticas mientras simplifican las operaciones diarias.<\/p><\/div><\/div><\/div><\/div><\/div><\/section>\n\n\n\n<section class=\"wp-block-lindy-icon-section section section--icon font--size-small align--center theme--light\"><div class=\"contained\"><div class=\"grid-4_md-2_xs-1-spaceAround icons\"><div class=\"col\"><div class=\"icon-block icon-block--0\"><img decoding=\"async\" class=\"icon-block__image\" src=\"https:\/\/lindy.com\/eu\/wp-content\/uploads\/sites\/10\/2026\/02\/1-1.png\"\/><div class=\"icon-block__content\"><h3 class=\"icon-title\">Proceso de instalaci\u00f3n simplificado<\/h3><p class=\"icon-text\"><\/p><\/div><\/div><\/div><div class=\"col\"><div class=\"icon-block icon-block--1\"><img decoding=\"async\" class=\"icon-block__image\" src=\"https:\/\/lindy.com\/eu\/wp-content\/uploads\/sites\/10\/2026\/02\/2-1.png\"\/><div class=\"icon-block__content\"><h3 class=\"icon-title\">Fiabilidad y durabilidad<\/h3><p class=\"icon-text\"><\/p><\/div><\/div><\/div><div class=\"col\"><div class=\"icon-block icon-block--2\"><img decoding=\"async\" class=\"icon-block__image\" src=\"https:\/\/lindy.com\/eu\/wp-content\/uploads\/sites\/10\/2026\/02\/3-1.png\"\/><div class=\"icon-block__content\"><h3 class=\"icon-title\">Satisfacci\u00f3n \ndel cliente<\/h3><p class=\"icon-text\"><\/p><\/div><\/div><\/div><div class=\"col\"><div class=\"icon-block icon-block--3\"><img decoding=\"async\" class=\"icon-block__image\" src=\"https:\/\/lindy.com\/eu\/wp-content\/uploads\/sites\/10\/2026\/02\/4-1.png\"\/><div class=\"icon-block__content\"><h3 class=\"icon-title\">Escalabilidad y flexibilidad<\/h3><p class=\"icon-text\"><\/p><\/div><\/div><\/div><\/div><\/div><\/section>\n\n\n\n<section class=\"wp-block-lindy-heading-text section section--heading-text theme--dark align--center  font--size-medium section--animation-none\"><div class=\"contained\"><h2 class=\"section__heading\"><span><strong>CONCLUSIONES Y CONCLUSIONES<\/strong><\/span><\/h2><\/div><\/section>\n\n\n\n<section class=\"wp-block-lindy-key-info section section--key-info theme--dark section--animation-none\"><div class=\"contained\"><div class=\"grid-2_sm-1-center\"><div class=\"col left_item\"><div class=\"box box--border\"><h3 class=\"section__heading\">\u00c9xito del proyecto<\/h3><div class=\"section__content\"><p class=\"section__content\">La colaboraci\u00f3n entre N&amp;C SRL y Lindy dio lugar a un sistema audiovisual altamente fiable y totalmente integrado en el Tribunal de Venecia, que cumpl\u00eda con los exigentes requisitos del Ministerio de Justicia. El proyecto demuestra c\u00f3mo una conectividad fiable puede mejorar la comunicaci\u00f3n, la eficiencia y el profesionalismo en entornos institucionales complejos.<\/p><\/div><\/div><\/div><div class=\"col right_item\"><div class=\"box box--border\"><h3 class=\"section__heading\">Visi\u00f3n del sector<\/h3><div class=\"section__content\"><p class=\"section__content\">A medida que las instituciones p\u00fablicas y los organismos gubernamentales dependen cada vez m\u00e1s de sistemas multimedia avanzados para la comunicaci\u00f3n y la colaboraci\u00f3n, la conectividad AV robusta y estable se est\u00e1 volviendo indispensable. La tecnolog\u00eda de Lindy permite a integradores como N&amp;C SRL ofrecer soluciones de alto rendimiento y preparadas para el futuro que garantizan claridad, fiabilidad y un funcionamiento fluido en espacios de misiones cr\u00edticas.<\/p><\/div><\/div><\/div><\/div><\/div><\/section>\n\n\n\n<section class=\"wp-block-lindy-image-text-module section section--full-width-image full-width-image--with-text theme--light section--animation-none align--left  font--size-medium width--half\" style=\"background-image:url(https:\/\/lindy.com\/eu\/wp-content\/uploads\/sites\/10\/2026\/02\/Mock-up-case-sudy-NC.jpg)\"><img decoding=\"async\" class=\"full-width-image__image\" src=\"https:\/\/lindy.com\/eu\/wp-content\/uploads\/sites\/10\/2026\/02\/Mock-up-case-sudy-NC.jpg\"\/><div class=\"contained\"><div class=\"full-width-image__content\"><\/div><\/div><\/section>\n\n\n\n<section class=\"wp-block-lindy-image-text-module section section--full-width-image full-width-image--with-text theme--light section--animation-none align--center  font--size-small width--half\" style=\"background-image:url()\"><img decoding=\"async\" class=\"full-width-image__image\" src=\"\"\/><div class=\"contained\"><div class=\"full-width-image__content\"><h2 class=\"section__subheading section__subheading__title\">\u00bfLe ha parecido interesante este caso de \u00e9xito?<\/h2><p class=\"section__paragraph\"><br\/><strong><strong><strong>Gu\u00e1rdelo con un s\u00f3lo clic<\/strong><\/strong><\/strong><\/p><a href=\"https:\/\/lindy.com\/es\/wp-content\/uploads\/sites\/7\/2026\/03\/Lindy-x-NC-Case-Study-ES.pdf\" class=\"button button--dark\" target=\"_blank\" rel=\"noopener noreferrer\">\ud83d\udce5 Descargue la versi\u00f3n PDF<\/a><\/div><\/div><\/section>\n","protected":false},"excerpt":{"rendered":"","protected":false},"author":28,"featured_media":0,"parent":0,"menu_order":0,"comment_status":"closed","ping_status":"closed","template":"page-templates\/template-landing.php","meta":{"_acf_changed":false,"footnotes":""},"class_list":["post-9689","page","type-page","status-publish","hentry"],"acf":[],"yoast_head":"<!-- This site is optimized with the Yoast SEO plugin v26.6 - https:\/\/yoast.com\/wordpress\/plugins\/seo\/ -->\n<title>CASE STUDY N&amp;C - Lindy - Spanish<\/title>\n<meta name=\"robots\" content=\"index, follow, max-snippet:-1, max-image-preview:large, max-video-preview:-1\" \/>\n<link rel=\"canonical\" href=\"https:\/\/lindy.com\/es\/case-study-nc\/\" \/>\n<meta property=\"og:locale\" content=\"es_ES\" \/>\n<meta property=\"og:type\" content=\"article\" \/>\n<meta property=\"og:title\" content=\"CASE STUDY N&amp;C - Lindy - Spanish\" \/>\n<meta property=\"og:url\" content=\"https:\/\/lindy.com\/es\/case-study-nc\/\" \/>\n<meta property=\"og:site_name\" content=\"Lindy - Spanish\" \/>\n<meta property=\"article:modified_time\" content=\"2026-03-26T09:44:27+00:00\" \/>\n<meta property=\"og:image\" content=\"https:\/\/lindy.com\/eu\/wp-content\/uploads\/sites\/10\/2026\/02\/header-landingpage-N-C.jpg\" \/>\n<meta name=\"twitter:card\" content=\"summary_large_image\" \/>\n<meta name=\"twitter:label1\" content=\"Tiempo de lectura\" \/>\n\t<meta name=\"twitter:data1\" content=\"7 minutos\" \/>\n<script type=\"application\/ld+json\" class=\"yoast-schema-graph\">{\"@context\":\"https:\/\/schema.org\",\"@graph\":[{\"@type\":\"WebPage\",\"@id\":\"https:\/\/lindy.com\/es\/case-study-nc\/\",\"url\":\"https:\/\/lindy.com\/es\/case-study-nc\/\",\"name\":\"CASE STUDY N&amp;C - Lindy - Spanish\",\"isPartOf\":{\"@id\":\"https:\/\/lindy.com\/es\/#website\"},\"primaryImageOfPage\":{\"@id\":\"https:\/\/lindy.com\/es\/case-study-nc\/#primaryimage\"},\"image\":{\"@id\":\"https:\/\/lindy.com\/es\/case-study-nc\/#primaryimage\"},\"thumbnailUrl\":\"https:\/\/lindy.com\/eu\/wp-content\/uploads\/sites\/10\/2026\/02\/header-landingpage-N-C.jpg\",\"datePublished\":\"2026-03-26T09:25:00+00:00\",\"dateModified\":\"2026-03-26T09:44:27+00:00\",\"breadcrumb\":{\"@id\":\"https:\/\/lindy.com\/es\/case-study-nc\/#breadcrumb\"},\"inLanguage\":\"es\",\"potentialAction\":[{\"@type\":\"ReadAction\",\"target\":[\"https:\/\/lindy.com\/es\/case-study-nc\/\"]}]},{\"@type\":\"ImageObject\",\"inLanguage\":\"es\",\"@id\":\"https:\/\/lindy.com\/es\/case-study-nc\/#primaryimage\",\"url\":\"https:\/\/lindy.com\/eu\/wp-content\/uploads\/sites\/10\/2026\/02\/header-landingpage-N-C.jpg\",\"contentUrl\":\"https:\/\/lindy.com\/eu\/wp-content\/uploads\/sites\/10\/2026\/02\/header-landingpage-N-C.jpg\"},{\"@type\":\"BreadcrumbList\",\"@id\":\"https:\/\/lindy.com\/es\/case-study-nc\/#breadcrumb\",\"itemListElement\":[{\"@type\":\"ListItem\",\"position\":1,\"name\":\"Home\",\"item\":\"https:\/\/lindy.com\/es\/\"},{\"@type\":\"ListItem\",\"position\":2,\"name\":\"CASE STUDY N&amp;C\"}]},{\"@type\":\"WebSite\",\"@id\":\"https:\/\/lindy.com\/es\/#website\",\"url\":\"https:\/\/lindy.com\/es\/\",\"name\":\"Lindy - Spanish\",\"description\":\"Connection Perfection\",\"potentialAction\":[{\"@type\":\"SearchAction\",\"target\":{\"@type\":\"EntryPoint\",\"urlTemplate\":\"https:\/\/lindy.com\/es\/?s={search_term_string}\"},\"query-input\":{\"@type\":\"PropertyValueSpecification\",\"valueRequired\":true,\"valueName\":\"search_term_string\"}}],\"inLanguage\":\"es\"}]}<\/script>\n<!-- \/ Yoast SEO plugin. -->","yoast_head_json":{"title":"CASE STUDY N&amp;C - Lindy - Spanish","robots":{"index":"index","follow":"follow","max-snippet":"max-snippet:-1","max-image-preview":"max-image-preview:large","max-video-preview":"max-video-preview:-1"},"canonical":"https:\/\/lindy.com\/es\/case-study-nc\/","og_locale":"es_ES","og_type":"article","og_title":"CASE STUDY N&amp;C - Lindy - Spanish","og_url":"https:\/\/lindy.com\/es\/case-study-nc\/","og_site_name":"Lindy - Spanish","article_modified_time":"2026-03-26T09:44:27+00:00","og_image":[{"url":"https:\/\/lindy.com\/eu\/wp-content\/uploads\/sites\/10\/2026\/02\/header-landingpage-N-C.jpg","type":"","width":"","height":""}],"twitter_card":"summary_large_image","twitter_misc":{"Tiempo de lectura":"7 minutos"},"schema":{"@context":"https:\/\/schema.org","@graph":[{"@type":"WebPage","@id":"https:\/\/lindy.com\/es\/case-study-nc\/","url":"https:\/\/lindy.com\/es\/case-study-nc\/","name":"CASE STUDY N&amp;C - Lindy - Spanish","isPartOf":{"@id":"https:\/\/lindy.com\/es\/#website"},"primaryImageOfPage":{"@id":"https:\/\/lindy.com\/es\/case-study-nc\/#primaryimage"},"image":{"@id":"https:\/\/lindy.com\/es\/case-study-nc\/#primaryimage"},"thumbnailUrl":"https:\/\/lindy.com\/eu\/wp-content\/uploads\/sites\/10\/2026\/02\/header-landingpage-N-C.jpg","datePublished":"2026-03-26T09:25:00+00:00","dateModified":"2026-03-26T09:44:27+00:00","breadcrumb":{"@id":"https:\/\/lindy.com\/es\/case-study-nc\/#breadcrumb"},"inLanguage":"es","potentialAction":[{"@type":"ReadAction","target":["https:\/\/lindy.com\/es\/case-study-nc\/"]}]},{"@type":"ImageObject","inLanguage":"es","@id":"https:\/\/lindy.com\/es\/case-study-nc\/#primaryimage","url":"https:\/\/lindy.com\/eu\/wp-content\/uploads\/sites\/10\/2026\/02\/header-landingpage-N-C.jpg","contentUrl":"https:\/\/lindy.com\/eu\/wp-content\/uploads\/sites\/10\/2026\/02\/header-landingpage-N-C.jpg"},{"@type":"BreadcrumbList","@id":"https:\/\/lindy.com\/es\/case-study-nc\/#breadcrumb","itemListElement":[{"@type":"ListItem","position":1,"name":"Home","item":"https:\/\/lindy.com\/es\/"},{"@type":"ListItem","position":2,"name":"CASE STUDY N&amp;C"}]},{"@type":"WebSite","@id":"https:\/\/lindy.com\/es\/#website","url":"https:\/\/lindy.com\/es\/","name":"Lindy - Spanish","description":"Connection Perfection","potentialAction":[{"@type":"SearchAction","target":{"@type":"EntryPoint","urlTemplate":"https:\/\/lindy.com\/es\/?s={search_term_string}"},"query-input":{"@type":"PropertyValueSpecification","valueRequired":true,"valueName":"search_term_string"}}],"inLanguage":"es"}]}},"_links":{"self":[{"href":"https:\/\/lindy.com\/es\/wp-json\/wp\/v2\/pages\/9689","targetHints":{"allow":["GET"]}}],"collection":[{"href":"https:\/\/lindy.com\/es\/wp-json\/wp\/v2\/pages"}],"about":[{"href":"https:\/\/lindy.com\/es\/wp-json\/wp\/v2\/types\/page"}],"author":[{"embeddable":true,"href":"https:\/\/lindy.com\/es\/wp-json\/wp\/v2\/users\/28"}],"replies":[{"embeddable":true,"href":"https:\/\/lindy.com\/es\/wp-json\/wp\/v2\/comments?post=9689"}],"version-history":[{"count":6,"href":"https:\/\/lindy.com\/es\/wp-json\/wp\/v2\/pages\/9689\/revisions"}],"predecessor-version":[{"id":9713,"href":"https:\/\/lindy.com\/es\/wp-json\/wp\/v2\/pages\/9689\/revisions\/9713"}],"wp:attachment":[{"href":"https:\/\/lindy.com\/es\/wp-json\/wp\/v2\/media?parent=9689"}],"curies":[{"name":"wp","href":"https:\/\/api.w.org\/{rel}","templated":true}]}}