{"id":9716,"date":"2026-03-27T08:34:41","date_gmt":"2026-03-27T08:34:41","guid":{"rendered":"https:\/\/lindy.com\/es\/?page_id=9716"},"modified":"2026-03-27T08:34:41","modified_gmt":"2026-03-27T08:34:41","slug":"case-study-sigma","status":"publish","type":"page","link":"https:\/\/lindy.com\/es\/case-study-sigma\/","title":{"rendered":"CASE STUDY SIGMA"},"content":{"rendered":"\n<section class=\"wp-block-lindy-image-text-module section section--full-width-image full-width-image--with-text theme--dark section--animation-none align--center  font--size-large\" style=\"background-image:url(https:\/\/lindy.com\/eu\/wp-content\/uploads\/sites\/10\/2026\/03\/Sigma-AV_Main-Image_without_text.jpg)\"><img decoding=\"async\" class=\"full-width-image__image\" src=\"https:\/\/lindy.com\/eu\/wp-content\/uploads\/sites\/10\/2026\/03\/Sigma-AV_Main-Image_without_text.jpg\"\/><div class=\"contained\"><div class=\"full-width-image__content\"><h2 class=\"section__heading\"><span>SE\u00d1ALES PERFECTAS.<\/span><\/h2><h2 class=\"section__subheading section__subheading__title\">EXPERIENCIA ILIMITADA.<\/h2><\/div><\/div><\/section>\n\n\n\n<section class=\"wp-block-lindy-heading-text section section--heading-text theme--light align--center  font--size-medium section--animation-none\"><div class=\"contained\"><h2 class=\"section__heading\"><span><br\/>LINDY, LA COLUMNA VERTEBRAL DEL \u00c9XITO EN LOS GRANDES ESCENARIOS<\/span><\/h2><\/div><\/section>\n\n\n\n<section class=\"wp-block-lindy-key-info section section--key-info theme--light section--animation-none\"><div class=\"contained\"><div class=\"grid-2_sm-1-center\"><div class=\"col left_item\"><div class=\"box\"><h3 class=\"section__heading\"><\/h3><div class=\"section__content\"><p class=\"section__content\">SIGMA System Audio-Visuell es un integrador alem\u00e1n de AV con sede en D\u00fcsseldorf, especializado en experiencias de alto impacto impulsadas por la tecnolog\u00eda medi\u00e1tica para marcas globales y clientes corporativos. Situada en la intersecci\u00f3n de la tecnolog\u00eda para eventos, la integraci\u00f3n audiovisual y los medios interactivos, SIGMA ofrece soluciones de vanguardia para ferias comerciales, conferencias y entornos de marca inmersivos.<\/p><\/div><\/div><\/div><div class=\"col right_item\"><div class=\"box\"><h3 class=\"section__heading\"><\/h3><div class=\"section__content\"><p class=\"section__content\">En el sector corporativo, SIGMA dise\u00f1a e integra salas de conferencias de \u00faltima generaci\u00f3n y entornos de trabajo colaborativos que combinan tecnolog\u00eda con funcionalidad intuitiva para inspirar dise\u00f1os. Su cartera abarca desde salas de exposici\u00f3n innovadoras hasta estudios de producci\u00f3n a gran escala para clientes multinacionales como Vodafone.<br\/>Dado que cada proyecto es personalizado y basado en eventos, SIGMA depende de una conectividad AV fiable para garantizar estabilidad y rendimiento, necesidades que se satisfacen a trav\u00e9s de los productos premium de conectividad de Lindy.<\/p><\/div><\/div><\/div><\/div><\/div><\/section>\n\n\n\n<section class=\"wp-block-lindy-image-text-module section section--full-width-image full-width-image--with-text theme--dark section--animation-none align--left  font--size-medium width--half\" style=\"background-image:url()\"><img decoding=\"async\" class=\"full-width-image__image\" src=\"\"\/><div class=\"contained\"><div class=\"full-width-image__content\"><h2 class=\"section__heading\"><span>EL RETO<\/span><\/h2><p class=\"section__paragraph\"><br\/>SIGMA dise\u00f1a y ofrece experiencias impulsadas por la tecnolog\u00eda donde la fiabilidad es fundamental. Desde ruedas de prensa con retransmisiones en directo globales hasta salas de exposici\u00f3n inmersivas o salas de conferencias perfectamente funcionales, cada proyecto depende de una conectividad AV fluida. La empresa se enfrenta a tres desaf\u00edos principales: mantener una integridad impecable de la se\u00f1al en espacios complejos y a menudo amplios, garantizar la compatibilidad entre diverso hardware AV para una integraci\u00f3n r\u00e1pida y eficiente, y operar con tolerancia cero ante fallos, ya que incluso la m\u00e1s m\u00ednima interrupci\u00f3n durante un evento o reuni\u00f3n en vivo no es una opci\u00f3n.<br\/><\/p><\/div><\/div><\/section>\n\n\n\n<section class=\"wp-block-lindy-image-text-module section section--full-width-image full-width-image--with-text theme--dark section--animation-none align--left  font--size-medium width--half\" style=\"background-image:url(https:\/\/lindy.com\/eu\/wp-content\/uploads\/sites\/10\/2026\/03\/Challenge_-new.jpg)\"><img decoding=\"async\" class=\"full-width-image__image\" src=\"https:\/\/lindy.com\/eu\/wp-content\/uploads\/sites\/10\/2026\/03\/Challenge_-new.jpg\"\/><div class=\"contained\"><div class=\"full-width-image__content\"><\/div><\/div><\/section>\n\n\n\n<section class=\"wp-block-lindy-heading-text section section--heading-text theme--light align--center  font--size-medium section--animation-none\"><div class=\"contained\"><h2 class=\"section__heading\"><span><br\/>LA SOLUCI\u00d3N DE LINDY<\/span><\/h2><\/div><\/section>\n\n\n\n<section class=\"wp-block-lindy-key-info section section--key-info theme--light section--animation-none\"><div class=\"contained\"><div class=\"grid-2_sm-1-center\"><div class=\"col left_item\"><div class=\"box\"><h3 class=\"section__heading\"><\/h3><div class=\"section__content\"><p class=\"section__content\">Lindy proporciona la columna vertebral de conectividad perfecta para los proyectos m\u00e1s exigentes de SIGMA, combinando fiabilidad, rendimiento y flexibilidad para garantizar un funcionamiento impecable incluso en entornos complejos en vivo. Con una amplia cartera de cables, conversores y repetidores de alta calidad, Lindy permite una interoperabilidad fluida entre diversos sistemas AV,<\/p><\/div><\/div><\/div><div class=\"col right_item\"><div class=\"box\"><h3 class=\"section__heading\"><\/h3><div class=\"section__content\"><p class=\"section__content\">permitiendo a SIGMA integrar dispositivos de vanguardia en infraestructuras profesionales con facilidad.<br\/>Al confiar en las soluciones premium de Lindy, SIGMA ofrece de forma constante conexiones estables y seguras que cumplen \u2014y a menudo superan\u2014 las altas expectativas de las marcas globales en cada instalaci\u00f3n personalizada y evento en vivo.<\/p><\/div><\/div><\/div><\/div><\/div><\/section>\n\n\n\n<section class=\"wp-block-lindy-heading-text section section--heading-text theme--dark align--center  font--size-medium section--animation-none\"><div class=\"contained\"><h2 class=\"section__heading\"><span><br\/>PRODUCTOS DE USO FRECUENTE<\/span><\/h2><\/div><\/section>\n\n\n\n<section class=\"wp-block-lindy-image-text-module section section--full-width-image full-width-image--with-text theme--dark section--animation-none align--left font--camber font--size-small width--half\" style=\"background-image:url(https:\/\/lindy.com\/eu\/wp-content\/uploads\/sites\/10\/2026\/03\/Products_Sigma_Half_width_1.png)\"><img decoding=\"async\" class=\"full-width-image__image\" src=\"https:\/\/lindy.com\/eu\/wp-content\/uploads\/sites\/10\/2026\/03\/Products_Sigma_Half_width_1.png\"\/><div class=\"contained\"><div class=\"full-width-image__content\"><h2 class=\"section__heading\"><span>Cable HDMI\u00ae est\u00e1ndar de 10 m, Gold Line<\/span><\/h2><h2 class=\"section__subheading section__subheading__title\">No. 37866<\/h2><p class=\"section__paragraph\"><br\/>Ofrece v\u00eddeo 4K60, audio de 32 canales, <br\/>carcasa met\u00e1lica completa chapada en oro 24K.<\/p><a href=\"https:\/\/www.lindy.eu\/10m-Standard-HDMI-Cable-Gold-Line.htm?websale8=ld0101.ld021102&amp;pi=37866&amp;ci=80\" class=\"button button--white-transparent\" target=\"_blank\" rel=\"noopener noreferrer\">VER M\u00c1S<\/a><\/div><\/div><\/section>\n\n\n\n<section class=\"wp-block-lindy-image-text-module section section--full-width-image full-width-image--with-text theme--dark section--animation-none align--left font--camber font--size-small width--half\" style=\"background-image:url(https:\/\/lindy.com\/eu\/wp-content\/uploads\/sites\/10\/2026\/03\/Products_Sigma_Half_width_43158.png)\"><img decoding=\"async\" class=\"full-width-image__image\" src=\"https:\/\/lindy.com\/eu\/wp-content\/uploads\/sites\/10\/2026\/03\/Products_Sigma_Half_width_43158.png\"\/><div class=\"contained\"><div class=\"full-width-image__content\"><h2 class=\"section__heading\"><span>Extensi\u00f3n activa USB 3.0 de 8m<\/span><\/h2><h2 class=\"section__subheading section__subheading__title\">No. 43158<\/h2><p class=\"section__paragraph\"><br\/>Ofrece hasta 8K60Hz de resoluci\u00f3n a largas <br\/>distancias con 48Gbps de ancho<\/p><a href=\"https:\/\/www.lindy.eu\/8m-USB-3-0-Active-Extension-Pro.htm?websale8=ld0101.ld021102&amp;pi=43158&amp;ci=50\" class=\"button button--white-transparent\" target=\"_blank\" rel=\"noopener noreferrer\">VER M\u00c1S<\/a><\/div><\/div><\/section>\n\n\n\n<section class=\"wp-block-lindy-image-text-module section section--full-width-image full-width-image--with-text theme--dark section--animation-none align--left font--camber font--size-small width--half\" style=\"background-image:url(https:\/\/lindy.com\/eu\/wp-content\/uploads\/sites\/10\/2026\/03\/Products_Sigma_Half_width_38512.png)\"><img decoding=\"async\" class=\"full-width-image__image\" src=\"https:\/\/lindy.com\/eu\/wp-content\/uploads\/sites\/10\/2026\/03\/Products_Sigma_Half_width_38512.png\"\/><div class=\"contained\"><div class=\"full-width-image__content\"><h2 class=\"section__heading\"><span>Cable HDMI\u00ae h\u00edbrido <br\/>de fibra \u00f3ptica de 20 m<\/span><\/h2><h2 class=\"section__subheading section__subheading__title\">No. 38512<\/h2><p class=\"section__paragraph\"><br\/>Ofrece hasta 8K60Hz de resoluci\u00f3n a largas <br\/>distancias con 48Gbps de ancho<\/p><a href=\"https:\/\/www.lindy.eu\/20m-Fibre-Optic-Hybrid-HDMI-8K60-Cable.htm?websale8=ld0101.ld021102&amp;pi=38512&amp;ci=80\" class=\"button button--white-transparent\" target=\"_blank\" rel=\"noopener noreferrer\">VER M\u00c1S<\/a><\/div><\/div><\/section>\n\n\n\n<section class=\"wp-block-lindy-image-text-module section section--full-width-image full-width-image--with-text theme--dark section--animation-none align--left font--camber font--size-small width--half\" style=\"background-image:url(https:\/\/lindy.com\/eu\/wp-content\/uploads\/sites\/10\/2026\/03\/Products_Sigma_Half_width_43327.png)\"><img decoding=\"async\" class=\"full-width-image__image\" src=\"https:\/\/lindy.com\/eu\/wp-content\/uploads\/sites\/10\/2026\/03\/Products_Sigma_Half_width_43327.png\"\/><div class=\"contained\"><div class=\"full-width-image__content\"><h2 class=\"section__heading\"><span>Convertidor USB tipo C <br\/>a HDMI\u00ae 8K60<\/span><\/h2><h2 class=\"section__subheading section__subheading__title\">No. 43327<\/h2><p class=\"section__paragraph\"><br\/>Ofrece v\u00eddeo hasta 8K60 desde un puerto USB-C, <br\/>simplicidad plug and play.<br\/><br\/>*Sustituido por 43428<\/p><a href=\"https:\/\/www.lindy.eu\/USB-Type-C-to-HDMI-8K60-Converter.htm?websale8=ld0101.ld021102&amp;pi=43428&amp;ci=10\" class=\"button button--white-transparent\" target=\"_blank\" rel=\"noopener noreferrer\">VER M\u00c1S<\/a><\/div><\/div><\/section>\n\n\n\n<section class=\"wp-block-lindy-contained-image section section--contained-image contained-image theme--light align--left font--size-medium\"><div class=\"contained\"><img decoding=\"async\" src=\"https:\/\/lindy.com\/es\/wp-content\/uploads\/sites\/7\/2026\/03\/Testimonial_ES.png\"\/><div class=\"contained-image__content\"><\/div><\/div><\/section>\n\n\n\n<section class=\"wp-block-lindy-heading-text section section--heading-text theme--dark align--center  font--size-medium section--animation-none\"><div class=\"contained\"><h2 class=\"section__heading\"><span><br\/>RESULTADOS Y BENEFICIOS<\/span><\/h2><\/div><\/section>\n\n\n\n<section class=\"wp-block-lindy-key-info section section--key-info theme--dark section--animation-none\"><div class=\"contained\"><div class=\"grid-2_sm-1-center\"><div class=\"col left_item\"><div class=\"box\"><h3 class=\"section__heading\"><\/h3><div class=\"section__content\"><p class=\"section__content\">Las soluciones de conectividad de Lindy ofrecen un 99,9% de fiabilidad de se\u00f1al en condiciones exigentes de eventos reales, dando a SIGMA la confianza para rendir impecable en exhibiciones de alto perfil como el Vodafone XR Studio y conferencias globales. Al permitir tiempos de instalaci\u00f3n un 30% m\u00e1s r\u00e1pidos mediante sistemas de cableado modulares y reutilizables, Lindy tambi\u00e9n agiliza las operaciones de alquiler y reduce la carga t\u00e9cnica.<\/p><\/div><\/div><\/div><div class=\"col right_item\"><div class=\"box\"><h3 class=\"section__heading\"><\/h3><div class=\"section__content\"><p class=\"section__content\">La flexibilidad del hardware en m\u00faltiples sedes permite a SIGMA adaptar la misma infraestructura para conferencias, entornos de trabajo corporativo y ferias a gran escala, asegurando una calidad constante en entornos diversos. Esta fiabilidad y escalabilidad refuerzan la capacidad de SIGMA para satisfacer las complejas demandas de sus clientes multinacionales, ya que los productos de Lindy proporcionan de forma constante las conexiones seguras y estables necesarias para el \u00e9xito incluso en los escenarios de eventos en vivo m\u00e1s desafiantes.<\/p><\/div><\/div><\/div><\/div><\/div><\/section>\n\n\n\n<section class=\"wp-block-lindy-icon-section section section--icon font--size-small align--center theme--dark\"><div class=\"contained\"><div class=\"grid-4_md-2_xs-1-spaceAround icons\"><div class=\"col\"><div class=\"icon-block icon-block--0\"><img decoding=\"async\" class=\"icon-block__image\" src=\"https:\/\/lindy.com\/eu\/wp-content\/uploads\/sites\/10\/2026\/02\/NC_icon.png\"\/><div class=\"icon-block__content\"><h3 class=\"icon-title\">Proceso de instalaci\u00f3n simplificado<\/h3><p class=\"icon-text\"><\/p><\/div><\/div><\/div><div class=\"col\"><div class=\"icon-block icon-block--1\"><img decoding=\"async\" class=\"icon-block__image\" src=\"https:\/\/lindy.com\/eu\/wp-content\/uploads\/sites\/10\/2026\/02\/1.png\"\/><div class=\"icon-block__content\"><h3 class=\"icon-title\">Fiabilidad y durabilidad<\/h3><p class=\"icon-text\"><\/p><\/div><\/div><\/div><div class=\"col\"><div class=\"icon-block icon-block--2\"><img decoding=\"async\" class=\"icon-block__image\" src=\"https:\/\/lindy.com\/eu\/wp-content\/uploads\/sites\/10\/2026\/02\/3.png\"\/><div class=\"icon-block__content\"><h3 class=\"icon-title\">Satisfacci\u00f3n del cliente<\/h3><p class=\"icon-text\"><\/p><\/div><\/div><\/div><div class=\"col\"><div class=\"icon-block icon-block--3\"><img decoding=\"async\" class=\"icon-block__image\" src=\"https:\/\/lindy.com\/eu\/wp-content\/uploads\/sites\/10\/2026\/02\/4.png\"\/><div class=\"icon-block__content\"><h3 class=\"icon-title\">Escalabilidad \ny flexibilidad<\/h3><p class=\"icon-text\"><\/p><\/div><\/div><\/div><\/div><\/div><\/section>\n\n\n\n<section class=\"wp-block-lindy-heading-text section section--heading-text theme--light align--center  font--size-medium section--animation-none\"><div class=\"contained\"><h2 class=\"section__heading\"><span><br\/><strong>CONCLUSIONES Y BENEFICIOS<\/strong><\/span><\/h2><\/div><\/section>\n\n\n\n<section class=\"wp-block-lindy-key-info section section--key-info theme--light section--animation-none\"><div class=\"contained\"><div class=\"grid-2_sm-1-center\"><div class=\"col left_item\"><div class=\"box box--border\"><h3 class=\"section__heading\">\u00c9xito del proyecto<\/h3><div class=\"section__content\"><p class=\"section__content\">El \u00e9xito del proyecto para Lindy y SIGMA proviene de combinar soluciones de conectividad premium con experiencias AV creativas y tecnol\u00f3gicas, asegurando que cada evento se realice con fiabilidad, flexibilidad y un rendimiento impecable.<\/p><\/div><\/div><\/div><div class=\"col right_item\"><div class=\"box box--border\"><h3 class=\"section__heading\">Visi\u00f3n del sector<\/h3><div class=\"section__content\"><p class=\"section__content\">La industria AV avanza hacia experiencias inmersivas y tecnol\u00f3gicas que requieren flexibilidad, fiabilidad e integraci\u00f3n fluida. La colaboraci\u00f3n de SIGMA con Lindy pone de manifiesto c\u00f3mo la colaboraci\u00f3n entre integradores y proveedores garantiza soluciones estables, escalables y de alto rendimiento.<\/p><\/div><\/div><\/div><\/div><\/div><\/section>\n\n\n\n<section class=\"wp-block-lindy-image-text-module section section--full-width-image full-width-image--with-text theme--dark section--animation-none align--left  font--size-medium width--half\" style=\"background-image:url(https:\/\/lindy.com\/eu\/wp-content\/uploads\/sites\/10\/2026\/03\/Mock-up-case-sudy-Sigma.png)\"><img decoding=\"async\" class=\"full-width-image__image\" src=\"https:\/\/lindy.com\/eu\/wp-content\/uploads\/sites\/10\/2026\/03\/Mock-up-case-sudy-Sigma.png\"\/><div class=\"contained\"><div class=\"full-width-image__content\"><\/div><\/div><\/section>\n\n\n\n<section class=\"wp-block-lindy-image-text-module section section--full-width-image full-width-image--with-text theme--dark section--animation-none align--center  font--size-small width--half\" style=\"background-image:url()\"><img decoding=\"async\" class=\"full-width-image__image\" src=\"\"\/><div class=\"contained\"><div class=\"full-width-image__content\"><h2 class=\"section__subheading section__subheading__title\">\u00bfLe ha parecido interesante este caso de \u00e9xito?<\/h2><p class=\"section__paragraph\"><br\/><strong><strong><strong>Gu\u00e1rdelo con un s\u00f3lo clic<\/strong><\/strong><\/strong><\/p><a href=\"https:\/\/lindy.com\/es\/wp-content\/uploads\/sites\/7\/2026\/03\/Lindy-x-Sigma-Case-Study-ES.pdf\" class=\"button button--white-transparent\" target=\"_blank\" rel=\"noopener noreferrer\">\ud83d\udce5 Descargue la versi\u00f3n PDF<\/a><\/div><\/div><\/section>\n","protected":false},"excerpt":{"rendered":"","protected":false},"author":28,"featured_media":0,"parent":0,"menu_order":0,"comment_status":"closed","ping_status":"closed","template":"page-templates\/template-landing.php","meta":{"_acf_changed":false,"footnotes":""},"class_list":["post-9716","page","type-page","status-publish","hentry"],"acf":[],"yoast_head":"<!-- This site is optimized with the Yoast SEO plugin v26.6 - https:\/\/yoast.com\/wordpress\/plugins\/seo\/ -->\n<title>CASE STUDY SIGMA - Lindy - Spanish<\/title>\n<meta name=\"robots\" content=\"index, follow, max-snippet:-1, max-image-preview:large, max-video-preview:-1\" \/>\n<link rel=\"canonical\" href=\"https:\/\/lindy.com\/es\/case-study-sigma\/\" \/>\n<meta property=\"og:locale\" content=\"es_ES\" \/>\n<meta property=\"og:type\" content=\"article\" \/>\n<meta property=\"og:title\" content=\"CASE STUDY SIGMA - Lindy - Spanish\" \/>\n<meta property=\"og:url\" content=\"https:\/\/lindy.com\/es\/case-study-sigma\/\" \/>\n<meta property=\"og:site_name\" content=\"Lindy - Spanish\" \/>\n<meta property=\"og:image\" content=\"https:\/\/lindy.com\/eu\/wp-content\/uploads\/sites\/10\/2026\/03\/Sigma-AV_Main-Image_without_text.jpg\" \/>\n<meta name=\"twitter:card\" content=\"summary_large_image\" \/>\n<script type=\"application\/ld+json\" class=\"yoast-schema-graph\">{\"@context\":\"https:\/\/schema.org\",\"@graph\":[{\"@type\":\"WebPage\",\"@id\":\"https:\/\/lindy.com\/es\/case-study-sigma\/\",\"url\":\"https:\/\/lindy.com\/es\/case-study-sigma\/\",\"name\":\"CASE STUDY SIGMA - Lindy - Spanish\",\"isPartOf\":{\"@id\":\"https:\/\/lindy.com\/es\/#website\"},\"primaryImageOfPage\":{\"@id\":\"https:\/\/lindy.com\/es\/case-study-sigma\/#primaryimage\"},\"image\":{\"@id\":\"https:\/\/lindy.com\/es\/case-study-sigma\/#primaryimage\"},\"thumbnailUrl\":\"https:\/\/lindy.com\/eu\/wp-content\/uploads\/sites\/10\/2026\/03\/Sigma-AV_Main-Image_without_text.jpg\",\"datePublished\":\"2026-03-27T08:34:41+00:00\",\"breadcrumb\":{\"@id\":\"https:\/\/lindy.com\/es\/case-study-sigma\/#breadcrumb\"},\"inLanguage\":\"es\",\"potentialAction\":[{\"@type\":\"ReadAction\",\"target\":[\"https:\/\/lindy.com\/es\/case-study-sigma\/\"]}]},{\"@type\":\"ImageObject\",\"inLanguage\":\"es\",\"@id\":\"https:\/\/lindy.com\/es\/case-study-sigma\/#primaryimage\",\"url\":\"https:\/\/lindy.com\/eu\/wp-content\/uploads\/sites\/10\/2026\/03\/Sigma-AV_Main-Image_without_text.jpg\",\"contentUrl\":\"https:\/\/lindy.com\/eu\/wp-content\/uploads\/sites\/10\/2026\/03\/Sigma-AV_Main-Image_without_text.jpg\"},{\"@type\":\"BreadcrumbList\",\"@id\":\"https:\/\/lindy.com\/es\/case-study-sigma\/#breadcrumb\",\"itemListElement\":[{\"@type\":\"ListItem\",\"position\":1,\"name\":\"Home\",\"item\":\"https:\/\/lindy.com\/es\/\"},{\"@type\":\"ListItem\",\"position\":2,\"name\":\"CASE STUDY SIGMA\"}]},{\"@type\":\"WebSite\",\"@id\":\"https:\/\/lindy.com\/es\/#website\",\"url\":\"https:\/\/lindy.com\/es\/\",\"name\":\"Lindy - Spanish\",\"description\":\"Connection Perfection\",\"potentialAction\":[{\"@type\":\"SearchAction\",\"target\":{\"@type\":\"EntryPoint\",\"urlTemplate\":\"https:\/\/lindy.com\/es\/?s={search_term_string}\"},\"query-input\":{\"@type\":\"PropertyValueSpecification\",\"valueRequired\":true,\"valueName\":\"search_term_string\"}}],\"inLanguage\":\"es\"}]}<\/script>\n<!-- \/ Yoast SEO plugin. -->","yoast_head_json":{"title":"CASE STUDY SIGMA - Lindy - Spanish","robots":{"index":"index","follow":"follow","max-snippet":"max-snippet:-1","max-image-preview":"max-image-preview:large","max-video-preview":"max-video-preview:-1"},"canonical":"https:\/\/lindy.com\/es\/case-study-sigma\/","og_locale":"es_ES","og_type":"article","og_title":"CASE STUDY SIGMA - Lindy - Spanish","og_url":"https:\/\/lindy.com\/es\/case-study-sigma\/","og_site_name":"Lindy - Spanish","og_image":[{"url":"https:\/\/lindy.com\/eu\/wp-content\/uploads\/sites\/10\/2026\/03\/Sigma-AV_Main-Image_without_text.jpg","type":"","width":"","height":""}],"twitter_card":"summary_large_image","schema":{"@context":"https:\/\/schema.org","@graph":[{"@type":"WebPage","@id":"https:\/\/lindy.com\/es\/case-study-sigma\/","url":"https:\/\/lindy.com\/es\/case-study-sigma\/","name":"CASE STUDY SIGMA - Lindy - Spanish","isPartOf":{"@id":"https:\/\/lindy.com\/es\/#website"},"primaryImageOfPage":{"@id":"https:\/\/lindy.com\/es\/case-study-sigma\/#primaryimage"},"image":{"@id":"https:\/\/lindy.com\/es\/case-study-sigma\/#primaryimage"},"thumbnailUrl":"https:\/\/lindy.com\/eu\/wp-content\/uploads\/sites\/10\/2026\/03\/Sigma-AV_Main-Image_without_text.jpg","datePublished":"2026-03-27T08:34:41+00:00","breadcrumb":{"@id":"https:\/\/lindy.com\/es\/case-study-sigma\/#breadcrumb"},"inLanguage":"es","potentialAction":[{"@type":"ReadAction","target":["https:\/\/lindy.com\/es\/case-study-sigma\/"]}]},{"@type":"ImageObject","inLanguage":"es","@id":"https:\/\/lindy.com\/es\/case-study-sigma\/#primaryimage","url":"https:\/\/lindy.com\/eu\/wp-content\/uploads\/sites\/10\/2026\/03\/Sigma-AV_Main-Image_without_text.jpg","contentUrl":"https:\/\/lindy.com\/eu\/wp-content\/uploads\/sites\/10\/2026\/03\/Sigma-AV_Main-Image_without_text.jpg"},{"@type":"BreadcrumbList","@id":"https:\/\/lindy.com\/es\/case-study-sigma\/#breadcrumb","itemListElement":[{"@type":"ListItem","position":1,"name":"Home","item":"https:\/\/lindy.com\/es\/"},{"@type":"ListItem","position":2,"name":"CASE STUDY SIGMA"}]},{"@type":"WebSite","@id":"https:\/\/lindy.com\/es\/#website","url":"https:\/\/lindy.com\/es\/","name":"Lindy - Spanish","description":"Connection Perfection","potentialAction":[{"@type":"SearchAction","target":{"@type":"EntryPoint","urlTemplate":"https:\/\/lindy.com\/es\/?s={search_term_string}"},"query-input":{"@type":"PropertyValueSpecification","valueRequired":true,"valueName":"search_term_string"}}],"inLanguage":"es"}]}},"_links":{"self":[{"href":"https:\/\/lindy.com\/es\/wp-json\/wp\/v2\/pages\/9716","targetHints":{"allow":["GET"]}}],"collection":[{"href":"https:\/\/lindy.com\/es\/wp-json\/wp\/v2\/pages"}],"about":[{"href":"https:\/\/lindy.com\/es\/wp-json\/wp\/v2\/types\/page"}],"author":[{"embeddable":true,"href":"https:\/\/lindy.com\/es\/wp-json\/wp\/v2\/users\/28"}],"replies":[{"embeddable":true,"href":"https:\/\/lindy.com\/es\/wp-json\/wp\/v2\/comments?post=9716"}],"version-history":[{"count":6,"href":"https:\/\/lindy.com\/es\/wp-json\/wp\/v2\/pages\/9716\/revisions"}],"predecessor-version":[{"id":9740,"href":"https:\/\/lindy.com\/es\/wp-json\/wp\/v2\/pages\/9716\/revisions\/9740"}],"wp:attachment":[{"href":"https:\/\/lindy.com\/es\/wp-json\/wp\/v2\/media?parent=9716"}],"curies":[{"name":"wp","href":"https:\/\/api.w.org\/{rel}","templated":true}]}}