{"id":1179,"date":"2021-07-02T15:17:21","date_gmt":"2021-07-02T15:17:21","guid":{"rendered":"https:\/\/lindy.com\/fr\/?page_id=1179"},"modified":"2025-05-21T12:35:55","modified_gmt":"2025-05-21T12:35:55","slug":"demande-de-quotation-pour-fabrication-speciale","status":"publish","type":"page","link":"https:\/\/lindy.com\/fr\/demande-de-quotation-pour-fabrication-speciale\/","title":{"rendered":"Demande de cotation pour fabrication sp\u00e9ciale"},"content":{"rendered":"\n<p class=\"has-black-color has-white-background-color has-text-color has-background\">Si nous ne l&rsquo;avons pas en stock, nous pouvons probablement le fabriquer pour vous ! <br>Notre service de fabrication sp\u00e9ciale est \u00e0 votre disposition pour cr\u00e9er des c\u00e2bles, des adaptateurs et d&rsquo;autres produits de connectique sur mesure. Veuillez remplir le formulaire ci-dessous en d\u00e9taillant vos besoins et nous vous contacterons.<\/p>\n","protected":false},"excerpt":{"rendered":"<p>Si nous ne l&rsquo;avons pas en stock, nous pouvons probablement le fabriquer pour vous ! Notre service de fabrication sp\u00e9ciale est \u00e0 votre disposition pour cr\u00e9er des c\u00e2bles, des adaptateurs et d&rsquo;autres produits de connectique sur mesure. Veuillez remplir le formulaire ci-dessous en d\u00e9taillant vos besoins et nous vous contacterons.<\/p>\n","protected":false},"author":10,"featured_media":5408,"parent":0,"menu_order":0,"comment_status":"closed","ping_status":"closed","template":"","meta":{"_acf_changed":false,"footnotes":""},"class_list":["post-1179","page","type-page","status-publish","has-post-thumbnail","hentry"],"acf":[],"yoast_head":"<!-- This site is optimized with the Yoast SEO plugin v26.6 - https:\/\/yoast.com\/wordpress\/plugins\/seo\/ -->\n<title>Demande de cotation pour fabrication sp\u00e9ciale - Lindy - French<\/title>\n<meta name=\"robots\" content=\"index, follow, max-snippet:-1, max-image-preview:large, max-video-preview:-1\" \/>\n<link rel=\"canonical\" href=\"https:\/\/lindy.com\/fr\/demande-de-quotation-pour-fabrication-speciale\/\" \/>\n<meta property=\"og:locale\" content=\"fr_FR\" \/>\n<meta property=\"og:type\" content=\"article\" \/>\n<meta property=\"og:title\" content=\"Demande de cotation pour fabrication sp\u00e9ciale - Lindy - French\" \/>\n<meta property=\"og:description\" content=\"Si nous ne l&rsquo;avons pas en stock, nous pouvons probablement le fabriquer pour vous ! Notre service de fabrication sp\u00e9ciale est \u00e0 votre disposition pour cr\u00e9er des c\u00e2bles, des adaptateurs et d&rsquo;autres produits de connectique sur mesure. Veuillez remplir le formulaire ci-dessous en d\u00e9taillant vos besoins et nous vous contacterons.\" \/>\n<meta property=\"og:url\" content=\"https:\/\/lindy.com\/fr\/demande-de-quotation-pour-fabrication-speciale\/\" \/>\n<meta property=\"og:site_name\" content=\"Lindy - French\" \/>\n<meta property=\"article:modified_time\" content=\"2025-05-21T12:35:55+00:00\" \/>\n<meta property=\"og:image\" content=\"https:\/\/lindy.com\/fr\/wp-content\/uploads\/sites\/4\/2025\/05\/Sonderanfertigung-header.jpg\" \/>\n\t<meta property=\"og:image:width\" content=\"1920\" \/>\n\t<meta property=\"og:image:height\" content=\"1080\" \/>\n\t<meta property=\"og:image:type\" content=\"image\/jpeg\" \/>\n<meta name=\"twitter:card\" content=\"summary_large_image\" \/>\n<meta name=\"twitter:label1\" content=\"Dur\u00e9e de lecture estim\u00e9e\" \/>\n\t<meta name=\"twitter:data1\" content=\"1 minute\" \/>\n<script type=\"application\/ld+json\" class=\"yoast-schema-graph\">{\"@context\":\"https:\/\/schema.org\",\"@graph\":[{\"@type\":\"WebPage\",\"@id\":\"https:\/\/lindy.com\/fr\/demande-de-quotation-pour-fabrication-speciale\/\",\"url\":\"https:\/\/lindy.com\/fr\/demande-de-quotation-pour-fabrication-speciale\/\",\"name\":\"Demande de cotation pour fabrication sp\u00e9ciale - Lindy - French\",\"isPartOf\":{\"@id\":\"https:\/\/lindy.com\/fr\/#website\"},\"primaryImageOfPage\":{\"@id\":\"https:\/\/lindy.com\/fr\/demande-de-quotation-pour-fabrication-speciale\/#primaryimage\"},\"image\":{\"@id\":\"https:\/\/lindy.com\/fr\/demande-de-quotation-pour-fabrication-speciale\/#primaryimage\"},\"thumbnailUrl\":\"https:\/\/lindy.com\/fr\/wp-content\/uploads\/sites\/4\/2025\/05\/Sonderanfertigung-header.jpg\",\"datePublished\":\"2021-07-02T15:17:21+00:00\",\"dateModified\":\"2025-05-21T12:35:55+00:00\",\"breadcrumb\":{\"@id\":\"https:\/\/lindy.com\/fr\/demande-de-quotation-pour-fabrication-speciale\/#breadcrumb\"},\"inLanguage\":\"fr-FR\",\"potentialAction\":[{\"@type\":\"ReadAction\",\"target\":[\"https:\/\/lindy.com\/fr\/demande-de-quotation-pour-fabrication-speciale\/\"]}]},{\"@type\":\"ImageObject\",\"inLanguage\":\"fr-FR\",\"@id\":\"https:\/\/lindy.com\/fr\/demande-de-quotation-pour-fabrication-speciale\/#primaryimage\",\"url\":\"https:\/\/lindy.com\/fr\/wp-content\/uploads\/sites\/4\/2025\/05\/Sonderanfertigung-header.jpg\",\"contentUrl\":\"https:\/\/lindy.com\/fr\/wp-content\/uploads\/sites\/4\/2025\/05\/Sonderanfertigung-header.jpg\",\"width\":1920,\"height\":1080},{\"@type\":\"BreadcrumbList\",\"@id\":\"https:\/\/lindy.com\/fr\/demande-de-quotation-pour-fabrication-speciale\/#breadcrumb\",\"itemListElement\":[{\"@type\":\"ListItem\",\"position\":1,\"name\":\"Home\",\"item\":\"https:\/\/lindy.com\/fr\/\"},{\"@type\":\"ListItem\",\"position\":2,\"name\":\"Demande de cotation pour fabrication sp\u00e9ciale\"}]},{\"@type\":\"WebSite\",\"@id\":\"https:\/\/lindy.com\/fr\/#website\",\"url\":\"https:\/\/lindy.com\/fr\/\",\"name\":\"Lindy - French\",\"description\":\"Connection Perfection\",\"potentialAction\":[{\"@type\":\"SearchAction\",\"target\":{\"@type\":\"EntryPoint\",\"urlTemplate\":\"https:\/\/lindy.com\/fr\/?s={search_term_string}\"},\"query-input\":{\"@type\":\"PropertyValueSpecification\",\"valueRequired\":true,\"valueName\":\"search_term_string\"}}],\"inLanguage\":\"fr-FR\"}]}<\/script>\n<!-- \/ Yoast SEO plugin. -->","yoast_head_json":{"title":"Demande de cotation pour fabrication sp\u00e9ciale - Lindy - French","robots":{"index":"index","follow":"follow","max-snippet":"max-snippet:-1","max-image-preview":"max-image-preview:large","max-video-preview":"max-video-preview:-1"},"canonical":"https:\/\/lindy.com\/fr\/demande-de-quotation-pour-fabrication-speciale\/","og_locale":"fr_FR","og_type":"article","og_title":"Demande de cotation pour fabrication sp\u00e9ciale - Lindy - French","og_description":"Si nous ne l&rsquo;avons pas en stock, nous pouvons probablement le fabriquer pour vous ! Notre service de fabrication sp\u00e9ciale est \u00e0 votre disposition pour cr\u00e9er des c\u00e2bles, des adaptateurs et d&rsquo;autres produits de connectique sur mesure. Veuillez remplir le formulaire ci-dessous en d\u00e9taillant vos besoins et nous vous contacterons.","og_url":"https:\/\/lindy.com\/fr\/demande-de-quotation-pour-fabrication-speciale\/","og_site_name":"Lindy - French","article_modified_time":"2025-05-21T12:35:55+00:00","og_image":[{"width":1920,"height":1080,"url":"https:\/\/lindy.com\/fr\/wp-content\/uploads\/sites\/4\/2025\/05\/Sonderanfertigung-header.jpg","type":"image\/jpeg"}],"twitter_card":"summary_large_image","twitter_misc":{"Dur\u00e9e de lecture estim\u00e9e":"1 minute"},"schema":{"@context":"https:\/\/schema.org","@graph":[{"@type":"WebPage","@id":"https:\/\/lindy.com\/fr\/demande-de-quotation-pour-fabrication-speciale\/","url":"https:\/\/lindy.com\/fr\/demande-de-quotation-pour-fabrication-speciale\/","name":"Demande de cotation pour fabrication sp\u00e9ciale - Lindy - French","isPartOf":{"@id":"https:\/\/lindy.com\/fr\/#website"},"primaryImageOfPage":{"@id":"https:\/\/lindy.com\/fr\/demande-de-quotation-pour-fabrication-speciale\/#primaryimage"},"image":{"@id":"https:\/\/lindy.com\/fr\/demande-de-quotation-pour-fabrication-speciale\/#primaryimage"},"thumbnailUrl":"https:\/\/lindy.com\/fr\/wp-content\/uploads\/sites\/4\/2025\/05\/Sonderanfertigung-header.jpg","datePublished":"2021-07-02T15:17:21+00:00","dateModified":"2025-05-21T12:35:55+00:00","breadcrumb":{"@id":"https:\/\/lindy.com\/fr\/demande-de-quotation-pour-fabrication-speciale\/#breadcrumb"},"inLanguage":"fr-FR","potentialAction":[{"@type":"ReadAction","target":["https:\/\/lindy.com\/fr\/demande-de-quotation-pour-fabrication-speciale\/"]}]},{"@type":"ImageObject","inLanguage":"fr-FR","@id":"https:\/\/lindy.com\/fr\/demande-de-quotation-pour-fabrication-speciale\/#primaryimage","url":"https:\/\/lindy.com\/fr\/wp-content\/uploads\/sites\/4\/2025\/05\/Sonderanfertigung-header.jpg","contentUrl":"https:\/\/lindy.com\/fr\/wp-content\/uploads\/sites\/4\/2025\/05\/Sonderanfertigung-header.jpg","width":1920,"height":1080},{"@type":"BreadcrumbList","@id":"https:\/\/lindy.com\/fr\/demande-de-quotation-pour-fabrication-speciale\/#breadcrumb","itemListElement":[{"@type":"ListItem","position":1,"name":"Home","item":"https:\/\/lindy.com\/fr\/"},{"@type":"ListItem","position":2,"name":"Demande de cotation pour fabrication sp\u00e9ciale"}]},{"@type":"WebSite","@id":"https:\/\/lindy.com\/fr\/#website","url":"https:\/\/lindy.com\/fr\/","name":"Lindy - French","description":"Connection Perfection","potentialAction":[{"@type":"SearchAction","target":{"@type":"EntryPoint","urlTemplate":"https:\/\/lindy.com\/fr\/?s={search_term_string}"},"query-input":{"@type":"PropertyValueSpecification","valueRequired":true,"valueName":"search_term_string"}}],"inLanguage":"fr-FR"}]}},"_links":{"self":[{"href":"https:\/\/lindy.com\/fr\/wp-json\/wp\/v2\/pages\/1179","targetHints":{"allow":["GET"]}}],"collection":[{"href":"https:\/\/lindy.com\/fr\/wp-json\/wp\/v2\/pages"}],"about":[{"href":"https:\/\/lindy.com\/fr\/wp-json\/wp\/v2\/types\/page"}],"author":[{"embeddable":true,"href":"https:\/\/lindy.com\/fr\/wp-json\/wp\/v2\/users\/10"}],"replies":[{"embeddable":true,"href":"https:\/\/lindy.com\/fr\/wp-json\/wp\/v2\/comments?post=1179"}],"version-history":[{"count":1,"href":"https:\/\/lindy.com\/fr\/wp-json\/wp\/v2\/pages\/1179\/revisions"}],"predecessor-version":[{"id":5411,"href":"https:\/\/lindy.com\/fr\/wp-json\/wp\/v2\/pages\/1179\/revisions\/5411"}],"wp:featuredmedia":[{"embeddable":true,"href":"https:\/\/lindy.com\/fr\/wp-json\/wp\/v2\/media\/5408"}],"wp:attachment":[{"href":"https:\/\/lindy.com\/fr\/wp-json\/wp\/v2\/media?parent=1179"}],"curies":[{"name":"wp","href":"https:\/\/api.w.org\/{rel}","templated":true}]}}