{"id":1249,"date":"2021-12-07T08:27:20","date_gmt":"2021-12-07T08:27:20","guid":{"rendered":"https:\/\/lindy.com\/fr\/?page_id=1249"},"modified":"2025-07-03T07:21:48","modified_gmt":"2025-07-03T07:21:48","slug":"ise-2022-nouveau","status":"publish","type":"page","link":"https:\/\/lindy.com\/fr\/ise-2022-nouveau\/","title":{"rendered":"ISE 2022 Nouveau"},"content":{"rendered":"\n<section class=\"wp-block-lindy-image-text-module section section--full-width-image full-width-image--with-text theme--dark section--animation-none align--center  font--size-small\" style=\"background-image:url(https:\/\/lindy.com\/fr\/wp-content\/uploads\/sites\/4\/2022\/01\/Final-header-New-Products-with-text.jpg)\"><img decoding=\"async\" class=\"full-width-image__image\" src=\"https:\/\/lindy.com\/fr\/wp-content\/uploads\/sites\/4\/2022\/01\/Final-header-New-Products-with-text.jpg\"\/><div class=\"contained\"><div class=\"full-width-image__content\"><h2 class=\"section__subheading section__subheading__title\"><br\/><\/h2><p class=\"section__paragraph\"><br\/><br\/><br\/><br\/><br\/><br\/><br\/><br\/><br\/><br\/><br\/><br\/><br\/><br\/>Chez Lindy, nous proposons des solutions\u00a0novatrices\u00a0aux d\u00e9fis pos\u00e9s par les technologies\u00a0digitales\u00a0qui fa\u00e7onnent notre vie quotidienne. Nos produits offrent une solution polyvalente et performante pour transmettre des signaux sur des distances toujours plus grandes en utilisant les derni\u00e8res technologies.\u00a0<br\/><br\/><\/p><\/div><\/div><\/section>\n\n\n\n<section class=\"wp-block-lindy-image-text-module section section--full-width-image full-width-image--with-text theme--dark section--animation-none align--left  font--size-medium width--half\" style=\"background-image:url(https:\/\/lindy.com\/en\/wp-content\/uploads\/sites\/2\/2021\/12\/Sharing-final-HW.jpg)\"><img decoding=\"async\" class=\"full-width-image__image\" src=\"https:\/\/lindy.com\/en\/wp-content\/uploads\/sites\/2\/2021\/12\/Sharing-final-HW.jpg\"\/><div class=\"contained\"><div class=\"full-width-image__content\"><\/div><\/div><\/section>\n\n\n\n<section class=\"wp-block-lindy-image-text-module section section--full-width-image full-width-image--with-text theme--light section--animation-up align--left  font--size-medium width--half\" style=\"background-image:url()\"><img decoding=\"async\" class=\"full-width-image__image\" src=\"\"\/><div class=\"contained\"><div class=\"full-width-image__content\"><h2 class=\"section__heading\"><span>Sharing<\/span><\/h2><h2 class=\"section__subheading section__subheading__title\"><br\/><\/h2><p class=\"section__paragraph\">Lindy\u00a0est satisfait d\u2019affirmer\u00a0sa ma\u00eetrise de la transition des technologies d\u2019anciennes g\u00e9n\u00e9ration vers les nouvelles,\u00a0le passage de l\u2019analogique au num\u00e9rique est familier pour nous.\u00a0Nous\u00a0appr\u00e9hendons\u00a0les signaux VGA, HDMI\u00ae et DisplayPort\u2122\u00a0de la m\u00eame mani\u00e8re, pour une connexion sans faille.\u00a0<\/p><a href=\"https:\/\/lindy.com\/fr\/ise-2022-partager\/\" class=\"button button--dark\" target=\"_blank\" rel=\"noopener noreferrer\">EN SAVOIR PLUS<\/a><\/div><\/div><\/section>\n\n\n\n<section class=\"wp-block-lindy-image-text-module section section--full-width-image full-width-image--with-text theme--light section--animation-up align--left  font--size-medium width--half\" style=\"background-image:url()\"><img decoding=\"async\" class=\"full-width-image__image\" src=\"\"\/><div class=\"contained\"><div class=\"full-width-image__content\"><h2 class=\"section__heading\"><span>Extending<\/span><\/h2><h2 class=\"section__subheading section__subheading__title\"><br\/><\/h2><p class=\"section__paragraph\">Si vous avez besoin de solutions sophistiqu\u00e9es pour\u00a0vous connecter sur\u00a0de plus grandes distances, la technologie Lindy est la m\u00e9thode de transmission id\u00e9ale et \u00e9prouv\u00e9e. Nous utilisons nos extendeurs et nos c\u00e2bles HDMI\u00a0actifs\u00a0pour r\u00e9aliser des connexions virtuellement illimit\u00e9es.\u00a0<\/p><a href=\"https:\/\/lindy.com\/fr\/ise-2022-transmettre\/\" class=\"button button--dark\" target=\"_blank\" rel=\"noopener noreferrer\">EN SAVOIR PLUS<\/a><\/div><\/div><\/section>\n\n\n\n<section class=\"wp-block-lindy-image-text-module section section--full-width-image full-width-image--with-text theme--dark section--animation-none align--left  font--size-medium width--half\" style=\"background-image:url(https:\/\/lindy.com\/en\/wp-content\/uploads\/sites\/2\/2021\/12\/Extending-final-HW.jpg)\"><img decoding=\"async\" class=\"full-width-image__image\" src=\"https:\/\/lindy.com\/en\/wp-content\/uploads\/sites\/2\/2021\/12\/Extending-final-HW.jpg\"\/><div class=\"contained\"><div class=\"full-width-image__content\"><\/div><\/div><\/section>\n\n\n\n<section class=\"wp-block-lindy-image-text-module section section--full-width-image full-width-image--with-text theme--dark section--animation-none align--left  font--size-medium width--half\" style=\"background-image:url(https:\/\/lindy.com\/en\/wp-content\/uploads\/sites\/2\/2021\/12\/Converting-final-HW-1.jpg)\"><img decoding=\"async\" class=\"full-width-image__image\" src=\"https:\/\/lindy.com\/en\/wp-content\/uploads\/sites\/2\/2021\/12\/Converting-final-HW-1.jpg\"\/><div class=\"contained\"><div class=\"full-width-image__content\"><\/div><\/div><\/section>\n\n\n\n<section class=\"wp-block-lindy-image-text-module section section--full-width-image full-width-image--with-text theme--light section--animation-up align--left  font--size-medium width--half\" style=\"background-image:url()\"><img decoding=\"async\" class=\"full-width-image__image\" src=\"\"\/><div class=\"contained\"><div class=\"full-width-image__content\"><h2 class=\"section__heading\"><span><strong>Converting<\/strong><\/span><\/h2><h2 class=\"section__subheading section__subheading__title\"><br\/><\/h2><p class=\"section__paragraph\">La\u00a0diversification\u00a0des interfaces demande\u00a0de convertir les signaux de mani\u00e8re fiable. Notre large choix de convertisseurs et d&rsquo;adaptateurs offre les solutions parfaites pour\u00a0solutionner tous vos besoins, pour\u00a0connecter\u00a0vos\u00a0appareils<br\/>modernes ou plus anciens.\u00a0<\/p><a href=\"https:\/\/lindy.com\/fr\/ise-2022-convertir\/\" class=\"button button--dark\" target=\"_blank\" rel=\"noopener noreferrer\">EN SAVOIR PLUS<\/a><\/div><\/div><\/section>\n\n\n\n<section class=\"wp-block-lindy-image-text-module section section--full-width-image full-width-image--with-text theme--light section--animation-none align--left  font--size-medium width--half\" style=\"background-image:url()\"><img decoding=\"async\" class=\"full-width-image__image\" src=\"\"\/><div class=\"contained\"><div class=\"full-width-image__content\"><h2 class=\"section__heading\"><span>Connecting<\/span><\/h2><p class=\"section__paragraph\"><br\/>Que ce soit pour l&rsquo;HDMI\u00ae, le DisplayPort\u2122, l&rsquo;USB, l&rsquo;Ethernet ou l&rsquo;alimentation, les c\u00e2bles et adaptateurs Lindy sont con\u00e7us et fabriqu\u00e9s pour offrir des performances et une fiabilit\u00e9 optimale. Le concept Cable Line de Lindy permet aux clients de s\u00e9lectionner de fa\u00e7on simple le c\u00e2ble ou adaptateur ad\u00e9quat pour toute application en fonction de la performance, du design et du prix, afin de connecter un large \u00e9ventail d&rsquo;appareils et d&rsquo;interfaces.<\/p><a href=\"https:\/\/lindy.com\/fr\/ise-2022-connecting\/\" class=\"button button--dark\" target=\"_self\" rel=\"noopener noreferrer\">En savoir plus<\/a><\/div><\/div><\/section>\n\n\n\n<section class=\"wp-block-lindy-full-width-image section section--full-width-image full-width-image theme--dark align--left font--size-medium width--half\" style=\"background-image:url(https:\/\/lindy.com\/fr\/wp-content\/uploads\/sites\/4\/2022\/05\/Connecting-HW.jpg)\"><img decoding=\"async\" class=\"full-width-image__image\" src=\"https:\/\/lindy.com\/fr\/wp-content\/uploads\/sites\/4\/2022\/05\/Connecting-HW.jpg\"\/><div class=\"contained\"><div class=\"full-width-image__content\"><\/div><\/div><\/section>\n\n\n\n<p><\/p>\n","protected":false},"excerpt":{"rendered":"","protected":false},"author":22,"featured_media":0,"parent":0,"menu_order":0,"comment_status":"closed","ping_status":"closed","template":"page-templates\/template-landing.php","meta":{"_acf_changed":false,"footnotes":""},"class_list":["post-1249","page","type-page","status-publish","hentry"],"acf":[],"yoast_head":"<!-- This site is optimized with the Yoast SEO plugin v26.6 - https:\/\/yoast.com\/wordpress\/plugins\/seo\/ -->\n<title>ISE 2022 Nouveau - Lindy - French<\/title>\n<meta name=\"robots\" content=\"index, follow, max-snippet:-1, max-image-preview:large, max-video-preview:-1\" \/>\n<link rel=\"canonical\" href=\"https:\/\/lindy.com\/fr\/ise-2022-nouveau\/\" \/>\n<meta property=\"og:locale\" content=\"fr_FR\" \/>\n<meta property=\"og:type\" content=\"article\" \/>\n<meta property=\"og:title\" content=\"ISE 2022 Nouveau - Lindy - French\" \/>\n<meta property=\"og:url\" content=\"https:\/\/lindy.com\/fr\/ise-2022-nouveau\/\" \/>\n<meta property=\"og:site_name\" content=\"Lindy - French\" \/>\n<meta property=\"article:modified_time\" content=\"2025-07-03T07:21:48+00:00\" \/>\n<meta property=\"og:image\" content=\"https:\/\/lindy.com\/fr\/wp-content\/uploads\/sites\/4\/2022\/01\/Final-header-New-Products-with-text.jpg\" \/>\n<meta name=\"twitter:card\" content=\"summary_large_image\" \/>\n<meta name=\"twitter:label1\" content=\"Dur\u00e9e de lecture estim\u00e9e\" \/>\n\t<meta name=\"twitter:data1\" content=\"4 minutes\" \/>\n<script type=\"application\/ld+json\" class=\"yoast-schema-graph\">{\"@context\":\"https:\/\/schema.org\",\"@graph\":[{\"@type\":\"WebPage\",\"@id\":\"https:\/\/lindy.com\/fr\/ise-2022-nouveau\/\",\"url\":\"https:\/\/lindy.com\/fr\/ise-2022-nouveau\/\",\"name\":\"ISE 2022 Nouveau - Lindy - French\",\"isPartOf\":{\"@id\":\"https:\/\/lindy.com\/fr\/#website\"},\"primaryImageOfPage\":{\"@id\":\"https:\/\/lindy.com\/fr\/ise-2022-nouveau\/#primaryimage\"},\"image\":{\"@id\":\"https:\/\/lindy.com\/fr\/ise-2022-nouveau\/#primaryimage\"},\"thumbnailUrl\":\"https:\/\/lindy.com\/fr\/wp-content\/uploads\/sites\/4\/2022\/01\/Final-header-New-Products-with-text.jpg\",\"datePublished\":\"2021-12-07T08:27:20+00:00\",\"dateModified\":\"2025-07-03T07:21:48+00:00\",\"breadcrumb\":{\"@id\":\"https:\/\/lindy.com\/fr\/ise-2022-nouveau\/#breadcrumb\"},\"inLanguage\":\"fr-FR\",\"potentialAction\":[{\"@type\":\"ReadAction\",\"target\":[\"https:\/\/lindy.com\/fr\/ise-2022-nouveau\/\"]}]},{\"@type\":\"ImageObject\",\"inLanguage\":\"fr-FR\",\"@id\":\"https:\/\/lindy.com\/fr\/ise-2022-nouveau\/#primaryimage\",\"url\":\"https:\/\/lindy.com\/fr\/wp-content\/uploads\/sites\/4\/2022\/01\/Final-header-New-Products-with-text.jpg\",\"contentUrl\":\"https:\/\/lindy.com\/fr\/wp-content\/uploads\/sites\/4\/2022\/01\/Final-header-New-Products-with-text.jpg\",\"width\":1920,\"height\":1080},{\"@type\":\"BreadcrumbList\",\"@id\":\"https:\/\/lindy.com\/fr\/ise-2022-nouveau\/#breadcrumb\",\"itemListElement\":[{\"@type\":\"ListItem\",\"position\":1,\"name\":\"Home\",\"item\":\"https:\/\/lindy.com\/fr\/\"},{\"@type\":\"ListItem\",\"position\":2,\"name\":\"ISE 2022 Nouveau\"}]},{\"@type\":\"WebSite\",\"@id\":\"https:\/\/lindy.com\/fr\/#website\",\"url\":\"https:\/\/lindy.com\/fr\/\",\"name\":\"Lindy - French\",\"description\":\"Connection Perfection\",\"potentialAction\":[{\"@type\":\"SearchAction\",\"target\":{\"@type\":\"EntryPoint\",\"urlTemplate\":\"https:\/\/lindy.com\/fr\/?s={search_term_string}\"},\"query-input\":{\"@type\":\"PropertyValueSpecification\",\"valueRequired\":true,\"valueName\":\"search_term_string\"}}],\"inLanguage\":\"fr-FR\"}]}<\/script>\n<!-- \/ Yoast SEO plugin. -->","yoast_head_json":{"title":"ISE 2022 Nouveau - Lindy - French","robots":{"index":"index","follow":"follow","max-snippet":"max-snippet:-1","max-image-preview":"max-image-preview:large","max-video-preview":"max-video-preview:-1"},"canonical":"https:\/\/lindy.com\/fr\/ise-2022-nouveau\/","og_locale":"fr_FR","og_type":"article","og_title":"ISE 2022 Nouveau - Lindy - French","og_url":"https:\/\/lindy.com\/fr\/ise-2022-nouveau\/","og_site_name":"Lindy - French","article_modified_time":"2025-07-03T07:21:48+00:00","og_image":[{"url":"https:\/\/lindy.com\/fr\/wp-content\/uploads\/sites\/4\/2022\/01\/Final-header-New-Products-with-text.jpg","type":"","width":"","height":""}],"twitter_card":"summary_large_image","twitter_misc":{"Dur\u00e9e de lecture estim\u00e9e":"4 minutes"},"schema":{"@context":"https:\/\/schema.org","@graph":[{"@type":"WebPage","@id":"https:\/\/lindy.com\/fr\/ise-2022-nouveau\/","url":"https:\/\/lindy.com\/fr\/ise-2022-nouveau\/","name":"ISE 2022 Nouveau - Lindy - French","isPartOf":{"@id":"https:\/\/lindy.com\/fr\/#website"},"primaryImageOfPage":{"@id":"https:\/\/lindy.com\/fr\/ise-2022-nouveau\/#primaryimage"},"image":{"@id":"https:\/\/lindy.com\/fr\/ise-2022-nouveau\/#primaryimage"},"thumbnailUrl":"https:\/\/lindy.com\/fr\/wp-content\/uploads\/sites\/4\/2022\/01\/Final-header-New-Products-with-text.jpg","datePublished":"2021-12-07T08:27:20+00:00","dateModified":"2025-07-03T07:21:48+00:00","breadcrumb":{"@id":"https:\/\/lindy.com\/fr\/ise-2022-nouveau\/#breadcrumb"},"inLanguage":"fr-FR","potentialAction":[{"@type":"ReadAction","target":["https:\/\/lindy.com\/fr\/ise-2022-nouveau\/"]}]},{"@type":"ImageObject","inLanguage":"fr-FR","@id":"https:\/\/lindy.com\/fr\/ise-2022-nouveau\/#primaryimage","url":"https:\/\/lindy.com\/fr\/wp-content\/uploads\/sites\/4\/2022\/01\/Final-header-New-Products-with-text.jpg","contentUrl":"https:\/\/lindy.com\/fr\/wp-content\/uploads\/sites\/4\/2022\/01\/Final-header-New-Products-with-text.jpg","width":1920,"height":1080},{"@type":"BreadcrumbList","@id":"https:\/\/lindy.com\/fr\/ise-2022-nouveau\/#breadcrumb","itemListElement":[{"@type":"ListItem","position":1,"name":"Home","item":"https:\/\/lindy.com\/fr\/"},{"@type":"ListItem","position":2,"name":"ISE 2022 Nouveau"}]},{"@type":"WebSite","@id":"https:\/\/lindy.com\/fr\/#website","url":"https:\/\/lindy.com\/fr\/","name":"Lindy - French","description":"Connection Perfection","potentialAction":[{"@type":"SearchAction","target":{"@type":"EntryPoint","urlTemplate":"https:\/\/lindy.com\/fr\/?s={search_term_string}"},"query-input":{"@type":"PropertyValueSpecification","valueRequired":true,"valueName":"search_term_string"}}],"inLanguage":"fr-FR"}]}},"_links":{"self":[{"href":"https:\/\/lindy.com\/fr\/wp-json\/wp\/v2\/pages\/1249","targetHints":{"allow":["GET"]}}],"collection":[{"href":"https:\/\/lindy.com\/fr\/wp-json\/wp\/v2\/pages"}],"about":[{"href":"https:\/\/lindy.com\/fr\/wp-json\/wp\/v2\/types\/page"}],"author":[{"embeddable":true,"href":"https:\/\/lindy.com\/fr\/wp-json\/wp\/v2\/users\/22"}],"replies":[{"embeddable":true,"href":"https:\/\/lindy.com\/fr\/wp-json\/wp\/v2\/comments?post=1249"}],"version-history":[{"count":2,"href":"https:\/\/lindy.com\/fr\/wp-json\/wp\/v2\/pages\/1249\/revisions"}],"predecessor-version":[{"id":5860,"href":"https:\/\/lindy.com\/fr\/wp-json\/wp\/v2\/pages\/1249\/revisions\/5860"}],"wp:attachment":[{"href":"https:\/\/lindy.com\/fr\/wp-json\/wp\/v2\/media?parent=1249"}],"curies":[{"name":"wp","href":"https:\/\/api.w.org\/{rel}","templated":true}]}}