{"id":1257,"date":"2021-12-15T10:08:32","date_gmt":"2021-12-15T10:08:32","guid":{"rendered":"https:\/\/lindy.com\/fr\/?page_id=1257"},"modified":"2025-07-03T07:21:31","modified_gmt":"2025-07-03T07:21:31","slug":"ise-2022-partager","status":"publish","type":"page","link":"https:\/\/lindy.com\/fr\/ise-2022-partager\/","title":{"rendered":"ISE 2022 PARTAGER\u00a0"},"content":{"rendered":"\n<section class=\"wp-block-lindy-full-width-image section section--full-width-image full-width-image theme--dark align--left font--size-medium\" style=\"background-image:url(https:\/\/lindy.com\/fr\/wp-content\/uploads\/sites\/4\/2022\/05\/Sharing.jpg)\"><img decoding=\"async\" class=\"full-width-image__image\" src=\"https:\/\/lindy.com\/fr\/wp-content\/uploads\/sites\/4\/2022\/05\/Sharing.jpg\"\/><div class=\"contained\"><div class=\"full-width-image__content\"><\/div><\/div><\/section>\n\n\n\n<section class=\"wp-block-lindy-image-text-module section section--full-width-image full-width-image--with-text theme--dark section--animation-none align--left  font--size-medium width--half\" style=\"background-image:url(https:\/\/lindy.com\/en\/wp-content\/uploads\/sites\/2\/2021\/12\/43278_black-1.jpg)\"><img decoding=\"async\" class=\"full-width-image__image\" src=\"https:\/\/lindy.com\/en\/wp-content\/uploads\/sites\/2\/2021\/12\/43278_black-1.jpg\"\/><div class=\"contained\"><div class=\"full-width-image__content\"><\/div><\/div><\/section>\n\n\n\n<section class=\"wp-block-lindy-image-text-module section section--full-width-image full-width-image--with-text theme--dark section--animation-none align--left  font--size-medium width--half\" style=\"background-image:url()\"><img decoding=\"async\" class=\"full-width-image__image\" src=\"\"\/><div class=\"contained\"><div class=\"full-width-image__content\"><h2 class=\"section__heading\"><span>Mini Dock <br\/>USB 3.1 Type C<\/span><\/h2><h2 class=\"section__subheading section__subheading__title\">No. 43278<br\/><br\/><\/h2><p class=\"section__paragraph\">\u2022 Ajoute 3 ports USB 3.1 Gen 1 \/ USB 3.0 Type A, un port HDMI\u00ae et VGA ainsi qu&rsquo;un port Gigabit Ethernet \u00e0 un ordinateur portable<br\/>\u2022 Prise en charge 4K UHD 3840&#215;2160@30Hz pour les \u00e9crans HDMI\u00ae et Full HD 1920&#215;1080@60Hz pour les \u00e9crans VGA<br\/>\u2022 Fonctionnalit\u00e9s DisplayPort\u2122 Alternate Mode<br\/><br\/><a href=\"https:\/\/lindy.com\/fr\/wp-content\/uploads\/sites\/4\/2022\/05\/43278_PRODUCT_FLYER_FR.pdf\" target=\"_blank\" rel=\"noreferrer noopener\">T\u00e9l\u00e9charger Flyer produit<\/a><br\/><a href=\"https:\/\/lindy.com\/fr\/wp-content\/uploads\/sites\/4\/2022\/05\/43278_TDS_FR.pdf\" target=\"_blank\" rel=\"noreferrer noopener\">T\u00e9l\u00e9charger la fiche technique<\/a><\/p><a href=\"https:\/\/www.lindy.fr\/Mini-Dock-USB-3-1-Type-C-HDMI-VGA-PD-3-0-100W-USB-3-1-Gigabit-SD-Micro-SD-Audio.htm?websale8=ld0101.ld031103&amp;pi=43278&amp;ci=2015\" class=\"button button--white-transparent\" target=\"_self\" rel=\"noopener noreferrer\">VOIR LE PRODUIT\n\n<\/a><\/div><\/div><\/section>\n\n\n\n<section class=\"wp-block-lindy-image-text-module section section--full-width-image full-width-image--with-text theme--light section--animation-none align--left  font--size-medium width--half\" style=\"background-image:url(https:\/\/lindy.com\/en\/wp-content\/uploads\/sites\/2\/2021\/12\/43309.jpg)\"><img decoding=\"async\" class=\"full-width-image__image\" src=\"https:\/\/lindy.com\/en\/wp-content\/uploads\/sites\/2\/2021\/12\/43309.jpg\"\/><div class=\"contained\"><div class=\"full-width-image__content\"><p class=\"section__paragraph\"><br\/><br\/><\/p><\/div><\/div><\/section>\n\n\n\n<section class=\"wp-block-lindy-image-text-module section section--full-width-image full-width-image--with-text theme--light section--animation-none align--left  font--size-medium width--half\" style=\"background-image:url()\"><img decoding=\"async\" class=\"full-width-image__image\" src=\"\"\/><div class=\"contained\"><div class=\"full-width-image__content\"><h2 class=\"section__heading\"><span>Hub USB 3.0, 4 Ports<\/span><\/h2><h2 class=\"section__subheading section__subheading__title\">No. 43309<\/h2><p class=\"section__paragraph\"><br\/>\u2022 Permet de connecter 4 p\u00e9riph\u00e9riques USB 3.0 \u00e0 un seul port<br\/>\u2022 L&rsquo;interrupteur marche\/arr\u00eat sur chaque port permet aux utilisateurs de g\u00e9rer la consommation \u00e9lectrique des appareils connect\u00e9s<br\/>\u2022 Taux de transfert SuperSpeed jusqu&rsquo;\u00e0 5 Gbit\/s, r\u00e9trocompatible USB 2.0 \/ 1.1<br\/><br\/><a href=\"https:\/\/lindy.com\/fr\/wp-content\/uploads\/sites\/4\/2022\/05\/43309_PRODUCT_FLYER_FR.pdf\" target=\"_blank\" rel=\"noreferrer noopener\">T\u00e9l\u00e9charger Flyer produit<\/a><br\/><a href=\"https:\/\/lindy.com\/fr\/wp-content\/uploads\/sites\/4\/2022\/05\/43309_TDS_FR.pdf\" target=\"_blank\" rel=\"noreferrer noopener\">T\u00e9l\u00e9charger la fiche technique<\/a><br\/><\/p><a href=\"https:\/\/www.lindy.fr\/Hub-USB-3-0-4-Ports.htm?websale8=ld0101.ld031103&amp;pi=43309&amp;ci=50\" class=\"button button--dark\" target=\"_self\" rel=\"noopener noreferrer\">VOIR LE PRODUIT\n\n<\/a><\/div><\/div><\/section>\n\n\n\n<section class=\"wp-block-lindy-image-text-module section section--full-width-image full-width-image--with-text theme--dark section--animation-none align--left  font--size-medium width--half\" style=\"background-image:url(https:\/\/lindy.com\/en\/wp-content\/uploads\/sites\/2\/2021\/12\/38235_black-1.jpg)\"><img decoding=\"async\" class=\"full-width-image__image\" src=\"https:\/\/lindy.com\/en\/wp-content\/uploads\/sites\/2\/2021\/12\/38235_black-1.jpg\"\/><div class=\"contained\"><div class=\"full-width-image__content\"><\/div><\/div><\/section>\n\n\n\n<section class=\"wp-block-lindy-image-text-module section section--full-width-image full-width-image--with-text theme--dark section--animation-none align--left  font--size-medium width--half\" style=\"background-image:url()\"><img decoding=\"async\" class=\"full-width-image__image\" src=\"\"\/><div class=\"contained\"><div class=\"full-width-image__content\"><h2 class=\"section__heading\"><span>Splitter HDMI\u00ae 18G, 2 Ports<\/span><\/h2><h2 class=\"section__subheading section__subheading__title\">No. 38235<\/h2><p class=\"section__paragraph\"><br\/>\u2022 Distribue un signal d&rsquo;une source HDMI\u00ae 2.0 sur deux affichages HDMI\u00ae<br\/>\u2022 Prend en charge les r\u00e9solutions jusqu&rsquo;\u00e0 4K@60Hz 4:4:4 et les signaux HDR<br\/>\u2022 Prise en charge HDCP 2.2 pour une meilleure compatibilit\u00e9<br\/><br\/><a href=\"https:\/\/lindy.com\/fr\/wp-content\/uploads\/sites\/4\/2022\/05\/38235_Product_Flyer_FR.pdf\" target=\"_blank\" rel=\"noreferrer noopener\">T\u00e9l\u00e9charger Flyer produit<\/a><br\/><a href=\"https:\/\/lindy.com\/fr\/wp-content\/uploads\/sites\/4\/2022\/05\/38235_TDS_FR.pdf\" target=\"_blank\" rel=\"noreferrer noopener\">T\u00e9l\u00e9charger la fiche technique<\/a><br\/><br\/><\/p><a href=\"https:\/\/www.lindy.fr\/Splitter-HDMI-18G-2-Ports.htm?websale8=ld0101.ld031103&amp;pi=38235&amp;ci=20\" class=\"button button--white-transparent\" target=\"_self\" rel=\"noopener noreferrer\">VOIR LE PRODUIT\n\n<\/a><\/div><\/div><\/section>\n\n\n\n<section class=\"wp-block-lindy-image-text-module section section--full-width-image full-width-image--with-text theme--light section--animation-none align--left  font--size-medium width--half\" style=\"background-image:url(https:\/\/lindy.com\/en\/wp-content\/uploads\/sites\/2\/2021\/12\/38336_3-2.jpg)\"><img decoding=\"async\" class=\"full-width-image__image\" src=\"https:\/\/lindy.com\/en\/wp-content\/uploads\/sites\/2\/2021\/12\/38336_3-2.jpg\"\/><div class=\"contained\"><div class=\"full-width-image__content\"><p class=\"section__paragraph\"><br\/><\/p><\/div><\/div><\/section>\n\n\n\n<section class=\"wp-block-lindy-image-text-module section section--full-width-image full-width-image--with-text theme--light section--animation-none align--left  font--size-medium width--half\" style=\"background-image:url()\"><img decoding=\"async\" class=\"full-width-image__image\" src=\"\"\/><div class=\"contained\"><div class=\"full-width-image__content\"><h2 class=\"section__heading\"><span>Switch Bidirectionnel HDMI\u00ae 18G 2 Ports<\/span><\/h2><h2 class=\"section__subheading section__subheading__title\">No. 38336<\/h2><p class=\"section__paragraph\"><br\/>\u2022 Commute entre deux appareils source sur une sortie ou un appareil source sur deux sorties.<br\/>\u2022 Prend en charge des r\u00e9solutions jusqu&rsquo;\u00e0 4K 3840&#215;2160 @60Hz<br\/>\u2022 Prise en charge de la transmission audio HDMI\u00ae<br\/><br\/><a href=\"https:\/\/lindy.com\/fr\/wp-content\/uploads\/sites\/4\/2022\/05\/38336_Product_Flyer_FR.pdf\" target=\"_blank\" rel=\"noreferrer noopener\">T\u00e9l\u00e9charger Flyer produit<\/a><br\/><a href=\"https:\/\/lindy.com\/fr\/wp-content\/uploads\/sites\/4\/2022\/05\/38336_TDS_ALL_FR.pdf\" target=\"_blank\" rel=\"noreferrer noopener\">T\u00e9l\u00e9charger la fiche technique<\/a><\/p><a href=\"https:\/\/www.lindy.fr\/Switch-Bidirectionnel-HDMI-18G-2-Ports.htm?websale8=ld0101.ld031103&amp;pi=38336&amp;ci=20\" class=\"button button--dark\" target=\"_self\" rel=\"noopener noreferrer\">VOIR LE PRODUIT\n\n<\/a><\/div><\/div><\/section>\n\n\n\n<section class=\"wp-block-lindy-image-text-module section section--full-width-image full-width-image--with-text theme--dark section--animation-none align--left  font--size-medium width--half\" style=\"background-image:url(https:\/\/lindy.com\/en\/wp-content\/uploads\/sites\/2\/2021\/12\/38233_black-1.jpg)\"><img decoding=\"async\" class=\"full-width-image__image\" src=\"https:\/\/lindy.com\/en\/wp-content\/uploads\/sites\/2\/2021\/12\/38233_black-1.jpg\"\/><div class=\"contained\"><div class=\"full-width-image__content\"><\/div><\/div><\/section>\n\n\n\n<section class=\"wp-block-lindy-image-text-module section section--full-width-image full-width-image--with-text theme--dark section--animation-none align--left  font--size-medium width--half\" style=\"background-image:url()\"><img decoding=\"async\" class=\"full-width-image__image\" src=\"\"\/><div class=\"contained\"><div class=\"full-width-image__content\"><h2 class=\"section__heading\"><span>Switch HDMI\u00ae <br\/>5 ports, 18G<\/span><\/h2><h2 class=\"section__subheading section__subheading__title\">No. 38233<\/h2><p class=\"section__paragraph\"><br\/>\u2022 Commute 5 sources HDMI\u00ae vers un \u00e9cran<br\/>\u2022 Prend en charge les r\u00e9solutions 18G jusqu&rsquo;\u00e0 4K@60Hz, avec HDR pris en charge<br\/>\u2022 Contr\u00f4le multiple via boutons poussoir, t\u00e9l\u00e9commande IR et auto-switching<br\/><br\/><a href=\"https:\/\/lindy.com\/fr\/wp-content\/uploads\/sites\/4\/2022\/05\/38233_Product-Flyer_FR.pdf\" target=\"_blank\" rel=\"noreferrer noopener\">T\u00e9l\u00e9charger Flyer produit<\/a><br\/><a href=\"https:\/\/lindy.com\/fr\/wp-content\/uploads\/sites\/4\/2022\/05\/38233_TDS_FR.pdf\" target=\"_blank\" rel=\"noreferrer noopener\">T\u00e9l\u00e9charger la fiche technique<\/a><\/p><a href=\"https:\/\/www.lindy.fr\/Switch-HDMI-5-ports-18G.htm?websale8=ld0101.ld031103&amp;pi=38233&amp;ci=20\" class=\"button button--white-transparent\" target=\"_self\" rel=\"noopener noreferrer\">VOIR LE PRODUIT\n\n<\/a><\/div><\/div><\/section>\n","protected":false},"excerpt":{"rendered":"","protected":false},"author":20,"featured_media":0,"parent":0,"menu_order":0,"comment_status":"closed","ping_status":"closed","template":"page-templates\/template-landing.php","meta":{"_acf_changed":false,"footnotes":""},"class_list":["post-1257","page","type-page","status-publish","hentry"],"acf":[],"yoast_head":"<!-- This site is optimized with the Yoast SEO plugin v26.6 - https:\/\/yoast.com\/wordpress\/plugins\/seo\/ -->\n<title>ISE 2022 PARTAGER\u00a0 - Lindy - French<\/title>\n<meta name=\"robots\" content=\"index, follow, max-snippet:-1, max-image-preview:large, max-video-preview:-1\" \/>\n<link rel=\"canonical\" href=\"https:\/\/lindy.com\/fr\/ise-2022-partager\/\" \/>\n<meta property=\"og:locale\" content=\"fr_FR\" \/>\n<meta property=\"og:type\" content=\"article\" \/>\n<meta property=\"og:title\" content=\"ISE 2022 PARTAGER\u00a0 - Lindy - French\" \/>\n<meta property=\"og:url\" content=\"https:\/\/lindy.com\/fr\/ise-2022-partager\/\" \/>\n<meta property=\"og:site_name\" content=\"Lindy - French\" \/>\n<meta property=\"article:modified_time\" content=\"2025-07-03T07:21:31+00:00\" \/>\n<meta property=\"og:image\" content=\"https:\/\/lindy.com\/fr\/wp-content\/uploads\/sites\/4\/2022\/05\/Sharing.jpg\" \/>\n<meta name=\"twitter:card\" content=\"summary_large_image\" \/>\n<script type=\"application\/ld+json\" class=\"yoast-schema-graph\">{\"@context\":\"https:\/\/schema.org\",\"@graph\":[{\"@type\":\"WebPage\",\"@id\":\"https:\/\/lindy.com\/fr\/ise-2022-partager\/\",\"url\":\"https:\/\/lindy.com\/fr\/ise-2022-partager\/\",\"name\":\"ISE 2022 PARTAGER\u00a0 - Lindy - French\",\"isPartOf\":{\"@id\":\"https:\/\/lindy.com\/fr\/#website\"},\"primaryImageOfPage\":{\"@id\":\"https:\/\/lindy.com\/fr\/ise-2022-partager\/#primaryimage\"},\"image\":{\"@id\":\"https:\/\/lindy.com\/fr\/ise-2022-partager\/#primaryimage\"},\"thumbnailUrl\":\"https:\/\/lindy.com\/fr\/wp-content\/uploads\/sites\/4\/2022\/05\/Sharing.jpg\",\"datePublished\":\"2021-12-15T10:08:32+00:00\",\"dateModified\":\"2025-07-03T07:21:31+00:00\",\"breadcrumb\":{\"@id\":\"https:\/\/lindy.com\/fr\/ise-2022-partager\/#breadcrumb\"},\"inLanguage\":\"fr-FR\",\"potentialAction\":[{\"@type\":\"ReadAction\",\"target\":[\"https:\/\/lindy.com\/fr\/ise-2022-partager\/\"]}]},{\"@type\":\"ImageObject\",\"inLanguage\":\"fr-FR\",\"@id\":\"https:\/\/lindy.com\/fr\/ise-2022-partager\/#primaryimage\",\"url\":\"https:\/\/lindy.com\/fr\/wp-content\/uploads\/sites\/4\/2022\/05\/Sharing.jpg\",\"contentUrl\":\"https:\/\/lindy.com\/fr\/wp-content\/uploads\/sites\/4\/2022\/05\/Sharing.jpg\",\"width\":1920,\"height\":1080},{\"@type\":\"BreadcrumbList\",\"@id\":\"https:\/\/lindy.com\/fr\/ise-2022-partager\/#breadcrumb\",\"itemListElement\":[{\"@type\":\"ListItem\",\"position\":1,\"name\":\"Home\",\"item\":\"https:\/\/lindy.com\/fr\/\"},{\"@type\":\"ListItem\",\"position\":2,\"name\":\"ISE 2022 PARTAGER\u00a0\"}]},{\"@type\":\"WebSite\",\"@id\":\"https:\/\/lindy.com\/fr\/#website\",\"url\":\"https:\/\/lindy.com\/fr\/\",\"name\":\"Lindy - French\",\"description\":\"Connection Perfection\",\"potentialAction\":[{\"@type\":\"SearchAction\",\"target\":{\"@type\":\"EntryPoint\",\"urlTemplate\":\"https:\/\/lindy.com\/fr\/?s={search_term_string}\"},\"query-input\":{\"@type\":\"PropertyValueSpecification\",\"valueRequired\":true,\"valueName\":\"search_term_string\"}}],\"inLanguage\":\"fr-FR\"}]}<\/script>\n<!-- \/ Yoast SEO plugin. -->","yoast_head_json":{"title":"ISE 2022 PARTAGER\u00a0 - Lindy - French","robots":{"index":"index","follow":"follow","max-snippet":"max-snippet:-1","max-image-preview":"max-image-preview:large","max-video-preview":"max-video-preview:-1"},"canonical":"https:\/\/lindy.com\/fr\/ise-2022-partager\/","og_locale":"fr_FR","og_type":"article","og_title":"ISE 2022 PARTAGER\u00a0 - Lindy - French","og_url":"https:\/\/lindy.com\/fr\/ise-2022-partager\/","og_site_name":"Lindy - French","article_modified_time":"2025-07-03T07:21:31+00:00","og_image":[{"url":"https:\/\/lindy.com\/fr\/wp-content\/uploads\/sites\/4\/2022\/05\/Sharing.jpg","type":"","width":"","height":""}],"twitter_card":"summary_large_image","schema":{"@context":"https:\/\/schema.org","@graph":[{"@type":"WebPage","@id":"https:\/\/lindy.com\/fr\/ise-2022-partager\/","url":"https:\/\/lindy.com\/fr\/ise-2022-partager\/","name":"ISE 2022 PARTAGER\u00a0 - Lindy - French","isPartOf":{"@id":"https:\/\/lindy.com\/fr\/#website"},"primaryImageOfPage":{"@id":"https:\/\/lindy.com\/fr\/ise-2022-partager\/#primaryimage"},"image":{"@id":"https:\/\/lindy.com\/fr\/ise-2022-partager\/#primaryimage"},"thumbnailUrl":"https:\/\/lindy.com\/fr\/wp-content\/uploads\/sites\/4\/2022\/05\/Sharing.jpg","datePublished":"2021-12-15T10:08:32+00:00","dateModified":"2025-07-03T07:21:31+00:00","breadcrumb":{"@id":"https:\/\/lindy.com\/fr\/ise-2022-partager\/#breadcrumb"},"inLanguage":"fr-FR","potentialAction":[{"@type":"ReadAction","target":["https:\/\/lindy.com\/fr\/ise-2022-partager\/"]}]},{"@type":"ImageObject","inLanguage":"fr-FR","@id":"https:\/\/lindy.com\/fr\/ise-2022-partager\/#primaryimage","url":"https:\/\/lindy.com\/fr\/wp-content\/uploads\/sites\/4\/2022\/05\/Sharing.jpg","contentUrl":"https:\/\/lindy.com\/fr\/wp-content\/uploads\/sites\/4\/2022\/05\/Sharing.jpg","width":1920,"height":1080},{"@type":"BreadcrumbList","@id":"https:\/\/lindy.com\/fr\/ise-2022-partager\/#breadcrumb","itemListElement":[{"@type":"ListItem","position":1,"name":"Home","item":"https:\/\/lindy.com\/fr\/"},{"@type":"ListItem","position":2,"name":"ISE 2022 PARTAGER\u00a0"}]},{"@type":"WebSite","@id":"https:\/\/lindy.com\/fr\/#website","url":"https:\/\/lindy.com\/fr\/","name":"Lindy - French","description":"Connection Perfection","potentialAction":[{"@type":"SearchAction","target":{"@type":"EntryPoint","urlTemplate":"https:\/\/lindy.com\/fr\/?s={search_term_string}"},"query-input":{"@type":"PropertyValueSpecification","valueRequired":true,"valueName":"search_term_string"}}],"inLanguage":"fr-FR"}]}},"_links":{"self":[{"href":"https:\/\/lindy.com\/fr\/wp-json\/wp\/v2\/pages\/1257","targetHints":{"allow":["GET"]}}],"collection":[{"href":"https:\/\/lindy.com\/fr\/wp-json\/wp\/v2\/pages"}],"about":[{"href":"https:\/\/lindy.com\/fr\/wp-json\/wp\/v2\/types\/page"}],"author":[{"embeddable":true,"href":"https:\/\/lindy.com\/fr\/wp-json\/wp\/v2\/users\/20"}],"replies":[{"embeddable":true,"href":"https:\/\/lindy.com\/fr\/wp-json\/wp\/v2\/comments?post=1257"}],"version-history":[{"count":2,"href":"https:\/\/lindy.com\/fr\/wp-json\/wp\/v2\/pages\/1257\/revisions"}],"predecessor-version":[{"id":5857,"href":"https:\/\/lindy.com\/fr\/wp-json\/wp\/v2\/pages\/1257\/revisions\/5857"}],"wp:attachment":[{"href":"https:\/\/lindy.com\/fr\/wp-json\/wp\/v2\/media?parent=1257"}],"curies":[{"name":"wp","href":"https:\/\/api.w.org\/{rel}","templated":true}]}}