{"id":1259,"date":"2021-12-15T10:36:08","date_gmt":"2021-12-15T10:36:08","guid":{"rendered":"https:\/\/lindy.com\/fr\/?page_id=1259"},"modified":"2022-05-03T13:34:42","modified_gmt":"2022-05-03T13:34:42","slug":"ise-2022-transmettre","status":"publish","type":"page","link":"https:\/\/lindy.com\/fr\/ise-2022-transmettre\/","title":{"rendered":"ISE 2022 Transmettre"},"content":{"rendered":"\n<section class=\"wp-block-lindy-full-width-image section section--full-width-image full-width-image theme--light align--left font--size-medium\" style=\"background-image:url(https:\/\/lindy.com\/fr\/wp-content\/uploads\/sites\/4\/2022\/05\/Extending_FW.jpg)\"><img decoding=\"async\" class=\"full-width-image__image\" src=\"https:\/\/lindy.com\/fr\/wp-content\/uploads\/sites\/4\/2022\/05\/Extending_FW.jpg\"\/><div class=\"contained\"><div class=\"full-width-image__content\"><\/div><\/div><\/section>\n\n\n\n<section class=\"wp-block-lindy-image-text-module section section--full-width-image full-width-image--with-text theme--dark section--animation-none align--left  font--size-medium width--half\" style=\"background-image:url(https:\/\/lindy.com\/en\/wp-content\/uploads\/sites\/2\/2021\/12\/38205.jpg)\"><img decoding=\"async\" class=\"full-width-image__image\" src=\"https:\/\/lindy.com\/en\/wp-content\/uploads\/sites\/2\/2021\/12\/38205.jpg\"\/><div class=\"contained\"><div class=\"full-width-image__content\"><\/div><\/div><\/section>\n\n\n\n<section class=\"wp-block-lindy-image-text-module section section--full-width-image full-width-image--with-text theme--dark section--animation-up align--left  font--size-medium width--half\" style=\"background-image:url()\"><img decoding=\"async\" class=\"full-width-image__image\" src=\"\"\/><div class=\"contained\"><div class=\"full-width-image__content\"><h2 class=\"section__heading\"><span>50m Cat.6 HDMI &amp; IR Extender with Loop Extender HDMI 18G &amp; IR Cat.6 50m avec Loop Out<\/span><\/h2><h2 class=\"section__subheading section__subheading__title\">No. 38205<\/h2><p class=\"section__paragraph\"><br\/>\u2022 \u00c9tend les signaux HDMI 18G 4K sur des distances de 50 m avec un c\u00e2ble r\u00e9seau standard<br\/>\u2022 Prise en charge des r\u00e9solutions jusqu&rsquo;\u00e0 3840&#215;2160@60Hz 4:4:4:4 8bit, avec support HDR<br\/>\u2022 Une sortie HDMI en boucle cr\u00e9e une zone de visualisation suppl\u00e9mentaire avec un affichage local.<br\/><br\/><a href=\"https:\/\/lindy.com\/fr\/wp-content\/uploads\/sites\/4\/2022\/05\/38205_FR.pdf\" target=\"_blank\" rel=\"noreferrer noopener\">T\u00e9l\u00e9charger Flyer produit<\/a><br\/><a href=\"https:\/\/lindy.com\/fr\/wp-content\/uploads\/sites\/4\/2022\/05\/38205_TDS_FR.pdf\" target=\"_blank\" rel=\"noreferrer noopener\">T\u00e9l\u00e9charger la fiche technique<\/a><br\/><\/p><a href=\"https:\/\/www.lindy.fr\/Extender-HDMI-18G-IR-Cat-6-50m-avec-PoC-Loop-Out.htm?websale8=ld0101.ld031103&amp;pi=38205&amp;ci=20\" class=\"button button--white-transparent\" target=\"_self\" rel=\"noopener noreferrer\">VOIR LE PRODUIT\n\n<\/a><\/div><\/div><\/section>\n\n\n\n<section class=\"wp-block-lindy-image-text-module section section--full-width-image full-width-image--with-text theme--light section--animation-none align--left  font--size-medium width--half\" style=\"background-image:url(https:\/\/lindy.com\/en\/wp-content\/uploads\/sites\/2\/2021\/12\/38208.jpg)\"><img decoding=\"async\" class=\"full-width-image__image\" src=\"https:\/\/lindy.com\/en\/wp-content\/uploads\/sites\/2\/2021\/12\/38208.jpg\"\/><div class=\"contained\"><div class=\"full-width-image__content\"><\/div><\/div><\/section>\n\n\n\n<section class=\"wp-block-lindy-image-text-module section section--full-width-image full-width-image--with-text theme--light section--animation-up align--left  font--size-medium width--half\" style=\"background-image:url()\"><img decoding=\"async\" class=\"full-width-image__image\" src=\"\"\/><div class=\"contained\"><div class=\"full-width-image__content\"><h2 class=\"section__heading\"><span>Extender\u00a0 HDMI 10.2G &amp; IR Cat.6 70m<\/span><\/h2><h2 class=\"section__subheading section__subheading__title\">No. 38208<\/h2><p class=\"section__paragraph\"><br\/>\u2022 \u00c9tend les signaux HDMI et IR jusqu&rsquo;\u00e0 70 m en utilisant un c\u00e2ble Cat.6<br\/>\u2022 Prend en charge des r\u00e9solutions allant jusqu&rsquo;\u00e0 3840&#215;2160@30Hz 4:4:4 8bit<br\/>\u2022 Dispose d&rsquo;une sortie HDMI en boucle sur l&rsquo;\u00e9metteur pour une surveillance locale<br\/><br\/><a href=\"https:\/\/lindy.com\/fr\/wp-content\/uploads\/sites\/4\/2022\/05\/38208_FR-.pdf\" target=\"_blank\" rel=\"noreferrer noopener\">T\u00e9l\u00e9charger Flyer produit<br\/><\/a><a href=\"https:\/\/lindy.com\/https:\/\/lindy.com\/fr\/wp-content\/uploads\/sites\/4\/2022\/05\/38208_TDS_FR.pdffr\/wp-content\/uploads\/sites\/4\/2022\/05\/38208_TDS_FR.pdf\" target=\"_blank\" rel=\"noreferrer noopener\">T\u00e9l\u00e9charger la fiche technique<\/a><br\/><\/p><a href=\"https:\/\/www.lindy.fr\/Extender-HDMI-10-2G-IR-Cat-6-70m-avec-PoC-Loop-Out-.htm?websale8=ld0101.ld031103&amp;pi=38208&amp;ci=20\" class=\"button button--dark\" target=\"_self\" rel=\"noopener noreferrer\">VOIR LE PRODUIT\n<\/a><\/div><\/div><\/section>\n\n\n\n<section class=\"wp-block-lindy-image-text-module section section--full-width-image full-width-image--with-text theme--dark section--animation-none align--left  font--size-medium width--half\" style=\"background-image:url(https:\/\/lindy.com\/en\/wp-content\/uploads\/sites\/2\/2021\/12\/38225_new.jpg)\"><img decoding=\"async\" class=\"full-width-image__image\" src=\"https:\/\/lindy.com\/en\/wp-content\/uploads\/sites\/2\/2021\/12\/38225_new.jpg\"\/><div class=\"contained\"><div class=\"full-width-image__content\"><\/div><\/div><\/section>\n\n\n\n<section class=\"wp-block-lindy-image-text-module section section--full-width-image full-width-image--with-text theme--dark section--animation-up align--left  font--size-medium width--half\" style=\"background-image:url()\"><img decoding=\"async\" class=\"full-width-image__image\" src=\"\"\/><div class=\"contained\"><div class=\"full-width-image__content\"><h2 class=\"section__heading\"><span>Extender HDMI via Powerline, \u00e9metteur<\/span><\/h2><h2 class=\"section__subheading section__subheading__title\">No. 38225<\/h2><p class=\"section__paragraph\"><br\/>\u2022 \u00c9tend les signaux HDMI sur un circuit \u00e9lectrique via CPL<br\/>\u2022 Transmet le contenu \u00e0 3 r\u00e9cepteurs compatibles, ainsi qu&rsquo;\u00e0 un \u00e9cran HDMI local<br\/>\u2022 Prend en charge les r\u00e9solutions allant jusqu&rsquo;\u00e0 Full HD 1920&#215;1080@60Hz<br\/><br\/><a href=\"https:\/\/lindy.com\/fr\/ise-2022-connecting\/\" target=\"_blank\" rel=\"noreferrer noopener\">T\u00e9l\u00e9charger Flyer produit<\/a><br\/><a href=\"https:\/\/lindy.com\/fr\/wp-content\/uploads\/sites\/4\/2022\/05\/38225_TDS_FR.pdf\" target=\"_blank\" rel=\"noreferrer noopener\">T\u00e9l\u00e9charger la fiche technique<\/a><br\/><br\/><\/p><a href=\"https:\/\/www.lindy.fr\/Extender-HDMI-via-Powerline-emetteur.htm?websale8=ld0101.ld031103&amp;pi=38225&amp;ci=20\" class=\"button button--white-transparent\" target=\"_self\" rel=\"noopener noreferrer\">VOIR LE PRODUIT\n\n<\/a><\/div><\/div><\/section>\n\n\n\n<section class=\"wp-block-lindy-image-text-module section section--full-width-image full-width-image--with-text theme--light section--animation-up align--left  font--size-medium width--half\" style=\"background-image:url(https:\/\/lindy.com\/fr\/wp-content\/uploads\/sites\/4\/2022\/05\/38227.jpg)\"><img decoding=\"async\" class=\"full-width-image__image\" src=\"https:\/\/lindy.com\/fr\/wp-content\/uploads\/sites\/4\/2022\/05\/38227.jpg\"\/><div class=\"contained\"><div class=\"full-width-image__content\"><\/div><\/div><\/section>\n\n\n\n<section class=\"wp-block-lindy-image-text-module section section--full-width-image full-width-image--with-text theme--light section--animation-up align--left  font--size-medium width--half\" style=\"background-image:url()\"><img decoding=\"async\" class=\"full-width-image__image\" src=\"\"\/><div class=\"contained\"><div class=\"full-width-image__content\"><h2 class=\"section__heading\"><span>Extender HDMI via Powerline, r\u00e9cepteur<\/span><\/h2><h2 class=\"section__subheading section__subheading__title\">No. 38227<\/h2><p class=\"section__paragraph\"><br\/>\u2022 \u00c9tend les signaux HDMI sur un circuit \u00e9lectrique via CPL<br\/>\u2022 R\u00e9ception des signaux HDMI et distribution sur 3 \u00e9crans maximum en utilisant plusieurs r\u00e9cepteurs<br\/>\u2022 Prend en charge les r\u00e9solutions allant jusqu&rsquo;\u00e0 la Full HD 1920&#215;1080@60Hz<br\/><br\/><a href=\"https:\/\/lindy.com\/fr\/ise-2022-connecting\/\" target=\"_blank\" rel=\"noreferrer noopener\">T\u00e9l\u00e9charger Flyer produit<\/a><br\/><a href=\"https:\/\/lindy.com\/fr\/wp-content\/uploads\/sites\/4\/2022\/05\/38227_TDS_FR.pdf\" target=\"_blank\" rel=\"noreferrer noopener\">T\u00e9l\u00e9charger la fiche technique<\/a><br\/><br\/><\/p><a href=\"https:\/\/www.lindy.fr\/Extender-HDMI-via-Powerline-recepteur.htm?websale8=ld0101.ld031103&amp;pi=38227&amp;ci=20\" class=\"button button--dark\" target=\"_self\" rel=\"noopener noreferrer\">VOIR LE PRODUIT\n\n<\/a><\/div><\/div><\/section>\n\n\n\n<section class=\"wp-block-lindy-image-text-module section section--full-width-image full-width-image--with-text theme--light section--animation-none align--left  font--size-medium width--half\" style=\"background-image:url(https:\/\/lindy.com\/en\/wp-content\/uploads\/sites\/2\/2021\/12\/38382_2.jpg)\"><img decoding=\"async\" class=\"full-width-image__image\" src=\"https:\/\/lindy.com\/en\/wp-content\/uploads\/sites\/2\/2021\/12\/38382_2.jpg\"\/><div class=\"contained\"><div class=\"full-width-image__content\"><\/div><\/div><\/section>\n\n\n\n<section class=\"wp-block-lindy-image-text-module section section--full-width-image full-width-image--with-text theme--dark section--animation-up align--left  font--size-medium width--half\" style=\"background-image:url()\"><img decoding=\"async\" class=\"full-width-image__image\" src=\"\"\/><div class=\"contained\"><div class=\"full-width-image__content\"><h2 class=\"section__heading\"><span>C\u00e2ble HDMI Ultra High Speed hybride fibre optique, 20m<\/span><\/h2><h2 class=\"section__subheading section__subheading__title\">No. 38382<\/h2><p class=\"section__paragraph\"><br\/>\u2022 Combine le cuivre et la fibre optique pour une solution hybride de connectivit\u00e9 HDMI longue distance.<br\/>\u2022 Prend en charge des r\u00e9solutions allant jusqu&rsquo;\u00e0 4K@120Hz, 8K@60Hz ainsi que les formats HDR statiques et dynamiques, y compris Dolby Vision et HDR10+.<br\/>\u2022 Ultra High-Speed HDMI certifi\u00e9 avec prise en charge des fonctions HDMI, y compris VRR et eARC.<br\/><br\/><a href=\"https:\/\/lindy.com\/fr\/wp-content\/uploads\/sites\/4\/2022\/05\/38380-2_FR.pdf\" target=\"_blank\" rel=\"noreferrer noopener\">T\u00e9l\u00e9charger Flyer produit<\/a><br\/><a href=\"https:\/\/lindy.com\/fr\/wp-content\/uploads\/sites\/4\/2022\/05\/38382_TDS_ALL_FR.pdf\" target=\"_blank\" rel=\"noreferrer noopener\">T\u00e9l\u00e9charger la fiche technique<\/a><br\/><br\/><\/p><a href=\"https:\/\/www.lindy.de\/1m-Ultra-High-Speed-HDMI-Kabel-Gold-Line.htm?websale8=ld0101.ld011101&amp;pi=38382&amp;ci=80\" class=\"button button--white-transparent\" target=\"_self\" rel=\"noopener noreferrer\">VOIR LE PRODUIT\n\n<\/a><\/div><\/div><\/section>\n","protected":false},"excerpt":{"rendered":"","protected":false},"author":20,"featured_media":0,"parent":0,"menu_order":0,"comment_status":"closed","ping_status":"closed","template":"page-templates\/template-landing.php","meta":{"_acf_changed":false,"footnotes":""},"class_list":["post-1259","page","type-page","status-publish","hentry"],"acf":[],"yoast_head":"<!-- This site is optimized with the Yoast SEO plugin v26.6 - https:\/\/yoast.com\/wordpress\/plugins\/seo\/ -->\n<title>ISE 2022 Transmettre - Lindy - French<\/title>\n<meta name=\"robots\" content=\"index, follow, max-snippet:-1, max-image-preview:large, max-video-preview:-1\" \/>\n<link rel=\"canonical\" href=\"https:\/\/lindy.com\/fr\/ise-2022-transmettre\/\" \/>\n<meta property=\"og:locale\" content=\"fr_FR\" \/>\n<meta property=\"og:type\" content=\"article\" \/>\n<meta property=\"og:title\" content=\"ISE 2022 Transmettre - Lindy - French\" \/>\n<meta property=\"og:url\" content=\"https:\/\/lindy.com\/fr\/ise-2022-transmettre\/\" \/>\n<meta property=\"og:site_name\" content=\"Lindy - French\" \/>\n<meta property=\"article:modified_time\" content=\"2022-05-03T13:34:42+00:00\" \/>\n<meta property=\"og:image\" content=\"https:\/\/lindy.com\/fr\/wp-content\/uploads\/sites\/4\/2022\/05\/Extending_FW.jpg\" \/>\n<meta name=\"twitter:card\" content=\"summary_large_image\" \/>\n<meta name=\"twitter:label1\" content=\"Dur\u00e9e de lecture estim\u00e9e\" \/>\n\t<meta name=\"twitter:data1\" content=\"4 minutes\" \/>\n<script type=\"application\/ld+json\" class=\"yoast-schema-graph\">{\"@context\":\"https:\/\/schema.org\",\"@graph\":[{\"@type\":\"WebPage\",\"@id\":\"https:\/\/lindy.com\/fr\/ise-2022-transmettre\/\",\"url\":\"https:\/\/lindy.com\/fr\/ise-2022-transmettre\/\",\"name\":\"ISE 2022 Transmettre - Lindy - French\",\"isPartOf\":{\"@id\":\"https:\/\/lindy.com\/fr\/#website\"},\"primaryImageOfPage\":{\"@id\":\"https:\/\/lindy.com\/fr\/ise-2022-transmettre\/#primaryimage\"},\"image\":{\"@id\":\"https:\/\/lindy.com\/fr\/ise-2022-transmettre\/#primaryimage\"},\"thumbnailUrl\":\"https:\/\/lindy.com\/fr\/wp-content\/uploads\/sites\/4\/2022\/05\/Extending_FW.jpg\",\"datePublished\":\"2021-12-15T10:36:08+00:00\",\"dateModified\":\"2022-05-03T13:34:42+00:00\",\"breadcrumb\":{\"@id\":\"https:\/\/lindy.com\/fr\/ise-2022-transmettre\/#breadcrumb\"},\"inLanguage\":\"fr-FR\",\"potentialAction\":[{\"@type\":\"ReadAction\",\"target\":[\"https:\/\/lindy.com\/fr\/ise-2022-transmettre\/\"]}]},{\"@type\":\"ImageObject\",\"inLanguage\":\"fr-FR\",\"@id\":\"https:\/\/lindy.com\/fr\/ise-2022-transmettre\/#primaryimage\",\"url\":\"https:\/\/lindy.com\/fr\/wp-content\/uploads\/sites\/4\/2022\/05\/Extending_FW.jpg\",\"contentUrl\":\"https:\/\/lindy.com\/fr\/wp-content\/uploads\/sites\/4\/2022\/05\/Extending_FW.jpg\",\"width\":1920,\"height\":1080},{\"@type\":\"BreadcrumbList\",\"@id\":\"https:\/\/lindy.com\/fr\/ise-2022-transmettre\/#breadcrumb\",\"itemListElement\":[{\"@type\":\"ListItem\",\"position\":1,\"name\":\"Home\",\"item\":\"https:\/\/lindy.com\/fr\/\"},{\"@type\":\"ListItem\",\"position\":2,\"name\":\"ISE 2022 Transmettre\"}]},{\"@type\":\"WebSite\",\"@id\":\"https:\/\/lindy.com\/fr\/#website\",\"url\":\"https:\/\/lindy.com\/fr\/\",\"name\":\"Lindy - French\",\"description\":\"Connection Perfection\",\"potentialAction\":[{\"@type\":\"SearchAction\",\"target\":{\"@type\":\"EntryPoint\",\"urlTemplate\":\"https:\/\/lindy.com\/fr\/?s={search_term_string}\"},\"query-input\":{\"@type\":\"PropertyValueSpecification\",\"valueRequired\":true,\"valueName\":\"search_term_string\"}}],\"inLanguage\":\"fr-FR\"}]}<\/script>\n<!-- \/ Yoast SEO plugin. -->","yoast_head_json":{"title":"ISE 2022 Transmettre - Lindy - French","robots":{"index":"index","follow":"follow","max-snippet":"max-snippet:-1","max-image-preview":"max-image-preview:large","max-video-preview":"max-video-preview:-1"},"canonical":"https:\/\/lindy.com\/fr\/ise-2022-transmettre\/","og_locale":"fr_FR","og_type":"article","og_title":"ISE 2022 Transmettre - Lindy - French","og_url":"https:\/\/lindy.com\/fr\/ise-2022-transmettre\/","og_site_name":"Lindy - French","article_modified_time":"2022-05-03T13:34:42+00:00","og_image":[{"url":"https:\/\/lindy.com\/fr\/wp-content\/uploads\/sites\/4\/2022\/05\/Extending_FW.jpg","type":"","width":"","height":""}],"twitter_card":"summary_large_image","twitter_misc":{"Dur\u00e9e de lecture estim\u00e9e":"4 minutes"},"schema":{"@context":"https:\/\/schema.org","@graph":[{"@type":"WebPage","@id":"https:\/\/lindy.com\/fr\/ise-2022-transmettre\/","url":"https:\/\/lindy.com\/fr\/ise-2022-transmettre\/","name":"ISE 2022 Transmettre - Lindy - French","isPartOf":{"@id":"https:\/\/lindy.com\/fr\/#website"},"primaryImageOfPage":{"@id":"https:\/\/lindy.com\/fr\/ise-2022-transmettre\/#primaryimage"},"image":{"@id":"https:\/\/lindy.com\/fr\/ise-2022-transmettre\/#primaryimage"},"thumbnailUrl":"https:\/\/lindy.com\/fr\/wp-content\/uploads\/sites\/4\/2022\/05\/Extending_FW.jpg","datePublished":"2021-12-15T10:36:08+00:00","dateModified":"2022-05-03T13:34:42+00:00","breadcrumb":{"@id":"https:\/\/lindy.com\/fr\/ise-2022-transmettre\/#breadcrumb"},"inLanguage":"fr-FR","potentialAction":[{"@type":"ReadAction","target":["https:\/\/lindy.com\/fr\/ise-2022-transmettre\/"]}]},{"@type":"ImageObject","inLanguage":"fr-FR","@id":"https:\/\/lindy.com\/fr\/ise-2022-transmettre\/#primaryimage","url":"https:\/\/lindy.com\/fr\/wp-content\/uploads\/sites\/4\/2022\/05\/Extending_FW.jpg","contentUrl":"https:\/\/lindy.com\/fr\/wp-content\/uploads\/sites\/4\/2022\/05\/Extending_FW.jpg","width":1920,"height":1080},{"@type":"BreadcrumbList","@id":"https:\/\/lindy.com\/fr\/ise-2022-transmettre\/#breadcrumb","itemListElement":[{"@type":"ListItem","position":1,"name":"Home","item":"https:\/\/lindy.com\/fr\/"},{"@type":"ListItem","position":2,"name":"ISE 2022 Transmettre"}]},{"@type":"WebSite","@id":"https:\/\/lindy.com\/fr\/#website","url":"https:\/\/lindy.com\/fr\/","name":"Lindy - French","description":"Connection Perfection","potentialAction":[{"@type":"SearchAction","target":{"@type":"EntryPoint","urlTemplate":"https:\/\/lindy.com\/fr\/?s={search_term_string}"},"query-input":{"@type":"PropertyValueSpecification","valueRequired":true,"valueName":"search_term_string"}}],"inLanguage":"fr-FR"}]}},"_links":{"self":[{"href":"https:\/\/lindy.com\/fr\/wp-json\/wp\/v2\/pages\/1259","targetHints":{"allow":["GET"]}}],"collection":[{"href":"https:\/\/lindy.com\/fr\/wp-json\/wp\/v2\/pages"}],"about":[{"href":"https:\/\/lindy.com\/fr\/wp-json\/wp\/v2\/types\/page"}],"author":[{"embeddable":true,"href":"https:\/\/lindy.com\/fr\/wp-json\/wp\/v2\/users\/20"}],"replies":[{"embeddable":true,"href":"https:\/\/lindy.com\/fr\/wp-json\/wp\/v2\/comments?post=1259"}],"version-history":[{"count":0,"href":"https:\/\/lindy.com\/fr\/wp-json\/wp\/v2\/pages\/1259\/revisions"}],"wp:attachment":[{"href":"https:\/\/lindy.com\/fr\/wp-json\/wp\/v2\/media?parent=1259"}],"curies":[{"name":"wp","href":"https:\/\/api.w.org\/{rel}","templated":true}]}}