{"id":1260,"date":"2021-12-15T10:45:00","date_gmt":"2021-12-15T10:45:00","guid":{"rendered":"https:\/\/lindy.com\/fr\/?page_id=1260"},"modified":"2025-07-03T07:21:17","modified_gmt":"2025-07-03T07:21:17","slug":"ise-2022-convertir","status":"publish","type":"page","link":"https:\/\/lindy.com\/fr\/ise-2022-convertir\/","title":{"rendered":"ISE 2022 Convertir"},"content":{"rendered":"\n<section class=\"wp-block-lindy-full-width-image section section--full-width-image full-width-image theme--light align--left font--size-medium\" style=\"background-image:url(https:\/\/lindy.com\/fr\/wp-content\/uploads\/sites\/4\/2022\/05\/Converting.jpg)\"><img decoding=\"async\" class=\"full-width-image__image\" src=\"https:\/\/lindy.com\/fr\/wp-content\/uploads\/sites\/4\/2022\/05\/Converting.jpg\"\/><div class=\"contained\"><div class=\"full-width-image__content\"><\/div><\/div><\/section>\n\n\n\n<section class=\"wp-block-lindy-image-text-module section section--full-width-image full-width-image--with-text theme--dark section--animation-up align--left  font--size-medium width--half\" style=\"background-image:url(https:\/\/lindy.com\/en\/wp-content\/uploads\/sites\/2\/2021\/12\/40926.jpg)\"><img decoding=\"async\" class=\"full-width-image__image\" src=\"https:\/\/lindy.com\/en\/wp-content\/uploads\/sites\/2\/2021\/12\/40926.jpg\"\/><div class=\"contained\"><div class=\"full-width-image__content\"><\/div><\/div><\/section>\n\n\n\n<section class=\"wp-block-lindy-image-text-module section section--full-width-image full-width-image--with-text theme--dark section--animation-none align--left  font--size-medium width--half\" style=\"background-image:url()\"><img decoding=\"async\" class=\"full-width-image__image\" src=\"\"\/><div class=\"contained\"><div class=\"full-width-image__content\"><h2 class=\"section__heading\"><span>C\u00e2ble actif DisplayPort\u2122 vers HDMI\u00ae avec HDR, 2m<\/span><\/h2><h2 class=\"section__subheading section__subheading__title\">No. 40926<\/h2><p class=\"section__paragraph\"><br\/>\u2022 Connecte un ordinateur \u00e9quip\u00e9 en DisplayPort\u2122 \u00e0 un \u00e9cran ou projecteur HDMI\u00ae 4K<br\/>\u2022 Prise en charge des hautes r\u00e9solutions, jusqu&rsquo;\u00e0 4K@60hz<br\/>\u2022 Prise en charge HDR (High Dynamic Range) pour des noirs plus profonds, des blancs plus brillants et une gamme de couleurs plus large <br\/><br\/><a href=\"https:\/\/lindy.com\/fr\/wp-content\/uploads\/sites\/4\/2022\/04\/40924-7_Product_Flyer_FR.pdf\">T\u00e9l\u00e9charger Flyer produit<\/a><br\/><a href=\"https:\/\/lindy.com\/fr\/wp-content\/uploads\/sites\/4\/2022\/04\/40924-8_TDS_FR.pdf\" target=\"_blank\" rel=\"noreferrer noopener\">T\u00e9l\u00e9charger la fiche technique<\/a><\/p><a href=\"https:\/\/www.lindy.fr\/Cable-actif-DisplayPort-vers-HDMI-avec-HDR-2m.htm?websale8=ld0101.ld031103&amp;pi=40926&amp;ci=80\" class=\"button button--white-transparent\" target=\"_self\" rel=\"noopener noreferrer\">VOIR LE PRODUIT\n\n<\/a><\/div><\/div><\/section>\n\n\n\n<section class=\"wp-block-lindy-image-text-module section section--full-width-image full-width-image--with-text theme--light section--animation-none align--left  font--size-medium width--half\" style=\"background-image:url(https:\/\/lindy.com\/en\/wp-content\/uploads\/sites\/2\/2021\/12\/42651_new.jpg)\"><img decoding=\"async\" class=\"full-width-image__image\" src=\"https:\/\/lindy.com\/en\/wp-content\/uploads\/sites\/2\/2021\/12\/42651_new.jpg\"\/><div class=\"contained\"><div class=\"full-width-image__content\"><\/div><\/div><\/section>\n\n\n\n<section class=\"wp-block-lindy-image-text-module section section--full-width-image full-width-image--with-text theme--light section--animation-up align--left  font--size-medium width--half\" style=\"background-image:url()\"><img decoding=\"async\" class=\"full-width-image__image\" src=\"\"\/><div class=\"contained\"><div class=\"full-width-image__content\"><h2 class=\"section__heading\"><span>Convertisseur USB vers PS\/2<\/span><\/h2><h2 class=\"section__subheading section__subheading__title\">No. 42651<\/h2><p class=\"section__paragraph\"><br\/>\u2022 Connecte un p\u00e9riph\u00e9rique PS\/2 comme une souris, un clavier, un switch KVM ou un lecteur de code \u00e0 barres<br\/>Installation Plug and Play<br\/>\u2022 Stromversorgung \u00fcber den USB Bus<br\/>\u2022 Aliment\u00e9 par le bus USB<br\/><br\/><a href=\"https:\/\/lindy.com\/fr\/wp-content\/uploads\/sites\/4\/2022\/04\/42651_product_flyer_FR.pdf\">T\u00e9l\u00e9charger Flyer produit<\/a><br\/><a href=\"https:\/\/lindy.com\/fr\/wp-content\/uploads\/sites\/4\/2022\/04\/42651_TDS_FR.pdf\" target=\"_blank\" rel=\"noreferrer noopener\">T\u00e9l\u00e9charger la fiche technique<\/a><br\/><\/p><a href=\"https:\/\/www.lindy.fr\/Convertisseur-USB-vers-PS-2.htm?websale8=ld0101.ld031103&amp;pi=42651&amp;ci=50\" class=\"button button--dark\" target=\"_self\" rel=\"noopener noreferrer\">VOIR LE PRODUIT\n\n<\/a><\/div><\/div><\/section>\n\n\n\n<section class=\"wp-block-lindy-image-text-module section section--full-width-image full-width-image--with-text theme--dark section--animation-none align--left  font--size-medium width--half\" style=\"background-image:url(https:\/\/lindy.com\/en\/wp-content\/uploads\/sites\/2\/2021\/12\/43300.jpg)\"><img decoding=\"async\" class=\"full-width-image__image\" src=\"https:\/\/lindy.com\/en\/wp-content\/uploads\/sites\/2\/2021\/12\/43300.jpg\"\/><div class=\"contained\"><div class=\"full-width-image__content\"><\/div><\/div><\/section>\n\n\n\n<section class=\"wp-block-lindy-image-text-module section section--full-width-image full-width-image--with-text theme--dark section--animation-up align--left  font--size-medium width--half\" style=\"background-image:url()\"><img decoding=\"async\" class=\"full-width-image__image\" src=\"\"\/><div class=\"contained\"><div class=\"full-width-image__content\"><h2 class=\"section__heading\"><span>Webcam Full HD 1080p avec Microphone<\/span><\/h2><h2 class=\"section__subheading section__subheading__title\">No. 43300\u00a0\u00a0<\/h2><p class=\"section__paragraph\"><br\/>\u2022 Prend en charge les appels vid\u00e9o en Full HD \u00e0 des r\u00e9solutions allant jusqu&rsquo;\u00e0 1920&#215;1080@30fps<br\/>\u2022 Dispose d&rsquo;un microphone st\u00e9r\u00e9o \u00e0 r\u00e9duction de bruit, d&rsquo;un support pivotant \u00e0 360\u00b0 et d&rsquo;un angle de vue de 110\u00b0<br\/>\u2022 Compatible avec les syst\u00e8mes d&rsquo;exploitation Windows, Mac et Linux \u00a0<br\/><br\/><a href=\"https:\/\/lindy.com\/fr\/wp-content\/uploads\/sites\/4\/2022\/04\/Product-Flyer_43300_FR.pdf\" target=\"_blank\" rel=\"noreferrer noopener\">T\u00e9l\u00e9charger Flyer produit<\/a><br\/><a href=\"https:\/\/lindy.com\/fr\/wp-content\/uploads\/sites\/4\/2022\/04\/43300_TDS_ALL_FR.pdf\" target=\"_blank\" rel=\"noreferrer noopener\">T\u00e9l\u00e9charger la fiche technique<\/a><br\/><br\/><\/p><a href=\"https:\/\/www.lindy.fr\/Webcam-Full-HD-1080p-avec-Microphone.htm?websale8=ld0101.ld031103&amp;pi=43300&amp;ci=20\" class=\"button button--white-transparent\" target=\"_self\" rel=\"noopener noreferrer\">VOIR LE PRODUIT\n\n<\/a><\/div><\/div><\/section>\n","protected":false},"excerpt":{"rendered":"","protected":false},"author":20,"featured_media":0,"parent":0,"menu_order":0,"comment_status":"closed","ping_status":"closed","template":"page-templates\/template-landing.php","meta":{"_acf_changed":false,"footnotes":""},"class_list":["post-1260","page","type-page","status-publish","hentry"],"acf":[],"yoast_head":"<!-- This site is optimized with the Yoast SEO plugin v26.6 - https:\/\/yoast.com\/wordpress\/plugins\/seo\/ -->\n<title>ISE 2022 Convertir - Lindy - French<\/title>\n<meta name=\"robots\" content=\"index, follow, max-snippet:-1, max-image-preview:large, max-video-preview:-1\" \/>\n<link rel=\"canonical\" href=\"https:\/\/lindy.com\/fr\/ise-2022-convertir\/\" \/>\n<meta property=\"og:locale\" content=\"fr_FR\" \/>\n<meta property=\"og:type\" content=\"article\" \/>\n<meta property=\"og:title\" content=\"ISE 2022 Convertir - Lindy - French\" \/>\n<meta property=\"og:url\" content=\"https:\/\/lindy.com\/fr\/ise-2022-convertir\/\" \/>\n<meta property=\"og:site_name\" content=\"Lindy - French\" \/>\n<meta property=\"article:modified_time\" content=\"2025-07-03T07:21:17+00:00\" \/>\n<meta property=\"og:image\" content=\"https:\/\/lindy.com\/fr\/wp-content\/uploads\/sites\/4\/2022\/05\/Converting.jpg\" \/>\n<meta name=\"twitter:card\" content=\"summary_large_image\" \/>\n<meta name=\"twitter:label1\" content=\"Dur\u00e9e de lecture estim\u00e9e\" \/>\n\t<meta name=\"twitter:data1\" content=\"3 minutes\" \/>\n<script type=\"application\/ld+json\" class=\"yoast-schema-graph\">{\"@context\":\"https:\/\/schema.org\",\"@graph\":[{\"@type\":\"WebPage\",\"@id\":\"https:\/\/lindy.com\/fr\/ise-2022-convertir\/\",\"url\":\"https:\/\/lindy.com\/fr\/ise-2022-convertir\/\",\"name\":\"ISE 2022 Convertir - Lindy - French\",\"isPartOf\":{\"@id\":\"https:\/\/lindy.com\/fr\/#website\"},\"primaryImageOfPage\":{\"@id\":\"https:\/\/lindy.com\/fr\/ise-2022-convertir\/#primaryimage\"},\"image\":{\"@id\":\"https:\/\/lindy.com\/fr\/ise-2022-convertir\/#primaryimage\"},\"thumbnailUrl\":\"https:\/\/lindy.com\/fr\/wp-content\/uploads\/sites\/4\/2022\/05\/Converting.jpg\",\"datePublished\":\"2021-12-15T10:45:00+00:00\",\"dateModified\":\"2025-07-03T07:21:17+00:00\",\"breadcrumb\":{\"@id\":\"https:\/\/lindy.com\/fr\/ise-2022-convertir\/#breadcrumb\"},\"inLanguage\":\"fr-FR\",\"potentialAction\":[{\"@type\":\"ReadAction\",\"target\":[\"https:\/\/lindy.com\/fr\/ise-2022-convertir\/\"]}]},{\"@type\":\"ImageObject\",\"inLanguage\":\"fr-FR\",\"@id\":\"https:\/\/lindy.com\/fr\/ise-2022-convertir\/#primaryimage\",\"url\":\"https:\/\/lindy.com\/fr\/wp-content\/uploads\/sites\/4\/2022\/05\/Converting.jpg\",\"contentUrl\":\"https:\/\/lindy.com\/fr\/wp-content\/uploads\/sites\/4\/2022\/05\/Converting.jpg\",\"width\":1920,\"height\":1080},{\"@type\":\"BreadcrumbList\",\"@id\":\"https:\/\/lindy.com\/fr\/ise-2022-convertir\/#breadcrumb\",\"itemListElement\":[{\"@type\":\"ListItem\",\"position\":1,\"name\":\"Home\",\"item\":\"https:\/\/lindy.com\/fr\/\"},{\"@type\":\"ListItem\",\"position\":2,\"name\":\"ISE 2022 Convertir\"}]},{\"@type\":\"WebSite\",\"@id\":\"https:\/\/lindy.com\/fr\/#website\",\"url\":\"https:\/\/lindy.com\/fr\/\",\"name\":\"Lindy - French\",\"description\":\"Connection Perfection\",\"potentialAction\":[{\"@type\":\"SearchAction\",\"target\":{\"@type\":\"EntryPoint\",\"urlTemplate\":\"https:\/\/lindy.com\/fr\/?s={search_term_string}\"},\"query-input\":{\"@type\":\"PropertyValueSpecification\",\"valueRequired\":true,\"valueName\":\"search_term_string\"}}],\"inLanguage\":\"fr-FR\"}]}<\/script>\n<!-- \/ Yoast SEO plugin. -->","yoast_head_json":{"title":"ISE 2022 Convertir - Lindy - French","robots":{"index":"index","follow":"follow","max-snippet":"max-snippet:-1","max-image-preview":"max-image-preview:large","max-video-preview":"max-video-preview:-1"},"canonical":"https:\/\/lindy.com\/fr\/ise-2022-convertir\/","og_locale":"fr_FR","og_type":"article","og_title":"ISE 2022 Convertir - Lindy - French","og_url":"https:\/\/lindy.com\/fr\/ise-2022-convertir\/","og_site_name":"Lindy - French","article_modified_time":"2025-07-03T07:21:17+00:00","og_image":[{"url":"https:\/\/lindy.com\/fr\/wp-content\/uploads\/sites\/4\/2022\/05\/Converting.jpg","type":"","width":"","height":""}],"twitter_card":"summary_large_image","twitter_misc":{"Dur\u00e9e de lecture estim\u00e9e":"3 minutes"},"schema":{"@context":"https:\/\/schema.org","@graph":[{"@type":"WebPage","@id":"https:\/\/lindy.com\/fr\/ise-2022-convertir\/","url":"https:\/\/lindy.com\/fr\/ise-2022-convertir\/","name":"ISE 2022 Convertir - Lindy - French","isPartOf":{"@id":"https:\/\/lindy.com\/fr\/#website"},"primaryImageOfPage":{"@id":"https:\/\/lindy.com\/fr\/ise-2022-convertir\/#primaryimage"},"image":{"@id":"https:\/\/lindy.com\/fr\/ise-2022-convertir\/#primaryimage"},"thumbnailUrl":"https:\/\/lindy.com\/fr\/wp-content\/uploads\/sites\/4\/2022\/05\/Converting.jpg","datePublished":"2021-12-15T10:45:00+00:00","dateModified":"2025-07-03T07:21:17+00:00","breadcrumb":{"@id":"https:\/\/lindy.com\/fr\/ise-2022-convertir\/#breadcrumb"},"inLanguage":"fr-FR","potentialAction":[{"@type":"ReadAction","target":["https:\/\/lindy.com\/fr\/ise-2022-convertir\/"]}]},{"@type":"ImageObject","inLanguage":"fr-FR","@id":"https:\/\/lindy.com\/fr\/ise-2022-convertir\/#primaryimage","url":"https:\/\/lindy.com\/fr\/wp-content\/uploads\/sites\/4\/2022\/05\/Converting.jpg","contentUrl":"https:\/\/lindy.com\/fr\/wp-content\/uploads\/sites\/4\/2022\/05\/Converting.jpg","width":1920,"height":1080},{"@type":"BreadcrumbList","@id":"https:\/\/lindy.com\/fr\/ise-2022-convertir\/#breadcrumb","itemListElement":[{"@type":"ListItem","position":1,"name":"Home","item":"https:\/\/lindy.com\/fr\/"},{"@type":"ListItem","position":2,"name":"ISE 2022 Convertir"}]},{"@type":"WebSite","@id":"https:\/\/lindy.com\/fr\/#website","url":"https:\/\/lindy.com\/fr\/","name":"Lindy - French","description":"Connection Perfection","potentialAction":[{"@type":"SearchAction","target":{"@type":"EntryPoint","urlTemplate":"https:\/\/lindy.com\/fr\/?s={search_term_string}"},"query-input":{"@type":"PropertyValueSpecification","valueRequired":true,"valueName":"search_term_string"}}],"inLanguage":"fr-FR"}]}},"_links":{"self":[{"href":"https:\/\/lindy.com\/fr\/wp-json\/wp\/v2\/pages\/1260","targetHints":{"allow":["GET"]}}],"collection":[{"href":"https:\/\/lindy.com\/fr\/wp-json\/wp\/v2\/pages"}],"about":[{"href":"https:\/\/lindy.com\/fr\/wp-json\/wp\/v2\/types\/page"}],"author":[{"embeddable":true,"href":"https:\/\/lindy.com\/fr\/wp-json\/wp\/v2\/users\/20"}],"replies":[{"embeddable":true,"href":"https:\/\/lindy.com\/fr\/wp-json\/wp\/v2\/comments?post=1260"}],"version-history":[{"count":3,"href":"https:\/\/lindy.com\/fr\/wp-json\/wp\/v2\/pages\/1260\/revisions"}],"predecessor-version":[{"id":5856,"href":"https:\/\/lindy.com\/fr\/wp-json\/wp\/v2\/pages\/1260\/revisions\/5856"}],"wp:attachment":[{"href":"https:\/\/lindy.com\/fr\/wp-json\/wp\/v2\/media?parent=1260"}],"curies":[{"name":"wp","href":"https:\/\/api.w.org\/{rel}","templated":true}]}}