{"id":1353,"date":"2022-05-03T09:27:08","date_gmt":"2022-05-03T09:27:08","guid":{"rendered":"https:\/\/lindy.com\/fr\/?page_id=1353"},"modified":"2022-05-03T09:38:42","modified_gmt":"2022-05-03T09:38:42","slug":"ise-2022-connecting","status":"publish","type":"page","link":"https:\/\/lindy.com\/fr\/ise-2022-connecting\/","title":{"rendered":"ISE 2022 Connecting"},"content":{"rendered":"\n<section class=\"wp-block-lindy-full-width-image section section--full-width-image full-width-image theme--dark align--left font--size-medium\" style=\"background-image:url(https:\/\/lindy.com\/fr\/wp-content\/uploads\/sites\/4\/2022\/05\/Connecting.jpg)\"><img decoding=\"async\" class=\"full-width-image__image\" src=\"https:\/\/lindy.com\/fr\/wp-content\/uploads\/sites\/4\/2022\/05\/Connecting.jpg\"\/><div class=\"contained\"><div class=\"full-width-image__content\"><\/div><\/div><\/section>\n\n\n\n<section class=\"wp-block-lindy-image-text-module section section--full-width-image full-width-image--with-text theme--dark section--animation-none align--left  font--size-medium width--half\" style=\"background-image:url(https:\/\/lindy.com\/en\/wp-content\/uploads\/sites\/2\/2022\/02\/36951_HW.jpg)\"><img decoding=\"async\" class=\"full-width-image__image\" src=\"https:\/\/lindy.com\/en\/wp-content\/uploads\/sites\/2\/2022\/02\/36951_HW.jpg\"\/><div class=\"contained\"><div class=\"full-width-image__content\"><\/div><\/div><\/section>\n\n\n\n<section class=\"wp-block-lindy-image-text-module section section--full-width-image full-width-image--with-text theme--dark section--animation-none align--left  font--size-medium width--half\" style=\"background-image:url()\"><img decoding=\"async\" class=\"full-width-image__image\" src=\"\"\/><div class=\"contained\"><div class=\"full-width-image__content\"><h2 class=\"section__heading\"><span>C\u00e2ble HDMI Ultra High Speed, Anthra Line,<br\/>0,5 &#8211; 3m<\/span><\/h2><h2 class=\"section__subheading section__subheading__title\">36951-4<br\/><br\/><\/h2><p class=\"section__paragraph\">\u2022 C\u00e2ble HDMI 2.1 Ultra High Speed de choix professionnel pour les installations AV et IT commerciales et de haute performance<br\/>\u2022 Prend en charge les r\u00e9solutions jusqu&rsquo;\u00e0 10240&#215;4320 4:2:0 12bit<br\/>\u2022 Bo\u00eetier en PVC robuste, connecteurs et contacts plaqu\u00e9s or 24 carats<br\/><br\/><a href=\"https:\/\/lindy.com\/fr\/wp-content\/uploads\/sites\/4\/2022\/05\/36951-4_TDS_FR.pdf\" target=\"_blank\" rel=\"noreferrer noopener\">T\u00e9l\u00e9charger la fiche technique<\/a><\/p><a href=\"https:\/\/www.lindy.fr\/Cable-HDMI-Ultra-High-Speed-Anthra-Line-0-5m-.htm?websale8=ld0101.ld031103&amp;pi=36951&amp;ci=80\" class=\"button button--white-transparent\" target=\"_self\" rel=\"noopener noreferrer\">VOIR LE PRODUIT<\/a><\/div><\/div><\/section>\n\n\n\n<section class=\"wp-block-lindy-image-text-module section section--full-width-image full-width-image--with-text theme--light section--animation-none align--left  font--size-medium width--half\" style=\"background-image:url()\"><img decoding=\"async\" class=\"full-width-image__image\" src=\"\"\/><div class=\"contained\"><div class=\"full-width-image__content\"><h2 class=\"section__heading\"><span>C\u00e2ble HDMI Ultra High Speed, Gold Line, 1-5M<\/span><\/h2><h2 class=\"section__subheading section__subheading__title\">37601-4<br\/><br\/><\/h2><p class=\"section__paragraph\">\u2022 C\u00e2ble HDMI 2.1 Ultra High Speed sans compromis, certifi\u00e9 pour des performances ultimes dans les environnements exigeants et les syst\u00e8mes critiques<br\/>\u2022 Prend en charge les r\u00e9solutions jusqu&rsquo;\u00e0 10240&#215;4320 4:2:0 12bit<br\/>\u2022  Bo\u00eetier du connecteur tout en m\u00e9tal plaqu\u00e9 or 24K, connecteurs et contacts plaqu\u00e9s or 24K<br\/>C\u00e2ble \u00e0 triple blindage \u00e0 faible att\u00e9nuation, r\u00e9sistant \u00e0 la corrosion, conducteurs haute performance OFC (cuivre sans oxyg\u00e8ne) 30AWG<br\/><br\/><br\/><a href=\"https:\/\/lindy.com\/fr\/wp-content\/uploads\/sites\/4\/2022\/05\/37601-4_TDS_FR.pdf\" target=\"_blank\" rel=\"noreferrer noopener\">T\u00e9l\u00e9charger la fiche technique<\/a><\/p><a href=\"https:\/\/www.lindy.fr\/Cable-HDMI-Ultra-High-Speed-Gold-Line-1m-.htm?websale8=ld0101.ld031103&amp;pi=37601&amp;ci=80\" class=\"button button--dark\" target=\"_self\" rel=\"noopener noreferrer\">Voir le produit<\/a><\/div><\/div><\/section>\n\n\n\n<section class=\"wp-block-lindy-image-text-module section section--full-width-image full-width-image--with-text theme--light section--animation-none align--left  font--size-medium width--half\" style=\"background-image:url(https:\/\/lindy.com\/en\/wp-content\/uploads\/sites\/2\/2022\/02\/37601_HW.jpg)\"><img decoding=\"async\" class=\"full-width-image__image\" src=\"https:\/\/lindy.com\/en\/wp-content\/uploads\/sites\/2\/2022\/02\/37601_HW.jpg\"\/><div class=\"contained\"><div class=\"full-width-image__content\"><\/div><\/div><\/section>\n","protected":false},"excerpt":{"rendered":"","protected":false},"author":20,"featured_media":0,"parent":0,"menu_order":0,"comment_status":"closed","ping_status":"closed","template":"page-templates\/template-landing.php","meta":{"_acf_changed":false,"footnotes":""},"class_list":["post-1353","page","type-page","status-publish","hentry"],"acf":[],"yoast_head":"<!-- This site is optimized with the Yoast SEO plugin v26.6 - https:\/\/yoast.com\/wordpress\/plugins\/seo\/ -->\n<title>ISE 2022 Connecting - Lindy - French<\/title>\n<meta name=\"robots\" content=\"index, follow, max-snippet:-1, max-image-preview:large, max-video-preview:-1\" \/>\n<link rel=\"canonical\" href=\"https:\/\/lindy.com\/fr\/ise-2022-connecting\/\" \/>\n<meta property=\"og:locale\" content=\"fr_FR\" \/>\n<meta property=\"og:type\" content=\"article\" \/>\n<meta property=\"og:title\" content=\"ISE 2022 Connecting - Lindy - French\" \/>\n<meta property=\"og:url\" content=\"https:\/\/lindy.com\/fr\/ise-2022-connecting\/\" \/>\n<meta property=\"og:site_name\" content=\"Lindy - French\" \/>\n<meta property=\"article:modified_time\" content=\"2022-05-03T09:38:42+00:00\" \/>\n<meta property=\"og:image\" content=\"https:\/\/lindy.com\/fr\/wp-content\/uploads\/sites\/4\/2022\/05\/Connecting.jpg\" \/>\n<meta name=\"twitter:card\" content=\"summary_large_image\" \/>\n<meta name=\"twitter:label1\" content=\"Dur\u00e9e de lecture estim\u00e9e\" \/>\n\t<meta name=\"twitter:data1\" content=\"2 minutes\" \/>\n<script type=\"application\/ld+json\" class=\"yoast-schema-graph\">{\"@context\":\"https:\/\/schema.org\",\"@graph\":[{\"@type\":\"WebPage\",\"@id\":\"https:\/\/lindy.com\/fr\/ise-2022-connecting\/\",\"url\":\"https:\/\/lindy.com\/fr\/ise-2022-connecting\/\",\"name\":\"ISE 2022 Connecting - Lindy - French\",\"isPartOf\":{\"@id\":\"https:\/\/lindy.com\/fr\/#website\"},\"primaryImageOfPage\":{\"@id\":\"https:\/\/lindy.com\/fr\/ise-2022-connecting\/#primaryimage\"},\"image\":{\"@id\":\"https:\/\/lindy.com\/fr\/ise-2022-connecting\/#primaryimage\"},\"thumbnailUrl\":\"https:\/\/lindy.com\/fr\/wp-content\/uploads\/sites\/4\/2022\/05\/Connecting.jpg\",\"datePublished\":\"2022-05-03T09:27:08+00:00\",\"dateModified\":\"2022-05-03T09:38:42+00:00\",\"breadcrumb\":{\"@id\":\"https:\/\/lindy.com\/fr\/ise-2022-connecting\/#breadcrumb\"},\"inLanguage\":\"fr-FR\",\"potentialAction\":[{\"@type\":\"ReadAction\",\"target\":[\"https:\/\/lindy.com\/fr\/ise-2022-connecting\/\"]}]},{\"@type\":\"ImageObject\",\"inLanguage\":\"fr-FR\",\"@id\":\"https:\/\/lindy.com\/fr\/ise-2022-connecting\/#primaryimage\",\"url\":\"https:\/\/lindy.com\/fr\/wp-content\/uploads\/sites\/4\/2022\/05\/Connecting.jpg\",\"contentUrl\":\"https:\/\/lindy.com\/fr\/wp-content\/uploads\/sites\/4\/2022\/05\/Connecting.jpg\",\"width\":1920,\"height\":1080},{\"@type\":\"BreadcrumbList\",\"@id\":\"https:\/\/lindy.com\/fr\/ise-2022-connecting\/#breadcrumb\",\"itemListElement\":[{\"@type\":\"ListItem\",\"position\":1,\"name\":\"Home\",\"item\":\"https:\/\/lindy.com\/fr\/\"},{\"@type\":\"ListItem\",\"position\":2,\"name\":\"ISE 2022 Connecting\"}]},{\"@type\":\"WebSite\",\"@id\":\"https:\/\/lindy.com\/fr\/#website\",\"url\":\"https:\/\/lindy.com\/fr\/\",\"name\":\"Lindy - French\",\"description\":\"Connection Perfection\",\"potentialAction\":[{\"@type\":\"SearchAction\",\"target\":{\"@type\":\"EntryPoint\",\"urlTemplate\":\"https:\/\/lindy.com\/fr\/?s={search_term_string}\"},\"query-input\":{\"@type\":\"PropertyValueSpecification\",\"valueRequired\":true,\"valueName\":\"search_term_string\"}}],\"inLanguage\":\"fr-FR\"}]}<\/script>\n<!-- \/ Yoast SEO plugin. -->","yoast_head_json":{"title":"ISE 2022 Connecting - Lindy - French","robots":{"index":"index","follow":"follow","max-snippet":"max-snippet:-1","max-image-preview":"max-image-preview:large","max-video-preview":"max-video-preview:-1"},"canonical":"https:\/\/lindy.com\/fr\/ise-2022-connecting\/","og_locale":"fr_FR","og_type":"article","og_title":"ISE 2022 Connecting - Lindy - French","og_url":"https:\/\/lindy.com\/fr\/ise-2022-connecting\/","og_site_name":"Lindy - French","article_modified_time":"2022-05-03T09:38:42+00:00","og_image":[{"url":"https:\/\/lindy.com\/fr\/wp-content\/uploads\/sites\/4\/2022\/05\/Connecting.jpg","type":"","width":"","height":""}],"twitter_card":"summary_large_image","twitter_misc":{"Dur\u00e9e de lecture estim\u00e9e":"2 minutes"},"schema":{"@context":"https:\/\/schema.org","@graph":[{"@type":"WebPage","@id":"https:\/\/lindy.com\/fr\/ise-2022-connecting\/","url":"https:\/\/lindy.com\/fr\/ise-2022-connecting\/","name":"ISE 2022 Connecting - Lindy - French","isPartOf":{"@id":"https:\/\/lindy.com\/fr\/#website"},"primaryImageOfPage":{"@id":"https:\/\/lindy.com\/fr\/ise-2022-connecting\/#primaryimage"},"image":{"@id":"https:\/\/lindy.com\/fr\/ise-2022-connecting\/#primaryimage"},"thumbnailUrl":"https:\/\/lindy.com\/fr\/wp-content\/uploads\/sites\/4\/2022\/05\/Connecting.jpg","datePublished":"2022-05-03T09:27:08+00:00","dateModified":"2022-05-03T09:38:42+00:00","breadcrumb":{"@id":"https:\/\/lindy.com\/fr\/ise-2022-connecting\/#breadcrumb"},"inLanguage":"fr-FR","potentialAction":[{"@type":"ReadAction","target":["https:\/\/lindy.com\/fr\/ise-2022-connecting\/"]}]},{"@type":"ImageObject","inLanguage":"fr-FR","@id":"https:\/\/lindy.com\/fr\/ise-2022-connecting\/#primaryimage","url":"https:\/\/lindy.com\/fr\/wp-content\/uploads\/sites\/4\/2022\/05\/Connecting.jpg","contentUrl":"https:\/\/lindy.com\/fr\/wp-content\/uploads\/sites\/4\/2022\/05\/Connecting.jpg","width":1920,"height":1080},{"@type":"BreadcrumbList","@id":"https:\/\/lindy.com\/fr\/ise-2022-connecting\/#breadcrumb","itemListElement":[{"@type":"ListItem","position":1,"name":"Home","item":"https:\/\/lindy.com\/fr\/"},{"@type":"ListItem","position":2,"name":"ISE 2022 Connecting"}]},{"@type":"WebSite","@id":"https:\/\/lindy.com\/fr\/#website","url":"https:\/\/lindy.com\/fr\/","name":"Lindy - French","description":"Connection Perfection","potentialAction":[{"@type":"SearchAction","target":{"@type":"EntryPoint","urlTemplate":"https:\/\/lindy.com\/fr\/?s={search_term_string}"},"query-input":{"@type":"PropertyValueSpecification","valueRequired":true,"valueName":"search_term_string"}}],"inLanguage":"fr-FR"}]}},"_links":{"self":[{"href":"https:\/\/lindy.com\/fr\/wp-json\/wp\/v2\/pages\/1353","targetHints":{"allow":["GET"]}}],"collection":[{"href":"https:\/\/lindy.com\/fr\/wp-json\/wp\/v2\/pages"}],"about":[{"href":"https:\/\/lindy.com\/fr\/wp-json\/wp\/v2\/types\/page"}],"author":[{"embeddable":true,"href":"https:\/\/lindy.com\/fr\/wp-json\/wp\/v2\/users\/20"}],"replies":[{"embeddable":true,"href":"https:\/\/lindy.com\/fr\/wp-json\/wp\/v2\/comments?post=1353"}],"version-history":[{"count":0,"href":"https:\/\/lindy.com\/fr\/wp-json\/wp\/v2\/pages\/1353\/revisions"}],"wp:attachment":[{"href":"https:\/\/lindy.com\/fr\/wp-json\/wp\/v2\/media?parent=1353"}],"curies":[{"name":"wp","href":"https:\/\/api.w.org\/{rel}","templated":true}]}}