{"id":1662,"date":"2023-10-12T13:08:30","date_gmt":"2023-10-12T13:08:30","guid":{"rendered":"https:\/\/lindy.com\/fr\/?page_id=1662"},"modified":"2025-07-03T07:09:53","modified_gmt":"2025-07-03T07:09:53","slug":"cables-aoc","status":"publish","type":"page","link":"https:\/\/lindy.com\/fr\/cables-aoc\/","title":{"rendered":"C\u00c2BLES AOC"},"content":{"rendered":"\n<section class=\"wp-block-lindy-image-text-module section section--full-width-image full-width-image--with-text theme--dark section--animation-none align--right  font--size-medium\" style=\"background-image:url(https:\/\/lindy.com\/de\/wp-content\/uploads\/sites\/3\/2023\/09\/Header-4.jpg)\"><img decoding=\"async\" class=\"full-width-image__image\" src=\"https:\/\/lindy.com\/de\/wp-content\/uploads\/sites\/3\/2023\/09\/Header-4.jpg\"\/><div class=\"contained\"><div class=\"full-width-image__content\"><h2 class=\"section__heading\"><span><strong>8K VIA FIBRE OPTIQUE<\/strong><\/span><\/h2><h2 class=\"section__subheading section__subheading__title\">C\u00c2BLES AOC POUR AV<\/h2><\/div><\/div><\/section>\n\n\n\n<section class=\"wp-block-lindy-paragraph-and-images full-width-image--with-text section section--paragraph-image  theme--light font--size-medium\"><div class=\"grid-noBottom-middle-reverse\"><div class=\"col-6_sm-12 full-width-image__content section section--animation-none align--left \"><div class=\"content--animate\"><div class=\"contained\"><h2 class=\"section__heading\"><span><strong>POURQUOI LA<\/strong><br\/><strong> FIBRE <\/strong>O<strong>PTIQUE<\/strong><\/span><\/h2><h2 class=\"section__subheading section__subheading__title\">POUR LES C\u00c2BLES AV ?<\/h2><p class=\"section__paragraph\"><br\/>Les \u00e9crans d&rsquo;aujourd&rsquo;hui, qui ne cessent de grandir, exigent des contenus avec des r\u00e9solutions d&rsquo;image AV de plus en plus \u00e9lev\u00e9es. Ce qui pose d&rsquo;\u00e9normes exigences en termes de bande passante aux voies de transmission. Alors que les environnements continuent de s&rsquo;\u00e9tendre, entra\u00eenant des distances de transmission plus longues, les c\u00e2bles en cuivre conventionnels atteignent rapidement leurs limites. L&rsquo;utilisation de la fibre optique permet de rem\u00e9dier \u00e0 cette situation.<br\/><br\/><strong>Mode Mixte<\/strong><br\/><br\/>Les c\u00e2bles AOC (<strong>C<\/strong>\u00e2bles <strong>O<\/strong>ptiques <strong>A<\/strong>ctifs) utilisent un mat\u00e9riau de c\u00e2ble hybride qui combine des fibres de verre et des conducteurs en cuivre. C&rsquo;est pourquoi on les appelle souvent des \u00ab\u00a0c\u00e2bles hybrides\u00a0\u00bb. L&rsquo;innovation technique consiste \u00e0 diviser le signal AV en signal utile proprement dit, qui est envoy\u00e9 sur les fibres optiques sous forme d&rsquo;impulsions lumineuses avec une large bande passante allant jusqu&rsquo;\u00e0 48 Gbit\/s, et en signaux de commande plus modestes, qui se contentent des fils de cuivre m\u00eame sur de grandes distances. Cela simplifie de mani\u00e8re significative la technologie de conversion n\u00e9cessaire, permet une alimentation \u00e9lectrique \u00e0 distance \u00e0 travers le c\u00e2ble et combine ainsi les avantages des fils de cuivre robustes avec ceux des fibres optiques, offrant \u00e0 l&rsquo;utilisateur le meilleur des deux mondes.<\/p><\/div><\/div><\/div><div class=\"col-6_sm-12 full-width-image--with-text align--left\" style=\"background-image:url(https:\/\/lindy.com\/de\/wp-content\/uploads\/sites\/3\/2023\/09\/Resolution-1.jpg)\"><img decoding=\"async\" src=\"https:\/\/lindy.com\/de\/wp-content\/uploads\/sites\/3\/2023\/09\/Resolution-1.jpg\"\/><\/div><\/div><\/section>\n\n\n\n<section class=\"wp-block-lindy-parallax-hero section parallax-hero theme--light align--left  font--size-medium\" style=\"background-image:url(https:\/\/lindy.com\/de\/wp-content\/uploads\/sites\/3\/2023\/09\/Header-3.jpg)\"><div class=\"contained contained--full-width\"><div class=\"parallax-hero__content\"><div class=\"parallax-hero__content-wrapper align--left\"><\/div><\/div><\/div><\/section>\n\n\n\n<section class=\"wp-block-lindy-parallax-hero section parallax-hero theme--dark align--right  font--size-medium\" style=\"background-image:url(https:\/\/lindy.com\/de\/wp-content\/uploads\/sites\/3\/2023\/09\/Header-3.jpg)\"><div class=\"contained contained--full-width\"><div class=\"parallax-hero__content\"><div class=\"parallax-hero__content-wrapper align--right\"><h2 class=\"section__heading\"><span>C\u00c2BLES HYBRIDES FIBRE-OPTIQUE <\/span><\/h2><h2 class=\"section__subheading section__subheading__title\">POUR HDMI\u00ae ET DisplayPort\u2122<br\/><\/h2><\/div><\/div><\/div><\/section>\n\n\n\n<section class=\"wp-block-lindy-paragraph-and-images full-width-image--with-text section section--paragraph-image  theme--light font--size-small\"><div class=\"grid-noBottom-middle-reverse\"><div class=\"col-6_sm-12 full-width-image__content section section--animation-right align--left \"><div class=\"content--animate\"><div class=\"contained\"><h2 class=\"section__heading\"><span><br\/><br\/><strong>C\u00c2BLE HDMI\u00ae 8K60<\/strong><br\/>HYBRIDE FIBRE OPTIQUE<\/span><\/h2><h2 class=\"section__subheading section__subheading__title\">No. 38510 &#8211; 38515<\/h2><p class=\"section__paragraph\"><br\/><strong><strong>Signaux HDMI\u00ae haute r\u00e9solution avec 8K<\/strong><br\/><strong>Sur des distances allant jusqu&rsquo;\u00e0 200m<\/strong><\/strong><br\/>\u00a0<br\/>Avec leur bande passante de 48Gbit\/s, les c\u00e2bles supportent les r\u00e9solutions HDMI\u00ae 2.1 \u00e0 60Hz jusqu&rsquo;\u00e0 8K sans compression ou 10K avec DSC (<strong>D<\/strong>isplay<strong> S<\/strong>tream <strong>C<\/strong>ompression) et \u00e0 120Hz jusqu&rsquo;\u00e0 4K, ce qui est id\u00e9al pour les jeux et les montages vid\u00e9o.<br\/><br\/>\u2022 Version HDMI\u00ae prise en charge : HDMI 2.1<br\/>\u2022 Largeur de bande prise en charge : 48GBit\/s<br\/>\u2022 R\u00e9solutions prise en charge :<br\/>&#8212; 60Hz: 7680&#215;4320 4:2:0 10bit, 10240&#215;4320(DSC)<br\/>&#8212; 120Hz: 3840&#215;2160 4:4:4<br\/>\u2022 Rev\u00eatement de la douille, du connecteur et des broches : Or<br\/>\u2022 Mat\u00e9riau du bo\u00eetier de connecteur : PVC<br\/>\u2022 Longueurs disponibles : 10m, 15m, 20m, 30m, 40m, 50m<br\/>\u2022 Longueurs jusqu&rsquo;\u00e0 200m sur demande<br\/><br\/><\/p><div class=\"section__button\"><a href=\"https:\/\/www.lindy.fr\/?websale8=ld0101.ld031103&amp;ci=271\" class=\"button button--dark\" target=\"_blank\">ACHETER EN LIGNE<\/a><\/div><\/div><\/div><\/div><div class=\"col-6_sm-12 full-width-image--with-text align--left\" style=\"background-image:url(https:\/\/lindy.com\/de\/wp-content\/uploads\/sites\/3\/2023\/09\/38510-5-LP-Half-Width.png)\"><img decoding=\"async\" src=\"https:\/\/lindy.com\/de\/wp-content\/uploads\/sites\/3\/2023\/09\/38510-5-LP-Half-Width.png\"\/><\/div><\/div><\/section>\n\n\n\n<section class=\"wp-block-lindy-paragraph-and-images full-width-image--with-text section section--paragraph-image  theme--light font--size-small\"><div class=\"grid-noBottom-middle\"><div class=\"col-6_sm-12 full-width-image__content section section--animation-left align--right \"><div class=\"content--animate\"><div class=\"contained\"><h2 class=\"section__heading\"><span><br\/><strong>C\u00c2BLE DisplayPort\u2122 2.0 UHBR10<\/strong><br\/><strong>HYBRIDE FIBRE OPTIQUE<\/strong><\/span><\/h2><h2 class=\"section__subheading section__subheading__title\">No. 38520 &#8211; 38525<\/h2><p class=\"section__paragraph\"><br\/><strong>Signaux DP haute r\u00e9solution avec 8K<\/strong><br\/><strong>Sur des distances allant jusqu&rsquo;\u00e0 50m<\/strong><br\/>\u00a0<br\/>Avec une bande passante de 40Gbit\/s UHBR10 (Ultra High Bit Rate \u2013 10Gbit\/s par voie) les c\u00e2bles prennent en charge les r\u00e9solutions DisplayPort\u2122 2.0 \u00e0 60Hz jusqu&rsquo;\u00e0 8K sans compression ou 10K avec DSC (Display Stream Compression) &#8211; id\u00e9al pour les jeux et l&rsquo;\u00e9dition vid\u00e9o &#8211; \u00e0 144 Hz jusqu&rsquo;\u00e0 4K..<br\/><br\/>\u2022 Version DP prise en charge : DisplayPort\u2122 2.0<br\/>\u2022 Largeur de bande prise en charge : 40GBit\/s<br\/>\u2022 R\u00e9solutions prises en charge :<br\/>&#8212; 60Hz: 7680&#215;4320 4:2:0 10bit, 10240&#215;4320(DSC)<br\/>&#8212; 120Hz: 3840&#215;2160 4:4:4<br\/>\u2022 Rev\u00eatement de la douille, du connecteur et des broches : Or<br\/>\u2022 Mat\u00e9riau du bo\u00eetier de connecteur : PVC<br\/>\u2022 Longueurs disponibles : 10m, 15m, 20m, 30m, 40m, 50m<br\/><br\/><\/p><div class=\"section__button\"><a href=\"https:\/\/www.lindy.fr\/?websale8=ld0101.ld031103&amp;ci=272\" class=\"button button--dark\" target=\"_blank\">ACHETER EN LIGNE<\/a><\/div><\/div><\/div><\/div><div class=\"col-6_sm-12 full-width-image--with-text align--right\" style=\"background-image:url(https:\/\/lindy.com\/de\/wp-content\/uploads\/sites\/3\/2023\/09\/38520-5-LP-Half-Width.png)\"><img decoding=\"async\" src=\"https:\/\/lindy.com\/de\/wp-content\/uploads\/sites\/3\/2023\/09\/38520-5-LP-Half-Width.png\"\/><\/div><\/div><\/section>\n\n\n\n<section class=\"wp-block-lindy-parallax-hero section parallax-hero theme--dark align--right  font--size-medium\" style=\"background-image:url(https:\/\/lindy.com\/de\/wp-content\/uploads\/sites\/3\/2023\/09\/HDMI-Steckerzeichnung.png)\"><div class=\"contained contained--full-width\"><div class=\"parallax-hero__content\"><div class=\"parallax-hero__content-wrapper align--right\"><p class=\"section__paragraph\"><br\/><\/p><\/div><\/div><\/div><\/section>\n\n\n\n<section class=\"wp-block-lindy-parallax-hero section parallax-hero theme--dark align--right  font--size-medium\" style=\"background-image:url(https:\/\/lindy.com\/de\/wp-content\/uploads\/sites\/3\/2023\/09\/HDMI-Steckerzeichnung.png)\"><div class=\"contained contained--full-width\"><div class=\"parallax-hero__content\"><div class=\"parallax-hero__content-wrapper align--right\"><h2 class=\"section__heading\"><span><strong><strong>TECHNOLOGIE<\/strong> <\/strong><\/span><\/h2><h2 class=\"section__subheading section__subheading__title\">INT\u00c9RIEURE<\/h2><p class=\"section__paragraph\"><br\/>La technologie de conversion tr\u00e8s compacte, charg\u00e9e de convertir les signaux AV \u00e9lectriques en fibres optiques et vice versa, est int\u00e9gr\u00e9e aux connecteurs du c\u00e2ble. Elle est aliment\u00e9e directement par l&rsquo;interface HDMI\u00ae ou DisplayPort\u2122. Par cons\u00e9quent, les c\u00e2bles ont une orientation directionnelle pr\u00e9d\u00e9termin\u00e9e, les connecteurs \u00e9tant marqu\u00e9s comme \u00ab\u00a0Display\u00a0\u00bb et \u00ab\u00a0Source\u00a0\u00bb.<\/p><\/div><\/div><\/div><\/section>\n\n\n\n<section class=\"wp-block-lindy-paragraph-and-images full-width-image--with-text section section--paragraph-image  theme--light font--size-medium\"><div class=\"grid-noBottom-middle\"><div class=\"col-6_sm-12 full-width-image__content section section--animation-none align--right \"><div class=\"content--animate\"><div class=\"contained\"><h2 class=\"section__heading\"><span>HDR <\/span><\/h2><h2 class=\"section__subheading section__subheading__title\">POUR TOUS<\/h2><p class=\"section__paragraph\"><br\/>Pour les c\u00e2bles HDMI\u00ae et DisplayPort\u2122, la prise en charge de 10 Gbit\/s par canal de couleur permet l&rsquo;affichage de contenu vid\u00e9o en HDR, offrant un espace colorim\u00e9trique \u00e9tendu BT.2020 et une plage de contraste \u00e9lev\u00e9e. Cela permet de reproduire le contenu avec une pr\u00e9cision exceptionnelle et une nettet\u00e9 optimale, m\u00eame \u00e0 des taux de rafra\u00eechissement \u00e9lev\u00e9s. Les broches et les manchons de connecteur plaqu\u00e9s or garantissent une r\u00e9sistance \u00e0 la corrosion, assurant une coh\u00e9rence du signal \u00e0 long terme.<\/p><\/div><\/div><\/div><div class=\"col-6_sm-12 full-width-image--with-text align--right\" style=\"background-image:url(https:\/\/lindy.com\/de\/wp-content\/uploads\/sites\/3\/2023\/09\/Living-room-screen.jpg)\"><img decoding=\"async\" src=\"https:\/\/lindy.com\/de\/wp-content\/uploads\/sites\/3\/2023\/09\/Living-room-screen.jpg\"\/><\/div><\/div><\/section>\n\n\n\n<section class=\"wp-block-lindy-paragraph-and-images full-width-image--with-text section section--paragraph-image  theme--light font--size-medium\"><div class=\"grid-noBottom-middle-reverse\"><div class=\"col-6_sm-12 full-width-image__content section section--animation-none align--left \"><div class=\"content--animate\"><div class=\"contained\"><h2 class=\"section__heading\"><span><strong>R\u00c9SISTANT AUX INTERF\u00c9RENCES<\/strong><\/span><\/h2><h2 class=\"section__subheading section__subheading__title\">DES RF ET EMI<\/h2><p class=\"section__paragraph\"><br\/>La combinaison des c\u00e2bles en cuivre et en fibre optique permet de minimiser les rayonnements \u00e9lectromagn\u00e9tiques et d&rsquo;offrir une r\u00e9sistance \u00e9lev\u00e9e aux interf\u00e9rences \u00e9lectromagn\u00e9tiques et radio\u00e9lectriques pendant le fonctionnement. Ces c\u00e2bles constituent donc le support de transmission id\u00e9al pour divers sc\u00e9narios, notamment dans les secteurs industriel et m\u00e9dical, ainsi que pour les applications de signalisation num\u00e9rique, DooH et l&rsquo;utilisation domestique.<\/p><\/div><\/div><\/div><div class=\"col-6_sm-12 full-width-image--with-text align--left\" style=\"background-image:url(https:\/\/lindy.com\/de\/wp-content\/uploads\/sites\/3\/2023\/09\/fibre-dots.png)\"><img decoding=\"async\" src=\"https:\/\/lindy.com\/de\/wp-content\/uploads\/sites\/3\/2023\/09\/fibre-dots.png\"\/><\/div><\/div><\/section>\n\n\n\n<section class=\"wp-block-lindy-image-text-module section section--full-width-image full-width-image--with-text theme--dark section--animation-none align--center  font--size-medium\" style=\"background-image:url(https:\/\/lindy.com\/fr\/wp-content\/uploads\/sites\/4\/2023\/03\/FR-meet-Michel-and-Jeremy-2.jpg)\"><img decoding=\"async\" class=\"full-width-image__image\" src=\"https:\/\/lindy.com\/fr\/wp-content\/uploads\/sites\/4\/2023\/03\/FR-meet-Michel-and-Jeremy-2.jpg\"\/><div class=\"contained\"><div class=\"full-width-image__content\"><h2 class=\"section__heading\"><span>Vous avez des questions ou <br\/>besoin d&rsquo;un conseil personnalis\u00e9 ?<\/span><\/h2><h2 class=\"section__subheading section__subheading__title\">PARLEZ-EN \u00c0 NOS EXPERTS<\/h2><p class=\"section__paragraph\"><br\/><\/p><a href=\"https:\/\/lindy.com\/fr\/conseil-sur-les-cables-aoc-pour-av\/\" class=\"button button--white-transparent\" target=\"_blank\" rel=\"noopener noreferrer\">PRENDRE CONTACT<\/a><\/div><\/div><\/section>\n","protected":false},"excerpt":{"rendered":"","protected":false},"author":21,"featured_media":0,"parent":0,"menu_order":0,"comment_status":"closed","ping_status":"closed","template":"page-templates\/template-landing.php","meta":{"_acf_changed":false,"footnotes":""},"class_list":["post-1662","page","type-page","status-publish","hentry"],"acf":[],"yoast_head":"<!-- This site is optimized with the Yoast SEO plugin v26.6 - https:\/\/yoast.com\/wordpress\/plugins\/seo\/ -->\n<title>C\u00c2BLES AOC - Lindy - French<\/title>\n<meta name=\"robots\" content=\"index, follow, max-snippet:-1, max-image-preview:large, max-video-preview:-1\" \/>\n<link rel=\"canonical\" href=\"https:\/\/lindy.com\/fr\/cables-aoc\/\" \/>\n<meta property=\"og:locale\" content=\"fr_FR\" \/>\n<meta property=\"og:type\" content=\"article\" \/>\n<meta property=\"og:title\" content=\"C\u00c2BLES AOC - Lindy - French\" \/>\n<meta property=\"og:url\" content=\"https:\/\/lindy.com\/fr\/cables-aoc\/\" \/>\n<meta property=\"og:site_name\" content=\"Lindy - French\" \/>\n<meta property=\"article:modified_time\" content=\"2025-07-03T07:09:53+00:00\" \/>\n<meta property=\"og:image\" content=\"https:\/\/lindy.com\/de\/wp-content\/uploads\/sites\/3\/2023\/09\/Header-4.jpg\" \/>\n<meta name=\"twitter:card\" content=\"summary_large_image\" \/>\n<meta name=\"twitter:label1\" content=\"Dur\u00e9e de lecture estim\u00e9e\" \/>\n\t<meta name=\"twitter:data1\" content=\"6 minutes\" \/>\n<script type=\"application\/ld+json\" class=\"yoast-schema-graph\">{\"@context\":\"https:\/\/schema.org\",\"@graph\":[{\"@type\":\"WebPage\",\"@id\":\"https:\/\/lindy.com\/fr\/cables-aoc\/\",\"url\":\"https:\/\/lindy.com\/fr\/cables-aoc\/\",\"name\":\"C\u00c2BLES AOC - Lindy - French\",\"isPartOf\":{\"@id\":\"https:\/\/lindy.com\/fr\/#website\"},\"primaryImageOfPage\":{\"@id\":\"https:\/\/lindy.com\/fr\/cables-aoc\/#primaryimage\"},\"image\":{\"@id\":\"https:\/\/lindy.com\/fr\/cables-aoc\/#primaryimage\"},\"thumbnailUrl\":\"https:\/\/lindy.com\/de\/wp-content\/uploads\/sites\/3\/2023\/09\/Header-4.jpg\",\"datePublished\":\"2023-10-12T13:08:30+00:00\",\"dateModified\":\"2025-07-03T07:09:53+00:00\",\"breadcrumb\":{\"@id\":\"https:\/\/lindy.com\/fr\/cables-aoc\/#breadcrumb\"},\"inLanguage\":\"fr-FR\",\"potentialAction\":[{\"@type\":\"ReadAction\",\"target\":[\"https:\/\/lindy.com\/fr\/cables-aoc\/\"]}]},{\"@type\":\"ImageObject\",\"inLanguage\":\"fr-FR\",\"@id\":\"https:\/\/lindy.com\/fr\/cables-aoc\/#primaryimage\",\"url\":\"https:\/\/lindy.com\/de\/wp-content\/uploads\/sites\/3\/2023\/09\/Header-4.jpg\",\"contentUrl\":\"https:\/\/lindy.com\/de\/wp-content\/uploads\/sites\/3\/2023\/09\/Header-4.jpg\"},{\"@type\":\"BreadcrumbList\",\"@id\":\"https:\/\/lindy.com\/fr\/cables-aoc\/#breadcrumb\",\"itemListElement\":[{\"@type\":\"ListItem\",\"position\":1,\"name\":\"Home\",\"item\":\"https:\/\/lindy.com\/fr\/\"},{\"@type\":\"ListItem\",\"position\":2,\"name\":\"C\u00c2BLES AOC\"}]},{\"@type\":\"WebSite\",\"@id\":\"https:\/\/lindy.com\/fr\/#website\",\"url\":\"https:\/\/lindy.com\/fr\/\",\"name\":\"Lindy - French\",\"description\":\"Connection Perfection\",\"potentialAction\":[{\"@type\":\"SearchAction\",\"target\":{\"@type\":\"EntryPoint\",\"urlTemplate\":\"https:\/\/lindy.com\/fr\/?s={search_term_string}\"},\"query-input\":{\"@type\":\"PropertyValueSpecification\",\"valueRequired\":true,\"valueName\":\"search_term_string\"}}],\"inLanguage\":\"fr-FR\"}]}<\/script>\n<!-- \/ Yoast SEO plugin. -->","yoast_head_json":{"title":"C\u00c2BLES AOC - Lindy - French","robots":{"index":"index","follow":"follow","max-snippet":"max-snippet:-1","max-image-preview":"max-image-preview:large","max-video-preview":"max-video-preview:-1"},"canonical":"https:\/\/lindy.com\/fr\/cables-aoc\/","og_locale":"fr_FR","og_type":"article","og_title":"C\u00c2BLES AOC - Lindy - French","og_url":"https:\/\/lindy.com\/fr\/cables-aoc\/","og_site_name":"Lindy - French","article_modified_time":"2025-07-03T07:09:53+00:00","og_image":[{"url":"https:\/\/lindy.com\/de\/wp-content\/uploads\/sites\/3\/2023\/09\/Header-4.jpg","type":"","width":"","height":""}],"twitter_card":"summary_large_image","twitter_misc":{"Dur\u00e9e de lecture estim\u00e9e":"6 minutes"},"schema":{"@context":"https:\/\/schema.org","@graph":[{"@type":"WebPage","@id":"https:\/\/lindy.com\/fr\/cables-aoc\/","url":"https:\/\/lindy.com\/fr\/cables-aoc\/","name":"C\u00c2BLES AOC - Lindy - French","isPartOf":{"@id":"https:\/\/lindy.com\/fr\/#website"},"primaryImageOfPage":{"@id":"https:\/\/lindy.com\/fr\/cables-aoc\/#primaryimage"},"image":{"@id":"https:\/\/lindy.com\/fr\/cables-aoc\/#primaryimage"},"thumbnailUrl":"https:\/\/lindy.com\/de\/wp-content\/uploads\/sites\/3\/2023\/09\/Header-4.jpg","datePublished":"2023-10-12T13:08:30+00:00","dateModified":"2025-07-03T07:09:53+00:00","breadcrumb":{"@id":"https:\/\/lindy.com\/fr\/cables-aoc\/#breadcrumb"},"inLanguage":"fr-FR","potentialAction":[{"@type":"ReadAction","target":["https:\/\/lindy.com\/fr\/cables-aoc\/"]}]},{"@type":"ImageObject","inLanguage":"fr-FR","@id":"https:\/\/lindy.com\/fr\/cables-aoc\/#primaryimage","url":"https:\/\/lindy.com\/de\/wp-content\/uploads\/sites\/3\/2023\/09\/Header-4.jpg","contentUrl":"https:\/\/lindy.com\/de\/wp-content\/uploads\/sites\/3\/2023\/09\/Header-4.jpg"},{"@type":"BreadcrumbList","@id":"https:\/\/lindy.com\/fr\/cables-aoc\/#breadcrumb","itemListElement":[{"@type":"ListItem","position":1,"name":"Home","item":"https:\/\/lindy.com\/fr\/"},{"@type":"ListItem","position":2,"name":"C\u00c2BLES AOC"}]},{"@type":"WebSite","@id":"https:\/\/lindy.com\/fr\/#website","url":"https:\/\/lindy.com\/fr\/","name":"Lindy - French","description":"Connection Perfection","potentialAction":[{"@type":"SearchAction","target":{"@type":"EntryPoint","urlTemplate":"https:\/\/lindy.com\/fr\/?s={search_term_string}"},"query-input":{"@type":"PropertyValueSpecification","valueRequired":true,"valueName":"search_term_string"}}],"inLanguage":"fr-FR"}]}},"_links":{"self":[{"href":"https:\/\/lindy.com\/fr\/wp-json\/wp\/v2\/pages\/1662","targetHints":{"allow":["GET"]}}],"collection":[{"href":"https:\/\/lindy.com\/fr\/wp-json\/wp\/v2\/pages"}],"about":[{"href":"https:\/\/lindy.com\/fr\/wp-json\/wp\/v2\/types\/page"}],"author":[{"embeddable":true,"href":"https:\/\/lindy.com\/fr\/wp-json\/wp\/v2\/users\/21"}],"replies":[{"embeddable":true,"href":"https:\/\/lindy.com\/fr\/wp-json\/wp\/v2\/comments?post=1662"}],"version-history":[{"count":4,"href":"https:\/\/lindy.com\/fr\/wp-json\/wp\/v2\/pages\/1662\/revisions"}],"predecessor-version":[{"id":5845,"href":"https:\/\/lindy.com\/fr\/wp-json\/wp\/v2\/pages\/1662\/revisions\/5845"}],"wp:attachment":[{"href":"https:\/\/lindy.com\/fr\/wp-json\/wp\/v2\/media?parent=1662"}],"curies":[{"name":"wp","href":"https:\/\/api.w.org\/{rel}","templated":true}]}}