{"id":168,"date":"2018-11-12T13:43:52","date_gmt":"2018-11-12T13:43:52","guid":{"rendered":"https:\/\/lindy.com\/fr\/?page_id=168"},"modified":"2021-12-13T14:17:57","modified_gmt":"2021-12-13T14:17:57","slug":"nos-partenaires","status":"publish","type":"page","link":"https:\/\/lindy.com\/fr\/nos-partenaires\/","title":{"rendered":"Partenaires"},"content":{"rendered":"\n<section class=\"wp-block-lindy-image-text-module section section--full-width-image full-width-image--with-text theme--dark section--animation-none align--center  font--size-large\" style=\"background-image:url(https:\/\/lindy.com\/fr\/wp-content\/uploads\/sites\/4\/2021\/12\/Partnerships_Hero_Banner_1-1.jpg)\"><img decoding=\"async\" class=\"full-width-image__image\" src=\"https:\/\/lindy.com\/fr\/wp-content\/uploads\/sites\/4\/2021\/12\/Partnerships_Hero_Banner_1-1.jpg\"\/><div class=\"contained\"><div class=\"full-width-image__content\"><h2 class=\"section__heading\"><span>FAIRE PLUS AVEC LE<\/span><\/h2><h2 class=\"section__subheading section__subheading__title\">PARTENARIAT LINDY<\/h2><p class=\"section__paragraph\"><br\/><br\/><\/p><a href=\"https:\/\/lindy.com\/fr\/devenir-le-partenaire\/\" class=\"button button--white-transparent\" target=\"_self\" rel=\"noopener noreferrer\">DEVENIR PARTENAIRE<\/a><\/div><\/div><\/section>\n\n\n\n<section class=\"wp-block-lindy-paragraph-one-col section section--horizontal-content section--horizontal-content--one-column font--size-small theme--dark align--center  section--animation-none\"><div class=\"contained\"><p class=\"section__paragraph\">Les nouvelles formes d&rsquo;interaction entre les personnes et la technologie nous permettent de travailler de mani\u00e8re simple et productive pour r\u00e9soudre les probl\u00e8mes de mani\u00e8re cr\u00e9ative. Afin de pouvoir relever tous les d\u00e9fis auxquels nous sommes confront\u00e9s, nos produits sont con\u00e7us pour fonctionner en harmonie et cr\u00e9er des solutions compl\u00e8tes.<br\/><br\/><br\/><br\/><\/p><\/div><\/section>\n\n\n\n<section class=\"wp-block-lindy-paragraph-and-images full-width-image--with-text section section--paragraph-image  theme--light font--camber font--size-small\"><div class=\"grid-noBottom-middle\"><div class=\"col-6_sm-12 full-width-image__content section section--animation-none align--right \"><div class=\"content--animate\"><div class=\"contained\"><h2 class=\"section__heading\"><span>COOP\u00c9RATION<\/span><\/h2><h2 class=\"section__subheading section__subheading__title\">\u00c9QUITABLE<\/h2><p class=\"section__paragraph\"><br\/>Lindy y attache une grande importance. C&rsquo;est gr\u00e2ce \u00e0 cela que nous pouvons r\u00e9pondre \u00e0 nos partenaires et les pousser au succ\u00e8s. Nous cr\u00e9ons de r\u00e9els avantages pour nos partenaires par un effet de levier avec notre savoir-faire dans l&rsquo;int\u00e9gration, le d\u00e9veloppement, l&rsquo;approvisionnement, la consultation et les ventes de solutions, produits et services.<br\/><\/p><\/div><\/div><\/div><div class=\"col-6_sm-12 full-width-image--with-text align--right\" style=\"background-image:url(https:\/\/lindy.com\/en\/wp-content\/uploads\/sites\/2\/2018\/10\/Partnerships_Image_2-1.jpg)\"><img decoding=\"async\" src=\"https:\/\/lindy.com\/en\/wp-content\/uploads\/sites\/2\/2018\/10\/Partnerships_Image_2-1.jpg\"\/><\/div><\/div><\/section>\n\n\n\n<section class=\"wp-block-lindy-paragraph-and-images full-width-image--with-text section section--paragraph-image  theme--light font--camber font--size-small\"><div class=\"grid-noBottom-middle-reverse\"><div class=\"col-6_sm-12 full-width-image__content section section--animation-none align--left \"><div class=\"content--animate\"><div class=\"contained\"><h2 class=\"section__heading\"><span>SOLUTIONS<\/span><\/h2><h2 class=\"section__subheading section__subheading__title\">DANS LES TEMPS<\/h2><p class=\"section__paragraph\"><br\/>Quels que soient les besoins de nos partenaires commerciaux et de nos clients, nous tirons parti de nos solutions de connectivit\u00e9 combin\u00e9es pour renforcer leur comp\u00e9titivit\u00e9. Notre r\u00e9seau logistique \u00e9prouv\u00e9 nous permet de livrer nos produits partout dans le monde. La haute disponibilit\u00e9 des produits, leur exp\u00e9dition rapide garantissent \u00e0 nos partenaires un approvisionnement de solutions.<br\/><\/p><\/div><\/div><\/div><div class=\"col-6_sm-12 full-width-image--with-text align--left\" style=\"background-image:url(https:\/\/lindy.com\/en\/wp-content\/uploads\/sites\/2\/2018\/10\/Partnerships_Image_1.jpg)\"><img decoding=\"async\" src=\"https:\/\/lindy.com\/en\/wp-content\/uploads\/sites\/2\/2018\/10\/Partnerships_Image_1.jpg\"\/><\/div><\/div><\/section>\n\n\n\n<section class=\"wp-block-lindy-image-text-module section section--full-width-image full-width-image--with-text theme--light section--animation-none align--center font--camber font--size-small\" style=\"background-image:url()\"><img decoding=\"async\" class=\"full-width-image__image\" src=\"\"\/><div class=\"contained\"><div class=\"full-width-image__content\"><h2 class=\"section__heading\"><span><br\/>COMPRENDRE LES<br\/><\/span><\/h2><h2 class=\"section__subheading section__subheading__title\">BESOINS DU MARCH\u00c9<\/h2><p class=\"section__paragraph\"><br\/>Un partenariat avec Lindy ouvre de nouvelles opportunit\u00e9s \u00e0 votre entreprise. Nous travaillons ensemble et nos experts prennent en charge vos demandes. Nos experts trouveront une gamme de produit Lindy qui r\u00e9pond \u00e0 vos besoins.<br\/><br\/><\/p><\/div><\/div><\/section>\n\n\n\n<section class=\"wp-block-lindy-heading-text section section--heading-text theme--light align--center  font--size-medium section--animation-none\"><div class=\"contained\"><\/div><\/section>\n\n\n\n<section class=\"wp-block-lindy-paragraph-and-images full-width-image--with-text section section--paragraph-image  theme--light font--camber font--size-small\"><div class=\"grid-noBottom-middle-reverse\"><div class=\"col-6_sm-12 full-width-image__content section section--animation-none align--left \"><div class=\"content--animate\"><div class=\"contained\"><h2 class=\"section__heading\"><span>TRANSPARENCE<\/span><\/h2><h2 class=\"section__subheading section__subheading__title\">CONTINUE <\/h2><p class=\"section__paragraph\"><br\/>Un site marchand en ligne connect\u00e9 \u00e0 notre logiciel des Ventes, un retour de marchandise et une vue globale de toutes les ventes en cours et effectu\u00e9es nous permet de g\u00e9rer toutes les \u00e9tapes d&rsquo;une commande. Les descriptions produits, les listes de prix, les fiches techniques et l&rsquo;interface EDI compl\u00e8tent cette transparence.<br\/><\/p><\/div><\/div><\/div><div class=\"col-6_sm-12 full-width-image--with-text align--left\" style=\"background-image:url(https:\/\/lindy.com\/en\/wp-content\/uploads\/sites\/2\/2018\/10\/Partnerships_Image_12.jpg)\"><img decoding=\"async\" src=\"https:\/\/lindy.com\/en\/wp-content\/uploads\/sites\/2\/2018\/10\/Partnerships_Image_12.jpg\"\/><\/div><\/div><\/section>\n\n\n\n<section class=\"wp-block-lindy-paragraph-and-images full-width-image--with-text section section--paragraph-image  theme--light font--camber font--size-small\"><div class=\"grid-noBottom-middle\"><div class=\"col-6_sm-12 full-width-image__content section section--animation-none align--right \"><div class=\"content--animate\"><div class=\"contained\"><h2 class=\"section__heading\"><span>LANCEMENT<\/span><\/h2><h2 class=\"section__subheading section__subheading__title\">COMMERCIAL<\/h2><p class=\"section__paragraph\"><br\/>Nous vous aidons avec le savoir-faire de nos commerciaux et techniciens. Les contenus marketing sont fournis par notre \u00e9quipe marketing et introduisent les produits et solutions \u00e0 votre march\u00e9 et \u00e0 vos clients.<br\/><br\/><br\/><\/p><\/div><\/div><\/div><div class=\"col-6_sm-12 full-width-image--with-text align--right\" style=\"background-image:url(https:\/\/lindy.com\/en\/wp-content\/uploads\/sites\/2\/2018\/10\/Partnerships_Image_17.jpg)\"><img decoding=\"async\" src=\"https:\/\/lindy.com\/en\/wp-content\/uploads\/sites\/2\/2018\/10\/Partnerships_Image_17.jpg\"\/><\/div><\/div><\/section>\n\n\n\n<section class=\"wp-block-lindy-paragraph-and-images full-width-image--with-text section section--paragraph-image  theme--light font--camber font--size-small\"><div class=\"grid-noBottom-middle-reverse\"><div class=\"col-6_sm-12 full-width-image__content section section--animation-none align--left \"><div class=\"content--animate\"><div class=\"contained\"><h2 class=\"section__heading\"><span>MARQUE ET<\/span><\/h2><h2 class=\"section__subheading section__subheading__title\">ACTIVIT\u00c9S MARKETING<\/h2><p class=\"section__paragraph\"><br\/>Au travers de nos activit\u00e9s marketing, nous communiquons sans cesse avec nos clients pour mettre en valeur nos produits et notre marque. Nos revendeurs et grossistes comprennent notre gamme compl\u00e8te de produits et peuvent ensuite les proposer \u00e0 leurs clients.<br\/><\/p><\/div><\/div><\/div><div class=\"col-6_sm-12 full-width-image--with-text align--left\" style=\"background-image:url(https:\/\/lindy.com\/en\/wp-content\/uploads\/sites\/2\/2018\/10\/Partnerships_Image_4.jpg)\"><img decoding=\"async\" src=\"https:\/\/lindy.com\/en\/wp-content\/uploads\/sites\/2\/2018\/10\/Partnerships_Image_4.jpg\"\/><\/div><\/div><\/section>\n\n\n\n<section class=\"wp-block-lindy-heading-text section section--heading-text theme--light align--center  font--size-medium section--animation-none\"><div class=\"contained\"><\/div><\/section>\n\n\n\n<section class=\"wp-block-lindy-image-text-module section section--full-width-image full-width-image--with-text theme--light section--animation-none align--center font--camber font--size-small\" style=\"background-image:url()\"><img decoding=\"async\" class=\"full-width-image__image\" src=\"\"\/><div class=\"contained\"><div class=\"full-width-image__content\"><h2 class=\"section__heading\"><span><br\/>RELATIONNEL<br\/><\/span><\/h2><h2 class=\"section__subheading section__subheading__title\">FORT<\/h2><p class=\"section__paragraph\"><br\/>Notre \u00e9coute et notre analyse cr\u00e9ent un engagement fort qui b\u00e9n\u00e9ficie \u00e0 tous. Posez vos questions et obtenez les r\u00e9ponses, les conseils de nos experts. D\u00e9couvrez plus sur les technologies, processus et expertise qui favorisent notre collaboration. Nous offrons des formations, un support technique et des produits qui apportent le savoir-faire des technologies Lindy \u00e0 votre personnel.<br\/><br\/><\/p><\/div><\/div><\/section>\n\n\n\n<section class=\"wp-block-lindy-paragraph-and-images full-width-image--with-text section section--paragraph-image  theme--light font--camber font--size-small\"><div class=\"grid-noBottom-middle\"><div class=\"col-6_sm-12 full-width-image__content section section--animation-none align--right \"><div class=\"content--animate\"><div class=\"contained\"><h2 class=\"section__heading\"><span>CONFORMIT\u00c9<\/span><\/h2><p class=\"section__paragraph\"><br\/>Nous respectons les standards de sorte que vous puissiez vendre \u00e0 des clients partout dans le monde. Nous respectons les certificats CE, FCC, REACH, RoHS et d&rsquo;autres encore.<\/p><\/div><\/div><\/div><div class=\"col-6_sm-12 full-width-image--with-text align--right\" style=\"background-image:url(https:\/\/lindy.com\/en\/wp-content\/uploads\/sites\/2\/2018\/10\/Partnerships_Image_13.jpg)\"><img decoding=\"async\" src=\"https:\/\/lindy.com\/en\/wp-content\/uploads\/sites\/2\/2018\/10\/Partnerships_Image_13.jpg\"\/><\/div><\/div><\/section>\n\n\n\n<section class=\"wp-block-lindy-paragraph-and-images full-width-image--with-text section section--paragraph-image  theme--light font--camber font--size-small\"><div class=\"grid-noBottom-middle-reverse\"><div class=\"col-6_sm-12 full-width-image__content section section--animation-none align--left \"><div class=\"content--animate\"><div class=\"contained\"><h2 class=\"section__heading\"><span>CONTR\u00d4LE<\/span><\/h2><h2 class=\"section__subheading section__subheading__title\">QUALIT\u00c9<\/h2><p class=\"section__paragraph\"><br\/>Trois niveaux de tests produits qui r\u00e9pondent aux standards ISO. Les produits sont test\u00e9s en situation pour s&rsquo;assurer de la totale fiabilit\u00e9 de tous les produits Lindy.<br\/><\/p><\/div><\/div><\/div><div class=\"col-6_sm-12 full-width-image--with-text align--left\" style=\"background-image:url(https:\/\/lindy.com\/en\/wp-content\/uploads\/sites\/2\/2018\/10\/Partnerships_Image_5.jpg)\"><img decoding=\"async\" src=\"https:\/\/lindy.com\/en\/wp-content\/uploads\/sites\/2\/2018\/10\/Partnerships_Image_5.jpg\"\/><\/div><\/div><\/section>\n\n\n\n<section class=\"wp-block-lindy-paragraph-and-images full-width-image--with-text section section--paragraph-image  theme--light font--camber font--size-small\"><div class=\"grid-noBottom-middle\"><div class=\"col-6_sm-12 full-width-image__content section section--animation-none align--right \"><div class=\"content--animate\"><div class=\"contained\"><h2 class=\"section__heading\"><span>LABORATOIRE ET <\/span><\/h2><h2 class=\"section__subheading section__subheading__title\">BANCS DE TESTS<\/h2><p class=\"section__paragraph\"><br\/>Trois bancs de tests enti\u00e8rement \u00e9quip\u00e9s nous permettent de tester les produits en totale autonomie et \u00e0 n&rsquo;importe quel moment.<br\/><\/p><\/div><\/div><\/div><div class=\"col-6_sm-12 full-width-image--with-text align--right\" style=\"background-image:url(https:\/\/lindy.com\/en\/wp-content\/uploads\/sites\/2\/2018\/10\/Partnerships_Image_6-1.jpg)\"><img decoding=\"async\" src=\"https:\/\/lindy.com\/en\/wp-content\/uploads\/sites\/2\/2018\/10\/Partnerships_Image_6-1.jpg\"\/><\/div><\/div><\/section>\n\n\n\n<section class=\"wp-block-lindy-heading-text section section--heading-text theme--light align--center  font--size-medium section--animation-none\"><div class=\"contained\"><h2 class=\"section__heading\"><span><br\/><\/span><\/h2><\/div><\/section>\n\n\n\n<section class=\"wp-block-lindy-key-info section section--key-info theme--light section--animation-none\"><div class=\"contained\"><div class=\"grid-3_sm-1-center\"><div class=\"col left_item\"><div class=\"box box--border\"><h3 class=\"section__heading\">NOTRE SUPPORT TECHNIQUE<\/h3><div class=\"section__content\"><p class=\"section__content\">Nos techniciens prennent en charge le service avant-vente et apr\u00e8s-vente. Ils peuvent aussi vous conseiller et travaillent avec nos \u00e9quipes de Vente et notre Logistique.<\/p><\/div><\/div><\/div><div class=\"col right_item\"><div class=\"box box--border\"><h3 class=\"section__heading\">PROJETS ET FABRICATIONS SP\u00c9CIALES<\/h3><div class=\"section__content\"><p class=\"section__content\">Nous prenons en charge des commandes \u00e0 volume important et la fabrication de produits sur mesure.<\/p><\/div><\/div><\/div><div class=\"col third_item\"><div class=\"box box--border\"><h3 class=\"section__heading\">CERTIFICATS<\/h3><div class=\"section__content\"><p class=\"section__content\">Lindy est membre d&rsquo;Avixa et est un fabricant enregistr\u00e9 pour les technologies HDMI &amp; USB. Nous avons \u00e9galement 5 techniciens certifi\u00e9s HDBaseT.<\/p><\/div><\/div><\/div><\/div><\/div><\/section>\n\n\n\n<section class=\"wp-block-lindy-heading-text section section--heading-text theme--light align--center  font--size-medium section--animation-none\"><div class=\"contained\"><\/div><\/section>\n\n\n\n<section class=\"wp-block-lindy-paragraph-and-images full-width-image--with-text section section--paragraph-image  theme--light font--camber font--size-small\"><div class=\"grid-noBottom-middle-reverse\"><div class=\"col-6_sm-12 full-width-image__content section section--animation-none align--left \"><div class=\"content--animate\"><div class=\"contained\"><h2 class=\"section__heading\"><span>LOGISTIQUE<\/span><\/h2><p class=\"section__paragraph\"><br\/>Trois entrep\u00f4ts en Chine, Allemagne et en Angleterre assurent une livraison sous 24 heures. Le stock peut \u00eatre \u00e9chang\u00e9 entre ces entrep\u00f4ts.<br\/><\/p><\/div><\/div><\/div><div class=\"col-6_sm-12 full-width-image--with-text align--left\" style=\"background-image:url(https:\/\/lindy.com\/en\/wp-content\/uploads\/sites\/2\/2018\/10\/Partnerships_Image_9.jpg)\"><img decoding=\"async\" src=\"https:\/\/lindy.com\/en\/wp-content\/uploads\/sites\/2\/2018\/10\/Partnerships_Image_9.jpg\"\/><\/div><\/div><\/section>\n\n\n\n<section class=\"wp-block-lindy-paragraph-and-images full-width-image--with-text section section--paragraph-image  theme--light font--camber font--size-small\"><div class=\"grid-noBottom-middle\"><div class=\"col-6_sm-12 full-width-image__content section section--animation-none align--right \"><div class=\"content--animate\"><div class=\"contained\"><h2 class=\"section__heading\"><span>RECHERCHE<\/span><\/h2><h2 class=\"section__subheading section__subheading__title\">&amp; D\u00c9VELOPPEMENT<\/h2><p class=\"section__paragraph\"><br\/>Nous suivons les avanc\u00e9es des secteurs IT &amp; audiovisuel pour offrir rapidement les produits qui r\u00e9pondent aux besoins actuels et futurs de nos partenaires.<br\/><\/p><\/div><\/div><\/div><div class=\"col-6_sm-12 full-width-image--with-text align--right\" style=\"background-image:url(https:\/\/lindy.com\/en\/wp-content\/uploads\/sites\/2\/2018\/10\/Partnerships_Image_15.jpg)\"><img decoding=\"async\" src=\"https:\/\/lindy.com\/en\/wp-content\/uploads\/sites\/2\/2018\/10\/Partnerships_Image_15.jpg\"\/><\/div><\/div><\/section>\n\n\n\n<section class=\"wp-block-lindy-paragraph-and-images full-width-image--with-text section section--paragraph-image  theme--light font--camber font--size-small\"><div class=\"grid-noBottom-middle-reverse\"><div class=\"col-6_sm-12 full-width-image__content section section--animation-none align--left \"><div class=\"content--animate\"><div class=\"contained\"><h2 class=\"section__heading\"><span>PRODUITS<\/span><\/h2><h2 class=\"section__subheading section__subheading__title\">AV PRO<\/h2><p class=\"section__paragraph\"><br\/>De constants ajouts dans notre catalogue signifient que nous assurons la connectique pour toutes les installations. Les produits sont constamment mis \u00e0 jour pour r\u00e9pondre aux besoins du march\u00e9.<br\/><\/p><\/div><\/div><\/div><div class=\"col-6_sm-12 full-width-image--with-text align--left\" style=\"background-image:url(https:\/\/lindy.com\/en\/wp-content\/uploads\/sites\/2\/2018\/08\/HDBASET_Link.jpg)\"><img decoding=\"async\" src=\"https:\/\/lindy.com\/en\/wp-content\/uploads\/sites\/2\/2018\/08\/HDBASET_Link.jpg\"\/><\/div><\/div><\/section>\n\n\n\n<section class=\"wp-block-lindy-paragraph-and-images full-width-image--with-text section section--paragraph-image  theme--light font--camber font--size-small\"><div class=\"grid-noBottom-middle\"><div class=\"col-6_sm-12 full-width-image__content section section--animation-none align--right \"><div class=\"content--animate\"><div class=\"contained\"><h2 class=\"section__heading\"><span>CONNECTIQUE<\/span><\/h2><h2 class=\"section__subheading section__subheading__title\">COMBIN\u00c9E<\/h2><p class=\"section__paragraph\"><br\/>Plusieurs produits int\u00e8grent des fonctions IT &amp; AV dans un seul produit, ce qui les rend b\u00e9n\u00e9fiques et ouvrent de nouvelles perspectives \u00e0 nos partenaires.<br\/><\/p><\/div><\/div><\/div><div class=\"col-6_sm-12 full-width-image--with-text align--right\" style=\"background-image:url(https:\/\/lindy.com\/en\/wp-content\/uploads\/sites\/2\/2018\/10\/Partnerships_Image_16.jpg)\"><img decoding=\"async\" src=\"https:\/\/lindy.com\/en\/wp-content\/uploads\/sites\/2\/2018\/10\/Partnerships_Image_16.jpg\"\/><\/div><\/div><\/section>\n\n\n\n<section class=\"wp-block-lindy-image-text-module section section--full-width-image full-width-image--with-text theme--dark section--animation-none align--center font--camber font--size-medium\" style=\"background-image:url(https:\/\/lindy.com\/en\/wp-content\/uploads\/sites\/2\/2018\/10\/Partnerships_Hero_Banner_1-1.jpg)\"><img decoding=\"async\" class=\"full-width-image__image\" src=\"https:\/\/lindy.com\/en\/wp-content\/uploads\/sites\/2\/2018\/10\/Partnerships_Hero_Banner_1-1.jpg\"\/><div class=\"contained\"><div class=\"full-width-image__content\"><h2 class=\"section__heading\"><span><br\/>REJOIGNEZ LINDY<br\/><\/span><\/h2><h2 class=\"section__subheading section__subheading__title\">PRENEZ PART \u00c0 NOTRE MONDE CONNECT\u00c9<\/h2><p class=\"section__paragraph\"><br\/><\/p><a href=\"https:\/\/lindy.com\/fr\/devenir-le-partenaire\/\" class=\"button button--white-transparent\" target=\"_self\" rel=\"noopener noreferrer\">DEVENIR PARTENAIRE<\/a><\/div><\/div><\/section>\n","protected":false},"excerpt":{"rendered":"","protected":false},"author":15,"featured_media":0,"parent":0,"menu_order":0,"comment_status":"closed","ping_status":"closed","template":"page-templates\/template-landing.php","meta":{"_acf_changed":false,"footnotes":""},"class_list":["post-168","page","type-page","status-publish","hentry"],"acf":[],"yoast_head":"<!-- This site is optimized with the Yoast SEO plugin v26.6 - https:\/\/yoast.com\/wordpress\/plugins\/seo\/ -->\n<title>Partenaires - Lindy - French<\/title>\n<meta name=\"robots\" content=\"index, follow, max-snippet:-1, max-image-preview:large, max-video-preview:-1\" \/>\n<link rel=\"canonical\" href=\"https:\/\/lindy.com\/fr\/nos-partenaires\/\" \/>\n<meta property=\"og:locale\" content=\"fr_FR\" \/>\n<meta property=\"og:type\" content=\"article\" \/>\n<meta property=\"og:title\" content=\"Partenaires - Lindy - French\" \/>\n<meta property=\"og:url\" content=\"https:\/\/lindy.com\/fr\/nos-partenaires\/\" \/>\n<meta property=\"og:site_name\" content=\"Lindy - French\" \/>\n<meta property=\"article:modified_time\" content=\"2021-12-13T14:17:57+00:00\" \/>\n<meta property=\"og:image\" content=\"https:\/\/lindy.com\/fr\/wp-content\/uploads\/sites\/4\/2021\/12\/Partnerships_Hero_Banner_1-1.jpg\" \/>\n<meta name=\"twitter:card\" content=\"summary_large_image\" \/>\n<meta name=\"twitter:label1\" content=\"Dur\u00e9e de lecture estim\u00e9e\" \/>\n\t<meta name=\"twitter:data1\" content=\"7 minutes\" \/>\n<script type=\"application\/ld+json\" class=\"yoast-schema-graph\">{\"@context\":\"https:\/\/schema.org\",\"@graph\":[{\"@type\":\"WebPage\",\"@id\":\"https:\/\/lindy.com\/fr\/nos-partenaires\/\",\"url\":\"https:\/\/lindy.com\/fr\/nos-partenaires\/\",\"name\":\"Partenaires - Lindy - French\",\"isPartOf\":{\"@id\":\"https:\/\/lindy.com\/fr\/#website\"},\"primaryImageOfPage\":{\"@id\":\"https:\/\/lindy.com\/fr\/nos-partenaires\/#primaryimage\"},\"image\":{\"@id\":\"https:\/\/lindy.com\/fr\/nos-partenaires\/#primaryimage\"},\"thumbnailUrl\":\"https:\/\/lindy.com\/fr\/wp-content\/uploads\/sites\/4\/2021\/12\/Partnerships_Hero_Banner_1-1.jpg\",\"datePublished\":\"2018-11-12T13:43:52+00:00\",\"dateModified\":\"2021-12-13T14:17:57+00:00\",\"breadcrumb\":{\"@id\":\"https:\/\/lindy.com\/fr\/nos-partenaires\/#breadcrumb\"},\"inLanguage\":\"fr-FR\",\"potentialAction\":[{\"@type\":\"ReadAction\",\"target\":[\"https:\/\/lindy.com\/fr\/nos-partenaires\/\"]}]},{\"@type\":\"ImageObject\",\"inLanguage\":\"fr-FR\",\"@id\":\"https:\/\/lindy.com\/fr\/nos-partenaires\/#primaryimage\",\"url\":\"https:\/\/lindy.com\/fr\/wp-content\/uploads\/sites\/4\/2021\/12\/Partnerships_Hero_Banner_1-1.jpg\",\"contentUrl\":\"https:\/\/lindy.com\/fr\/wp-content\/uploads\/sites\/4\/2021\/12\/Partnerships_Hero_Banner_1-1.jpg\",\"width\":1920,\"height\":865},{\"@type\":\"BreadcrumbList\",\"@id\":\"https:\/\/lindy.com\/fr\/nos-partenaires\/#breadcrumb\",\"itemListElement\":[{\"@type\":\"ListItem\",\"position\":1,\"name\":\"Home\",\"item\":\"https:\/\/lindy.com\/fr\/\"},{\"@type\":\"ListItem\",\"position\":2,\"name\":\"Partenaires\"}]},{\"@type\":\"WebSite\",\"@id\":\"https:\/\/lindy.com\/fr\/#website\",\"url\":\"https:\/\/lindy.com\/fr\/\",\"name\":\"Lindy - French\",\"description\":\"Connection Perfection\",\"potentialAction\":[{\"@type\":\"SearchAction\",\"target\":{\"@type\":\"EntryPoint\",\"urlTemplate\":\"https:\/\/lindy.com\/fr\/?s={search_term_string}\"},\"query-input\":{\"@type\":\"PropertyValueSpecification\",\"valueRequired\":true,\"valueName\":\"search_term_string\"}}],\"inLanguage\":\"fr-FR\"}]}<\/script>\n<!-- \/ Yoast SEO plugin. -->","yoast_head_json":{"title":"Partenaires - Lindy - French","robots":{"index":"index","follow":"follow","max-snippet":"max-snippet:-1","max-image-preview":"max-image-preview:large","max-video-preview":"max-video-preview:-1"},"canonical":"https:\/\/lindy.com\/fr\/nos-partenaires\/","og_locale":"fr_FR","og_type":"article","og_title":"Partenaires - Lindy - French","og_url":"https:\/\/lindy.com\/fr\/nos-partenaires\/","og_site_name":"Lindy - French","article_modified_time":"2021-12-13T14:17:57+00:00","og_image":[{"url":"https:\/\/lindy.com\/fr\/wp-content\/uploads\/sites\/4\/2021\/12\/Partnerships_Hero_Banner_1-1.jpg","type":"","width":"","height":""}],"twitter_card":"summary_large_image","twitter_misc":{"Dur\u00e9e de lecture estim\u00e9e":"7 minutes"},"schema":{"@context":"https:\/\/schema.org","@graph":[{"@type":"WebPage","@id":"https:\/\/lindy.com\/fr\/nos-partenaires\/","url":"https:\/\/lindy.com\/fr\/nos-partenaires\/","name":"Partenaires - Lindy - French","isPartOf":{"@id":"https:\/\/lindy.com\/fr\/#website"},"primaryImageOfPage":{"@id":"https:\/\/lindy.com\/fr\/nos-partenaires\/#primaryimage"},"image":{"@id":"https:\/\/lindy.com\/fr\/nos-partenaires\/#primaryimage"},"thumbnailUrl":"https:\/\/lindy.com\/fr\/wp-content\/uploads\/sites\/4\/2021\/12\/Partnerships_Hero_Banner_1-1.jpg","datePublished":"2018-11-12T13:43:52+00:00","dateModified":"2021-12-13T14:17:57+00:00","breadcrumb":{"@id":"https:\/\/lindy.com\/fr\/nos-partenaires\/#breadcrumb"},"inLanguage":"fr-FR","potentialAction":[{"@type":"ReadAction","target":["https:\/\/lindy.com\/fr\/nos-partenaires\/"]}]},{"@type":"ImageObject","inLanguage":"fr-FR","@id":"https:\/\/lindy.com\/fr\/nos-partenaires\/#primaryimage","url":"https:\/\/lindy.com\/fr\/wp-content\/uploads\/sites\/4\/2021\/12\/Partnerships_Hero_Banner_1-1.jpg","contentUrl":"https:\/\/lindy.com\/fr\/wp-content\/uploads\/sites\/4\/2021\/12\/Partnerships_Hero_Banner_1-1.jpg","width":1920,"height":865},{"@type":"BreadcrumbList","@id":"https:\/\/lindy.com\/fr\/nos-partenaires\/#breadcrumb","itemListElement":[{"@type":"ListItem","position":1,"name":"Home","item":"https:\/\/lindy.com\/fr\/"},{"@type":"ListItem","position":2,"name":"Partenaires"}]},{"@type":"WebSite","@id":"https:\/\/lindy.com\/fr\/#website","url":"https:\/\/lindy.com\/fr\/","name":"Lindy - French","description":"Connection Perfection","potentialAction":[{"@type":"SearchAction","target":{"@type":"EntryPoint","urlTemplate":"https:\/\/lindy.com\/fr\/?s={search_term_string}"},"query-input":{"@type":"PropertyValueSpecification","valueRequired":true,"valueName":"search_term_string"}}],"inLanguage":"fr-FR"}]}},"_links":{"self":[{"href":"https:\/\/lindy.com\/fr\/wp-json\/wp\/v2\/pages\/168","targetHints":{"allow":["GET"]}}],"collection":[{"href":"https:\/\/lindy.com\/fr\/wp-json\/wp\/v2\/pages"}],"about":[{"href":"https:\/\/lindy.com\/fr\/wp-json\/wp\/v2\/types\/page"}],"author":[{"embeddable":true,"href":"https:\/\/lindy.com\/fr\/wp-json\/wp\/v2\/users\/15"}],"replies":[{"embeddable":true,"href":"https:\/\/lindy.com\/fr\/wp-json\/wp\/v2\/comments?post=168"}],"version-history":[{"count":0,"href":"https:\/\/lindy.com\/fr\/wp-json\/wp\/v2\/pages\/168\/revisions"}],"wp:attachment":[{"href":"https:\/\/lindy.com\/fr\/wp-json\/wp\/v2\/media?parent=168"}],"curies":[{"name":"wp","href":"https:\/\/api.w.org\/{rel}","templated":true}]}}