{"id":169,"date":"2018-11-12T13:51:47","date_gmt":"2018-11-12T13:51:47","guid":{"rendered":"https:\/\/lindy.com\/fr\/?page_id=169"},"modified":"2026-01-05T12:30:45","modified_gmt":"2026-01-05T12:30:45","slug":"direction","status":"publish","type":"page","link":"https:\/\/lindy.com\/fr\/direction\/","title":{"rendered":"Comit\u00e9 de Direction International"},"content":{"rendered":"\n<section class=\"wp-block-lindy-full-width-image section section--full-width-image full-width-image theme--dark align--left font--size-medium\" style=\"background-image:url(https:\/\/lindy.com\/fr\/wp-content\/uploads\/sites\/4\/2025\/09\/Management-Team.jpg)\"><img decoding=\"async\" class=\"full-width-image__image\" src=\"https:\/\/lindy.com\/fr\/wp-content\/uploads\/sites\/4\/2025\/09\/Management-Team.jpg\"\/><div class=\"contained\"><div class=\"full-width-image__content\"><h2 class=\"section__heading\"><span><br\/><br\/><br\/><br\/><br\/><br\/><\/span><\/h2><h2 class=\"section__subheading section__subheading__title\"><br\/><\/h2><\/div><\/div><\/section>\n\n\n\n<section class=\"wp-block-lindy-image-text-module section section--full-width-image full-width-image--with-text theme--light section--animation-none align--center  font--size-large\" style=\"background-image:url()\"><img decoding=\"async\" class=\"full-width-image__image\" src=\"\"\/><div class=\"contained\"><div class=\"full-width-image__content\"><h2 class=\"section__heading\"><span>QUATRE FAMILLES.<\/span><\/h2><h2 class=\"section__subheading section__subheading__title\">UNE ENTREPRISE.<\/h2><p class=\"section__paragraph\"><br\/>Cr\u00e9\u00e9e par Kurt Lindenberg en 1932, la soci\u00e9t\u00e9 est actuellement poss\u00e9d\u00e9e et g\u00e9r\u00e9e par les membres des familles Lindenberg, Casey, Chen et Jamieson.<br\/><br\/>En tant qu&rsquo;entreprise familiale, nous aimons partager notre passion, notre cr\u00e9ativit\u00e9 et notre d\u00e9vouement. Notre objectif est d&rsquo;inspirer les gens du monde entier. Nous avons un int\u00e9r\u00eat personnel \u00e0 faire de notre entreprise un succ\u00e8s. Nous nous effor\u00e7ons d&rsquo;\u00eatre les meilleurs dans tout ce que nous faisons.Alors que la marque Lindy continue \u00e0 se d\u00e9velopper \u00e0 l\u2019\u00e9chelle mondiale, nous nous tournons vers l\u2019ext\u00e9rieur pour nous assurer que nos solutions r\u00e9pondent aux besoins de nos clients. <br\/><br\/>Cependant, il est tout aussi important de refl\u00e9ter les valeurs de notre famille et de promettre la m\u00eame qualit\u00e9 de service et le m\u00eame niveau d&rsquo;expertise technique qui nous ont amen\u00e9s \u00e0 la situation actuelle. Nous nous attachons \u00e0 cr\u00e9er des relations durables pour aider nos partenaires commerciaux \u00e0 concevoir d\u2019\u00e9tonnantes solutions de connectivit\u00e9 dans le monde entier.<br\/><\/p><\/div><\/div><\/section>\n\n\n\n<section class=\"wp-block-lindy-paragraph-and-images full-width-image--with-text section section--paragraph-image  theme--light font--camber font--size-small\"><div class=\"grid-noBottom-middle\"><div class=\"col-6_sm-12 full-width-image__content section section--animation-none align--right \"><div class=\"content--animate\"><div class=\"contained\"><h2 class=\"section__heading\"><span> <br\/>PETER LINDENBERG <\/span><\/h2><p class=\"section__paragraph\"><br\/>En tant que m\u00e9decin praticien, Peter Lindenberg parvient \u00e0 concilier sa vocation m\u00e9dicale avec son r\u00f4le de directeur g\u00e9n\u00e9ral de Lindy, il a notamment \u00e9t\u00e9 \u00e0 l&rsquo;origine du d\u00e9veloppement de la filiale italienne Pr\u00e9sent au sein de Lindy depuis 1986, il a dirig\u00e9 l&rsquo;entreprise aux c\u00f4t\u00e9s de son p\u00e8re Klaus et de son fr\u00e8re J\u00fcrgen et l&rsquo;a conduite vers l&rsquo;avenir. Depuis plusieurs ann\u00e9es, il a compl\u00e8tement assum\u00e9 le r\u00f4le de directeur g\u00e9n\u00e9ral en Allemagne et, en plus de toutes les questions globales, strat\u00e9giques et internationales, il supervise \u00e9galement les d\u00e9partements informatiques \u00e0 Mannheim.<br\/><\/p><\/div><\/div><\/div><div class=\"col-6_sm-12 full-width-image--with-text align--right\" style=\"background-image:url(https:\/\/lindy.com\/fr\/wp-content\/uploads\/sites\/4\/2024\/08\/Peter_Lindenberg.png)\"><img decoding=\"async\" src=\"https:\/\/lindy.com\/fr\/wp-content\/uploads\/sites\/4\/2024\/08\/Peter_Lindenberg.png\"\/><\/div><\/div><\/section>\n\n\n\n<section class=\"wp-block-lindy-paragraph-and-images full-width-image--with-text section section--paragraph-image  theme--light font--camber font--size-small\"><div class=\"grid-noBottom-middle-reverse\"><div class=\"col-6_sm-12 full-width-image__content section section--animation-none align--left \"><div class=\"content--animate\"><div class=\"contained\"><h2 class=\"section__heading\"><span> <br\/>DARREN CASEY <\/span><\/h2><p class=\"section__paragraph\"><br\/>Darren a suivi les pas de son p\u00e8re, Gerry Casey, et a rejoint notre soci\u00e9t\u00e9 en 1992. Avec un pass\u00e9 dans le secteur Marketing, le r\u00f4le de Darren \u00e9tait initialement de d\u00e9velopper l&rsquo;aspect Marketing et la Marque Lindy. En 1995, il passa Directeur G\u00e9n\u00e9ral de Lindy UK. Il g\u00e8re \u00e9galement les op\u00e9rations Marketing du groupe Lindy.<br\/><\/p><\/div><\/div><\/div><div class=\"col-6_sm-12 full-width-image--with-text align--left\" style=\"background-image:url(https:\/\/lindy.com\/fr\/wp-content\/uploads\/sites\/4\/2024\/08\/Darren-Casey.png)\"><img decoding=\"async\" src=\"https:\/\/lindy.com\/fr\/wp-content\/uploads\/sites\/4\/2024\/08\/Darren-Casey.png\"\/><\/div><\/div><\/section>\n\n\n\n<section class=\"wp-block-lindy-paragraph-and-images full-width-image--with-text section section--paragraph-image  theme--light font--camber font--size-small\"><div class=\"grid-noBottom-middle\"><div class=\"col-6_sm-12 full-width-image__content section section--animation-none align--right \"><div class=\"content--animate\"><div class=\"contained\"><h2 class=\"section__heading\"><span>tony jamieson<\/span><\/h2><p class=\"section__paragraph\"><br\/>Tony dirige Lindy Australie. En fait, il est \u00e0 l&rsquo;origine de l&rsquo;implantation australienne en 2004. Tony est l&rsquo;exemple parfait de la d\u00e9termination des Australiens. Il poss\u00e8de des comp\u00e9tences en E-commerce, la Gestion des produits et dans les Ventes.<br\/><\/p><\/div><\/div><\/div><div class=\"col-6_sm-12 full-width-image--with-text align--right\" style=\"background-image:url(https:\/\/lindy.com\/fr\/wp-content\/uploads\/sites\/4\/2024\/08\/Tony-Jamieson.png)\"><img decoding=\"async\" src=\"https:\/\/lindy.com\/fr\/wp-content\/uploads\/sites\/4\/2024\/08\/Tony-Jamieson.png\"\/><\/div><\/div><\/section>\n\n\n\n<section class=\"wp-block-lindy-paragraph-and-images full-width-image--with-text section section--paragraph-image  theme--light font--camber font--size-small\"><div class=\"grid-noBottom-middle-reverse\"><div class=\"col-6_sm-12 full-width-image__content section section--animation-none align--left \"><div class=\"content--animate\"><div class=\"contained\"><h2 class=\"section__heading\"><span> <br\/>SHEAU CHEN <\/span><\/h2><p class=\"section__paragraph\"><br\/>Sheau est Directeur G\u00e9n\u00e9ral de Lindy Asie. Il se charge des march\u00e9s de Taiwan, d&rsquo;Indon\u00e9sie et du Japon. Sheau est un sp\u00e9cialiste des technologies Fibre Optique. Il se sert de ses connaissances pour d\u00e9velopper les solutions de transmission de Lindy. Sheau r\u00e9partit son temps entre Taiwan et le nord de la Californie o\u00f9 il est \u00e9galement en charge du d\u00e9veloppement de Lindy aux USA.<br\/><\/p><\/div><\/div><\/div><div class=\"col-6_sm-12 full-width-image--with-text align--left\" style=\"background-image:url(https:\/\/lindy.com\/fr\/wp-content\/uploads\/sites\/4\/2024\/08\/Sheau-Chen.png)\"><img decoding=\"async\" src=\"https:\/\/lindy.com\/fr\/wp-content\/uploads\/sites\/4\/2024\/08\/Sheau-Chen.png\"\/><\/div><\/div><\/section>\n\n\n\n<section class=\"wp-block-lindy-paragraph-one-col section section--horizontal-content section--horizontal-content--one-column font--size-small theme--light align--center  section--animation-none\"><div class=\"contained\"><\/div><\/section>\n","protected":false},"excerpt":{"rendered":"","protected":false},"author":15,"featured_media":0,"parent":0,"menu_order":0,"comment_status":"closed","ping_status":"closed","template":"page-templates\/template-landing.php","meta":{"_acf_changed":false,"footnotes":""},"class_list":["post-169","page","type-page","status-publish","hentry"],"acf":[],"yoast_head":"<!-- This site is optimized with the Yoast SEO plugin v26.6 - https:\/\/yoast.com\/wordpress\/plugins\/seo\/ -->\n<title>Comit\u00e9 de Direction International - Lindy - French<\/title>\n<meta name=\"robots\" content=\"index, follow, max-snippet:-1, max-image-preview:large, max-video-preview:-1\" \/>\n<link rel=\"canonical\" href=\"https:\/\/lindy.com\/fr\/direction\/\" \/>\n<meta property=\"og:locale\" content=\"fr_FR\" \/>\n<meta property=\"og:type\" content=\"article\" \/>\n<meta property=\"og:title\" content=\"Comit\u00e9 de Direction International - Lindy - French\" \/>\n<meta property=\"og:url\" content=\"https:\/\/lindy.com\/fr\/direction\/\" \/>\n<meta property=\"og:site_name\" content=\"Lindy - French\" \/>\n<meta property=\"article:modified_time\" content=\"2026-01-05T12:30:45+00:00\" \/>\n<meta property=\"og:image\" content=\"https:\/\/lindy.com\/fr\/wp-content\/uploads\/sites\/4\/2025\/09\/Management-Team.jpg\" \/>\n<meta name=\"twitter:card\" content=\"summary_large_image\" \/>\n<meta name=\"twitter:label1\" content=\"Dur\u00e9e de lecture estim\u00e9e\" \/>\n\t<meta name=\"twitter:data1\" content=\"4 minutes\" \/>\n<script type=\"application\/ld+json\" class=\"yoast-schema-graph\">{\"@context\":\"https:\/\/schema.org\",\"@graph\":[{\"@type\":\"WebPage\",\"@id\":\"https:\/\/lindy.com\/fr\/direction\/\",\"url\":\"https:\/\/lindy.com\/fr\/direction\/\",\"name\":\"Comit\u00e9 de Direction International - Lindy - French\",\"isPartOf\":{\"@id\":\"https:\/\/lindy.com\/fr\/#website\"},\"primaryImageOfPage\":{\"@id\":\"https:\/\/lindy.com\/fr\/direction\/#primaryimage\"},\"image\":{\"@id\":\"https:\/\/lindy.com\/fr\/direction\/#primaryimage\"},\"thumbnailUrl\":\"https:\/\/lindy.com\/fr\/wp-content\/uploads\/sites\/4\/2025\/09\/Management-Team.jpg\",\"datePublished\":\"2018-11-12T13:51:47+00:00\",\"dateModified\":\"2026-01-05T12:30:45+00:00\",\"breadcrumb\":{\"@id\":\"https:\/\/lindy.com\/fr\/direction\/#breadcrumb\"},\"inLanguage\":\"fr-FR\",\"potentialAction\":[{\"@type\":\"ReadAction\",\"target\":[\"https:\/\/lindy.com\/fr\/direction\/\"]}]},{\"@type\":\"ImageObject\",\"inLanguage\":\"fr-FR\",\"@id\":\"https:\/\/lindy.com\/fr\/direction\/#primaryimage\",\"url\":\"https:\/\/lindy.com\/fr\/wp-content\/uploads\/sites\/4\/2025\/09\/Management-Team.jpg\",\"contentUrl\":\"https:\/\/lindy.com\/fr\/wp-content\/uploads\/sites\/4\/2025\/09\/Management-Team.jpg\",\"width\":1920,\"height\":957},{\"@type\":\"BreadcrumbList\",\"@id\":\"https:\/\/lindy.com\/fr\/direction\/#breadcrumb\",\"itemListElement\":[{\"@type\":\"ListItem\",\"position\":1,\"name\":\"Home\",\"item\":\"https:\/\/lindy.com\/fr\/\"},{\"@type\":\"ListItem\",\"position\":2,\"name\":\"Comit\u00e9 de Direction International\"}]},{\"@type\":\"WebSite\",\"@id\":\"https:\/\/lindy.com\/fr\/#website\",\"url\":\"https:\/\/lindy.com\/fr\/\",\"name\":\"Lindy - French\",\"description\":\"Connection Perfection\",\"potentialAction\":[{\"@type\":\"SearchAction\",\"target\":{\"@type\":\"EntryPoint\",\"urlTemplate\":\"https:\/\/lindy.com\/fr\/?s={search_term_string}\"},\"query-input\":{\"@type\":\"PropertyValueSpecification\",\"valueRequired\":true,\"valueName\":\"search_term_string\"}}],\"inLanguage\":\"fr-FR\"}]}<\/script>\n<!-- \/ Yoast SEO plugin. -->","yoast_head_json":{"title":"Comit\u00e9 de Direction International - Lindy - French","robots":{"index":"index","follow":"follow","max-snippet":"max-snippet:-1","max-image-preview":"max-image-preview:large","max-video-preview":"max-video-preview:-1"},"canonical":"https:\/\/lindy.com\/fr\/direction\/","og_locale":"fr_FR","og_type":"article","og_title":"Comit\u00e9 de Direction International - Lindy - French","og_url":"https:\/\/lindy.com\/fr\/direction\/","og_site_name":"Lindy - French","article_modified_time":"2026-01-05T12:30:45+00:00","og_image":[{"url":"https:\/\/lindy.com\/fr\/wp-content\/uploads\/sites\/4\/2025\/09\/Management-Team.jpg","type":"","width":"","height":""}],"twitter_card":"summary_large_image","twitter_misc":{"Dur\u00e9e de lecture estim\u00e9e":"4 minutes"},"schema":{"@context":"https:\/\/schema.org","@graph":[{"@type":"WebPage","@id":"https:\/\/lindy.com\/fr\/direction\/","url":"https:\/\/lindy.com\/fr\/direction\/","name":"Comit\u00e9 de Direction International - Lindy - French","isPartOf":{"@id":"https:\/\/lindy.com\/fr\/#website"},"primaryImageOfPage":{"@id":"https:\/\/lindy.com\/fr\/direction\/#primaryimage"},"image":{"@id":"https:\/\/lindy.com\/fr\/direction\/#primaryimage"},"thumbnailUrl":"https:\/\/lindy.com\/fr\/wp-content\/uploads\/sites\/4\/2025\/09\/Management-Team.jpg","datePublished":"2018-11-12T13:51:47+00:00","dateModified":"2026-01-05T12:30:45+00:00","breadcrumb":{"@id":"https:\/\/lindy.com\/fr\/direction\/#breadcrumb"},"inLanguage":"fr-FR","potentialAction":[{"@type":"ReadAction","target":["https:\/\/lindy.com\/fr\/direction\/"]}]},{"@type":"ImageObject","inLanguage":"fr-FR","@id":"https:\/\/lindy.com\/fr\/direction\/#primaryimage","url":"https:\/\/lindy.com\/fr\/wp-content\/uploads\/sites\/4\/2025\/09\/Management-Team.jpg","contentUrl":"https:\/\/lindy.com\/fr\/wp-content\/uploads\/sites\/4\/2025\/09\/Management-Team.jpg","width":1920,"height":957},{"@type":"BreadcrumbList","@id":"https:\/\/lindy.com\/fr\/direction\/#breadcrumb","itemListElement":[{"@type":"ListItem","position":1,"name":"Home","item":"https:\/\/lindy.com\/fr\/"},{"@type":"ListItem","position":2,"name":"Comit\u00e9 de Direction International"}]},{"@type":"WebSite","@id":"https:\/\/lindy.com\/fr\/#website","url":"https:\/\/lindy.com\/fr\/","name":"Lindy - French","description":"Connection Perfection","potentialAction":[{"@type":"SearchAction","target":{"@type":"EntryPoint","urlTemplate":"https:\/\/lindy.com\/fr\/?s={search_term_string}"},"query-input":{"@type":"PropertyValueSpecification","valueRequired":true,"valueName":"search_term_string"}}],"inLanguage":"fr-FR"}]}},"_links":{"self":[{"href":"https:\/\/lindy.com\/fr\/wp-json\/wp\/v2\/pages\/169","targetHints":{"allow":["GET"]}}],"collection":[{"href":"https:\/\/lindy.com\/fr\/wp-json\/wp\/v2\/pages"}],"about":[{"href":"https:\/\/lindy.com\/fr\/wp-json\/wp\/v2\/types\/page"}],"author":[{"embeddable":true,"href":"https:\/\/lindy.com\/fr\/wp-json\/wp\/v2\/users\/15"}],"replies":[{"embeddable":true,"href":"https:\/\/lindy.com\/fr\/wp-json\/wp\/v2\/comments?post=169"}],"version-history":[{"count":10,"href":"https:\/\/lindy.com\/fr\/wp-json\/wp\/v2\/pages\/169\/revisions"}],"predecessor-version":[{"id":7016,"href":"https:\/\/lindy.com\/fr\/wp-json\/wp\/v2\/pages\/169\/revisions\/7016"}],"wp:attachment":[{"href":"https:\/\/lindy.com\/fr\/wp-json\/wp\/v2\/media?parent=169"}],"curies":[{"name":"wp","href":"https:\/\/api.w.org\/{rel}","templated":true}]}}