{"id":170,"date":"2018-11-12T14:00:22","date_gmt":"2018-11-12T14:00:22","guid":{"rendered":"https:\/\/lindy.com\/fr\/?page_id=170"},"modified":"2026-04-17T09:08:25","modified_gmt":"2026-04-17T09:08:25","slug":"hr","status":"publish","type":"page","link":"https:\/\/lindy.com\/fr\/hr\/","title":{"rendered":"HR"},"content":{"rendered":"\n<section class=\"wp-block-lindy-image-text-module section section--full-width-image full-width-image--with-text theme--dark section--animation-none align--center  font--size-medium\" style=\"background-image:url(https:\/\/lindy.com\/en\/wp-content\/uploads\/sites\/2\/2018\/10\/HR_Image11.jpg)\"><img decoding=\"async\" class=\"full-width-image__image\" src=\"https:\/\/lindy.com\/en\/wp-content\/uploads\/sites\/2\/2018\/10\/HR_Image11.jpg\"\/><div class=\"contained\"><div class=\"full-width-image__content\"><h2 class=\"section__heading\"><span><br\/><br\/><br\/><span style=\"color:#FFFFFF\">PASSIONATE abou<\/span>T<span style=\"color:#FFFFFF\"> our People<\/span><\/span><\/h2><h2 class=\"section__subheading section__subheading__title\"><span style=\"color:#FFFFFF\">PASSIONate about what we do<\/span><br\/><br\/><br\/><br\/><br\/><\/h2><a href=\"https:\/\/lindy.com\/fr\/postes-a-pourvoir\/\" class=\"button button--white-transparent\" target=\"_self\" rel=\"noopener noreferrer\">Voir nos offres d&#8217;emploi<\/a><\/div><\/div><\/section>\n\n\n\n<section class=\"wp-block-lindy-paragraph-one-col section section--horizontal-content section--horizontal-content--one-column font--size-small theme--light align--center  section--animation-none\"><div class=\"contained\"><p class=\"section__paragraph\"><br\/>Lindy est une marque technologique dynamique tourn\u00e9e vers l\u2019avenir, nous exer\u00e7ons nos activit\u00e9s dans les domaines de la vente, du service et de la logistique dans 14 pays diff\u00e9rents. Nos valeurs d\u2019entreprise associent des d\u00e9cennies d\u2019exp\u00e9rience et de succ\u00e8s commerciaux \u00e0 une culture reconnaissante et progressive caract\u00e9ris\u00e9e par la pens\u00e9e novatrice, le travail d\u2019\u00e9quipe et la coop\u00e9ration.<br\/><br\/>Lindy traite toujours ses employ\u00e9s, ses partenaires commerciaux et ses fournisseurs avec respect et sur un pied d\u2019\u00e9galit\u00e9. Lindy est une entreprise qui encourage tous ses collaborateurs \u00e0 progresser et \u00e0 atteindre leur plein potentiel..<br\/><br\/><br\/><\/p><\/div><\/section>\n\n\n\n<section class=\"wp-block-lindy-paragraph-and-images full-width-image--with-text section section--paragraph-image  theme--light font--size-medium\"><div class=\"grid-noBottom-middle-reverse\"><div class=\"col-6_sm-12 full-width-image__content section section--animation-none align--left \"><div class=\"content--animate\"><div class=\"contained\"><p class=\"section__paragraph\">La culture de Lindy \u00e9volue. Nous faisons en sorte que nos \u00e9quipes d\u00e9veloppent leurs comp\u00e9tences et leur savoir-faire.<\/p><\/div><\/div><\/div><div class=\"col-6_sm-12 full-width-image--with-text align--left\" style=\"background-image:url(https:\/\/lindy.com\/en\/wp-content\/uploads\/sites\/2\/2018\/10\/HR_Imae1.jpg)\"><img decoding=\"async\" src=\"https:\/\/lindy.com\/en\/wp-content\/uploads\/sites\/2\/2018\/10\/HR_Imae1.jpg\"\/><\/div><\/div><\/section>\n\n\n\n<section class=\"wp-block-lindy-paragraph-and-images full-width-image--with-text section section--paragraph-image  theme--light font--size-medium\"><div class=\"grid-noBottom-middle\"><div class=\"col-6_sm-12 full-width-image__content section section--animation-none align--right \"><div class=\"content--animate\"><div class=\"contained\"><p class=\"section__paragraph\">R\u00e9ussir \u00e0 atteindre nos objectifs passe par notre plus pr\u00e9cieuse ressource: nos collaborateurs.<\/p><\/div><\/div><\/div><div class=\"col-6_sm-12 full-width-image--with-text align--right\" style=\"background-image:url(https:\/\/lindy.com\/en\/wp-content\/uploads\/sites\/2\/2018\/10\/HR_Imae2-1.jpg)\"><img decoding=\"async\" src=\"https:\/\/lindy.com\/en\/wp-content\/uploads\/sites\/2\/2018\/10\/HR_Imae2-1.jpg\"\/><\/div><\/div><\/section>\n\n\n\n<section class=\"wp-block-lindy-paragraph-and-images full-width-image--with-text section section--paragraph-image  theme--light font--camber font--size-large\"><div class=\"grid-noBottom-middle-reverse\"><div class=\"col-6_sm-12 full-width-image__content section section--animation-none align--left \"><div class=\"content--animate\"><div class=\"contained\"><h2 class=\"section__heading\"><span>PARTAGEZ NOTRE VISION, <br\/>REJOIGNEZ-NOUS.<br\/><\/span><\/h2><\/div><\/div><\/div><div class=\"col-6_sm-12 full-width-image--with-text align--left\" style=\"background-image:url(https:\/\/lindy.com\/en\/wp-content\/uploads\/sites\/2\/2018\/10\/HR_Image14.jpg)\"><img decoding=\"async\" src=\"https:\/\/lindy.com\/en\/wp-content\/uploads\/sites\/2\/2018\/10\/HR_Image14.jpg\"\/><\/div><\/div><\/section>\n\n\n\n<section class=\"wp-block-lindy-image-text-module section section--full-width-image full-width-image--with-text theme--dark section--animation-none align--center font--camber font--size-large\" style=\"background-image:url()\"><img decoding=\"async\" class=\"full-width-image__image\" src=\"\"\/><div class=\"contained\"><div class=\"full-width-image__content\"><h2 class=\"section__heading\"><span>TRAVAILLER CHEZ LINDY.<\/span><\/h2><h2 class=\"section__subheading section__subheading__title\">C&rsquo;EST AVANT TOUT UN TRAVAIL D&rsquo;\u00c9QUIPE.<br\/><br\/><\/h2><\/div><\/div><\/section>\n\n\n\n<section class=\"wp-block-lindy-paragraph-and-images full-width-image--with-text section section--paragraph-image  theme--dark font--camber font--size-medium\"><div class=\"grid-noBottom-middle-reverse\"><div class=\"col-6_sm-12 full-width-image__content section section--animation-none align--left \"><div class=\"content--animate\"><div class=\"contained\"><h2 class=\"section__subheading section__subheading__title\">\u201cTR\u00c8S STIMULANT, TR\u00c8S MOTIVANT. ET UN CADRE JEUNE.\u201d<\/h2><p class=\"section__paragraph\"><br\/>Elia LUPI \u2013 Chef des Ventes Europe<\/p><\/div><\/div><\/div><div class=\"col-6_sm-12 full-width-image--with-text align--left\" style=\"background-image:url(https:\/\/lindy.com\/en\/wp-content\/uploads\/sites\/2\/2018\/10\/ELIA.jpg)\"><img decoding=\"async\" src=\"https:\/\/lindy.com\/en\/wp-content\/uploads\/sites\/2\/2018\/10\/ELIA.jpg\"\/><\/div><\/div><\/section>\n\n\n\n<section class=\"wp-block-lindy-paragraph-and-images full-width-image--with-text section section--paragraph-image  theme--dark font--camber font--size-medium\"><div class=\"grid-noBottom-middle\"><div class=\"col-6_sm-12 full-width-image__content section section--animation-none align--right \"><div class=\"content--animate\"><div class=\"contained\"><h2 class=\"section__subheading section__subheading__title\">\u201cPARTOUT DANS LE MONDE. COMME UNE FAMILLE.\u201d<\/h2><p class=\"section__paragraph\"><br\/>Neil CHIU \u2013 Chef produits<\/p><\/div><\/div><\/div><div class=\"col-6_sm-12 full-width-image--with-text align--right\" style=\"background-image:url(https:\/\/lindy.com\/en\/wp-content\/uploads\/sites\/2\/2018\/10\/NEIL.jpg)\"><img decoding=\"async\" src=\"https:\/\/lindy.com\/en\/wp-content\/uploads\/sites\/2\/2018\/10\/NEIL.jpg\"\/><\/div><\/div><\/section>\n\n\n\n<section class=\"wp-block-lindy-paragraph-and-images full-width-image--with-text section section--paragraph-image  theme--dark font--camber font--size-medium\"><div class=\"grid-noBottom-middle-reverse\"><div class=\"col-6_sm-12 full-width-image__content section section--animation-none align--left \"><div class=\"content--animate\"><div class=\"contained\"><h2 class=\"section__subheading section__subheading__title\">\u201cJ&rsquo;AIME VENIR DANS UN ENDROIT O\u00d9 TOUT LE MONDE CONNA\u00ceT MON NOM ET MOI LE LEUR.\u201d<\/h2><p class=\"section__paragraph\"><br\/>John PATRICK \u2013 Superviseur Tech Support<\/p><\/div><\/div><\/div><div class=\"col-6_sm-12 full-width-image--with-text align--left\" style=\"background-image:url(https:\/\/lindy.com\/en\/wp-content\/uploads\/sites\/2\/2018\/10\/JOHN.jpg)\"><img decoding=\"async\" src=\"https:\/\/lindy.com\/en\/wp-content\/uploads\/sites\/2\/2018\/10\/JOHN.jpg\"\/><\/div><\/div><\/section>\n\n\n\n<section class=\"wp-block-lindy-image-text-module section section--full-width-image full-width-image--with-text theme--dark section--animation-none align--center  font--size-medium\" style=\"background-image:url()\"><img decoding=\"async\" class=\"full-width-image__image\" src=\"\"\/><div class=\"contained\"><div class=\"full-width-image__content\"><p class=\"section__paragraph\">Attendez vous \u00e0 faire partie d&rsquo;une \u00e9quipe dynamique et en pleine croissance. Prenez part \u00e0 notre strat\u00e9gie visant \u00e0 devenir les leaders dans notre secteur.<br\/><br\/>Travailler avec nos collaborateurs et nos partenaires, en utilisant notre savoir-faire.<br\/><br\/>Un style de gestion ouvert, honn\u00eate et abordable encourage un dialogue sinc\u00e8re et direct \u00e0 tous les niveaux de l\u2019entreprise &#8211; Lindy est une entreprise familiale \u00e0 l\u2019esprit convivial et communautaire.<br\/><\/p><a href=\"https:\/\/lindy.com\/fr\/postes-a-pourvoir\/\" class=\"button button--white-transparent\" target=\"_self\" rel=\"noopener noreferrer\">Voir nos offres d&#8217;emploi<\/a><\/div><\/div><\/section>\n","protected":false},"excerpt":{"rendered":"","protected":false},"author":15,"featured_media":0,"parent":0,"menu_order":0,"comment_status":"closed","ping_status":"closed","template":"page-templates\/template-landing.php","meta":{"_acf_changed":false,"footnotes":""},"class_list":["post-170","page","type-page","status-publish","hentry"],"acf":[],"yoast_head":"<!-- This site is optimized with the Yoast SEO plugin v26.6 - https:\/\/yoast.com\/wordpress\/plugins\/seo\/ -->\n<title>HR - Lindy - French<\/title>\n<meta name=\"robots\" content=\"index, follow, max-snippet:-1, max-image-preview:large, max-video-preview:-1\" \/>\n<link rel=\"canonical\" href=\"https:\/\/lindy.com\/fr\/hr\/\" \/>\n<meta property=\"og:locale\" content=\"fr_FR\" \/>\n<meta property=\"og:type\" content=\"article\" \/>\n<meta property=\"og:title\" content=\"HR - Lindy - French\" \/>\n<meta property=\"og:url\" content=\"https:\/\/lindy.com\/fr\/hr\/\" \/>\n<meta property=\"og:site_name\" content=\"Lindy - French\" \/>\n<meta property=\"article:modified_time\" content=\"2026-04-17T09:08:25+00:00\" \/>\n<meta property=\"og:image\" content=\"https:\/\/lindy.com\/en\/wp-content\/uploads\/sites\/2\/2018\/10\/HR_Image11.jpg\" \/>\n<meta name=\"twitter:card\" content=\"summary_large_image\" \/>\n<meta name=\"twitter:label1\" content=\"Dur\u00e9e de lecture estim\u00e9e\" \/>\n\t<meta name=\"twitter:data1\" content=\"4 minutes\" \/>\n<script type=\"application\/ld+json\" class=\"yoast-schema-graph\">{\"@context\":\"https:\/\/schema.org\",\"@graph\":[{\"@type\":\"WebPage\",\"@id\":\"https:\/\/lindy.com\/fr\/hr\/\",\"url\":\"https:\/\/lindy.com\/fr\/hr\/\",\"name\":\"HR - Lindy - French\",\"isPartOf\":{\"@id\":\"https:\/\/lindy.com\/fr\/#website\"},\"primaryImageOfPage\":{\"@id\":\"https:\/\/lindy.com\/fr\/hr\/#primaryimage\"},\"image\":{\"@id\":\"https:\/\/lindy.com\/fr\/hr\/#primaryimage\"},\"thumbnailUrl\":\"https:\/\/lindy.com\/en\/wp-content\/uploads\/sites\/2\/2018\/10\/HR_Image11.jpg\",\"datePublished\":\"2018-11-12T14:00:22+00:00\",\"dateModified\":\"2026-04-17T09:08:25+00:00\",\"breadcrumb\":{\"@id\":\"https:\/\/lindy.com\/fr\/hr\/#breadcrumb\"},\"inLanguage\":\"fr-FR\",\"potentialAction\":[{\"@type\":\"ReadAction\",\"target\":[\"https:\/\/lindy.com\/fr\/hr\/\"]}]},{\"@type\":\"ImageObject\",\"inLanguage\":\"fr-FR\",\"@id\":\"https:\/\/lindy.com\/fr\/hr\/#primaryimage\",\"url\":\"https:\/\/lindy.com\/en\/wp-content\/uploads\/sites\/2\/2018\/10\/HR_Image11.jpg\",\"contentUrl\":\"https:\/\/lindy.com\/en\/wp-content\/uploads\/sites\/2\/2018\/10\/HR_Image11.jpg\"},{\"@type\":\"BreadcrumbList\",\"@id\":\"https:\/\/lindy.com\/fr\/hr\/#breadcrumb\",\"itemListElement\":[{\"@type\":\"ListItem\",\"position\":1,\"name\":\"Home\",\"item\":\"https:\/\/lindy.com\/fr\/\"},{\"@type\":\"ListItem\",\"position\":2,\"name\":\"HR\"}]},{\"@type\":\"WebSite\",\"@id\":\"https:\/\/lindy.com\/fr\/#website\",\"url\":\"https:\/\/lindy.com\/fr\/\",\"name\":\"Lindy - French\",\"description\":\"Connection Perfection\",\"potentialAction\":[{\"@type\":\"SearchAction\",\"target\":{\"@type\":\"EntryPoint\",\"urlTemplate\":\"https:\/\/lindy.com\/fr\/?s={search_term_string}\"},\"query-input\":{\"@type\":\"PropertyValueSpecification\",\"valueRequired\":true,\"valueName\":\"search_term_string\"}}],\"inLanguage\":\"fr-FR\"}]}<\/script>\n<!-- \/ Yoast SEO plugin. -->","yoast_head_json":{"title":"HR - Lindy - French","robots":{"index":"index","follow":"follow","max-snippet":"max-snippet:-1","max-image-preview":"max-image-preview:large","max-video-preview":"max-video-preview:-1"},"canonical":"https:\/\/lindy.com\/fr\/hr\/","og_locale":"fr_FR","og_type":"article","og_title":"HR - Lindy - French","og_url":"https:\/\/lindy.com\/fr\/hr\/","og_site_name":"Lindy - French","article_modified_time":"2026-04-17T09:08:25+00:00","og_image":[{"url":"https:\/\/lindy.com\/en\/wp-content\/uploads\/sites\/2\/2018\/10\/HR_Image11.jpg","type":"","width":"","height":""}],"twitter_card":"summary_large_image","twitter_misc":{"Dur\u00e9e de lecture estim\u00e9e":"4 minutes"},"schema":{"@context":"https:\/\/schema.org","@graph":[{"@type":"WebPage","@id":"https:\/\/lindy.com\/fr\/hr\/","url":"https:\/\/lindy.com\/fr\/hr\/","name":"HR - Lindy - French","isPartOf":{"@id":"https:\/\/lindy.com\/fr\/#website"},"primaryImageOfPage":{"@id":"https:\/\/lindy.com\/fr\/hr\/#primaryimage"},"image":{"@id":"https:\/\/lindy.com\/fr\/hr\/#primaryimage"},"thumbnailUrl":"https:\/\/lindy.com\/en\/wp-content\/uploads\/sites\/2\/2018\/10\/HR_Image11.jpg","datePublished":"2018-11-12T14:00:22+00:00","dateModified":"2026-04-17T09:08:25+00:00","breadcrumb":{"@id":"https:\/\/lindy.com\/fr\/hr\/#breadcrumb"},"inLanguage":"fr-FR","potentialAction":[{"@type":"ReadAction","target":["https:\/\/lindy.com\/fr\/hr\/"]}]},{"@type":"ImageObject","inLanguage":"fr-FR","@id":"https:\/\/lindy.com\/fr\/hr\/#primaryimage","url":"https:\/\/lindy.com\/en\/wp-content\/uploads\/sites\/2\/2018\/10\/HR_Image11.jpg","contentUrl":"https:\/\/lindy.com\/en\/wp-content\/uploads\/sites\/2\/2018\/10\/HR_Image11.jpg"},{"@type":"BreadcrumbList","@id":"https:\/\/lindy.com\/fr\/hr\/#breadcrumb","itemListElement":[{"@type":"ListItem","position":1,"name":"Home","item":"https:\/\/lindy.com\/fr\/"},{"@type":"ListItem","position":2,"name":"HR"}]},{"@type":"WebSite","@id":"https:\/\/lindy.com\/fr\/#website","url":"https:\/\/lindy.com\/fr\/","name":"Lindy - French","description":"Connection Perfection","potentialAction":[{"@type":"SearchAction","target":{"@type":"EntryPoint","urlTemplate":"https:\/\/lindy.com\/fr\/?s={search_term_string}"},"query-input":{"@type":"PropertyValueSpecification","valueRequired":true,"valueName":"search_term_string"}}],"inLanguage":"fr-FR"}]}},"_links":{"self":[{"href":"https:\/\/lindy.com\/fr\/wp-json\/wp\/v2\/pages\/170","targetHints":{"allow":["GET"]}}],"collection":[{"href":"https:\/\/lindy.com\/fr\/wp-json\/wp\/v2\/pages"}],"about":[{"href":"https:\/\/lindy.com\/fr\/wp-json\/wp\/v2\/types\/page"}],"author":[{"embeddable":true,"href":"https:\/\/lindy.com\/fr\/wp-json\/wp\/v2\/users\/15"}],"replies":[{"embeddable":true,"href":"https:\/\/lindy.com\/fr\/wp-json\/wp\/v2\/comments?post=170"}],"version-history":[{"count":5,"href":"https:\/\/lindy.com\/fr\/wp-json\/wp\/v2\/pages\/170\/revisions"}],"predecessor-version":[{"id":7616,"href":"https:\/\/lindy.com\/fr\/wp-json\/wp\/v2\/pages\/170\/revisions\/7616"}],"wp:attachment":[{"href":"https:\/\/lindy.com\/fr\/wp-json\/wp\/v2\/media?parent=170"}],"curies":[{"name":"wp","href":"https:\/\/api.w.org\/{rel}","templated":true}]}}