{"id":1829,"date":"2024-01-24T10:58:57","date_gmt":"2024-01-24T10:58:57","guid":{"rendered":"https:\/\/lindy.com\/fr\/?page_id=1829"},"modified":"2024-03-20T09:12:07","modified_gmt":"2024-03-20T09:12:07","slug":"sdvoe","status":"publish","type":"page","link":"https:\/\/lindy.com\/fr\/sdvoe\/","title":{"rendered":"SDVoE"},"content":{"rendered":"\n<section class=\"wp-block-lindy-image-text-module section section--full-width-image full-width-image--with-text theme--dark section--animation-none align--center  font--size-large\" style=\"background-image:url(https:\/\/lindy.com\/de\/wp-content\/uploads\/sites\/3\/2024\/01\/Header_SDVOE-Logo.png)\"><img decoding=\"async\" class=\"full-width-image__image\" src=\"https:\/\/lindy.com\/de\/wp-content\/uploads\/sites\/3\/2024\/01\/Header_SDVOE-Logo.png\"\/><div class=\"contained\"><div class=\"full-width-image__content\"><h2 class=\"section__heading\"><span><br\/><br\/><br\/><br\/>SDVOE<\/span><\/h2><h2 class=\"section__subheading section__subheading__title\">Software\u00a0Defined\u00a0<br\/>Video\u00a0over\u00a0Ethernet<\/h2><p class=\"section__paragraph\"><br\/>   <br\/><br\/><br\/><br\/><\/p><\/div><\/div><\/section>\n\n\n\n<section class=\"wp-block-lindy-image-text-module section section--full-width-image full-width-image--with-text theme--dark section--animation-none align--center  font--size-medium\" style=\"background-image:url()\"><img decoding=\"async\" class=\"full-width-image__image\" src=\"\"\/><div class=\"contained\"><div class=\"full-width-image__content\"><h2 class=\"section__heading\"><span>technologie d&rsquo;extension<\/span><\/h2><h2 class=\"section__subheading section__subheading__title\">bas\u00e9e sur le r\u00e9seau<\/h2><p class=\"section__paragraph\"><br\/>Bienvenue dans l&rsquo;avenir de la technologie AV !<br\/>D\u00e9couvrez les possibilit\u00e9s illimit\u00e9es du SDVoE (<strong>S<\/strong>oftware<strong> D<\/strong>efined <strong>V<\/strong>ideo <strong>o<\/strong>ver <strong>E<\/strong>thernet), qui r\u00e9volutionne actuellement la transmission de contenus audiovisuels. SDVoE n&rsquo;est pas seulement une nouvelle norme, mais une technologie qui red\u00e9finit la mani\u00e8re dont nous voyons, \u00e9coutons et partageons les contenus.<br\/><br\/>Avec la technologie SDVoE, il devient possible de transmettre de la vid\u00e9o haute r\u00e9solution, de l&rsquo;audio et des commandes de contr\u00f4le sur des r\u00e9seaux Ethernet traditionnels. Profitez d&rsquo;une flexibilit\u00e9 et d&rsquo;une \u00e9volution incomparables, tout en b\u00e9n\u00e9ficiant d&rsquo;une qualit\u00e9 d&rsquo;image et de son de premier ordre. Oubliez les d\u00e9sordres li\u00e9s aux c\u00e2bles et les mises \u00e0 niveau mat\u00e9rielles co\u00fbteuses &#8211; la technologie SDVoE vous permet d&rsquo;optimiser votre configuration AV de mani\u00e8re simple et \u00e9conomique.<br\/><br\/>L&rsquo;avenir de l&rsquo;int\u00e9gration audiovisuelle, c&rsquo;est maintenant. Que ce soit dans les entreprises, les \u00e9tablissements d&rsquo;enseignement ou les espaces de divertissement, la technologie SDVoE offre la solution id\u00e9ale pour chaque cas d&rsquo;application.<br\/><br\/><\/p><\/div><\/div><\/section>\n\n\n\n<section data-lin-vimeo=\"905124079\" class=\"wp-block-lindy-full-width-video section section--video-section full-width-video theme--dark align--center font--size-medium\"><div class=\"contained relative\"><div class=\"full-width-video__heading contained\"><\/div><div class=\"vimeo-section-video-inner section__vimeo-inner\" data-lin-vimeo=\"905124079\"><\/div><\/div><\/section>\n\n\n\n<section class=\"wp-block-lindy-heading-text section section--heading-text theme--dark align--left  font--size-medium section--animation-none\"><div class=\"contained\"><h2 class=\"section__heading\"><span>    <\/span><\/h2><\/div><\/section>\n\n\n\n<section class=\"wp-block-lindy-image-text-module section section--full-width-image full-width-image--with-text theme--light section--animation-none align--left  font--size-medium\" style=\"background-image:url()\"><img decoding=\"async\" class=\"full-width-image__image\" src=\"\"\/><div class=\"contained\"><div class=\"full-width-image__content\"><h2 class=\"section__heading\"><span>gestion av par r\u00e9seau<\/span><\/h2><h2 class=\"section__subheading section__subheading__title\">avec 2 produits universels<\/h2><p class=\"section__paragraph\"><br\/>Le syst\u00e8me se compose de contr\u00f4leur et d&rsquo;\u00e9metteur-r\u00e9cepteur. Les \u00e9metteurs-r\u00e9cepteurs peuvent faire office soit d&rsquo;encodeurs, soit de d\u00e9codeurs pour la connexion \u00e0 des appareils sources ou d&rsquo;affichage. Le contr\u00f4leur g\u00e8re l&rsquo;ensemble de l&rsquo;installation et peut \u00eatre configur\u00e9 via un navigateur web. La pr\u00e9visualisation des signaux et le glisser-d\u00e9poser sont pris en charge au sein de l&rsquo;interface utilisateur graphique. Le syst\u00e8me peut \u00eatre utilis\u00e9 dans des r\u00e9seaux en fibre optique ou en cuivre. Il supporte le PoE pour faciliter l&rsquo;installation et son \u00e9volution.<\/p><\/div><\/div><\/section>\n\n\n\n<section class=\"wp-block-lindy-image-text-module section section--full-width-image full-width-image--with-text theme--dark section--animation-none align--center  font--size-medium width--half\" style=\"background-image:url(https:\/\/lindy.com\/de\/wp-content\/uploads\/sites\/3\/2024\/01\/38364_HW.png)\"><img decoding=\"async\" class=\"full-width-image__image\" src=\"https:\/\/lindy.com\/de\/wp-content\/uploads\/sites\/3\/2024\/01\/38364_HW.png\"\/><div class=\"contained\"><div class=\"full-width-image__content\"><p class=\"section__paragraph\">Contr\u00f4leur SDVoE (No. 38364)<\/p><a href=\"https:\/\/www.lindy.fr\/Controleur-SDVoE.htm?websale8=ld0101.ld031103&amp;pi=38364&amp;ci=200202\" class=\"button button--white-transparent\" target=\"_blank\" rel=\"noopener noreferrer\">D\u00e9couvrir<\/a><\/div><\/div><\/section>\n\n\n\n<section class=\"wp-block-lindy-image-text-module section section--full-width-image full-width-image--with-text theme--dark section--animation-none align--center  font--size-medium width--half\" style=\"background-image:url(https:\/\/lindy.com\/de\/wp-content\/uploads\/sites\/3\/2024\/01\/38365_HW.png)\"><img decoding=\"async\" class=\"full-width-image__image\" src=\"https:\/\/lindy.com\/de\/wp-content\/uploads\/sites\/3\/2024\/01\/38365_HW.png\"\/><div class=\"contained\"><div class=\"full-width-image__content\"><p class=\"section__paragraph\">Extender SDVoE (No. 38365)<\/p><a href=\"https:\/\/www.lindy.fr\/Extender-SDVoE-HDMI-4K60-USB-Transmission-AV-sur-IP.htm?websale8=ld0101.ld031103&amp;pi=38365&amp;ci=200202\" class=\"button button--white-transparent\" target=\"_blank\" rel=\"noopener noreferrer\">D\u00e9couvrir<\/a><\/div><\/div><\/section>\n\n\n\n<section class=\"wp-block-lindy-image-text-module section section--full-width-image full-width-image--with-text theme--dark section--animation-none align--center  font--size-medium width--half\" style=\"background-image:url()\"><img decoding=\"async\" class=\"full-width-image__image\" src=\"\"\/><div class=\"contained\"><div class=\"full-width-image__content\"><h2 class=\"section__heading\"><span>deux \u00e9quipements &#8211;<\/span><\/h2><h2 class=\"section__subheading section__subheading__title\">un univers av<\/h2><p class=\"section__paragraph\"><br\/>La combinaison de seulement 2 produits dans des modes de fonctionnement diff\u00e9rents ouvre un oc\u00e9an de possibilit\u00e9s. L&rsquo;\u00e9metteur-r\u00e9cepteur fonctionne soit en mode d&rsquo;encodage soit en mode de d\u00e9codage, il est ainsi configur\u00e9 soit comme \u00e9metteur soit comme r\u00e9cepteur. Deux \u00e9metteurs-r\u00e9cepteurs de ce type permettent d\u00e9j\u00e0 de mettre en place un syst\u00e8me d&rsquo;extension bas\u00e9 sur IP. Mais ce n&rsquo;est que le d\u00e9but. En combinant l&rsquo;unit\u00e9 de contr\u00f4le, il est possible de mettre en place des syst\u00e8mes de splitters qui affichent un contenu sur plusieurs \u00e9crans, des murs d&rsquo;images avec jusqu&rsquo;\u00e0 8 x 8 \u00e9crans et des syst\u00e8mes de commutation matriciels complets avec des \u00e9crans r\u00e9partis dans l&rsquo;espace. Le contr\u00f4leur se charge ensuite de la commande et du routage des signaux sur le r\u00e9seau. Sur les appareils source et cible, il suffit de configurer un \u00e9metteur-r\u00e9cepteur dans le mode correspondant en tant qu&rsquo;encodeur (\u00e9metteur) ou d\u00e9codeur (r\u00e9cepteur).<\/p><\/div><\/div><\/section>\n\n\n\n<section class=\"wp-block-lindy-zoom-image section section--zoom-image zoom-image align--center theme--light\"><div class=\"contained\"><div class=\"zoom-image-wrapper\"><img decoding=\"async\" class=\"zoomable\" src=\"https:\/\/lindy.com\/de\/wp-content\/uploads\/sites\/3\/2024\/01\/SDVoE-Diagramm_HeadLine_bg-white-1.png\" data-zoom-img=\"https:\/\/lindy.com\/de\/wp-content\/uploads\/sites\/3\/2024\/01\/SDVoE-Diagramm_HeadLine_bg-white-1.png\"\/><\/div><span class=\"zoom-image__description\">Click to zoom<\/span><\/div><\/section>\n\n\n\n<section class=\"wp-block-lindy-image-text-module section section--full-width-image full-width-image--with-text theme--dark section--animation-none align--left  font--size-medium width--half\" style=\"background-image:url()\"><img decoding=\"async\" class=\"full-width-image__image\" src=\"\"\/><div class=\"contained\"><div class=\"full-width-image__content\"><h2 class=\"section__heading\"><span>les avantages<\/span><\/h2><h2 class=\"section__subheading section__subheading__title\">en un coup d&rsquo;oeil<\/h2><p class=\"section__paragraph\"><br\/><strong>D\u00c9PLOIEMENT FACILE<\/strong>. Profitez de la configuration simple et des possibilit\u00e9s flexibles du syst\u00e8me SDVoE de Lindy. Gr\u00e2ce \u00e0 l&rsquo;interface web du contr\u00f4leur SDVoE simple d&rsquo;utilisation, l&rsquo;installation du syst\u00e8me est tr\u00e8s facile pour les utilisateurs. La polyvalence du syst\u00e8me permet des configurations point \u00e0 point, matricielles et de murs vid\u00e9o, et garantit la compatibilit\u00e9 dans une grande vari\u00e9t\u00e9 d&rsquo;environnements audiovisuels, tels que les salles de classe et de conf\u00e9rence ou les installations d&rsquo;affichage num\u00e9rique.<br\/><br\/><strong>FLEXIBLE.<\/strong> Le syst\u00e8me peut \u00eatre int\u00e9gr\u00e9 dans un r\u00e9seau existant en le connectant \u00e0 un switch r\u00e9seau 10G via un c\u00e2ble en cuivre standard de Cat.6a ou sup\u00e9rieur, ou en utilisant un module fibre optique SFP+ (non fourni) de mani\u00e8re tr\u00e8s simple et avec un maximum de flexibilit\u00e9 en termes d&rsquo;installation et de configuration.<\/p><\/div><\/div><\/section>\n\n\n\n<section class=\"wp-block-lindy-image-text-module section section--full-width-image full-width-image--with-text theme--dark section--animation-none align--left  font--size-medium width--half\" style=\"background-image:url()\"><img decoding=\"async\" class=\"full-width-image__image\" src=\"\"\/><div class=\"contained\"><div class=\"full-width-image__content\"><p class=\"section__paragraph\"><br\/><br\/><br\/><br\/><strong>PRATIQUE<\/strong>. Le contr\u00f4leur SDVoE de Lindy offre un contr\u00f4le centralis\u00e9 et simplifie la gestion et la surveillance de votre syst\u00e8me AV sur IP depuis un seul endroit. Configurez sans effort le routage audio\/vid\u00e9o, cr\u00e9ez des pr\u00e9s\u00e9lections individuelles et ajustez les param\u00e8tres des appareils. La surveillance en temps r\u00e9el identifie et r\u00e9sout les probl\u00e8mes \u00ab\u00a0\u00e0 la vol\u00e9e\u00a0\u00bb, garantissant ainsi des performances optimis\u00e9es et des temps d&rsquo;arr\u00eat minimaux.<br\/><br\/><br\/><strong>SANS FIL.<\/strong> La possibilit\u00e9 de connecter des p\u00e9riph\u00e9riques USB en m\u00eame temps que le signal vid\u00e9o est id\u00e9ale pour les applications AV et KVM interactives. De plus, l&rsquo;alimentation par Ethernet (PoE) rend les alimentations suppl\u00e9mentaires inutiles et simplifie les installations.<br\/><br\/><\/p><\/div><\/div><\/section>\n\n\n\n<section class=\"wp-block-lindy-image-text-module section section--full-width-image full-width-image--with-text theme--light section--animation-none align--right  font--size-medium width--half\" style=\"background-image:url()\"><img decoding=\"async\" class=\"full-width-image__image\" src=\"\"\/><div class=\"contained\"><div class=\"full-width-image__content\"><h2 class=\"section__heading\"><span>l&rsquo;alliance SDVoE &#8211; <\/span><\/h2><h2 class=\"section__subheading section__subheading__title\">un organe fort<\/h2><p class=\"section__paragraph\"><br\/>En tant que membre de l&rsquo;Alliance SDVoE, un organisme \u00e0 but non lucratif compos\u00e9 de fournisseurs de technologie renomm\u00e9s, nous contribuons \u00e0 normaliser cette technologie d&rsquo;avenir, \u00e0 la d\u00e9velopper et \u00e0 la faire progresser.<br\/><br\/><\/p><a href=\"https:\/\/sdvoe.org\/\" class=\"button button--dark\" target=\"_blank\" rel=\"noopener noreferrer\">En savoir plus<\/a><\/div><\/div><\/section>\n\n\n\n<section class=\"wp-block-lindy-image-text-module section section--full-width-image full-width-image--with-text theme--light section--animation-none align--left  font--size-medium width--half\" style=\"background-image:url(https:\/\/lindy.com\/de\/wp-content\/uploads\/sites\/3\/2024\/01\/SDVoE-Logo-HW-1.png)\"><img decoding=\"async\" class=\"full-width-image__image\" src=\"https:\/\/lindy.com\/de\/wp-content\/uploads\/sites\/3\/2024\/01\/SDVoE-Logo-HW-1.png\"\/><div class=\"contained\"><div class=\"full-width-image__content\"><\/div><\/div><\/section>\n","protected":false},"excerpt":{"rendered":"","protected":false},"author":11,"featured_media":0,"parent":0,"menu_order":0,"comment_status":"closed","ping_status":"closed","template":"page-templates\/template-landing.php","meta":{"_acf_changed":false,"footnotes":""},"class_list":["post-1829","page","type-page","status-publish","hentry"],"acf":[],"yoast_head":"<!-- This site is optimized with the Yoast SEO plugin v26.6 - https:\/\/yoast.com\/wordpress\/plugins\/seo\/ -->\n<title>SDVoE - Lindy - French<\/title>\n<meta name=\"robots\" content=\"index, follow, max-snippet:-1, max-image-preview:large, max-video-preview:-1\" \/>\n<link rel=\"canonical\" href=\"https:\/\/lindy.com\/fr\/sdvoe\/\" \/>\n<meta property=\"og:locale\" content=\"fr_FR\" \/>\n<meta property=\"og:type\" content=\"article\" \/>\n<meta property=\"og:title\" content=\"SDVoE - Lindy - French\" \/>\n<meta property=\"og:url\" content=\"https:\/\/lindy.com\/fr\/sdvoe\/\" \/>\n<meta property=\"og:site_name\" content=\"Lindy - French\" \/>\n<meta property=\"article:modified_time\" content=\"2024-03-20T09:12:07+00:00\" \/>\n<meta property=\"og:image\" content=\"https:\/\/lindy.com\/de\/wp-content\/uploads\/sites\/3\/2024\/01\/Header_SDVOE-Logo.png\" \/>\n<meta name=\"twitter:card\" content=\"summary_large_image\" \/>\n<meta name=\"twitter:label1\" content=\"Dur\u00e9e de lecture estim\u00e9e\" \/>\n\t<meta name=\"twitter:data1\" content=\"6 minutes\" \/>\n<script type=\"application\/ld+json\" class=\"yoast-schema-graph\">{\"@context\":\"https:\/\/schema.org\",\"@graph\":[{\"@type\":\"WebPage\",\"@id\":\"https:\/\/lindy.com\/fr\/sdvoe\/\",\"url\":\"https:\/\/lindy.com\/fr\/sdvoe\/\",\"name\":\"SDVoE - Lindy - French\",\"isPartOf\":{\"@id\":\"https:\/\/lindy.com\/fr\/#website\"},\"primaryImageOfPage\":{\"@id\":\"https:\/\/lindy.com\/fr\/sdvoe\/#primaryimage\"},\"image\":{\"@id\":\"https:\/\/lindy.com\/fr\/sdvoe\/#primaryimage\"},\"thumbnailUrl\":\"https:\/\/lindy.com\/de\/wp-content\/uploads\/sites\/3\/2024\/01\/Header_SDVOE-Logo.png\",\"datePublished\":\"2024-01-24T10:58:57+00:00\",\"dateModified\":\"2024-03-20T09:12:07+00:00\",\"breadcrumb\":{\"@id\":\"https:\/\/lindy.com\/fr\/sdvoe\/#breadcrumb\"},\"inLanguage\":\"fr-FR\",\"potentialAction\":[{\"@type\":\"ReadAction\",\"target\":[\"https:\/\/lindy.com\/fr\/sdvoe\/\"]}]},{\"@type\":\"ImageObject\",\"inLanguage\":\"fr-FR\",\"@id\":\"https:\/\/lindy.com\/fr\/sdvoe\/#primaryimage\",\"url\":\"https:\/\/lindy.com\/de\/wp-content\/uploads\/sites\/3\/2024\/01\/Header_SDVOE-Logo.png\",\"contentUrl\":\"https:\/\/lindy.com\/de\/wp-content\/uploads\/sites\/3\/2024\/01\/Header_SDVOE-Logo.png\"},{\"@type\":\"BreadcrumbList\",\"@id\":\"https:\/\/lindy.com\/fr\/sdvoe\/#breadcrumb\",\"itemListElement\":[{\"@type\":\"ListItem\",\"position\":1,\"name\":\"Home\",\"item\":\"https:\/\/lindy.com\/fr\/\"},{\"@type\":\"ListItem\",\"position\":2,\"name\":\"SDVoE\"}]},{\"@type\":\"WebSite\",\"@id\":\"https:\/\/lindy.com\/fr\/#website\",\"url\":\"https:\/\/lindy.com\/fr\/\",\"name\":\"Lindy - French\",\"description\":\"Connection Perfection\",\"potentialAction\":[{\"@type\":\"SearchAction\",\"target\":{\"@type\":\"EntryPoint\",\"urlTemplate\":\"https:\/\/lindy.com\/fr\/?s={search_term_string}\"},\"query-input\":{\"@type\":\"PropertyValueSpecification\",\"valueRequired\":true,\"valueName\":\"search_term_string\"}}],\"inLanguage\":\"fr-FR\"}]}<\/script>\n<!-- \/ Yoast SEO plugin. -->","yoast_head_json":{"title":"SDVoE - Lindy - French","robots":{"index":"index","follow":"follow","max-snippet":"max-snippet:-1","max-image-preview":"max-image-preview:large","max-video-preview":"max-video-preview:-1"},"canonical":"https:\/\/lindy.com\/fr\/sdvoe\/","og_locale":"fr_FR","og_type":"article","og_title":"SDVoE - Lindy - French","og_url":"https:\/\/lindy.com\/fr\/sdvoe\/","og_site_name":"Lindy - French","article_modified_time":"2024-03-20T09:12:07+00:00","og_image":[{"url":"https:\/\/lindy.com\/de\/wp-content\/uploads\/sites\/3\/2024\/01\/Header_SDVOE-Logo.png","type":"","width":"","height":""}],"twitter_card":"summary_large_image","twitter_misc":{"Dur\u00e9e de lecture estim\u00e9e":"6 minutes"},"schema":{"@context":"https:\/\/schema.org","@graph":[{"@type":"WebPage","@id":"https:\/\/lindy.com\/fr\/sdvoe\/","url":"https:\/\/lindy.com\/fr\/sdvoe\/","name":"SDVoE - Lindy - French","isPartOf":{"@id":"https:\/\/lindy.com\/fr\/#website"},"primaryImageOfPage":{"@id":"https:\/\/lindy.com\/fr\/sdvoe\/#primaryimage"},"image":{"@id":"https:\/\/lindy.com\/fr\/sdvoe\/#primaryimage"},"thumbnailUrl":"https:\/\/lindy.com\/de\/wp-content\/uploads\/sites\/3\/2024\/01\/Header_SDVOE-Logo.png","datePublished":"2024-01-24T10:58:57+00:00","dateModified":"2024-03-20T09:12:07+00:00","breadcrumb":{"@id":"https:\/\/lindy.com\/fr\/sdvoe\/#breadcrumb"},"inLanguage":"fr-FR","potentialAction":[{"@type":"ReadAction","target":["https:\/\/lindy.com\/fr\/sdvoe\/"]}]},{"@type":"ImageObject","inLanguage":"fr-FR","@id":"https:\/\/lindy.com\/fr\/sdvoe\/#primaryimage","url":"https:\/\/lindy.com\/de\/wp-content\/uploads\/sites\/3\/2024\/01\/Header_SDVOE-Logo.png","contentUrl":"https:\/\/lindy.com\/de\/wp-content\/uploads\/sites\/3\/2024\/01\/Header_SDVOE-Logo.png"},{"@type":"BreadcrumbList","@id":"https:\/\/lindy.com\/fr\/sdvoe\/#breadcrumb","itemListElement":[{"@type":"ListItem","position":1,"name":"Home","item":"https:\/\/lindy.com\/fr\/"},{"@type":"ListItem","position":2,"name":"SDVoE"}]},{"@type":"WebSite","@id":"https:\/\/lindy.com\/fr\/#website","url":"https:\/\/lindy.com\/fr\/","name":"Lindy - French","description":"Connection Perfection","potentialAction":[{"@type":"SearchAction","target":{"@type":"EntryPoint","urlTemplate":"https:\/\/lindy.com\/fr\/?s={search_term_string}"},"query-input":{"@type":"PropertyValueSpecification","valueRequired":true,"valueName":"search_term_string"}}],"inLanguage":"fr-FR"}]}},"_links":{"self":[{"href":"https:\/\/lindy.com\/fr\/wp-json\/wp\/v2\/pages\/1829","targetHints":{"allow":["GET"]}}],"collection":[{"href":"https:\/\/lindy.com\/fr\/wp-json\/wp\/v2\/pages"}],"about":[{"href":"https:\/\/lindy.com\/fr\/wp-json\/wp\/v2\/types\/page"}],"author":[{"embeddable":true,"href":"https:\/\/lindy.com\/fr\/wp-json\/wp\/v2\/users\/11"}],"replies":[{"embeddable":true,"href":"https:\/\/lindy.com\/fr\/wp-json\/wp\/v2\/comments?post=1829"}],"version-history":[{"count":23,"href":"https:\/\/lindy.com\/fr\/wp-json\/wp\/v2\/pages\/1829\/revisions"}],"predecessor-version":[{"id":2041,"href":"https:\/\/lindy.com\/fr\/wp-json\/wp\/v2\/pages\/1829\/revisions\/2041"}],"wp:attachment":[{"href":"https:\/\/lindy.com\/fr\/wp-json\/wp\/v2\/media?parent=1829"}],"curies":[{"name":"wp","href":"https:\/\/api.w.org\/{rel}","templated":true}]}}