{"id":20,"date":"2018-11-09T11:51:51","date_gmt":"2018-11-09T11:51:51","guid":{"rendered":"https:\/\/lindy.com\/fr\/?page_id=20"},"modified":"2020-01-21T15:23:48","modified_gmt":"2020-01-21T15:23:48","slug":"salles-de-reunion","status":"publish","type":"page","link":"https:\/\/lindy.com\/fr\/salles-de-reunion\/","title":{"rendered":"Solutions de salles de r\u00e9union"},"content":{"rendered":"\n<section class=\"wp-block-lindy-parallax-hero section parallax-hero theme--light align--center  font--size-large\" style=\"background-image:url(https:\/\/lindy.com\/fr\/wp-content\/uploads\/sites\/4\/2018\/12\/Amended_ConferenceRoom_2.jpg)\"><div class=\"contained contained--full-width\"><div class=\"parallax-hero__content\"><div class=\"parallax-hero__content-wrapper align--center\"><h2 class=\"section__heading\"><span><br\/>Applications pour<br\/><\/span><\/h2><h2 class=\"section__subheading section__subheading__title\">salles de r\u00e9union<\/h2><p class=\"section__paragraph\"><br\/><br\/>\u25bc<\/p><\/div><\/div><\/div><\/section>\n\n\n\n<section class=\"wp-block-lindy-parallax-hero section parallax-hero theme--light align--center  font--size-medium\" style=\"background-image:url(https:\/\/lindy.com\/fr\/wp-content\/uploads\/sites\/4\/2018\/12\/Amended_ConferenceRoom_1.jpg)\"><div class=\"contained contained--full-width\"><div class=\"parallax-hero__content\"><div class=\"parallax-hero__content-wrapper align--center\"><h2 class=\"section__heading\"><span><br\/><br\/><br\/><br\/><br\/><\/span><\/h2><h2 class=\"section__subheading section__subheading__title\"><br\/><br\/><br\/><br\/><\/h2><\/div><\/div><\/div><\/section>\n\n\n\n<section class=\"wp-block-lindy-parallax-hero section parallax-hero theme--light align--center font--camber font--size-medium\" style=\"background-image:url(https:\/\/lindy.com\/fr\/wp-content\/uploads\/sites\/4\/2018\/12\/Amended_ConferenceRoom_2.jpg)\"><div class=\"contained contained--full-width\"><div class=\"parallax-hero__content\"><div class=\"parallax-hero__content-wrapper align--center\"><h2 class=\"section__heading\"><span>RENFORCER<\/span><\/h2><h2 class=\"section__subheading section__subheading__title\">VOTRE COLLABORATION<\/h2><p class=\"section__paragraph\"><br\/>Il est primordial que les salles de r\u00e9unions et de conf\u00e9rences actuelles utilisent les derni\u00e8res avanc\u00e9es collaboratives. Lindy vous permet d&rsquo;am\u00e9liorer le contenu AV lors de vos pr\u00e9sentations. <br\/><\/p><\/div><\/div><\/div><\/section>\n\n\n\n<section class=\"wp-block-lindy-heading-text section section--heading-text theme--light align--center  font--size-large section--animation-none\"><div class=\"contained\"><h2 class=\"section__heading\"><span><br\/>Transfert de signaux multiples<br\/><\/span><\/h2><h2 class=\"section__subheading section__subheading__title\">EXTENDER HDBASET<\/h2><\/div><\/section>\n\n\n\n<section class=\"wp-block-lindy-paragraph-and-images full-width-image--with-text section section--paragraph-image  theme--light font--size-medium\"><div class=\"grid-noBottom-middle-reverse\"><div class=\"col-6_sm-12 full-width-image__content section section--animation-none align--left \"><div class=\"content--animate\"><div class=\"contained\"><p class=\"section__paragraph\"><br\/>Cela dit, les b\u00e2timents modernes mettent \u00e0 disposition un c\u00e2blage cat.6 qui est \u00e9galement une solution \u00e9conomique. Ce c\u00e2blage cat.6 s\u2018utilise parfaitement avec la technologie HDBaseT, et en particulier avec les extendeurs HDBaseT. Ceux-ci transmettent jusqu\u2018\u00e0 5 signaux IT diff\u00e9rents sur un seul c\u00e2ble cat.6 jusqu\u2018\u00e0 100m: Audio et Vid\u00e9o pour le signal HDMI, Ethernet, signal infrarouge d\u2018une t\u00e9l\u00e9commande, RS232 et alimentation pour le r\u00e9cepteur, \u00e9vitant l\u2018utilisation d\u2018une alimentation suppl\u00e9mentaire pour le r\u00e9cepteur. Les b\u00e2timents \u00e9quip\u00e9s d\u2018un r\u00e9seau informatique peuvent donc \u00e9galement transmettre des contenus AV (par exemple pour les applications Digital-Signage) vers des \u00e9crans ou projecteurs. <br\/><\/p><div class=\"section__button\"><a href=\"https:\/\/www.lindy.fr\/?websale8=ld0101.ld030103&amp;pi=38115\" class=\"button button--dark\" target=\"_blank\" rel=\"noopener noreferrer\">Acheter en ligne<\/a><\/div><\/div><\/div><\/div><div class=\"col-6_sm-12 full-width-image--with-text align--left\" style=\"background-image:url(https:\/\/lindy.com\/en\/wp-content\/uploads\/sites\/2\/2018\/10\/38115_AP-1.jpg)\"><img decoding=\"async\" src=\"https:\/\/lindy.com\/en\/wp-content\/uploads\/sites\/2\/2018\/10\/38115_AP-1.jpg\"\/><\/div><\/div><\/section>\n\n\n\n<section class=\"wp-block-lindy-paragraph-one-col section section--horizontal-content section--horizontal-content--one-column font--size-small theme--light align--center font--camber section--animation-none\"><div class=\"contained\"><h2 class=\"section__heading\"><span>TRAVAIL EN COMMUN<\/span><\/h2><h2 class=\"section__subheading section__subheading__title\">UNE LIAISON POUR TOUT<\/h2><p class=\"section__paragraph\"><br\/>Les projecteurs r\u00e9seau, configurables via Ethernet, sont souvent mont\u00e9s de fa\u00e7on optimale mais dans des endroits inaccessibles. L\u2018extendeur HDBaseT montre ses qualit\u00e9s en transmettant le signal AV, Ethernet, et l\u2018alimentation du r\u00e9cepteur sur un seul c\u00e2ble r\u00e9seau.<br\/><\/p><\/div><\/section>\n\n\n\n<section class=\"wp-block-lindy-zoom-image section section--zoom-image zoom-image align--center theme--light\"><div class=\"contained\"><div class=\"zoom-image-wrapper\"><img decoding=\"async\" class=\"zoomable\" src=\"https:\/\/lindy.com\/fr\/wp-content\/uploads\/sites\/4\/2019\/05\/38115-1170x1107.jpg\" data-zoom-img=\"https:\/\/lindy.com\/fr\/wp-content\/uploads\/sites\/4\/2019\/05\/38115.jpg\"\/><\/div><span class=\"zoom-image__description\">Click to zoom<\/span><\/div><\/section>\n","protected":false},"excerpt":{"rendered":"","protected":false},"author":11,"featured_media":0,"parent":0,"menu_order":0,"comment_status":"closed","ping_status":"closed","template":"page-templates\/template-landing.php","meta":{"_acf_changed":false,"footnotes":""},"class_list":["post-20","page","type-page","status-publish","hentry"],"acf":[],"yoast_head":"<!-- This site is optimized with the Yoast SEO plugin v26.6 - https:\/\/yoast.com\/wordpress\/plugins\/seo\/ -->\n<title>Solutions de salles de r\u00e9union - Lindy - French<\/title>\n<meta name=\"robots\" content=\"index, follow, max-snippet:-1, max-image-preview:large, max-video-preview:-1\" \/>\n<link rel=\"canonical\" href=\"https:\/\/lindy.com\/fr\/salles-de-reunion\/\" \/>\n<meta property=\"og:locale\" content=\"fr_FR\" \/>\n<meta property=\"og:type\" content=\"article\" \/>\n<meta property=\"og:title\" content=\"Solutions de salles de r\u00e9union - Lindy - French\" \/>\n<meta property=\"og:url\" content=\"https:\/\/lindy.com\/fr\/salles-de-reunion\/\" \/>\n<meta property=\"og:site_name\" content=\"Lindy - French\" \/>\n<meta property=\"article:modified_time\" content=\"2020-01-21T15:23:48+00:00\" \/>\n<meta property=\"og:image\" content=\"https:\/\/lindy.com\/en\/wp-content\/uploads\/sites\/2\/2018\/10\/38115_AP-1.jpg\" \/>\n<meta name=\"twitter:card\" content=\"summary_large_image\" \/>\n<meta name=\"twitter:label1\" content=\"Dur\u00e9e de lecture estim\u00e9e\" \/>\n\t<meta name=\"twitter:data1\" content=\"1 minute\" \/>\n<script type=\"application\/ld+json\" class=\"yoast-schema-graph\">{\"@context\":\"https:\/\/schema.org\",\"@graph\":[{\"@type\":\"WebPage\",\"@id\":\"https:\/\/lindy.com\/fr\/salles-de-reunion\/\",\"url\":\"https:\/\/lindy.com\/fr\/salles-de-reunion\/\",\"name\":\"Solutions de salles de r\u00e9union - Lindy - French\",\"isPartOf\":{\"@id\":\"https:\/\/lindy.com\/fr\/#website\"},\"primaryImageOfPage\":{\"@id\":\"https:\/\/lindy.com\/fr\/salles-de-reunion\/#primaryimage\"},\"image\":{\"@id\":\"https:\/\/lindy.com\/fr\/salles-de-reunion\/#primaryimage\"},\"thumbnailUrl\":\"https:\/\/lindy.com\/en\/wp-content\/uploads\/sites\/2\/2018\/10\/38115_AP-1.jpg\",\"datePublished\":\"2018-11-09T11:51:51+00:00\",\"dateModified\":\"2020-01-21T15:23:48+00:00\",\"breadcrumb\":{\"@id\":\"https:\/\/lindy.com\/fr\/salles-de-reunion\/#breadcrumb\"},\"inLanguage\":\"fr-FR\",\"potentialAction\":[{\"@type\":\"ReadAction\",\"target\":[\"https:\/\/lindy.com\/fr\/salles-de-reunion\/\"]}]},{\"@type\":\"ImageObject\",\"inLanguage\":\"fr-FR\",\"@id\":\"https:\/\/lindy.com\/fr\/salles-de-reunion\/#primaryimage\",\"url\":\"https:\/\/lindy.com\/en\/wp-content\/uploads\/sites\/2\/2018\/10\/38115_AP-1.jpg\",\"contentUrl\":\"https:\/\/lindy.com\/en\/wp-content\/uploads\/sites\/2\/2018\/10\/38115_AP-1.jpg\"},{\"@type\":\"BreadcrumbList\",\"@id\":\"https:\/\/lindy.com\/fr\/salles-de-reunion\/#breadcrumb\",\"itemListElement\":[{\"@type\":\"ListItem\",\"position\":1,\"name\":\"Home\",\"item\":\"https:\/\/lindy.com\/fr\/\"},{\"@type\":\"ListItem\",\"position\":2,\"name\":\"Solutions de salles de r\u00e9union\"}]},{\"@type\":\"WebSite\",\"@id\":\"https:\/\/lindy.com\/fr\/#website\",\"url\":\"https:\/\/lindy.com\/fr\/\",\"name\":\"Lindy - French\",\"description\":\"Connection Perfection\",\"potentialAction\":[{\"@type\":\"SearchAction\",\"target\":{\"@type\":\"EntryPoint\",\"urlTemplate\":\"https:\/\/lindy.com\/fr\/?s={search_term_string}\"},\"query-input\":{\"@type\":\"PropertyValueSpecification\",\"valueRequired\":true,\"valueName\":\"search_term_string\"}}],\"inLanguage\":\"fr-FR\"}]}<\/script>\n<!-- \/ Yoast SEO plugin. -->","yoast_head_json":{"title":"Solutions de salles de r\u00e9union - Lindy - French","robots":{"index":"index","follow":"follow","max-snippet":"max-snippet:-1","max-image-preview":"max-image-preview:large","max-video-preview":"max-video-preview:-1"},"canonical":"https:\/\/lindy.com\/fr\/salles-de-reunion\/","og_locale":"fr_FR","og_type":"article","og_title":"Solutions de salles de r\u00e9union - Lindy - French","og_url":"https:\/\/lindy.com\/fr\/salles-de-reunion\/","og_site_name":"Lindy - French","article_modified_time":"2020-01-21T15:23:48+00:00","og_image":[{"url":"https:\/\/lindy.com\/en\/wp-content\/uploads\/sites\/2\/2018\/10\/38115_AP-1.jpg","type":"","width":"","height":""}],"twitter_card":"summary_large_image","twitter_misc":{"Dur\u00e9e de lecture estim\u00e9e":"1 minute"},"schema":{"@context":"https:\/\/schema.org","@graph":[{"@type":"WebPage","@id":"https:\/\/lindy.com\/fr\/salles-de-reunion\/","url":"https:\/\/lindy.com\/fr\/salles-de-reunion\/","name":"Solutions de salles de r\u00e9union - Lindy - French","isPartOf":{"@id":"https:\/\/lindy.com\/fr\/#website"},"primaryImageOfPage":{"@id":"https:\/\/lindy.com\/fr\/salles-de-reunion\/#primaryimage"},"image":{"@id":"https:\/\/lindy.com\/fr\/salles-de-reunion\/#primaryimage"},"thumbnailUrl":"https:\/\/lindy.com\/en\/wp-content\/uploads\/sites\/2\/2018\/10\/38115_AP-1.jpg","datePublished":"2018-11-09T11:51:51+00:00","dateModified":"2020-01-21T15:23:48+00:00","breadcrumb":{"@id":"https:\/\/lindy.com\/fr\/salles-de-reunion\/#breadcrumb"},"inLanguage":"fr-FR","potentialAction":[{"@type":"ReadAction","target":["https:\/\/lindy.com\/fr\/salles-de-reunion\/"]}]},{"@type":"ImageObject","inLanguage":"fr-FR","@id":"https:\/\/lindy.com\/fr\/salles-de-reunion\/#primaryimage","url":"https:\/\/lindy.com\/en\/wp-content\/uploads\/sites\/2\/2018\/10\/38115_AP-1.jpg","contentUrl":"https:\/\/lindy.com\/en\/wp-content\/uploads\/sites\/2\/2018\/10\/38115_AP-1.jpg"},{"@type":"BreadcrumbList","@id":"https:\/\/lindy.com\/fr\/salles-de-reunion\/#breadcrumb","itemListElement":[{"@type":"ListItem","position":1,"name":"Home","item":"https:\/\/lindy.com\/fr\/"},{"@type":"ListItem","position":2,"name":"Solutions de salles de r\u00e9union"}]},{"@type":"WebSite","@id":"https:\/\/lindy.com\/fr\/#website","url":"https:\/\/lindy.com\/fr\/","name":"Lindy - French","description":"Connection Perfection","potentialAction":[{"@type":"SearchAction","target":{"@type":"EntryPoint","urlTemplate":"https:\/\/lindy.com\/fr\/?s={search_term_string}"},"query-input":{"@type":"PropertyValueSpecification","valueRequired":true,"valueName":"search_term_string"}}],"inLanguage":"fr-FR"}]}},"_links":{"self":[{"href":"https:\/\/lindy.com\/fr\/wp-json\/wp\/v2\/pages\/20","targetHints":{"allow":["GET"]}}],"collection":[{"href":"https:\/\/lindy.com\/fr\/wp-json\/wp\/v2\/pages"}],"about":[{"href":"https:\/\/lindy.com\/fr\/wp-json\/wp\/v2\/types\/page"}],"author":[{"embeddable":true,"href":"https:\/\/lindy.com\/fr\/wp-json\/wp\/v2\/users\/11"}],"replies":[{"embeddable":true,"href":"https:\/\/lindy.com\/fr\/wp-json\/wp\/v2\/comments?post=20"}],"version-history":[{"count":0,"href":"https:\/\/lindy.com\/fr\/wp-json\/wp\/v2\/pages\/20\/revisions"}],"wp:attachment":[{"href":"https:\/\/lindy.com\/fr\/wp-json\/wp\/v2\/media?parent=20"}],"curies":[{"name":"wp","href":"https:\/\/api.w.org\/{rel}","templated":true}]}}