{"id":201,"date":"2018-11-13T09:46:37","date_gmt":"2018-11-13T09:46:37","guid":{"rendered":"https:\/\/lindy.com\/fr\/?page_id=201"},"modified":"2020-01-29T14:40:50","modified_gmt":"2020-01-29T14:40:50","slug":"collaboration","status":"publish","type":"page","link":"https:\/\/lindy.com\/fr\/collaboration\/","title":{"rendered":"Solutions de collaboration"},"content":{"rendered":"\n<section class=\"wp-block-lindy-parallax-hero section parallax-hero theme--light align--center  font--size-large\" style=\"background-image:url(https:\/\/lindy.com\/fr\/wp-content\/uploads\/sites\/4\/2018\/12\/Amended_Collaboration_2.jpg)\"><div class=\"contained contained--full-width\"><div class=\"parallax-hero__content\"><div class=\"parallax-hero__content-wrapper align--center\"><h2 class=\"section__heading\"><span><br\/><br\/>SOLUTIONS<br\/><\/span><\/h2><h2 class=\"section__subheading section__subheading__title\">COLLABORATIVES<\/h2><p class=\"section__paragraph\"><br\/><br\/>\u25bc<\/p><\/div><\/div><\/div><\/section>\n\n\n\n<section class=\"wp-block-lindy-parallax-hero section parallax-hero theme--light align--center  font--size-medium\" style=\"background-image:url(https:\/\/lindy.com\/fr\/wp-content\/uploads\/sites\/4\/2018\/12\/Amended_Collaboration_1.jpg)\"><div class=\"contained contained--full-width\"><div class=\"parallax-hero__content\"><div class=\"parallax-hero__content-wrapper align--center\"><h2 class=\"section__heading\"><span><br\/><br\/><br\/><br\/><br\/><\/span><\/h2><h2 class=\"section__subheading section__subheading__title\"><br\/><br\/><br\/><br\/><\/h2><\/div><\/div><\/div><\/section>\n\n\n\n<section class=\"wp-block-lindy-parallax-hero section parallax-hero theme--light align--center font--camber font--size-medium\" style=\"background-image:url(https:\/\/lindy.com\/fr\/wp-content\/uploads\/sites\/4\/2018\/12\/Amended_Collaboration_2.jpg)\"><div class=\"contained contained--full-width\"><div class=\"parallax-hero__content\"><div class=\"parallax-hero__content-wrapper align--center\"><h2 class=\"section__heading\"><span>Concepts d&rsquo;aujourd&rsquo;hui,<\/span><\/h2><h2 class=\"section__subheading section__subheading__title\">pour la vitesse de demain.<\/h2><p class=\"section__paragraph\"><br\/>Les dirigeants d&rsquo;entreprises et d&rsquo;institutions publiques reconnaissent de plus en plus la valeur de l&rsquo;utilisation de leurs propres b\u00e2timents pour pr\u00e9senter leurs marques. C&rsquo;est un fait que les premi\u00e8res impressions comptent le plus, et cela inclut ce que les visiteurs \u00e9prouvent en entrant dans un b\u00e2timent. L&rsquo;\u00e9quipement de conf\u00e9rence influence \u00e9galement de mani\u00e8re cruciale la perception. Des installations AV et d&rsquo;affichage num\u00e9rique professionnelles et de pointe constituent un excellent moyen de pr\u00e9senter un contenu personnalis\u00e9 et dynamique, aussi unique que l&rsquo;organisation elle-m\u00eame. En fin de compte, les solutions d\u00e9ploy\u00e9es d\u00e9pendent de la situation de l&rsquo;espace. Les facteurs cruciaux sont le nombre de p\u00e9riph\u00e9riques de sortie et de sources de donn\u00e9es n\u00e9cessitant une int\u00e9gration, ainsi que le souhait ou le besoin d&rsquo;utiliser des donn\u00e9es \u00e0 haute r\u00e9solution. <br\/><\/p><\/div><\/div><\/div><\/section>\n\n\n\n<section class=\"wp-block-lindy-paragraph-and-images full-width-image--with-text section section--paragraph-image  theme--light font--camber font--size-small\"><div class=\"grid-noBottom-middle\"><div class=\"col-6_sm-12 full-width-image__content section section--animation-none align--right \"><div class=\"content--animate\"><div class=\"contained\"><h2 class=\"section__heading\"><span>Flexibilit\u00e9 <\/span><\/h2><h2 class=\"section__subheading section__subheading__title\">int\u00e9gr\u00e9e<\/h2><p class=\"section__paragraph\"><br\/>L&rsquo;\u00e9quipement de salle de conf\u00e9rence intelligent de Lindy permet de transmettre des contenus m\u00eame extr\u00eamement complexes \u00e0 partir d&rsquo;une ou plusieurs sources. Des solutions int\u00e9gr\u00e9es, flexibles et configurables permettent de visualiser facilement m\u00eame de gros volumes de donn\u00e9es. Nos solutions peuvent \u00eatre combin\u00e9es de mani\u00e8re flexible et sont donc tr\u00e8s polyvalentes pour les int\u00e9grateurs de syst\u00e8mes et les distributeurs. Plus important encore, ils fournissent des r\u00e9sultats exceptionnels tr\u00e8s efficacement. Cela fait de nos solutions premium la r\u00e9f\u00e9rence pour toute installation.<br\/><\/p><\/div><\/div><\/div><div class=\"col-6_sm-12 full-width-image--with-text align--right\" style=\"background-image:url(https:\/\/lindy.com\/en\/wp-content\/uploads\/sites\/2\/2018\/10\/Collaberations_1.jpg)\"><img decoding=\"async\" src=\"https:\/\/lindy.com\/en\/wp-content\/uploads\/sites\/2\/2018\/10\/Collaberations_1.jpg\"\/><\/div><\/div><\/section>\n\n\n\n<section class=\"wp-block-lindy-paragraph-and-images full-width-image--with-text section section--paragraph-image  theme--light font--camber font--size-small\"><div class=\"grid-noBottom-middle-reverse\"><div class=\"col-6_sm-12 full-width-image__content section section--animation-none align--left \"><div class=\"content--animate\"><div class=\"contained\"><h2 class=\"section__heading\"><span>Coop\u00e9ration <\/span><\/h2><h2 class=\"section__subheading section__subheading__title\">efficace<\/h2><p class=\"section__paragraph\"><br\/>Les solutions collaboratives de Lindy r\u00e9pondent \u00e0 toutes les exigences de connectivit\u00e9 pour une coop\u00e9ration audiovisuelle simple et efficace. Elles profitent aux entreprises de toutes les industries en ce qui concerne les salles de conf\u00e9rence, la technologie de pr\u00e9sentation, la commutation et l&rsquo;extension KVM, la diffusion, la communication unifi\u00e9e et l&rsquo;Internet des objets.<br\/><\/p><\/div><\/div><\/div><div class=\"col-6_sm-12 full-width-image--with-text align--left\" style=\"background-image:url(https:\/\/lindy.com\/en\/wp-content\/uploads\/sites\/2\/2018\/09\/EFFECTIVE_COOPERATION.jpg)\"><img decoding=\"async\" src=\"https:\/\/lindy.com\/en\/wp-content\/uploads\/sites\/2\/2018\/09\/EFFECTIVE_COOPERATION.jpg\"\/><\/div><\/div><\/section>\n\n\n\n<section class=\"wp-block-lindy-paragraph-and-images full-width-image--with-text section section--paragraph-image  theme--light font--camber font--size-small\"><div class=\"grid-noBottom-middle\"><div class=\"col-6_sm-12 full-width-image__content section section--animation-none align--right \"><div class=\"content--animate\"><div class=\"contained\"><h2 class=\"section__heading\"><span>LA CONNECTIVIT\u00c9<\/span><\/h2><h2 class=\"section__subheading section__subheading__title\">RED\u00c9FINIE<\/h2><p class=\"section__paragraph\"><br\/>La connectivit\u00e9 est l&rsquo;ADN de Lindy. Avec une large gamme de c\u00e2bles et adaptateurs num\u00e9rique\/analogique, Lindy peut r\u00e9pondre \u00e0 n&rsquo;importe quel projet professionnel. Des simples c\u00e2bles USB, Ethernet et secteur jusqu&rsquo;aux connexions HDMI et fibre optique haute performance, longue distance: Lindy est essentiel dans le monde num\u00e9rique.<br\/><\/p><\/div><\/div><\/div><div class=\"col-6_sm-12 full-width-image--with-text align--right\" style=\"background-image:url(https:\/\/lindy.com\/en\/wp-content\/uploads\/sites\/2\/2018\/09\/Connectivity.jpg)\"><img decoding=\"async\" src=\"https:\/\/lindy.com\/en\/wp-content\/uploads\/sites\/2\/2018\/09\/Connectivity.jpg\"\/><\/div><\/div><\/section>\n\n\n\n<section class=\"wp-block-lindy-paragraph-and-images full-width-image--with-text section section--paragraph-image  theme--light font--camber font--size-small\"><div class=\"grid-noBottom-middle-reverse\"><div class=\"col-6_sm-12 full-width-image__content section section--animation-none align--left \"><div class=\"content--animate\"><div class=\"contained\"><h2 class=\"section__heading\"><span> <br\/><strong>TECHNOLOGIE<\/strong> <\/span><\/h2><h2 class=\"section__subheading section__subheading__title\">DE CONVERSION<\/h2><p class=\"section__paragraph\"><br\/>La gamme de convertisseurs Lindy permet aux int\u00e9grateurs syst\u00e8mes , administrateurs IT de g\u00e9rer des installations \u00e9quip\u00e9s d&rsquo;appareils utilisant les derni\u00e8res technologies num\u00e9riques. Lindy fournit des solutions permettant de facilement convertir des signaux AV analogiques vers num\u00e9riques et inversement.<br\/><\/p><\/div><\/div><\/div><div class=\"col-6_sm-12 full-width-image--with-text align--left\" style=\"background-image:url(https:\/\/lindy.com\/en\/wp-content\/uploads\/sites\/2\/2018\/08\/Conveting_6.jpg)\"><img decoding=\"async\" src=\"https:\/\/lindy.com\/en\/wp-content\/uploads\/sites\/2\/2018\/08\/Conveting_6.jpg\"\/><\/div><\/div><\/section>\n\n\n\n<section class=\"wp-block-lindy-paragraph-and-images full-width-image--with-text section section--paragraph-image  theme--light font--camber font--size-small\"><div class=\"grid-noBottom-middle\"><div class=\"col-6_sm-12 full-width-image__content section section--animation-none align--right \"><div class=\"content--animate\"><div class=\"contained\"><h2 class=\"section__heading\"><span> <br\/>VISUALISATION <\/span><\/h2><h2 class=\"section__subheading section__subheading__title\">&amp; AFFICHEUR<br\/><br\/><\/h2><p class=\"section__paragraph\">Les contr\u00f4leurs Video mur d&rsquo;\u00e9crans de Lindy assurent une souplesse d&rsquo;utilisation pour les applications digital signage et de pr\u00e9sentation. Les solutions prennent en charge des dispositions d&rsquo;\u00e9crans Ultra HD 2\u00d72, 4\u00d74, 8\u00d78 et m\u00eame des dispositions irr\u00e9guli\u00e8res d&rsquo;\u00e9crans. Les fonctions offertes prennent en charge le multifen\u00eatrage, le mode PiP (Picture-in-Picture), PaP (Picture-and-Picture) et Matrix. Une interface web GUI, des contr\u00f4les IR, RS232 et Telnet permettent un contr\u00f4le \u00e0 distance.<\/p><\/div><\/div><\/div><div class=\"col-6_sm-12 full-width-image--with-text align--right\" style=\"background-image:url(https:\/\/lindy.com\/en\/wp-content\/uploads\/sites\/2\/2018\/09\/VideoWallScaler_2.jpg)\"><img decoding=\"async\" src=\"https:\/\/lindy.com\/en\/wp-content\/uploads\/sites\/2\/2018\/09\/VideoWallScaler_2.jpg\"\/><\/div><\/div><\/section>\n\n\n\n<section class=\"wp-block-lindy-paragraph-and-images full-width-image--with-text section section--paragraph-image  theme--light font--camber font--size-small\"><div class=\"grid-noBottom-middle-reverse\"><div class=\"col-6_sm-12 full-width-image__content section section--animation-none align--left \"><div class=\"content--animate\"><div class=\"contained\"><h2 class=\"section__heading\"><span>LE PARTAGE<\/span><\/h2><h2 class=\"section__subheading section__subheading__title\">DES RESSOURCES<\/h2><p class=\"section__paragraph\"><br\/>La technologie de partage de Lindy repr\u00e9sente le renforcement ultime d&rsquo;une installation mat\u00e9rielle. En utilisant des switchs KVM, les utilisateurs peuvent contr\u00f4ler de nombreux serveurs depuis une une seule console. Les switchs AV et Matrix avanc\u00e9s permettent de contr\u00f4ler des contenus multim\u00e9dia et de les distribuer dans une pi\u00e8ce ou dans un b\u00e2timent via des connexions HDBaseT, Cat.X, IP et fibre optique.<br\/><br\/>Les hubs USB et docking stations de Lindy sont id\u00e9als pour le travail au bureau ou en d\u00e9placement.<br\/><\/p><\/div><\/div><\/div><div class=\"col-6_sm-12 full-width-image--with-text align--left\" style=\"background-image:url(https:\/\/lindy.com\/en\/wp-content\/uploads\/sites\/2\/2018\/08\/KVM_3.jpg)\"><img decoding=\"async\" src=\"https:\/\/lindy.com\/en\/wp-content\/uploads\/sites\/2\/2018\/08\/KVM_3.jpg\"\/><\/div><\/div><\/section>\n\n\n\n<section class=\"wp-block-lindy-heading-text section section--heading-text theme--dark align--center  font--size-medium section--animation-none\"><div class=\"contained\"><h2 class=\"section__heading\"><span><br\/>DOMAINES D&rsquo;UTILISATION<br\/><br\/><\/span><\/h2><\/div><\/section>\n\n\n\n<section class=\"wp-block-lindy-image-text-module section section--full-width-image full-width-image--with-text theme--dark section--animation-none align--left font--camber font--size-small width--half\" style=\"background-image:url(https:\/\/lindy.com\/en\/wp-content\/uploads\/sites\/2\/2018\/09\/ConferenceRoom_link1.jpg)\"><img decoding=\"async\" class=\"full-width-image__image\" src=\"https:\/\/lindy.com\/en\/wp-content\/uploads\/sites\/2\/2018\/09\/ConferenceRoom_link1.jpg\"\/><div class=\"contained\"><div class=\"full-width-image__content\"><h2 class=\"section__heading\"><span>Applications pour <\/span><\/h2><h2 class=\"section__subheading section__subheading__title\">salles de r\u00e9union<\/h2><p class=\"section__paragraph\"><br\/><\/p><a href=\"https:\/\/lindy.com\/fr\/salles-de-reunion\" class=\"button button--white-transparent\" target=\"_self\" rel=\"noopener noreferrer\">EN SAVOIR PLUS<\/a><\/div><\/div><\/section>\n\n\n\n<section class=\"wp-block-lindy-image-text-module section section--full-width-image full-width-image--with-text theme--dark section--animation-none align--left font--camber font--size-small width--half\" style=\"background-image:url(https:\/\/lindy.com\/en\/wp-content\/uploads\/sites\/2\/2018\/09\/EducationandTraining_link1.jpg)\"><img decoding=\"async\" class=\"full-width-image__image\" src=\"https:\/\/lindy.com\/en\/wp-content\/uploads\/sites\/2\/2018\/09\/EducationandTraining_link1.jpg\"\/><div class=\"contained\"><div class=\"full-width-image__content\"><h2 class=\"section__heading\"><span>Applications pour<\/span><\/h2><h2 class=\"section__subheading section__subheading__title\">la formation et l&rsquo;\u00e9ducation <\/h2><p class=\"section__paragraph\"><br\/><\/p><a href=\"https:\/\/lindy.com\/fr\/solutions\/education-et-information\/\" class=\"button button--white-transparent\" target=\"_self\" rel=\"noopener noreferrer\">EN SAVOIR PLUS<\/a><\/div><\/div><\/section>\n\n\n\n<section class=\"wp-block-lindy-image-text-module section section--full-width-image full-width-image--with-text theme--dark section--animation-none align--center font--camber font--size-small\" style=\"background-image:url(https:\/\/lindy.com\/fr\/wp-content\/uploads\/sites\/4\/2020\/01\/class-room_FW.jpg)\"><img decoding=\"async\" class=\"full-width-image__image\" src=\"https:\/\/lindy.com\/fr\/wp-content\/uploads\/sites\/4\/2020\/01\/class-room_FW.jpg\"\/><div class=\"contained\"><div class=\"full-width-image__content\"><h2 class=\"section__heading\"><span>APPLICATIONS POUR<\/span><\/h2><h2 class=\"section__subheading section__subheading__title\">\u00c9DUCATION ET INFORMATION<br\/><br\/><br\/><\/h2><a href=\"https:\/\/lindy.com\/fr\/education-et-information\/\" class=\"button button--white-transparent\" target=\"_self\" rel=\"noopener noreferrer\">en savoir plus<\/a><\/div><\/div><\/section>\n","protected":false},"excerpt":{"rendered":"","protected":false},"author":15,"featured_media":0,"parent":0,"menu_order":0,"comment_status":"closed","ping_status":"closed","template":"page-templates\/template-landing.php","meta":{"_acf_changed":false,"footnotes":""},"class_list":["post-201","page","type-page","status-publish","hentry"],"acf":[],"yoast_head":"<!-- This site is optimized with the Yoast SEO plugin v26.6 - https:\/\/yoast.com\/wordpress\/plugins\/seo\/ -->\n<title>Solutions de collaboration - Lindy - French<\/title>\n<meta name=\"robots\" content=\"index, follow, max-snippet:-1, max-image-preview:large, max-video-preview:-1\" \/>\n<link rel=\"canonical\" href=\"https:\/\/lindy.com\/fr\/collaboration\/\" \/>\n<meta property=\"og:locale\" content=\"fr_FR\" \/>\n<meta property=\"og:type\" content=\"article\" \/>\n<meta property=\"og:title\" content=\"Solutions de collaboration - Lindy - French\" \/>\n<meta property=\"og:url\" content=\"https:\/\/lindy.com\/fr\/collaboration\/\" \/>\n<meta property=\"og:site_name\" content=\"Lindy - French\" \/>\n<meta property=\"article:modified_time\" content=\"2020-01-29T14:40:50+00:00\" \/>\n<meta property=\"og:image\" content=\"https:\/\/lindy.com\/en\/wp-content\/uploads\/sites\/2\/2018\/10\/Collaberations_1.jpg\" \/>\n<meta name=\"twitter:card\" content=\"summary_large_image\" \/>\n<meta name=\"twitter:label1\" content=\"Dur\u00e9e de lecture estim\u00e9e\" \/>\n\t<meta name=\"twitter:data1\" content=\"3 minutes\" \/>\n<script type=\"application\/ld+json\" class=\"yoast-schema-graph\">{\"@context\":\"https:\/\/schema.org\",\"@graph\":[{\"@type\":\"WebPage\",\"@id\":\"https:\/\/lindy.com\/fr\/collaboration\/\",\"url\":\"https:\/\/lindy.com\/fr\/collaboration\/\",\"name\":\"Solutions de collaboration - Lindy - French\",\"isPartOf\":{\"@id\":\"https:\/\/lindy.com\/fr\/#website\"},\"primaryImageOfPage\":{\"@id\":\"https:\/\/lindy.com\/fr\/collaboration\/#primaryimage\"},\"image\":{\"@id\":\"https:\/\/lindy.com\/fr\/collaboration\/#primaryimage\"},\"thumbnailUrl\":\"https:\/\/lindy.com\/en\/wp-content\/uploads\/sites\/2\/2018\/10\/Collaberations_1.jpg\",\"datePublished\":\"2018-11-13T09:46:37+00:00\",\"dateModified\":\"2020-01-29T14:40:50+00:00\",\"breadcrumb\":{\"@id\":\"https:\/\/lindy.com\/fr\/collaboration\/#breadcrumb\"},\"inLanguage\":\"fr-FR\",\"potentialAction\":[{\"@type\":\"ReadAction\",\"target\":[\"https:\/\/lindy.com\/fr\/collaboration\/\"]}]},{\"@type\":\"ImageObject\",\"inLanguage\":\"fr-FR\",\"@id\":\"https:\/\/lindy.com\/fr\/collaboration\/#primaryimage\",\"url\":\"https:\/\/lindy.com\/en\/wp-content\/uploads\/sites\/2\/2018\/10\/Collaberations_1.jpg\",\"contentUrl\":\"https:\/\/lindy.com\/en\/wp-content\/uploads\/sites\/2\/2018\/10\/Collaberations_1.jpg\"},{\"@type\":\"BreadcrumbList\",\"@id\":\"https:\/\/lindy.com\/fr\/collaboration\/#breadcrumb\",\"itemListElement\":[{\"@type\":\"ListItem\",\"position\":1,\"name\":\"Home\",\"item\":\"https:\/\/lindy.com\/fr\/\"},{\"@type\":\"ListItem\",\"position\":2,\"name\":\"Solutions de collaboration\"}]},{\"@type\":\"WebSite\",\"@id\":\"https:\/\/lindy.com\/fr\/#website\",\"url\":\"https:\/\/lindy.com\/fr\/\",\"name\":\"Lindy - French\",\"description\":\"Connection Perfection\",\"potentialAction\":[{\"@type\":\"SearchAction\",\"target\":{\"@type\":\"EntryPoint\",\"urlTemplate\":\"https:\/\/lindy.com\/fr\/?s={search_term_string}\"},\"query-input\":{\"@type\":\"PropertyValueSpecification\",\"valueRequired\":true,\"valueName\":\"search_term_string\"}}],\"inLanguage\":\"fr-FR\"}]}<\/script>\n<!-- \/ Yoast SEO plugin. -->","yoast_head_json":{"title":"Solutions de collaboration - Lindy - French","robots":{"index":"index","follow":"follow","max-snippet":"max-snippet:-1","max-image-preview":"max-image-preview:large","max-video-preview":"max-video-preview:-1"},"canonical":"https:\/\/lindy.com\/fr\/collaboration\/","og_locale":"fr_FR","og_type":"article","og_title":"Solutions de collaboration - Lindy - French","og_url":"https:\/\/lindy.com\/fr\/collaboration\/","og_site_name":"Lindy - French","article_modified_time":"2020-01-29T14:40:50+00:00","og_image":[{"url":"https:\/\/lindy.com\/en\/wp-content\/uploads\/sites\/2\/2018\/10\/Collaberations_1.jpg","type":"","width":"","height":""}],"twitter_card":"summary_large_image","twitter_misc":{"Dur\u00e9e de lecture estim\u00e9e":"3 minutes"},"schema":{"@context":"https:\/\/schema.org","@graph":[{"@type":"WebPage","@id":"https:\/\/lindy.com\/fr\/collaboration\/","url":"https:\/\/lindy.com\/fr\/collaboration\/","name":"Solutions de collaboration - Lindy - French","isPartOf":{"@id":"https:\/\/lindy.com\/fr\/#website"},"primaryImageOfPage":{"@id":"https:\/\/lindy.com\/fr\/collaboration\/#primaryimage"},"image":{"@id":"https:\/\/lindy.com\/fr\/collaboration\/#primaryimage"},"thumbnailUrl":"https:\/\/lindy.com\/en\/wp-content\/uploads\/sites\/2\/2018\/10\/Collaberations_1.jpg","datePublished":"2018-11-13T09:46:37+00:00","dateModified":"2020-01-29T14:40:50+00:00","breadcrumb":{"@id":"https:\/\/lindy.com\/fr\/collaboration\/#breadcrumb"},"inLanguage":"fr-FR","potentialAction":[{"@type":"ReadAction","target":["https:\/\/lindy.com\/fr\/collaboration\/"]}]},{"@type":"ImageObject","inLanguage":"fr-FR","@id":"https:\/\/lindy.com\/fr\/collaboration\/#primaryimage","url":"https:\/\/lindy.com\/en\/wp-content\/uploads\/sites\/2\/2018\/10\/Collaberations_1.jpg","contentUrl":"https:\/\/lindy.com\/en\/wp-content\/uploads\/sites\/2\/2018\/10\/Collaberations_1.jpg"},{"@type":"BreadcrumbList","@id":"https:\/\/lindy.com\/fr\/collaboration\/#breadcrumb","itemListElement":[{"@type":"ListItem","position":1,"name":"Home","item":"https:\/\/lindy.com\/fr\/"},{"@type":"ListItem","position":2,"name":"Solutions de collaboration"}]},{"@type":"WebSite","@id":"https:\/\/lindy.com\/fr\/#website","url":"https:\/\/lindy.com\/fr\/","name":"Lindy - French","description":"Connection Perfection","potentialAction":[{"@type":"SearchAction","target":{"@type":"EntryPoint","urlTemplate":"https:\/\/lindy.com\/fr\/?s={search_term_string}"},"query-input":{"@type":"PropertyValueSpecification","valueRequired":true,"valueName":"search_term_string"}}],"inLanguage":"fr-FR"}]}},"_links":{"self":[{"href":"https:\/\/lindy.com\/fr\/wp-json\/wp\/v2\/pages\/201","targetHints":{"allow":["GET"]}}],"collection":[{"href":"https:\/\/lindy.com\/fr\/wp-json\/wp\/v2\/pages"}],"about":[{"href":"https:\/\/lindy.com\/fr\/wp-json\/wp\/v2\/types\/page"}],"author":[{"embeddable":true,"href":"https:\/\/lindy.com\/fr\/wp-json\/wp\/v2\/users\/15"}],"replies":[{"embeddable":true,"href":"https:\/\/lindy.com\/fr\/wp-json\/wp\/v2\/comments?post=201"}],"version-history":[{"count":0,"href":"https:\/\/lindy.com\/fr\/wp-json\/wp\/v2\/pages\/201\/revisions"}],"wp:attachment":[{"href":"https:\/\/lindy.com\/fr\/wp-json\/wp\/v2\/media?parent=201"}],"curies":[{"name":"wp","href":"https:\/\/api.w.org\/{rel}","templated":true}]}}