{"id":218,"date":"2018-11-13T13:27:53","date_gmt":"2018-11-13T13:27:53","guid":{"rendered":"https:\/\/lindy.com\/fr\/?page_id=218"},"modified":"2020-01-29T14:08:11","modified_gmt":"2020-01-29T14:08:11","slug":"salles-de-controle","status":"publish","type":"page","link":"https:\/\/lindy.com\/fr\/salles-de-controle\/","title":{"rendered":"Solutions salles de contr\u00f4le"},"content":{"rendered":"\n<section class=\"wp-block-lindy-parallax-hero section parallax-hero theme--light align--center  font--size-large\" style=\"background-image:url(https:\/\/lindy.com\/fr\/wp-content\/uploads\/sites\/4\/2018\/12\/Amended_ControlRoom_2.jpg)\"><div class=\"contained contained--full-width\"><div class=\"parallax-hero__content\"><div class=\"parallax-hero__content-wrapper align--center\"><h2 class=\"section__heading\"><span><br\/><br\/>Solutions pour <br\/><\/span><\/h2><h2 class=\"section__subheading section__subheading__title\">salle de contr\u00f4le<\/h2><p class=\"section__paragraph\"><br\/><br\/>\u25bc<\/p><\/div><\/div><\/div><\/section>\n\n\n\n<section class=\"wp-block-lindy-parallax-hero section parallax-hero theme--light align--center  font--size-medium\" style=\"background-image:url(https:\/\/lindy.com\/fr\/wp-content\/uploads\/sites\/4\/2018\/12\/Amended_ControlRoom_1.jpg)\"><div class=\"contained contained--full-width\"><div class=\"parallax-hero__content\"><div class=\"parallax-hero__content-wrapper align--center\"><h2 class=\"section__heading\"><span><br\/><br\/><br\/><br\/><br\/><\/span><\/h2><h2 class=\"section__subheading section__subheading__title\"><br\/><br\/><br\/><br\/><\/h2><\/div><\/div><\/div><\/section>\n\n\n\n<section class=\"wp-block-lindy-parallax-hero section parallax-hero theme--light align--center font--camber font--size-medium\" style=\"background-image:url(https:\/\/lindy.com\/fr\/wp-content\/uploads\/sites\/4\/2018\/12\/Amended_ControlRoom_2.jpg)\"><div class=\"contained contained--full-width\"><div class=\"parallax-hero__content\"><div class=\"parallax-hero__content-wrapper align--center\"><h2 class=\"section__heading\"><span>De grandes id\u00e9es pour<\/span><\/h2><h2 class=\"section__subheading section__subheading__title\">encore plus de donn\u00e9es.<\/h2><p class=\"section__paragraph\"><br\/>Les grandes entreprises, les services publics tels que les diffuseurs de radio et de t\u00e9l\u00e9vision, les centres de donn\u00e9es ainsi que les autorit\u00e9s administratives ont tous besoin de solutions pour surveiller et administrer leurs r\u00e9seaux. Les environnements de serveur sont actuellement en forte croissance. Et cette tendance devrait s&rsquo;acc\u00e9l\u00e9rer de fa\u00e7on exponentielle \u00e0 l&rsquo;avenir. De plus en plus d&rsquo;ordinateurs doivent \u00eatre log\u00e9s et g\u00e9r\u00e9s efficacement dans de moins en moins d&rsquo;espace.<br\/><\/p><\/div><\/div><\/div><\/section>\n\n\n\n<section class=\"wp-block-lindy-paragraph-and-images full-width-image--with-text section section--paragraph-image  theme--light font--camber font--size-small\"><div class=\"grid-noBottom-middle-reverse\"><div class=\"col-6_sm-12 full-width-image__content section section--animation-none align--left \"><div class=\"content--animate\"><div class=\"contained\"><h2 class=\"section__heading\"><span>L&rsquo;\u00e9volutivit\u00e9<\/span><\/h2><p class=\"section__paragraph\"><br\/>L&rsquo;explosion de volumes de donn\u00e9es, de multiples flux vid\u00e9o IP et analogiques et d&rsquo;innombrables sources de contenu et de signaux dans le monde exigent un contr\u00f4le efficace \u00e0 l&rsquo;aide d&rsquo;une souris, d&rsquo;un clavier et d&rsquo;un ou plusieurs \u00e9crans. En particulier dans les environnements de serveurs, il existe donc un besoin de solutions de contr\u00f4le \u00e9volutives et modulaires qui peuvent \u00eatre facilement mises \u00e0 l&rsquo;\u00e9chelle selon les besoins. <br\/><\/p><\/div><\/div><\/div><div class=\"col-6_sm-12 full-width-image--with-text align--left\" style=\"background-image:url(https:\/\/lindy.com\/en\/wp-content\/uploads\/sites\/2\/2018\/09\/ControlRoom_Bannerv2.jpg)\"><img decoding=\"async\" src=\"https:\/\/lindy.com\/en\/wp-content\/uploads\/sites\/2\/2018\/09\/ControlRoom_Bannerv2.jpg\"\/><\/div><\/div><\/section>\n\n\n\n<section class=\"wp-block-lindy-paragraph-and-images full-width-image--with-text section section--paragraph-image  theme--light font--camber font--size-small\"><div class=\"grid-noBottom-middle\"><div class=\"col-6_sm-12 full-width-image__content section section--animation-none align--right \"><div class=\"content--animate\"><div class=\"contained\"><h2 class=\"section__heading\"><span><br\/>Contr\u00f4le de nouvelle g\u00e9n\u00e9ration<br\/><\/span><\/h2><p class=\"section__paragraph\"><br\/>Chez Lindy, nous utilisons notre vaste portefeuille de produits pour assurer la connectivit\u00e9 dans les salles de contr\u00f4le des clients. Ils sont en mesure de visualiser et d&rsquo;analyser de gros volumes de donn\u00e9es 24 heures sur 24, 7 jours sur 7 et de prendre des d\u00e9cisions en temps r\u00e9el. En outre, nos solutions prennent en charge et respectent les normes et les sp\u00e9cifications qui se multiplient pour la conception de salles de contr\u00f4le de nouvelle g\u00e9n\u00e9ration. Nous transformons les grandes id\u00e9es en solutions encore plus grandes &#8211; pour un march\u00e9 d\u00e9j\u00e0 \u00e9norme et en perp\u00e9tuelle croissance.<br\/><\/p><\/div><\/div><\/div><div class=\"col-6_sm-12 full-width-image--with-text align--right\" style=\"background-image:url(https:\/\/lindy.com\/en\/wp-content\/uploads\/sites\/2\/2018\/09\/NextGenControl.jpg)\"><img decoding=\"async\" src=\"https:\/\/lindy.com\/en\/wp-content\/uploads\/sites\/2\/2018\/09\/NextGenControl.jpg\"\/><\/div><\/div><\/section>\n\n\n\n<section class=\"wp-block-lindy-paragraph-and-images full-width-image--with-text section section--paragraph-image  theme--light font--camber font--size-small\"><div class=\"grid-noBottom-middle-reverse\"><div class=\"col-6_sm-12 full-width-image__content section section--animation-none align--left \"><div class=\"content--animate\"><div class=\"contained\"><h2 class=\"section__heading\"><span>COMMUTATION\u00a0DU SIGNAL<\/span><\/h2><p class=\"section__paragraph\"><br\/>Notre large gamme de switchs AV et KVM permet de contr\u00f4ler plusieurs sources depuis une seule console. Les vid\u00e9o en haute r\u00e9solution et bande passante \u00e9lev\u00e9es sont prises en charge. Des fonctions avanc\u00e9es permettent le contr\u00f4le distant de serveurs via des connexions Cat.5\/6 ou IP. Les switchs Matrix vid\u00e9o permettent des options avanc\u00e9es pour commuter plusieurs sources vers plusieurs \u00e9crans. <br\/><\/p><\/div><\/div><\/div><div class=\"col-6_sm-12 full-width-image--with-text align--left\" style=\"background-image:url(https:\/\/lindy.com\/en\/wp-content\/uploads\/sites\/2\/2018\/10\/Presentation_1.jpg)\"><img decoding=\"async\" src=\"https:\/\/lindy.com\/en\/wp-content\/uploads\/sites\/2\/2018\/10\/Presentation_1.jpg\"\/><\/div><\/div><\/section>\n\n\n\n<section class=\"wp-block-lindy-paragraph-and-images full-width-image--with-text section section--paragraph-image  theme--light font--camber font--size-small\"><div class=\"grid-noBottom-middle\"><div class=\"col-6_sm-12 full-width-image__content section section--animation-none align--right \"><div class=\"content--animate\"><div class=\"contained\"><h2 class=\"section__heading\"><span>TRANSMETTRE<\/span><\/h2><p class=\"section__paragraph\"><br\/>Les solutions Lindy de distribution en Cat.5\/6, fibre optique, HDBaseT, IP et Matrix forment une suite de produits qui prennent en charge d&rsquo;incroyables distances de transmission. Les extenders Cat.5\/6 proposent un syst\u00e8me efficace, fiable, facile et rapide \u00e0 d\u00e9ployer. Les extenders Fibre optiques transmettent des signaux haute r\u00e9solution sur de longues distances en connexion point-\u00e0-point sans compression du signal et avec une totale immunit\u00e9 aux interf\u00e9rences \u00e9lectriques.<br\/><\/p><\/div><\/div><\/div><div class=\"col-6_sm-12 full-width-image--with-text align--right\" style=\"background-image:url(https:\/\/lindy.com\/en\/wp-content\/uploads\/sites\/2\/2018\/08\/HDBASET_Link.jpg)\"><img decoding=\"async\" src=\"https:\/\/lindy.com\/en\/wp-content\/uploads\/sites\/2\/2018\/08\/HDBASET_Link.jpg\"\/><\/div><\/div><\/section>\n\n\n\n<section class=\"wp-block-lindy-paragraph-and-images full-width-image--with-text section section--paragraph-image  theme--light font--camber font--size-small\"><div class=\"grid-noBottom-middle-reverse\"><div class=\"col-6_sm-12 full-width-image__content section section--animation-none align--left \"><div class=\"content--animate\"><div class=\"contained\"><h2 class=\"section__heading\"><span>DISTRIBUER<\/span><\/h2><p class=\"section__paragraph\"><br\/>La gamme Lindy HDBaseT peut utiliser un c\u00e2ble Cat.5\/6 pour distribuer diff\u00e9rents signaux tels que: la vid\u00e9o num\u00e9rique, l&rsquo;audio, 100Base-T Ethernet, l&rsquo;alimentation, RS232 et USB. Les solutions IP de Lindy peuvent utiliser le c\u00e2blage r\u00e9seau d\u00e9j\u00e0 existant d&rsquo;une entreprise pour transmettre des signaux AV vers diff\u00e9rents afficheurs.<br\/><\/p><\/div><\/div><\/div><div class=\"col-6_sm-12 full-width-image--with-text align--left\" style=\"background-image:url(https:\/\/lindy.com\/en\/wp-content\/uploads\/sites\/2\/2018\/08\/HDBaseT_10.jpg)\"><img decoding=\"async\" src=\"https:\/\/lindy.com\/en\/wp-content\/uploads\/sites\/2\/2018\/08\/HDBaseT_10.jpg\"\/><\/div><\/div><\/section>\n\n\n\n<section class=\"wp-block-lindy-paragraph-and-images full-width-image--with-text section section--paragraph-image  theme--light font--camber font--size-small\"><div class=\"grid-noBottom-middle\"><div class=\"col-6_sm-12 full-width-image__content section section--animation-none align--right \"><div class=\"content--animate\"><div class=\"contained\"><h2 class=\"section__heading\"><span>VISUALISATION<\/span><\/h2><h2 class=\"section__subheading section__subheading__title\">&amp; AFFICHAGE<\/h2><p class=\"section__paragraph\"><br\/>Les contr\u00f4leurs vid\u00e9o Lindy pour mur d&rsquo;\u00e9crans ajoutent de la puissance graphique pour les salles de contr\u00f4le. Diff\u00e9rentes solutions prennent en charge des murs d&rsquo;\u00e9crans Ultra HD 2\u00d72, 4\u00d74, 8\u00d78 et m\u00eame des dispositions irr\u00e9guli\u00e8res d&rsquo;\u00e9crans. Les outils d&rsquo;affichage prennent en charge le multifen\u00eatrage, le mode PiP (Picture-in-Picture), PaP (Picture-and-Picture) et Matrix. Une interface web GUI, des contr\u00f4les IR, RS232 et Telnet permettent un contr\u00f4le \u00e0 distance.<br\/><\/p><\/div><\/div><\/div><div class=\"col-6_sm-12 full-width-image--with-text align--right\" style=\"background-image:url(https:\/\/lindy.com\/en\/wp-content\/uploads\/sites\/2\/2018\/09\/VideoWallScaler_2.jpg)\"><img decoding=\"async\" src=\"https:\/\/lindy.com\/en\/wp-content\/uploads\/sites\/2\/2018\/09\/VideoWallScaler_2.jpg\"\/><\/div><\/div><\/section>\n\n\n\n<section class=\"wp-block-lindy-paragraph-and-images full-width-image--with-text section section--paragraph-image  theme--light font--camber font--size-small\"><div class=\"grid-noBottom-middle-reverse\"><div class=\"col-6_sm-12 full-width-image__content section section--animation-none align--left \"><div class=\"content--animate\"><div class=\"contained\"><h2 class=\"section__heading\"><span>CONTR\u00d4LE DISTANT<\/span><\/h2><h2 class=\"section__subheading section__subheading__title\">ET PARTAGE<\/h2><p class=\"section__paragraph\"><br\/>Pour un contr\u00f4le distant total, les extenders KVM Lindy, les switchs KVM sur IP et IPower permettent une administration locale ou depuis n&rsquo;importe quel endroit du monde de vos stations de travail. Le contr\u00f4le KVM permet un acc\u00e8s au niveau du syst\u00e8me d&rsquo;exploitation, BIOS tandis que la commutation distante des prises secteur permet de red\u00e9marrer des serveurs lors de maintenance ou d\u00e9pannage \u00e0 distance.<br\/><\/p><\/div><\/div><\/div><div class=\"col-6_sm-12 full-width-image--with-text align--left\" style=\"background-image:url(https:\/\/lindy.com\/en\/wp-content\/uploads\/sites\/2\/2018\/09\/iPower_Switch_AP.jpg)\"><img decoding=\"async\" src=\"https:\/\/lindy.com\/en\/wp-content\/uploads\/sites\/2\/2018\/09\/iPower_Switch_AP.jpg\"\/><\/div><\/div><\/section>\n\n\n\n<section class=\"wp-block-lindy-paragraph-and-images full-width-image--with-text section section--paragraph-image  theme--light font--camber font--size-small\"><div class=\"grid-noBottom-middle\"><div class=\"col-6_sm-12 full-width-image__content section section--animation-none align--right \"><div class=\"content--animate\"><div class=\"contained\"><h2 class=\"section__heading\"><span>FONCTIONNELS<\/span><\/h2><h2 class=\"section__subheading section__subheading__title\">&amp; ERGONOMIQUES<\/h2><p class=\"section__paragraph\"><br\/>Pour optimiser le placement de l&rsquo;\u00e9cran, clavier, souris: Lindy propose un choix d&rsquo;\u00e9l\u00e9ments de montage qui peuvent \u00eatre positionn\u00e9s sur des bureaux ou au mur pour am\u00e9liorer l&rsquo;ergonomie. Les syst\u00e8mes modulaires permettent d&rsquo;int\u00e9grer des solutions sur mesure.<br\/><\/p><\/div><\/div><\/div><div class=\"col-6_sm-12 full-width-image--with-text align--right\" style=\"background-image:url(https:\/\/lindy.com\/en\/wp-content\/uploads\/sites\/2\/2018\/09\/Bracket_AP.jpg)\"><img decoding=\"async\" src=\"https:\/\/lindy.com\/en\/wp-content\/uploads\/sites\/2\/2018\/09\/Bracket_AP.jpg\"\/><\/div><\/div><\/section>\n\n\n\n<section class=\"wp-block-lindy-heading-text section section--heading-text theme--dark align--center  font--size-medium section--animation-none\"><div class=\"contained\"><h2 class=\"section__heading\"><span><br\/>DOMAINES D&rsquo;UTILISATION<br\/><br\/><\/span><\/h2><\/div><\/section>\n\n\n\n<section class=\"wp-block-lindy-image-text-module section section--full-width-image full-width-image--with-text theme--dark section--animation-none align--left font--camber font--size-small width--half\" style=\"background-image:url(https:\/\/lindy.com\/en\/wp-content\/uploads\/sites\/2\/2018\/09\/Industry_Link1.jpg)\"><img decoding=\"async\" class=\"full-width-image__image\" src=\"https:\/\/lindy.com\/en\/wp-content\/uploads\/sites\/2\/2018\/09\/Industry_Link1.jpg\"\/><div class=\"contained\"><div class=\"full-width-image__content\"><h2 class=\"section__heading\"><span>APPLICATIONS POUR<br\/><\/span><\/h2><h2 class=\"section__subheading section__subheading__title\">L&rsquo;industrie et le contr\u00f4le de process<br\/><br\/><\/h2><a href=\"https:\/\/lindy.com\/fr\/industrie-et-controle-de-processus\" class=\"button button--white-transparent\" target=\"_self\" rel=\"noopener noreferrer\">EN SAVOIR PLUS<\/a><\/div><\/div><\/section>\n\n\n\n<section class=\"wp-block-lindy-image-text-module section section--full-width-image full-width-image--with-text theme--dark section--animation-none align--left font--camber font--size-small width--half\" style=\"background-image:url(https:\/\/lindy.com\/en\/wp-content\/uploads\/sites\/2\/2018\/09\/DataCentre_Link1.jpg)\"><img decoding=\"async\" class=\"full-width-image__image\" src=\"https:\/\/lindy.com\/en\/wp-content\/uploads\/sites\/2\/2018\/09\/DataCentre_Link1.jpg\"\/><div class=\"contained\"><div class=\"full-width-image__content\"><h2 class=\"section__heading\"><span>Applications pour<\/span><\/h2><h2 class=\"section__subheading section__subheading__title\">ordinateurs et data center<br\/><br\/><\/h2><a href=\"https:\/\/lindy.com\/fr\/ordinateurs-et-data-center\" class=\"button button--white-transparent\" target=\"_self\" rel=\"noopener noreferrer\">EN SAVOIR PLUS<\/a><\/div><\/div><\/section>\n\n\n\n<section class=\"wp-block-lindy-image-text-module section section--full-width-image full-width-image--with-text theme--dark section--animation-none align--center font--camber font--size-small\" style=\"background-image:url(https:\/\/lindy.com\/fr\/wp-content\/uploads\/sites\/4\/2020\/01\/control-room_FW.jpg)\"><img decoding=\"async\" class=\"full-width-image__image\" src=\"https:\/\/lindy.com\/fr\/wp-content\/uploads\/sites\/4\/2020\/01\/control-room_FW.jpg\"\/><div class=\"contained\"><div class=\"full-width-image__content\"><h2 class=\"section__heading\"><span>APPLICATIONS POUR<\/span><\/h2><h2 class=\"section__subheading section__subheading__title\">L\u2019INDUSTRIE ET<br\/>LE MONITORING<br\/><br\/><\/h2><a href=\"https:\/\/lindy.com\/fr\/industrie-et-le-monitoring\/\" class=\"button button--white-transparent\" target=\"_self\" rel=\"noopener noreferrer\">en savoir plus<\/a><\/div><\/div><\/section>\n","protected":false},"excerpt":{"rendered":"","protected":false},"author":15,"featured_media":0,"parent":0,"menu_order":0,"comment_status":"closed","ping_status":"closed","template":"page-templates\/template-landing.php","meta":{"_acf_changed":false,"footnotes":""},"class_list":["post-218","page","type-page","status-publish","hentry"],"acf":[],"yoast_head":"<!-- This site is optimized with the Yoast SEO plugin v26.6 - https:\/\/yoast.com\/wordpress\/plugins\/seo\/ -->\n<title>Solutions salles de contr\u00f4le - Lindy - French<\/title>\n<meta name=\"robots\" content=\"index, follow, max-snippet:-1, max-image-preview:large, max-video-preview:-1\" \/>\n<link rel=\"canonical\" href=\"https:\/\/lindy.com\/fr\/salles-de-controle\/\" \/>\n<meta property=\"og:locale\" content=\"fr_FR\" \/>\n<meta property=\"og:type\" content=\"article\" \/>\n<meta property=\"og:title\" content=\"Solutions salles de contr\u00f4le - Lindy - French\" \/>\n<meta property=\"og:url\" content=\"https:\/\/lindy.com\/fr\/salles-de-controle\/\" \/>\n<meta property=\"og:site_name\" content=\"Lindy - French\" \/>\n<meta property=\"article:modified_time\" content=\"2020-01-29T14:08:11+00:00\" \/>\n<meta property=\"og:image\" content=\"https:\/\/lindy.com\/en\/wp-content\/uploads\/sites\/2\/2018\/09\/ControlRoom_Bannerv2.jpg\" \/>\n<meta name=\"twitter:card\" content=\"summary_large_image\" \/>\n<meta name=\"twitter:label1\" content=\"Dur\u00e9e de lecture estim\u00e9e\" \/>\n\t<meta name=\"twitter:data1\" content=\"3 minutes\" \/>\n<script type=\"application\/ld+json\" class=\"yoast-schema-graph\">{\"@context\":\"https:\/\/schema.org\",\"@graph\":[{\"@type\":\"WebPage\",\"@id\":\"https:\/\/lindy.com\/fr\/salles-de-controle\/\",\"url\":\"https:\/\/lindy.com\/fr\/salles-de-controle\/\",\"name\":\"Solutions salles de contr\u00f4le - Lindy - French\",\"isPartOf\":{\"@id\":\"https:\/\/lindy.com\/fr\/#website\"},\"primaryImageOfPage\":{\"@id\":\"https:\/\/lindy.com\/fr\/salles-de-controle\/#primaryimage\"},\"image\":{\"@id\":\"https:\/\/lindy.com\/fr\/salles-de-controle\/#primaryimage\"},\"thumbnailUrl\":\"https:\/\/lindy.com\/en\/wp-content\/uploads\/sites\/2\/2018\/09\/ControlRoom_Bannerv2.jpg\",\"datePublished\":\"2018-11-13T13:27:53+00:00\",\"dateModified\":\"2020-01-29T14:08:11+00:00\",\"breadcrumb\":{\"@id\":\"https:\/\/lindy.com\/fr\/salles-de-controle\/#breadcrumb\"},\"inLanguage\":\"fr-FR\",\"potentialAction\":[{\"@type\":\"ReadAction\",\"target\":[\"https:\/\/lindy.com\/fr\/salles-de-controle\/\"]}]},{\"@type\":\"ImageObject\",\"inLanguage\":\"fr-FR\",\"@id\":\"https:\/\/lindy.com\/fr\/salles-de-controle\/#primaryimage\",\"url\":\"https:\/\/lindy.com\/en\/wp-content\/uploads\/sites\/2\/2018\/09\/ControlRoom_Bannerv2.jpg\",\"contentUrl\":\"https:\/\/lindy.com\/en\/wp-content\/uploads\/sites\/2\/2018\/09\/ControlRoom_Bannerv2.jpg\"},{\"@type\":\"BreadcrumbList\",\"@id\":\"https:\/\/lindy.com\/fr\/salles-de-controle\/#breadcrumb\",\"itemListElement\":[{\"@type\":\"ListItem\",\"position\":1,\"name\":\"Home\",\"item\":\"https:\/\/lindy.com\/fr\/\"},{\"@type\":\"ListItem\",\"position\":2,\"name\":\"Solutions salles de contr\u00f4le\"}]},{\"@type\":\"WebSite\",\"@id\":\"https:\/\/lindy.com\/fr\/#website\",\"url\":\"https:\/\/lindy.com\/fr\/\",\"name\":\"Lindy - French\",\"description\":\"Connection Perfection\",\"potentialAction\":[{\"@type\":\"SearchAction\",\"target\":{\"@type\":\"EntryPoint\",\"urlTemplate\":\"https:\/\/lindy.com\/fr\/?s={search_term_string}\"},\"query-input\":{\"@type\":\"PropertyValueSpecification\",\"valueRequired\":true,\"valueName\":\"search_term_string\"}}],\"inLanguage\":\"fr-FR\"}]}<\/script>\n<!-- \/ Yoast SEO plugin. -->","yoast_head_json":{"title":"Solutions salles de contr\u00f4le - Lindy - French","robots":{"index":"index","follow":"follow","max-snippet":"max-snippet:-1","max-image-preview":"max-image-preview:large","max-video-preview":"max-video-preview:-1"},"canonical":"https:\/\/lindy.com\/fr\/salles-de-controle\/","og_locale":"fr_FR","og_type":"article","og_title":"Solutions salles de contr\u00f4le - Lindy - French","og_url":"https:\/\/lindy.com\/fr\/salles-de-controle\/","og_site_name":"Lindy - French","article_modified_time":"2020-01-29T14:08:11+00:00","og_image":[{"url":"https:\/\/lindy.com\/en\/wp-content\/uploads\/sites\/2\/2018\/09\/ControlRoom_Bannerv2.jpg","type":"","width":"","height":""}],"twitter_card":"summary_large_image","twitter_misc":{"Dur\u00e9e de lecture estim\u00e9e":"3 minutes"},"schema":{"@context":"https:\/\/schema.org","@graph":[{"@type":"WebPage","@id":"https:\/\/lindy.com\/fr\/salles-de-controle\/","url":"https:\/\/lindy.com\/fr\/salles-de-controle\/","name":"Solutions salles de contr\u00f4le - Lindy - French","isPartOf":{"@id":"https:\/\/lindy.com\/fr\/#website"},"primaryImageOfPage":{"@id":"https:\/\/lindy.com\/fr\/salles-de-controle\/#primaryimage"},"image":{"@id":"https:\/\/lindy.com\/fr\/salles-de-controle\/#primaryimage"},"thumbnailUrl":"https:\/\/lindy.com\/en\/wp-content\/uploads\/sites\/2\/2018\/09\/ControlRoom_Bannerv2.jpg","datePublished":"2018-11-13T13:27:53+00:00","dateModified":"2020-01-29T14:08:11+00:00","breadcrumb":{"@id":"https:\/\/lindy.com\/fr\/salles-de-controle\/#breadcrumb"},"inLanguage":"fr-FR","potentialAction":[{"@type":"ReadAction","target":["https:\/\/lindy.com\/fr\/salles-de-controle\/"]}]},{"@type":"ImageObject","inLanguage":"fr-FR","@id":"https:\/\/lindy.com\/fr\/salles-de-controle\/#primaryimage","url":"https:\/\/lindy.com\/en\/wp-content\/uploads\/sites\/2\/2018\/09\/ControlRoom_Bannerv2.jpg","contentUrl":"https:\/\/lindy.com\/en\/wp-content\/uploads\/sites\/2\/2018\/09\/ControlRoom_Bannerv2.jpg"},{"@type":"BreadcrumbList","@id":"https:\/\/lindy.com\/fr\/salles-de-controle\/#breadcrumb","itemListElement":[{"@type":"ListItem","position":1,"name":"Home","item":"https:\/\/lindy.com\/fr\/"},{"@type":"ListItem","position":2,"name":"Solutions salles de contr\u00f4le"}]},{"@type":"WebSite","@id":"https:\/\/lindy.com\/fr\/#website","url":"https:\/\/lindy.com\/fr\/","name":"Lindy - French","description":"Connection Perfection","potentialAction":[{"@type":"SearchAction","target":{"@type":"EntryPoint","urlTemplate":"https:\/\/lindy.com\/fr\/?s={search_term_string}"},"query-input":{"@type":"PropertyValueSpecification","valueRequired":true,"valueName":"search_term_string"}}],"inLanguage":"fr-FR"}]}},"_links":{"self":[{"href":"https:\/\/lindy.com\/fr\/wp-json\/wp\/v2\/pages\/218","targetHints":{"allow":["GET"]}}],"collection":[{"href":"https:\/\/lindy.com\/fr\/wp-json\/wp\/v2\/pages"}],"about":[{"href":"https:\/\/lindy.com\/fr\/wp-json\/wp\/v2\/types\/page"}],"author":[{"embeddable":true,"href":"https:\/\/lindy.com\/fr\/wp-json\/wp\/v2\/users\/15"}],"replies":[{"embeddable":true,"href":"https:\/\/lindy.com\/fr\/wp-json\/wp\/v2\/comments?post=218"}],"version-history":[{"count":0,"href":"https:\/\/lindy.com\/fr\/wp-json\/wp\/v2\/pages\/218\/revisions"}],"wp:attachment":[{"href":"https:\/\/lindy.com\/fr\/wp-json\/wp\/v2\/media?parent=218"}],"curies":[{"name":"wp","href":"https:\/\/api.w.org\/{rel}","templated":true}]}}