{"id":2757,"date":"2024-07-30T11:08:24","date_gmt":"2024-07-30T11:08:24","guid":{"rendered":"https:\/\/lindy.com\/fr\/?page_id=2757"},"modified":"2025-04-01T09:29:12","modified_gmt":"2025-04-01T09:29:12","slug":"notre-philosophie","status":"publish","type":"page","link":"https:\/\/lindy.com\/fr\/notre-philosophie\/","title":{"rendered":"Notre philosophie"},"content":{"rendered":"\n<section class=\"wp-block-lindy-image-text-module section section--full-width-image full-width-image--with-text theme--dark section--animation-none align--center  font--size-large\" style=\"background-image:url(https:\/\/lindy.com\/de\/wp-content\/uploads\/sites\/3\/2018\/11\/Pattern_1.jpg)\"><img decoding=\"async\" class=\"full-width-image__image\" src=\"https:\/\/lindy.com\/de\/wp-content\/uploads\/sites\/3\/2018\/11\/Pattern_1.jpg\"\/><div class=\"contained\"><div class=\"full-width-image__content\"><h2 class=\"section__heading\"><span><strong>Vision <\/strong><\/span><\/h2><h2 class=\"section__subheading section__subheading__title\"><strong>&amp; MISSION<\/strong><\/h2><\/div><\/div><\/section>\n\n\n\n<section class=\"wp-block-lindy-image-text-module section section--full-width-image full-width-image--with-text theme--light section--animation-none align--left font--camber font--size-small\" style=\"background-image:url()\"><img decoding=\"async\" class=\"full-width-image__image\" src=\"\"\/><div class=\"contained\"><div class=\"full-width-image__content\"><h2 class=\"section__heading\"><span>Vision<\/span><\/h2><h2 class=\"section__subheading section__subheading__title\">Connection Perfection<\/h2><p class=\"section__paragraph\"><br\/>Notre objectif est d&rsquo;\u00eatre le leader mondial en mati\u00e8re de solutions, de d\u00e9veloppement et de fabrication de produits technologiques innovants. Cette ambition g\u00e9n\u00e8re l&rsquo;inspiration de nos collaborateurs et l&rsquo;enthousiasme de nos clients. Ensemble, nous envisageons un avenir dans lequel Lindy sera une r\u00e9f\u00e9rence, aujourd&rsquo;hui comme demain.<\/p><\/div><\/div><\/section>\n\n\n\n<section class=\"wp-block-lindy-image-text-module section section--full-width-image full-width-image--with-text theme--dark section--animation-none align--right font--camber font--size-small\" style=\"background-image:url()\"><img decoding=\"async\" class=\"full-width-image__image\" src=\"\"\/><div class=\"contained\"><div class=\"full-width-image__content\"><h2 class=\"section__heading\"><span>Mission<\/span><\/h2><h2 class=\"section__subheading section__subheading__title\">LES MEILLEURES SOLUTIONS TECHNOLOGIQUES <br\/>&amp; UN SERVICE CLIENT DE QUALIT\u00c9 <br\/>DANS UN MONDE EN R\u00c9SEAU <\/h2><p class=\"section__paragraph\"><br\/>Ensemble, nous renfor\u00e7ons les partenariats commerciaux \u00e0 long terme gr\u00e2ce \u00e0 une culture de la coop\u00e9ration et de l&rsquo;excellence. Notre engagement responsable en faveur de la connexion parfaite continuera \u00e0 nous motiver pour nous assurer que nous avons toujours une longueur d&rsquo;avance sur les exigences et les besoins de nos clients et partenaires dans le monde entier.<\/p><\/div><\/div><\/section>\n\n\n\n<section id=\"valeurs\" class=\"wp-block-lindy-anchor-section section section--anchor\"><\/section>\n\n\n\n<section class=\"wp-block-lindy-paragraph-one-col section section--horizontal-content section--horizontal-content--one-column font--size-small theme--light align--center font--camber section--animation-none\"><div class=\"contained\"><h2 class=\"section__heading\"><span>NOS VALEURS<\/span><\/h2><p class=\"section__paragraph\"><br\/>Lindy est \u00e9galement synonyme d&rsquo;int\u00e9grit\u00e9, d&rsquo;\u00e9coute et de responsabilit\u00e9. Des valeurs qui sont toujours valables aujourd&rsquo;hui et qui se refl\u00e8tent dans notre philosophie d&rsquo;entreprise.<\/p><\/div><\/section>\n\n\n\n<section class=\"wp-block-lindy-key-info section section--key-info theme--light section--animation-none\"><div class=\"contained\"><div class=\"grid-3_sm-1-center\"><div class=\"col left_item\"><div class=\"box\"><h3 class=\"section__heading\">INT\u00c9GRIT\u00c9\n<\/h3><div class=\"section__content\"><p class=\"section__content\"><strong>CE QUE NOUS DISONS EST CE QUE VOUS OBTENEZ<\/strong><br\/><br\/>Nos actions sont en accord avec nos convictions les plus profondes !<br\/><br\/>C&rsquo;est pourquoi nous faisons ce que nous disons et nous disons ce que nous faisons. Cette fiabilit\u00e9 et cette transparence, qui font partie int\u00e9grante de notre philosophie, appartiennent \u00e0 la marque Lindy au m\u00eame titre que le nom, le logo et la qualit\u00e9 du service et des produits.<\/p><\/div><\/div><\/div><div class=\"col right_item\"><div class=\"box\"><h3 class=\"section__heading\">ACCESSIBILIT\u00c9<\/h3><div class=\"section__content\"><p class=\"section__content\"><strong>L&rsquo;OEIL ET L&rsquo;OREILLE DU CLIENT<\/strong><br\/><br\/><br\/>On s&rsquo;en occupe !<br\/>\u00a0<br\/>Au-del\u00e0 des fronti\u00e8res de l&rsquo;entreprise, nous nous mettons \u00e0 la place de notre interlocuteur, anticipons les exigences, les souhaits et les besoins de chacun et pla\u00e7ons le lien personnel au-dessus de la simple transaction. Cette mani\u00e8re d&rsquo;agir caract\u00e9rise depuis nos d\u00e9buts aussi bien la relation avec nos clients et nos partenaires que nos rapports mutuels.<br\/>\u00a0<\/p><\/div><\/div><\/div><div class=\"col third_item\"><div class=\"box\"><h3 class=\"section__heading\">RESPONSABILIT\u00c9<\/h3><div class=\"section__content\"><p class=\"section__content\"><strong>L&rsquo;ESPRIT D&rsquo;ENTREPRISE<\/strong><br\/><br\/>Nous faisons un pas de plus !<br\/>\u00a0<br\/>Nous pensons et agissons de mani\u00e8re autonome, apprenons en permanence et veillons constamment \u00e0 nous d\u00e9velopper. Nous ne travaillons pas sur le probl\u00e8me, mais toujours sur les solutions.<br\/>\u00a0<\/p><\/div><\/div><\/div><\/div><\/div><\/section>\n\n\n\n<section class=\"wp-block-lindy-image-text-module section section--full-width-image full-width-image--with-text theme--dark section--animation-none align--left font--camber font--size-small\" style=\"background-image:url()\"><img decoding=\"async\" class=\"full-width-image__image\" src=\"\"\/><div class=\"contained\"><div class=\"full-width-image__content\"><h2 class=\"section__heading\"><span>INT\u00c9GRIT\u00c9<\/span><\/h2><h2 class=\"section__subheading section__subheading__title\">ce que nous disons est ce que vous obtenez<\/h2><p class=\"section__paragraph\"><br\/>Nos actions sont en accord avec nos convictions les plus profondes !<br\/><br\/>C&rsquo;est pourquoi nous faisons ce que nous disons et nous disons ce que nous faisons. Cette fiabilit\u00e9 et cette transparence, qui font partie int\u00e9grante de notre philosophie, appartiennent \u00e0 la marque Lindy au m\u00eame titre que le nom, le logo et la qualit\u00e9 du service et des produits.<br\/><br\/>Le respect, l&rsquo;\u00e9quit\u00e9 et la fiabilit\u00e9 dans les relations quotidiennes avec les clients, les partenaires, les collaborateurs et les coll\u00e8gues font partie pour nous des normes \u00e9thiques les plus \u00e9lev\u00e9es et les plus irr\u00e9vocables auxquelles nous nous tenons.<\/p><\/div><\/div><\/section>\n\n\n\n<section class=\"wp-block-lindy-image-text-module section section--full-width-image full-width-image--with-text theme--light section--animation-none align--right font--camber font--size-small\" style=\"background-image:url()\"><img decoding=\"async\" class=\"full-width-image__image\" src=\"\"\/><div class=\"contained\"><div class=\"full-width-image__content\"><h2 class=\"section__heading\"><span>ACCESSIBILIT\u00c9<\/span><\/h2><h2 class=\"section__subheading section__subheading__title\">l&rsquo;oeil et l&rsquo;oreille du client<\/h2><p class=\"section__paragraph\"><br\/>On s&rsquo;en occupe !<br\/><br\/> Au-del\u00e0 des fronti\u00e8res de l&rsquo;entreprise, nous nous mettons \u00e0 la place de notre interlocuteur, anticipons les exigences, les souhaits et les besoins de chacun et pla\u00e7ons le lien personnel au-dessus de la simple transaction. Cette mani\u00e8re d&rsquo;agir caract\u00e9rise depuis nos d\u00e9buts aussi bien la relation avec nos clients et nos partenaires que nos rapports mutuels.<br\/><br\/>Le langage et la discussion d&rsquo;\u00e9gal \u00e0 \u00e9gal, les suggestions, les souhaits et les id\u00e9es constituent depuis toujours le &lsquo;carburant&rsquo; et la motivation de notre d\u00e9veloppement ainsi que le moteur irrempla\u00e7able de nos innovations.<\/p><\/div><\/div><\/section>\n\n\n\n<section class=\"wp-block-lindy-image-text-module section section--full-width-image full-width-image--with-text theme--dark section--animation-none align--left  font--size-small\" style=\"background-image:url()\"><img decoding=\"async\" class=\"full-width-image__image\" src=\"\"\/><div class=\"contained\"><div class=\"full-width-image__content\"><h2 class=\"section__heading\"><span>RESPONSABILIT\u00c9<\/span><\/h2><h2 class=\"section__subheading section__subheading__title\">l&rsquo;esprit d&rsquo;entreprise<\/h2><p class=\"section__paragraph\"><br\/>Nous faisons un pas de plus !<br\/> <br\/>Nous pensons et agissons de mani\u00e8re autonome, apprenons en permanence et veillons constamment \u00e0 nous d\u00e9velopper. Nous ne travaillons pas sur le probl\u00e8me, mais toujours sur les solutions.<br\/><br\/>Chaque jour, chacun d&rsquo;entre nous est appel\u00e9 \u00e0 prendre des initiatives dans la communication avec les partenaires et les clients, \u00e0 identifier le potentiel et les possibilit\u00e9s ainsi qu&rsquo;\u00e0 apporter des progr\u00e8s et des am\u00e9liorations par ses propres actions.<\/p><\/div><\/div><\/section>\n","protected":false},"excerpt":{"rendered":"","protected":false},"author":11,"featured_media":0,"parent":0,"menu_order":0,"comment_status":"closed","ping_status":"closed","template":"page-templates\/template-landing.php","meta":{"_acf_changed":false,"footnotes":""},"class_list":["post-2757","page","type-page","status-publish","hentry"],"acf":[],"yoast_head":"<!-- This site is optimized with the Yoast SEO plugin v26.6 - https:\/\/yoast.com\/wordpress\/plugins\/seo\/ -->\n<title>Notre philosophie - Lindy - French<\/title>\n<meta name=\"robots\" content=\"index, follow, max-snippet:-1, max-image-preview:large, max-video-preview:-1\" \/>\n<link rel=\"canonical\" href=\"https:\/\/lindy.com\/fr\/notre-philosophie\/\" \/>\n<meta property=\"og:locale\" content=\"fr_FR\" \/>\n<meta property=\"og:type\" content=\"article\" \/>\n<meta property=\"og:title\" content=\"Notre philosophie - Lindy - French\" \/>\n<meta property=\"og:url\" content=\"https:\/\/lindy.com\/fr\/notre-philosophie\/\" \/>\n<meta property=\"og:site_name\" content=\"Lindy - French\" \/>\n<meta property=\"article:modified_time\" content=\"2025-04-01T09:29:12+00:00\" \/>\n<meta property=\"og:image\" content=\"https:\/\/lindy.com\/de\/wp-content\/uploads\/sites\/3\/2018\/11\/Pattern_1.jpg\" \/>\n<meta name=\"twitter:card\" content=\"summary_large_image\" \/>\n<meta name=\"twitter:label1\" content=\"Dur\u00e9e de lecture estim\u00e9e\" \/>\n\t<meta name=\"twitter:data1\" content=\"5 minutes\" \/>\n<script type=\"application\/ld+json\" class=\"yoast-schema-graph\">{\"@context\":\"https:\/\/schema.org\",\"@graph\":[{\"@type\":\"WebPage\",\"@id\":\"https:\/\/lindy.com\/fr\/notre-philosophie\/\",\"url\":\"https:\/\/lindy.com\/fr\/notre-philosophie\/\",\"name\":\"Notre philosophie - Lindy - French\",\"isPartOf\":{\"@id\":\"https:\/\/lindy.com\/fr\/#website\"},\"primaryImageOfPage\":{\"@id\":\"https:\/\/lindy.com\/fr\/notre-philosophie\/#primaryimage\"},\"image\":{\"@id\":\"https:\/\/lindy.com\/fr\/notre-philosophie\/#primaryimage\"},\"thumbnailUrl\":\"https:\/\/lindy.com\/de\/wp-content\/uploads\/sites\/3\/2018\/11\/Pattern_1.jpg\",\"datePublished\":\"2024-07-30T11:08:24+00:00\",\"dateModified\":\"2025-04-01T09:29:12+00:00\",\"breadcrumb\":{\"@id\":\"https:\/\/lindy.com\/fr\/notre-philosophie\/#breadcrumb\"},\"inLanguage\":\"fr-FR\",\"potentialAction\":[{\"@type\":\"ReadAction\",\"target\":[\"https:\/\/lindy.com\/fr\/notre-philosophie\/\"]}]},{\"@type\":\"ImageObject\",\"inLanguage\":\"fr-FR\",\"@id\":\"https:\/\/lindy.com\/fr\/notre-philosophie\/#primaryimage\",\"url\":\"https:\/\/lindy.com\/de\/wp-content\/uploads\/sites\/3\/2018\/11\/Pattern_1.jpg\",\"contentUrl\":\"https:\/\/lindy.com\/de\/wp-content\/uploads\/sites\/3\/2018\/11\/Pattern_1.jpg\"},{\"@type\":\"BreadcrumbList\",\"@id\":\"https:\/\/lindy.com\/fr\/notre-philosophie\/#breadcrumb\",\"itemListElement\":[{\"@type\":\"ListItem\",\"position\":1,\"name\":\"Home\",\"item\":\"https:\/\/lindy.com\/fr\/\"},{\"@type\":\"ListItem\",\"position\":2,\"name\":\"Notre philosophie\"}]},{\"@type\":\"WebSite\",\"@id\":\"https:\/\/lindy.com\/fr\/#website\",\"url\":\"https:\/\/lindy.com\/fr\/\",\"name\":\"Lindy - French\",\"description\":\"Connection Perfection\",\"potentialAction\":[{\"@type\":\"SearchAction\",\"target\":{\"@type\":\"EntryPoint\",\"urlTemplate\":\"https:\/\/lindy.com\/fr\/?s={search_term_string}\"},\"query-input\":{\"@type\":\"PropertyValueSpecification\",\"valueRequired\":true,\"valueName\":\"search_term_string\"}}],\"inLanguage\":\"fr-FR\"}]}<\/script>\n<!-- \/ Yoast SEO plugin. -->","yoast_head_json":{"title":"Notre philosophie - Lindy - French","robots":{"index":"index","follow":"follow","max-snippet":"max-snippet:-1","max-image-preview":"max-image-preview:large","max-video-preview":"max-video-preview:-1"},"canonical":"https:\/\/lindy.com\/fr\/notre-philosophie\/","og_locale":"fr_FR","og_type":"article","og_title":"Notre philosophie - Lindy - French","og_url":"https:\/\/lindy.com\/fr\/notre-philosophie\/","og_site_name":"Lindy - French","article_modified_time":"2025-04-01T09:29:12+00:00","og_image":[{"url":"https:\/\/lindy.com\/de\/wp-content\/uploads\/sites\/3\/2018\/11\/Pattern_1.jpg","type":"","width":"","height":""}],"twitter_card":"summary_large_image","twitter_misc":{"Dur\u00e9e de lecture estim\u00e9e":"5 minutes"},"schema":{"@context":"https:\/\/schema.org","@graph":[{"@type":"WebPage","@id":"https:\/\/lindy.com\/fr\/notre-philosophie\/","url":"https:\/\/lindy.com\/fr\/notre-philosophie\/","name":"Notre philosophie - Lindy - French","isPartOf":{"@id":"https:\/\/lindy.com\/fr\/#website"},"primaryImageOfPage":{"@id":"https:\/\/lindy.com\/fr\/notre-philosophie\/#primaryimage"},"image":{"@id":"https:\/\/lindy.com\/fr\/notre-philosophie\/#primaryimage"},"thumbnailUrl":"https:\/\/lindy.com\/de\/wp-content\/uploads\/sites\/3\/2018\/11\/Pattern_1.jpg","datePublished":"2024-07-30T11:08:24+00:00","dateModified":"2025-04-01T09:29:12+00:00","breadcrumb":{"@id":"https:\/\/lindy.com\/fr\/notre-philosophie\/#breadcrumb"},"inLanguage":"fr-FR","potentialAction":[{"@type":"ReadAction","target":["https:\/\/lindy.com\/fr\/notre-philosophie\/"]}]},{"@type":"ImageObject","inLanguage":"fr-FR","@id":"https:\/\/lindy.com\/fr\/notre-philosophie\/#primaryimage","url":"https:\/\/lindy.com\/de\/wp-content\/uploads\/sites\/3\/2018\/11\/Pattern_1.jpg","contentUrl":"https:\/\/lindy.com\/de\/wp-content\/uploads\/sites\/3\/2018\/11\/Pattern_1.jpg"},{"@type":"BreadcrumbList","@id":"https:\/\/lindy.com\/fr\/notre-philosophie\/#breadcrumb","itemListElement":[{"@type":"ListItem","position":1,"name":"Home","item":"https:\/\/lindy.com\/fr\/"},{"@type":"ListItem","position":2,"name":"Notre philosophie"}]},{"@type":"WebSite","@id":"https:\/\/lindy.com\/fr\/#website","url":"https:\/\/lindy.com\/fr\/","name":"Lindy - French","description":"Connection Perfection","potentialAction":[{"@type":"SearchAction","target":{"@type":"EntryPoint","urlTemplate":"https:\/\/lindy.com\/fr\/?s={search_term_string}"},"query-input":{"@type":"PropertyValueSpecification","valueRequired":true,"valueName":"search_term_string"}}],"inLanguage":"fr-FR"}]}},"_links":{"self":[{"href":"https:\/\/lindy.com\/fr\/wp-json\/wp\/v2\/pages\/2757","targetHints":{"allow":["GET"]}}],"collection":[{"href":"https:\/\/lindy.com\/fr\/wp-json\/wp\/v2\/pages"}],"about":[{"href":"https:\/\/lindy.com\/fr\/wp-json\/wp\/v2\/types\/page"}],"author":[{"embeddable":true,"href":"https:\/\/lindy.com\/fr\/wp-json\/wp\/v2\/users\/11"}],"replies":[{"embeddable":true,"href":"https:\/\/lindy.com\/fr\/wp-json\/wp\/v2\/comments?post=2757"}],"version-history":[{"count":5,"href":"https:\/\/lindy.com\/fr\/wp-json\/wp\/v2\/pages\/2757\/revisions"}],"predecessor-version":[{"id":4172,"href":"https:\/\/lindy.com\/fr\/wp-json\/wp\/v2\/pages\/2757\/revisions\/4172"}],"wp:attachment":[{"href":"https:\/\/lindy.com\/fr\/wp-json\/wp\/v2\/media?parent=2757"}],"curies":[{"name":"wp","href":"https:\/\/api.w.org\/{rel}","templated":true}]}}