{"id":2835,"date":"2025-03-11T14:06:02","date_gmt":"2025-03-11T14:06:02","guid":{"rendered":"https:\/\/lindy.com\/fr\/?page_id=2835"},"modified":"2025-04-11T07:30:35","modified_gmt":"2025-04-11T07:30:35","slug":"alimentation-electrique","status":"publish","type":"page","link":"https:\/\/lindy.com\/fr\/alimentation-electrique\/","title":{"rendered":"ALIMENTATION \u00c9LECTRIQUE"},"content":{"rendered":"\n<section class=\"wp-block-lindy-parallax-hero section parallax-hero theme--dark align--center  font--size-medium\" style=\"background-image:url(https:\/\/lindy.com\/de\/wp-content\/uploads\/sites\/3\/2025\/03\/Landing-page-alimentation-accueil_layer.png)\"><div class=\"contained contained--full-width\"><div class=\"parallax-hero__content\"><div class=\"parallax-hero__content-wrapper align--center\"><h2 class=\"section__heading\"><span>ALIMENTATION \u00c9LECTRIQUE FIABLE<\/span><\/h2><h2 class=\"section__subheading section__subheading__title\">POUR SMARTPHONES, <br\/>TABLETTES &amp; AUTRES<\/h2><\/div><\/div><\/div><\/section>\n\n\n\n<section class=\"wp-block-lindy-parallax-hero section parallax-hero theme--light align--left  font--size-medium\" style=\"background-image:url(https:\/\/lindy.com\/de\/wp-content\/uploads\/sites\/3\/2025\/03\/Landing-page-alimentation-accueil.jpg)\"><div class=\"contained contained--full-width\"><div class=\"parallax-hero__content\"><div class=\"parallax-hero__content-wrapper align--left\"><\/div><\/div><\/div><\/section>\n\n\n\n<section class=\"wp-block-lindy-parallax-hero section parallax-hero theme--dark align--center  font--size-medium\" style=\"background-image:url(https:\/\/lindy.com\/de\/wp-content\/uploads\/sites\/3\/2025\/03\/Landing-page-alimentation-accueil_layer.png)\"><div class=\"contained contained--full-width\"><div class=\"parallax-hero__content\"><div class=\"parallax-hero__content-wrapper align--center\"><h2 class=\"section__heading\"><span>UNE ALIMENTATION \u00c9LECTRIQUE<br\/>OPTIMALE <\/span><\/h2><h2 class=\"section__subheading section__subheading__title\">\u00c0 TOUT MOMENT ET EN TOUT LIEU.<\/h2><p class=\"section__paragraph\"><br\/>Que vous soyez en d\u00e9placement ou \u00e0 la maison, nous avons une s\u00e9lection de chargeurs USB ou de stations de recharge puissants. Que vous ayez besoin de recharger votre smartphone, votre tablette ou d&rsquo;autres gadgets \u00e9lectroniques, nos chargeurs fournissent l&rsquo;\u00e9nergie n\u00e9cessaire pour que vos appareils soient pr\u00eats \u00e0 l&#8217;emploi en un minimum de temps. Gr\u00e2ce \u00e0 la technologie de charge intelligente, ils d\u00e9tectent automatiquement le niveau de courant optimal pour chaque appareil connect\u00e9 et assurent une charge rapide et s\u00fbre.<\/p><\/div><\/div><\/div><\/section>\n\n\n\n<section class=\"wp-block-lindy-paragraph-and-images full-width-image--with-text section section--paragraph-image  theme--light font--size-medium\"><div class=\"grid-noBottom-middle\"><div class=\"col-6_sm-12 full-width-image__content section section--animation-up align--right \"><div class=\"content--animate\"><div class=\"contained\"><h2 class=\"section__heading\"><span>STATION DE CHARGE USB<\/span><\/h2><h2 class=\"section__subheading section__subheading__title\">CHARGE SIMULTAN\u00c9E DE NOMBREUX APPAREILS<\/h2><p class=\"section__paragraph\"><br\/>Nos stations de charge permettent de charger jusqu&rsquo;\u00e0 dix appareils simultan\u00e9ment. Gr\u00e2ce \u00e0 une fonction de charge intelligente (&lsquo;Smart Charging&rsquo;) et \u00e0 la prise en charge de nombreux protocoles de charge diff\u00e9rents tels que QC 3.0 ou QC 4.0, Samsung AFC, Apple 5V 2.4A, elles peuvent reconna\u00eetre l&rsquo;appareil connect\u00e9 et ajuster automatiquement le courant et la tension de charge pour permettre une charge rapide et s\u00e9curis\u00e9e.<\/p><div class=\"section__button\"><a href=\"https:\/\/www.lindy.fr\/?websale8=ld0101.ld031103&amp;ci=208\" class=\"button button--dark\" target=\"_blank\">D\u00c9COUVRIR<\/a><\/div><\/div><\/div><\/div><div class=\"col-6_sm-12 full-width-image--with-text align--right\" style=\"background-image:url(https:\/\/lindy.com\/fr\/wp-content\/uploads\/sites\/4\/2024\/08\/Landing-page-alimentation-contenu-1-1.jpg)\"><img decoding=\"async\" src=\"https:\/\/lindy.com\/fr\/wp-content\/uploads\/sites\/4\/2024\/08\/Landing-page-alimentation-contenu-1-1.jpg\"\/><\/div><\/div><\/section>\n\n\n\n<section class=\"wp-block-lindy-paragraph-and-images full-width-image--with-text section section--paragraph-image  theme--dark font--size-medium\"><div class=\"grid-noBottom-middle-reverse\"><div class=\"col-6_sm-12 full-width-image__content section section--animation-none align--left \"><div class=\"content--animate\"><div class=\"contained\"><h2 class=\"section__heading\"><span>CHARGEUR USB<\/span><\/h2><h2 class=\"section__subheading section__subheading__title\">LIB\u00c9REZ-VOUS DES CONTRAINTES \u00c9LECTRIQUES<\/h2><p class=\"section__paragraph\"><br\/>Pour une utilisation en d\u00e9placement ou \u00e0 la maison, nous proposons un large choix de chargeurs USB performants. Gr\u00e2ce aux chargeurs GaN, dot\u00e9s de la nouvelle technologie de semi-conducteurs avec une puissance de 65W et PPS<br\/>(Progammable Power Supply), les appareils connect\u00e9s sont charg\u00e9s de mani\u00e8re plus intelligente et plus rapide qu&rsquo;avec un chargeur standard USB de type A ou C. Les chargeurs<br\/>peuvent ajuster la tension et le courant en temps r\u00e9el pour r\u00e9pondre aux besoins de charge, fournissant ainsi une puissance de charge optimale en fonction de l&rsquo;\u00e9tat de charge de l&rsquo;appareil connect\u00e9.<\/p><div class=\"section__button\"><a href=\"https:\/\/www.lindy.fr\/?websale8=ld0101.ld031103&amp;ci=209\" class=\"button button--white-transparent\" target=\"_blank\">D\u00c9COUVRIR<\/a><\/div><\/div><\/div><\/div><div class=\"col-6_sm-12 full-width-image--with-text align--left\" style=\"background-image:url(https:\/\/lindy.com\/fr\/wp-content\/uploads\/sites\/4\/2024\/08\/Landing-page-alimentation-chargeur-usb.jpg)\"><img decoding=\"async\" src=\"https:\/\/lindy.com\/fr\/wp-content\/uploads\/sites\/4\/2024\/08\/Landing-page-alimentation-chargeur-usb.jpg\"\/><\/div><\/div><\/section>\n\n\n\n<section class=\"wp-block-lindy-paragraph-and-images full-width-image--with-text section section--paragraph-image  theme--light font--size-medium\"><div class=\"grid-noBottom-middle\"><div class=\"col-6_sm-12 full-width-image__content section section--animation-none align--right \"><div class=\"content--animate\"><div class=\"contained\"><h2 class=\"section__heading\"><span>MULTIPRISES<\/span><\/h2><h2 class=\"section__subheading section__subheading__title\">POUR UNE DISTRIBUTION \u00c9LECTRIQUE OPTIMIS\u00c9E<\/h2><p class=\"section__paragraph\"><br\/>Nos multiprises offrent la possibilit\u00e9 de connecter plusieurs appareils simultan\u00e9ment, sans compromis sur la s\u00e9curit\u00e9 et la qualit\u00e9. Vous trouverez par exemple des PDU (unit\u00e9s de distribution d&rsquo;\u00e9nergie) montables en rack ainsi que des multiprises Schuko \u00e0 6 ou 8 prises, disponibles en blanc ou en noir. Leur r\u00e9sistance \u00e9lev\u00e9e \u00e0 la temp\u00e9rature permet une utilisation sans probl\u00e8me dans des environnements non climatis\u00e9s.<\/p><div class=\"section__button\"><a href=\"https:\/\/www.lindy.fr\/?websale8=ld0101.ld031103&amp;ci=210\" class=\"button button--dark\" target=\"_blank\">D\u00c9COUVRIR<\/a><\/div><\/div><\/div><\/div><div class=\"col-6_sm-12 full-width-image--with-text align--right\" style=\"background-image:url(https:\/\/lindy.com\/fr\/wp-content\/uploads\/sites\/4\/2024\/08\/Landing-page-alimentation-multiprises.jpg)\"><img decoding=\"async\" src=\"https:\/\/lindy.com\/fr\/wp-content\/uploads\/sites\/4\/2024\/08\/Landing-page-alimentation-multiprises.jpg\"\/><\/div><\/div><\/section>\n\n\n\n<section class=\"wp-block-lindy-heading-text section section--heading-text theme--dark align--center  font--size-medium section--animation-none\"><div class=\"contained\"><h2 class=\"section__heading\"><span>Vous avez des questions ou<br\/>besoin d&rsquo;un conseil personnalis\u00e9 ?<\/span><\/h2><h2 class=\"section__subheading section__subheading__title\">PARLEZ-EN \u00c0 NOS EXPERTS<\/h2><\/div><\/section>\n\n\n\n<section class=\"wp-block-lindy-image-text-module section section--full-width-image full-width-image--with-text theme--dark section--animation-none align--center  font--size-medium\" style=\"background-image:url(https:\/\/lindy.com\/fr\/wp-content\/uploads\/sites\/4\/2025\/03\/Supportteam-FR.jpg)\"><img decoding=\"async\" class=\"full-width-image__image\" src=\"https:\/\/lindy.com\/fr\/wp-content\/uploads\/sites\/4\/2025\/03\/Supportteam-FR.jpg\"\/><div class=\"contained\"><div class=\"full-width-image__content\"><a href=\"https:\/\/lindy.com\/fr\/contact\/\" class=\"button button--white-transparent\" target=\"_self\" rel=\"noopener noreferrer\">PRENDRE CONTACT<\/a><\/div><\/div><\/section>\n","protected":false},"excerpt":{"rendered":"","protected":false},"author":28,"featured_media":0,"parent":0,"menu_order":0,"comment_status":"closed","ping_status":"closed","template":"page-templates\/template-landing.php","meta":{"_acf_changed":false,"footnotes":""},"class_list":["post-2835","page","type-page","status-publish","hentry"],"acf":[],"yoast_head":"<!-- This site is optimized with the Yoast SEO plugin v26.6 - https:\/\/yoast.com\/wordpress\/plugins\/seo\/ -->\n<title>ALIMENTATION \u00c9LECTRIQUE - Lindy - French<\/title>\n<meta name=\"robots\" content=\"index, follow, max-snippet:-1, max-image-preview:large, max-video-preview:-1\" \/>\n<link rel=\"canonical\" href=\"https:\/\/lindy.com\/fr\/alimentation-electrique\/\" \/>\n<meta property=\"og:locale\" content=\"fr_FR\" \/>\n<meta property=\"og:type\" content=\"article\" \/>\n<meta property=\"og:title\" content=\"ALIMENTATION \u00c9LECTRIQUE - Lindy - French\" \/>\n<meta property=\"og:url\" content=\"https:\/\/lindy.com\/fr\/alimentation-electrique\/\" \/>\n<meta property=\"og:site_name\" content=\"Lindy - French\" \/>\n<meta property=\"article:modified_time\" content=\"2025-04-11T07:30:35+00:00\" \/>\n<meta property=\"og:image\" content=\"https:\/\/lindy.com\/fr\/wp-content\/uploads\/sites\/4\/2024\/08\/Landing-page-alimentation-contenu-1-1.jpg\" \/>\n<meta name=\"twitter:card\" content=\"summary_large_image\" \/>\n<meta name=\"twitter:label1\" content=\"Dur\u00e9e de lecture estim\u00e9e\" \/>\n\t<meta name=\"twitter:data1\" content=\"3 minutes\" \/>\n<script type=\"application\/ld+json\" class=\"yoast-schema-graph\">{\"@context\":\"https:\/\/schema.org\",\"@graph\":[{\"@type\":\"WebPage\",\"@id\":\"https:\/\/lindy.com\/fr\/alimentation-electrique\/\",\"url\":\"https:\/\/lindy.com\/fr\/alimentation-electrique\/\",\"name\":\"ALIMENTATION \u00c9LECTRIQUE - Lindy - French\",\"isPartOf\":{\"@id\":\"https:\/\/lindy.com\/fr\/#website\"},\"primaryImageOfPage\":{\"@id\":\"https:\/\/lindy.com\/fr\/alimentation-electrique\/#primaryimage\"},\"image\":{\"@id\":\"https:\/\/lindy.com\/fr\/alimentation-electrique\/#primaryimage\"},\"thumbnailUrl\":\"https:\/\/lindy.com\/fr\/wp-content\/uploads\/sites\/4\/2024\/08\/Landing-page-alimentation-contenu-1-1.jpg\",\"datePublished\":\"2025-03-11T14:06:02+00:00\",\"dateModified\":\"2025-04-11T07:30:35+00:00\",\"breadcrumb\":{\"@id\":\"https:\/\/lindy.com\/fr\/alimentation-electrique\/#breadcrumb\"},\"inLanguage\":\"fr-FR\",\"potentialAction\":[{\"@type\":\"ReadAction\",\"target\":[\"https:\/\/lindy.com\/fr\/alimentation-electrique\/\"]}]},{\"@type\":\"ImageObject\",\"inLanguage\":\"fr-FR\",\"@id\":\"https:\/\/lindy.com\/fr\/alimentation-electrique\/#primaryimage\",\"url\":\"https:\/\/lindy.com\/fr\/wp-content\/uploads\/sites\/4\/2024\/08\/Landing-page-alimentation-contenu-1-1.jpg\",\"contentUrl\":\"https:\/\/lindy.com\/fr\/wp-content\/uploads\/sites\/4\/2024\/08\/Landing-page-alimentation-contenu-1-1.jpg\",\"width\":950,\"height\":1000},{\"@type\":\"BreadcrumbList\",\"@id\":\"https:\/\/lindy.com\/fr\/alimentation-electrique\/#breadcrumb\",\"itemListElement\":[{\"@type\":\"ListItem\",\"position\":1,\"name\":\"Home\",\"item\":\"https:\/\/lindy.com\/fr\/\"},{\"@type\":\"ListItem\",\"position\":2,\"name\":\"ALIMENTATION \u00c9LECTRIQUE\"}]},{\"@type\":\"WebSite\",\"@id\":\"https:\/\/lindy.com\/fr\/#website\",\"url\":\"https:\/\/lindy.com\/fr\/\",\"name\":\"Lindy - French\",\"description\":\"Connection Perfection\",\"potentialAction\":[{\"@type\":\"SearchAction\",\"target\":{\"@type\":\"EntryPoint\",\"urlTemplate\":\"https:\/\/lindy.com\/fr\/?s={search_term_string}\"},\"query-input\":{\"@type\":\"PropertyValueSpecification\",\"valueRequired\":true,\"valueName\":\"search_term_string\"}}],\"inLanguage\":\"fr-FR\"}]}<\/script>\n<!-- \/ Yoast SEO plugin. -->","yoast_head_json":{"title":"ALIMENTATION \u00c9LECTRIQUE - Lindy - French","robots":{"index":"index","follow":"follow","max-snippet":"max-snippet:-1","max-image-preview":"max-image-preview:large","max-video-preview":"max-video-preview:-1"},"canonical":"https:\/\/lindy.com\/fr\/alimentation-electrique\/","og_locale":"fr_FR","og_type":"article","og_title":"ALIMENTATION \u00c9LECTRIQUE - Lindy - French","og_url":"https:\/\/lindy.com\/fr\/alimentation-electrique\/","og_site_name":"Lindy - French","article_modified_time":"2025-04-11T07:30:35+00:00","og_image":[{"url":"https:\/\/lindy.com\/fr\/wp-content\/uploads\/sites\/4\/2024\/08\/Landing-page-alimentation-contenu-1-1.jpg","type":"","width":"","height":""}],"twitter_card":"summary_large_image","twitter_misc":{"Dur\u00e9e de lecture estim\u00e9e":"3 minutes"},"schema":{"@context":"https:\/\/schema.org","@graph":[{"@type":"WebPage","@id":"https:\/\/lindy.com\/fr\/alimentation-electrique\/","url":"https:\/\/lindy.com\/fr\/alimentation-electrique\/","name":"ALIMENTATION \u00c9LECTRIQUE - Lindy - French","isPartOf":{"@id":"https:\/\/lindy.com\/fr\/#website"},"primaryImageOfPage":{"@id":"https:\/\/lindy.com\/fr\/alimentation-electrique\/#primaryimage"},"image":{"@id":"https:\/\/lindy.com\/fr\/alimentation-electrique\/#primaryimage"},"thumbnailUrl":"https:\/\/lindy.com\/fr\/wp-content\/uploads\/sites\/4\/2024\/08\/Landing-page-alimentation-contenu-1-1.jpg","datePublished":"2025-03-11T14:06:02+00:00","dateModified":"2025-04-11T07:30:35+00:00","breadcrumb":{"@id":"https:\/\/lindy.com\/fr\/alimentation-electrique\/#breadcrumb"},"inLanguage":"fr-FR","potentialAction":[{"@type":"ReadAction","target":["https:\/\/lindy.com\/fr\/alimentation-electrique\/"]}]},{"@type":"ImageObject","inLanguage":"fr-FR","@id":"https:\/\/lindy.com\/fr\/alimentation-electrique\/#primaryimage","url":"https:\/\/lindy.com\/fr\/wp-content\/uploads\/sites\/4\/2024\/08\/Landing-page-alimentation-contenu-1-1.jpg","contentUrl":"https:\/\/lindy.com\/fr\/wp-content\/uploads\/sites\/4\/2024\/08\/Landing-page-alimentation-contenu-1-1.jpg","width":950,"height":1000},{"@type":"BreadcrumbList","@id":"https:\/\/lindy.com\/fr\/alimentation-electrique\/#breadcrumb","itemListElement":[{"@type":"ListItem","position":1,"name":"Home","item":"https:\/\/lindy.com\/fr\/"},{"@type":"ListItem","position":2,"name":"ALIMENTATION \u00c9LECTRIQUE"}]},{"@type":"WebSite","@id":"https:\/\/lindy.com\/fr\/#website","url":"https:\/\/lindy.com\/fr\/","name":"Lindy - French","description":"Connection Perfection","potentialAction":[{"@type":"SearchAction","target":{"@type":"EntryPoint","urlTemplate":"https:\/\/lindy.com\/fr\/?s={search_term_string}"},"query-input":{"@type":"PropertyValueSpecification","valueRequired":true,"valueName":"search_term_string"}}],"inLanguage":"fr-FR"}]}},"_links":{"self":[{"href":"https:\/\/lindy.com\/fr\/wp-json\/wp\/v2\/pages\/2835","targetHints":{"allow":["GET"]}}],"collection":[{"href":"https:\/\/lindy.com\/fr\/wp-json\/wp\/v2\/pages"}],"about":[{"href":"https:\/\/lindy.com\/fr\/wp-json\/wp\/v2\/types\/page"}],"author":[{"embeddable":true,"href":"https:\/\/lindy.com\/fr\/wp-json\/wp\/v2\/users\/28"}],"replies":[{"embeddable":true,"href":"https:\/\/lindy.com\/fr\/wp-json\/wp\/v2\/comments?post=2835"}],"version-history":[{"count":61,"href":"https:\/\/lindy.com\/fr\/wp-json\/wp\/v2\/pages\/2835\/revisions"}],"predecessor-version":[{"id":4378,"href":"https:\/\/lindy.com\/fr\/wp-json\/wp\/v2\/pages\/2835\/revisions\/4378"}],"wp:attachment":[{"href":"https:\/\/lindy.com\/fr\/wp-json\/wp\/v2\/media?parent=2835"}],"curies":[{"name":"wp","href":"https:\/\/api.w.org\/{rel}","templated":true}]}}