{"id":4094,"date":"2025-04-01T09:08:50","date_gmt":"2025-04-01T09:08:50","guid":{"rendered":"https:\/\/lindy.com\/fr\/?page_id=4094"},"modified":"2025-10-07T12:51:03","modified_gmt":"2025-10-07T12:51:03","slug":"csr","status":"publish","type":"page","link":"https:\/\/lindy.com\/fr\/csr\/","title":{"rendered":""},"content":{"rendered":"\n<div class=\"wp-block-media-text is-stacked-on-mobile\"><figure class=\"wp-block-media-text__media\"><img loading=\"lazy\" decoding=\"async\" width=\"1024\" height=\"1019\" src=\"https:\/\/lindy.com\/fr\/wp-content\/uploads\/sites\/4\/2025\/04\/Peter-1024x1019.jpg\" alt=\"\" class=\"wp-image-4196 size-full\" srcset=\"https:\/\/lindy.com\/fr\/wp-content\/uploads\/sites\/4\/2025\/04\/Peter-1024x1019.jpg 1024w, https:\/\/lindy.com\/fr\/wp-content\/uploads\/sites\/4\/2025\/04\/Peter-300x300.jpg 300w, https:\/\/lindy.com\/fr\/wp-content\/uploads\/sites\/4\/2025\/04\/Peter-150x150.jpg 150w, https:\/\/lindy.com\/fr\/wp-content\/uploads\/sites\/4\/2025\/04\/Peter-768x765.jpg 768w, https:\/\/lindy.com\/fr\/wp-content\/uploads\/sites\/4\/2025\/04\/Peter-1536x1529.jpg 1536w, https:\/\/lindy.com\/fr\/wp-content\/uploads\/sites\/4\/2025\/04\/Peter-2048x2039.jpg 2048w, https:\/\/lindy.com\/fr\/wp-content\/uploads\/sites\/4\/2025\/04\/Peter-1170x1165.jpg 1170w, https:\/\/lindy.com\/fr\/wp-content\/uploads\/sites\/4\/2025\/04\/Peter-470x468.jpg 470w\" sizes=\"auto, (max-width: 1024px) 100vw, 1024px\" \/><\/figure><div class=\"wp-block-media-text__content\">\n<p class=\"has-medium-font-size\"><span style=\"font: 20pt;\">\u00ab\u00a0<\/span>En tant qu&rsquo;entreprise familiale ayant plus de 90 ans d&rsquo;histoire, la responsabilit\u00e9 entrepreneuriale est profond\u00e9ment ancr\u00e9e dans nos valeurs et notre culture. Les relations durables et \u00e0 long terme bas\u00e9es sur les avantages mutuels avec les fournisseurs, les clients et les employ\u00e9s ont fait de Lindy ce que la soci\u00e9t\u00e9 est aujourd&rsquo;hui : un succ\u00e8s constant. Le principe de durabilit\u00e9 a donc fait partie de notre culture d&rsquo;entreprise bien avant qu&rsquo;il ne devienne une tendance.<span style=\"font: 20pt;\"><br><br><\/span><\/p>\n<\/div><\/div>\n\n\n\n<p class=\"has-text-align-left has-medium-font-size\"><br>Dans le cadre de notre gestion du d\u00e9veloppement durable, nous \u00e9voluons en permanence pour r\u00e9pondre aux demandes du march\u00e9 et aux attentes croissantes de nos clients. Ce qui nous permet d&rsquo;apporter une contribution positive au d\u00e9veloppement durable \u00e0 l&rsquo;\u00e9chelle mondiale.\u00a0\u00bb&nbsp; <br><br>&#8212; <em>Dr. Peter Lindenberg, Directeur g\u00e9n\u00e9ral Lindy Elektronik GmbH<\/em> &#8212;<\/p>\n\n\n\n<div style=\"height:17px\" aria-hidden=\"true\" class=\"wp-block-spacer\"><\/div>\n\n\n\n<hr class=\"wp-block-separator has-text-color has-vivid-red-color has-alpha-channel-opacity has-vivid-red-background-color has-background is-style-dots\"\/>\n\n\n\n<section id=\"hf\" class=\"wp-block-lindy-anchor-section section section--anchor\"><\/section>\n\n\n\n<h2 class=\"wp-block-heading has-large-font-size\"><\/h2>\n\n\n\n<hr class=\"wp-block-separator has-text-color has-vivid-red-color has-alpha-channel-opacity has-vivid-red-background-color has-background is-style-wide\"\/>\n\n\n\n<div class=\"wp-block-columns is-layout-flex wp-container-core-columns-is-layout-9d6595d7 wp-block-columns-is-layout-flex\">\n<div class=\"wp-block-column is-layout-flow wp-block-column-is-layout-flow\" style=\"flex-basis:250px\"><div class=\"wp-block-image\">\n<figure class=\"aligncenter size-full is-resized\"><a href=\"http:\/\/lindy.com\/fr\/csr-foa\/#management\"><img decoding=\"async\" src=\"https:\/\/lindy.com\/de\/wp-content\/uploads\/sites\/3\/2024\/11\/48-1.png\" alt=\"\" class=\"wp-image-10303\" style=\"object-fit:cover;width:250px;height:185px\"\/><\/a><\/figure><\/div>\n\n\n<h3 class=\"wp-block-heading has-medium-font-size\">Gestion responsable<\/h3>\n<\/div>\n\n\n\n<div class=\"wp-block-column is-layout-flow wp-block-column-is-layout-flow\" style=\"flex-basis:250px\"><div class=\"wp-block-image\">\n<figure class=\"aligncenter size-full is-resized\"><a href=\"http:\/\/lindy.com\/fr\/csr-foa\/#products\"><img decoding=\"async\" src=\"https:\/\/lindy.com\/de\/wp-content\/uploads\/sites\/3\/2024\/11\/49_low.png\" alt=\"\" class=\"wp-image-10305\" style=\"object-fit:cover;width:250px;height:185px\"\/><\/a><\/figure><\/div>\n\n\n<h3 class=\"wp-block-heading has-medium-font-size\">Produit responsable<\/h3>\n<\/div>\n\n\n\n<div class=\"wp-block-column is-layout-flow wp-block-column-is-layout-flow\" style=\"flex-basis:250px\"><div class=\"wp-block-image\">\n<figure class=\"aligncenter size-full is-resized\"><a href=\"https:\/\/lindy.com\/fr\/csr-foa\/#supply-chain\"><img decoding=\"async\" src=\"https:\/\/lindy.com\/de\/wp-content\/uploads\/sites\/3\/2024\/11\/52_low.png\" alt=\"\" class=\"wp-image-10306\" style=\"object-fit:cover;width:250px;height:185px\"\/><\/a><\/figure><\/div>\n\n\n<h3 class=\"wp-block-heading has-medium-font-size\">Cha\u00eene d&rsquo;approvisionnement<\/h3>\n<\/div>\n<\/div>\n\n\n\n<div class=\"wp-block-columns is-layout-flex wp-container-core-columns-is-layout-9d6595d7 wp-block-columns-is-layout-flex\">\n<div class=\"wp-block-column is-layout-flow wp-block-column-is-layout-flow\"><div class=\"wp-block-image\">\n<figure class=\"aligncenter size-full is-resized\"><a href=\"http:\/\/lindy.com\/fr\/csr-foa\/#environment\"><img decoding=\"async\" src=\"https:\/\/lindy.com\/de\/wp-content\/uploads\/sites\/3\/2024\/11\/50_low.png\" alt=\"\" class=\"wp-image-10317\" style=\"object-fit:cover;width:250px;height:185px\"\/><\/a><\/figure><\/div>\n\n\n<h2 class=\"wp-block-heading has-medium-font-size\">Environnement responsable<br><\/h2>\n<\/div>\n\n\n\n<div class=\"wp-block-column is-layout-flow wp-block-column-is-layout-flow\"><div class=\"wp-block-image\">\n<figure class=\"aligncenter size-full is-resized\"><a href=\"http:\/\/lindy.com\/fr\/csr-foa\/#employees\"><img decoding=\"async\" src=\"https:\/\/lindy.com\/de\/wp-content\/uploads\/sites\/3\/2024\/11\/53_low.png\" alt=\"\" class=\"wp-image-10312\" style=\"object-fit:cover;width:250px;height:185px\"\/><\/a><\/figure><\/div>\n\n\n<h2 class=\"wp-block-heading has-medium-font-size\">L&rsquo;\u00e9quipe Lindy<br><\/h2>\n<\/div>\n\n\n\n<div class=\"wp-block-column is-layout-flow wp-block-column-is-layout-flow\"><div class=\"wp-block-image\">\n<figure class=\"aligncenter size-full is-resized\"><a href=\"https:\/\/lindy.com\/fr\/csr-foa\/#society\"><img decoding=\"async\" src=\"https:\/\/lindy.com\/de\/wp-content\/uploads\/sites\/3\/2024\/11\/51_low-1.png\" alt=\"\" class=\"wp-image-10315\" style=\"object-fit:cover;width:250px;height:185px\"\/><\/a><\/figure><\/div>\n\n\n<h2 class=\"wp-block-heading has-medium-font-size\">Engagement social<br><\/h2>\n<\/div>\n<\/div>\n\n\n\n<hr class=\"wp-block-separator has-text-color has-vivid-red-color has-alpha-channel-opacity has-vivid-red-background-color has-background is-style-wide\"\/>\n\n\n\n<div style=\"height:34px\" aria-hidden=\"true\" class=\"wp-block-spacer\"><\/div>\n\n\n\n<section class=\"wp-block-lindy-parallax-hero section parallax-hero theme--dark align--center  font--size-large\" style=\"background-image:url(https:\/\/lindy.com\/de\/wp-content\/uploads\/sites\/3\/2024\/06\/Header-Zwischenablage_06-03-2024_01.png)\"><div class=\"contained contained--full-width\"><div class=\"parallax-hero__content\"><div class=\"parallax-hero__content-wrapper align--center\"><\/div><\/div><\/div><\/section>\n\n\n\n<div style=\"height:32px\" aria-hidden=\"true\" class=\"wp-block-spacer\"><\/div>\n\n\n\n<hr class=\"wp-block-separator has-text-color has-vivid-red-color has-alpha-channel-opacity has-vivid-red-background-color has-background is-style-wide\"\/>\n\n\n\n<section id=\"stiftung\" class=\"wp-block-lindy-anchor-section section section--anchor\"><\/section>\n\n\n\n<div style=\"height:29px\" aria-hidden=\"true\" class=\"wp-block-spacer\"><\/div>\n\n\n\n<h2 class=\"wp-block-heading has-large-font-size\">La Fondation Lindy<\/h2>\n\n\n\n<p class=\"has-medium-font-size\">La Fondation Lindy est le reflet de notre engagement social, qui a \u00e9t\u00e9 activement maintenu comme une tradition chez Lindy. Au fil des ans, la Fondation Lindy a soutenu des projets caritatifs dans le monde entier, conform\u00e9ment \u00e0 ses objectifs. Lors de la s\u00e9lection des projets \u00e0 soutenir, nous nous concentrons sur les initiatives et les organisations \u00e0 but non lucratif dans lesquelles les membres de la famille propri\u00e9taire ou de l&rsquo;\u00e9quipe Lindy sont personnellement impliqu\u00e9s.<\/p>\n\n\n\n<section id=\"ecovadis\" class=\"wp-block-lindy-anchor-section section section--anchor\"><\/section>\n\n\n\n<div style=\"height:46px\" aria-hidden=\"true\" class=\"wp-block-spacer\"><\/div>\n\n\n\n<div class=\"wp-block-buttons is-content-justification-center is-layout-flex wp-container-core-buttons-is-layout-16018d1d wp-block-buttons-is-layout-flex\">\n<div class=\"wp-block-button has-custom-width wp-block-button__width-50 has-custom-font-size has-medium-font-size\"><a class=\"wp-block-button__link has-white-color has-vivid-red-background-color has-text-color has-background has-link-color wp-element-button\" href=\"..\/csr-foundation\" style=\"border-radius:0px\">EN SAVOIR PLUS<\/a><\/div>\n<\/div>\n\n\n\n<div style=\"height:47px\" aria-hidden=\"true\" class=\"wp-block-spacer\"><\/div>\n\n\n\n<hr class=\"wp-block-separator has-text-color has-vivid-red-color has-alpha-channel-opacity has-vivid-red-background-color has-background is-style-wide\"\/>\n\n\n\n<h2 class=\"wp-block-heading has-large-font-size\">EcoVadis &#8211; Note de durabilit\u00e9<\/h2>\n\n\n\n<div class=\"wp-block-media-text is-stacked-on-mobile\" style=\"grid-template-columns:40% auto\"><figure class=\"wp-block-media-text__media\"><img loading=\"lazy\" decoding=\"async\" width=\"1024\" height=\"1024\" src=\"https:\/\/lindy.com\/fr\/wp-content\/uploads\/sites\/4\/2025\/10\/25-09-Ecovadis-Award2-1024x1024.png\" alt=\"\" class=\"wp-image-6207 size-full\" srcset=\"https:\/\/lindy.com\/fr\/wp-content\/uploads\/sites\/4\/2025\/10\/25-09-Ecovadis-Award2-1024x1024.png 1024w, https:\/\/lindy.com\/fr\/wp-content\/uploads\/sites\/4\/2025\/10\/25-09-Ecovadis-Award2-300x300.png 300w, https:\/\/lindy.com\/fr\/wp-content\/uploads\/sites\/4\/2025\/10\/25-09-Ecovadis-Award2-150x150.png 150w, https:\/\/lindy.com\/fr\/wp-content\/uploads\/sites\/4\/2025\/10\/25-09-Ecovadis-Award2-768x768.png 768w, https:\/\/lindy.com\/fr\/wp-content\/uploads\/sites\/4\/2025\/10\/25-09-Ecovadis-Award2-470x470.png 470w, https:\/\/lindy.com\/fr\/wp-content\/uploads\/sites\/4\/2025\/10\/25-09-Ecovadis-Award2.png 1080w\" sizes=\"auto, (max-width: 1024px) 100vw, 1024px\" \/><\/figure><div class=\"wp-block-media-text__content\">\n<p class=\"has-medium-font-size\">Depuis 2023, notre gestion du d\u00e9veloppement durable est \u00e9valu\u00e9e chaque ann\u00e9e par la plateforme de d\u00e9veloppement durable EcoVadis. Les r\u00e9sultats de cette \u00e9valuation d\u00e9taill\u00e9e refl\u00e8tent non seulement notre engagement en faveur du d\u00e9veloppement durable, mais nous fournissent \u00e9galement des informations pr\u00e9cieuses pour continuer \u00e0 progresser sur la voie du d\u00e9veloppement durable.<\/p>\n\n\n\n<p><\/p>\n\n\n\n<p><\/p>\n<\/div><\/div>\n\n\n\n<div style=\"height:17px\" aria-hidden=\"true\" class=\"wp-block-spacer\"><\/div>\n\n\n\n<div class=\"wp-block-buttons is-content-justification-center is-layout-flex wp-container-core-buttons-is-layout-16018d1d wp-block-buttons-is-layout-flex\">\n<div class=\"wp-block-button has-custom-width wp-block-button__width-50 has-custom-font-size has-medium-font-size\"><a class=\"wp-block-button__link has-white-color has-vivid-red-background-color has-text-color has-background has-link-color wp-element-button\" href=\"https:\/\/lindy.com\/fr\/csr-ecovadis\/\" style=\"border-radius:0px\">EN SAVOIR PLUS<\/a><\/div>\n<\/div>\n\n\n\n<div style=\"height:47px\" aria-hidden=\"true\" class=\"wp-block-spacer\"><\/div>\n\n\n\n<hr class=\"wp-block-separator has-text-color has-vivid-red-color has-alpha-channel-opacity has-vivid-red-background-color has-background is-style-wide\"\/>\n\n\n\n<div style=\"height:45px\" aria-hidden=\"true\" class=\"wp-block-spacer\"><\/div>\n\n\n\n<h2 class=\"wp-block-heading has-large-font-size\">Nouveaut\u00e9s<\/h2>\n\n\n<ul class=\"wp-block-latest-posts__list wp-block-latest-posts\"><li><div class=\"wp-block-latest-posts__featured-image alignleft\"><a href=\"https:\/\/lindy.com\/fr\/2025\/10\/07\/lindy-recoit-a-nouveau-la-medaille-dargent-ecovadis-en-2025\/\" aria-label=\"Lindy re\u00e7oit \u00e0 nouveau la m\u00e9daille d\u2019argent EcoVadis en 2025\"><img loading=\"lazy\" decoding=\"async\" width=\"150\" height=\"150\" src=\"https:\/\/lindy.com\/fr\/wp-content\/uploads\/sites\/4\/2025\/10\/25-09-Ecovadis-Award2-1-150x150.png\" class=\"attachment-thumbnail size-thumbnail wp-post-image\" alt=\"\" style=\"max-width:113px;max-height:113px;\" srcset=\"https:\/\/lindy.com\/fr\/wp-content\/uploads\/sites\/4\/2025\/10\/25-09-Ecovadis-Award2-1-150x150.png 150w, https:\/\/lindy.com\/fr\/wp-content\/uploads\/sites\/4\/2025\/10\/25-09-Ecovadis-Award2-1-300x300.png 300w, https:\/\/lindy.com\/fr\/wp-content\/uploads\/sites\/4\/2025\/10\/25-09-Ecovadis-Award2-1-1024x1024.png 1024w, https:\/\/lindy.com\/fr\/wp-content\/uploads\/sites\/4\/2025\/10\/25-09-Ecovadis-Award2-1-768x768.png 768w, https:\/\/lindy.com\/fr\/wp-content\/uploads\/sites\/4\/2025\/10\/25-09-Ecovadis-Award2-1-470x470.png 470w, https:\/\/lindy.com\/fr\/wp-content\/uploads\/sites\/4\/2025\/10\/25-09-Ecovadis-Award2-1.png 1080w\" sizes=\"auto, (max-width: 150px) 100vw, 150px\" \/><\/a><\/div><a class=\"wp-block-latest-posts__post-title\" href=\"https:\/\/lindy.com\/fr\/2025\/10\/07\/lindy-recoit-a-nouveau-la-medaille-dargent-ecovadis-en-2025\/\">Lindy re\u00e7oit \u00e0 nouveau la m\u00e9daille d\u2019argent EcoVadis en 2025<\/a><div class=\"wp-block-latest-posts__post-excerpt\">Argent, le retour Nous sommes tr\u00e8s heureux d\u2019annoncer que Lindy a de nouveau re\u00e7u la m\u00e9daille d\u2019argent d\u2019EcoVadis pour sa\u2026 <a class=\"wp-block-latest-posts__read-more\" href=\"https:\/\/lindy.com\/fr\/2025\/10\/07\/lindy-recoit-a-nouveau-la-medaille-dargent-ecovadis-en-2025\/\" rel=\"noopener noreferrer\">Read more<span class=\"screen-reader-text\">: Lindy re\u00e7oit \u00e0 nouveau la m\u00e9daille d\u2019argent EcoVadis en 2025<\/span><\/a><\/div><\/li>\n<\/ul>","protected":false},"excerpt":{"rendered":"<p>\u00ab\u00a0En tant qu&rsquo;entreprise familiale ayant plus de 90 ans d&rsquo;histoire, la responsabilit\u00e9 entrepreneuriale est profond\u00e9ment ancr\u00e9e dans nos valeurs et notre culture. Les relations durables et \u00e0 long terme bas\u00e9es sur les avantages mutuels avec les fournisseurs, les clients et les employ\u00e9s ont fait de Lindy ce que la soci\u00e9t\u00e9 est aujourd&rsquo;hui : un succ\u00e8s [&hellip;]<\/p>\n","protected":false},"author":21,"featured_media":4091,"parent":0,"menu_order":0,"comment_status":"closed","ping_status":"closed","template":"","meta":{"_acf_changed":false,"footnotes":""},"class_list":["post-4094","page","type-page","status-publish","has-post-thumbnail","hentry"],"acf":[],"yoast_head":"<!-- This site is optimized with the Yoast SEO plugin v26.6 - https:\/\/yoast.com\/wordpress\/plugins\/seo\/ -->\n<title>Lindy - CSR - French<\/title>\n<meta name=\"description\" content=\"La durabilit\u00e9, la RSE, la responsabilit\u00e9 produit et l&#039;engagement soci\u00e9tal sont au c\u0153ur de nos valeurs et de notre culture.\" \/>\n<meta name=\"robots\" content=\"index, follow, max-snippet:-1, max-image-preview:large, max-video-preview:-1\" \/>\n<link rel=\"canonical\" href=\"https:\/\/lindy.com\/fr\/csr\/\" \/>\n<meta property=\"og:locale\" content=\"fr_FR\" \/>\n<meta property=\"og:type\" content=\"article\" \/>\n<meta property=\"og:title\" content=\"Lindy - CSR - French\" \/>\n<meta property=\"og:description\" content=\"La durabilit\u00e9, la RSE, la responsabilit\u00e9 produit et l&#039;engagement soci\u00e9tal sont au c\u0153ur de nos valeurs et de notre culture.\" \/>\n<meta property=\"og:url\" content=\"https:\/\/lindy.com\/fr\/csr\/\" \/>\n<meta property=\"og:site_name\" content=\"Lindy - French\" \/>\n<meta property=\"article:modified_time\" content=\"2025-10-07T12:51:03+00:00\" \/>\n<meta property=\"og:image\" content=\"https:\/\/lindy.com\/fr\/wp-content\/uploads\/sites\/4\/2025\/03\/Lindy-Building-Night.png\" \/>\n\t<meta property=\"og:image:width\" content=\"1920\" \/>\n\t<meta property=\"og:image:height\" content=\"480\" \/>\n\t<meta property=\"og:image:type\" content=\"image\/png\" \/>\n<meta name=\"twitter:card\" content=\"summary_large_image\" \/>\n<meta name=\"twitter:label1\" content=\"Dur\u00e9e de lecture estim\u00e9e\" \/>\n\t<meta name=\"twitter:data1\" content=\"4 minutes\" \/>\n<script type=\"application\/ld+json\" class=\"yoast-schema-graph\">{\"@context\":\"https:\/\/schema.org\",\"@graph\":[{\"@type\":\"WebPage\",\"@id\":\"https:\/\/lindy.com\/fr\/csr\/\",\"url\":\"https:\/\/lindy.com\/fr\/csr\/\",\"name\":\"Lindy - CSR - French\",\"isPartOf\":{\"@id\":\"https:\/\/lindy.com\/fr\/#website\"},\"primaryImageOfPage\":{\"@id\":\"https:\/\/lindy.com\/fr\/csr\/#primaryimage\"},\"image\":{\"@id\":\"https:\/\/lindy.com\/fr\/csr\/#primaryimage\"},\"thumbnailUrl\":\"https:\/\/lindy.com\/fr\/wp-content\/uploads\/sites\/4\/2025\/03\/Lindy-Building-Night.png\",\"datePublished\":\"2025-04-01T09:08:50+00:00\",\"dateModified\":\"2025-10-07T12:51:03+00:00\",\"description\":\"La durabilit\u00e9, la RSE, la responsabilit\u00e9 produit et l'engagement soci\u00e9tal sont au c\u0153ur de nos valeurs et de notre culture.\",\"inLanguage\":\"fr-FR\",\"potentialAction\":[{\"@type\":\"ReadAction\",\"target\":[\"https:\/\/lindy.com\/fr\/csr\/\"]}]},{\"@type\":\"ImageObject\",\"inLanguage\":\"fr-FR\",\"@id\":\"https:\/\/lindy.com\/fr\/csr\/#primaryimage\",\"url\":\"https:\/\/lindy.com\/fr\/wp-content\/uploads\/sites\/4\/2025\/03\/Lindy-Building-Night.png\",\"contentUrl\":\"https:\/\/lindy.com\/fr\/wp-content\/uploads\/sites\/4\/2025\/03\/Lindy-Building-Night.png\",\"width\":1920,\"height\":480},{\"@type\":\"WebSite\",\"@id\":\"https:\/\/lindy.com\/fr\/#website\",\"url\":\"https:\/\/lindy.com\/fr\/\",\"name\":\"Lindy - French\",\"description\":\"Connection Perfection\",\"potentialAction\":[{\"@type\":\"SearchAction\",\"target\":{\"@type\":\"EntryPoint\",\"urlTemplate\":\"https:\/\/lindy.com\/fr\/?s={search_term_string}\"},\"query-input\":{\"@type\":\"PropertyValueSpecification\",\"valueRequired\":true,\"valueName\":\"search_term_string\"}}],\"inLanguage\":\"fr-FR\"}]}<\/script>\n<!-- \/ Yoast SEO plugin. -->","yoast_head_json":{"title":"Lindy - CSR - French","description":"La durabilit\u00e9, la RSE, la responsabilit\u00e9 produit et l'engagement soci\u00e9tal sont au c\u0153ur de nos valeurs et de notre culture.","robots":{"index":"index","follow":"follow","max-snippet":"max-snippet:-1","max-image-preview":"max-image-preview:large","max-video-preview":"max-video-preview:-1"},"canonical":"https:\/\/lindy.com\/fr\/csr\/","og_locale":"fr_FR","og_type":"article","og_title":"Lindy - CSR - French","og_description":"La durabilit\u00e9, la RSE, la responsabilit\u00e9 produit et l'engagement soci\u00e9tal sont au c\u0153ur de nos valeurs et de notre culture.","og_url":"https:\/\/lindy.com\/fr\/csr\/","og_site_name":"Lindy - French","article_modified_time":"2025-10-07T12:51:03+00:00","og_image":[{"width":1920,"height":480,"url":"https:\/\/lindy.com\/fr\/wp-content\/uploads\/sites\/4\/2025\/03\/Lindy-Building-Night.png","type":"image\/png"}],"twitter_card":"summary_large_image","twitter_misc":{"Dur\u00e9e de lecture estim\u00e9e":"4 minutes"},"schema":{"@context":"https:\/\/schema.org","@graph":[{"@type":"WebPage","@id":"https:\/\/lindy.com\/fr\/csr\/","url":"https:\/\/lindy.com\/fr\/csr\/","name":"Lindy - CSR - French","isPartOf":{"@id":"https:\/\/lindy.com\/fr\/#website"},"primaryImageOfPage":{"@id":"https:\/\/lindy.com\/fr\/csr\/#primaryimage"},"image":{"@id":"https:\/\/lindy.com\/fr\/csr\/#primaryimage"},"thumbnailUrl":"https:\/\/lindy.com\/fr\/wp-content\/uploads\/sites\/4\/2025\/03\/Lindy-Building-Night.png","datePublished":"2025-04-01T09:08:50+00:00","dateModified":"2025-10-07T12:51:03+00:00","description":"La durabilit\u00e9, la RSE, la responsabilit\u00e9 produit et l'engagement soci\u00e9tal sont au c\u0153ur de nos valeurs et de notre culture.","inLanguage":"fr-FR","potentialAction":[{"@type":"ReadAction","target":["https:\/\/lindy.com\/fr\/csr\/"]}]},{"@type":"ImageObject","inLanguage":"fr-FR","@id":"https:\/\/lindy.com\/fr\/csr\/#primaryimage","url":"https:\/\/lindy.com\/fr\/wp-content\/uploads\/sites\/4\/2025\/03\/Lindy-Building-Night.png","contentUrl":"https:\/\/lindy.com\/fr\/wp-content\/uploads\/sites\/4\/2025\/03\/Lindy-Building-Night.png","width":1920,"height":480},{"@type":"WebSite","@id":"https:\/\/lindy.com\/fr\/#website","url":"https:\/\/lindy.com\/fr\/","name":"Lindy - French","description":"Connection Perfection","potentialAction":[{"@type":"SearchAction","target":{"@type":"EntryPoint","urlTemplate":"https:\/\/lindy.com\/fr\/?s={search_term_string}"},"query-input":{"@type":"PropertyValueSpecification","valueRequired":true,"valueName":"search_term_string"}}],"inLanguage":"fr-FR"}]}},"_links":{"self":[{"href":"https:\/\/lindy.com\/fr\/wp-json\/wp\/v2\/pages\/4094","targetHints":{"allow":["GET"]}}],"collection":[{"href":"https:\/\/lindy.com\/fr\/wp-json\/wp\/v2\/pages"}],"about":[{"href":"https:\/\/lindy.com\/fr\/wp-json\/wp\/v2\/types\/page"}],"author":[{"embeddable":true,"href":"https:\/\/lindy.com\/fr\/wp-json\/wp\/v2\/users\/21"}],"replies":[{"embeddable":true,"href":"https:\/\/lindy.com\/fr\/wp-json\/wp\/v2\/comments?post=4094"}],"version-history":[{"count":9,"href":"https:\/\/lindy.com\/fr\/wp-json\/wp\/v2\/pages\/4094\/revisions"}],"predecessor-version":[{"id":6242,"href":"https:\/\/lindy.com\/fr\/wp-json\/wp\/v2\/pages\/4094\/revisions\/6242"}],"wp:featuredmedia":[{"embeddable":true,"href":"https:\/\/lindy.com\/fr\/wp-json\/wp\/v2\/media\/4091"}],"wp:attachment":[{"href":"https:\/\/lindy.com\/fr\/wp-json\/wp\/v2\/media?parent=4094"}],"curies":[{"name":"wp","href":"https:\/\/api.w.org\/{rel}","templated":true}]}}