{"id":4097,"date":"2025-04-01T09:43:32","date_gmt":"2025-04-01T09:43:32","guid":{"rendered":"https:\/\/lindy.com\/fr\/?page_id=4097"},"modified":"2026-01-05T12:36:21","modified_gmt":"2026-01-05T12:36:21","slug":"csr-foa","status":"publish","type":"page","link":"https:\/\/lindy.com\/fr\/csr-foa\/","title":{"rendered":"CSR-FoA"},"content":{"rendered":"\n<section class=\"wp-block-lindy-image-text-module section section--full-width-image full-width-image--with-text theme--dark section--animation-none align--center  font--size-small\" style=\"background-image:url()\"><img decoding=\"async\" class=\"full-width-image__image\" src=\"\"\/><div class=\"contained\"><div class=\"full-width-image__content\"><h2 class=\"section__heading\"><span>gestion <\/span><\/h2><h2 class=\"section__subheading section__subheading__title\">d&rsquo;entreprise<\/h2><p class=\"section__paragraph\"><br\/>La responsabilit\u00e9 entrepreneuriale est profond\u00e9ment ancr\u00e9e dans les valeurs et la culture d&rsquo;entreprise de Lindy. Nous assumons nos responsabilit\u00e9s et contribuons, dans la mesure de nos moyens et de nos domaines d&rsquo;influence, au bien-\u00eatre et au d\u00e9veloppement durable de la soci\u00e9t\u00e9 dans le monde entier. La fiabilit\u00e9 et la transparence font partie int\u00e9grante de Lindy, au m\u00eame titre que notre nom, notre logo et la qualit\u00e9 de nos services et de nos produits.<br\/><br\/>Le respect, l&rsquo;\u00e9quit\u00e9 et la fiabilit\u00e9 dans nos interactions quotidiennes avec les clients, les partenaires, les employ\u00e9s et les coll\u00e8gues font partie des normes \u00e9thiques les plus importantes et les plus fondamentales que nous d\u00e9fendons.<br\/><br\/>\u2022 <strong><a href=\"https:\/\/lindy.com\/fr\/notre-philosophie\/#valeurs\" target=\"_blank\" rel=\"noreferrer noopener\">Les valeurs de Lindy<\/a><\/strong><br\/>\u2022 <strong><a href=\"https:\/\/lindy.com\/fr\/conformite\/#responsabilite\" target=\"_blank\" rel=\"noreferrer noopener\">Code de conduite pour la responsabilit\u00e9 sociale<\/a><\/strong><br\/>\u2022 <strong><a href=\"https:\/\/lindy.com\/fr\/history\/\" target=\"_blank\" rel=\"noreferrer noopener\">Histoire &amp; succession<\/a><\/strong><\/p><a href=\"..\/csr\/#hf\" class=\"button button--white-transparent\" target=\"_self\" rel=\"noopener noreferrer\">Retour \u00e0 la page d&rsquo;accueil<\/a><\/div><\/div><\/section>\n\n\n\n<section id=\"products\" class=\"wp-block-lindy-anchor-section section section--anchor\"><\/section>\n\n\n\n<section class=\"wp-block-lindy-image-text-module section section--full-width-image full-width-image--with-text theme--light section--animation-none align--left  font--size-small width--half\" style=\"background-image:url()\"><img decoding=\"async\" class=\"full-width-image__image\" src=\"\"\/><div class=\"contained\"><div class=\"full-width-image__content\"><h2 class=\"section__heading\"><span>RESPONSABILIT\u00c9<\/span><\/h2><h2 class=\"section__subheading section__subheading__title\">DES PRODUITS<\/h2><p class=\"section__paragraph\"><br\/>Notre objectif est de fournir des produits innovants qui r\u00e9pondent aux demandes du march\u00e9 tout en accordant une grande importance \u00e0 la durabilit\u00e9 \u00e9cologique. En cr\u00e9ant un \u00e9quilibre entre la technologie et la durabilit\u00e9, nous veillons \u00e0 ce que chaque produit Lindy soit conforme \u00e0 des normes juridiques et environnementales strictes, en mettant l&rsquo;accent sur la s\u00e9curit\u00e9 des consommateurs, l&rsquo;efficacit\u00e9 \u00e9nerg\u00e9tique et la recyclabilit\u00e9. Nos processus de conformit\u00e9 \u00e9prouv\u00e9s garantissent le respect des directives et des r\u00e9glementations, refl\u00e9tant notre engagement \u00e0 minimiser l&rsquo;impact sur l&rsquo;environnement et \u00e0 pr\u00e9server le bien-\u00eatre des consommateurs.<br\/><br\/>Nous sommes conscients des d\u00e9fis auxquels notre industrie est confront\u00e9e pour concilier technologie de pointe et d\u00e9veloppement durable, et nous nous effor\u00e7ons en permanence de rendre notre offre de produits aussi durable que possible. Chez Lindy, nous nous effor\u00e7ons toujours d&rsquo;offrir des produits de haute qualit\u00e9, s\u00fbrs et durables qui r\u00e9pondent aux besoins de nos clients et de l&rsquo;environnement.<br\/><br\/>\u2022   <a href=\"https:\/\/lindy.com\/fr\/conformite\/#CONFORMIT%C3%89-DES-PRODUITS\" target=\"_blank\" rel=\"noreferrer noopener\"><strong>Conformit\u00e9 des produits<\/strong><\/a><br\/>\u2022   <strong><a href=\"https:\/\/lindy.com\/fr\/conformite\/#reach\" target=\"_blank\" rel=\"noreferrer noopener\">EU REACH et POP &#8211; Base de donn\u00e9es SCIP<\/a><\/strong><br\/>\u2022   <a href=\"https:\/\/lindy.com\/fr\/conformite\/#minerais\" target=\"_blank\" rel=\"noreferrer noopener\"><strong>Minerais issus de zone de conflit<\/strong><\/a><br\/>  <\/p><a href=\"..\/csr\/#hf\" class=\"button button--dark\" target=\"_self\" rel=\"noopener noreferrer\">Retour \u00e0 la page d&rsquo;accueil<\/a><\/div><\/div><\/section>\n\n\n\n<section class=\"wp-block-lindy-image-text-module section section--full-width-image full-width-image--with-text theme--light section--animation-none align--left  font--size-medium width--half\" style=\"background-image:url(https:\/\/lindy.com\/de\/wp-content\/uploads\/sites\/3\/2024\/12\/Produktverantwortung_HW.png)\"><img decoding=\"async\" class=\"full-width-image__image\" src=\"https:\/\/lindy.com\/de\/wp-content\/uploads\/sites\/3\/2024\/12\/Produktverantwortung_HW.png\"\/><div class=\"contained\"><div class=\"full-width-image__content\"><\/div><\/div><\/section>\n\n\n\n<section id=\"supply-chain\" class=\"wp-block-lindy-anchor-section section section--anchor\"><\/section>\n\n\n\n<section class=\"wp-block-lindy-image-text-module section section--full-width-image full-width-image--with-text theme--light section--animation-none align--left  font--size-medium width--half\" style=\"background-image:url(https:\/\/lindy.com\/de\/wp-content\/uploads\/sites\/3\/2024\/12\/Half-Width-image.png)\"><img decoding=\"async\" class=\"full-width-image__image\" src=\"https:\/\/lindy.com\/de\/wp-content\/uploads\/sites\/3\/2024\/12\/Half-Width-image.png\"\/><div class=\"contained\"><div class=\"full-width-image__content\"><\/div><\/div><\/section>\n\n\n\n<section class=\"wp-block-lindy-image-text-module section section--full-width-image full-width-image--with-text theme--light section--animation-none align--left  font--size-small width--half\" style=\"background-image:url()\"><img decoding=\"async\" class=\"full-width-image__image\" src=\"\"\/><div class=\"contained\"><div class=\"full-width-image__content\"><h2 class=\"section__heading\"><span>CHA\u00ceNE D&rsquo;APPROVISIONNEMENT &amp; <\/span><\/h2><h2 class=\"section__subheading section__subheading__title\">Sourcing<\/h2><p class=\"section__paragraph\"><br\/>Pour garantir la protection des droits de l&rsquo;homme et de l&rsquo;environnement tout au long de notre cha\u00eene de valeur, nous visons une transparence totale de notre cha\u00eene d&rsquo;approvisionnement. Les relations personnelles et de confiance avec nos fabricants et nos partenaires sont d&rsquo;une importance capitale.<br\/><br\/>Notre vaste gamme de produits, comprenant plus de 2 000 articles de c\u00e2blage et d&rsquo;\u00e9lectronique, est fabriqu\u00e9e selon nos sp\u00e9cifications \u00e0 Ta\u00efwan et en Chine. En raison de la complexit\u00e9 des cha\u00eenes d&rsquo;approvisionnement, en particulier pour les produits \u00e9lectroniques, l&rsquo;approvisionnement en mati\u00e8res premi\u00e8res s&rsquo;\u00e9tend souvent au-del\u00e0 de notre influence directe et implique de multiples \u00e9tapes avant d&rsquo;atteindre les fonderies ou les producteurs de m\u00e9taux.<br\/><br\/>En collaboration avec nos fournisseurs, nous nous engageons \u00e0 assurer et \u00e0 promouvoir le respect des droits de l&rsquo;homme et la protection de l&rsquo;environnement dans la mesure de nos moyens et de nos domaines d&rsquo;influence.<br\/><br\/>\u2022 <a href=\"https:\/\/lindy.com\/fr\/conformite\/#minerais\" target=\"_blank\" rel=\"noreferrer noopener\"><strong>Minerais issus de zone de conflit<\/strong><\/a><br\/>\u2022 <strong><a href=\"https:\/\/lindy.com\/fr\/conformite\/#responsabilite\" target=\"_blank\" rel=\"noreferrer noopener\">Code de conduite pour la responsabilit\u00e9 sociale d&rsquo;entreprise<\/a><\/strong><\/p><a href=\"..\/csr\/#hf\" class=\"button button--dark\" target=\"_self\" rel=\"noopener noreferrer\">Retour \u00e0 la page d&rsquo;accueil\n<\/a><\/div><\/div><\/section>\n\n\n\n<section id=\"environment\" class=\"wp-block-lindy-anchor-section section section--anchor\"><\/section>\n\n\n\n<section class=\"wp-block-lindy-image-text-module section section--full-width-image full-width-image--with-text theme--dark section--animation-none align--left  font--size-small width--half\" style=\"background-image:url()\"><img decoding=\"async\" class=\"full-width-image__image\" src=\"\"\/><div class=\"contained\"><div class=\"full-width-image__content\"><h2 class=\"section__heading\"><span>RESPONSABILIT\u00c9<\/span><\/h2><h2 class=\"section__subheading section__subheading__title\">ENVIRONNEMENTAL<\/h2><p class=\"section__paragraph\"><br\/>Nous sommes conscients de notre responsabilit\u00e9 \u00e0 l&rsquo;\u00e9gard de l&rsquo;environnement et de la plan\u00e8te, et nous nous concentrons sur des solutions durables et \u00e9conomes en ressources dans tous les domaines de notre activit\u00e9.<br\/><br\/>Lindy s&rsquo;efforce en permanence de r\u00e9duire son empreinte \u00e9cologique gr\u00e2ce \u00e0 des processus plus efficaces sur le plan \u00e9nerg\u00e9tique, \u00e0 des emballages \u00e9conomes en ressources et \u00e0 des solutions de produits respectueuses de l&rsquo;environnement. Le recyclage et la r\u00e9duction des d\u00e9chets font tout autant partie de notre engagement environnemental que la promotion des technologies durables et le maintien d&rsquo;un si\u00e8ge social respectueux de l&rsquo;environnement. Nous sommes convaincus que la r\u00e9ussite \u00e9conomique et la sensibilisation \u00e0 l&rsquo;environnement peuvent aller de pair, et nous nous effor\u00e7ons en permanence d&rsquo;apporter une contribution positive \u00e0 l&rsquo;avenir de notre plan\u00e8te.<br\/><br\/>\u2022 <strong><a href=\"#products\">Responsabilit\u00e9 des produits<\/a><\/strong><br\/>\u2022 <a href=\"https:\/\/lindy.com\/fr\/csr-packaging\/\" target=\"_blank\" rel=\"noreferrer noopener\"><strong>Emballage responsables<\/strong><\/a><br\/>\u2022 <a href=\".\/CSR-MA\/\"><strong>Si\u00e8ge social \u00e0 Mannheim<\/strong><\/a> <br\/><br\/><\/p><a href=\"..\/csr\/#hf\" class=\"button button--white-transparent\" target=\"_self\" rel=\"noopener noreferrer\">Retour \u00e0 la page d&rsquo;accueil<\/a><\/div><\/div><\/section>\n\n\n\n<section class=\"wp-block-lindy-image-text-module section section--full-width-image full-width-image--with-text theme--dark section--animation-none align--left  font--size-medium width--half\" style=\"background-image:url(https:\/\/lindy.com\/de\/wp-content\/uploads\/sites\/3\/2024\/10\/3.png)\"><img decoding=\"async\" class=\"full-width-image__image\" src=\"https:\/\/lindy.com\/de\/wp-content\/uploads\/sites\/3\/2024\/10\/3.png\"\/><div class=\"contained\"><div class=\"full-width-image__content\"><\/div><\/div><\/section>\n\n\n\n<section id=\"employees\" class=\"wp-block-lindy-anchor-section section section--anchor\"><\/section>\n\n\n\n<section class=\"wp-block-lindy-image-text-module section section--full-width-image full-width-image--with-text theme--light section--animation-none align--left  font--size-small width--half\" style=\"background-image:url(https:\/\/lindy.com\/fr\/wp-content\/uploads\/sites\/4\/2025\/04\/Team.jpg)\"><img decoding=\"async\" class=\"full-width-image__image\" src=\"https:\/\/lindy.com\/fr\/wp-content\/uploads\/sites\/4\/2025\/04\/Team.jpg\"\/><div class=\"contained\"><div class=\"full-width-image__content\"><\/div><\/div><\/section>\n\n\n\n<section class=\"wp-block-lindy-image-text-module section section--full-width-image full-width-image--with-text theme--light section--animation-none align--left  font--size-small width--half\" style=\"background-image:url()\"><img decoding=\"async\" class=\"full-width-image__image\" src=\"\"\/><div class=\"contained\"><div class=\"full-width-image__content\"><h2 class=\"section__heading\"><span>L&rsquo;\u00c9quipe <\/span><\/h2><h2 class=\"section__subheading section__subheading__title\">lindy<\/h2><p class=\"section__paragraph\"><br\/>Notre objectif n&rsquo;est pas seulement d&rsquo;attirer les gens \u00e0 Lindy \u00e0 court terme, mais de les inspirer \u00e0 long terme. Chez Lindy, personne n&rsquo;est un simple num\u00e9ro ; chacun est une personne aux multiples facettes et une partie importante du tableau principal.<br\/><br\/>Nous adoptons une culture du feedback appr\u00e9ciatif et des hi\u00e9rarchies horizontales. Nous offrons la possibilit\u00e9 d&rsquo;assumer des responsabilit\u00e9s et d&rsquo;orienter activement les progr\u00e8s. Nous investissons dans un environnement de travail attrayant o\u00f9 chacun peut contribuer pleinement et se d\u00e9velopper en fonction de ses comp\u00e9tences et de ses int\u00e9r\u00eats. En retour, nous recherchons des collaborateurs qui se sentent li\u00e9s \u00e0 long terme \u00e0 l&rsquo;entreprise et qui s&rsquo;engagent \u00e0 contribuer activement au succ\u00e8s de l&rsquo;entreprise au quotidien.<br\/><br\/>\u2022 <strong><a href=\".\/CSR-DIVERSITY\/\">Diversit\u00e9 et \u00e9galit\u00e9 des chances<\/a><\/strong><br\/>\u2022 <strong><a href=\"https:\/\/lindy.com\/fr\/hr\/\" target=\"_blank\" rel=\"noreferrer noopener\">Faire partie de l&rsquo;\u00e9quipe Lindy<\/a><\/strong><br\/><br\/><\/p><a href=\"..\/csr\/#hf\" class=\"button button--dark\" target=\"_self\" rel=\"noopener noreferrer\">Retour sur la page d&rsquo;accueil<\/a><\/div><\/div><\/section>\n\n\n\n<section id=\"society\" class=\"wp-block-lindy-anchor-section section section--anchor\"><\/section>\n\n\n\n<section class=\"wp-block-lindy-image-text-module section section--full-width-image full-width-image--with-text theme--dark section--animation-none align--left  font--size-small width--half\" style=\"background-image:url()\"><img decoding=\"async\" class=\"full-width-image__image\" src=\"\"\/><div class=\"contained\"><div class=\"full-width-image__content\"><h2 class=\"section__heading\"><span>ENGAGEMENT<\/span><\/h2><h2 class=\"section__subheading section__subheading__title\">SOCIAL<\/h2><p class=\"section__paragraph\"><br\/>Nous consid\u00e9rons l&rsquo;engagement social non seulement comme faisant partie de notre responsabilit\u00e9 d&rsquo;entreprise, mais aussi comme une tradition vivante au sein de la famille fondatrice. C&rsquo;est sur la base de cette tradition que la Lindy Foundation gGmbH a \u00e9t\u00e9 cr\u00e9\u00e9e en 2011. Au fil des ans, nous avons \u00e9t\u00e9 en mesure de soutenir une vari\u00e9t\u00e9 de projets dans le monde entier par le biais de la Fondation Lindy, apportant ainsi une contribution positive \u00e0 la soci\u00e9t\u00e9.<br\/><br\/>Les objectifs de la Fondation Lindy sont vari\u00e9s et comprennent la promotion des soins aux jeunes et aux personnes \u00e2g\u00e9es, le soutien aux personnes dans le besoin, la promotion de l&rsquo;aide au d\u00e9veloppement, la culture, l&rsquo;\u00e9ducation et la protection des animaux.<br\/><br\/>\u2022 <strong><a href=\".\/CSR-Foundation\/\">La Fondation Lindy<\/a><\/strong><\/p><a href=\"..\/csr\/#hf\" class=\"button button--white-transparent\" target=\"_self\" rel=\"noopener noreferrer\">Retour \u00e0 la page d&rsquo;accueil<\/a><\/div><\/div><\/section>\n\n\n\n<section class=\"wp-block-lindy-image-text-module section section--full-width-image full-width-image--with-text theme--light section--animation-none align--left  font--size-small width--half\" style=\"background-image:url(https:\/\/lindy.com\/de\/wp-content\/uploads\/sites\/3\/2024\/10\/6.png)\"><img decoding=\"async\" class=\"full-width-image__image\" src=\"https:\/\/lindy.com\/de\/wp-content\/uploads\/sites\/3\/2024\/10\/6.png\"\/><div class=\"contained\"><div class=\"full-width-image__content\"><\/div><\/div><\/section>\n","protected":false},"excerpt":{"rendered":"","protected":false},"author":21,"featured_media":0,"parent":0,"menu_order":0,"comment_status":"closed","ping_status":"closed","template":"page-templates\/template-landing.php","meta":{"_acf_changed":false,"footnotes":""},"class_list":["post-4097","page","type-page","status-publish","hentry"],"acf":[],"yoast_head":"<!-- This site is optimized with the Yoast SEO plugin v26.6 - https:\/\/yoast.com\/wordpress\/plugins\/seo\/ -->\n<title>CSR-FoA - Lindy - French<\/title>\n<meta name=\"robots\" content=\"index, follow, max-snippet:-1, max-image-preview:large, max-video-preview:-1\" \/>\n<link rel=\"canonical\" href=\"https:\/\/lindy.com\/fr\/csr-foa\/\" \/>\n<meta property=\"og:locale\" content=\"fr_FR\" \/>\n<meta property=\"og:type\" content=\"article\" \/>\n<meta property=\"og:title\" content=\"CSR-FoA - Lindy - French\" \/>\n<meta property=\"og:url\" content=\"https:\/\/lindy.com\/fr\/csr-foa\/\" \/>\n<meta property=\"og:site_name\" content=\"Lindy - French\" \/>\n<meta property=\"article:modified_time\" content=\"2026-01-05T12:36:21+00:00\" \/>\n<meta property=\"og:image\" content=\"https:\/\/lindy.com\/de\/wp-content\/uploads\/sites\/3\/2024\/12\/Produktverantwortung_HW.png\" \/>\n<meta name=\"twitter:card\" content=\"summary_large_image\" \/>\n<meta name=\"twitter:label1\" content=\"Dur\u00e9e de lecture estim\u00e9e\" \/>\n\t<meta name=\"twitter:data1\" content=\"7 minutes\" \/>\n<script type=\"application\/ld+json\" class=\"yoast-schema-graph\">{\"@context\":\"https:\/\/schema.org\",\"@graph\":[{\"@type\":\"WebPage\",\"@id\":\"https:\/\/lindy.com\/fr\/csr-foa\/\",\"url\":\"https:\/\/lindy.com\/fr\/csr-foa\/\",\"name\":\"CSR-FoA - Lindy - French\",\"isPartOf\":{\"@id\":\"https:\/\/lindy.com\/fr\/#website\"},\"primaryImageOfPage\":{\"@id\":\"https:\/\/lindy.com\/fr\/csr-foa\/#primaryimage\"},\"image\":{\"@id\":\"https:\/\/lindy.com\/fr\/csr-foa\/#primaryimage\"},\"thumbnailUrl\":\"https:\/\/lindy.com\/de\/wp-content\/uploads\/sites\/3\/2024\/12\/Produktverantwortung_HW.png\",\"datePublished\":\"2025-04-01T09:43:32+00:00\",\"dateModified\":\"2026-01-05T12:36:21+00:00\",\"breadcrumb\":{\"@id\":\"https:\/\/lindy.com\/fr\/csr-foa\/#breadcrumb\"},\"inLanguage\":\"fr-FR\",\"potentialAction\":[{\"@type\":\"ReadAction\",\"target\":[\"https:\/\/lindy.com\/fr\/csr-foa\/\"]}]},{\"@type\":\"ImageObject\",\"inLanguage\":\"fr-FR\",\"@id\":\"https:\/\/lindy.com\/fr\/csr-foa\/#primaryimage\",\"url\":\"https:\/\/lindy.com\/de\/wp-content\/uploads\/sites\/3\/2024\/12\/Produktverantwortung_HW.png\",\"contentUrl\":\"https:\/\/lindy.com\/de\/wp-content\/uploads\/sites\/3\/2024\/12\/Produktverantwortung_HW.png\"},{\"@type\":\"BreadcrumbList\",\"@id\":\"https:\/\/lindy.com\/fr\/csr-foa\/#breadcrumb\",\"itemListElement\":[{\"@type\":\"ListItem\",\"position\":1,\"name\":\"Home\",\"item\":\"https:\/\/lindy.com\/fr\/\"},{\"@type\":\"ListItem\",\"position\":2,\"name\":\"CSR-FoA\"}]},{\"@type\":\"WebSite\",\"@id\":\"https:\/\/lindy.com\/fr\/#website\",\"url\":\"https:\/\/lindy.com\/fr\/\",\"name\":\"Lindy - French\",\"description\":\"Connection Perfection\",\"potentialAction\":[{\"@type\":\"SearchAction\",\"target\":{\"@type\":\"EntryPoint\",\"urlTemplate\":\"https:\/\/lindy.com\/fr\/?s={search_term_string}\"},\"query-input\":{\"@type\":\"PropertyValueSpecification\",\"valueRequired\":true,\"valueName\":\"search_term_string\"}}],\"inLanguage\":\"fr-FR\"}]}<\/script>\n<!-- \/ Yoast SEO plugin. -->","yoast_head_json":{"title":"CSR-FoA - Lindy - French","robots":{"index":"index","follow":"follow","max-snippet":"max-snippet:-1","max-image-preview":"max-image-preview:large","max-video-preview":"max-video-preview:-1"},"canonical":"https:\/\/lindy.com\/fr\/csr-foa\/","og_locale":"fr_FR","og_type":"article","og_title":"CSR-FoA - Lindy - French","og_url":"https:\/\/lindy.com\/fr\/csr-foa\/","og_site_name":"Lindy - French","article_modified_time":"2026-01-05T12:36:21+00:00","og_image":[{"url":"https:\/\/lindy.com\/de\/wp-content\/uploads\/sites\/3\/2024\/12\/Produktverantwortung_HW.png","type":"","width":"","height":""}],"twitter_card":"summary_large_image","twitter_misc":{"Dur\u00e9e de lecture estim\u00e9e":"7 minutes"},"schema":{"@context":"https:\/\/schema.org","@graph":[{"@type":"WebPage","@id":"https:\/\/lindy.com\/fr\/csr-foa\/","url":"https:\/\/lindy.com\/fr\/csr-foa\/","name":"CSR-FoA - Lindy - French","isPartOf":{"@id":"https:\/\/lindy.com\/fr\/#website"},"primaryImageOfPage":{"@id":"https:\/\/lindy.com\/fr\/csr-foa\/#primaryimage"},"image":{"@id":"https:\/\/lindy.com\/fr\/csr-foa\/#primaryimage"},"thumbnailUrl":"https:\/\/lindy.com\/de\/wp-content\/uploads\/sites\/3\/2024\/12\/Produktverantwortung_HW.png","datePublished":"2025-04-01T09:43:32+00:00","dateModified":"2026-01-05T12:36:21+00:00","breadcrumb":{"@id":"https:\/\/lindy.com\/fr\/csr-foa\/#breadcrumb"},"inLanguage":"fr-FR","potentialAction":[{"@type":"ReadAction","target":["https:\/\/lindy.com\/fr\/csr-foa\/"]}]},{"@type":"ImageObject","inLanguage":"fr-FR","@id":"https:\/\/lindy.com\/fr\/csr-foa\/#primaryimage","url":"https:\/\/lindy.com\/de\/wp-content\/uploads\/sites\/3\/2024\/12\/Produktverantwortung_HW.png","contentUrl":"https:\/\/lindy.com\/de\/wp-content\/uploads\/sites\/3\/2024\/12\/Produktverantwortung_HW.png"},{"@type":"BreadcrumbList","@id":"https:\/\/lindy.com\/fr\/csr-foa\/#breadcrumb","itemListElement":[{"@type":"ListItem","position":1,"name":"Home","item":"https:\/\/lindy.com\/fr\/"},{"@type":"ListItem","position":2,"name":"CSR-FoA"}]},{"@type":"WebSite","@id":"https:\/\/lindy.com\/fr\/#website","url":"https:\/\/lindy.com\/fr\/","name":"Lindy - French","description":"Connection Perfection","potentialAction":[{"@type":"SearchAction","target":{"@type":"EntryPoint","urlTemplate":"https:\/\/lindy.com\/fr\/?s={search_term_string}"},"query-input":{"@type":"PropertyValueSpecification","valueRequired":true,"valueName":"search_term_string"}}],"inLanguage":"fr-FR"}]}},"_links":{"self":[{"href":"https:\/\/lindy.com\/fr\/wp-json\/wp\/v2\/pages\/4097","targetHints":{"allow":["GET"]}}],"collection":[{"href":"https:\/\/lindy.com\/fr\/wp-json\/wp\/v2\/pages"}],"about":[{"href":"https:\/\/lindy.com\/fr\/wp-json\/wp\/v2\/types\/page"}],"author":[{"embeddable":true,"href":"https:\/\/lindy.com\/fr\/wp-json\/wp\/v2\/users\/21"}],"replies":[{"embeddable":true,"href":"https:\/\/lindy.com\/fr\/wp-json\/wp\/v2\/comments?post=4097"}],"version-history":[{"count":20,"href":"https:\/\/lindy.com\/fr\/wp-json\/wp\/v2\/pages\/4097\/revisions"}],"predecessor-version":[{"id":7022,"href":"https:\/\/lindy.com\/fr\/wp-json\/wp\/v2\/pages\/4097\/revisions\/7022"}],"wp:attachment":[{"href":"https:\/\/lindy.com\/fr\/wp-json\/wp\/v2\/media?parent=4097"}],"curies":[{"name":"wp","href":"https:\/\/api.w.org\/{rel}","templated":true}]}}