{"id":4108,"date":"2025-04-01T11:59:13","date_gmt":"2025-04-01T11:59:13","guid":{"rendered":"https:\/\/lindy.com\/fr\/?page_id=4108"},"modified":"2025-06-05T09:12:20","modified_gmt":"2025-06-05T09:12:20","slug":"csr-foundation","status":"publish","type":"page","link":"https:\/\/lindy.com\/fr\/csr-foundation\/","title":{"rendered":"CSR-Foundation"},"content":{"rendered":"\n<section class=\"wp-block-lindy-image-text-module section section--full-width-image full-width-image--with-text theme--light section--animation-none align--left  font--size-medium width--half\" style=\"background-image:url()\"><img decoding=\"async\" class=\"full-width-image__image\" src=\"\"\/><div class=\"contained\"><div class=\"full-width-image__content\"><h2 class=\"section__heading\"><span>LA FONDATION LINDY<\/span><\/h2><h2 class=\"section__subheading section__subheading__title\"><br\/><\/h2><p class=\"section__paragraph\">Chez Lindy, l&rsquo;engagement social est une tradition profond\u00e9ment ancr\u00e9e, \u00e0 la fois dans le cadre de la responsabilit\u00e9 de l&rsquo;entreprise et au niveau personnel au sein de la famille entrepreneuriale et parmi les employ\u00e9s. C&rsquo;est dans cet esprit que Klaus et Ilse Lindenberg ont cr\u00e9\u00e9 la Fondation Lindy (Lindy Stiftung gGmbH) en 2011. La fondation soutient directement et exclusivement des causes caritatives.<br\/><br\/>Les objectifs de la fondation sont vari\u00e9s et comprennent la promotion du d\u00e9veloppement de la jeunesse, les soins aux personnes \u00e2g\u00e9es, l&rsquo;assistance aux personnes dans le besoin, le soutien \u00e0 l&rsquo;aide au d\u00e9veloppement, la culture, l&rsquo;\u00e9ducation et le bien-\u00eatre des animaux.<br\/><br\/>Les ressources de la fondation proviennent principalement de sa participation dans Lindy-Elektronik GmbH, ainsi que de dons directs \u00e0 la Fondation Lindy.<\/p><\/div><\/div><\/section>\n\n\n\n<section class=\"wp-block-lindy-image-text-module section section--full-width-image full-width-image--with-text theme--dark section--animation-none align--left  font--size-medium width--half\" style=\"background-image:url(https:\/\/lindy.com\/de\/wp-content\/uploads\/sites\/3\/2025\/01\/Stiftung-collage-2-HW.png)\"><img decoding=\"async\" class=\"full-width-image__image\" src=\"https:\/\/lindy.com\/de\/wp-content\/uploads\/sites\/3\/2025\/01\/Stiftung-collage-2-HW.png\"\/><div class=\"contained\"><div class=\"full-width-image__content\"><\/div><\/div><\/section>\n\n\n\n<section class=\"wp-block-lindy-image-text-module section section--full-width-image full-width-image--with-text theme--dark section--animation-none align--left  font--size-medium width--half\" style=\"background-image:url(https:\/\/lindy.com\/de\/wp-content\/uploads\/sites\/3\/2025\/01\/Stiftung-collage-1-HW.png)\"><img decoding=\"async\" class=\"full-width-image__image\" src=\"https:\/\/lindy.com\/de\/wp-content\/uploads\/sites\/3\/2025\/01\/Stiftung-collage-1-HW.png\"\/><div class=\"contained\"><div class=\"full-width-image__content\"><\/div><\/div><\/section>\n\n\n\n<section class=\"wp-block-lindy-image-text-module section section--full-width-image full-width-image--with-text theme--dark section--animation-none align--left  font--size-medium width--half\" style=\"background-image:url()\"><img decoding=\"async\" class=\"full-width-image__image\" src=\"\"\/><div class=\"contained\"><div class=\"full-width-image__content\"><p class=\"section__paragraph\">Au fil des ans, la Fondation Lindy a soutenu des projets dans le monde entier, conform\u00e9ment \u00e0 ses objectifs caritatifs. Une attention particuli\u00e8re est accord\u00e9e au soutien continu d&rsquo;organisations \u00e0 but non lucratif dans lesquelles les membres de la famille fondatrice sont personnellement impliqu\u00e9s.<br\/><br\/>En outre, la fondation soutient des initiatives et des organisations en cas de crises aigu\u00ebs, telles que la pand\u00e9mie de COVID-19 ou la guerre en Ukraine, ainsi qu&rsquo;en cas de catastrophes humanitaires et environnementales. Afin d&rsquo;apporter une aide dans des situations urgentes sans n\u00e9gliger d&rsquo;autres crises, nous soutenons d\u00e9lib\u00e9r\u00e9ment des organisations op\u00e9rant dans des zones de crise moins connues mais tout aussi n\u00e9cessaires.<br\/><br\/>Dans le cadre des appels \u00e0 dons annuels, les employ\u00e9s de Lindy ont \u00e9galement la possibilit\u00e9 de d\u00e9signer des organisations et des projets qui leur tiennent personnellement \u00e0 c\u0153ur.<\/p><a href=\".\/csr-FOA\/#society\" class=\"button button--white-transparent\" target=\"_self\" rel=\"noopener noreferrer\">retour<\/a><\/div><\/div><\/section>\n\n\n\n<section id=\"toc\" class=\"wp-block-lindy-anchor-section section section--anchor\"><\/section>\n\n\n\n<section id=\"nyota\" class=\"wp-block-lindy-anchor-section section section--anchor\"><\/section>\n\n\n\n<section class=\"wp-block-lindy-image-text-module section section--full-width-image full-width-image--with-text theme--light section--animation-none align--left  font--size-small width--half\" style=\"background-image:url()\"><img decoding=\"async\" class=\"full-width-image__image\" src=\"\"\/><div class=\"contained\"><div class=\"full-width-image__content\"><h2 class=\"section__heading\"><span><strong>N<\/strong>OS PROJETS DE FINANCEMENT R\u00c9GULIERS<br\/><br\/><br\/><br\/>Nyota<\/span><\/h2><p class=\"section__paragraph\"><br\/>L&rsquo;organisation Nyota e.V., bas\u00e9e \u00e0 Mannheim, g\u00e8re une garderie dans l&rsquo;ouest du Kenya, o\u00f9 elle s&rsquo;occupe d&rsquo;enfants orphelins et les pr\u00e9pare linguistiquement \u00e0 l&rsquo;\u00e9cole. En outre, l&rsquo;organisation soutient les petits exploitants agricoles en organisant des ateliers gratuits sur l&rsquo;agriculture durable dans le cadre du Nyota Community Empowerment Program, qui facilite le transfert de connaissances et la cr\u00e9ation de r\u00e9seaux.<br\/>La Fondation Lindy soutient le travail avec les enfants orphelins, le d\u00e9veloppement du jardin scolaire biologique pour approvisionner la garderie, et le programme d&rsquo;autonomisation dans le but de promouvoir l&rsquo;autosuffisance.<br\/><br\/>\u2022 <strong><a href=\"https:\/\/nyota-ev.de\/\" target=\"_blank\" rel=\"noreferrer noopener\">nyota-ev.de<\/a><\/strong><\/p><\/div><\/div><\/section>\n\n\n\n<section class=\"wp-block-lindy-image-text-module section section--full-width-image full-width-image--with-text theme--light section--animation-none align--left  font--size-medium width--half\" style=\"background-image:url(https:\/\/lindy.com\/eu\/wp-content\/uploads\/sites\/10\/2025\/03\/Nyota_Gruppenbild1.png)\"><img decoding=\"async\" class=\"full-width-image__image\" src=\"https:\/\/lindy.com\/eu\/wp-content\/uploads\/sites\/10\/2025\/03\/Nyota_Gruppenbild1.png\"\/><div class=\"contained\"><div class=\"full-width-image__content\"><\/div><\/div><\/section>\n\n\n\n<section id=\"kibare\" class=\"wp-block-lindy-anchor-section section section--anchor\"><\/section>\n\n\n\n<section class=\"wp-block-lindy-image-text-module section section--full-width-image full-width-image--with-text theme--light section--animation-none align--left  font--size-medium width--half\" style=\"background-image:url(https:\/\/lindy.com\/de\/wp-content\/uploads\/sites\/3\/2024\/07\/Kibare-2.png)\"><img decoding=\"async\" class=\"full-width-image__image\" src=\"https:\/\/lindy.com\/de\/wp-content\/uploads\/sites\/3\/2024\/07\/Kibare-2.png\"\/><div class=\"contained\"><div class=\"full-width-image__content\"><\/div><\/div><\/section>\n\n\n\n<section class=\"wp-block-lindy-image-text-module section section--full-width-image full-width-image--with-text theme--dark section--animation-none align--left  font--size-small width--half\" style=\"background-image:url()\"><img decoding=\"async\" class=\"full-width-image__image\" src=\"\"\/><div class=\"contained\"><div class=\"full-width-image__content\"><h2 class=\"section__heading\"><span>Kibar\u00e9<\/span><\/h2><p class=\"section__paragraph\"><br\/>L&rsquo;organisation \u00e0 but non lucratif Kibar\u00e9 Onlus, bas\u00e9e \u00e0 C\u00f4me, en Italie, est engag\u00e9e dans l&rsquo;aide au d\u00e9veloppement au Burkina Faso. En collaboration avec des partenaires locaux, elle met en \u0153uvre des projets dans les domaines de l&rsquo;\u00e9ducation, de la nutrition et de la sant\u00e9.<br\/>Gr\u00e2ce au soutien de la Fondation Lindy, plusieurs projets de l&rsquo;organisation ont \u00e9t\u00e9 financ\u00e9s ces derni\u00e8res ann\u00e9es. Plus r\u00e9cemment, l&rsquo;accent a \u00e9t\u00e9 mis sur l&rsquo;initiative Fili di Luce &#8211; un centre de formation pour la production et la transformation des tissus traditionnels Faso-Danfani. Ce projet offre aux jeunes des opportunit\u00e9s de carri\u00e8re tout en pr\u00e9servant et en promouvant les traditions locales.<br\/><br\/><strong>\u2022 <a href=\"https:\/\/www.kibareonlus.org\/\" target=\"_blank\" rel=\"noreferrer noopener\">kibareonlus.org<\/a>\u00a0<\/strong><\/p><\/div><\/div><\/section>\n\n\n\n<section id=\"reiterhof\" class=\"wp-block-lindy-anchor-section section section--anchor\"><\/section>\n\n\n\n<section class=\"wp-block-lindy-image-text-module section section--full-width-image full-width-image--with-text theme--light section--animation-none align--left  font--size-small width--half\" style=\"background-image:url()\"><img decoding=\"async\" class=\"full-width-image__image\" src=\"\"\/><div class=\"contained\"><div class=\"full-width-image__content\"><h2 class=\"section__heading\"><span>Jugendreiterhof<\/span><\/h2><h2 class=\"section__subheading section__subheading__title\">Mannheim<\/h2><p class=\"section__paragraph\"><br\/>Jugendreiterhof Mannheim e.V. est une organisation \u00e0 but non lucratif dont l&rsquo;objectif est d&rsquo;offrir aux enfants et aux jeunes de Mannheim un lien naturel avec les chevaux. L&rsquo;accent est mis sur l&rsquo;aspect \u00e9ducatif et sur le traitement respectueux et adapt\u00e9 \u00e0 l&rsquo;esp\u00e8ce des chevaux en tant que partenaires.<br\/>Le soutien de la Fondation Lindy profite aux chevaux \u00e2g\u00e9s de l&rsquo;association. Contrairement \u00e0 de nombreux clubs d&rsquo;\u00e9quitation, o\u00f9 les chevaux \u00e2g\u00e9s ou malades sont souvent d\u00e9plac\u00e9s, le Jugendreiterhof leur permet de rester dans leur environnement familier et dans leur troupeau, o\u00f9 ils re\u00e7oivent des soins attentifs.<br\/><br\/><strong>\u2022 <a href=\"https:\/\/www.jugendreiterhof-ma.de\/\" target=\"_blank\" rel=\"noreferrer noopener\">jugendreiterhof-ma.de<\/a><\/strong><\/p><a href=\".\/csr\/#stiftung\" class=\"button button--dark\" target=\"_self\" rel=\"noopener noreferrer\">retour \u00e0 la page d&rsquo;accueil<\/a><\/div><\/div><\/section>\n\n\n\n<section class=\"wp-block-lindy-image-text-module section section--full-width-image full-width-image--with-text theme--light section--animation-none align--left  font--size-medium width--half\" style=\"background-image:url(https:\/\/lindy.com\/de\/wp-content\/uploads\/sites\/3\/2025\/01\/Reiterhof1FW.png)\"><img decoding=\"async\" class=\"full-width-image__image\" src=\"https:\/\/lindy.com\/de\/wp-content\/uploads\/sites\/3\/2025\/01\/Reiterhof1FW.png\"\/><div class=\"contained\"><div class=\"full-width-image__content\"><\/div><\/div><\/section>\n\n\n\n<section id=\"weitere\" class=\"wp-block-lindy-anchor-section section section--anchor\"><\/section>\n\n\n\n<div style=\"height:43px\" aria-hidden=\"true\" class=\"wp-block-spacer\"><\/div>\n\n\n\n<section id=\"aktion\" class=\"wp-block-lindy-anchor-section section section--anchor\"><\/section>\n\n\n\n<div class=\"wp-block-buttons is-layout-flex wp-block-buttons-is-layout-flex\"><\/div>\n","protected":false},"excerpt":{"rendered":"","protected":false},"author":21,"featured_media":0,"parent":0,"menu_order":0,"comment_status":"closed","ping_status":"closed","template":"page-templates\/template-landing.php","meta":{"_acf_changed":false,"footnotes":""},"class_list":["post-4108","page","type-page","status-publish","hentry"],"acf":[],"yoast_head":"<!-- This site is optimized with the Yoast SEO plugin v26.6 - https:\/\/yoast.com\/wordpress\/plugins\/seo\/ -->\n<title>CSR-Foundation - Lindy - French<\/title>\n<meta name=\"robots\" content=\"index, follow, max-snippet:-1, max-image-preview:large, max-video-preview:-1\" \/>\n<link rel=\"canonical\" href=\"https:\/\/lindy.com\/fr\/csr-foundation\/\" \/>\n<meta property=\"og:locale\" content=\"fr_FR\" \/>\n<meta property=\"og:type\" content=\"article\" \/>\n<meta property=\"og:title\" content=\"CSR-Foundation - Lindy - French\" \/>\n<meta property=\"og:url\" content=\"https:\/\/lindy.com\/fr\/csr-foundation\/\" \/>\n<meta property=\"og:site_name\" content=\"Lindy - French\" \/>\n<meta property=\"article:modified_time\" content=\"2025-06-05T09:12:20+00:00\" \/>\n<meta property=\"og:image\" content=\"https:\/\/lindy.com\/de\/wp-content\/uploads\/sites\/3\/2025\/01\/Stiftung-collage-2-HW.png\" \/>\n<meta name=\"twitter:card\" content=\"summary_large_image\" \/>\n<meta name=\"twitter:label1\" content=\"Dur\u00e9e de lecture estim\u00e9e\" \/>\n\t<meta name=\"twitter:data1\" content=\"5 minutes\" \/>\n<script type=\"application\/ld+json\" class=\"yoast-schema-graph\">{\"@context\":\"https:\/\/schema.org\",\"@graph\":[{\"@type\":\"WebPage\",\"@id\":\"https:\/\/lindy.com\/fr\/csr-foundation\/\",\"url\":\"https:\/\/lindy.com\/fr\/csr-foundation\/\",\"name\":\"CSR-Foundation - Lindy - French\",\"isPartOf\":{\"@id\":\"https:\/\/lindy.com\/fr\/#website\"},\"primaryImageOfPage\":{\"@id\":\"https:\/\/lindy.com\/fr\/csr-foundation\/#primaryimage\"},\"image\":{\"@id\":\"https:\/\/lindy.com\/fr\/csr-foundation\/#primaryimage\"},\"thumbnailUrl\":\"https:\/\/lindy.com\/de\/wp-content\/uploads\/sites\/3\/2025\/01\/Stiftung-collage-2-HW.png\",\"datePublished\":\"2025-04-01T11:59:13+00:00\",\"dateModified\":\"2025-06-05T09:12:20+00:00\",\"breadcrumb\":{\"@id\":\"https:\/\/lindy.com\/fr\/csr-foundation\/#breadcrumb\"},\"inLanguage\":\"fr-FR\",\"potentialAction\":[{\"@type\":\"ReadAction\",\"target\":[\"https:\/\/lindy.com\/fr\/csr-foundation\/\"]}]},{\"@type\":\"ImageObject\",\"inLanguage\":\"fr-FR\",\"@id\":\"https:\/\/lindy.com\/fr\/csr-foundation\/#primaryimage\",\"url\":\"https:\/\/lindy.com\/de\/wp-content\/uploads\/sites\/3\/2025\/01\/Stiftung-collage-2-HW.png\",\"contentUrl\":\"https:\/\/lindy.com\/de\/wp-content\/uploads\/sites\/3\/2025\/01\/Stiftung-collage-2-HW.png\"},{\"@type\":\"BreadcrumbList\",\"@id\":\"https:\/\/lindy.com\/fr\/csr-foundation\/#breadcrumb\",\"itemListElement\":[{\"@type\":\"ListItem\",\"position\":1,\"name\":\"Home\",\"item\":\"https:\/\/lindy.com\/fr\/\"},{\"@type\":\"ListItem\",\"position\":2,\"name\":\"CSR-Foundation\"}]},{\"@type\":\"WebSite\",\"@id\":\"https:\/\/lindy.com\/fr\/#website\",\"url\":\"https:\/\/lindy.com\/fr\/\",\"name\":\"Lindy - French\",\"description\":\"Connection Perfection\",\"potentialAction\":[{\"@type\":\"SearchAction\",\"target\":{\"@type\":\"EntryPoint\",\"urlTemplate\":\"https:\/\/lindy.com\/fr\/?s={search_term_string}\"},\"query-input\":{\"@type\":\"PropertyValueSpecification\",\"valueRequired\":true,\"valueName\":\"search_term_string\"}}],\"inLanguage\":\"fr-FR\"}]}<\/script>\n<!-- \/ Yoast SEO plugin. -->","yoast_head_json":{"title":"CSR-Foundation - Lindy - French","robots":{"index":"index","follow":"follow","max-snippet":"max-snippet:-1","max-image-preview":"max-image-preview:large","max-video-preview":"max-video-preview:-1"},"canonical":"https:\/\/lindy.com\/fr\/csr-foundation\/","og_locale":"fr_FR","og_type":"article","og_title":"CSR-Foundation - Lindy - French","og_url":"https:\/\/lindy.com\/fr\/csr-foundation\/","og_site_name":"Lindy - French","article_modified_time":"2025-06-05T09:12:20+00:00","og_image":[{"url":"https:\/\/lindy.com\/de\/wp-content\/uploads\/sites\/3\/2025\/01\/Stiftung-collage-2-HW.png","type":"","width":"","height":""}],"twitter_card":"summary_large_image","twitter_misc":{"Dur\u00e9e de lecture estim\u00e9e":"5 minutes"},"schema":{"@context":"https:\/\/schema.org","@graph":[{"@type":"WebPage","@id":"https:\/\/lindy.com\/fr\/csr-foundation\/","url":"https:\/\/lindy.com\/fr\/csr-foundation\/","name":"CSR-Foundation - Lindy - French","isPartOf":{"@id":"https:\/\/lindy.com\/fr\/#website"},"primaryImageOfPage":{"@id":"https:\/\/lindy.com\/fr\/csr-foundation\/#primaryimage"},"image":{"@id":"https:\/\/lindy.com\/fr\/csr-foundation\/#primaryimage"},"thumbnailUrl":"https:\/\/lindy.com\/de\/wp-content\/uploads\/sites\/3\/2025\/01\/Stiftung-collage-2-HW.png","datePublished":"2025-04-01T11:59:13+00:00","dateModified":"2025-06-05T09:12:20+00:00","breadcrumb":{"@id":"https:\/\/lindy.com\/fr\/csr-foundation\/#breadcrumb"},"inLanguage":"fr-FR","potentialAction":[{"@type":"ReadAction","target":["https:\/\/lindy.com\/fr\/csr-foundation\/"]}]},{"@type":"ImageObject","inLanguage":"fr-FR","@id":"https:\/\/lindy.com\/fr\/csr-foundation\/#primaryimage","url":"https:\/\/lindy.com\/de\/wp-content\/uploads\/sites\/3\/2025\/01\/Stiftung-collage-2-HW.png","contentUrl":"https:\/\/lindy.com\/de\/wp-content\/uploads\/sites\/3\/2025\/01\/Stiftung-collage-2-HW.png"},{"@type":"BreadcrumbList","@id":"https:\/\/lindy.com\/fr\/csr-foundation\/#breadcrumb","itemListElement":[{"@type":"ListItem","position":1,"name":"Home","item":"https:\/\/lindy.com\/fr\/"},{"@type":"ListItem","position":2,"name":"CSR-Foundation"}]},{"@type":"WebSite","@id":"https:\/\/lindy.com\/fr\/#website","url":"https:\/\/lindy.com\/fr\/","name":"Lindy - French","description":"Connection Perfection","potentialAction":[{"@type":"SearchAction","target":{"@type":"EntryPoint","urlTemplate":"https:\/\/lindy.com\/fr\/?s={search_term_string}"},"query-input":{"@type":"PropertyValueSpecification","valueRequired":true,"valueName":"search_term_string"}}],"inLanguage":"fr-FR"}]}},"_links":{"self":[{"href":"https:\/\/lindy.com\/fr\/wp-json\/wp\/v2\/pages\/4108","targetHints":{"allow":["GET"]}}],"collection":[{"href":"https:\/\/lindy.com\/fr\/wp-json\/wp\/v2\/pages"}],"about":[{"href":"https:\/\/lindy.com\/fr\/wp-json\/wp\/v2\/types\/page"}],"author":[{"embeddable":true,"href":"https:\/\/lindy.com\/fr\/wp-json\/wp\/v2\/users\/21"}],"replies":[{"embeddable":true,"href":"https:\/\/lindy.com\/fr\/wp-json\/wp\/v2\/comments?post=4108"}],"version-history":[{"count":6,"href":"https:\/\/lindy.com\/fr\/wp-json\/wp\/v2\/pages\/4108\/revisions"}],"predecessor-version":[{"id":5549,"href":"https:\/\/lindy.com\/fr\/wp-json\/wp\/v2\/pages\/4108\/revisions\/5549"}],"wp:attachment":[{"href":"https:\/\/lindy.com\/fr\/wp-json\/wp\/v2\/media?parent=4108"}],"curies":[{"name":"wp","href":"https:\/\/api.w.org\/{rel}","templated":true}]}}