{"id":4114,"date":"2025-04-01T12:01:40","date_gmt":"2025-04-01T12:01:40","guid":{"rendered":"https:\/\/lindy.com\/fr\/?page_id=4114"},"modified":"2025-10-29T14:52:31","modified_gmt":"2025-10-29T14:52:31","slug":"csr-ecovadis","status":"publish","type":"page","link":"https:\/\/lindy.com\/fr\/csr-ecovadis\/","title":{"rendered":"CSR EcoVadis"},"content":{"rendered":"\n<section class=\"wp-block-lindy-image-text-module section section--full-width-image full-width-image--with-text theme--light section--animation-none align--left  font--size-medium width--half\" style=\"background-image:url()\"><img decoding=\"async\" class=\"full-width-image__image\" src=\"\"\/><div class=\"contained\"><div class=\"full-width-image__content\"><h2 class=\"section__heading\"><span>EcoVadis<\/span><\/h2><h2 class=\"section__subheading section__subheading__title\">\u00c9valuation &amp; Reconnaissance<\/h2><p class=\"section__paragraph\"><br\/><br\/>En recevant la m\u00e9daille d&rsquo;argent EcoVadis, Lindy-Elektronik GmbH se classe parmi les 15 % d&rsquo;entreprises les plus performantes au monde \u00e9valu\u00e9es par EcoVadis, ce qui souligne notre engagement fort en faveur du d\u00e9veloppement durable et des pratiques commerciales responsables.<br\/><br\/><strong>Progr\u00e8s et am\u00e9lioration<\/strong> <strong>:<\/strong><br\/>En 2025, Lindy a encore progress\u00e9 en obtenant un score EcoVadis de 73 points, ce qui correspond au 90e percentile mondial. Nous faisons ainsi toujours partie des 15 % des entreprises les mieux not\u00e9es par EcoVadis dans le monde et recevons \u00e0 ce titre une m\u00e9daille d\u2019argent.<br\/><br\/>Depuis 2023, notre \u00e9volution montre une tendance claire et continue \u00e0 la hausse :<br\/><strong>\u2022 2023<\/strong> : 52 points \u2013 55e percentile \u2013 Bronze<br\/><strong>\u2022 2024<\/strong> : 67 points \u2013 87e percentile \u2013 Argent<br\/><strong>\u2022 2025<\/strong> : 73 points \u2013 90e percentile \u2013 Argent<br\/><br\/>Ce progr\u00e8s remarquable illustre de mani\u00e8re \u00e9loquente notre engagement en faveur du d\u00e9veloppement durable, de pratiques commerciales responsables et de l\u2019am\u00e9lioration continue de notre gestion de la durabilit\u00e9.<\/p><\/div><\/div><\/section>\n\n\n\n<section class=\"wp-block-lindy-image-text-module section section--full-width-image full-width-image--with-text theme--light section--animation-none align--left  font--size-medium width--half\" style=\"background-image:url(https:\/\/lindy.com\/fr\/wp-content\/uploads\/sites\/4\/2025\/10\/25-09-Ecovadis-Award2.png)\"><img decoding=\"async\" class=\"full-width-image__image\" src=\"https:\/\/lindy.com\/fr\/wp-content\/uploads\/sites\/4\/2025\/10\/25-09-Ecovadis-Award2.png\"\/><div class=\"contained\"><div class=\"full-width-image__content\"><\/div><\/div><\/section>\n\n\n\n<section class=\"wp-block-lindy-image-text-module section section--full-width-image full-width-image--with-text theme--dark section--animation-none align--right  font--size-medium width--half\" style=\"background-image:url()\"><img decoding=\"async\" class=\"full-width-image__image\" src=\"\"\/><div class=\"contained\"><div class=\"full-width-image__content\"><h2 class=\"section__heading\"><span>DOMAINES<\/span><\/h2><h2 class=\"section__subheading section__subheading__title\"> D&rsquo;ACTION<\/h2><p class=\"section__paragraph\"><br\/><br\/>Nos progr\u00e8s sont le fruit de solides performances dans quatre domaines ESG : l&rsquo;environnement, le travail et les droits de l&rsquo;homme, l&rsquo;\u00e9thique et l&rsquo;approvisionnement durable. Chaque domaine refl\u00e8te notre engagement en faveur d&rsquo;un avenir meilleur et plus durable.<br\/><br\/><br\/><br\/><br\/><br\/><\/p><a href=\".\/csr\/#ecovadis\" class=\"button button--white-transparent\" target=\"_self\" rel=\"noopener noreferrer\">retour au d\u00e9but<\/a><\/div><\/div><\/section>\n\n\n\n<section class=\"wp-block-lindy-image-text-module section section--full-width-image full-width-image--with-text theme--light section--animation-none align--left  font--size-medium width--half\" style=\"background-image:url()\"><img decoding=\"async\" class=\"full-width-image__image\" src=\"\"\/><div class=\"contained\"><div class=\"full-width-image__content\"><h2 class=\"section__heading\"><span>D\u00c9VELOPPEMENT<\/span><\/h2><h2 class=\"section__subheading section__subheading__title\"> DURABLE<\/h2><p class=\"section__paragraph\"><br\/><br\/>Ces m\u00e9dailles sont bien plus que de simples distinctions \u2013 elles refl\u00e8tent notre engagement en faveur de pratiques durables qui renforcent notre marque et nous distinguent sur un march\u00e9 hautement concurrentiel. Elles nous fournissent \u00e9galement des informations pr\u00e9cieuses pour poursuivre nos progr\u00e8s sur la voie du d\u00e9veloppement durable.<br\/><br\/>\u2022 <strong><a href=\"https:\/\/recognition.ecovadis.com\/kpqMbRhG80ex3TYHp0SOsw\" target=\"_blank\" rel=\"noreferrer noopener\">M\u00e9daille d&rsquo;argent EcoVadis 2025<\/a><\/strong>  <strong> <\/strong><br\/>\u2022 <strong><a href=\"https:\/\/lindy.com\/de\/wp-content\/uploads\/sites\/3\/2025\/10\/LINDY-ELEKTRONIK_GMBH_CSR_Performance_Overview_Details_2025_09_10-1.pdf\" target=\"_blank\" rel=\"noreferrer noopener\">Vue d&rsquo;ensemble d&rsquo;EcoVadis &#8211; \u00c9valuation de la durabilit\u00e9 2025<\/a><\/strong><br\/>\u2022 <a href=\"https:\/\/lindy.com\/de\/wp-content\/uploads\/sites\/3\/2024\/12\/LINDY-ELEKTRONIK_GMBH_CSR_Performance_Overview_2024_09_19.pdf\" target=\"_blank\" rel=\"noreferrer noopener\"><strong>Vue d&rsquo;ensemble d&rsquo;EcoVadis &#8211; \u00c9valuation de la durabilit\u00e9 2024<\/strong><\/a><br\/><strong>\u00a0<\/strong><\/p><\/div><\/div><\/section>\n","protected":false},"excerpt":{"rendered":"","protected":false},"author":21,"featured_media":0,"parent":0,"menu_order":0,"comment_status":"closed","ping_status":"closed","template":"page-templates\/template-landing.php","meta":{"_acf_changed":false,"footnotes":""},"class_list":["post-4114","page","type-page","status-publish","hentry"],"acf":[],"yoast_head":"<!-- This site is optimized with the Yoast SEO plugin v26.6 - https:\/\/yoast.com\/wordpress\/plugins\/seo\/ -->\n<title>CSR EcoVadis - Lindy - French<\/title>\n<meta name=\"robots\" content=\"index, follow, max-snippet:-1, max-image-preview:large, max-video-preview:-1\" \/>\n<link rel=\"canonical\" href=\"https:\/\/lindy.com\/fr\/csr-ecovadis\/\" \/>\n<meta property=\"og:locale\" content=\"fr_FR\" \/>\n<meta property=\"og:type\" content=\"article\" \/>\n<meta property=\"og:title\" content=\"CSR EcoVadis - Lindy - French\" \/>\n<meta property=\"og:url\" content=\"https:\/\/lindy.com\/fr\/csr-ecovadis\/\" \/>\n<meta property=\"og:site_name\" content=\"Lindy - French\" \/>\n<meta property=\"article:modified_time\" content=\"2025-10-29T14:52:31+00:00\" \/>\n<meta property=\"og:image\" content=\"https:\/\/lindy.com\/fr\/wp-content\/uploads\/sites\/4\/2025\/10\/25-09-Ecovadis-Award2.png\" \/>\n<meta name=\"twitter:card\" content=\"summary_large_image\" \/>\n<meta name=\"twitter:label1\" content=\"Dur\u00e9e de lecture estim\u00e9e\" \/>\n\t<meta name=\"twitter:data1\" content=\"3 minutes\" \/>\n<script type=\"application\/ld+json\" class=\"yoast-schema-graph\">{\"@context\":\"https:\/\/schema.org\",\"@graph\":[{\"@type\":\"WebPage\",\"@id\":\"https:\/\/lindy.com\/fr\/csr-ecovadis\/\",\"url\":\"https:\/\/lindy.com\/fr\/csr-ecovadis\/\",\"name\":\"CSR EcoVadis - Lindy - French\",\"isPartOf\":{\"@id\":\"https:\/\/lindy.com\/fr\/#website\"},\"primaryImageOfPage\":{\"@id\":\"https:\/\/lindy.com\/fr\/csr-ecovadis\/#primaryimage\"},\"image\":{\"@id\":\"https:\/\/lindy.com\/fr\/csr-ecovadis\/#primaryimage\"},\"thumbnailUrl\":\"https:\/\/lindy.com\/fr\/wp-content\/uploads\/sites\/4\/2025\/10\/25-09-Ecovadis-Award2.png\",\"datePublished\":\"2025-04-01T12:01:40+00:00\",\"dateModified\":\"2025-10-29T14:52:31+00:00\",\"breadcrumb\":{\"@id\":\"https:\/\/lindy.com\/fr\/csr-ecovadis\/#breadcrumb\"},\"inLanguage\":\"fr-FR\",\"potentialAction\":[{\"@type\":\"ReadAction\",\"target\":[\"https:\/\/lindy.com\/fr\/csr-ecovadis\/\"]}]},{\"@type\":\"ImageObject\",\"inLanguage\":\"fr-FR\",\"@id\":\"https:\/\/lindy.com\/fr\/csr-ecovadis\/#primaryimage\",\"url\":\"https:\/\/lindy.com\/fr\/wp-content\/uploads\/sites\/4\/2025\/10\/25-09-Ecovadis-Award2.png\",\"contentUrl\":\"https:\/\/lindy.com\/fr\/wp-content\/uploads\/sites\/4\/2025\/10\/25-09-Ecovadis-Award2.png\",\"width\":1080,\"height\":1080},{\"@type\":\"BreadcrumbList\",\"@id\":\"https:\/\/lindy.com\/fr\/csr-ecovadis\/#breadcrumb\",\"itemListElement\":[{\"@type\":\"ListItem\",\"position\":1,\"name\":\"Home\",\"item\":\"https:\/\/lindy.com\/fr\/\"},{\"@type\":\"ListItem\",\"position\":2,\"name\":\"CSR EcoVadis\"}]},{\"@type\":\"WebSite\",\"@id\":\"https:\/\/lindy.com\/fr\/#website\",\"url\":\"https:\/\/lindy.com\/fr\/\",\"name\":\"Lindy - French\",\"description\":\"Connection Perfection\",\"potentialAction\":[{\"@type\":\"SearchAction\",\"target\":{\"@type\":\"EntryPoint\",\"urlTemplate\":\"https:\/\/lindy.com\/fr\/?s={search_term_string}\"},\"query-input\":{\"@type\":\"PropertyValueSpecification\",\"valueRequired\":true,\"valueName\":\"search_term_string\"}}],\"inLanguage\":\"fr-FR\"}]}<\/script>\n<!-- \/ Yoast SEO plugin. -->","yoast_head_json":{"title":"CSR EcoVadis - Lindy - French","robots":{"index":"index","follow":"follow","max-snippet":"max-snippet:-1","max-image-preview":"max-image-preview:large","max-video-preview":"max-video-preview:-1"},"canonical":"https:\/\/lindy.com\/fr\/csr-ecovadis\/","og_locale":"fr_FR","og_type":"article","og_title":"CSR EcoVadis - Lindy - French","og_url":"https:\/\/lindy.com\/fr\/csr-ecovadis\/","og_site_name":"Lindy - French","article_modified_time":"2025-10-29T14:52:31+00:00","og_image":[{"url":"https:\/\/lindy.com\/fr\/wp-content\/uploads\/sites\/4\/2025\/10\/25-09-Ecovadis-Award2.png","type":"","width":"","height":""}],"twitter_card":"summary_large_image","twitter_misc":{"Dur\u00e9e de lecture estim\u00e9e":"3 minutes"},"schema":{"@context":"https:\/\/schema.org","@graph":[{"@type":"WebPage","@id":"https:\/\/lindy.com\/fr\/csr-ecovadis\/","url":"https:\/\/lindy.com\/fr\/csr-ecovadis\/","name":"CSR EcoVadis - Lindy - French","isPartOf":{"@id":"https:\/\/lindy.com\/fr\/#website"},"primaryImageOfPage":{"@id":"https:\/\/lindy.com\/fr\/csr-ecovadis\/#primaryimage"},"image":{"@id":"https:\/\/lindy.com\/fr\/csr-ecovadis\/#primaryimage"},"thumbnailUrl":"https:\/\/lindy.com\/fr\/wp-content\/uploads\/sites\/4\/2025\/10\/25-09-Ecovadis-Award2.png","datePublished":"2025-04-01T12:01:40+00:00","dateModified":"2025-10-29T14:52:31+00:00","breadcrumb":{"@id":"https:\/\/lindy.com\/fr\/csr-ecovadis\/#breadcrumb"},"inLanguage":"fr-FR","potentialAction":[{"@type":"ReadAction","target":["https:\/\/lindy.com\/fr\/csr-ecovadis\/"]}]},{"@type":"ImageObject","inLanguage":"fr-FR","@id":"https:\/\/lindy.com\/fr\/csr-ecovadis\/#primaryimage","url":"https:\/\/lindy.com\/fr\/wp-content\/uploads\/sites\/4\/2025\/10\/25-09-Ecovadis-Award2.png","contentUrl":"https:\/\/lindy.com\/fr\/wp-content\/uploads\/sites\/4\/2025\/10\/25-09-Ecovadis-Award2.png","width":1080,"height":1080},{"@type":"BreadcrumbList","@id":"https:\/\/lindy.com\/fr\/csr-ecovadis\/#breadcrumb","itemListElement":[{"@type":"ListItem","position":1,"name":"Home","item":"https:\/\/lindy.com\/fr\/"},{"@type":"ListItem","position":2,"name":"CSR EcoVadis"}]},{"@type":"WebSite","@id":"https:\/\/lindy.com\/fr\/#website","url":"https:\/\/lindy.com\/fr\/","name":"Lindy - French","description":"Connection Perfection","potentialAction":[{"@type":"SearchAction","target":{"@type":"EntryPoint","urlTemplate":"https:\/\/lindy.com\/fr\/?s={search_term_string}"},"query-input":{"@type":"PropertyValueSpecification","valueRequired":true,"valueName":"search_term_string"}}],"inLanguage":"fr-FR"}]}},"_links":{"self":[{"href":"https:\/\/lindy.com\/fr\/wp-json\/wp\/v2\/pages\/4114","targetHints":{"allow":["GET"]}}],"collection":[{"href":"https:\/\/lindy.com\/fr\/wp-json\/wp\/v2\/pages"}],"about":[{"href":"https:\/\/lindy.com\/fr\/wp-json\/wp\/v2\/types\/page"}],"author":[{"embeddable":true,"href":"https:\/\/lindy.com\/fr\/wp-json\/wp\/v2\/users\/21"}],"replies":[{"embeddable":true,"href":"https:\/\/lindy.com\/fr\/wp-json\/wp\/v2\/comments?post=4114"}],"version-history":[{"count":13,"href":"https:\/\/lindy.com\/fr\/wp-json\/wp\/v2\/pages\/4114\/revisions"}],"predecessor-version":[{"id":6586,"href":"https:\/\/lindy.com\/fr\/wp-json\/wp\/v2\/pages\/4114\/revisions\/6586"}],"wp:attachment":[{"href":"https:\/\/lindy.com\/fr\/wp-json\/wp\/v2\/media?parent=4114"}],"curies":[{"name":"wp","href":"https:\/\/api.w.org\/{rel}","templated":true}]}}